{"id":16430,"date":"2022-11-29T11:43:30","date_gmt":"2022-11-29T11:43:30","guid":{"rendered":"https:\/\/allin1bitcoins.com\/bitcoineer\/"},"modified":"2023-02-06T12:04:31","modified_gmt":"2023-02-06T12:04:31","slug":"bitcoineer","status":"publish","type":"page","link":"https:\/\/allin1bitcoins.com\/de\/bitcoineer\/","title":{"rendered":"Bitcoineer Erfahrungen"},"content":{"rendered":"<h2>\u00dcberblick<\/h2>\n<p>Kryptow\u00e4hrungen haben sich in den letzten Jahren zu einem der beliebtesten digitalen Anlagebereiche entwickelt. Das liegt an den Erfolgsgeschichten und der medialen Aufmerksamkeit, die dieser Bereich auf sich zieht.<\/p>\n<p>Allerdings kann der Markt auch zu gro\u00dfen Verlusten durch Handelsstrategien f\u00fchren. Es handelt sich um einen volatilen Bereich und jeder, der in diesen Bereich einsteigen m\u00f6chte, sollte sicherstellen, dass er \u00fcber das n\u00f6tige Wissen und die notwendigen Werkzeuge verf\u00fcgt. Aus diesem Grund wurden Plattformen wie Bitcoineer geschaffen.<\/p>\n<p>Diese Tradingplattformen f\u00fcr Kryptow\u00e4hrungen stellen Anlegern relevante Daten und Analysewerkzeuge zur Verf\u00fcgung, die ihnen helfen, Erkenntnisse aus den Marktaktivit\u00e4ten zu ziehen. Sie erm\u00f6glichen es Ihnen, Trends zu erkennen und diese zu nutzen, um erfolgreich zu handeln.<\/p>\n<p>Diese Bitcoineer-\u00dcbersicht enth\u00e4lt alle relevanten Details, damit Sie verstehen, warum es f\u00fcr den Krypto-Handel notwendig ist. Er wird Ihnen helfen zu verstehen, was Bitcoineer von anderen Tradingplattformen unterscheidet.<\/p>\n<h2>Was ist Bitcoineer?<\/h2>\n<p>Bitcoineer bietet einem weltweiten Kundenstamm Anlagedienste, innovative Funktionen und den Handel mit vielen digitalen Verm\u00f6genswerten, einschlie\u00dflich Margin und Futures. Es erm\u00f6glicht Ihnen den Handel mit \u00fcber 100 Krypto-Coins, darunter Bitcoin, Dogecoin, Ethereum, Cardano, Solana, Ripple, usw.<\/p>\n<p>Mit nur wenigen Klicks k\u00f6nnen Amateure mit dem unkomplizierten Kauf-\/Verkaufstool von Bitcoineer Kryptow\u00e4hrungen mit einer Vielzahl von Zahlungsm\u00f6glichkeiten handeln. Dar\u00fcber hinaus bietet es ausgefeilte Funktionen wie Spot-Handel, Futures-Handel, Marginalhandel, Derivate-Handel, OTC-Handel, etc. Diese erm\u00f6glichen es Anlegern, bei Investitionen in Kryptow\u00e4hrungen eine Hebelwirkung zu nutzen.<\/p>\n<p>Die privaten Schl\u00fcssel der Bitcoineer-B\u00f6rse verwenden eine Kombination aus Hot und Cold Wallets, um Ihr Verm\u00f6gen auf der Blockchain sicher zu verwahren.<\/p>\n<h2>Bitcoineer Merkmale<\/h2>\n<p>Bitcoineer hat mehrere Geb\u00fchren, die f\u00fcr eine Vielzahl von H\u00e4ndlern geeignet sind. Seine Hauptmerkmale sind eher f\u00fcr neue Trader geeignet, die mit dem Bitcoin-Markt nicht vertraut sind. Einige dieser Merkmale werden in den folgenden Abschnitten n\u00e4her erl\u00e4utert:<\/p>\n<h3>Gro\u00dfe Auswahl an Kryptow\u00e4hrungen<\/h3>\n<p>Im Vergleich zu anderen Tradingplattformen bietet Bitcoineer eine Vielzahl von digitalen Verm\u00f6genswerten, die Kunden kaufen und verkaufen k\u00f6nnen. Die Plattform verf\u00fcgt \u00fcber mehr als 100 Coins, und die Entwicklung ist im Gange, um weitere hinzuzuf\u00fcgen.<\/p>\n<h3>Detaillierte Berichterstattung \u00fcber Transaktionen<\/h3>\n<p>Nutzer erhalten nach Abschluss von Transaktionen Informationen, die ihnen helfen, ein Protokoll ihrer Aktivit\u00e4ten zu f\u00fchren.<\/p>\n<p>Historische Daten k\u00f6nnen Ihnen dabei helfen, die idealen Methoden f\u00fcr kommende Gesch\u00e4fte zu identifizieren. Dies tr\u00e4gt dazu bei, Ihre Erfolgsquote am Markt zu verbessern.<\/p>\n<h3>Schnelle Einzahlungen und Abhebungen<\/h3>\n<p>\u00dcberweisungen werden in weniger als 24 Stunden abgeschlossen, auch wenn es zu Verz\u00f6gerungen kommt.<\/p>\n<p>Diese Funktion stellt sicher, dass die Geldmittel nicht so weit zur\u00fcckbleiben, dass sie den Handelsbetrieb eines Nutzers st\u00f6ren.<\/p>\n<p>Au\u00dferdem ist sie unerl\u00e4sslich, da Nutzer der Plattform nicht handeln k\u00f6nnen, ohne eine Mindesteinlage auf ihr Wallet-Konto zu t\u00e4tigen.<\/p>\n<h3>Margin- und Futures-Handel<\/h3>\n<p>Bitcoineer bietet seinen Kunden neben den direkten B\u00f6rsenfunktionen auch Alternativen f\u00fcr den Margin- und Krypto-Futures-Handel.<\/p>\n<p>Zus\u00e4tzlich zu Dienstleistungen wie dem Leihen und Verleihen von G\u00fctern bietet Bitcoineer einen Futures-Markt mit gehebeltem Handel bis zum 100-fachen. Kunden von Bitcoineer k\u00f6nnen dank der Derivate- und Futures-M\u00e4rkte problemlos mit Futures handeln und sich an Marktspekulationen beteiligen.<\/p>\n<p>Denken Sie daran, dass der Handel mit Kryptow\u00e4hrungen ein hohes Risiko birgt und dass den meisten Krypto-Investoren von Futures oder Margen abgeraten wird.<\/p>\n<h3>Gro\u00dfartige Analysen<\/h3>\n<p>Dank der verf\u00fcgbaren Charts und Tabellen auf Bitcoineer k\u00f6nnen Sie die aktuelle Marktaktivit\u00e4t f\u00fcr BTC sehr detailliert analysieren.&nbsp;<\/p>\n<p>Dar\u00fcber hinaus k\u00f6nnen Sie die Trend\u00e4nderungen der W\u00e4hrung in Echtzeit verfolgen und erhalten so die Informationen, die Sie ben\u00f6tigen, um intelligentere Investitionspl\u00e4ne zu entwickeln.<\/p>\n<p>Es ist wichtig, jeden Schritt des Investitionsprozesses zu planen, damit Sie sich nicht von Ihren Emotionen leiten lassen und Ihre Strategien sabotieren.<\/p>\n<h3>Lehrreicher Inhalt<\/h3>\n<p>Bitcoineer ist eine der besten Tradingplattformen f\u00fcr unerfahrene H\u00e4ndler. Mehrere Tutorials, Artikel und Videos vermitteln den Nutzern Wissen \u00fcber den Markt.&nbsp;<\/p>\n<p>Die p\u00e4dagogischen Inhalte im Schulungsbereich bringen Ihnen alles bei, was Sie \u00fcber Geld und Kryptow\u00e4hrungen wissen m\u00fcssen.<\/p>\n<p>Damit k\u00f6nnen Sie erfolgreichere Handelsmethoden entwickeln, die Ihre Erfolgschancen erh\u00f6hen.<\/p>\n<h3>Demo-Handel<\/h3>\n<p>Es kann kostspielig sein, beim Handel mit digitalen W\u00e4hrungen Fehler zu machen.&nbsp;<\/p>\n<p>Selbst mit einer einfachen Nutzeroberfl\u00e4che ist die Umgebung f\u00fcr jeden, der keine Erfahrung hat, einsch\u00fcchternd. Deshalb ist es f\u00fcr Bitcoineer unerl\u00e4sslich, den Demo-Handel zu unterst\u00fctzen.<\/p>\n<p>Anf\u00e4nger k\u00f6nnen die Funktion nutzen, um sich mit den Handelspraktiken vertraut zu machen.<\/p>\n<p>Experten k\u00f6nnen au\u00dferdem neue Methoden an Echtzeitdaten testen, bevor sie sie anwenden. Dies reduziert die Handelsrisiken und verhindert den unn\u00f6tigen Verlust von Geldern.<\/p>\n<h3>Sicherheit<\/h3>\n<p>Bei Finanztransaktionen ist die Sicherheit von gr\u00f6\u00dfter Bedeutung. Von allen Seiten werden st\u00e4ndig Versuche unternommen, Geld zu stehlen.<\/p>\n<p>Zahlreiche Sicherheitsma\u00dfnahmen, die Bitcoineer einsetzt, helfen, Ihre Wallet zu sch\u00fctzen.<\/p>\n<p>Die Forderung nach einem bestimmten Passwortformat macht es f\u00fcr Hacker fast unm\u00f6glich, sich mit roher Gewalt unbefugt Zugang zu Konten zu verschaffen.<\/p>\n<p>Au\u00dferdem verwendet die Plattform die Zwei-Faktor-Authentifizierung als zus\u00e4tzlichen Layer f\u00fcr die Sicherheit der Konten.<\/p>\n<p>Nach Angaben von Bitcoineer werden die Gelder der Verbraucher an Speicherorten weltweit aufbewahrt. Durch diese Taktik wird das Potenzial f\u00fcr einen pers\u00f6nlichen Angriff reduziert.<\/p>\n<p>Offline-Systeme sind f\u00fcr Hacker unzug\u00e4nglich. Daher nutzt Bitcoineer seine Speichereinheiten je nach Bedarf und h\u00e4lt sie offline.<\/p>\n<p>Die Plattform bietet eine Versicherungspolice, die Ihr Verm\u00f6gen vor Cyberangriffen sch\u00fctzt, selbst wenn ein Hacker diese Barrieren umgeht. Dies gilt nur, wenn Bitcoineer auf Systemebene kompromittiert wird, nicht durch menschliches Versagen.<\/p>\n<h3>Benutzerfreundliche Plattform<\/h3>\n<p>Die Entwickler von Bitcoineer haben darauf geachtet, eine einfache und verst\u00e4ndliche Schnittstelle zu schaffen, um die Nutzung so einfach wie m\u00f6glich zu gestalten.&nbsp;<\/p>\n<p>Nutzer m\u00fcssen sich keine Gedanken \u00fcber die komplizierten Charts und Grafiken machen, die Sie normalerweise auf solchen Websites sehen. Die Marktdaten und Trends sind vereinfacht, damit auch Anf\u00e4nger die Marktinformationen verstehen und die Erkenntnisse anwenden k\u00f6nnen.<\/p>\n<p>Bitcoineer eignet sich hervorragend f\u00fcr neue H\u00e4ndler, denen es schwer fallen k\u00f6nnte, komplexe Handelsfunktionen zu verstehen.&nbsp;<\/p>\n<p>Au\u00dferdem verf\u00fcgt die Plattform \u00fcber eine Demoversion, mit der sowohl Anf\u00e4nger als auch Experten Strategien testen k\u00f6nnen, bevor sie sie auf dem echten Markt ausprobieren. Dies minimiert die Handelsrisiken f\u00fcr Anleger.<\/p>\n<h3>BTC-fokussierte Funktionen<\/h3>\n<p>Bevor Sie sich f\u00fcr Bitcoineer entscheiden, sollten Sie sich dar\u00fcber im Klaren sein, dass es sich um eine Bitcoin Tradingplattform handelt und dass die meisten Trades, die Sie auf der Plattform entdecken werden, f\u00fcr diesen Coin bestimmt sind.&nbsp;<\/p>\n<p>Andere bekannte Kryptow\u00e4hrungen sind auf der Plattform verf\u00fcgbar, obwohl die Auswahl derzeit nicht so gro\u00df ist.<\/p>\n<p>Es ist eine ausgezeichnete Plattform f\u00fcr Leute, die ihr Bitcoin-Kapital erweitern m\u00f6chten. Die auf BTC fokussierten Funktionen erm\u00f6glichen es Nutzern, diese W\u00e4hrung zu den besten Preisen zu kaufen.&nbsp;<\/p>\n<p>Dar\u00fcber hinaus verf\u00fcgt Bitcoineer \u00fcber ein ausgezeichnetes Lernzentrum, in dem Sie alles Wissenswerte dar\u00fcber erfahren k\u00f6nnen, wie sich der Wert der W\u00e4hrung im Laufe der Zeit ver\u00e4ndert.<\/p>\n<h2>Einrichten eines Bitcoineer-Kontos<\/h2>\n<p>Sie m\u00fcssen sich f\u00fcr ein Bitcoineer-Konto mit Ihrer E-Mail-Adresse oder Telefonnummer und einem sicheren Passwort registrieren. Nachdem Sie sich erfolgreich f\u00fcr ein Bitcoineer-Konto registriert haben, m\u00fcssen Sie Ihre Identit\u00e4t best\u00e4tigen, bevor Sie mit dem Handel von Kryptow\u00e4hrungen beginnen k\u00f6nnen.<\/p>\n<p>Je nach Art des Kontos gelten unterschiedliche Verifizierungsverfahren:<\/p>\n<p>Nutzer k\u00f6nnen eine Zwei-Faktor-Authentifizierung einrichten, indem sie einfach pers\u00f6nliche Daten wie eine funktionierende Telefonnummer und E-Mail-Adresse angeben.&nbsp;<\/p>\n<p>Sobald Sie diese Angaben korrekt eingegeben haben, k\u00f6nnen Sie die Tradingplattform von Bitcoineer nutzen, um Kryptow\u00e4hrungen zu kaufen und zu verkaufen.<\/p>\n<h2>H\u00e4ufig gestellte Fragen &#8211; FAQs<\/h2>\n<h3>K\u00f6nnen neue Trader diese Plattform nutzen?<\/h3>\n<p>Ja! Diese Plattform wurde mit Blick auf neue Trader entwickelt, weshalb sie so viele Funktionen bietet, die es ihnen leicht machen, sich an den Krypto-B\u00f6rsen zurechtzufinden. Das k\u00f6nnte ein Nachteil sein, denn erfahrene H\u00e4ndler k\u00f6nnten zu dem Schluss kommen, dass Bitcoineer nicht die fortschrittlichen Funktionen bietet, die sie ben\u00f6tigen, und eine andere Plattform w\u00e4hlen.<\/p>\n<h3>Kann ich Bitcoineer auf meinem Smartphone benutzen?<\/h3>\n<p>Sie k\u00f6nnen Bitcoineer auch auf Ihren mobilen Ger\u00e4ten nutzen, obwohl es keine mobile App gibt. Es handelt sich um eine webbasierte Plattform, die mit allen Ger\u00e4ten, einschlie\u00dflich Smartphones, kompatibel ist.<\/p>\n<p>Das ist hervorragend, denn so k\u00f6nnen Sie Ihre Finanzen beobachten, wo immer Sie sind. Deshalb bevorzugen viele Menschen, die ein hektisches Leben f\u00fchren, wie z.B. Angestellte, die von neun bis f\u00fcnf arbeiten, den Handel mit Bitcoin auf Bitcoineer.<\/p>\n<h3>Ist Bitcoineer seri\u00f6s?<\/h3>\n<p>Nach gr\u00fcndlicher Pr\u00fcfung aller Aspekte erwies sich Bitcoineer als unkompliziert und sicher.&nbsp;<\/p>\n<p>Dar\u00fcber hinaus ist Bitcoineer eine registrierte B\u00f6rse f\u00fcr digitale Verm\u00f6genswerte, was eine Garantie f\u00fcr die Legalit\u00e4t darstellt. Die strengen Verifizierungsprozesse der Plattform garantieren auch die Legitimit\u00e4t jedes Nutzers und verhindern, dass Betr\u00fcger mehrere Konten anlegen.<\/p>\n<p>Die Abhebungsfunktionen der digitalen Wallet wurden getestet und funktionierten problemlos.&nbsp;<\/p>\n<p>Betr\u00fcgerische Plattformen erheben in der Regel unversch\u00e4mte Geb\u00fchren oder lassen Sie lange warten, um Ihr Geld abzuheben. Dies ist eine Technik, die sich durch die meisten der identifizierten betr\u00fcgerischen Plattformen zieht.<\/p>\n<p>Keines dieser Probleme trat auf, als Bitcoineer getestet wurde.<\/p>\n<h3>Muss ich irgendwelche Geb\u00fchren bezahlen?<\/h3>\n<p>Bei der Nutzung von Bitcoineer fallen keine zus\u00e4tzlichen Geb\u00fchren f\u00fcr den Umtausch oder Abhebungen an. Das ist ideal f\u00fcr Anleger, die diese Ausgaben aus ihrem Investitionsbudget ausschlie\u00dfen m\u00f6chten.&nbsp;<\/p>\n<p>Denken Sie jedoch daran, dass Sie trotzdem die BTC-bezogenen Blockchain-Kosten f\u00fcr Transaktionen bezahlen m\u00fcssen.<\/p>\n<h2>Fazit<\/h2>\n<p>Schade, wenn Sie auf Computerprogramme gehofft haben, die automatisch Entscheidungen f\u00fcr Sie treffen. Die meisten von ihnen werben auch mit garantierten Gewinnen f\u00fcr die Anleger. Diese Aussagen sind falsch, wie jeder Experte wei\u00df.<\/p>\n<p>Um auf dem Bitcoin-Markt zu profitieren, m\u00fcssen Sie zu bestimmten Zeitpunkten die richtigen Entscheidungen treffen. Diese Intuition kombiniert Fachwissen und Einblicke, um den Erfolg der Anleger zu verbessern.<\/p>\n<p>Eine Plattform wie Bitcoineer unterst\u00fctzt die Nutzer bei der Entscheidungsfindung im Trading.<\/p>\n","protected":false},"excerpt":{"rendered":"<p>\u00dcberblick Kryptow\u00e4hrungen haben sich in den letzten Jahren zu einem der beliebtesten digitalen Anlagebereiche entwickelt. Das liegt an den Erfolgsgeschichten und der medialen Aufmerksamkeit, die dieser Bereich auf sich zieht. Allerdings kann der Markt auch zu gro\u00dfen Verlusten durch Handelsstrategien f\u00fchren. Es handelt sich um einen volatilen Bereich und jeder, der in diesen Bereich einsteigen&#8230;<\/p>\n","protected":false},"author":1,"featured_media":16434,"parent":0,"menu_order":0,"comment_status":"closed","ping_status":"closed","template":"page-review-single.php","meta":{"cybocfi_hide_featured_image":"","footnotes":""},"acf":[],"yoast_head":"<!-- This site is optimized with the Yoast SEO plugin v21.7 - https:\/\/yoast.com\/wordpress\/plugins\/seo\/ -->\n<title>Bitcoineer Erfahrungen - Kann man dieser Tradingplattform trauen?<\/title>\n<meta name=\"description\" content=\"Diese Bitcoineer Erfahrung untersucht, wie Sie Ihre Entscheidungsfindung auf dem Kryptomarkt verbessern k\u00f6nnen. Au\u00dferdem werden die mit der Plattform verbundenen Vorteile aufgef\u00fchrt.\" \/>\n<meta name=\"robots\" content=\"index, follow, max-snippet:-1, max-image-preview:large, max-video-preview:-1\" \/>\n<link rel=\"canonical\" href=\"https:\/\/allin1bitcoins.com\/de\/bitcoineer\/\" \/>\n<meta property=\"og:locale\" content=\"de_DE\" \/>\n<meta property=\"og:type\" content=\"article\" \/>\n<meta property=\"og:title\" content=\"Bitcoineer Erfahrungen - Kann man dieser Tradingplattform trauen?\" \/>\n<meta property=\"og:description\" content=\"Diese Bitcoineer Erfahrung untersucht, wie Sie Ihre Entscheidungsfindung auf dem Kryptomarkt verbessern k\u00f6nnen. Au\u00dferdem werden die mit der Plattform verbundenen Vorteile aufgef\u00fchrt.\" \/>\n<meta property=\"og:url\" content=\"https:\/\/allin1bitcoins.com\/de\/bitcoineer\/\" \/>\n<meta property=\"og:site_name\" content=\"Allin1Bitcoins\" \/>\n<meta property=\"article:modified_time\" content=\"2023-02-06T12:04:31+00:00\" \/>\n<meta property=\"og:image\" content=\"https:\/\/allin1bitcoins.com\/wp-content\/uploads\/2023\/01\/Bitcoineer-logo.png\" \/>\n\t<meta property=\"og:image:width\" content=\"296\" \/>\n\t<meta property=\"og:image:height\" content=\"80\" \/>\n\t<meta property=\"og:image:type\" content=\"image\/png\" \/>\n<meta name=\"twitter:card\" content=\"summary_large_image\" \/>\n<meta name=\"twitter:label1\" content=\"Est. reading time\" \/>\n\t<meta name=\"twitter:data1\" content=\"7 minutes\" \/>\n<!-- \/ Yoast SEO plugin. -->","yoast_head_json":{"title":"Bitcoineer Erfahrungen - Kann man dieser Tradingplattform trauen?","description":"Diese Bitcoineer Erfahrung untersucht, wie Sie Ihre Entscheidungsfindung auf dem Kryptomarkt verbessern k\u00f6nnen. Au\u00dferdem werden die mit der Plattform verbundenen Vorteile aufgef\u00fchrt.","robots":{"index":"index","follow":"follow","max-snippet":"max-snippet:-1","max-image-preview":"max-image-preview:large","max-video-preview":"max-video-preview:-1"},"canonical":"https:\/\/allin1bitcoins.com\/de\/bitcoineer\/","og_locale":"de_DE","og_type":"article","og_title":"Bitcoineer Erfahrungen - Kann man dieser Tradingplattform trauen?","og_description":"Diese Bitcoineer Erfahrung untersucht, wie Sie Ihre Entscheidungsfindung auf dem Kryptomarkt verbessern k\u00f6nnen. Au\u00dferdem werden die mit der Plattform verbundenen Vorteile aufgef\u00fchrt.","og_url":"https:\/\/allin1bitcoins.com\/de\/bitcoineer\/","og_site_name":"Allin1Bitcoins","article_modified_time":"2023-02-06T12:04:31+00:00","og_image":[{"width":296,"height":80,"url":"https:\/\/allin1bitcoins.com\/wp-content\/uploads\/2023\/01\/Bitcoineer-logo.png","type":"image\/png"}],"twitter_card":"summary_large_image","twitter_misc":{"Est. reading time":"7 minutes"},"schema":{"@context":"https:\/\/schema.org","@graph":[{"@type":"WebPage","@id":"https:\/\/allin1bitcoins.com\/de\/bitcoineer\/","url":"https:\/\/allin1bitcoins.com\/de\/bitcoineer\/","name":"Bitcoineer Erfahrungen - Kann man dieser Tradingplattform trauen?","isPartOf":{"@id":"https:\/\/allin1bitcoins.com\/de\/#website"},"datePublished":"2022-11-29T11:43:30+00:00","dateModified":"2023-02-06T12:04:31+00:00","description":"Diese Bitcoineer Erfahrung untersucht, wie Sie Ihre Entscheidungsfindung auf dem Kryptomarkt verbessern k\u00f6nnen. Au\u00dferdem werden die mit der Plattform verbundenen Vorteile aufgef\u00fchrt.","breadcrumb":{"@id":"https:\/\/allin1bitcoins.com\/de\/bitcoineer\/#breadcrumb"},"inLanguage":"de","potentialAction":[{"@type":"ReadAction","target":["https:\/\/allin1bitcoins.com\/de\/bitcoineer\/"]}]},{"@type":"BreadcrumbList","@id":"https:\/\/allin1bitcoins.com\/de\/bitcoineer\/#breadcrumb","itemListElement":[{"@type":"ListItem","position":1,"name":"Home","item":"https:\/\/allin1bitcoins.com\/de\/"},{"@type":"ListItem","position":2,"name":"Bitcoineer Erfahrungen"}]},{"@type":"WebSite","@id":"https:\/\/allin1bitcoins.com\/de\/#website","url":"https:\/\/allin1bitcoins.com\/de\/","name":"Allin1Bitcoins","description":"","publisher":{"@id":"https:\/\/allin1bitcoins.com\/de\/#organization"},"potentialAction":[{"@type":"SearchAction","target":{"@type":"EntryPoint","urlTemplate":"https:\/\/allin1bitcoins.com\/de\/?s={search_term_string}"},"query-input":"required name=search_term_string"}],"inLanguage":"de"},{"@type":"Organization","@id":"https:\/\/allin1bitcoins.com\/de\/#organization","name":"allin1bitcoins","url":"https:\/\/allin1bitcoins.com\/de\/","logo":{"@type":"ImageObject","inLanguage":"de","@id":"https:\/\/allin1bitcoins.com\/de\/#\/schema\/logo\/image\/","url":"https:\/\/allin1bitcoins.com\/wp-content\/uploads\/2019\/01\/logo-new.png","contentUrl":"https:\/\/allin1bitcoins.com\/wp-content\/uploads\/2019\/01\/logo-new.png","width":178,"height":71,"caption":"allin1bitcoins"},"image":{"@id":"https:\/\/allin1bitcoins.com\/de\/#\/schema\/logo\/image\/"}}]}},"_links":{"self":[{"href":"https:\/\/allin1bitcoins.com\/de\/wp-json\/wp\/v2\/pages\/16430"}],"collection":[{"href":"https:\/\/allin1bitcoins.com\/de\/wp-json\/wp\/v2\/pages"}],"about":[{"href":"https:\/\/allin1bitcoins.com\/de\/wp-json\/wp\/v2\/types\/page"}],"author":[{"embeddable":true,"href":"https:\/\/allin1bitcoins.com\/de\/wp-json\/wp\/v2\/users\/1"}],"replies":[{"embeddable":true,"href":"https:\/\/allin1bitcoins.com\/de\/wp-json\/wp\/v2\/comments?post=16430"}],"version-history":[{"count":7,"href":"https:\/\/allin1bitcoins.com\/de\/wp-json\/wp\/v2\/pages\/16430\/revisions"}],"predecessor-version":[{"id":20599,"href":"https:\/\/allin1bitcoins.com\/de\/wp-json\/wp\/v2\/pages\/16430\/revisions\/20599"}],"wp:featuredmedia":[{"embeddable":true,"href":"https:\/\/allin1bitcoins.com\/de\/wp-json\/wp\/v2\/media\/16434"}],"wp:attachment":[{"href":"https:\/\/allin1bitcoins.com\/de\/wp-json\/wp\/v2\/media?parent=16430"}],"curies":[{"name":"wp","href":"https:\/\/api.w.org\/{rel}","templated":true}]}}