{"id":18414,"date":"2023-01-17T12:46:38","date_gmt":"2023-01-17T12:46:38","guid":{"rendered":"https:\/\/allin1bitcoins.com\/?page_id=18414"},"modified":"2023-01-17T12:46:42","modified_gmt":"2023-01-17T12:46:42","slug":"price-prediction","status":"publish","type":"page","link":"https:\/\/allin1bitcoins.com\/de\/price-prediction\/","title":{"rendered":"Preis Prognose"},"content":{"rendered":"\n<p>Preisprognosen k\u00f6nnen in der Welt der Kryptow\u00e4hrung eine wichtige Rolle spielen. Da der Markt f\u00fcr digitale W\u00e4hrungen weiterhin sich entwickelt, kann das Verst\u00e4ndnis des m\u00f6glichen zuk\u00fcnftigen Werts von verschiedenen M\u00fcnzen helfen, Anlegern informiertere Entscheidungen dar\u00fcber zu treffen, wo sie ihre Ressourcen einsetzen sollten.<\/p>\n\n\n\n<p>Ob Sie ein erfahrener Trader sind oder neu im Gesch\u00e4ft sind, das Verst\u00e4ndnis der Faktoren, die den Kryptow\u00e4hrungspreis beeinflussen und wie man Markttrends liest, kann Ihnen dabei helfen, strategische Anlageentscheidungen zu treffen. In diesem Artikel werden wir die Bedeutung von Preisprognosen bei Kryptom\u00fcnzen erforschen, die Faktoren, die diese Prognosen beeinflussen, und wie Anleger diese Informationen nutzen k\u00f6nnen, um ihre Renditen zu maximieren.<\/p>\n\n\n\n<p>Hier ist eine Zusammenstellung von Kryptow\u00e4hrungs-Preisprognosen, die zur Marktanalyse gemacht wurden und um informiertere Anlageentscheidungen treffen zu k\u00f6nnen.<\/p>\n\n\n\n<!-- Page-list plugin v.5.9 wordpress.org\/plugins\/page-list\/ -->\n<ul class=\"page-list subpages-page-list \">\n<li class=\"page_item page-item-19502\"><a href=\"https:\/\/allin1bitcoins.com\/de\/price-prediction\/aax-token\/\">AAX Token (AAB) Preisprognose \u2013 2023, 2024, 2025, 2031<\/a><\/li>\n<li class=\"page_item page-item-19549\"><a href=\"https:\/\/allin1bitcoins.com\/de\/price-prediction\/acala\/\">Acala Token (ACA) Preisprognose \u2013 2023, 2024, 2025, 2031<\/a><\/li>\n<li class=\"page_item page-item-19580\"><a href=\"https:\/\/allin1bitcoins.com\/de\/price-prediction\/alpha-venture-dao\/\">Alpha Venture DAO (ALPHA) Preisprognose \u2013 2023, 2024, 2025, 2031<\/a><\/li>\n<li class=\"page_item page-item-19604\"><a href=\"https:\/\/allin1bitcoins.com\/de\/price-prediction\/ambire-adex\/\">Ambire AdEx (ADX) Preisprognose \u2013 2023, 2024, 2025, 2031<\/a><\/li>\n<li class=\"page_item page-item-19574\"><a href=\"https:\/\/allin1bitcoins.com\/de\/price-prediction\/apricot-finance\/\">Apricot Finance (APT) Preisprognose \u2013 2023, 2024, 2025, 2031<\/a><\/li>\n<li class=\"page_item page-item-19588\"><a href=\"https:\/\/allin1bitcoins.com\/de\/price-prediction\/babydogeking\/\">BabyDogeKing (babyDogeKing) Preisprognose \u2013 2023, 2024, 2025, 2031<\/a><\/li>\n<li class=\"page_item page-item-19731\"><a href=\"https:\/\/allin1bitcoins.com\/de\/price-prediction\/bitcoin-btc\/\">Bitcoin (BTC) Preisprognose \u2013 2023, 2024, 2025, 2031<\/a><\/li>\n<li class=\"page_item page-item-19637\"><a href=\"https:\/\/allin1bitcoins.com\/de\/price-prediction\/bitrue-coin\/\">Bitrue Coin (BTR) Preisprognose \u2013 2023, 2024, 2025, 2031<\/a><\/li>\n<li class=\"page_item page-item-19677\"><a href=\"https:\/\/allin1bitcoins.com\/de\/price-prediction\/bittorrent-new\/\">BitTorrent-New (BTT) Preisprognose \u2013 2023, 2024, 2025, 2031<\/a><\/li>\n<li class=\"page_item page-item-19572\"><a href=\"https:\/\/allin1bitcoins.com\/de\/price-prediction\/boba-network\/\">Boba Network (BOBA)  Preisprognose \u2013 2023, 2024, 2025, 2031<\/a><\/li>\n<li class=\"page_item page-item-19656\"><a href=\"https:\/\/allin1bitcoins.com\/de\/price-prediction\/bobcoin\/\">Bobcoin (BOBC) Preisprognose \u2013 2023, 2024, 2025, 2031<\/a><\/li>\n<li class=\"page_item page-item-19500\"><a href=\"https:\/\/allin1bitcoins.com\/de\/price-prediction\/calamari-network\/\">Calamari Network (KMA) Preisprognose \u2013 2023, 2024, 2025, 2031<\/a><\/li>\n<li class=\"page_item page-item-19565\"><a href=\"https:\/\/allin1bitcoins.com\/de\/price-prediction\/celo-dollar\/\">Celo Dollar (CUSD)Preisprognose \u2013 2023, 2024, 2025, 2031<\/a><\/li>\n<li class=\"page_item page-item-19569\"><a href=\"https:\/\/allin1bitcoins.com\/de\/price-prediction\/clearpool\/\">Clearpool (CPOOL) Preisprognose \u2013 2023, 2024, 2025, 2031<\/a><\/li>\n<li class=\"page_item page-item-19546\"><a href=\"https:\/\/allin1bitcoins.com\/de\/price-prediction\/deapcoin\/\">Deapcoin (DEP) Preisprognose \u2013 2023, 2024, 2025, 2031<\/a><\/li>\n<li class=\"page_item page-item-19486\"><a href=\"https:\/\/allin1bitcoins.com\/de\/price-prediction\/dfi-money\/\">DFI.MONEY (YFII) Preisprognose \u2013 2023, 2024, 2025, 2031<\/a><\/li>\n<li class=\"page_item page-item-19613\"><a href=\"https:\/\/allin1bitcoins.com\/de\/price-prediction\/dora-factory\/\">Dora Factory (DORA) Preisprognose \u2013 2023, 2024, 2025, 2031<\/a><\/li>\n<li class=\"page_item page-item-19641\"><a href=\"https:\/\/allin1bitcoins.com\/de\/price-prediction\/exmoc\/\">Exmoc (EXMOC) Preisprognose \u2013 2023, 2024, 2025, 2031<\/a><\/li>\n<li class=\"page_item page-item-19529\"><a href=\"https:\/\/allin1bitcoins.com\/de\/price-prediction\/frax-share\/\">Frax Share (FXS) Preisprognose \u2013 2023, 2024, 2025, 2031<\/a><\/li>\n<li class=\"page_item page-item-19482\"><a href=\"https:\/\/allin1bitcoins.com\/de\/price-prediction\/geeq\/\">Geeq (GEEQ) Preisprognose &#8211; 2023, 2024, 2025, 2031<\/a><\/li>\n<li class=\"page_item page-item-19542\"><a href=\"https:\/\/allin1bitcoins.com\/de\/price-prediction\/goosefx\/\">GooseFX (GOFX) Preisprognose \u2013 2023, 2024, 2025, 2031<\/a><\/li>\n<li class=\"page_item page-item-19508\"><a href=\"https:\/\/allin1bitcoins.com\/de\/price-prediction\/guildfi\/\">GuildFi (GF) Preisprognose \u2013 2023, 2024, 2025, 2031<\/a><\/li>\n<li class=\"page_item page-item-19559\"><a href=\"https:\/\/allin1bitcoins.com\/de\/price-prediction\/gunstar\/\">Gunstar Metaverse (GSTS) Preisprognose \u2013 2023, 2024, 2025, 2031<\/a><\/li>\n<li class=\"page_item page-item-19561\"><a href=\"https:\/\/allin1bitcoins.com\/de\/price-prediction\/husd\/\">HUSD (HUSD) Preisprognose \u2013 2023, 2024, 2025, 2031<\/a><\/li>\n<li class=\"page_item page-item-19685\"><a href=\"https:\/\/allin1bitcoins.com\/de\/price-prediction\/infinity-angel\/\">Infinity Angel (ING) Preisprognose \u2013 2023, 2024, 2025, 2031<\/a><\/li>\n<li class=\"page_item page-item-19518\"><a href=\"https:\/\/allin1bitcoins.com\/de\/price-prediction\/irisnet\/\">Irisnet (IRIS) Preisprognose \u2013 2023, 2024, 2025, 2031<\/a><\/li>\n<li class=\"page_item page-item-19671\"><a href=\"https:\/\/allin1bitcoins.com\/de\/price-prediction\/kirobo\/\">Kirobo (KIRO) Preisprognose \u2013 2023, 2024, 2025, 2031<\/a><\/li>\n<li class=\"page_item page-item-19506\"><a href=\"https:\/\/allin1bitcoins.com\/de\/price-prediction\/kyber-network-crystal-v2\/\">Kyber Network Crystal v2 (KNC)  Preisprognose \u2013 2023, 2024, 2025, 2031<\/a><\/li>\n<li class=\"page_item page-item-19492\"><a href=\"https:\/\/allin1bitcoins.com\/de\/price-prediction\/lido-dao\/\">Lido DAO (LDO) Preisprognose \u2013 2023, 2024, 2025, 2031<\/a><\/li>\n<li class=\"page_item page-item-19669\"><a href=\"https:\/\/allin1bitcoins.com\/de\/price-prediction\/lingose\/\">Lingose (LING) Preisprognose \u2013 2023, 2024, 2025, 2031<\/a><\/li>\n<li class=\"page_item page-item-19555\"><a href=\"https:\/\/allin1bitcoins.com\/de\/price-prediction\/liq-protocol\/\">LIQ Protocol (LIQ) Preisprognose \u2013 2023, 2024, 2025, 2031<\/a><\/li>\n<li class=\"page_item page-item-19516\"><a href=\"https:\/\/allin1bitcoins.com\/de\/price-prediction\/lucretius\/\">Lucretius (LUC) Preisprognose \u2013 2023, 2024, 2025, 2031<\/a><\/li>\n<li class=\"page_item page-item-19504\"><a href=\"https:\/\/allin1bitcoins.com\/de\/price-prediction\/lumenswap\/\">Lumenswap (LSP) Preisprognose \u2013 2023, 2024, 2025, 2031<\/a><\/li>\n<li class=\"page_item page-item-19496\"><a href=\"https:\/\/allin1bitcoins.com\/de\/price-prediction\/meanfi\/\">Meanfi (MEAN) Preisprognose \u2013 2023, 2024, 2025, 2031<\/a><\/li>\n<li class=\"page_item page-item-19494\"><a href=\"https:\/\/allin1bitcoins.com\/de\/price-prediction\/moonlana\/\">Moonlana (MOLA) Preisprognose \u2013 2023, 2024, 2025, 2031<\/a><\/li>\n<li class=\"page_item page-item-19592\"><a href=\"https:\/\/allin1bitcoins.com\/de\/price-prediction\/move-network\/\">Move Network (MOVD) Preisprognose \u2013 2023, 2024, 2025, 2031<\/a><\/li>\n<li class=\"page_item page-item-19600\"><a href=\"https:\/\/allin1bitcoins.com\/de\/price-prediction\/myneighboralice\/\">MyNeighborAlice (ALICE)  Preisprognose \u2013 2023, 2024, 2025, 2031<\/a><\/li>\n<li class=\"page_item page-item-19664\"><a href=\"https:\/\/allin1bitcoins.com\/de\/price-prediction\/nerian-network\/\">Nerian Network (Nerian) Preisprognose \u2013 2023, 2024, 2025, 2031<\/a><\/li>\n<li class=\"page_item page-item-19567\"><a href=\"https:\/\/allin1bitcoins.com\/de\/price-prediction\/neutrino-usd\/\">Neutrino USD (USDN) Preisprognose \u2013 2023, 2024, 2025, 2031<\/a><\/li>\n<li class=\"page_item page-item-19498\"><a href=\"https:\/\/allin1bitcoins.com\/de\/price-prediction\/olympus-v2\/\">Olympus v2 (OHM) Preisprognose \u2013 2023, 2024, 2025, 2031<\/a><\/li>\n<li class=\"page_item page-item-19618\"><a href=\"https:\/\/allin1bitcoins.com\/de\/price-prediction\/oneledger\/\">OneLedger (OLT) Preisprognose \u2013 2023, 2024, 2025, 2031<\/a><\/li>\n<li class=\"page_item page-item-19512\"><a href=\"https:\/\/allin1bitcoins.com\/de\/price-prediction\/ooki-protocol\/\">Ooki Protocol (OOKI) Preisprognose \u2013 2023, 2024, 2025, 2031<\/a><\/li>\n<li class=\"page_item page-item-19551\"><a href=\"https:\/\/allin1bitcoins.com\/de\/price-prediction\/pancake-games\/\">Pancake Games (GCAKE) Preisprognose \u2013 2023, 2024, 2025, 2031<\/a><\/li>\n<li class=\"page_item page-item-19623\"><a href=\"https:\/\/allin1bitcoins.com\/de\/price-prediction\/pnetwork\/\">pNetwork (PNT) Preisprognose \u2013 2023, 2024, 2025, 2031<\/a><\/li>\n<li class=\"page_item page-item-19743\"><a href=\"https:\/\/allin1bitcoins.com\/de\/price-prediction\/radiocaca\/\">Radiocaca (RACA) Preisprognose \u2013 2023, 2024, 2025, 2031<\/a><\/li>\n<li class=\"page_item page-item-19484\"><a href=\"https:\/\/allin1bitcoins.com\/de\/price-prediction\/red-token\/\">Red Token (RED) Preisprognose \u2013 2023, 2024, 2025, 2031<\/a><\/li>\n<li class=\"page_item page-item-19608\"><a href=\"https:\/\/allin1bitcoins.com\/de\/price-prediction\/rei-network\/\">REI Network (REI) Preisprognose \u2013 2023, 2024, 2025, 2031<\/a><\/li>\n<li class=\"page_item page-item-19679\"><a href=\"https:\/\/allin1bitcoins.com\/de\/price-prediction\/samoyed-coin\/\">Samoyed Coin (SAMO) Preisprognose \u2013 2023, 2024, 2025, 2031<\/a><\/li>\n<li class=\"page_item page-item-19675\"><a href=\"https:\/\/allin1bitcoins.com\/de\/price-prediction\/shentu\/\">Shentu (CTK) Preisprognose \u2013 2023, 2024, 2025, 2031<\/a><\/li>\n<li class=\"page_item page-item-19681\"><a href=\"https:\/\/allin1bitcoins.com\/de\/price-prediction\/signature-chain\/\">Signature Chain (SIGN) Preisprognose \u2013 2023, 2024, 2025, 2031<\/a><\/li>\n<li class=\"page_item page-item-19665\"><a href=\"https:\/\/allin1bitcoins.com\/de\/price-prediction\/smartlox\/\">SmartLox (SMARTLOX) Preisprognose \u2013 2023, 2024, 2025, 2031<\/a><\/li>\n<li class=\"page_item page-item-19570\"><a href=\"https:\/\/allin1bitcoins.com\/de\/price-prediction\/smartnft\/\">SmartNFT (SMARTNFT) Preisprognose \u2013 2023, 2024, 2025, 2031<\/a><\/li>\n<li class=\"page_item page-item-19662\"><a href=\"https:\/\/allin1bitcoins.com\/de\/price-prediction\/ssv-network\/\">SSV Network (SSV) Preisprognose \u2013 2023, 2024, 2025, 2031<\/a><\/li>\n<li class=\"page_item page-item-19633\"><a href=\"https:\/\/allin1bitcoins.com\/de\/price-prediction\/sweat-economy\/\">Sweat Economy (SWEAT) Preisprognose \u2013 2023, 2024, 2025, 2031<\/a><\/li>\n<li class=\"page_item page-item-19523\"><a href=\"https:\/\/allin1bitcoins.com\/de\/price-prediction\/terra-classic\/\">Terra Classic (LUNC) Preisprognose \u2013 2023, 2024, 2025, 2031<\/a><\/li>\n<li class=\"page_item page-item-19488\"><a href=\"https:\/\/allin1bitcoins.com\/de\/price-prediction\/terraclassicusd\/\">TerraClassicUSD (USTC) Preisprognose \u2013 2023, 2024, 2025, 2031<\/a><\/li>\n<li class=\"page_item page-item-19596\"><a href=\"https:\/\/allin1bitcoins.com\/de\/price-prediction\/tether-gold\/\">Tether Gold (XAUT) Preisprognose \u2013 2023, 2024, 2025, 2031<\/a><\/li>\n<li class=\"page_item page-item-19527\"><a href=\"https:\/\/allin1bitcoins.com\/de\/price-prediction\/thorenext\/\">ThoreNext (THX) Preisprognose \u2013 2023, 2024, 2025, 2031<\/a><\/li>\n<li class=\"page_item page-item-19520\"><a href=\"https:\/\/allin1bitcoins.com\/de\/price-prediction\/tokenclub\/\">TokenClub (TCT)  Preisprognose \u2013 2023, 2024, 2025, 2031<\/a><\/li>\n<li class=\"page_item page-item-19557\"><a href=\"https:\/\/allin1bitcoins.com\/de\/price-prediction\/toobcoin\/\">Toobcoin (TOOB) Preisprognose \u2013 2023, 2024, 2025, 2031<\/a><\/li>\n<li class=\"page_item page-item-19544\"><a href=\"https:\/\/allin1bitcoins.com\/de\/price-prediction\/tranchess\/\">Tranchess (CHESS) Preisprognose \u2013 2023, 2024, 2025, 2031<\/a><\/li>\n<li class=\"page_item page-item-19585\"><a href=\"https:\/\/allin1bitcoins.com\/de\/price-prediction\/truechain\/\">TrueChain (TRUE) Preisprognose \u2013 2023, 2024, 2025, 2031<\/a><\/li>\n<li class=\"page_item page-item-19658\"><a href=\"https:\/\/allin1bitcoins.com\/de\/price-prediction\/truegbp\/\">TrueGBP (TGBP) Preisprognose \u2013 2023, 2024, 2025, 2031<\/a><\/li>\n<li class=\"page_item page-item-19683\"><a href=\"https:\/\/allin1bitcoins.com\/de\/price-prediction\/tune-fm\/\">Tune.fm (JAM) Preisprognose \u2013 2023, 2024, 2025, 2031<\/a><\/li>\n<li class=\"page_item page-item-19576\"><a href=\"https:\/\/allin1bitcoins.com\/de\/price-prediction\/unicorn-token\/\">Unicorn Token (UNI) Preisprognose \u2013 2023, 2024, 2025, 2031<\/a><\/li>\n<li class=\"page_item page-item-19510\"><a href=\"https:\/\/allin1bitcoins.com\/de\/price-prediction\/voxies\/\">Voxies (VOXEL) Preisprognose \u2013 2023, 2024, 2025, 2031<\/a><\/li>\n<li class=\"page_item page-item-19514\"><a href=\"https:\/\/allin1bitcoins.com\/de\/price-prediction\/vulcan-forged-pyr\/\">Vulcan Forged PYR (PYR) Preisprognose \u2013 2023, 2024, 2025, 2031<\/a><\/li>\n<li class=\"page_item page-item-19648\"><a href=\"https:\/\/allin1bitcoins.com\/de\/price-prediction\/wadzpay-token\/\">Wadzpay Token (WTK) Preisprognose \u2013 2023, 2024, 2025, 2031<\/a><\/li>\n<li class=\"page_item page-item-19627\"><a href=\"https:\/\/allin1bitcoins.com\/de\/price-prediction\/woo-network\/\">Woo Network (WOO) Preisprognose \u2013 2023, 2024, 2025, 2031<\/a><\/li>\n<li class=\"page_item page-item-19673\"><a href=\"https:\/\/allin1bitcoins.com\/de\/price-prediction\/wrapped-ncg\/\">Wrapped NCG (WNCG) Preisprognose \u2013 2023, 2024, 2025, 2031<\/a><\/li>\n<li class=\"page_item page-item-19525\"><a href=\"https:\/\/allin1bitcoins.com\/de\/price-prediction\/wrapped-nxm\/\">Wrapped NXM (WNXM) Preisprognose \u2013 2023, 2024, 2025, 2031<\/a><\/li>\n<li class=\"page_item page-item-19490\"><a href=\"https:\/\/allin1bitcoins.com\/de\/price-prediction\/zebec-protocol\/\">Zebec Protocol (ZBC) Preisprognose \u2013 2023, 2024, 2025, 2031<\/a><\/li>\n<li class=\"page_item page-item-19660\"><a href=\"https:\/\/allin1bitcoins.com\/de\/price-prediction\/zedxion\/\">Zedxion (ZEDXION) Preisprognose \u2013 2023, 2024, 2025, 2031<\/a><\/li>\n<li class=\"page_item page-item-19540\"><a href=\"https:\/\/allin1bitcoins.com\/de\/price-prediction\/zusd\/\">ZUSD (ZUSD) Preisprognose \u2013 2023, 2024, 2025, 2031<\/a><\/li>\n\n<\/ul>\n","protected":false},"excerpt":{"rendered":"<p>Preisprognosen k\u00f6nnen in der Welt der Kryptow\u00e4hrung eine wichtige Rolle spielen. Da der Markt f\u00fcr digitale W\u00e4hrungen weiterhin sich entwickelt, kann das Verst\u00e4ndnis des m\u00f6glichen zuk\u00fcnftigen Werts von verschiedenen M\u00fcnzen helfen, Anlegern informiertere Entscheidungen dar\u00fcber zu treffen, wo sie ihre Ressourcen einsetzen sollten. Ob Sie ein erfahrener Trader sind oder neu im Gesch\u00e4ft sind, das&#8230;<\/p>\n","protected":false},"author":1,"featured_media":0,"parent":0,"menu_order":0,"comment_status":"closed","ping_status":"closed","template":"","meta":{"cybocfi_hide_featured_image":"","footnotes":""},"acf":[],"yoast_head":"<!-- This site is optimized with the Yoast SEO plugin v21.7 - https:\/\/yoast.com\/wordpress\/plugins\/seo\/ -->\n<title>Preis Prognose - Allin1Bitcoins<\/title>\n<meta name=\"description\" content=\"Auf dieser Seite werden wir alles \u00fcber Preisprognosen, Prognosen und mehr abdecken, bleiben Sie dran, um \u00fcber die neuesten Ver\u00e4nderungen am Krypto-Markt zu erfahren.\" \/>\n<meta name=\"robots\" content=\"index, follow, max-snippet:-1, max-image-preview:large, max-video-preview:-1\" \/>\n<link rel=\"canonical\" href=\"https:\/\/allin1bitcoins.com\/de\/price-prediction\/\" \/>\n<meta property=\"og:locale\" content=\"de_DE\" \/>\n<meta property=\"og:type\" content=\"article\" \/>\n<meta property=\"og:title\" content=\"Preis Prognose - Allin1Bitcoins\" \/>\n<meta property=\"og:description\" content=\"Auf dieser Seite werden wir alles \u00fcber Preisprognosen, Prognosen und mehr abdecken, bleiben Sie dran, um \u00fcber die neuesten Ver\u00e4nderungen am Krypto-Markt zu erfahren.\" \/>\n<meta property=\"og:url\" content=\"https:\/\/allin1bitcoins.com\/de\/price-prediction\/\" \/>\n<meta property=\"og:site_name\" content=\"Allin1Bitcoins\" \/>\n<meta property=\"article:modified_time\" content=\"2023-01-17T12:46:42+00:00\" \/>\n<meta name=\"twitter:card\" content=\"summary_large_image\" \/>\n<meta name=\"twitter:label1\" content=\"Est. reading time\" \/>\n\t<meta name=\"twitter:data1\" content=\"1 minute\" \/>\n<!-- \/ Yoast SEO plugin. -->","yoast_head_json":{"title":"Preis Prognose - Allin1Bitcoins","description":"Auf dieser Seite werden wir alles \u00fcber Preisprognosen, Prognosen und mehr abdecken, bleiben Sie dran, um \u00fcber die neuesten Ver\u00e4nderungen am Krypto-Markt zu erfahren.","robots":{"index":"index","follow":"follow","max-snippet":"max-snippet:-1","max-image-preview":"max-image-preview:large","max-video-preview":"max-video-preview:-1"},"canonical":"https:\/\/allin1bitcoins.com\/de\/price-prediction\/","og_locale":"de_DE","og_type":"article","og_title":"Preis Prognose - Allin1Bitcoins","og_description":"Auf dieser Seite werden wir alles \u00fcber Preisprognosen, Prognosen und mehr abdecken, bleiben Sie dran, um \u00fcber die neuesten Ver\u00e4nderungen am Krypto-Markt zu erfahren.","og_url":"https:\/\/allin1bitcoins.com\/de\/price-prediction\/","og_site_name":"Allin1Bitcoins","article_modified_time":"2023-01-17T12:46:42+00:00","twitter_card":"summary_large_image","twitter_misc":{"Est. reading time":"1 minute"},"schema":{"@context":"https:\/\/schema.org","@graph":[{"@type":"WebPage","@id":"https:\/\/allin1bitcoins.com\/de\/price-prediction\/","url":"https:\/\/allin1bitcoins.com\/de\/price-prediction\/","name":"Preis Prognose - Allin1Bitcoins","isPartOf":{"@id":"https:\/\/allin1bitcoins.com\/de\/#website"},"datePublished":"2023-01-17T12:46:38+00:00","dateModified":"2023-01-17T12:46:42+00:00","description":"Auf dieser Seite werden wir alles \u00fcber Preisprognosen, Prognosen und mehr abdecken, bleiben Sie dran, um \u00fcber die neuesten Ver\u00e4nderungen am Krypto-Markt zu erfahren.","breadcrumb":{"@id":"https:\/\/allin1bitcoins.com\/de\/price-prediction\/#breadcrumb"},"inLanguage":"de","potentialAction":[{"@type":"ReadAction","target":["https:\/\/allin1bitcoins.com\/de\/price-prediction\/"]}]},{"@type":"BreadcrumbList","@id":"https:\/\/allin1bitcoins.com\/de\/price-prediction\/#breadcrumb","itemListElement":[{"@type":"ListItem","position":1,"name":"Home","item":"https:\/\/allin1bitcoins.com\/de\/"},{"@type":"ListItem","position":2,"name":"Preis Prognose"}]},{"@type":"WebSite","@id":"https:\/\/allin1bitcoins.com\/de\/#website","url":"https:\/\/allin1bitcoins.com\/de\/","name":"Allin1Bitcoins","description":"","publisher":{"@id":"https:\/\/allin1bitcoins.com\/de\/#organization"},"potentialAction":[{"@type":"SearchAction","target":{"@type":"EntryPoint","urlTemplate":"https:\/\/allin1bitcoins.com\/de\/?s={search_term_string}"},"query-input":"required name=search_term_string"}],"inLanguage":"de"},{"@type":"Organization","@id":"https:\/\/allin1bitcoins.com\/de\/#organization","name":"allin1bitcoins","url":"https:\/\/allin1bitcoins.com\/de\/","logo":{"@type":"ImageObject","inLanguage":"de","@id":"https:\/\/allin1bitcoins.com\/de\/#\/schema\/logo\/image\/","url":"https:\/\/allin1bitcoins.com\/wp-content\/uploads\/2019\/01\/logo-new.png","contentUrl":"https:\/\/allin1bitcoins.com\/wp-content\/uploads\/2019\/01\/logo-new.png","width":178,"height":71,"caption":"allin1bitcoins"},"image":{"@id":"https:\/\/allin1bitcoins.com\/de\/#\/schema\/logo\/image\/"}}]}},"_links":{"self":[{"href":"https:\/\/allin1bitcoins.com\/de\/wp-json\/wp\/v2\/pages\/18414"}],"collection":[{"href":"https:\/\/allin1bitcoins.com\/de\/wp-json\/wp\/v2\/pages"}],"about":[{"href":"https:\/\/allin1bitcoins.com\/de\/wp-json\/wp\/v2\/types\/page"}],"author":[{"embeddable":true,"href":"https:\/\/allin1bitcoins.com\/de\/wp-json\/wp\/v2\/users\/1"}],"replies":[{"embeddable":true,"href":"https:\/\/allin1bitcoins.com\/de\/wp-json\/wp\/v2\/comments?post=18414"}],"version-history":[{"count":1,"href":"https:\/\/allin1bitcoins.com\/de\/wp-json\/wp\/v2\/pages\/18414\/revisions"}],"predecessor-version":[{"id":18418,"href":"https:\/\/allin1bitcoins.com\/de\/wp-json\/wp\/v2\/pages\/18414\/revisions\/18418"}],"wp:attachment":[{"href":"https:\/\/allin1bitcoins.com\/de\/wp-json\/wp\/v2\/media?parent=18414"}],"curies":[{"name":"wp","href":"https:\/\/api.w.org\/{rel}","templated":true}]}}