{"id":20301,"date":"2023-02-04T13:18:20","date_gmt":"2023-02-04T13:18:20","guid":{"rendered":"https:\/\/allin1bitcoins.com\/?page_id=20301"},"modified":"2023-02-04T13:18:24","modified_gmt":"2023-02-04T13:18:24","slug":"debit-card","status":"publish","type":"page","link":"https:\/\/allin1bitcoins.com\/de\/crypto\/kirobo\/debit-card\/","title":{"rendered":"Wie Man Kirobo (KIRO) Mit Einer Debitkarte Kauft"},"content":{"rendered":"\n<p>Der Kaufprozess von Kirobo Coin mit einer Debitkarte ist vergleichbar mit dem einer Kreditkarte. Der erste Schritt ist, ein Konto bei einem vertrauensw\u00fcrdigen Austausch wie Coinbase oder Bitstamp zu er\u00f6ffnen, der Kirobo Coin unterst\u00fctzt und Debitkartenzahlungen akzeptiert. Nachdem Sie ein Konto er\u00f6ffnet haben, k\u00f6nnen Sie Ihre Debitkarte verkn\u00fcpfen und Kirobo Coin damit kaufen. Bevor Sie einen Austausch ausw\u00e4hlen, ist es wichtig, eigene Forschungen und Sorgfalt anzustellen. Es gibt mehrere Dinge zu ber\u00fccksichtigen, wie Kosten, Sicherheit und Ruf des Austausches.<\/p>\n\n\n\n<h2 class=\"wp-block-heading\">\u00dcbersicht \u00fcber Kirobo Coin<\/h2>\n\n\n\n<p>Eine Kryptow\u00e4hrung namens Kirobo Coin wurde 2017 in Japan erstellt. Sie erhielt den Namen Kirobo zu Ehren des kleinen humanoiden Robots, der 2013 zur Internationalen Raumstation geliefert wurde. Basierend auf der Ethereum-Blockchain nutzt Kirobo Coin Smart Contracts, um Transaktionen zu vereinfachen und eine Reihe von Anwendungen zu erm\u00f6glichen. Beabsichtigte Verwendungen sind sowohl als Wertaufbewahrung als auch als Mittel des Austausches.<\/p>\n\n\n\n<h2 class=\"wp-block-heading\">Warum m\u00f6chtest du eine Debitkarte zur Kauf von Kirobo Coin verwenden?<\/h2>\n\n\n\n<p><strong>Du k\u00f6nntest aus einer Reihe von Gr\u00fcnden Kirobo Coin mit einer Debitkarte kaufen wollen, wie zum Beispiel:<\/strong><\/p>\n\n\n\n<ul><li><strong>Bequemlichkeit:<\/strong> Der Kauf von Kirobo Coin mit einer Debitkarte ist typischerweise schneller und bequemer als \u00fcber ein Bankkonto. W\u00e4hrend Bank\u00fcberweisungen einige Tage ben\u00f6tigen k\u00f6nnen, werden Debitkarteneink\u00e4ufe oft sofort verarbeitet.<br><br><\/li><li><strong>Keine Kreditpr\u00fcfung: <\/strong>Da Debitkarten an ein Bankkonto angeschlossen sind, k\u00f6nnen sie ohne Kreditpr\u00fcfung verwendet werden. Dies bedeutet, dass Sie Kirobo Coin unabh\u00e4ngig von Ihrer Kredithistorie oder Ihrem Kreditscore mit einer Debitkarte kaufen k\u00f6nnen.<br><br><\/li><li><strong>Ausgabenplan:<\/strong> Der Kauf von Kirobo Coin mit einer Debitkarte hilft Ihnen, sich an Ihren Ausgabenplan zu halten, da Sie nur die Mittel verwenden k\u00f6nnen, die in Ihrem Konto verf\u00fcgbar sind. Wenn Sie Kreditkartenschulden vermeiden oder ein enges Budget haben m\u00f6chten, kann dies eine geeignete Alternative sein.<\/li><\/ul>\n\n\n\n<h2 class=\"wp-block-heading\">Detaillierte Anleitung zum Kauf von Kirobo Coin mit einer Debitkarte<\/h2>\n\n\n\n<ol><li><strong>W\u00e4hle eine B\u00f6rse aus: <\/strong>Der erste Schritt beim Kauf von Kirobo Coin mit einer Debitkarte besteht darin, eine zuverl\u00e4ssige B\u00f6rse auszuw\u00e4hlen, die die Kryptow\u00e4hrung unterst\u00fctzt und Zahlungen mit Debitkarten erm\u00f6glicht. Coinbase und Bitstamp sind ein paar gut bekannte Optionen. Bevor Sie eine Entscheidung treffen, ist es wichtig, eigene Untersuchungen durchzuf\u00fchren und die Kosten, Sicherheit und Reputation verschiedener B\u00f6rsen zu evaluieren.<br><br><\/li><li><strong>Erstelle ein Konto:<\/strong> Nach der Auswahl einer B\u00f6rse m\u00fcssen Sie ein Konto erstellen, indem Sie einige pers\u00f6nliche Daten wie Ihren Namen, E-Mail-Adresse und Telefonnummer eingeben. Es kann auch erforderlich sein, eine Kopie Ihres staatlich ausgestellten Ausweises zur \u00dcberpr\u00fcfung Ihrer Identit\u00e4t bereitzustellen.<br><br><\/li><li><strong>Verbinde deine Debitkarte:<\/strong> Nach der Erstellung Ihres Kontos m\u00fcssen Sie Ihre Debitkarte verkn\u00fcpfen, indem Sie die Karteninformationen eingeben, einschlie\u00dflich Nummer, Ablaufdatum und Sicherheitscode. Je nach verwendeter B\u00f6rse gibt es unterschiedliche Schritte zum Anschlie\u00dfen einer Debitkarte.<br><br><\/li><li><strong>Kaufe Kirobo Coin: <\/strong>Mit der Handelsplattform der B\u00f6rse k\u00f6nnen Sie nach Verkn\u00fcpfung Ihrer Debitkarte Kirobo Coin kaufen. Sie k\u00f6nnen angeben, wie viel Kirobo Coin Sie kaufen m\u00f6chten und Ihren Preisbereich. Sobald Ihre Bestellung mit einem Verk\u00e4ufer \u00fcbereinstimmt, wird sie bearbeitet.<br><br><\/li><li><strong>\u00dcbertrage in deine Brieftasche: <\/strong>Nach dem Kauf von Kirobo Coin m\u00fcssen Sie es sicher aufbewahren, indem Sie es in einer sicheren Brieftasche aufbewahren. Brieftaschen gibt es in verschiedenen Formen, wie Software-Brieftaschen, Hardware-Brieftaschen und Papier-Brieftaschen. Es ist wichtig, eine Brieftasche auszuw\u00e4hlen, die Ihren Anforderungen entspricht und sicher ist.<\/li><\/ol>\n\n\n\n<figure class=\"wp-block-embed is-type-video is-provider-youtube wp-block-embed-youtube wp-embed-aspect-16-9 wp-has-aspect-ratio\"><div class=\"wp-block-embed__wrapper\">\n<iframe title=\"SlateCast #11: The wallet that lets you retrieve lost crypto - Kirobo\" width=\"800\" height=\"450\" src=\"https:\/\/www.youtube.com\/embed\/8MzuMIFi6uQ?feature=oembed\" frameborder=\"0\" allow=\"accelerometer; autoplay; clipboard-write; encrypted-media; gyroscope; picture-in-picture; web-share\" allowfullscreen><\/iframe>\n<\/div><\/figure>\n\n\n\n<h2 class=\"wp-block-heading\">Nachteile beim Kauf von Kirobo Coin mit einer Debitkarte<\/h2>\n\n\n\n<p><strong>Obwohl der Kauf von Kirobo Coin mit einer Debitkarte einige Vorteile hat, sollte man auch einige Nachteile ber\u00fccksichtigen:<\/strong><\/p>\n\n\n\n<ul><li><strong>Kosten:<\/strong> Im Vergleich zu \u00dcberweisungen berechnen manche Austauschplattformen h\u00f6here Geb\u00fchren f\u00fcr Debitkartentransaktionen. Es ist wichtig, die mit verschiedenen Tauschgesch\u00e4ften verbundenen Kosten zu evaluieren und bei der Entscheidung zu ber\u00fccksichtigen.<br><br><\/li><li><strong>Kontostand:<\/strong> Um Kirobo Coin mit einer Debitkarte zu kaufen, muss man genug Geld auf dem Konto haben, um die Transaktion zu decken. Die Transaktion kann nicht durchgef\u00fchrt werden, wenn man nicht genug Geld auf dem Konto hat.<br><br><\/li><li><strong>Betrugsrisiko:<\/strong> Der Kauf von Kirobo Coin mit einer Debitkarte birgt das gleiche Risiko f\u00fcr Debitkartenbetrug, vor dem viele Menschen besorgt sind. Um das Risiko von Betrug zu reduzieren, ist es kritisch, eine vertrauensw\u00fcrdige B\u00f6rse auszuw\u00e4hlen und pers\u00f6nliche und finanzielle Informationen zu sch\u00fctzen.<\/li><\/ul>\n\n\n\n<h2 class=\"wp-block-heading\">Schlussfolgerung<\/h2>\n\n\n\n<p>Es ist vergleichsweise einfach, Kirobo Coin mit einer Debitkarte durch eine Reihe von Online-B\u00f6rsen zu kaufen. Es ist praktisch, erfordert keine Kreditpr\u00fcfung und kann bei der Haushaltsplanung helfen. Bevor Sie jedoch eine Debitkarte verwenden, um Kirobo Coin zu kaufen, sollten Sie die Kosten, die M\u00f6glichkeit von Betrug und die Voraussetzung, dass Sie genug Geld auf Ihrem Bankkonto haben, ber\u00fccksichtigen. Es ist wichtig, eigene Recherchen und eine gr\u00fcndliche \u00dcberpr\u00fcfung durchzuf\u00fchren, wie bei jeder Finanztransaktion. Dar\u00fcber hinaus ist es auch ratsam, bei Ihrer Bank oder Ihrer Finanzinstitution nach m\u00f6glichen Kosten zu fragen und sicherzustellen, dass Ihre Debitkarte von der ausgew\u00e4hlten B\u00f6rse akzeptiert wird.<\/p>\n\n\n\n<!-- Page-list plugin v.5.9 wordpress.org\/plugins\/page-list\/ -->\n<ul class=\"page-list siblings-page-list \">\n<li class=\"page_item page-item-20349\"><a href=\"https:\/\/allin1bitcoins.com\/de\/crypto\/kirobo\/united-kingdom\/\">So Kaufen Sie Kirobo (KIBO) Im Vereinigten K\u00f6nigreich<\/a><\/li>\n<li class=\"page_item page-item-20315\"><a href=\"https:\/\/allin1bitcoins.com\/de\/crypto\/kirobo\/paypal\/\">Wie Kirobo (KIRO) Mit PayPal Kaufen<\/a><\/li>\n<li class=\"page_item page-item-20285\"><a href=\"https:\/\/allin1bitcoins.com\/de\/crypto\/kirobo\/australia\/\">Wie Man Kirobo (KIRO) In Australien Kauft<\/a><\/li>\n<li class=\"page_item page-item-20252\"><a href=\"https:\/\/allin1bitcoins.com\/de\/crypto\/kirobo\/united-states\/\">Wie Man Kirobo (KIRO) In Den USA Kauft<\/a><\/li>\n<li class=\"page_item page-item-20263\"><a href=\"https:\/\/allin1bitcoins.com\/de\/crypto\/kirobo\/canada\/\">Wie Man Kirobo (KIRO) In Kanada Kaufen Kann<\/a><\/li>\n<li class=\"page_item page-item-20301\"><a href=\"https:\/\/allin1bitcoins.com\/de\/crypto\/kirobo\/debit-card\/\">Wie Man Kirobo (KIRO) Mit Einer Debitkarte Kauft<\/a><\/li>\n<li class=\"page_item page-item-20290\"><a href=\"https:\/\/allin1bitcoins.com\/de\/crypto\/kirobo\/credit-card\/\">Wie Man Kirobo (KIRO) Mit Einer Kreditkarte Kauft<\/a><\/li>\n<li class=\"page_item page-item-20335\"><a href=\"https:\/\/allin1bitcoins.com\/de\/crypto\/kirobo\/skrill\/\">Wie Man Kirobo (KIRO) Mit Skrill Kauft<\/a><\/li>\n\n<\/ul>\n","protected":false},"excerpt":{"rendered":"<p>Der Kaufprozess von Kirobo Coin mit einer Debitkarte ist vergleichbar mit dem einer Kreditkarte. Der erste Schritt ist, ein Konto bei einem vertrauensw\u00fcrdigen Austausch wie Coinbase oder Bitstamp zu er\u00f6ffnen, der Kirobo Coin unterst\u00fctzt und Debitkartenzahlungen akzeptiert. Nachdem Sie ein Konto er\u00f6ffnet haben, k\u00f6nnen Sie Ihre Debitkarte verkn\u00fcpfen und Kirobo Coin damit kaufen. Bevor Sie&#8230;<\/p>\n","protected":false},"author":8,"featured_media":16083,"parent":20218,"menu_order":0,"comment_status":"closed","ping_status":"closed","template":"","meta":{"cybocfi_hide_featured_image":"","footnotes":""},"acf":[],"yoast_head":"<!-- This site is optimized with the Yoast SEO plugin v21.7 - https:\/\/yoast.com\/wordpress\/plugins\/seo\/ -->\n<title>Wie Man Kirobo (KIRO) Mit Einer Debitkarte Kauft<\/title>\n<meta name=\"description\" content=\"Es ist vergleichsweise einfach, Kirobo mit einer Debitkarte durch eine Reihe von Online-B\u00f6rsen zu kaufen. Lesen Sie weiter.\" \/>\n<meta name=\"robots\" content=\"index, follow, max-snippet:-1, max-image-preview:large, max-video-preview:-1\" \/>\n<link rel=\"canonical\" href=\"https:\/\/allin1bitcoins.com\/de\/crypto\/kirobo\/debit-card\/\" \/>\n<meta property=\"og:locale\" content=\"de_DE\" \/>\n<meta property=\"og:type\" content=\"article\" \/>\n<meta property=\"og:title\" content=\"Wie Man Kirobo (KIRO) Mit Einer Debitkarte Kauft\" \/>\n<meta property=\"og:description\" content=\"Es ist vergleichsweise einfach, Kirobo mit einer Debitkarte durch eine Reihe von Online-B\u00f6rsen zu kaufen. Lesen Sie weiter.\" \/>\n<meta property=\"og:url\" content=\"https:\/\/allin1bitcoins.com\/de\/crypto\/kirobo\/debit-card\/\" \/>\n<meta property=\"og:site_name\" content=\"Allin1Bitcoins\" \/>\n<meta property=\"article:modified_time\" content=\"2023-02-04T13:18:24+00:00\" \/>\n<meta property=\"og:image\" content=\"https:\/\/allin1bitcoins.com\/wp-content\/uploads\/2023\/01\/debit-1-1.jpg\" \/>\n\t<meta property=\"og:image:width\" content=\"1920\" \/>\n\t<meta property=\"og:image:height\" content=\"1277\" \/>\n\t<meta property=\"og:image:type\" content=\"image\/jpeg\" \/>\n<meta name=\"twitter:card\" content=\"summary_large_image\" \/>\n<meta name=\"twitter:label1\" content=\"Est. reading time\" \/>\n\t<meta name=\"twitter:data1\" content=\"4 minutes\" \/>\n<!-- \/ Yoast SEO plugin. -->","yoast_head_json":{"title":"Wie Man Kirobo (KIRO) Mit Einer Debitkarte Kauft","description":"Es ist vergleichsweise einfach, Kirobo mit einer Debitkarte durch eine Reihe von Online-B\u00f6rsen zu kaufen. Lesen Sie weiter.","robots":{"index":"index","follow":"follow","max-snippet":"max-snippet:-1","max-image-preview":"max-image-preview:large","max-video-preview":"max-video-preview:-1"},"canonical":"https:\/\/allin1bitcoins.com\/de\/crypto\/kirobo\/debit-card\/","og_locale":"de_DE","og_type":"article","og_title":"Wie Man Kirobo (KIRO) Mit Einer Debitkarte Kauft","og_description":"Es ist vergleichsweise einfach, Kirobo mit einer Debitkarte durch eine Reihe von Online-B\u00f6rsen zu kaufen. Lesen Sie weiter.","og_url":"https:\/\/allin1bitcoins.com\/de\/crypto\/kirobo\/debit-card\/","og_site_name":"Allin1Bitcoins","article_modified_time":"2023-02-04T13:18:24+00:00","og_image":[{"width":1920,"height":1277,"url":"https:\/\/allin1bitcoins.com\/wp-content\/uploads\/2023\/01\/debit-1-1.jpg","type":"image\/jpeg"}],"twitter_card":"summary_large_image","twitter_misc":{"Est. reading time":"4 minutes"},"schema":{"@context":"https:\/\/schema.org","@graph":[{"@type":"WebPage","@id":"https:\/\/allin1bitcoins.com\/de\/crypto\/kirobo\/debit-card\/","url":"https:\/\/allin1bitcoins.com\/de\/crypto\/kirobo\/debit-card\/","name":"Wie Man Kirobo (KIRO) Mit Einer Debitkarte Kauft","isPartOf":{"@id":"https:\/\/allin1bitcoins.com\/de\/#website"},"datePublished":"2023-02-04T13:18:20+00:00","dateModified":"2023-02-04T13:18:24+00:00","description":"Es ist vergleichsweise einfach, Kirobo mit einer Debitkarte durch eine Reihe von Online-B\u00f6rsen zu kaufen. Lesen Sie weiter.","breadcrumb":{"@id":"https:\/\/allin1bitcoins.com\/de\/crypto\/kirobo\/debit-card\/#breadcrumb"},"inLanguage":"de","potentialAction":[{"@type":"ReadAction","target":["https:\/\/allin1bitcoins.com\/de\/crypto\/kirobo\/debit-card\/"]}]},{"@type":"BreadcrumbList","@id":"https:\/\/allin1bitcoins.com\/de\/crypto\/kirobo\/debit-card\/#breadcrumb","itemListElement":[{"@type":"ListItem","position":1,"name":"Home","item":"https:\/\/allin1bitcoins.com\/de\/"},{"@type":"ListItem","position":2,"name":"Krypto","item":"https:\/\/allin1bitcoins.com\/de\/crypto\/"},{"@type":"ListItem","position":3,"name":"Kirobo (KIRO) Kaufen &#8211; Schritt-f\u00fcr-Schritt-Anleitung (2023)","item":"https:\/\/allin1bitcoins.com\/de\/crypto\/kirobo\/"},{"@type":"ListItem","position":4,"name":"Wie Man Kirobo (KIRO) Mit Einer Debitkarte Kauft"}]},{"@type":"WebSite","@id":"https:\/\/allin1bitcoins.com\/de\/#website","url":"https:\/\/allin1bitcoins.com\/de\/","name":"Allin1Bitcoins","description":"","publisher":{"@id":"https:\/\/allin1bitcoins.com\/de\/#organization"},"potentialAction":[{"@type":"SearchAction","target":{"@type":"EntryPoint","urlTemplate":"https:\/\/allin1bitcoins.com\/de\/?s={search_term_string}"},"query-input":"required name=search_term_string"}],"inLanguage":"de"},{"@type":"Organization","@id":"https:\/\/allin1bitcoins.com\/de\/#organization","name":"allin1bitcoins","url":"https:\/\/allin1bitcoins.com\/de\/","logo":{"@type":"ImageObject","inLanguage":"de","@id":"https:\/\/allin1bitcoins.com\/de\/#\/schema\/logo\/image\/","url":"https:\/\/allin1bitcoins.com\/wp-content\/uploads\/2019\/01\/logo-new.png","contentUrl":"https:\/\/allin1bitcoins.com\/wp-content\/uploads\/2019\/01\/logo-new.png","width":178,"height":71,"caption":"allin1bitcoins"},"image":{"@id":"https:\/\/allin1bitcoins.com\/de\/#\/schema\/logo\/image\/"}}]}},"_links":{"self":[{"href":"https:\/\/allin1bitcoins.com\/de\/wp-json\/wp\/v2\/pages\/20301"}],"collection":[{"href":"https:\/\/allin1bitcoins.com\/de\/wp-json\/wp\/v2\/pages"}],"about":[{"href":"https:\/\/allin1bitcoins.com\/de\/wp-json\/wp\/v2\/types\/page"}],"author":[{"embeddable":true,"href":"https:\/\/allin1bitcoins.com\/de\/wp-json\/wp\/v2\/users\/8"}],"replies":[{"embeddable":true,"href":"https:\/\/allin1bitcoins.com\/de\/wp-json\/wp\/v2\/comments?post=20301"}],"version-history":[{"count":1,"href":"https:\/\/allin1bitcoins.com\/de\/wp-json\/wp\/v2\/pages\/20301\/revisions"}],"predecessor-version":[{"id":20307,"href":"https:\/\/allin1bitcoins.com\/de\/wp-json\/wp\/v2\/pages\/20301\/revisions\/20307"}],"up":[{"embeddable":true,"href":"https:\/\/allin1bitcoins.com\/de\/wp-json\/wp\/v2\/pages\/20218"}],"wp:featuredmedia":[{"embeddable":true,"href":"https:\/\/allin1bitcoins.com\/de\/wp-json\/wp\/v2\/media\/16083"}],"wp:attachment":[{"href":"https:\/\/allin1bitcoins.com\/de\/wp-json\/wp\/v2\/media?parent=20301"}],"curies":[{"name":"wp","href":"https:\/\/api.w.org\/{rel}","templated":true}]}}