{"id":20518,"date":"2023-02-06T06:59:30","date_gmt":"2023-02-06T06:59:30","guid":{"rendered":"https:\/\/allin1bitcoins.com\/?page_id=20518"},"modified":"2023-02-06T06:59:33","modified_gmt":"2023-02-06T06:59:33","slug":"wrapped-ncg","status":"publish","type":"page","link":"https:\/\/allin1bitcoins.com\/de\/crypto\/wrapped-ncg\/","title":{"rendered":"Wie Man Wrapped NCG (WNCG) Kauft &#8211; Schritt-f\u00fcr-Schritt-Anleitung 2023"},"content":{"rendered":"\n<h2 class=\"wp-block-heading\">Wrapped NCG Coin kaufen<\/h2>\n\n\n\n<p>Das Kaufen von Wrapped NCG Coin ist ein einfacher und unkomplizierter Prozess. Sie m\u00fcssen ein Konto auf einer Kryptow\u00e4hrungsb\u00f6rse er\u00f6ffnen, die den Handel von Wrapped NCG Coin erm\u00f6glicht, um Wrapped ncg Coin zu kaufen. Nachdem Sie ein Konto erstellt haben, k\u00f6nnen Sie es auf verschiedene Arten aufladen, einschlie\u00dflich \u00dcberweisung, Kreditkarte oder Debitkarte. Sie k\u00f6nnen dann auf der B\u00f6rse nach Wrapped NCG Coin suchen und eine Bestellung aufgeben, um es zum aktuellen Kurs zu kaufen, nachdem Ihr Konto bezahlt wurde.<\/p>\n\n\n\n<h2 class=\"wp-block-heading\">Eingef\u00fchrtes NCG Coin in Wrapper<\/h2>\n\n\n\n<p>Eine Art von Kryptow\u00e4hrung, die auf der Ethereum-Blockchain basiert, wird Wrapped NCG Coin genannt. Es wurde entwickelt, um die NGC Coin, eine bekannte Kryptow\u00e4hrung in der Gaming-Branche, auf der Ethereum-Blockchain funktionieren zu lassen. Wrapped NCG Coin erm\u00f6glicht es Benutzern, NGC Coin in dezentralen Anwendungen (DApps) auf dem Ethereum-Netzwerk zu verwenden und Wert zwischen den beiden Plattformen ohne Probleme zu \u00fcbertragen.<\/p>\n\n\n\n<h2 class=\"wp-block-heading\">\u00dcbersicht \u00fcber das Kaufverfahren f\u00fcr NCG Coins in Wraps<\/h2>\n\n\n\n<p><strong>Die Schritte, die beim Kauf von Wrapped NCG Coin involviert sind, sind die gleichen wie beim Kauf jeder anderen Kryptow\u00e4hrung. Die Schritte, die Sie unternehmen m\u00fcssen, sind wie folgt zusammengefasst:<\/strong><\/p>\n\n\n\n<ul><li>Er\u00f6ffnen Sie ein Handelskonto auf einer Kryptow\u00e4hrungsb\u00f6rse, die Wrapped NCG Coin akzeptiert. Die Hauptb\u00f6rsen Binance, Kraken und Bitfinex unterst\u00fctzen alle Wrapped NCG Coin.<br><br><\/li><li>Verwenden Sie eine M\u00f6glichkeit wie \u00dcberweisung, Kreditkarte oder Debitkarte, um Geld auf Ihr Konto zu \u00fcberweisen.<br><br><\/li><li>Auf der B\u00f6rse suchen Sie nach Wrapped NCG Coin und machen eine Bestellung, um es zum aktuellen Kurs zu kaufen.<br><br><\/li><li>Warten Sie auf die Erf\u00fcllung Ihrer Bestellung und die Gutschrift des Wrapped NCG Coin auf Ihr Konto.<\/li><\/ul>\n\n\n\n<h2 class=\"wp-block-heading\">Wie man ein Wrapped NCG Coin kauft<\/h2>\n\n\n\n<p><strong>Das folgende ist eine detailliertere Schritt-f\u00fcr-Schritt-Anleitung zum Kauf von gewickelten NCG-M\u00fcnzen:<\/strong><\/p>\n\n\n\n<ol><li>Erstelle ein Handelskonto bei einer Kryptow\u00e4hrungsb\u00f6rse, die Wrapped NCG Coin akzeptiert. Du musst einige pers\u00f6nliche Informationen ausf\u00fcllen und einen Verifizierungsprozess durchlaufen, um zu beweisen, dass du ein autorisertter Benutzer bist. Du musst nach der Erstellung deines Kontos Geld hinzuf\u00fcgen, um Wrapped NCG Coin zu kaufen.<br><br><\/li><li>Gehe dazu in den Abschnitt &#8220;Einzahlung&#8221; oder &#8220;Fonds&#8221; der B\u00f6rse und w\u00e4hle die Methode zur Finanzierung deines Kontos aus. Dies kann m\u00f6glicherweise \u00fcber eine \u00dcberweisung, eine Kreditkarte oder eine Debitkarte erfolgen.<br><br><\/li><li>Sie k\u00f6nnen dann nach Wrapped NCG Coin auf der B\u00f6rse suchen, nachdem Ihr Konto bezahlt wurde. Normalerweise k\u00f6nnen Sie Wrapped NCG Coin unter den verf\u00fcgbaren Kryptow\u00e4hrungen finden, indem Sie &#8220;Wrapped NCG Coin&#8221; in das Suchfeld eingeben oder den Bereich &#8220;M\u00e4rkte&#8221; oder &#8220;B\u00f6rse&#8221; auf der B\u00f6rse besuchen.<br><br><\/li><li>Sie k\u00f6nnen dann einen Kaufauftrag f\u00fcr Wrapped NCG Coin zum aktuellen Preis aufgeben, nachdem Sie es auf der B\u00f6rse entdeckt haben. Dazu navigieren Sie zum Bereich &#8220;Kaufen&#8221; oder &#8220;Handeln&#8221; auf der B\u00f6rse und geben Sie die gew\u00fcnschte Menge an Wrapped NCG Coin sowie den gew\u00fcnschten Kaufpreis ein.<br><br><\/li><li>Sie k\u00f6nnen entweder eine &#8220;Limit&#8221;-Order aufgeben, die nur dann Wrapped NCG Coin kauft, wenn der Preis unter einem bestimmten Niveau f\u00e4llt, oder eine &#8220;Markt&#8221;-Order, die Wrapped NCG Coin zum aktuellen Marktpreis kauft.<br><br><\/li><li>Sie m\u00fcssen warten, bis Ihre Bestellung ausgef\u00fcllt wird, nachdem Sie sie aufgegeben haben. Je nach Nachfrage nach Wrapped NCG Coin zum Zeitpunkt Ihrer Bestellung kann dies eine kurze Zeit oder l\u00e4nger dauern.<br><br><\/li><li>Wrapped NCG Coin wird Ihrem B\u00f6rsenkonto gutgeschrieben, sobald Ihre Bestellung erf\u00fcllt ist. Sie k\u00f6nnen nun die Wrapped NCG Coin auf ein pers\u00f6nliches Wallet zur Sicherheit auszahlen lassen oder es in Ihrem B\u00f6rsenkonto als Investment belassen.<\/li><\/ol>\n\n\n\n<figure class=\"wp-block-embed is-type-video is-provider-youtube wp-block-embed-youtube wp-embed-aspect-16-9 wp-has-aspect-ratio\"><div class=\"wp-block-embed__wrapper\">\n<iframe title=\"Wrapped NCG (WNCG)\" width=\"800\" height=\"450\" src=\"https:\/\/www.youtube.com\/embed\/MwLY1xeV2i8?feature=oembed\" frameborder=\"0\" allow=\"accelerometer; autoplay; clipboard-write; encrypted-media; gyroscope; picture-in-picture; web-share\" allowfullscreen><\/iframe>\n<\/div><\/figure>\n\n\n\n<h2 class=\"wp-block-heading\">Vorteile des Kaufs von NGC-M\u00fcnzen in Wraps<\/h2>\n\n\n\n<p><strong>Der Kauf von Wrapped NCG Coin hat folgende Vorteile:<\/strong><\/p>\n\n\n\n<p>Dank Wrapped NCG Coin k\u00f6nnen Benutzer Geld einfach zwischen der Ethereum-Blockchain und der NGC Coin-Plattform bewegen. F\u00fcr Benutzer, die NGC Coin in dezentralen Anwendungen im Ethereum-Netzwerk verwenden m\u00f6chten, ist dies die perfekte Kryptow\u00e4hrung.<\/p>\n\n\n\n<p>Als Stablecoin, das an den Wert eines anderen Verm\u00f6genswerts gebunden ist, Wrapped ncg Coin. In diesem Fall ist Wrapped NGC Coin an den Wert von NGC Coin gebunden. Daher kann Wrapped NCG Coin im Vergleich zu anderen Kryptow\u00e4hrungen weniger volatil sein, was risikoscheuen Investoren ansprechen k\u00f6nnte.<\/p>\n\n\n\n<p>Wrapped NCG Coin hat praktische Anwendungen im Gaming-Sektor, was es f\u00fcr Spieler oder Interessenten des Sektors zu einer attraktiven Investition machen k\u00f6nnte.<\/p>\n\n\n\n<h2 class=\"wp-block-heading\">Schlussfolgerung<\/h2>\n\n\n\n<p>Zusammenfassend ist der Kauf von Wrapped NCG Coin ein einfacher Prozess, der darin besteht, ein Konto bei einer Kryptow\u00e4hrungsb\u00f6rse zu erstellen, es mit Geld zu f\u00fcllen und dann einen Kaufauftrag f\u00fcr Wrapped NCG Coin zum aktuellen Preis zu erteilen. Wrapped NCG Coin hat eine Reihe von Vorteilen, einschlie\u00dflich seiner Anwendung in der Gaming-Industrie und der Kapazit\u00e4t zur \u00dcbertragung von Werten zwischen der NGC Coin-Plattform und dem Ethereum-Netzwerk. Wenn Sie an dem Kauf von Wrapped NCG Coin interessiert sind, sollten Sie gr\u00fcndliche Nachforschungen sowohl bei der B\u00f6rse als auch bei der Kryptow\u00e4hrung durchf\u00fchren.<\/p>\n\n\n\n<!-- Page-list plugin v.5.9 wordpress.org\/plugins\/page-list\/ -->\n<ul class=\"page-list subpages-page-list \">\n<li class=\"page_item page-item-20605\"><a href=\"https:\/\/allin1bitcoins.com\/de\/crypto\/wrapped-ncg\/united-states\/\">So Kaufen Sie Wrapped NCG (WNCG) In Den USA<\/a><\/li>\n<li class=\"page_item page-item-20726\"><a href=\"https:\/\/allin1bitcoins.com\/de\/crypto\/wrapped-ncg\/debit-card\/\">So Kaufen Sie Wrapped NCG (WNCG) Mit Einer Debitkarte<\/a><\/li>\n<li class=\"page_item page-item-20571\"><a href=\"https:\/\/allin1bitcoins.com\/de\/crypto\/wrapped-ncg\/canada\/\">Wie Man In Kanada Wrapped NCG (WNCG) Coin kauft<\/a><\/li>\n<li class=\"page_item page-item-20591\"><a href=\"https:\/\/allin1bitcoins.com\/de\/crypto\/wrapped-ncg\/australia\/\">Wie Man Wrapped NCG (WNCG) In Australien Kauftzen<\/a><\/li>\n<li class=\"page_item page-item-20789\"><a href=\"https:\/\/allin1bitcoins.com\/de\/crypto\/wrapped-ncg\/bank-account\/\">Wie Man Wrapped-NCG (WNCG) Mit Einem Bankkonto Kaufen Kann<\/a><\/li>\n<li class=\"page_item page-item-20691\"><a href=\"https:\/\/allin1bitcoins.com\/de\/crypto\/wrapped-ncg\/credit-card\/\">Wie Man Wrapped-NCG (WNCG) Mit Einer Kreditkarte Kauft<\/a><\/li>\n<li class=\"page_item page-item-20611\"><a href=\"https:\/\/allin1bitcoins.com\/de\/crypto\/wrapped-ncg\/paypal\/\">Wie Man Wrapped-NCG (WNCG) Mit PayPal Kauft<\/a><\/li>\n\n<\/ul>\n","protected":false},"excerpt":{"rendered":"<p>Wrapped NCG Coin kaufen Das Kaufen von Wrapped NCG Coin ist ein einfacher und unkomplizierter Prozess. Sie m\u00fcssen ein Konto auf einer Kryptow\u00e4hrungsb\u00f6rse er\u00f6ffnen, die den Handel von Wrapped NCG Coin erm\u00f6glicht, um Wrapped ncg Coin zu kaufen. Nachdem Sie ein Konto erstellt haben, k\u00f6nnen Sie es auf verschiedene Arten aufladen, einschlie\u00dflich \u00dcberweisung, Kreditkarte oder&#8230;<\/p>\n","protected":false},"author":8,"featured_media":15657,"parent":19852,"menu_order":0,"comment_status":"closed","ping_status":"closed","template":"","meta":{"cybocfi_hide_featured_image":"","footnotes":""},"acf":[],"yoast_head":"<!-- This site is optimized with the Yoast SEO plugin v21.7 - https:\/\/yoast.com\/wordpress\/plugins\/seo\/ -->\n<title>Wie Man Wrapped NCG (WNCG) Kauft - Schritt-f\u00fcr-Schritt-Anleitung 2023<\/title>\n<meta name=\"description\" content=\"Zusammenfassend ist der Kauf von WNCG M\u00fcnze ein ziemlich einfacher Prozess, der das Erstellen eines Kontos auf einer Krypto.\" \/>\n<meta name=\"robots\" content=\"index, follow, max-snippet:-1, max-image-preview:large, max-video-preview:-1\" \/>\n<link rel=\"canonical\" href=\"https:\/\/allin1bitcoins.com\/de\/crypto\/wrapped-ncg\/\" \/>\n<meta property=\"og:locale\" content=\"de_DE\" \/>\n<meta property=\"og:type\" content=\"article\" \/>\n<meta property=\"og:title\" content=\"Wie Man Wrapped NCG (WNCG) Kauft - Schritt-f\u00fcr-Schritt-Anleitung 2023\" \/>\n<meta property=\"og:description\" content=\"Zusammenfassend ist der Kauf von WNCG M\u00fcnze ein ziemlich einfacher Prozess, der das Erstellen eines Kontos auf einer Krypto.\" \/>\n<meta property=\"og:url\" content=\"https:\/\/allin1bitcoins.com\/de\/crypto\/wrapped-ncg\/\" \/>\n<meta property=\"og:site_name\" content=\"Allin1Bitcoins\" \/>\n<meta property=\"article:modified_time\" content=\"2023-02-06T06:59:33+00:00\" \/>\n<meta property=\"og:image\" content=\"https:\/\/allin1bitcoins.com\/wp-content\/uploads\/2023\/01\/marga-santoso-OmPqCwX422Y-unsplash.jpg\" \/>\n\t<meta property=\"og:image:width\" content=\"1920\" \/>\n\t<meta property=\"og:image:height\" content=\"1280\" \/>\n\t<meta property=\"og:image:type\" content=\"image\/jpeg\" \/>\n<meta name=\"twitter:card\" content=\"summary_large_image\" \/>\n<meta name=\"twitter:label1\" content=\"Est. reading time\" \/>\n\t<meta name=\"twitter:data1\" content=\"4 minutes\" \/>\n<!-- \/ Yoast SEO plugin. -->","yoast_head_json":{"title":"Wie Man Wrapped NCG (WNCG) Kauft - Schritt-f\u00fcr-Schritt-Anleitung 2023","description":"Zusammenfassend ist der Kauf von WNCG M\u00fcnze ein ziemlich einfacher Prozess, der das Erstellen eines Kontos auf einer Krypto.","robots":{"index":"index","follow":"follow","max-snippet":"max-snippet:-1","max-image-preview":"max-image-preview:large","max-video-preview":"max-video-preview:-1"},"canonical":"https:\/\/allin1bitcoins.com\/de\/crypto\/wrapped-ncg\/","og_locale":"de_DE","og_type":"article","og_title":"Wie Man Wrapped NCG (WNCG) Kauft - Schritt-f\u00fcr-Schritt-Anleitung 2023","og_description":"Zusammenfassend ist der Kauf von WNCG M\u00fcnze ein ziemlich einfacher Prozess, der das Erstellen eines Kontos auf einer Krypto.","og_url":"https:\/\/allin1bitcoins.com\/de\/crypto\/wrapped-ncg\/","og_site_name":"Allin1Bitcoins","article_modified_time":"2023-02-06T06:59:33+00:00","og_image":[{"width":1920,"height":1280,"url":"https:\/\/allin1bitcoins.com\/wp-content\/uploads\/2023\/01\/marga-santoso-OmPqCwX422Y-unsplash.jpg","type":"image\/jpeg"}],"twitter_card":"summary_large_image","twitter_misc":{"Est. reading time":"4 minutes"},"schema":{"@context":"https:\/\/schema.org","@graph":[{"@type":"WebPage","@id":"https:\/\/allin1bitcoins.com\/de\/crypto\/wrapped-ncg\/","url":"https:\/\/allin1bitcoins.com\/de\/crypto\/wrapped-ncg\/","name":"Wie Man Wrapped NCG (WNCG) Kauft - Schritt-f\u00fcr-Schritt-Anleitung 2023","isPartOf":{"@id":"https:\/\/allin1bitcoins.com\/de\/#website"},"datePublished":"2023-02-06T06:59:30+00:00","dateModified":"2023-02-06T06:59:33+00:00","description":"Zusammenfassend ist der Kauf von WNCG M\u00fcnze ein ziemlich einfacher Prozess, der das Erstellen eines Kontos auf einer Krypto.","breadcrumb":{"@id":"https:\/\/allin1bitcoins.com\/de\/crypto\/wrapped-ncg\/#breadcrumb"},"inLanguage":"de","potentialAction":[{"@type":"ReadAction","target":["https:\/\/allin1bitcoins.com\/de\/crypto\/wrapped-ncg\/"]}]},{"@type":"BreadcrumbList","@id":"https:\/\/allin1bitcoins.com\/de\/crypto\/wrapped-ncg\/#breadcrumb","itemListElement":[{"@type":"ListItem","position":1,"name":"Home","item":"https:\/\/allin1bitcoins.com\/de\/"},{"@type":"ListItem","position":2,"name":"Krypto","item":"https:\/\/allin1bitcoins.com\/de\/crypto\/"},{"@type":"ListItem","position":3,"name":"Wie Man Wrapped NCG (WNCG) Kauft &#8211; Schritt-f\u00fcr-Schritt-Anleitung 2023"}]},{"@type":"WebSite","@id":"https:\/\/allin1bitcoins.com\/de\/#website","url":"https:\/\/allin1bitcoins.com\/de\/","name":"Allin1Bitcoins","description":"","publisher":{"@id":"https:\/\/allin1bitcoins.com\/de\/#organization"},"potentialAction":[{"@type":"SearchAction","target":{"@type":"EntryPoint","urlTemplate":"https:\/\/allin1bitcoins.com\/de\/?s={search_term_string}"},"query-input":"required name=search_term_string"}],"inLanguage":"de"},{"@type":"Organization","@id":"https:\/\/allin1bitcoins.com\/de\/#organization","name":"allin1bitcoins","url":"https:\/\/allin1bitcoins.com\/de\/","logo":{"@type":"ImageObject","inLanguage":"de","@id":"https:\/\/allin1bitcoins.com\/de\/#\/schema\/logo\/image\/","url":"https:\/\/allin1bitcoins.com\/wp-content\/uploads\/2019\/01\/logo-new.png","contentUrl":"https:\/\/allin1bitcoins.com\/wp-content\/uploads\/2019\/01\/logo-new.png","width":178,"height":71,"caption":"allin1bitcoins"},"image":{"@id":"https:\/\/allin1bitcoins.com\/de\/#\/schema\/logo\/image\/"}}]}},"_links":{"self":[{"href":"https:\/\/allin1bitcoins.com\/de\/wp-json\/wp\/v2\/pages\/20518"}],"collection":[{"href":"https:\/\/allin1bitcoins.com\/de\/wp-json\/wp\/v2\/pages"}],"about":[{"href":"https:\/\/allin1bitcoins.com\/de\/wp-json\/wp\/v2\/types\/page"}],"author":[{"embeddable":true,"href":"https:\/\/allin1bitcoins.com\/de\/wp-json\/wp\/v2\/users\/8"}],"replies":[{"embeddable":true,"href":"https:\/\/allin1bitcoins.com\/de\/wp-json\/wp\/v2\/comments?post=20518"}],"version-history":[{"count":2,"href":"https:\/\/allin1bitcoins.com\/de\/wp-json\/wp\/v2\/pages\/20518\/revisions"}],"predecessor-version":[{"id":20521,"href":"https:\/\/allin1bitcoins.com\/de\/wp-json\/wp\/v2\/pages\/20518\/revisions\/20521"}],"up":[{"embeddable":true,"href":"https:\/\/allin1bitcoins.com\/de\/wp-json\/wp\/v2\/pages\/19852"}],"wp:featuredmedia":[{"embeddable":true,"href":"https:\/\/allin1bitcoins.com\/de\/wp-json\/wp\/v2\/media\/15657"}],"wp:attachment":[{"href":"https:\/\/allin1bitcoins.com\/de\/wp-json\/wp\/v2\/media?parent=20518"}],"curies":[{"name":"wp","href":"https:\/\/api.w.org\/{rel}","templated":true}]}}