{"id":20789,"date":"2023-02-08T11:46:45","date_gmt":"2023-02-08T11:46:45","guid":{"rendered":"https:\/\/allin1bitcoins.com\/?page_id=20789"},"modified":"2023-02-08T11:46:51","modified_gmt":"2023-02-08T11:46:51","slug":"bank-account","status":"publish","type":"page","link":"https:\/\/allin1bitcoins.com\/de\/crypto\/wrapped-ncg\/bank-account\/","title":{"rendered":"Wie Man Wrapped-NCG (WNCG) Mit Einem Bankkonto Kaufen Kann"},"content":{"rendered":"\n<h2 class=\"wp-block-heading\">Die unten beschriebenen Schritte k\u00f6nnen verwendet werden, um Wrapped NCG Coin mit einem Bankkonto zu kaufen:<\/h2>\n\n\n\n<ul><li>Erstelle ein Konto bei einer Kryptow\u00e4hrungsb\u00f6rse wie Coinbase oder Kraken, die Einzahlungen von Bankkonten akzeptiert.<br><br><\/li><li>Verifiziere deine Identit\u00e4t, indem du das notwendige Papierkram hochl\u00e4dst und alle anderen erforderlichen Schritte unternimmst.<br><br><\/li><li>Verbinde dein Exchange-Konto mit deinem Bankkonto.<br><br><\/li><li>W\u00e4hle die Option &#8220;Kaufen&#8221; nach einer Suche nach Wrapped NCG Coin.<br><br><\/li><li>Gib die gew\u00fcnschte Menge an Wrapped NCG Coin ein und bezahle dann mit deinem verkn\u00fcpften Bankkonto, um die Transaktion abzuschlie\u00dfen.<\/li><\/ul>\n\n\n\n<h2 class=\"wp-block-heading\">\u00dcbersicht \u00fcber Wrapped NCG Coins<\/h2>\n\n\n\n<p>Das digitale Asset Wrapped NCG Coin basiert auf der Ethereum-Blockchain. Es ist eine Variante des NCG Coin, die im ERC-20 Token-Standard f\u00fcr Ethereum &#8220;eingewickelt&#8221; wurde, wodurch es auf dem Ethereum-Netzwerk verwendbar ist und in jedem Ethereum-Wallet aufbewahrt werden kann.<\/p>\n\n\n\n<p>Das Hauptziel von Wrapped NCG Coin ist es, den Haltern von NCG Coin die M\u00f6glichkeit zu geben, ihre Tokens auf dem Ethereum-Netzwerk auszugeben und von den vielen dezentralen Anwendungen (dApps) zu profitieren, die auf Ethereum erstellt werden. Hierzu geh\u00f6rt der Zugang zu einer Vielzahl von zus\u00e4tzlichen dApps, die auf dem Ethereum-Netzwerk verf\u00fcgbar sind, sowie die M\u00f6glichkeit, an dezentralen Finanzdienstleistungen (DeFi) wie Kredit- und Leiheplattformen teilzunehmen.<\/p>\n\n\n\n<h2 class=\"wp-block-heading\">Warum Sie ein Bankkonto verwenden m\u00f6chten, um Wrapped NCG Coins zu kaufen<\/h2>\n\n\n\n<p><strong>Sie m\u00f6chten m\u00f6glicherweise ein Bankkonto verwenden, um Wrapped NCG Coin zu kaufen, aus einer Reihe von Gr\u00fcnden:<\/strong><\/p>\n\n\n\n<ul><li><strong>Bequemlichkeit:<\/strong> Im Vergleich zu anderen Zahlungsoptionen wie Kreditkarten oder Kryptow\u00e4hrungen ist der Kauf von Wrapped NCG Coin mit einem Bankkonto in der Regel bequemer. Dies liegt daran, dass Bankkonto-Transaktionen oft schneller und zu geringeren Kosten als \u00fcber andere Kan\u00e4le abgewickelt werden.<br><br><\/li><li><strong>Sicherheit: <\/strong>Der Kauf von Wrapped NCG Coin mit einem Bankkonto kann sicherer sein als die Verwendung anderer Methoden, da Bankkonten oft sicherer und weniger anf\u00e4llig f\u00fcr Betrug sind als andere Zahlungsformen. Die Verwendung eines Bankkontos zum Kauf von Wrapped NCG Coin kann f\u00fcr Sie angenehmer und vertrauter sein, wenn Sie neu in Kryptow\u00e4hrungen sind, da es \u00e4hnlich wie bei anderen Online-Transaktionen ist.<\/li><\/ul>\n\n\n\n<h2 class=\"wp-block-heading\">Wie man Wrapped NCG Coin mit einem Bankkonto kauft: Eine Schritt-f\u00fcr-Schritt-Anleitung<\/h2>\n\n\n\n<ol><li>Erstelle ein Konto auf einer Kryptow\u00e4hrungsb\u00f6rse, die Einzahlungen von Bankkonten akzeptiert. Coinbase und Kraken sind zwei gro\u00dfe B\u00f6rsen, die Einzahlungen von Bankkonten akzeptieren.<br><br><\/li><li>Verifizieren Sie Ihre Identit\u00e4t, indem Sie das notwendige Papierkram hochladen und alle anderen notwendigen Schritte ausf\u00fchren. \u00dcblicherweise werden Anti-Geldw\u00e4sche- und Kennen Sie Ihre Kunden (AML\/KYC) Anforderungen befolgt, um dies zu tun.<br><br><\/li><li>Verbinden Sie Ihr B\u00f6rsenkonto mit Ihrem Bankkonto. Normalerweise kann dies einfach erreicht werden, indem man die erforderlichen Bankkonto- und Routing-Informationen bereitstellt.<br><br><\/li><li>W\u00e4hlen Sie nach der Durchf\u00fchrung einer Suche nach Wrapped NCG Coin die Option &#8220;Kaufen&#8221;.<br><br><\/li><li>Geben Sie die Menge an Wrapped NCG Coin an, die Sie erwerben m\u00f6chten, und bezahlen Sie dann mit Ihrem verkn\u00fcpften Bankkonto, um die Transaktion abzuschlie\u00dfen.<\/li><\/ol>\n\n\n\n<figure class=\"wp-block-embed is-type-video is-provider-youtube wp-block-embed-youtube wp-embed-aspect-16-9 wp-has-aspect-ratio\"><div class=\"wp-block-embed__wrapper\">\n<iframe title=\"Here\u2019s Why Wrapped Tokens Are Necessary!\" width=\"800\" height=\"450\" src=\"https:\/\/www.youtube.com\/embed\/QzHS0ttP19w?feature=oembed\" frameborder=\"0\" allow=\"accelerometer; autoplay; clipboard-write; encrypted-media; gyroscope; picture-in-picture; web-share\" allowfullscreen><\/iframe>\n<\/div><\/figure>\n\n\n\n<h2 class=\"wp-block-heading\">Nachteile beim Kauf von Wrapped NCG Coin mit einem Bankkonto<\/h2>\n\n\n\n<p><strong>Der Kauf von Wrapped NCG Coin mit einem Bankkonto hat einige Nachteile.<\/strong><\/p>\n\n\n\n<p>Die Bearbeitungszeiten f\u00fcr Bankkontotransaktionen k\u00f6nnen l\u00e4nger sein als f\u00fcr Zahlungen mit Kreditkarten oder Kryptow\u00e4hrungen. Dies bedeutet, dass die Lieferung Ihres Wrapped NCG Coin zu Ihrem B\u00f6rsenkonto l\u00e4nger dauern kann. Wenn Sie Wrapped NCG kaufen m\u00f6chten, sind Ihre Optionen m\u00f6glicherweise eingeschr\u00e4nkt, da nicht alle B\u00f6rsen Einzahlungen von Bankkonten akzeptieren.<\/p>\n\n\n\n<h2 class=\"wp-block-heading\">Schlussfolgerung<\/h2>\n\n\n\n<p>Der Kauf von Wrapped NCG Coin mit einem Bankkonto kann ein einfacher und sicherer Prozess sein. Im Vergleich zu anderen Zahlungsoptionen bietet es den Vorteil schnellerer Bearbeitungszeiten und reduzierter Geb\u00fchren und ist f\u00fcr Menschen, die neu in Kryptow\u00e4hrungen sind, in der Regel vertrauter. Obwohl nicht alle B\u00f6rsen Bankkontoeinzahlungen erlauben, ist es wichtig zu beachten, dass Bankkontotransaktionen h\u00e4ufig l\u00e4nger zu bearbeiten sind. Um die beste B\u00f6rse f\u00fcr Ihre Zwecke auszuw\u00e4hlen und um die notwendigen Sicherheitsma\u00dfnahmen zum Schutz Ihrer Verm\u00f6genswerte durchzuf\u00fchren, ist es wichtig, umfassende Forschungen anzustellen und mehrere B\u00f6rsen zu vergleichen.<\/p>\n\n\n\n<!-- Page-list plugin v.5.9 wordpress.org\/plugins\/page-list\/ -->\n<ul class=\"page-list siblings-page-list \">\n<li class=\"page_item page-item-20605\"><a href=\"https:\/\/allin1bitcoins.com\/de\/crypto\/wrapped-ncg\/united-states\/\">So Kaufen Sie Wrapped NCG (WNCG) In Den USA<\/a><\/li>\n<li class=\"page_item page-item-20726\"><a href=\"https:\/\/allin1bitcoins.com\/de\/crypto\/wrapped-ncg\/debit-card\/\">So Kaufen Sie Wrapped NCG (WNCG) Mit Einer Debitkarte<\/a><\/li>\n<li class=\"page_item page-item-20571\"><a href=\"https:\/\/allin1bitcoins.com\/de\/crypto\/wrapped-ncg\/canada\/\">Wie Man In Kanada Wrapped NCG (WNCG) Coin kauft<\/a><\/li>\n<li class=\"page_item page-item-20591\"><a href=\"https:\/\/allin1bitcoins.com\/de\/crypto\/wrapped-ncg\/australia\/\">Wie Man Wrapped NCG (WNCG) In Australien Kauftzen<\/a><\/li>\n<li class=\"page_item page-item-20789\"><a href=\"https:\/\/allin1bitcoins.com\/de\/crypto\/wrapped-ncg\/bank-account\/\">Wie Man Wrapped-NCG (WNCG) Mit Einem Bankkonto Kaufen Kann<\/a><\/li>\n<li class=\"page_item page-item-20691\"><a href=\"https:\/\/allin1bitcoins.com\/de\/crypto\/wrapped-ncg\/credit-card\/\">Wie Man Wrapped-NCG (WNCG) Mit Einer Kreditkarte Kauft<\/a><\/li>\n<li class=\"page_item page-item-20611\"><a href=\"https:\/\/allin1bitcoins.com\/de\/crypto\/wrapped-ncg\/paypal\/\">Wie Man Wrapped-NCG (WNCG) Mit PayPal Kauft<\/a><\/li>\n\n<\/ul>\n","protected":false},"excerpt":{"rendered":"<p>Die unten beschriebenen Schritte k\u00f6nnen verwendet werden, um Wrapped NCG Coin mit einem Bankkonto zu kaufen: Erstelle ein Konto bei einer Kryptow\u00e4hrungsb\u00f6rse wie Coinbase oder Kraken, die Einzahlungen von Bankkonten akzeptiert. Verifiziere deine Identit\u00e4t, indem du das notwendige Papierkram hochl\u00e4dst und alle anderen erforderlichen Schritte unternimmst. Verbinde dein Exchange-Konto mit deinem Bankkonto. W\u00e4hle die Option&#8230;<\/p>\n","protected":false},"author":8,"featured_media":17179,"parent":20518,"menu_order":0,"comment_status":"closed","ping_status":"closed","template":"","meta":{"cybocfi_hide_featured_image":"","footnotes":""},"acf":[],"yoast_head":"<!-- This site is optimized with the Yoast SEO plugin v21.7 - https:\/\/yoast.com\/wordpress\/plugins\/seo\/ -->\n<title>Wie Man Wrapped-NCG (WNCG) Mit Einem Bankkonto Kaufen Kann<\/title>\n<meta name=\"description\" content=\"Das Kaufen von WNCG Coin mit einem Bankkonto kann ein einfacher und sicherer Prozess sein. Lesen Sie weiter, um mehr Details zu erfahren.\" \/>\n<meta name=\"robots\" content=\"index, follow, max-snippet:-1, max-image-preview:large, max-video-preview:-1\" \/>\n<link rel=\"canonical\" href=\"https:\/\/allin1bitcoins.com\/de\/crypto\/wrapped-ncg\/bank-account\/\" \/>\n<meta property=\"og:locale\" content=\"de_DE\" \/>\n<meta property=\"og:type\" content=\"article\" \/>\n<meta property=\"og:title\" content=\"Wie Man Wrapped-NCG (WNCG) Mit Einem Bankkonto Kaufen Kann\" \/>\n<meta property=\"og:description\" content=\"Das Kaufen von WNCG Coin mit einem Bankkonto kann ein einfacher und sicherer Prozess sein. Lesen Sie weiter, um mehr Details zu erfahren.\" \/>\n<meta property=\"og:url\" content=\"https:\/\/allin1bitcoins.com\/de\/crypto\/wrapped-ncg\/bank-account\/\" \/>\n<meta property=\"og:site_name\" content=\"Allin1Bitcoins\" \/>\n<meta property=\"article:modified_time\" content=\"2023-02-08T11:46:51+00:00\" \/>\n<meta property=\"og:image\" content=\"https:\/\/allin1bitcoins.com\/wp-content\/uploads\/2023\/01\/pexels-rodnae-productions-7821715.jpg\" \/>\n\t<meta property=\"og:image:width\" content=\"1280\" \/>\n\t<meta property=\"og:image:height\" content=\"853\" \/>\n\t<meta property=\"og:image:type\" content=\"image\/jpeg\" \/>\n<meta name=\"twitter:card\" content=\"summary_large_image\" \/>\n<meta name=\"twitter:label1\" content=\"Est. reading time\" \/>\n\t<meta name=\"twitter:data1\" content=\"3 minutes\" \/>\n<!-- \/ Yoast SEO plugin. -->","yoast_head_json":{"title":"Wie Man Wrapped-NCG (WNCG) Mit Einem Bankkonto Kaufen Kann","description":"Das Kaufen von WNCG Coin mit einem Bankkonto kann ein einfacher und sicherer Prozess sein. Lesen Sie weiter, um mehr Details zu erfahren.","robots":{"index":"index","follow":"follow","max-snippet":"max-snippet:-1","max-image-preview":"max-image-preview:large","max-video-preview":"max-video-preview:-1"},"canonical":"https:\/\/allin1bitcoins.com\/de\/crypto\/wrapped-ncg\/bank-account\/","og_locale":"de_DE","og_type":"article","og_title":"Wie Man Wrapped-NCG (WNCG) Mit Einem Bankkonto Kaufen Kann","og_description":"Das Kaufen von WNCG Coin mit einem Bankkonto kann ein einfacher und sicherer Prozess sein. Lesen Sie weiter, um mehr Details zu erfahren.","og_url":"https:\/\/allin1bitcoins.com\/de\/crypto\/wrapped-ncg\/bank-account\/","og_site_name":"Allin1Bitcoins","article_modified_time":"2023-02-08T11:46:51+00:00","og_image":[{"width":1280,"height":853,"url":"https:\/\/allin1bitcoins.com\/wp-content\/uploads\/2023\/01\/pexels-rodnae-productions-7821715.jpg","type":"image\/jpeg"}],"twitter_card":"summary_large_image","twitter_misc":{"Est. reading time":"3 minutes"},"schema":{"@context":"https:\/\/schema.org","@graph":[{"@type":"WebPage","@id":"https:\/\/allin1bitcoins.com\/de\/crypto\/wrapped-ncg\/bank-account\/","url":"https:\/\/allin1bitcoins.com\/de\/crypto\/wrapped-ncg\/bank-account\/","name":"Wie Man Wrapped-NCG (WNCG) Mit Einem Bankkonto Kaufen Kann","isPartOf":{"@id":"https:\/\/allin1bitcoins.com\/de\/#website"},"datePublished":"2023-02-08T11:46:45+00:00","dateModified":"2023-02-08T11:46:51+00:00","description":"Das Kaufen von WNCG Coin mit einem Bankkonto kann ein einfacher und sicherer Prozess sein. Lesen Sie weiter, um mehr Details zu erfahren.","breadcrumb":{"@id":"https:\/\/allin1bitcoins.com\/de\/crypto\/wrapped-ncg\/bank-account\/#breadcrumb"},"inLanguage":"de","potentialAction":[{"@type":"ReadAction","target":["https:\/\/allin1bitcoins.com\/de\/crypto\/wrapped-ncg\/bank-account\/"]}]},{"@type":"BreadcrumbList","@id":"https:\/\/allin1bitcoins.com\/de\/crypto\/wrapped-ncg\/bank-account\/#breadcrumb","itemListElement":[{"@type":"ListItem","position":1,"name":"Home","item":"https:\/\/allin1bitcoins.com\/de\/"},{"@type":"ListItem","position":2,"name":"Krypto","item":"https:\/\/allin1bitcoins.com\/de\/crypto\/"},{"@type":"ListItem","position":3,"name":"Wie Man Wrapped NCG (WNCG) Kauft &#8211; Schritt-f\u00fcr-Schritt-Anleitung 2023","item":"https:\/\/allin1bitcoins.com\/de\/crypto\/wrapped-ncg\/"},{"@type":"ListItem","position":4,"name":"Wie Man Wrapped-NCG (WNCG) Mit Einem Bankkonto Kaufen Kann"}]},{"@type":"WebSite","@id":"https:\/\/allin1bitcoins.com\/de\/#website","url":"https:\/\/allin1bitcoins.com\/de\/","name":"Allin1Bitcoins","description":"","publisher":{"@id":"https:\/\/allin1bitcoins.com\/de\/#organization"},"potentialAction":[{"@type":"SearchAction","target":{"@type":"EntryPoint","urlTemplate":"https:\/\/allin1bitcoins.com\/de\/?s={search_term_string}"},"query-input":"required name=search_term_string"}],"inLanguage":"de"},{"@type":"Organization","@id":"https:\/\/allin1bitcoins.com\/de\/#organization","name":"allin1bitcoins","url":"https:\/\/allin1bitcoins.com\/de\/","logo":{"@type":"ImageObject","inLanguage":"de","@id":"https:\/\/allin1bitcoins.com\/de\/#\/schema\/logo\/image\/","url":"https:\/\/allin1bitcoins.com\/wp-content\/uploads\/2019\/01\/logo-new.png","contentUrl":"https:\/\/allin1bitcoins.com\/wp-content\/uploads\/2019\/01\/logo-new.png","width":178,"height":71,"caption":"allin1bitcoins"},"image":{"@id":"https:\/\/allin1bitcoins.com\/de\/#\/schema\/logo\/image\/"}}]}},"_links":{"self":[{"href":"https:\/\/allin1bitcoins.com\/de\/wp-json\/wp\/v2\/pages\/20789"}],"collection":[{"href":"https:\/\/allin1bitcoins.com\/de\/wp-json\/wp\/v2\/pages"}],"about":[{"href":"https:\/\/allin1bitcoins.com\/de\/wp-json\/wp\/v2\/types\/page"}],"author":[{"embeddable":true,"href":"https:\/\/allin1bitcoins.com\/de\/wp-json\/wp\/v2\/users\/8"}],"replies":[{"embeddable":true,"href":"https:\/\/allin1bitcoins.com\/de\/wp-json\/wp\/v2\/comments?post=20789"}],"version-history":[{"count":1,"href":"https:\/\/allin1bitcoins.com\/de\/wp-json\/wp\/v2\/pages\/20789\/revisions"}],"predecessor-version":[{"id":20790,"href":"https:\/\/allin1bitcoins.com\/de\/wp-json\/wp\/v2\/pages\/20789\/revisions\/20790"}],"up":[{"embeddable":true,"href":"https:\/\/allin1bitcoins.com\/de\/wp-json\/wp\/v2\/pages\/20518"}],"wp:featuredmedia":[{"embeddable":true,"href":"https:\/\/allin1bitcoins.com\/de\/wp-json\/wp\/v2\/media\/17179"}],"wp:attachment":[{"href":"https:\/\/allin1bitcoins.com\/de\/wp-json\/wp\/v2\/media?parent=20789"}],"curies":[{"name":"wp","href":"https:\/\/api.w.org\/{rel}","templated":true}]}}