{"id":20848,"date":"2023-02-09T11:42:33","date_gmt":"2023-02-09T11:42:33","guid":{"rendered":"https:\/\/allin1bitcoins.com\/?page_id=20848"},"modified":"2023-02-09T11:42:37","modified_gmt":"2023-02-09T11:42:37","slug":"debit-card","status":"publish","type":"page","link":"https:\/\/allin1bitcoins.com\/de\/crypto\/bittorrent-new\/debit-card\/","title":{"rendered":"Wie Man Bittorrent-New (BTT) Mit Einer Debitkarte Kauft"},"content":{"rendered":"\n<h2 class=\"wp-block-heading\">Kurze Antwort: Sie k\u00f6nnen Bittorrent-New Coin mit einer Debitkarte kaufen.<\/h2>\n\n\n\n<p><strong>Beachten Sie diese Anweisungen, um Bittorrent-New Coin mit einer Debitkarte zu kaufen:<\/strong><\/p>\n\n\n\n<ul><li>Finden Sie eine vertrauensw\u00fcrdige B\u00f6rse, die Debitkartenzahlungen f\u00fcr Kryptow\u00e4hrungen akzeptiert.<br><br><\/li><li>Registrieren Sie sich f\u00fcr ein B\u00f6rsenkonto und schlie\u00dfen Sie den Verifizierungsprozess ab.<br><br><\/li><li>W\u00e4hlen Sie Bittorrent-New Coin auf der &#8220;Kaufen&#8221; oder &#8220;Handel&#8221; Seite der B\u00f6rse.<br><br><\/li><li>Die Debitkarte ist die bevorzugte Zahlungsoption.<br><br><\/li><li>Um den Kauf abzuschlie\u00dfen, geben Sie die Menge an Bittorrent-New Coin ein, die Sie kaufen m\u00f6chten, und folgen Sie den Anweisungen auf dem Bildschirm.<\/li><\/ul>\n\n\n\n<h2 class=\"wp-block-heading\">\u00dcberblick \u00fcber Bittorrent-New Coin<\/h2>\n\n\n\n<p>Auf der Bittorrent-New-Plattform werden Transaktionen durch Bittorrent-New Coin, einen digitalen Verm\u00f6genswert, vereinfacht. Es soll als Wertaufbewahrungsmittel sowie als Tauschmittel f\u00fcr eine Vielzahl von Produkten und Dienstleistungen verwendet werden. Die Grundlage von Bittorrent-New Coin ist eine Blockchain, ein dezentralisiertes Ledgersystem, das Geschwindigkeit, Sicherheit und Transparenz erm\u00f6glicht.<\/p>\n\n\n\n<h2 class=\"wp-block-heading\">Warum Sie eine Debitkarte zur Kauf von Bittorrent-New Coin verwenden m\u00f6chten<\/h2>\n\n\n\n<ul><li>Sie m\u00f6chten Bittorrent-New Coin m\u00f6glicherweise aus einer Reihe von Gr\u00fcnden mit einer Debitkarte kaufen. Eine Erkl\u00e4rung ist, dass der Kauf der M\u00fcnze auf diese Weise einfach und schnell sein kann. Debitkarten werden ausgiebig verwendet und erm\u00f6glichen eine schnelle und einfache Transaktionsabwicklung. Die Verwendung einer Debitkarte kann auch weitere Sicherheit bieten, da Sie die Belastung anfechten k\u00f6nnen, wenn es Probleme mit der Transaktion gibt.<br><br><\/li><li>Sie k\u00f6nnen Bittorrent-New Coin mit einer Debitkarte kaufen, ohne weitere Schulden zu machen, was ein weiterer Grund ist, dar\u00fcber nachzudenken. Wenn Sie eine Kreditkarte verwenden, um einen Kauf zu t\u00e4tigen, leihen Sie sich Geld von der Kreditkartenfirma. Wenn Sie den gesamten Saldo auf Ihrer Kreditkarte nicht jeden Monat begleichen k\u00f6nnen, riskieren Sie, Zinsgeb\u00fchren zu verursachen. Statt Geld zu leihen, erm\u00f6glicht Ihnen eine Debitkarte den Zugang zu Mitteln, die bereits auf Ihrem Bankkonto vorhanden sind.<\/li><\/ul>\n\n\n\n<h2 class=\"wp-block-heading\">Wie man Bittorrent-New Coin mit einer Debitkarte kauft: Eine Schritt-f\u00fcr-Schritt-Anleitung<\/h2>\n\n\n\n<ol><li>Finde eine vertrauensw\u00fcrdige B\u00f6rse, die Debitkartenzahlungen f\u00fcr Kryptow\u00e4hrungen akzeptiert. Coinbase, Binance und Kraken sind ein paar bekannte B\u00f6rsen, die Bittorrent-New Coin anbieten und Debitkartenzahlungen akzeptieren k\u00f6nnen.<br><br><\/li><li>Es ist wichtig, eigene Nachforschungen anzustellen und eine zuverl\u00e4ssige, sichere B\u00f6rse mit bew\u00e4hrter Bilanz auszuw\u00e4hlen.<br><br><\/li><li>Melde dich f\u00fcr ein B\u00f6rsenkonto an und schlie\u00dfe den Verifizierungsprozess ab. Um ein Konto zu er\u00f6ffnen, ben\u00f6tigen die meisten B\u00f6rsen einige pers\u00f6nliche Informationen und Identifikationsdokumentation. Dies ist eine \u00fcbliche Sicherheitsvorkehrung, um Betrug vorzubeugen und sicherzustellen, dass Regeln eingehalten werden.<br><br><\/li><li>W\u00e4hle Bittorrent-New Coin auf der &#8220;Kaufen&#8221; oder &#8220;Handel&#8221; Seite der B\u00f6rse. Du kannst mit dem Kauf von Bittorrent-New Coin beginnen, sobald du eine B\u00f6rse identifiziert hast, die Debitkartenzahlungen akzeptiert, und nachdem du ein Konto er\u00f6ffnet hast.<br><br><\/li><li>Gehe zur &#8220;Kaufen&#8221; oder &#8220;Handel&#8221; Seite der B\u00f6rse und w\u00e4hle Bittorrent-New Coin aus der Liste der verf\u00fcgbaren M\u00fcnzen aus.<br><br><\/li><li>Debitkarte ist die bevorzugte Zahlungsoption. W\u00e4hle eine Debitkarte als Zahlungsoption auf der Checkout-Seite. Deine Debitkarteninformationen, einschlie\u00dflich Nummer, Ablaufdatum und Sicherheitscode, m\u00fcssen eingegeben werden.<br><br><\/li><li>Um den Kauf abzuschlie\u00dfen, gib die Menge an Bittorrent-New Coin ein, die du kaufen m\u00f6chtest, und folge den Anweisungen auf dem Bildschirm. Du kannst die Details der Transaktion und den Kauf nach Eingabe deiner Debitkarteninformationen und der Menge an Bittorrent-New Coin, die du erwerben m\u00f6chtest, best\u00e4tigen.<br><br><\/li><li>Du solltest dein Bittorrent-New Coin innerhalb weniger Minuten oder Stunden nach der Durchf\u00fchrung der Transaktion erhalten, je nachdem, wie schnell die B\u00f6rse Transaktionen verarbeitet.<\/li><\/ol>\n\n\n\n<figure class=\"wp-block-embed is-type-video is-provider-youtube wp-block-embed-youtube wp-embed-aspect-16-9 wp-has-aspect-ratio\"><div class=\"wp-block-embed__wrapper\">\n<iframe title=\"BITTORRENT IST HAPENNING X5000?? - BTT THE NEW YEARS LATEST PRICE PREDICTION AND TECHNICAL ANALYSIS\" width=\"800\" height=\"450\" src=\"https:\/\/www.youtube.com\/embed\/zGJ1wg05WsU?feature=oembed\" frameborder=\"0\" allow=\"accelerometer; autoplay; clipboard-write; encrypted-media; gyroscope; picture-in-picture; web-share\" allowfullscreen><\/iframe>\n<\/div><\/figure>\n\n\n\n<h2 class=\"wp-block-heading\">Nachteile bei der Verwendung einer Debitkarte zum Kauf von Bittorrent-New Coin<\/h2>\n\n\n\n<ul><li>Obwohl der Kauf von Bittorrent-New Coin mit einer Debitkarte ein schneller und einfacher Prozess sein kann, gibt es einige Nachteile, die ber\u00fccksichtigt werden m\u00fcssen.<br><br><\/li><li>Eines dieser Probleme sind die damit verbundenen Geb\u00fchren f\u00fcr Debitkartentransaktionen.<br><br><\/li><li>Debitkartenzahlungen k\u00f6nnen bei manchen Austauschstellen zus\u00e4tzliche Geb\u00fchren verursachen, was den Endpreis Ihres Artikels erh\u00f6ht.<br><br><\/li><li>Auch bei Auslands\u00fcberweisungen oder anderen Verwendungen Ihrer Debitkarte kann Ihnen Ihre Bank oder Kreditkartenanbieter eine Geb\u00fchr berechnen.<br><br><\/li><li>Ein weiteres potenzielles Problem ist die Gefahr von Betrug oder Identit\u00e4tsdiebstahl.<br><br><\/li><li>Es besteht immer die M\u00f6glichkeit, dass Ihre pers\u00f6nlichen Daten gef\u00e4hrdet sind, auch wenn vertrauensw\u00fcrdige B\u00f6rsen Vorkehrungen treffen, um sie zu sch\u00fctzen.<br><br><\/li><li>Wenn Sie sich davor f\u00fcrchten, k\u00f6nnen Sie in Betracht ziehen, auf eine andere Zahlungsmethode wie eine Bank\u00fcberweisung oder eine Kryptow\u00e4hrungsb\u00f6rse zu wechseln.<\/li><\/ul>\n\n\n\n<h2 class=\"wp-block-heading\">Schlussfolgerung<\/h2>\n\n\n\n<p>Der Einsatz einer Debitkarte zum Kauf von Bittorrent-New Coin kann ein schneller und praktischer Prozess sein. Bevor Sie vorw\u00e4rts gehen, ist es wichtig, die Kosten und Gefahren im Zusammenhang mit Debitkartenzahlungen gr\u00fcndlich abzuw\u00e4gen. Sie k\u00f6nnen diese Gefahren reduzieren und Bittorrent-New Coin mit Zuversicht kaufen, indem Sie eine zuverl\u00e4ssige B\u00f6rse verwenden und den Branchenbestimmungen f\u00fcr die Online-Sicherheit folgen.<\/p>\n\n\n\n<!-- Page-list plugin v.5.9 wordpress.org\/plugins\/page-list\/ -->\n<ul class=\"page-list siblings-page-list \">\n<li class=\"page_item page-item-20778\"><a href=\"https:\/\/allin1bitcoins.com\/de\/crypto\/bittorrent-new\/paypal\/\">Wie Kauft Bittorrent-New (BTT) Mit PayPal<\/a><\/li>\n<li class=\"page_item page-item-20812\"><a href=\"https:\/\/allin1bitcoins.com\/de\/crypto\/bittorrent-new\/australia\/\">Wie Kauft Man Bittorrent-New (BTT) In Australien<\/a><\/li>\n<li class=\"page_item page-item-20823\"><a href=\"https:\/\/allin1bitcoins.com\/de\/crypto\/bittorrent-new\/united-states\/\">Wie Man Bittorrent-New (BTT) In Den USA Kaufen Kann<\/a><\/li>\n<li class=\"page_item page-item-20803\"><a href=\"https:\/\/allin1bitcoins.com\/de\/crypto\/bittorrent-new\/germany\/\">Wie Man Bittorrent-New (BTT) In Deutschland Kauft<\/a><\/li>\n<li class=\"page_item page-item-20831\"><a href=\"https:\/\/allin1bitcoins.com\/de\/crypto\/bittorrent-new\/united-kingdom\/\">Wie Man Bittorrent-New (BTT) In Gro\u00dfbritannien Kauft<\/a><\/li>\n<li class=\"page_item page-item-20848\"><a href=\"https:\/\/allin1bitcoins.com\/de\/crypto\/bittorrent-new\/debit-card\/\">Wie Man Bittorrent-New (BTT) Mit Einer Debitkarte Kauft<\/a><\/li>\n<li class=\"page_item page-item-20745\"><a href=\"https:\/\/allin1bitcoins.com\/de\/crypto\/bittorrent-new\/venmo\/\">Wie Man Bittorrent-New (BTT) Mit Venmo Kauft<\/a><\/li>\n\n<\/ul>\n","protected":false},"excerpt":{"rendered":"<p>Kurze Antwort: Sie k\u00f6nnen Bittorrent-New Coin mit einer Debitkarte kaufen. Beachten Sie diese Anweisungen, um Bittorrent-New Coin mit einer Debitkarte zu kaufen: Finden Sie eine vertrauensw\u00fcrdige B\u00f6rse, die Debitkartenzahlungen f\u00fcr Kryptow\u00e4hrungen akzeptiert. Registrieren Sie sich f\u00fcr ein B\u00f6rsenkonto und schlie\u00dfen Sie den Verifizierungsprozess ab. W\u00e4hlen Sie Bittorrent-New Coin auf der &#8220;Kaufen&#8221; oder &#8220;Handel&#8221; Seite der&#8230;<\/p>\n","protected":false},"author":8,"featured_media":15351,"parent":20756,"menu_order":0,"comment_status":"closed","ping_status":"closed","template":"","meta":{"cybocfi_hide_featured_image":"","footnotes":""},"acf":[],"yoast_head":"<!-- This site is optimized with the Yoast SEO plugin v21.7 - https:\/\/yoast.com\/wordpress\/plugins\/seo\/ -->\n<title>Wie Man Bittorrent-New (BTT) Mit Einer Debitkarte Kauft<\/title>\n<meta name=\"description\" content=\"Sie k\u00f6nnen Bittorrent-New Coin mit einer Debitkarte ohne weitere Verschuldung kaufen, was ein weiterer Grund ist, dar\u00fcber nachzudenken.\" \/>\n<meta name=\"robots\" content=\"index, follow, max-snippet:-1, max-image-preview:large, max-video-preview:-1\" \/>\n<link rel=\"canonical\" href=\"https:\/\/allin1bitcoins.com\/de\/crypto\/bittorrent-new\/debit-card\/\" \/>\n<meta property=\"og:locale\" content=\"de_DE\" \/>\n<meta property=\"og:type\" content=\"article\" \/>\n<meta property=\"og:title\" content=\"Wie Man Bittorrent-New (BTT) Mit Einer Debitkarte Kauft\" \/>\n<meta property=\"og:description\" content=\"Sie k\u00f6nnen Bittorrent-New Coin mit einer Debitkarte ohne weitere Verschuldung kaufen, was ein weiterer Grund ist, dar\u00fcber nachzudenken.\" \/>\n<meta property=\"og:url\" content=\"https:\/\/allin1bitcoins.com\/de\/crypto\/bittorrent-new\/debit-card\/\" \/>\n<meta property=\"og:site_name\" content=\"Allin1Bitcoins\" \/>\n<meta property=\"article:modified_time\" content=\"2023-02-09T11:42:37+00:00\" \/>\n<meta property=\"og:image\" content=\"https:\/\/allin1bitcoins.com\/wp-content\/uploads\/2023\/01\/Debit-2.jpg\" \/>\n\t<meta property=\"og:image:width\" content=\"1920\" \/>\n\t<meta property=\"og:image:height\" content=\"1280\" \/>\n\t<meta property=\"og:image:type\" content=\"image\/jpeg\" \/>\n<meta name=\"twitter:card\" content=\"summary_large_image\" \/>\n<meta name=\"twitter:label1\" content=\"Est. reading time\" \/>\n\t<meta name=\"twitter:data1\" content=\"4 minutes\" \/>\n<!-- \/ Yoast SEO plugin. -->","yoast_head_json":{"title":"Wie Man Bittorrent-New (BTT) Mit Einer Debitkarte Kauft","description":"Sie k\u00f6nnen Bittorrent-New Coin mit einer Debitkarte ohne weitere Verschuldung kaufen, was ein weiterer Grund ist, dar\u00fcber nachzudenken.","robots":{"index":"index","follow":"follow","max-snippet":"max-snippet:-1","max-image-preview":"max-image-preview:large","max-video-preview":"max-video-preview:-1"},"canonical":"https:\/\/allin1bitcoins.com\/de\/crypto\/bittorrent-new\/debit-card\/","og_locale":"de_DE","og_type":"article","og_title":"Wie Man Bittorrent-New (BTT) Mit Einer Debitkarte Kauft","og_description":"Sie k\u00f6nnen Bittorrent-New Coin mit einer Debitkarte ohne weitere Verschuldung kaufen, was ein weiterer Grund ist, dar\u00fcber nachzudenken.","og_url":"https:\/\/allin1bitcoins.com\/de\/crypto\/bittorrent-new\/debit-card\/","og_site_name":"Allin1Bitcoins","article_modified_time":"2023-02-09T11:42:37+00:00","og_image":[{"width":1920,"height":1280,"url":"https:\/\/allin1bitcoins.com\/wp-content\/uploads\/2023\/01\/Debit-2.jpg","type":"image\/jpeg"}],"twitter_card":"summary_large_image","twitter_misc":{"Est. reading time":"4 minutes"},"schema":{"@context":"https:\/\/schema.org","@graph":[{"@type":"WebPage","@id":"https:\/\/allin1bitcoins.com\/de\/crypto\/bittorrent-new\/debit-card\/","url":"https:\/\/allin1bitcoins.com\/de\/crypto\/bittorrent-new\/debit-card\/","name":"Wie Man Bittorrent-New (BTT) Mit Einer Debitkarte Kauft","isPartOf":{"@id":"https:\/\/allin1bitcoins.com\/de\/#website"},"datePublished":"2023-02-09T11:42:33+00:00","dateModified":"2023-02-09T11:42:37+00:00","description":"Sie k\u00f6nnen Bittorrent-New Coin mit einer Debitkarte ohne weitere Verschuldung kaufen, was ein weiterer Grund ist, dar\u00fcber nachzudenken.","breadcrumb":{"@id":"https:\/\/allin1bitcoins.com\/de\/crypto\/bittorrent-new\/debit-card\/#breadcrumb"},"inLanguage":"de","potentialAction":[{"@type":"ReadAction","target":["https:\/\/allin1bitcoins.com\/de\/crypto\/bittorrent-new\/debit-card\/"]}]},{"@type":"BreadcrumbList","@id":"https:\/\/allin1bitcoins.com\/de\/crypto\/bittorrent-new\/debit-card\/#breadcrumb","itemListElement":[{"@type":"ListItem","position":1,"name":"Home","item":"https:\/\/allin1bitcoins.com\/de\/"},{"@type":"ListItem","position":2,"name":"Krypto","item":"https:\/\/allin1bitcoins.com\/de\/crypto\/"},{"@type":"ListItem","position":3,"name":"Wie Man Bittorrent-New (BTT) Kauft \u2013 Eine Detaillierte Anleitung 2023","item":"https:\/\/allin1bitcoins.com\/de\/crypto\/bittorrent-new\/"},{"@type":"ListItem","position":4,"name":"Wie Man Bittorrent-New (BTT) Mit Einer Debitkarte Kauft"}]},{"@type":"WebSite","@id":"https:\/\/allin1bitcoins.com\/de\/#website","url":"https:\/\/allin1bitcoins.com\/de\/","name":"Allin1Bitcoins","description":"","publisher":{"@id":"https:\/\/allin1bitcoins.com\/de\/#organization"},"potentialAction":[{"@type":"SearchAction","target":{"@type":"EntryPoint","urlTemplate":"https:\/\/allin1bitcoins.com\/de\/?s={search_term_string}"},"query-input":"required name=search_term_string"}],"inLanguage":"de"},{"@type":"Organization","@id":"https:\/\/allin1bitcoins.com\/de\/#organization","name":"allin1bitcoins","url":"https:\/\/allin1bitcoins.com\/de\/","logo":{"@type":"ImageObject","inLanguage":"de","@id":"https:\/\/allin1bitcoins.com\/de\/#\/schema\/logo\/image\/","url":"https:\/\/allin1bitcoins.com\/wp-content\/uploads\/2019\/01\/logo-new.png","contentUrl":"https:\/\/allin1bitcoins.com\/wp-content\/uploads\/2019\/01\/logo-new.png","width":178,"height":71,"caption":"allin1bitcoins"},"image":{"@id":"https:\/\/allin1bitcoins.com\/de\/#\/schema\/logo\/image\/"}}]}},"_links":{"self":[{"href":"https:\/\/allin1bitcoins.com\/de\/wp-json\/wp\/v2\/pages\/20848"}],"collection":[{"href":"https:\/\/allin1bitcoins.com\/de\/wp-json\/wp\/v2\/pages"}],"about":[{"href":"https:\/\/allin1bitcoins.com\/de\/wp-json\/wp\/v2\/types\/page"}],"author":[{"embeddable":true,"href":"https:\/\/allin1bitcoins.com\/de\/wp-json\/wp\/v2\/users\/8"}],"replies":[{"embeddable":true,"href":"https:\/\/allin1bitcoins.com\/de\/wp-json\/wp\/v2\/comments?post=20848"}],"version-history":[{"count":1,"href":"https:\/\/allin1bitcoins.com\/de\/wp-json\/wp\/v2\/pages\/20848\/revisions"}],"predecessor-version":[{"id":20854,"href":"https:\/\/allin1bitcoins.com\/de\/wp-json\/wp\/v2\/pages\/20848\/revisions\/20854"}],"up":[{"embeddable":true,"href":"https:\/\/allin1bitcoins.com\/de\/wp-json\/wp\/v2\/pages\/20756"}],"wp:featuredmedia":[{"embeddable":true,"href":"https:\/\/allin1bitcoins.com\/de\/wp-json\/wp\/v2\/media\/15351"}],"wp:attachment":[{"href":"https:\/\/allin1bitcoins.com\/de\/wp-json\/wp\/v2\/media?parent=20848"}],"curies":[{"name":"wp","href":"https:\/\/api.w.org\/{rel}","templated":true}]}}