{"id":20885,"date":"2023-02-10T19:40:32","date_gmt":"2023-02-10T19:40:32","guid":{"rendered":"https:\/\/allin1bitcoins.com\/?page_id=20885"},"modified":"2023-02-10T19:40:36","modified_gmt":"2023-02-10T19:40:36","slug":"united-states","status":"publish","type":"page","link":"https:\/\/allin1bitcoins.com\/de\/crypto\/xen-crypto\/united-states\/","title":{"rendered":"Wie Kaufe Ich XEN Crypto (XEN) In Den USA"},"content":{"rendered":"\n<p>Eine M\u00f6glichkeit ist, Xen Crypto direkt von einer Kryptow\u00e4hrungsb\u00f6rse zu kaufen, die US-B\u00fcrger mit einer Kredit- oder Debitkarte erm\u00f6glicht. Coinbase, Kraken und Bitpanda sind einige B\u00f6rsen, die US-B\u00fcrgern erm\u00f6glichen, Xen Crypto mit einer Kredit- oder Debitkarte zu kaufen. Eine weitere M\u00f6glichkeit besteht darin, entweder Bitcoin oder Ethereum mit einer Kredit- oder Debitkarte zu erwerben und diese W\u00e4hrungen dann auf einer B\u00f6rse zu verwenden, die sie akzeptiert, um Xen Crypto zu kaufen.<\/p>\n\n\n\n<h2 class=\"wp-block-heading\">\u00dcberblick \u00fcber Xen Crypto <\/h2>\n\n\n\n<p>Um schnelle und sichere Online-Transaktionen zu erm\u00f6glichen, wurde Xen Crypto 2018 entwickelt. Da es auf der Ethereum-Blockchain aufgebaut ist, ist es dezentralisiert und l\u00e4uft auf einem Peer-to-Peer-Netzwerk. Daher wird weder das Angebot noch die Nachfrage nach Xen Crypto von einer zentralen Stelle reguliert und alle Transaktionen werden auf einer verteilten Ledger-Kette, der Blockchain, verifiziert und aufgezeichnet.<\/p>\n\n\n\n<p>Wie bei konventionellen W\u00e4hrungen kann Xen Crypto zur Aufbewahrung von Werten sowie zum Kauf und Verkauf von Produkten und Dienstleistungen online verwendet werden. Der Wert von Xen Crypto basiert auf Marktfaktoren wie Angebot und Nachfrage und hat eine endliche Versorgung von 100 Millionen M\u00fcnzen.<\/p>\n\n\n\n<h2 class=\"wp-block-heading\">Vorteile beim Kauf von Xen Crypto <\/h2>\n\n\n\n<p>Der Kauf von Xen Crypto hat eine Reihe von Vorteilen. Einer seiner wichtigsten Vorteile ist, dass es sich um einen dezentralisierten digitalen Verm\u00f6genswert handelt, der nicht unter der Gerichtsbarkeit einer zentralisierten Stelle wie einer Bank oder Regierung steht. Im Vergleich zu traditionellen W\u00e4hrungen, die h\u00e4ufig Inflation und Regierungseinmischungen ausgesetzt sind, macht dies es zu einer m\u00f6glicherweise sichereren und verl\u00e4sslicheren M\u00f6glichkeit, Wert zu speichern und zu \u00fcbertragen.<\/p>\n\n\n\n<p>Die Geschwindigkeit und Effektivit\u00e4t von Xen Crypto ist ein weiterer Vorteil. Im Gegensatz zu herk\u00f6mmlichen Finanztransaktionen, die typischerweise Tage zur Abwicklung ben\u00f6tigen, k\u00f6nnen Transaktionen in Minuten oder sogar Sekunden abgeschlossen werden. Dies macht es perfekt f\u00fcr den Einsatz bei Online-Transaktionen und f\u00fcr \u00dcberweisungen ins Ausland.<\/p>\n\n\n\n<p>Und zuletzt kann das Investieren in Xen Crypto sehr rentabel sein. Sein Wert basiert auf Marktfaktoren wie Angebot und Nachfrage, so dass ein Anstieg des Interesses an Xen Crypto dazu f\u00fchren kann, dass sich auch der Wert der M\u00fcnzen erh\u00f6ht. Dies bedeutet, dass der Kauf von Xen Crypto m\u00f6glicherweise erhebliche Renditen erzielen kann, wenn der Wert der W\u00e4hrung im Laufe der Zeit steigt.<\/p>\n\n\n\n<figure class=\"wp-block-embed is-type-video is-provider-youtube wp-block-embed-youtube wp-embed-aspect-16-9 wp-has-aspect-ratio\"><div class=\"wp-block-embed__wrapper\">\n<iframe title=\"Xen Crypto Price Prediction 2025\" width=\"800\" height=\"450\" src=\"https:\/\/www.youtube.com\/embed\/BrC_jfxqBgM?feature=oembed\" frameborder=\"0\" allow=\"accelerometer; autoplay; clipboard-write; encrypted-media; gyroscope; picture-in-picture; web-share\" allowfullscreen><\/iframe>\n<\/div><\/figure>\n\n\n\n<h2 class=\"wp-block-heading\">Wie man Xen Crypto in den USA kauft: Eine Schritt-f\u00fcr-Schritt-Anleitung<\/h2>\n\n\n\n<p><strong>Hier ist eine Schritt-f\u00fcr-Schritt-Anleitung zum Kauf von Xen Crypto, wenn Sie in den USA leben und m\u00f6chten:<\/strong><\/p>\n\n\n\n<ol><li>Xen Crypto kann mit einer Kredit- oder Debitkarte auf dem besten Kryptow\u00e4hrungsaustausch f\u00fcr US-B\u00fcrger gekauft werden. Coinbase, Kraken und Bitpanda sind unter den Alternativen.<br><br><\/li><li>Indem Sie Ihre E-Mail-Adresse und ein Passwort eingeben, k\u00f6nnen Sie ein Konto auf dem Austausch erstellen. Es kann auch sein, dass Sie private Daten wie Ihren Namen, Ihre Adresse und Ihre Telefonnummer einreichen m\u00fcssen.<br><br><\/li><li>Das Hochladen einer von der Regierung ausgestellten ID zu Ihrem Konto dient als Identit\u00e4tsnachweis. Sie sollten auch alle anderen von dem Austausch festgelegten Verifizierungsprozesse durchf\u00fchren.<br><br><\/li><li>Verbinden Sie den Austausch mit Ihrer Kredit- oder Debitkarte. Normalerweise k\u00f6nnen Sie dies tun, indem Sie die \u201eZahlungsmethoden\u201c-Sektion des Austauschs besuchen und Ihre Karte nach den Anweisungen auf dem Bildschirm hinzuf\u00fcgen.<br><br><\/li><li>Sie k\u00f6nnen Xen Crypto aus der Liste der verf\u00fcgbaren Verm\u00f6genswerte in der \u201eKaufen\/Verkaufen\u201c-Sektion des Austauschs ausw\u00e4hlen, nachdem Sie Ihre Karte verbunden haben.<br><br><\/li><li>Wenn Sie dazu aufgefordert werden, geben Sie die Menge an Xen Crypto ein, die Sie kaufen m\u00f6chten, und klicken Sie auf &#8220;Best\u00e4tigen&#8221;. Die M\u00fcnzen werden zu Ihrer Austausch-Brieftasche hinzugef\u00fcgt, von der Sie sie abheben k\u00f6nnen, wenn Sie m\u00f6chten.<\/li><\/ol>\n\n\n\n<h2 class=\"wp-block-heading\">Steuern auf Xen Kryptow\u00e4hrungsk\u00e4ufe in den USA<\/h2>\n\n\n\n<p>Wenn Sie Xen Crypto kaufen und in den USA leben, sind Sie verpflichtet, Steuern auf jegliche Gewinne zu zahlen, die Sie aus dem Verkauf der M\u00fcnzen erzielen. Ob die Gewinne als Kapitalgewinn oder Einkommen eingestuft werden, bestimmt, wie viel Steuern Sie zahlen m\u00fcssen.<\/p>\n\n\n\n<p>Gewinne sind Kapitalgewinnsteuern unterworfen, wenn sie als Kapitalgewinne eingestuft werden. Der Gewinn, den Sie erzielen, wenn Sie ein Gegenstand mit h\u00f6herem Wert verkaufen, unterliegt der Kapitalgewinnsteuer. Die H\u00f6he der Kapitalgewinnsteuer, die Sie zahlen m\u00fcssen, richtet sich nach Ihrem Einkommensniveau und der Dauer, die Sie den Gegenstand besessen haben, bevor Sie ihn verkauft haben. Gewinne bei Verm\u00f6genswerten, die f\u00fcr ein Jahr oder weniger als kurzfristige Kapitalgewinne eingestuft werden, werden mit Ihrem regul\u00e4ren Einkommensteuersatz besteuert. Gewinne bei Verm\u00f6genswerten, die l\u00e4nger als ein Jahr gehalten werden und als langfristige Kapitalgewinne eingestuft werden, werden zu einem niedrigeren Steuersatz besteuert. Abh\u00e4ngig von Ihrem Einkommensniveau betragen die aktuellen Steuers\u00e4tze f\u00fcr langfristige Kapitalgewinne <strong>0%, 15% oder 20%.<\/strong><\/p>\n\n\n\n<p>Gewinne sind Einkommensteuern unterworfen, wenn sie als Einkommen eingestuft werden. Ihr Einkommen aus Besch\u00e4ftigung, Selbstst\u00e4ndigkeit und Investitionen unterliegt der Einkommensteuer. Ihre H\u00f6he des Einkommens bestimmt den Einkommensteuersatz, den Sie zahlen m\u00fcssen. Die Vereinigten Staaten haben derzeit Einkommensteuers\u00e4tze von <strong>10%, 12%, 22%, 24%, 32%, 35% und 37%.<\/strong><\/p>\n\n\n\n<p>Es ist wichtig zu beachten, dass diese Steuergesetze je nach Ihrer besonderen Situation ge\u00e4ndert oder schwanken k\u00f6nnen. F\u00fcr weitere Informationen sollten Sie sich an einen Steuerexperten wenden oder die Website des Internal Revenue Service (IRS) besuchen.<\/p>\n\n\n\n<h2 class=\"wp-block-heading\">Schlussfolgerung<\/h2>\n\n\n\n<p>Zusammenfassend ist der Kauf von Xen Crypto in den USA ein einfacher Prozess, aber es ist wichtig, seine Forschungen durchzuf\u00fchren und eine zuverl\u00e4ssige B\u00f6rse auszuw\u00e4hlen. Der Kauf und Handel von Xen Crypto kann steuerliche Auswirkungen haben, da Gewinne Einkommens- oder Kapitalertragsteuern unterliegen k\u00f6nnen. Es ist eine gute Idee, einen Finanzberater oder Steuerexperten um Rat zu fragen, wenn Sie daran denken, Xen Crypto zu kaufen.<\/p>\n\n\n\n<!-- Page-list plugin v.5.9 wordpress.org\/plugins\/page-list\/ -->\n<ul class=\"page-list siblings-page-list \">\n<li class=\"page_item page-item-20885\"><a href=\"https:\/\/allin1bitcoins.com\/de\/crypto\/xen-crypto\/united-states\/\">Wie Kaufe Ich XEN Crypto (XEN) In Den USA<\/a><\/li>\n<li class=\"page_item page-item-20874\"><a href=\"https:\/\/allin1bitcoins.com\/de\/crypto\/xen-crypto\/united-kingdom\/\">Wie Man Xen Crypto (XEN) Im Vereinigten K\u00f6nigreich Kauft<\/a><\/li>\n<li class=\"page_item page-item-20908\"><a href=\"https:\/\/allin1bitcoins.com\/de\/crypto\/xen-crypto\/australia\/\">Wie Man XEN CRYPTO (XEN) In Australien Kauft<\/a><\/li>\n<li class=\"page_item page-item-20897\"><a href=\"https:\/\/allin1bitcoins.com\/de\/crypto\/xen-crypto\/canada\/\">Wie Man XEN Crypto (XEN) In Kanada Kauft<\/a><\/li>\n<li class=\"page_item page-item-20949\"><a href=\"https:\/\/allin1bitcoins.com\/de\/crypto\/xen-crypto\/bank-account\/\">Wie Man XEN Crypto (XEN) Mit Einem Bankkonto Kauft<\/a><\/li>\n<li class=\"page_item page-item-20930\"><a href=\"https:\/\/allin1bitcoins.com\/de\/crypto\/xen-crypto\/debit-card\/\">Wie Man XEN Crypto (XEN) Mit Einer Debitkarte Kauft<\/a><\/li>\n<li class=\"page_item page-item-20920\"><a href=\"https:\/\/allin1bitcoins.com\/de\/crypto\/xen-crypto\/credit-card\/\">Wie Man XEN Crypto (XEN) Mit Einer Kreditkarte Kauft<\/a><\/li>\n<li class=\"page_item page-item-20940\"><a href=\"https:\/\/allin1bitcoins.com\/de\/crypto\/xen-crypto\/paypal\/\">Wie Man XEN Crypto (XEN) Mit PayPal Kauft<\/a><\/li>\n\n<\/ul>\n","protected":false},"excerpt":{"rendered":"<p>Eine M\u00f6glichkeit ist, Xen Crypto direkt von einer Kryptow\u00e4hrungsb\u00f6rse zu kaufen, die US-B\u00fcrger mit einer Kredit- oder Debitkarte erm\u00f6glicht. Coinbase, Kraken und Bitpanda sind einige B\u00f6rsen, die US-B\u00fcrgern erm\u00f6glichen, Xen Crypto mit einer Kredit- oder Debitkarte zu kaufen. Eine weitere M\u00f6glichkeit besteht darin, entweder Bitcoin oder Ethereum mit einer Kredit- oder Debitkarte zu erwerben und&#8230;<\/p>\n","protected":false},"author":8,"featured_media":16146,"parent":20858,"menu_order":0,"comment_status":"closed","ping_status":"closed","template":"","meta":{"cybocfi_hide_featured_image":"","footnotes":""},"acf":[],"yoast_head":"<!-- This site is optimized with the Yoast SEO plugin v21.7 - https:\/\/yoast.com\/wordpress\/plugins\/seo\/ -->\n<title>Wie Kaufe Ich XEN Crypto (XEN) In Den USA<\/title>\n<meta name=\"description\" content=\"Der Kauf von Xen Crypto in den USA ist ein eher einfacher Prozess, aber es ist wichtig, seine Forschungen durchzuf\u00fchren.\" \/>\n<meta name=\"robots\" content=\"index, follow, max-snippet:-1, max-image-preview:large, max-video-preview:-1\" \/>\n<link rel=\"canonical\" href=\"https:\/\/allin1bitcoins.com\/de\/crypto\/xen-crypto\/united-states\/\" \/>\n<meta property=\"og:locale\" content=\"de_DE\" \/>\n<meta property=\"og:type\" content=\"article\" \/>\n<meta property=\"og:title\" content=\"Wie Kaufe Ich XEN Crypto (XEN) In Den USA\" \/>\n<meta property=\"og:description\" content=\"Der Kauf von Xen Crypto in den USA ist ein eher einfacher Prozess, aber es ist wichtig, seine Forschungen durchzuf\u00fchren.\" \/>\n<meta property=\"og:url\" content=\"https:\/\/allin1bitcoins.com\/de\/crypto\/xen-crypto\/united-states\/\" \/>\n<meta property=\"og:site_name\" content=\"Allin1Bitcoins\" \/>\n<meta property=\"article:modified_time\" content=\"2023-02-10T19:40:36+00:00\" \/>\n<meta property=\"og:image\" content=\"https:\/\/allin1bitcoins.com\/wp-content\/uploads\/2023\/01\/denise-chan-KZ-pyx0KLS0-unsplash.jpg\" \/>\n\t<meta property=\"og:image:width\" content=\"1920\" \/>\n\t<meta property=\"og:image:height\" content=\"1440\" \/>\n\t<meta property=\"og:image:type\" content=\"image\/jpeg\" \/>\n<meta name=\"twitter:card\" content=\"summary_large_image\" \/>\n<meta name=\"twitter:label1\" content=\"Est. reading time\" \/>\n\t<meta name=\"twitter:data1\" content=\"4 minutes\" \/>\n<!-- \/ Yoast SEO plugin. -->","yoast_head_json":{"title":"Wie Kaufe Ich XEN Crypto (XEN) In Den USA","description":"Der Kauf von Xen Crypto in den USA ist ein eher einfacher Prozess, aber es ist wichtig, seine Forschungen durchzuf\u00fchren.","robots":{"index":"index","follow":"follow","max-snippet":"max-snippet:-1","max-image-preview":"max-image-preview:large","max-video-preview":"max-video-preview:-1"},"canonical":"https:\/\/allin1bitcoins.com\/de\/crypto\/xen-crypto\/united-states\/","og_locale":"de_DE","og_type":"article","og_title":"Wie Kaufe Ich XEN Crypto (XEN) In Den USA","og_description":"Der Kauf von Xen Crypto in den USA ist ein eher einfacher Prozess, aber es ist wichtig, seine Forschungen durchzuf\u00fchren.","og_url":"https:\/\/allin1bitcoins.com\/de\/crypto\/xen-crypto\/united-states\/","og_site_name":"Allin1Bitcoins","article_modified_time":"2023-02-10T19:40:36+00:00","og_image":[{"width":1920,"height":1440,"url":"https:\/\/allin1bitcoins.com\/wp-content\/uploads\/2023\/01\/denise-chan-KZ-pyx0KLS0-unsplash.jpg","type":"image\/jpeg"}],"twitter_card":"summary_large_image","twitter_misc":{"Est. reading time":"4 minutes"},"schema":{"@context":"https:\/\/schema.org","@graph":[{"@type":"WebPage","@id":"https:\/\/allin1bitcoins.com\/de\/crypto\/xen-crypto\/united-states\/","url":"https:\/\/allin1bitcoins.com\/de\/crypto\/xen-crypto\/united-states\/","name":"Wie Kaufe Ich XEN Crypto (XEN) In Den USA","isPartOf":{"@id":"https:\/\/allin1bitcoins.com\/de\/#website"},"datePublished":"2023-02-10T19:40:32+00:00","dateModified":"2023-02-10T19:40:36+00:00","description":"Der Kauf von Xen Crypto in den USA ist ein eher einfacher Prozess, aber es ist wichtig, seine Forschungen durchzuf\u00fchren.","breadcrumb":{"@id":"https:\/\/allin1bitcoins.com\/de\/crypto\/xen-crypto\/united-states\/#breadcrumb"},"inLanguage":"de","potentialAction":[{"@type":"ReadAction","target":["https:\/\/allin1bitcoins.com\/de\/crypto\/xen-crypto\/united-states\/"]}]},{"@type":"BreadcrumbList","@id":"https:\/\/allin1bitcoins.com\/de\/crypto\/xen-crypto\/united-states\/#breadcrumb","itemListElement":[{"@type":"ListItem","position":1,"name":"Home","item":"https:\/\/allin1bitcoins.com\/de\/"},{"@type":"ListItem","position":2,"name":"Krypto","item":"https:\/\/allin1bitcoins.com\/de\/crypto\/"},{"@type":"ListItem","position":3,"name":"Wie Man Xen Crypto (XEN) Kauft &#8211; Schritt F\u00fcr Schritt Anleitung (2023)","item":"https:\/\/allin1bitcoins.com\/de\/crypto\/xen-crypto\/"},{"@type":"ListItem","position":4,"name":"Wie Kaufe Ich XEN Crypto (XEN) In Den USA"}]},{"@type":"WebSite","@id":"https:\/\/allin1bitcoins.com\/de\/#website","url":"https:\/\/allin1bitcoins.com\/de\/","name":"Allin1Bitcoins","description":"","publisher":{"@id":"https:\/\/allin1bitcoins.com\/de\/#organization"},"potentialAction":[{"@type":"SearchAction","target":{"@type":"EntryPoint","urlTemplate":"https:\/\/allin1bitcoins.com\/de\/?s={search_term_string}"},"query-input":"required name=search_term_string"}],"inLanguage":"de"},{"@type":"Organization","@id":"https:\/\/allin1bitcoins.com\/de\/#organization","name":"allin1bitcoins","url":"https:\/\/allin1bitcoins.com\/de\/","logo":{"@type":"ImageObject","inLanguage":"de","@id":"https:\/\/allin1bitcoins.com\/de\/#\/schema\/logo\/image\/","url":"https:\/\/allin1bitcoins.com\/wp-content\/uploads\/2019\/01\/logo-new.png","contentUrl":"https:\/\/allin1bitcoins.com\/wp-content\/uploads\/2019\/01\/logo-new.png","width":178,"height":71,"caption":"allin1bitcoins"},"image":{"@id":"https:\/\/allin1bitcoins.com\/de\/#\/schema\/logo\/image\/"}}]}},"_links":{"self":[{"href":"https:\/\/allin1bitcoins.com\/de\/wp-json\/wp\/v2\/pages\/20885"}],"collection":[{"href":"https:\/\/allin1bitcoins.com\/de\/wp-json\/wp\/v2\/pages"}],"about":[{"href":"https:\/\/allin1bitcoins.com\/de\/wp-json\/wp\/v2\/types\/page"}],"author":[{"embeddable":true,"href":"https:\/\/allin1bitcoins.com\/de\/wp-json\/wp\/v2\/users\/8"}],"replies":[{"embeddable":true,"href":"https:\/\/allin1bitcoins.com\/de\/wp-json\/wp\/v2\/comments?post=20885"}],"version-history":[{"count":1,"href":"https:\/\/allin1bitcoins.com\/de\/wp-json\/wp\/v2\/pages\/20885\/revisions"}],"predecessor-version":[{"id":20886,"href":"https:\/\/allin1bitcoins.com\/de\/wp-json\/wp\/v2\/pages\/20885\/revisions\/20886"}],"up":[{"embeddable":true,"href":"https:\/\/allin1bitcoins.com\/de\/wp-json\/wp\/v2\/pages\/20858"}],"wp:featuredmedia":[{"embeddable":true,"href":"https:\/\/allin1bitcoins.com\/de\/wp-json\/wp\/v2\/media\/16146"}],"wp:attachment":[{"href":"https:\/\/allin1bitcoins.com\/de\/wp-json\/wp\/v2\/media?parent=20885"}],"curies":[{"name":"wp","href":"https:\/\/api.w.org\/{rel}","templated":true}]}}