{"id":20964,"date":"2023-02-11T20:36:00","date_gmt":"2023-02-11T20:36:00","guid":{"rendered":"https:\/\/allin1bitcoins.com\/?page_id=20964"},"modified":"2023-02-11T20:36:03","modified_gmt":"2023-02-11T20:36:03","slug":"tune-fm","status":"publish","type":"page","link":"https:\/\/allin1bitcoins.com\/de\/crypto\/tune-fm\/","title":{"rendered":"Wie Man Tune.fm (JAM) Kauft \u2013 Schritt-f\u00fcr-Schritt-Anleitung (2023)"},"content":{"rendered":"\n<h2 class=\"wp-block-heading\">Um Tune.fm-M\u00fcnzen zu kaufen, m\u00fcssen Sie diese Schritte befolgen:<\/h2>\n\n\n\n<ul><li>Finden Sie eine B\u00f6rse, die Tune.fm-M\u00fcnzen auflistet und erstellen Sie ein Konto.<\/li><li>Legen Sie Geld auf Ihr Konto ein.<\/li><li>Platzieren Sie eine Order, um Tune.fm-M\u00fcnzen zu Ihrem gew\u00fcnschten Preis zu kaufen.<\/li><li>Warten Sie darauf, dass Ihre Bestellung ausgef\u00fchrt wird und Ihre Tune.fm-M\u00fcnzen auf Ihr Konto gutgeschrieben werden.<\/li><\/ul>\n\n\n\n<h2 class=\"wp-block-heading\">Einf\u00fchrung in Tune.fm-M\u00fcnzen<\/h2>\n\n\n\n<p>Tune.fm-M\u00fcnzen sind ein digitales Asset, das f\u00fcr die Verwendung auf der Tune.fm-Plattform erstellt wurde. Tune.fm ist ein Musikstreaming-Service, der es Benutzern erm\u00f6glicht, Musik zu h\u00f6ren und neue Musik zu entdecken. Es ist \u00e4hnlich wie andere beliebte Musikstreaming-Plattformen wie Spotify und Apple Music.<\/p>\n\n\n\n<p>Die Tune.fm-M\u00fcnzen werden als Zahlungsmittel auf der Plattform verwendet. Sie k\u00f6nnen verwendet werden, um Premium-Abonnements zu kaufen, K\u00fcnstler f\u00fcr ihre Musik zu bezahlen und andere Transaktionen innerhalb des Tune.fm-\u00d6kosystems durchzuf\u00fchren. Der Wert der Tune.fm-M\u00fcnzen wird durch Angebot und Nachfrage auf Kryptow\u00e4hrungsb\u00f6rsen bestimmt.<\/p>\n\n\n\n<h2 class=\"wp-block-heading\">\u00dcberblick \u00fcber den Prozess zum Kauf von Tune.fm-M\u00fcnzen<\/h2>\n\n\n\n<p>Um Tune.fm-M\u00fcnzen zu kaufen, m\u00fcssen Sie eine Kryptow\u00e4hrungsb\u00f6rse finden, die die M\u00fcnze auflistet, und ein Konto bei ihnen erstellen. Es gibt viele B\u00f6rsen zur Auswahl, und es ist wichtig, Ihre Hausaufgaben zu machen, um eine seri\u00f6se und vertrauensw\u00fcrdige B\u00f6rse zu finden. Einige Faktoren, die bei der Auswahl einer B\u00f6rse zu ber\u00fccksichtigen sind, sind ihre Geb\u00fchren, Sicherheitsma\u00dfnahmen und Benutzerbewertungen.<\/p>\n\n\n\n<p>Sobald Sie ein Konto erstellt haben, m\u00fcssen Sie Geld auf das Konto einzahlen. Dies kann normalerweise durch \u00dcberweisung von Ihrem Bankkonto oder durch Verwendung einer Debit- oder Kreditkarte erfolgen. Die spezifische Methode h\u00e4ngt von der B\u00f6rse und Ihrem Standort ab.<\/p>\n\n\n\n<p>Sobald Ihr Konto gef\u00fcllt ist, k\u00f6nnen Sie eine Bestellung zum Kauf von Tune.fm-Coin zu Ihrem gew\u00fcnschten Preis aufgeben. Die Bestellung wird im Bestellbuch der B\u00f6rse platziert und wird erf\u00fcllt, sobald ein Verk\u00e4ufer gefunden wird, der zu Ihrem angegebenen Preis verkaufen m\u00f6chte. Wenn der von Ihnen angegebene Preis h\u00f6her ist als der aktuelle Marktpreis, kann Ihre Bestellung nicht sofort erf\u00fcllt werden und wird stattdessen in eine Warteschlange gestellt, um zu einem sp\u00e4teren Zeitpunkt, wenn der Marktpreis Ihren angegebenen Wert erreicht, ausgef\u00fchrt zu werden.<\/p>\n\n\n\n<h2 class=\"wp-block-heading\">Schritte zum Kauf von Tune.fm-M\u00fcnzen<\/h2>\n\n\n\n<p><strong>Hier ist eine Schritt-f\u00fcr-Schritt-Anleitung zum Kauf von Tune.fm-M\u00fcnzen:<\/strong><\/p>\n\n\n\n<ol><li>Finden Sie eine B\u00f6rse, die Tune.fm-M\u00fcnzen auflistet und erstellen Sie ein Konto bei ihnen.<br><br><\/li><li>\u00dcberweisen Sie Geld auf Ihr Konto. Dies kann normalerweise durch \u00dcberweisung von Ihrem Bankkonto oder durch Verwendung einer Debit- oder Kreditkarte erfolgen.<br><br><\/li><li>Platzieren Sie eine Bestellung zum Kauf von Tune.fm-M\u00fcnzen zum gew\u00fcnschten Preis. Sie k\u00f6nnen eine Marktbestellung aufgeben, die zum aktuellen Marktpreis ausgef\u00fcllt wird, oder eine Limitbestellung, die zu einem bestimmten Preis oder besser ausgef\u00fcllt wird.<br><br><\/li><li>Warten Sie, bis Ihre Bestellung ausgef\u00fcllt wird. Wenn Sie eine Limitbestellung aufgegeben haben, kann es einige Zeit dauern, bis der Marktpreis Ihrem angegebenen Niveau entspricht.<br><br><\/li><li>Sobald Ihre Bestellung ausgef\u00fcllt wurde, werden Ihre Tune.fm-M\u00fcnzen auf Ihr Konto gutgeschrieben.<\/li><\/ol>\n\n\n\n<figure class=\"wp-block-embed is-type-video is-provider-youtube wp-block-embed-youtube wp-embed-aspect-16-9 wp-has-aspect-ratio\"><div class=\"wp-block-embed__wrapper\">\n<iframe title=\"Hedera HBAR Forum - Tune FM - Andrew Antar\" width=\"800\" height=\"450\" src=\"https:\/\/www.youtube.com\/embed\/4xyETV9UqH4?feature=oembed\" frameborder=\"0\" allow=\"accelerometer; autoplay; clipboard-write; encrypted-media; gyroscope; picture-in-picture; web-share\" allowfullscreen><\/iframe>\n<\/div><\/figure>\n\n\n\n<h2 class=\"wp-block-heading\">Vorteile des Kaufs von Tune.fm-M\u00fcnze<\/h2>\n\n\n\n<p><strong>Es gibt mehrere Vorteile beim Kauf von Tune.fm-M\u00fcnze:<\/strong><\/p>\n\n\n\n<ul><li><strong>Verwendung auf der Tune.fm-Plattform: <\/strong>Der Hauptvorteil des Kaufs von Tune.fm-M\u00fcnze ist, dass sie verwendet werden kann, um Premium-Abonnements und K\u00fcnstler auf der Tune.fm-Plattform zu bezahlen.<br><br><\/li><li><strong>Potenzial f\u00fcr Preissteigerung: <\/strong>Wie bei anderen Kryptow\u00e4hrungen wird der Wert von Tune.fm-M\u00fcnze durch Angebot und Nachfrage an B\u00f6rsen bestimmt. Wenn die Nachfrage nach Tune.fm-M\u00fcnze steigt, kann auch der Preis steigen.<br><br><\/li><li><strong>Niedrige Transaktionsgeb\u00fchren:<\/strong> Transaktionen mit Tune.fm-M\u00fcnze k\u00f6nnen im Vergleich zu anderen Zahlungsmethoden niedrigere Geb\u00fchren haben, da Kryptow\u00e4hrungstransaktionen in der Regel keine traditionellen Finanzinstitute beinhalten, was Prozessgeb\u00fchren spart. <br><br><\/li><li><strong>Sicherheit:<\/strong> Kryptow\u00e4hrungstransaktionen werden durch fortgeschrittene Verschl\u00fcsselungstechniken gesichert, was sie sicherer als andere Zahlungsmethoden machen kann.<\/li><\/ul>\n\n\n\n<h2 class=\"wp-block-heading\">Schlussfolgerung<\/h2>\n\n\n\n<p>Zusammenfassend ist der Kauf von Tune.fm-M\u00fcnze ein einfacher Prozess, der darin besteht, eine B\u00f6rse zu finden, die die M\u00fcnze auflistet, ein Konto zu erstellen, Gelder einzuzahlen und eine Bestellung zum Kauf aufzugeben. Die Tune.fm-M\u00fcnze kann auf der Tune.fm-Plattform verwendet werden, um Premium-Abonnements und K\u00fcnstler zu bezahlen, und sie hat auch das Potenzial f\u00fcr eine Preissteigerung. Dar\u00fcber hinaus k\u00f6nnen Transaktionen mit Tune.fm-M\u00fcnze im Vergleich zu anderen Zahlungsmethoden niedrigere Geb\u00fchren und erh\u00f6hte Sicherheit bieten.<\/p>\n\n\n\n<!-- Page-list plugin v.5.9 wordpress.org\/plugins\/page-list\/ -->\n<ul class=\"page-list subpages-page-list \">\n<li class=\"page_item page-item-21035\"><a href=\"https:\/\/allin1bitcoins.com\/de\/crypto\/tune-fm\/united-states\/\">Wie Man Tune.fm (JAM) In Den Vereinigten Staaten Kauft<\/a><\/li>\n<li class=\"page_item page-item-20973\"><a href=\"https:\/\/allin1bitcoins.com\/de\/crypto\/tune-fm\/united-kingdom\/\">Wie Man Tune.fm (JAM) In Gro\u00dfbritannien Kauft<\/a><\/li>\n<li class=\"page_item page-item-21046\"><a href=\"https:\/\/allin1bitcoins.com\/de\/crypto\/tune-fm\/canada\/\">Wie Man Tune.fm (JAM) In Kanada Kauft<\/a><\/li>\n<li class=\"page_item page-item-21024\"><a href=\"https:\/\/allin1bitcoins.com\/de\/crypto\/tune-fm\/australia\/\">Wie Man Tune.fm (JAM) Mit Australien Kauft<\/a><\/li>\n<li class=\"page_item page-item-20984\"><a href=\"https:\/\/allin1bitcoins.com\/de\/crypto\/tune-fm\/bank-account\/\">Wie Man Tune.fm (JAM) Mit Einem Bankkonto Kauft<\/a><\/li>\n<li class=\"page_item page-item-21001\"><a href=\"https:\/\/allin1bitcoins.com\/de\/crypto\/tune-fm\/debit-card\/\">Wie Man Tune.fm (JAM) Mit Einer Debitkarte Kauft<\/a><\/li>\n<li class=\"page_item page-item-20992\"><a href=\"https:\/\/allin1bitcoins.com\/de\/crypto\/tune-fm\/paypal\/\">Wie Man Tune.fm (JAM) Mit PayPal Kauft<\/a><\/li>\n<li class=\"page_item page-item-21014\"><a href=\"https:\/\/allin1bitcoins.com\/de\/crypto\/tune-fm\/credit-card\/\">Wie Tune.fm (JAM) Mit Einer Kreditkarte Kaufen<\/a><\/li>\n\n<\/ul>\n","protected":false},"excerpt":{"rendered":"<p>Um Tune.fm-M\u00fcnzen zu kaufen, m\u00fcssen Sie diese Schritte befolgen: Finden Sie eine B\u00f6rse, die Tune.fm-M\u00fcnzen auflistet und erstellen Sie ein Konto. Legen Sie Geld auf Ihr Konto ein. Platzieren Sie eine Order, um Tune.fm-M\u00fcnzen zu Ihrem gew\u00fcnschten Preis zu kaufen. Warten Sie darauf, dass Ihre Bestellung ausgef\u00fchrt wird und Ihre Tune.fm-M\u00fcnzen auf Ihr Konto gutgeschrieben&#8230;<\/p>\n","protected":false},"author":8,"featured_media":16618,"parent":19852,"menu_order":0,"comment_status":"closed","ping_status":"closed","template":"","meta":{"cybocfi_hide_featured_image":"","footnotes":""},"acf":[],"yoast_head":"<!-- This site is optimized with the Yoast SEO plugin v21.7 - https:\/\/yoast.com\/wordpress\/plugins\/seo\/ -->\n<title>Wie Man Tune.fm (JAM) Kauft \u2013 Schritt-f\u00fcr-Schritt-Anleitung<\/title>\n<meta name=\"description\" content=\"Das Kaufen der Tune.fm ist ein einfacher Prozess, der darin besteht, eine B\u00f6rse zu finden, die die M\u00fcnze auflistet, ein Konto zu erstellen.\" \/>\n<meta name=\"robots\" content=\"index, follow, max-snippet:-1, max-image-preview:large, max-video-preview:-1\" \/>\n<link rel=\"canonical\" href=\"https:\/\/allin1bitcoins.com\/de\/crypto\/tune-fm\/\" \/>\n<meta property=\"og:locale\" content=\"de_DE\" \/>\n<meta property=\"og:type\" content=\"article\" \/>\n<meta property=\"og:title\" content=\"Wie Man Tune.fm (JAM) Kauft \u2013 Schritt-f\u00fcr-Schritt-Anleitung\" \/>\n<meta property=\"og:description\" content=\"Das Kaufen der Tune.fm ist ein einfacher Prozess, der darin besteht, eine B\u00f6rse zu finden, die die M\u00fcnze auflistet, ein Konto zu erstellen.\" \/>\n<meta property=\"og:url\" content=\"https:\/\/allin1bitcoins.com\/de\/crypto\/tune-fm\/\" \/>\n<meta property=\"og:site_name\" content=\"Allin1Bitcoins\" \/>\n<meta property=\"article:modified_time\" content=\"2023-02-11T20:36:03+00:00\" \/>\n<meta property=\"og:image\" content=\"https:\/\/allin1bitcoins.com\/wp-content\/uploads\/2023\/01\/stibits-X1ECk9H-eyI-unsplash.jpg\" \/>\n\t<meta property=\"og:image:width\" content=\"1920\" \/>\n\t<meta property=\"og:image:height\" content=\"1080\" \/>\n\t<meta property=\"og:image:type\" content=\"image\/jpeg\" \/>\n<meta name=\"twitter:card\" content=\"summary_large_image\" \/>\n<meta name=\"twitter:label1\" content=\"Est. reading time\" \/>\n\t<meta name=\"twitter:data1\" content=\"3 minutes\" \/>\n<!-- \/ Yoast SEO plugin. -->","yoast_head_json":{"title":"Wie Man Tune.fm (JAM) Kauft \u2013 Schritt-f\u00fcr-Schritt-Anleitung","description":"Das Kaufen der Tune.fm ist ein einfacher Prozess, der darin besteht, eine B\u00f6rse zu finden, die die M\u00fcnze auflistet, ein Konto zu erstellen.","robots":{"index":"index","follow":"follow","max-snippet":"max-snippet:-1","max-image-preview":"max-image-preview:large","max-video-preview":"max-video-preview:-1"},"canonical":"https:\/\/allin1bitcoins.com\/de\/crypto\/tune-fm\/","og_locale":"de_DE","og_type":"article","og_title":"Wie Man Tune.fm (JAM) Kauft \u2013 Schritt-f\u00fcr-Schritt-Anleitung","og_description":"Das Kaufen der Tune.fm ist ein einfacher Prozess, der darin besteht, eine B\u00f6rse zu finden, die die M\u00fcnze auflistet, ein Konto zu erstellen.","og_url":"https:\/\/allin1bitcoins.com\/de\/crypto\/tune-fm\/","og_site_name":"Allin1Bitcoins","article_modified_time":"2023-02-11T20:36:03+00:00","og_image":[{"width":1920,"height":1080,"url":"https:\/\/allin1bitcoins.com\/wp-content\/uploads\/2023\/01\/stibits-X1ECk9H-eyI-unsplash.jpg","type":"image\/jpeg"}],"twitter_card":"summary_large_image","twitter_misc":{"Est. reading time":"3 minutes"},"schema":{"@context":"https:\/\/schema.org","@graph":[{"@type":"WebPage","@id":"https:\/\/allin1bitcoins.com\/de\/crypto\/tune-fm\/","url":"https:\/\/allin1bitcoins.com\/de\/crypto\/tune-fm\/","name":"Wie Man Tune.fm (JAM) Kauft \u2013 Schritt-f\u00fcr-Schritt-Anleitung","isPartOf":{"@id":"https:\/\/allin1bitcoins.com\/de\/#website"},"datePublished":"2023-02-11T20:36:00+00:00","dateModified":"2023-02-11T20:36:03+00:00","description":"Das Kaufen der Tune.fm ist ein einfacher Prozess, der darin besteht, eine B\u00f6rse zu finden, die die M\u00fcnze auflistet, ein Konto zu erstellen.","breadcrumb":{"@id":"https:\/\/allin1bitcoins.com\/de\/crypto\/tune-fm\/#breadcrumb"},"inLanguage":"de","potentialAction":[{"@type":"ReadAction","target":["https:\/\/allin1bitcoins.com\/de\/crypto\/tune-fm\/"]}]},{"@type":"BreadcrumbList","@id":"https:\/\/allin1bitcoins.com\/de\/crypto\/tune-fm\/#breadcrumb","itemListElement":[{"@type":"ListItem","position":1,"name":"Home","item":"https:\/\/allin1bitcoins.com\/de\/"},{"@type":"ListItem","position":2,"name":"Krypto","item":"https:\/\/allin1bitcoins.com\/de\/crypto\/"},{"@type":"ListItem","position":3,"name":"Wie Man Tune.fm (JAM) Kauft \u2013 Schritt-f\u00fcr-Schritt-Anleitung (2023)"}]},{"@type":"WebSite","@id":"https:\/\/allin1bitcoins.com\/de\/#website","url":"https:\/\/allin1bitcoins.com\/de\/","name":"Allin1Bitcoins","description":"","publisher":{"@id":"https:\/\/allin1bitcoins.com\/de\/#organization"},"potentialAction":[{"@type":"SearchAction","target":{"@type":"EntryPoint","urlTemplate":"https:\/\/allin1bitcoins.com\/de\/?s={search_term_string}"},"query-input":"required name=search_term_string"}],"inLanguage":"de"},{"@type":"Organization","@id":"https:\/\/allin1bitcoins.com\/de\/#organization","name":"allin1bitcoins","url":"https:\/\/allin1bitcoins.com\/de\/","logo":{"@type":"ImageObject","inLanguage":"de","@id":"https:\/\/allin1bitcoins.com\/de\/#\/schema\/logo\/image\/","url":"https:\/\/allin1bitcoins.com\/wp-content\/uploads\/2019\/01\/logo-new.png","contentUrl":"https:\/\/allin1bitcoins.com\/wp-content\/uploads\/2019\/01\/logo-new.png","width":178,"height":71,"caption":"allin1bitcoins"},"image":{"@id":"https:\/\/allin1bitcoins.com\/de\/#\/schema\/logo\/image\/"}}]}},"_links":{"self":[{"href":"https:\/\/allin1bitcoins.com\/de\/wp-json\/wp\/v2\/pages\/20964"}],"collection":[{"href":"https:\/\/allin1bitcoins.com\/de\/wp-json\/wp\/v2\/pages"}],"about":[{"href":"https:\/\/allin1bitcoins.com\/de\/wp-json\/wp\/v2\/types\/page"}],"author":[{"embeddable":true,"href":"https:\/\/allin1bitcoins.com\/de\/wp-json\/wp\/v2\/users\/8"}],"replies":[{"embeddable":true,"href":"https:\/\/allin1bitcoins.com\/de\/wp-json\/wp\/v2\/comments?post=20964"}],"version-history":[{"count":1,"href":"https:\/\/allin1bitcoins.com\/de\/wp-json\/wp\/v2\/pages\/20964\/revisions"}],"predecessor-version":[{"id":20965,"href":"https:\/\/allin1bitcoins.com\/de\/wp-json\/wp\/v2\/pages\/20964\/revisions\/20965"}],"up":[{"embeddable":true,"href":"https:\/\/allin1bitcoins.com\/de\/wp-json\/wp\/v2\/pages\/19852"}],"wp:featuredmedia":[{"embeddable":true,"href":"https:\/\/allin1bitcoins.com\/de\/wp-json\/wp\/v2\/media\/16618"}],"wp:attachment":[{"href":"https:\/\/allin1bitcoins.com\/de\/wp-json\/wp\/v2\/media?parent=20964"}],"curies":[{"name":"wp","href":"https:\/\/api.w.org\/{rel}","templated":true}]}}