{"id":21046,"date":"2023-02-12T08:39:31","date_gmt":"2023-02-12T08:39:31","guid":{"rendered":"https:\/\/allin1bitcoins.com\/?page_id=21046"},"modified":"2023-02-12T08:39:38","modified_gmt":"2023-02-12T08:39:38","slug":"canada","status":"publish","type":"page","link":"https:\/\/allin1bitcoins.com\/de\/crypto\/tune-fm\/canada\/","title":{"rendered":"Wie Man Tune.fm (JAM) In Kanada Kauft"},"content":{"rendered":"\n<h2 class=\"wp-block-heading\">Um Tune.fm Coin in Kanada zu kaufen, musst du diese Schritte befolgen: <\/h2>\n\n\n\n<ul><li>Finde eine Kryptow\u00e4hrungsb\u00f6rse, die Tune.fm Coin listen und Kunden aus Kanada akzeptiert. <\/li><li>Erstelle ein Konto bei der B\u00f6rse und verifiziere deine Identit\u00e4t. <\/li><li>Deponiere Geld auf deinem Konto mithilfe einer Bank\u00fcberweisung oder einer Debit- oder Kreditkarte. <\/li><li>Platziere eine Bestellung, um Tune.fm Coin zu deinem gew\u00fcnschten Preis zu kaufen. <\/li><li>Warte darauf, dass deine Bestellung ausgef\u00fchrt wird und dein Tune.fm Coin auf deinem Konto gutgeschrieben wird. <\/li><\/ul>\n\n\n\n<h2 class=\"wp-block-heading\">\u00dcberblick \u00fcber Tune.fm Coin <\/h2>\n\n\n\n<p>Tune.fm Coin ist ein digitales Asset, das f\u00fcr die Verwendung auf der Tune.fm-Plattform erstellt wurde. Tune.fm ist ein Musik-Streaming-Service, der es Benutzern erm\u00f6glicht, Musik zu h\u00f6ren und neue Musik zu entdecken. Es \u00e4hnelt anderen beliebten Musik-Streaming-Plattformen wie Spotify und Apple Music.<\/p>\n\n\n\n<p>Das Tune.fm Coin wird als Zahlungsmittel auf der Plattform verwendet. Es kann verwendet werden, um Premium-Abonnements zu kaufen, K\u00fcnstler f\u00fcr ihre Musik zu bezahlen und andere Transaktionen im Tune.fm-\u00d6kosystem durchzuf\u00fchren. Der Wert des Tune.fm Coin wird durch Angebot und Nachfrage auf Kryptow\u00e4hrungsb\u00f6rsen bestimmt.<\/p>\n\n\n\n<h2 class=\"wp-block-heading\">Vorteile des Kaufs von Tune.fm Coin <\/h2>\n\n\n\n<p><strong>Es gibt mehrere Vorteile beim Kauf von Tune.fm Coin:<\/strong><\/p>\n\n\n\n<ul><li><strong>Verwendung auf der Tune.fm-Plattform: <\/strong>Der Hauptvorteil beim Kauf von Tune.fm Coin ist, dass es verwendet werden kann, um Premium-Abonnements und K\u00fcnstler auf der Tune.fm-Plattform zu bezahlen.<br><br><\/li><li><strong>Potential f\u00fcr Preissteigerung: <\/strong>Wie andere Kryptow\u00e4hrungen h\u00e4ngt der Wert von Tune.fm Coin von Angebot und Nachfrage auf B\u00f6rsen ab. Wenn die Nachfrage nach Tune.fm Coin zunimmt, kann auch der Preis steigen.<br><br><br><\/li><li><strong>Niedrige Transaktionsgeb\u00fchren: <\/strong>Transaktionen mit Tune.fm Coin k\u00f6nnen geringere Geb\u00fchren im Vergleich zu anderen Zahlungsmethoden haben, da Kryptow\u00e4hrungstransaktionen in der Regel keine traditionellen Finanzinstitute beinhalten, was Prozessgeb\u00fchren einspart.<br><br><\/li><li><strong>Sicherheit:<\/strong> Kryptow\u00e4hrungstransaktionen werden durch fortgeschrittene Verschl\u00fcsselungstechniken gesichert, was sie sicherer als andere Zahlungsmethoden machen kann.<\/li><\/ul>\n\n\n\n<figure class=\"wp-block-embed is-type-video is-provider-youtube wp-block-embed-youtube wp-embed-aspect-16-9 wp-has-aspect-ratio\"><div class=\"wp-block-embed__wrapper\">\n<iframe title=\"$JAM - TUNE.FM TOKEN - JAM CRYPTO COIN ALTCOIN HOW TO BUY MUSIC NFTS BSC ETH HOTBIT TUNEFM TUNE FM\" width=\"800\" height=\"450\" src=\"https:\/\/www.youtube.com\/embed\/UXCfPcOlS7A?feature=oembed\" frameborder=\"0\" allow=\"accelerometer; autoplay; clipboard-write; encrypted-media; gyroscope; picture-in-picture; web-share\" allowfullscreen><\/iframe>\n<\/div><\/figure>\n\n\n\n<h2 class=\"wp-block-heading\">Hier ist eine Schritt-f\u00fcr-Schritt-Anleitung zum Kauf von Tune.fm Coin in Kanada:<\/h2>\n\n\n\n<ol><li>Suchen Sie eine Kryptow\u00e4hrungsb\u00f6rse, die Tune.fm Coin auflistet und Kunden aus Kanada akzeptiert. Einige seri\u00f6se B\u00f6rsen, die in Betracht gezogen werden k\u00f6nnen, sind Coinbase, Binance und Kraken.<br><br><\/li><li>Erstellen Sie ein Konto bei der B\u00f6rse und verifizieren Sie Ihre Identit\u00e4t. Die meisten B\u00f6rsen erfordern von Ihnen, pers\u00f6nliche Informationen und Identit\u00e4tsnachweise zu liefern, bevor Sie mit dem Handel beginnen k\u00f6nnen.<br><br><\/li><li>\u00dcberweisen Sie Geld auf Ihr Konto per Bank\u00fcberweisung oder per Debit- oder Kreditkarte. Die genaue Methode h\u00e4ngt von der B\u00f6rse und Ihrem Standort ab.<br><br><\/li><li>Platzieren Sie eine Bestellung zum Kauf von Tune.fm Coin zu Ihrem gew\u00fcnschten Preis. Sie k\u00f6nnen eine Marktorder platzieren, die zum aktuellen Marktpreis ausgef\u00fchrt wird, oder eine Limit-Order, die zu einem bestimmten Preis oder besser ausgef\u00fchrt wird.<br><br><\/li><li>Warten Sie, bis Ihre Bestellung ausgef\u00fchrt wird. Wenn Sie eine Limit-Order platziert haben, kann es einige Zeit dauern, bis der Marktpreis Ihr festgelegtes Niveau erreicht.<br><br><\/li><li>Sobald Ihre Bestellung ausgef\u00fchrt wurde, wird Ihr Tune.fm Coin auf Ihr Konto gutgeschrieben.<\/li><\/ol>\n\n\n\n<h2 class=\"wp-block-heading\">Steuer beim Kauf von Tune.fm-Coin in Kanada<\/h2>\n\n\n\n<p>In Kanada h\u00e4ngt die steuerliche Behandlung von Kryptow\u00e4hrungstransaktionen von den jeweiligen Umst\u00e4nden und der Art der Transaktion ab. Im Allgemeinen, wenn Sie Tune.fm-Coin als Anlage kaufen und sp\u00e4ter zu einem Gewinn verkaufen, sind Sie einer Kapitalertragssteuer auf den Gewinn unterworfen.<\/p>\n\n\n\n<p>Wenn Sie Tune.fm-Coin jedoch zum Kauf von Waren oder Dienstleistungen verwenden, k\u00f6nnen Sie der Umsatzsteuer (GST) oder der harmonisierten Umsatzsteuer (HST) auf der Transaktion unterworfen sein. Es ist wichtig, sich von einem Steuerexperten beraten zu lassen oder die Canada Revenue Agency (CRA) zu konsultieren, um die steuerlichen Auswirkungen Ihrer Tune.fm-Coin-K\u00e4ufe zu bestimmen.<\/p>\n\n\n\n<h2 class=\"wp-block-heading\">Schlussfolgerung<\/h2>\n\n\n\n<p>Zusammenfassend ist der Kauf von Tune.fm-Coin in Kanada ein einfacher Prozess, der darin besteht, eine renommierte B\u00f6rse zu finden, die die M\u00fcnze auflistet und Kunden aus Kanada akzeptiert, ein Konto zu erstellen und Ihre Identit\u00e4t zu verifizieren, Gelder einzuzahlen und eine Kauforder aufzugeben. Das Tune.fm-Coin kann auf der Tune.fm-Plattform verwendet werden, um Premium-Abonnements zu kaufen und K\u00fcnstlern zu bezahlen und hat auch das Potenzial zur Wertsteigerung. Dar\u00fcber hinaus k\u00f6nnen Transaktionen mit Tune.fm-Coin geringere Geb\u00fchren haben und eine erh\u00f6hte Sicherheit im Vergleich zu anderen Zahlungsmethoden bieten. Es ist wichtig, sich \u00fcber die steuerlichen Auswirkungen Ihrer Tune.fm-Coin-K\u00e4ufe im Klaren zu sein und gegebenenfalls einen Steuerexperten oder die CRA zu konsultieren.<\/p>\n\n\n\n<!-- Page-list plugin v.5.9 wordpress.org\/plugins\/page-list\/ -->\n<ul class=\"page-list siblings-page-list \">\n<li class=\"page_item page-item-21035\"><a href=\"https:\/\/allin1bitcoins.com\/de\/crypto\/tune-fm\/united-states\/\">Wie Man Tune.fm (JAM) In Den Vereinigten Staaten Kauft<\/a><\/li>\n<li class=\"page_item page-item-20973\"><a href=\"https:\/\/allin1bitcoins.com\/de\/crypto\/tune-fm\/united-kingdom\/\">Wie Man Tune.fm (JAM) In Gro\u00dfbritannien Kauft<\/a><\/li>\n<li class=\"page_item page-item-21046\"><a href=\"https:\/\/allin1bitcoins.com\/de\/crypto\/tune-fm\/canada\/\">Wie Man Tune.fm (JAM) In Kanada Kauft<\/a><\/li>\n<li class=\"page_item page-item-21024\"><a href=\"https:\/\/allin1bitcoins.com\/de\/crypto\/tune-fm\/australia\/\">Wie Man Tune.fm (JAM) Mit Australien Kauft<\/a><\/li>\n<li class=\"page_item page-item-20984\"><a href=\"https:\/\/allin1bitcoins.com\/de\/crypto\/tune-fm\/bank-account\/\">Wie Man Tune.fm (JAM) Mit Einem Bankkonto Kauft<\/a><\/li>\n<li class=\"page_item page-item-21001\"><a href=\"https:\/\/allin1bitcoins.com\/de\/crypto\/tune-fm\/debit-card\/\">Wie Man Tune.fm (JAM) Mit Einer Debitkarte Kauft<\/a><\/li>\n<li class=\"page_item page-item-20992\"><a href=\"https:\/\/allin1bitcoins.com\/de\/crypto\/tune-fm\/paypal\/\">Wie Man Tune.fm (JAM) Mit PayPal Kauft<\/a><\/li>\n<li class=\"page_item page-item-21014\"><a href=\"https:\/\/allin1bitcoins.com\/de\/crypto\/tune-fm\/credit-card\/\">Wie Tune.fm (JAM) Mit Einer Kreditkarte Kaufen<\/a><\/li>\n\n<\/ul>\n","protected":false},"excerpt":{"rendered":"<p>Um Tune.fm Coin in Kanada zu kaufen, musst du diese Schritte befolgen: Finde eine Kryptow\u00e4hrungsb\u00f6rse, die Tune.fm Coin listen und Kunden aus Kanada akzeptiert. Erstelle ein Konto bei der B\u00f6rse und verifiziere deine Identit\u00e4t. Deponiere Geld auf deinem Konto mithilfe einer Bank\u00fcberweisung oder einer Debit- oder Kreditkarte. Platziere eine Bestellung, um Tune.fm Coin zu deinem&#8230;<\/p>\n","protected":false},"author":8,"featured_media":16540,"parent":20964,"menu_order":0,"comment_status":"closed","ping_status":"closed","template":"","meta":{"cybocfi_hide_featured_image":"","footnotes":""},"acf":[],"yoast_head":"<!-- This site is optimized with the Yoast SEO plugin v21.7 - https:\/\/yoast.com\/wordpress\/plugins\/seo\/ -->\n<title>Wie Man Tune.fm (JAM) In Kanada Kauft<\/title>\n<meta name=\"description\" content=\"Das Kaufen von Tune.fm in Kanada ist ein einfacher Prozess, der darin besteht, eine seri\u00f6se B\u00f6rse zu finden, die die M\u00fcnze aufgelistet hat.\" \/>\n<meta name=\"robots\" content=\"index, follow, max-snippet:-1, max-image-preview:large, max-video-preview:-1\" \/>\n<link rel=\"canonical\" href=\"https:\/\/allin1bitcoins.com\/de\/crypto\/tune-fm\/canada\/\" \/>\n<meta property=\"og:locale\" content=\"de_DE\" \/>\n<meta property=\"og:type\" content=\"article\" \/>\n<meta property=\"og:title\" content=\"Wie Man Tune.fm (JAM) In Kanada Kauft\" \/>\n<meta property=\"og:description\" content=\"Das Kaufen von Tune.fm in Kanada ist ein einfacher Prozess, der darin besteht, eine seri\u00f6se B\u00f6rse zu finden, die die M\u00fcnze aufgelistet hat.\" \/>\n<meta property=\"og:url\" content=\"https:\/\/allin1bitcoins.com\/de\/crypto\/tune-fm\/canada\/\" \/>\n<meta property=\"og:site_name\" content=\"Allin1Bitcoins\" \/>\n<meta property=\"article:modified_time\" content=\"2023-02-12T08:39:38+00:00\" \/>\n<meta property=\"og:image\" content=\"https:\/\/allin1bitcoins.com\/wp-content\/uploads\/2023\/01\/mathieu-stern-1fzyz-bmKBw-unsplash.jpg\" \/>\n\t<meta property=\"og:image:width\" content=\"1920\" \/>\n\t<meta property=\"og:image:height\" content=\"1280\" \/>\n\t<meta property=\"og:image:type\" content=\"image\/jpeg\" \/>\n<meta name=\"twitter:card\" content=\"summary_large_image\" \/>\n<meta name=\"twitter:label1\" content=\"Est. reading time\" \/>\n\t<meta name=\"twitter:data1\" content=\"3 minutes\" \/>\n<!-- \/ Yoast SEO plugin. -->","yoast_head_json":{"title":"Wie Man Tune.fm (JAM) In Kanada Kauft","description":"Das Kaufen von Tune.fm in Kanada ist ein einfacher Prozess, der darin besteht, eine seri\u00f6se B\u00f6rse zu finden, die die M\u00fcnze aufgelistet hat.","robots":{"index":"index","follow":"follow","max-snippet":"max-snippet:-1","max-image-preview":"max-image-preview:large","max-video-preview":"max-video-preview:-1"},"canonical":"https:\/\/allin1bitcoins.com\/de\/crypto\/tune-fm\/canada\/","og_locale":"de_DE","og_type":"article","og_title":"Wie Man Tune.fm (JAM) In Kanada Kauft","og_description":"Das Kaufen von Tune.fm in Kanada ist ein einfacher Prozess, der darin besteht, eine seri\u00f6se B\u00f6rse zu finden, die die M\u00fcnze aufgelistet hat.","og_url":"https:\/\/allin1bitcoins.com\/de\/crypto\/tune-fm\/canada\/","og_site_name":"Allin1Bitcoins","article_modified_time":"2023-02-12T08:39:38+00:00","og_image":[{"width":1920,"height":1280,"url":"https:\/\/allin1bitcoins.com\/wp-content\/uploads\/2023\/01\/mathieu-stern-1fzyz-bmKBw-unsplash.jpg","type":"image\/jpeg"}],"twitter_card":"summary_large_image","twitter_misc":{"Est. reading time":"3 minutes"},"schema":{"@context":"https:\/\/schema.org","@graph":[{"@type":"WebPage","@id":"https:\/\/allin1bitcoins.com\/de\/crypto\/tune-fm\/canada\/","url":"https:\/\/allin1bitcoins.com\/de\/crypto\/tune-fm\/canada\/","name":"Wie Man Tune.fm (JAM) In Kanada Kauft","isPartOf":{"@id":"https:\/\/allin1bitcoins.com\/de\/#website"},"datePublished":"2023-02-12T08:39:31+00:00","dateModified":"2023-02-12T08:39:38+00:00","description":"Das Kaufen von Tune.fm in Kanada ist ein einfacher Prozess, der darin besteht, eine seri\u00f6se B\u00f6rse zu finden, die die M\u00fcnze aufgelistet hat.","breadcrumb":{"@id":"https:\/\/allin1bitcoins.com\/de\/crypto\/tune-fm\/canada\/#breadcrumb"},"inLanguage":"de","potentialAction":[{"@type":"ReadAction","target":["https:\/\/allin1bitcoins.com\/de\/crypto\/tune-fm\/canada\/"]}]},{"@type":"BreadcrumbList","@id":"https:\/\/allin1bitcoins.com\/de\/crypto\/tune-fm\/canada\/#breadcrumb","itemListElement":[{"@type":"ListItem","position":1,"name":"Home","item":"https:\/\/allin1bitcoins.com\/de\/"},{"@type":"ListItem","position":2,"name":"Krypto","item":"https:\/\/allin1bitcoins.com\/de\/crypto\/"},{"@type":"ListItem","position":3,"name":"Wie Man Tune.fm (JAM) Kauft \u2013 Schritt-f\u00fcr-Schritt-Anleitung (2023)","item":"https:\/\/allin1bitcoins.com\/de\/crypto\/tune-fm\/"},{"@type":"ListItem","position":4,"name":"Wie Man Tune.fm (JAM) In Kanada Kauft"}]},{"@type":"WebSite","@id":"https:\/\/allin1bitcoins.com\/de\/#website","url":"https:\/\/allin1bitcoins.com\/de\/","name":"Allin1Bitcoins","description":"","publisher":{"@id":"https:\/\/allin1bitcoins.com\/de\/#organization"},"potentialAction":[{"@type":"SearchAction","target":{"@type":"EntryPoint","urlTemplate":"https:\/\/allin1bitcoins.com\/de\/?s={search_term_string}"},"query-input":"required name=search_term_string"}],"inLanguage":"de"},{"@type":"Organization","@id":"https:\/\/allin1bitcoins.com\/de\/#organization","name":"allin1bitcoins","url":"https:\/\/allin1bitcoins.com\/de\/","logo":{"@type":"ImageObject","inLanguage":"de","@id":"https:\/\/allin1bitcoins.com\/de\/#\/schema\/logo\/image\/","url":"https:\/\/allin1bitcoins.com\/wp-content\/uploads\/2019\/01\/logo-new.png","contentUrl":"https:\/\/allin1bitcoins.com\/wp-content\/uploads\/2019\/01\/logo-new.png","width":178,"height":71,"caption":"allin1bitcoins"},"image":{"@id":"https:\/\/allin1bitcoins.com\/de\/#\/schema\/logo\/image\/"}}]}},"_links":{"self":[{"href":"https:\/\/allin1bitcoins.com\/de\/wp-json\/wp\/v2\/pages\/21046"}],"collection":[{"href":"https:\/\/allin1bitcoins.com\/de\/wp-json\/wp\/v2\/pages"}],"about":[{"href":"https:\/\/allin1bitcoins.com\/de\/wp-json\/wp\/v2\/types\/page"}],"author":[{"embeddable":true,"href":"https:\/\/allin1bitcoins.com\/de\/wp-json\/wp\/v2\/users\/8"}],"replies":[{"embeddable":true,"href":"https:\/\/allin1bitcoins.com\/de\/wp-json\/wp\/v2\/comments?post=21046"}],"version-history":[{"count":1,"href":"https:\/\/allin1bitcoins.com\/de\/wp-json\/wp\/v2\/pages\/21046\/revisions"}],"predecessor-version":[{"id":21047,"href":"https:\/\/allin1bitcoins.com\/de\/wp-json\/wp\/v2\/pages\/21046\/revisions\/21047"}],"up":[{"embeddable":true,"href":"https:\/\/allin1bitcoins.com\/de\/wp-json\/wp\/v2\/pages\/20964"}],"wp:featuredmedia":[{"embeddable":true,"href":"https:\/\/allin1bitcoins.com\/de\/wp-json\/wp\/v2\/media\/16540"}],"wp:attachment":[{"href":"https:\/\/allin1bitcoins.com\/de\/wp-json\/wp\/v2\/media?parent=21046"}],"curies":[{"name":"wp","href":"https:\/\/api.w.org\/{rel}","templated":true}]}}