{"id":21133,"date":"2023-02-13T07:04:47","date_gmt":"2023-02-13T07:04:47","guid":{"rendered":"https:\/\/allin1bitcoins.com\/?page_id=21133"},"modified":"2023-02-13T07:04:51","modified_gmt":"2023-02-13T07:04:51","slug":"united-states","status":"publish","type":"page","link":"https:\/\/allin1bitcoins.com\/de\/crypto\/lox-network\/united-states\/","title":{"rendered":"Wie Man Lox Network (LOX) In Den Vereinigten Staaten Kauft"},"content":{"rendered":"\n<p>Die Verwendung einer Kryptow\u00e4hrungsb\u00f6rse, die Lox Network Coin akzeptiert, ist der einfachste Weg, Lox Network Coin in den Vereinigten Staaten zu kaufen. Das Verfahren beinhaltet den Abschluss eines Kontos auf der B\u00f6rse, die Best\u00e4tigung Ihrer Identit\u00e4t und den Kauf von Lox Network Coin mit einer Kreditkarte oder Bank\u00fcberweisung.<\/p>\n\n\n\n<h2 class=\"wp-block-heading\">\u00dcbersicht \u00fcber die Lox Network Coin<\/h2>\n\n\n\n<ul><li>Eine Kryptow\u00e4hrung namens Lox Network Coin wurde im Jahr 2021 eingef\u00fchrt.<\/li><li>Es nutzt den ERC-20 Token-Standard und ist auf der Ethereum-Blockchain aufgebaut.<\/li><li>Das Lox Network, ein dezentralisiertes Marktplatz, auf dem Benutzer Lox Network Coin gegen G\u00fcter und Dienstleistungen tauschen k\u00f6nnen, ist der Ort, an dem Lox Network Coin als Mittel des Austauschs erstellt wurde.<\/li><\/ul>\n\n\n\n<h2 class=\"wp-block-heading\">Vorteile beim Kauf von Lox Network Coin<\/h2>\n\n\n\n<p><strong>Der Kauf von Lox Network Coin bietet eine Reihe von Vorteilen, einschlie\u00dflich:<\/strong><\/p>\n\n\n\n<ul><li><strong>Dezentralisierung: <\/strong>Die Lox Network Coin wird auf der dezentralisierten Ethereum-Blockchain aufgebaut, die nicht unter der Kontrolle einer einzigen Einheit steht. Dies gibt den Benutzern mehr Kontrolle \u00fcber ihre Verm\u00f6genswerte und macht sie weniger anf\u00e4llig f\u00fcr Zensur und Eingriffe.<br><br><\/li><li><strong>Sicherheit: <\/strong>Transaktionen auf der Ethereum-Blockchain werden mit fortschrittlicher Kryptografie verschl\u00fcsselt, was es Hackern erschwert, Geld zu stehlen oder das System zu st\u00f6ren.<br><br><\/li><li><strong>Geringe Geb\u00fchren:<\/strong> Im Vergleich zu herk\u00f6mmlichen Zahlungsmethoden wie Bank\u00fcberweisungen oder Kreditkarten sind die Transaktionsgeb\u00fchren bei Lox Network Coin gering.<br><br><\/li><li><strong>Zugang zum Lox Network:<\/strong> Wenn Sie Lox Network Coin halten, haben Sie Zugang zum Lox Network und k\u00f6nnen die Kryptow\u00e4hrung verwenden, um G\u00fcter und Dienstleistungen zu kaufen und zu verkaufen.<\/li><\/ul>\n\n\n\n<figure class=\"wp-block-embed is-type-video is-provider-youtube wp-block-embed-youtube wp-embed-aspect-16-9 wp-has-aspect-ratio\"><div class=\"wp-block-embed__wrapper\">\n<iframe title=\"Lox Network, #SmartLOX #SmartNFT and $LOX\" width=\"800\" height=\"450\" src=\"https:\/\/www.youtube.com\/embed\/l5lOjmRyvtk?feature=oembed\" frameborder=\"0\" allow=\"accelerometer; autoplay; clipboard-write; encrypted-media; gyroscope; picture-in-picture; web-share\" allowfullscreen><\/iframe>\n<\/div><\/figure>\n\n\n\n<h2 class=\"wp-block-heading\">So kaufen Sie Lox Network Coin in den Vereinigten Staaten: Eine Schritt-f\u00fcr-Schritt-Anleitung<\/h2>\n\n\n\n<ol><li><strong>Finden Sie einen Kryptow\u00e4hrungsmarktplatz, der Lox Network Coin akzeptiert: <\/strong>Das Auffinden einer Kryptow\u00e4hrungsb\u00f6rse, die Lox Network Coin akzeptiert, ist der erste Schritt beim Kauf der M\u00fcnze. Beliebte B\u00f6rsen wie Binance, Coinbase und Kraken unterst\u00fctzen alle Lox Network Coin.<br><br><\/li><li><strong>Erstelle ein Konto auf der B\u00f6rse: <\/strong>Nachdem Sie eine Plattform gefunden haben, die Lox Network Coin akzeptiert, m\u00fcssen Sie dort ein Konto erstellen. Normalerweise besteht dies darin, Ihren Namen, Ihre E-Mail-Adresse und Ihr Passwort anzugeben.<br><br><\/li><li><strong>Validieren Sie Ihre Identit\u00e4t: <\/strong>Bevor Sie auf den meisten B\u00f6rsen Kryptow\u00e4hrung kaufen k\u00f6nnen, m\u00fcssen Sie Ihre Identit\u00e4t verifizieren. Dies beinhaltet oft das \u00dcbermitteln einer Kopie Ihres Reisepasses oder eines von der Regierung ausgestellten Ausweises sowie m\u00f6glicherweise eines Selfies, bei dem Sie den Ausweis halten.<br><br><\/li><li><strong>Geld hinzuf\u00fcgen:<\/strong> Nach Best\u00e4tigung Ihrer Identit\u00e4t m\u00fcssen Sie Ihr Konto aufladen, bevor Sie Lox Network Coin kaufen k\u00f6nnen. In der Regel kann hierf\u00fcr eine Bank\u00fcberweisung oder eine Kreditkarte verwendet werden.<br><br><\/li><li><strong>Lox Network Coin kaufen: <\/strong>Nachdem Sie Ihr Konto aufgeladen haben, k\u00f6nnen Sie Lox Network Coin auf der Handelsseite f\u00fcr Lox Network Coin des Austausches kaufen und eine Bestellung aufgeben. Sie m\u00fcssen angeben, wie viel Lox Network Coin Sie kaufen m\u00f6chten und in welchem Preisbereich.<\/li><\/ol>\n\n\n\n<h2 class=\"wp-block-heading\">Kauf von Lox Network Coin in den US-Steuern<\/h2>\n\n\n\n<p>Sie k\u00f6nnten Steuern auf Ihre Gewinne zahlen m\u00fcssen, wenn Sie Lox Network Coin in den USA kaufen. Das Internal Revenue Service (IRS) hat Anweisungen dar\u00fcber gegeben, wie man Bitcoin-Transaktionen f\u00fcr steuerliche Zwecke angehen sollte und weist darauf hin, dass Kapitalertragsteuer anwendbar ist.<\/p>\n\n\n\n<p>Ihre individuellen Umst\u00e4nde, einschlie\u00dflich Dinge wie Ihrer Steuerans\u00e4ssigkeit, wie lange Sie das Lox Network Coin in Ihrem Besitz haben m\u00f6chten und ob Sie die M\u00fcnze f\u00fcr private oder gesch\u00e4ftliche Zwecke verwenden m\u00f6chten, k\u00f6nnen Auswirkungen auf die spezifischen Steuerauswirkungen haben. Um Rat in Bezug auf Ihre spezielle steuerliche Situation zu erhalten, wird empfohlen, dass Sie sich an einen Steuerexperten oder das IRS wenden.&#8221;<\/p>\n\n\n\n<h2 class=\"wp-block-heading\">Schlussfolgerung<\/h2>\n\n\n\n<p>Indem Sie den Anweisungen in diesem Artikel folgen, ist der Kauf von Lox Network Coin \u00fcber eine Kryptow\u00e4hrungsb\u00f6rse in den USA ein einfacher Prozess. Sie k\u00f6nnen Lox Network Coin schnell kaufen und es auf dem Lox Network nutzen, indem Sie ein Konto erstellen, Ihre Identit\u00e4t best\u00e4tigen und Ihr Konto aufladen. Es ist wichtig zu beachten, dass der Kauf von Lox Network Coin in den USA steuerliche Auswirkungen haben kann, daher wird empfohlen, sich in Bezug auf Ihre pers\u00f6nliche Situation von einem Steuerexperten oder dem IRS beraten zu lassen.<\/p>\n\n\n\n<p>Als Ergebnis bietet Lox Network Coin eine einzigartige und praktische Methode zum Kauf und Verkauf von Waren und Dienstleistungen und kann eine wertvolle Erg\u00e4nzung Ihres Finanzportfolios sein. Obwohl der Kauf von Lox Network Coin in den USA ein sehr einfacher Prozess ist, ist es wichtig, die potentiellen steuerlichen Auswirkungen sorgf\u00e4ltig zu evaluieren und Rat von einem Steuerexperten einzuholen, bevor Sie fortfahren. Wenn Sie sich \u00fcber die Vorteile und Risiken des Kaufs von Lox Network Coin im Klaren sind, k\u00f6nnen Sie weise Entscheidungen treffen und sogar erhebliche Renditen auf Ihre Investition erzielen.<\/p>\n\n\n\n<!-- Page-list plugin v.5.9 wordpress.org\/plugins\/page-list\/ -->\n<ul class=\"page-list siblings-page-list \">\n<li class=\"page_item page-item-21076\"><a href=\"https:\/\/allin1bitcoins.com\/de\/crypto\/lox-network\/credit-card\/\">#21076 (no title)<\/a><\/li>\n<li class=\"page_item page-item-21133\"><a href=\"https:\/\/allin1bitcoins.com\/de\/crypto\/lox-network\/united-states\/\">Wie Man Lox Network (LOX) In Den Vereinigten Staaten Kauft<\/a><\/li>\n<li class=\"page_item page-item-21124\"><a href=\"https:\/\/allin1bitcoins.com\/de\/crypto\/lox-network\/united-kingdom\/\">Wie Man Lox Network (LOX) In Gro\u00dfbritannien Kauft<\/a><\/li>\n<li class=\"page_item page-item-21145\"><a href=\"https:\/\/allin1bitcoins.com\/de\/crypto\/lox-network\/canada\/\">Wie Man Lox Network (LOX) In Kanada Kauft<\/a><\/li>\n<li class=\"page_item page-item-21155\"><a href=\"https:\/\/allin1bitcoins.com\/de\/crypto\/lox-network\/switzerland\/\">Wie Man Lox Network Coin (LOX) In Der Schweiz Kauft<\/a><\/li>\n<li class=\"page_item page-item-21090\"><a href=\"https:\/\/allin1bitcoins.com\/de\/crypto\/lox-network\/american-express\/\">Wie Man Lox Network Coin (LOX) Mit Einer American Express Karte Kauft<\/a><\/li>\n<li class=\"page_item page-item-21104\"><a href=\"https:\/\/allin1bitcoins.com\/de\/crypto\/lox-network\/debit-card\/\">Wie Man Lox Network Coin (LOX) Mit Einer Debitkarte Kauft<\/a><\/li>\n<li class=\"page_item page-item-21114\"><a href=\"https:\/\/allin1bitcoins.com\/de\/crypto\/lox-network\/paypal\/\">Wie Man Lox Network Coin (LOX) Mit Paypal Kauft<\/a><\/li>\n\n<\/ul>\n","protected":false},"excerpt":{"rendered":"<p>Die Verwendung einer Kryptow\u00e4hrungsb\u00f6rse, die Lox Network Coin akzeptiert, ist der einfachste Weg, Lox Network Coin in den Vereinigten Staaten zu kaufen. Das Verfahren beinhaltet den Abschluss eines Kontos auf der B\u00f6rse, die Best\u00e4tigung Ihrer Identit\u00e4t und den Kauf von Lox Network Coin mit einer Kreditkarte oder Bank\u00fcberweisung. \u00dcbersicht \u00fcber die Lox Network Coin Eine&#8230;<\/p>\n","protected":false},"author":8,"featured_media":14206,"parent":21056,"menu_order":0,"comment_status":"closed","ping_status":"closed","template":"","meta":{"cybocfi_hide_featured_image":"","footnotes":""},"acf":[],"yoast_head":"<!-- This site is optimized with the Yoast SEO plugin v21.7 - https:\/\/yoast.com\/wordpress\/plugins\/seo\/ -->\n<title>Wie Man Lox Network (LOX) In Den Vereinigten Staaten Kauft<\/title>\n<meta name=\"description\" content=\"Die Verwendung einer Kryptow\u00e4hrungsb\u00f6rse, die Lox Network Coin akzeptiert, ist der einfachste Weg, um Lox Network Coin in den USA zu kaufen.\" \/>\n<meta name=\"robots\" content=\"index, follow, max-snippet:-1, max-image-preview:large, max-video-preview:-1\" \/>\n<link rel=\"canonical\" href=\"https:\/\/allin1bitcoins.com\/de\/crypto\/lox-network\/united-states\/\" \/>\n<meta property=\"og:locale\" content=\"de_DE\" \/>\n<meta property=\"og:type\" content=\"article\" \/>\n<meta property=\"og:title\" content=\"Wie Man Lox Network (LOX) In Den Vereinigten Staaten Kauft\" \/>\n<meta property=\"og:description\" content=\"Die Verwendung einer Kryptow\u00e4hrungsb\u00f6rse, die Lox Network Coin akzeptiert, ist der einfachste Weg, um Lox Network Coin in den USA zu kaufen.\" \/>\n<meta property=\"og:url\" content=\"https:\/\/allin1bitcoins.com\/de\/crypto\/lox-network\/united-states\/\" \/>\n<meta property=\"og:site_name\" content=\"Allin1Bitcoins\" \/>\n<meta property=\"article:modified_time\" content=\"2023-02-13T07:04:51+00:00\" \/>\n<meta property=\"og:image\" content=\"https:\/\/allin1bitcoins.com\/wp-content\/uploads\/2023\/01\/pexels-anna-nekrashevich-6801647.jpg\" \/>\n\t<meta property=\"og:image:width\" content=\"1279\" \/>\n\t<meta property=\"og:image:height\" content=\"918\" \/>\n\t<meta property=\"og:image:type\" content=\"image\/jpeg\" \/>\n<meta name=\"twitter:card\" content=\"summary_large_image\" \/>\n<meta name=\"twitter:label1\" content=\"Est. reading time\" \/>\n\t<meta name=\"twitter:data1\" content=\"4 minutes\" \/>\n<!-- \/ Yoast SEO plugin. -->","yoast_head_json":{"title":"Wie Man Lox Network (LOX) In Den Vereinigten Staaten Kauft","description":"Die Verwendung einer Kryptow\u00e4hrungsb\u00f6rse, die Lox Network Coin akzeptiert, ist der einfachste Weg, um Lox Network Coin in den USA zu kaufen.","robots":{"index":"index","follow":"follow","max-snippet":"max-snippet:-1","max-image-preview":"max-image-preview:large","max-video-preview":"max-video-preview:-1"},"canonical":"https:\/\/allin1bitcoins.com\/de\/crypto\/lox-network\/united-states\/","og_locale":"de_DE","og_type":"article","og_title":"Wie Man Lox Network (LOX) In Den Vereinigten Staaten Kauft","og_description":"Die Verwendung einer Kryptow\u00e4hrungsb\u00f6rse, die Lox Network Coin akzeptiert, ist der einfachste Weg, um Lox Network Coin in den USA zu kaufen.","og_url":"https:\/\/allin1bitcoins.com\/de\/crypto\/lox-network\/united-states\/","og_site_name":"Allin1Bitcoins","article_modified_time":"2023-02-13T07:04:51+00:00","og_image":[{"width":1279,"height":918,"url":"https:\/\/allin1bitcoins.com\/wp-content\/uploads\/2023\/01\/pexels-anna-nekrashevich-6801647.jpg","type":"image\/jpeg"}],"twitter_card":"summary_large_image","twitter_misc":{"Est. reading time":"4 minutes"},"schema":{"@context":"https:\/\/schema.org","@graph":[{"@type":"WebPage","@id":"https:\/\/allin1bitcoins.com\/de\/crypto\/lox-network\/united-states\/","url":"https:\/\/allin1bitcoins.com\/de\/crypto\/lox-network\/united-states\/","name":"Wie Man Lox Network (LOX) In Den Vereinigten Staaten Kauft","isPartOf":{"@id":"https:\/\/allin1bitcoins.com\/de\/#website"},"datePublished":"2023-02-13T07:04:47+00:00","dateModified":"2023-02-13T07:04:51+00:00","description":"Die Verwendung einer Kryptow\u00e4hrungsb\u00f6rse, die Lox Network Coin akzeptiert, ist der einfachste Weg, um Lox Network Coin in den USA zu kaufen.","breadcrumb":{"@id":"https:\/\/allin1bitcoins.com\/de\/crypto\/lox-network\/united-states\/#breadcrumb"},"inLanguage":"de","potentialAction":[{"@type":"ReadAction","target":["https:\/\/allin1bitcoins.com\/de\/crypto\/lox-network\/united-states\/"]}]},{"@type":"BreadcrumbList","@id":"https:\/\/allin1bitcoins.com\/de\/crypto\/lox-network\/united-states\/#breadcrumb","itemListElement":[{"@type":"ListItem","position":1,"name":"Home","item":"https:\/\/allin1bitcoins.com\/de\/"},{"@type":"ListItem","position":2,"name":"Krypto","item":"https:\/\/allin1bitcoins.com\/de\/crypto\/"},{"@type":"ListItem","position":3,"name":"Wie Man Lox Network (LOX) Kauft &#8211; Schritt-f\u00fcr-Schritt-Anleitung","item":"https:\/\/allin1bitcoins.com\/de\/crypto\/lox-network\/"},{"@type":"ListItem","position":4,"name":"Wie Man Lox Network (LOX) In Den Vereinigten Staaten Kauft"}]},{"@type":"WebSite","@id":"https:\/\/allin1bitcoins.com\/de\/#website","url":"https:\/\/allin1bitcoins.com\/de\/","name":"Allin1Bitcoins","description":"","publisher":{"@id":"https:\/\/allin1bitcoins.com\/de\/#organization"},"potentialAction":[{"@type":"SearchAction","target":{"@type":"EntryPoint","urlTemplate":"https:\/\/allin1bitcoins.com\/de\/?s={search_term_string}"},"query-input":"required name=search_term_string"}],"inLanguage":"de"},{"@type":"Organization","@id":"https:\/\/allin1bitcoins.com\/de\/#organization","name":"allin1bitcoins","url":"https:\/\/allin1bitcoins.com\/de\/","logo":{"@type":"ImageObject","inLanguage":"de","@id":"https:\/\/allin1bitcoins.com\/de\/#\/schema\/logo\/image\/","url":"https:\/\/allin1bitcoins.com\/wp-content\/uploads\/2019\/01\/logo-new.png","contentUrl":"https:\/\/allin1bitcoins.com\/wp-content\/uploads\/2019\/01\/logo-new.png","width":178,"height":71,"caption":"allin1bitcoins"},"image":{"@id":"https:\/\/allin1bitcoins.com\/de\/#\/schema\/logo\/image\/"}}]}},"_links":{"self":[{"href":"https:\/\/allin1bitcoins.com\/de\/wp-json\/wp\/v2\/pages\/21133"}],"collection":[{"href":"https:\/\/allin1bitcoins.com\/de\/wp-json\/wp\/v2\/pages"}],"about":[{"href":"https:\/\/allin1bitcoins.com\/de\/wp-json\/wp\/v2\/types\/page"}],"author":[{"embeddable":true,"href":"https:\/\/allin1bitcoins.com\/de\/wp-json\/wp\/v2\/users\/8"}],"replies":[{"embeddable":true,"href":"https:\/\/allin1bitcoins.com\/de\/wp-json\/wp\/v2\/comments?post=21133"}],"version-history":[{"count":1,"href":"https:\/\/allin1bitcoins.com\/de\/wp-json\/wp\/v2\/pages\/21133\/revisions"}],"predecessor-version":[{"id":21134,"href":"https:\/\/allin1bitcoins.com\/de\/wp-json\/wp\/v2\/pages\/21133\/revisions\/21134"}],"up":[{"embeddable":true,"href":"https:\/\/allin1bitcoins.com\/de\/wp-json\/wp\/v2\/pages\/21056"}],"wp:featuredmedia":[{"embeddable":true,"href":"https:\/\/allin1bitcoins.com\/de\/wp-json\/wp\/v2\/media\/14206"}],"wp:attachment":[{"href":"https:\/\/allin1bitcoins.com\/de\/wp-json\/wp\/v2\/media?parent=21133"}],"curies":[{"name":"wp","href":"https:\/\/api.w.org\/{rel}","templated":true}]}}