{"id":21187,"date":"2023-02-13T17:23:06","date_gmt":"2023-02-13T17:23:06","guid":{"rendered":"https:\/\/allin1bitcoins.com\/?page_id=21187"},"modified":"2023-02-13T17:23:09","modified_gmt":"2023-02-13T17:23:09","slug":"credit-card","status":"publish","type":"page","link":"https:\/\/allin1bitcoins.com\/de\/crypto\/zedxion\/credit-card\/","title":{"rendered":"Wie Kaufe Ich Zedxion (ZEDXION) Mit Einer Kreditkarte"},"content":{"rendered":"\n<p><strong>Sie m\u00fcssen die folgenden Schritte ausf\u00fchren, um Zedxion Coin mit einer Kreditkarte zu kaufen:<\/strong><\/p>\n\n\n\n<ul><li>Suchen Sie nach einer Kryptow\u00e4hrungsb\u00f6rse, die Zedxion Coin unterst\u00fctzt und Kreditkartenzahlungen akzeptiert.<\/li><li>Erstellen Sie ein Profil auf der B\u00f6rse.<\/li><li>\u00dcberpr\u00fcfen Sie Ihre Identit\u00e4t gegebenenfalls.<\/li><li>Verkn\u00fcpfen Sie Ihr Konto und Ihre Kreditkarte.<\/li><li>Durch die Aufgabe einer Bestellung auf der B\u00f6rse k\u00f6nnen Sie Zedxion-W\u00e4hrung mit einer Kreditkarte kaufen.<\/li><\/ul>\n\n\n\n<h2 class=\"wp-block-heading\">\u00dcberblick \u00fcber den Zedxion Coin<\/h2>\n\n\n\n<p>Ein digitaler Verm\u00f6genswert namens Zedxion Coin ist dazu vorgesehen, als Handelsmedium auf einer dezentralen Plattform genutzt zu werden. Er wird nicht von einer einzigen zentralen Stelle regiert und nutzt ein schnelles und sicheres Blockchain-Netzwerk, um Transaktionen zu erm\u00f6glichen. Viele Menschen nutzen Zedxion Coin als Alternative zu Fiat-Geld und k\u00f6nnen es auf Kryptow\u00e4hrungsb\u00f6rsen kaufen und verkaufen.<\/p>\n\n\n\n<h2 class=\"wp-block-heading\">Warum Sie eine Kreditkarte zum Kauf von Zedxion Coin verwenden m\u00f6chten<\/h2>\n\n\n\n<p><strong>Sie m\u00f6chten vielleicht eine Kreditkarte verwenden, um Zedxion Coin aus verschiedenen Gr\u00fcnden zu kaufen:<\/strong> <\/p>\n\n\n\n<ul><li>Bequemlichkeit: Da Sie den Prozess der \u00dcberweisung von Geld von Ihrem Bankkonto vermeiden, ist der Kauf von Zedxion Coin mit einer Kreditkarte bequem.<br><br><\/li><li><strong>Schnelligkeit:<\/strong> Bank\u00fcberweisungen dauern in der Regel l\u00e4nger als Kreditkartentransaktionen, so dass Sie schneller an Ihre Zedxion Coin gelangen.<br><br><\/li><li><strong>Belohnung:<\/strong> Einige Kreditkarten bieten Ihnen Cashback oder Belohnungspunkte f\u00fcr jeden Kauf, den Sie t\u00e4tigen. Sie k\u00f6nnten Vorteile erzielen, indem Sie Zedxion W\u00e4hrung mit einer Kreditkarte kaufen.<\/li><\/ul>\n\n\n\n<h2 class=\"wp-block-heading\">So kaufen Sie Zedxion Coin mit einer Kreditkarte: Schritt-f\u00fcr-Schritt-Anleitung<\/h2>\n\n\n\n<ol><li>Finden Sie eine Kryptow\u00e4hrungsb\u00f6rse, die Zedxion Coin unterst\u00fctzt und Kreditkartenzahlungen akzeptiert. Das Finden einer Kryptow\u00e4hrungsb\u00f6rse, die Zedxion Coin anbietet und Kreditkartenzahlungen akzeptiert, ist das Erste, was Sie tun m\u00fcssen. Sie sollten keine Schwierigkeiten haben, eine zu finden, da es mehrere Anbieter gibt, die diesen Service anbieten.<br><br><\/li><li>Erstellen Sie ein Benutzerkonto auf der B\u00f6rse. Sobald Sie festgestellt haben, dass die B\u00f6rse Ihren Bed\u00fcrfnissen entspricht, m\u00fcssen Sie sich f\u00fcr ein Konto registrieren. Dieser Prozess beinhaltet in der Regel die Angabe einiger pers\u00f6nlicher Daten und das Erstellen eines Benutzernamens und Passworts.<br><br><\/li><li>\u00dcberpr\u00fcfen Sie bei Bedarf Ihre Identit\u00e4t. Bevor Sie mit dem Kauf und Verkauf von Zedxion Coins beginnen k\u00f6nnen, kann es sein, dass bestimmte B\u00f6rsen Sie auffordern, Ihre Identit\u00e4t nachzuweisen. Ein Reisepass oder F\u00fchrerschein sind g\u00e4ngige Beispiele f\u00fcr staatlich ausgestellte Identifikationsdokumente, mit denen dies erreicht werden kann.<br><br><\/li><li>Verkn\u00fcpfen Sie Ihre Kreditkarte mit Ihrem Konto. Sobald Ihre Identit\u00e4t best\u00e4tigt wurde, m\u00fcssen Sie Ihre Kreditkarte mit Ihrem Konto verkn\u00fcpfen. Hierf\u00fcr wird in der Regel die Website oder die mobile App der B\u00f6rse verwendet. Es m\u00fcssen Ihre Kreditkartendaten, einschlie\u00dflich Kartennummer, Ablaufdatum und CVV-Code, angegeben werden.<br><br><\/li><li>Durch Platzieren einer Bestellung auf der B\u00f6rse k\u00f6nnen Sie Zedxion Coin mit Ihrer Kreditkarte kaufen. Wenn Ihre Kreditkarte mit Ihrem Konto verkn\u00fcpft ist, k\u00f6nnen Sie Zedxion Coins kaufen, indem Sie eine Bestellung auf der B\u00f6rse aufgeben. Sie m\u00fcssen angeben, wie viel Zedxion Coin Sie kaufen m\u00f6chten und zu welchem Preis. Die B\u00f6rse wird die Transaktion abschlie\u00dfen, indem sie Ihre Bestellung mit einem Verk\u00e4ufer abgleicht.<\/li><\/ol>\n\n\n\n<figure class=\"wp-block-embed is-type-video is-provider-youtube wp-block-embed-youtube wp-embed-aspect-16-9 wp-has-aspect-ratio\"><div class=\"wp-block-embed__wrapper\">\n<iframe title=\"ZEDXION EXCHANGE\" width=\"800\" height=\"450\" src=\"https:\/\/www.youtube.com\/embed\/b4_bGB--ekw?feature=oembed\" frameborder=\"0\" allow=\"accelerometer; autoplay; clipboard-write; encrypted-media; gyroscope; picture-in-picture; web-share\" allowfullscreen><\/iframe>\n<\/div><\/figure>\n\n\n\n<h2 class=\"wp-block-heading\">Nachteile bei der Verwendung einer Kreditkarte zum Kauf von Zedxion-M\u00fcnzen<\/h2>\n\n\n\n<p><strong>Man sollte sich der folgenden Nachteile bewusst sein, wenn man Zedxion-W\u00e4hrung mit einer Kreditkarte kauft:<\/strong><\/p>\n\n\n\n<p>Verglichen mit Bank\u00fcberweisungen berechnen bestimmte B\u00f6rsen mehr Geb\u00fchren f\u00fcr Kreditkartentransaktionen. Wenn man also eine Kreditkarte zum Kauf von Zedxion-M\u00fcnzen verwendet, kann man am Ende zus\u00e4tzliche Kosten haben.<\/p>\n\n\n\n<p>Wenn man den gesamten Saldo auf seiner Kreditkarte nicht jeden Monat zur\u00fcckzahlt, wird Zinsen zu der Transaktion hinzugef\u00fcgt. Wenn man sich f\u00fcr die Verwendung einer Kreditkarte entscheidet, ist es wichtig, sich dessen bewusst zu sein, da es den Preis f\u00fcr Zedxion-M\u00fcnzen erheblich erh\u00f6hen kann.<\/p>\n\n\n\n<p>Bei der Verwendung einer Kreditkarte f\u00fcr Online-Transaktionen besteht die Gefahr von Betrug. Die Verwendung einer Kreditkarte mit robusten Betrugspr\u00e4ventionsfunktionen, wie z. B. einem System mit Chip und PIN, kann dieses Risiko verringern.<\/p>\n\n\n\n<h2 class=\"wp-block-heading\">Schlussfolgerung<\/h2>\n\n\n\n<p>Zusammenfassend ist die Verwendung einer Kreditkarte zum Erwerb von Zedxion-M\u00fcnzen ein einfacher und schneller Weg, um an das digitale Asset zu gelangen. Bevor man jedoch eine Kreditkarte f\u00fcr diesen Zweck verwendet, ist es wichtig, sich \u00fcber m\u00f6gliche Geb\u00fchren und Zinss\u00e4tze sowie das Risiko von Betrug Gedanken zu machen. W\u00e4hlen Sie eine vertrauensw\u00fcrdige B\u00f6rse und sch\u00fctzen Sie Ihre Kreditkartendaten, um das Risiko von Problemen zu minimieren.<\/p>\n\n\n\n<!-- Page-list plugin v.5.9 wordpress.org\/plugins\/page-list\/ -->\n<ul class=\"page-list siblings-page-list \">\n<li class=\"page_item page-item-21187\"><a href=\"https:\/\/allin1bitcoins.com\/de\/crypto\/zedxion\/credit-card\/\">Wie Kaufe Ich Zedxion (ZEDXION) Mit Einer Kreditkarte<\/a><\/li>\n<li class=\"page_item page-item-21260\"><a href=\"https:\/\/allin1bitcoins.com\/de\/crypto\/zedxion\/turkey\/\">Wie Man Zedxion (ZEDXION) In Der T\u00fcrkei Kauft<\/a><\/li>\n<li class=\"page_item page-item-21214\"><a href=\"https:\/\/allin1bitcoins.com\/de\/crypto\/zedxion\/france\/\">Wie Man Zedxion (ZEDXION) In Frankreich Kauft<\/a><\/li>\n<li class=\"page_item page-item-21199\"><a href=\"https:\/\/allin1bitcoins.com\/de\/crypto\/zedxion\/apple-pay\/\">Wie Man Zedxion (ZEDXION) Mit Apple Pay Kauft<\/a><\/li>\n<li class=\"page_item page-item-21221\"><a href=\"https:\/\/allin1bitcoins.com\/de\/crypto\/zedxion\/crypto-anonymously\/\">Wie Man Zedxion (ZEDXION) Mit Kryptow\u00e4hrung Anonym Kauft<\/a><\/li>\n<li class=\"page_item page-item-21252\"><a href=\"https:\/\/allin1bitcoins.com\/de\/crypto\/zedxion\/norway\/\">Wie Man Zedxion (ZEDXION)In Norwegen Kauft<\/a><\/li>\n<li class=\"page_item page-item-21240\"><a href=\"https:\/\/allin1bitcoins.com\/de\/crypto\/zedxion\/google-pay\/\">Wie Zedxion (ZEDXION) Mit Google Pay Kaufen<\/a><\/li>\n\n<\/ul>\n\n\n\n<p><\/p>\n","protected":false},"excerpt":{"rendered":"<p>Sie m\u00fcssen die folgenden Schritte ausf\u00fchren, um Zedxion Coin mit einer Kreditkarte zu kaufen: Suchen Sie nach einer Kryptow\u00e4hrungsb\u00f6rse, die Zedxion Coin unterst\u00fctzt und Kreditkartenzahlungen akzeptiert. Erstellen Sie ein Profil auf der B\u00f6rse. \u00dcberpr\u00fcfen Sie Ihre Identit\u00e4t gegebenenfalls. Verkn\u00fcpfen Sie Ihr Konto und Ihre Kreditkarte. Durch die Aufgabe einer Bestellung auf der B\u00f6rse k\u00f6nnen Sie&#8230;<\/p>\n","protected":false},"author":8,"featured_media":14532,"parent":21172,"menu_order":0,"comment_status":"closed","ping_status":"closed","template":"","meta":{"cybocfi_hide_featured_image":"","footnotes":""},"acf":[],"yoast_head":"<!-- This site is optimized with the Yoast SEO plugin v21.7 - https:\/\/yoast.com\/wordpress\/plugins\/seo\/ -->\n<title>Wie Kaufe Ich Zedxion (ZEDXION) Mit Einer Kreditkarte<\/title>\n<meta name=\"description\" content=\"Um Zedxion-M\u00fcnzen mit einer Kreditkarte zu kaufen, m\u00fcssen Sie die folgenden Schritte ausf\u00fchren. Lesen Sie weiter, um mehr zu erfahren.\" \/>\n<meta name=\"robots\" content=\"index, follow, max-snippet:-1, max-image-preview:large, max-video-preview:-1\" \/>\n<link rel=\"canonical\" href=\"https:\/\/allin1bitcoins.com\/de\/crypto\/zedxion\/credit-card\/\" \/>\n<meta property=\"og:locale\" content=\"de_DE\" \/>\n<meta property=\"og:type\" content=\"article\" \/>\n<meta property=\"og:title\" content=\"Wie Kaufe Ich Zedxion (ZEDXION) Mit Einer Kreditkarte\" \/>\n<meta property=\"og:description\" content=\"Um Zedxion-M\u00fcnzen mit einer Kreditkarte zu kaufen, m\u00fcssen Sie die folgenden Schritte ausf\u00fchren. Lesen Sie weiter, um mehr zu erfahren.\" \/>\n<meta property=\"og:url\" content=\"https:\/\/allin1bitcoins.com\/de\/crypto\/zedxion\/credit-card\/\" \/>\n<meta property=\"og:site_name\" content=\"Allin1Bitcoins\" \/>\n<meta property=\"article:modified_time\" content=\"2023-02-13T17:23:09+00:00\" \/>\n<meta property=\"og:image\" content=\"https:\/\/allin1bitcoins.com\/wp-content\/uploads\/2023\/01\/pexels-pixabay-50987.jpg\" \/>\n\t<meta property=\"og:image:width\" content=\"1280\" \/>\n\t<meta property=\"og:image:height\" content=\"853\" \/>\n\t<meta property=\"og:image:type\" content=\"image\/jpeg\" \/>\n<meta name=\"twitter:card\" content=\"summary_large_image\" \/>\n<meta name=\"twitter:label1\" content=\"Est. reading time\" \/>\n\t<meta name=\"twitter:data1\" content=\"3 minutes\" \/>\n<!-- \/ Yoast SEO plugin. -->","yoast_head_json":{"title":"Wie Kaufe Ich Zedxion (ZEDXION) Mit Einer Kreditkarte","description":"Um Zedxion-M\u00fcnzen mit einer Kreditkarte zu kaufen, m\u00fcssen Sie die folgenden Schritte ausf\u00fchren. Lesen Sie weiter, um mehr zu erfahren.","robots":{"index":"index","follow":"follow","max-snippet":"max-snippet:-1","max-image-preview":"max-image-preview:large","max-video-preview":"max-video-preview:-1"},"canonical":"https:\/\/allin1bitcoins.com\/de\/crypto\/zedxion\/credit-card\/","og_locale":"de_DE","og_type":"article","og_title":"Wie Kaufe Ich Zedxion (ZEDXION) Mit Einer Kreditkarte","og_description":"Um Zedxion-M\u00fcnzen mit einer Kreditkarte zu kaufen, m\u00fcssen Sie die folgenden Schritte ausf\u00fchren. Lesen Sie weiter, um mehr zu erfahren.","og_url":"https:\/\/allin1bitcoins.com\/de\/crypto\/zedxion\/credit-card\/","og_site_name":"Allin1Bitcoins","article_modified_time":"2023-02-13T17:23:09+00:00","og_image":[{"width":1280,"height":853,"url":"https:\/\/allin1bitcoins.com\/wp-content\/uploads\/2023\/01\/pexels-pixabay-50987.jpg","type":"image\/jpeg"}],"twitter_card":"summary_large_image","twitter_misc":{"Est. reading time":"3 minutes"},"schema":{"@context":"https:\/\/schema.org","@graph":[{"@type":"WebPage","@id":"https:\/\/allin1bitcoins.com\/de\/crypto\/zedxion\/credit-card\/","url":"https:\/\/allin1bitcoins.com\/de\/crypto\/zedxion\/credit-card\/","name":"Wie Kaufe Ich Zedxion (ZEDXION) Mit Einer Kreditkarte","isPartOf":{"@id":"https:\/\/allin1bitcoins.com\/de\/#website"},"datePublished":"2023-02-13T17:23:06+00:00","dateModified":"2023-02-13T17:23:09+00:00","description":"Um Zedxion-M\u00fcnzen mit einer Kreditkarte zu kaufen, m\u00fcssen Sie die folgenden Schritte ausf\u00fchren. Lesen Sie weiter, um mehr zu erfahren.","breadcrumb":{"@id":"https:\/\/allin1bitcoins.com\/de\/crypto\/zedxion\/credit-card\/#breadcrumb"},"inLanguage":"de","potentialAction":[{"@type":"ReadAction","target":["https:\/\/allin1bitcoins.com\/de\/crypto\/zedxion\/credit-card\/"]}]},{"@type":"BreadcrumbList","@id":"https:\/\/allin1bitcoins.com\/de\/crypto\/zedxion\/credit-card\/#breadcrumb","itemListElement":[{"@type":"ListItem","position":1,"name":"Home","item":"https:\/\/allin1bitcoins.com\/de\/"},{"@type":"ListItem","position":2,"name":"Krypto","item":"https:\/\/allin1bitcoins.com\/de\/crypto\/"},{"@type":"ListItem","position":3,"name":"Wie Man Zedxion (ZEDXION) Kauft \u2013 Ausf\u00fchrliche Anleitung (2023)","item":"https:\/\/allin1bitcoins.com\/de\/crypto\/zedxion\/"},{"@type":"ListItem","position":4,"name":"Wie Kaufe Ich Zedxion (ZEDXION) Mit Einer Kreditkarte"}]},{"@type":"WebSite","@id":"https:\/\/allin1bitcoins.com\/de\/#website","url":"https:\/\/allin1bitcoins.com\/de\/","name":"Allin1Bitcoins","description":"","publisher":{"@id":"https:\/\/allin1bitcoins.com\/de\/#organization"},"potentialAction":[{"@type":"SearchAction","target":{"@type":"EntryPoint","urlTemplate":"https:\/\/allin1bitcoins.com\/de\/?s={search_term_string}"},"query-input":"required name=search_term_string"}],"inLanguage":"de"},{"@type":"Organization","@id":"https:\/\/allin1bitcoins.com\/de\/#organization","name":"allin1bitcoins","url":"https:\/\/allin1bitcoins.com\/de\/","logo":{"@type":"ImageObject","inLanguage":"de","@id":"https:\/\/allin1bitcoins.com\/de\/#\/schema\/logo\/image\/","url":"https:\/\/allin1bitcoins.com\/wp-content\/uploads\/2019\/01\/logo-new.png","contentUrl":"https:\/\/allin1bitcoins.com\/wp-content\/uploads\/2019\/01\/logo-new.png","width":178,"height":71,"caption":"allin1bitcoins"},"image":{"@id":"https:\/\/allin1bitcoins.com\/de\/#\/schema\/logo\/image\/"}}]}},"_links":{"self":[{"href":"https:\/\/allin1bitcoins.com\/de\/wp-json\/wp\/v2\/pages\/21187"}],"collection":[{"href":"https:\/\/allin1bitcoins.com\/de\/wp-json\/wp\/v2\/pages"}],"about":[{"href":"https:\/\/allin1bitcoins.com\/de\/wp-json\/wp\/v2\/types\/page"}],"author":[{"embeddable":true,"href":"https:\/\/allin1bitcoins.com\/de\/wp-json\/wp\/v2\/users\/8"}],"replies":[{"embeddable":true,"href":"https:\/\/allin1bitcoins.com\/de\/wp-json\/wp\/v2\/comments?post=21187"}],"version-history":[{"count":1,"href":"https:\/\/allin1bitcoins.com\/de\/wp-json\/wp\/v2\/pages\/21187\/revisions"}],"predecessor-version":[{"id":21190,"href":"https:\/\/allin1bitcoins.com\/de\/wp-json\/wp\/v2\/pages\/21187\/revisions\/21190"}],"up":[{"embeddable":true,"href":"https:\/\/allin1bitcoins.com\/de\/wp-json\/wp\/v2\/pages\/21172"}],"wp:featuredmedia":[{"embeddable":true,"href":"https:\/\/allin1bitcoins.com\/de\/wp-json\/wp\/v2\/media\/14532"}],"wp:attachment":[{"href":"https:\/\/allin1bitcoins.com\/de\/wp-json\/wp\/v2\/media?parent=21187"}],"curies":[{"name":"wp","href":"https:\/\/api.w.org\/{rel}","templated":true}]}}