{"id":21199,"date":"2023-02-13T18:34:38","date_gmt":"2023-02-13T18:34:38","guid":{"rendered":"https:\/\/allin1bitcoins.com\/?page_id=21199"},"modified":"2023-02-13T18:34:41","modified_gmt":"2023-02-13T18:34:41","slug":"apple-pay","status":"publish","type":"page","link":"https:\/\/allin1bitcoins.com\/de\/crypto\/zedxion\/apple-pay\/","title":{"rendered":"Wie Man Zedxion (ZEDXION) Mit Apple Pay Kauft"},"content":{"rendered":"\n<h2 class=\"wp-block-heading\">Um Zedxion-M\u00fcnzen mit Apple Pay zu kaufen, m\u00fcssen Sie folgende Schritte ausf\u00fchren:<\/h2>\n\n\n\n<ul><li>Suchen Sie nach einer Kryptow\u00e4hrungsb\u00f6rse, die Apple Pay akzeptiert und Zedxion Coin anbietet.<\/li><li>Erstellen Sie ein Profil auf der B\u00f6rse.<\/li><li>\u00dcberpr\u00fcfen Sie gegebenenfalls Ihre Identit\u00e4t.<\/li><li>Verkn\u00fcpfen Sie Ihr B\u00f6rsenkonto mit Ihrem Apple Pay-Konto.<\/li><li>Durch das Platzieren einer Bestellung auf der B\u00f6rse k\u00f6nnen Sie Zedxion-W\u00e4hrung mit Apple Pay kaufen.<\/li><\/ul>\n\n\n\n<h2 class=\"wp-block-heading\">\u00dcberblick \u00fcber den Zedxion Coin<\/h2>\n\n\n\n<p>Eine digitale Verm\u00f6genswerte namens Zedxion Coin ist dazu gedacht, auf einer dezentralen Plattform als Tauschmittel verwendet zu werden. Es wird nicht von einer einzigen zentralen Instanz kontrolliert und verwendet ein schnelles und sicheres Blockchain-Netzwerk, um Transaktionen zu erm\u00f6glichen. Viele Menschen nutzen Zedxion Coin als Alternative zu Fiat-Geld und k\u00f6nnen es auf Kryptow\u00e4hrungsb\u00f6rsen kaufen und verkaufen.<\/p>\n\n\n\n<h2 class=\"wp-block-heading\">Warum Apple Pay die beste Methode zum Kauf von Zedxion Coin ist<\/h2>\n\n\n\n<p><strong>Sie m\u00f6chten m\u00f6glicherweise Zedxion Coin mit Apple Pay aus den folgenden Gr\u00fcnden erwerben:<\/strong><\/p>\n\n\n\n<ul><li><strong>Bequemlichkeit: <\/strong>Apple Pay eliminiert die Notwendigkeit, Ihre Kreditkartendaten bei jeder Online-Transaktion einzugeben, was es zu einer einfachen und sicheren Methode macht.<br><br><\/li><li><strong>Geschwindigkeit: <\/strong>Apple Pay-Transaktionen werden in der Regel schneller abgeschlossen als Kreditkartentransaktionen, so dass Sie Ihre Zedxion-M\u00fcnzen schneller erhalten k\u00f6nnen.<br><br><\/li><li><strong>Sicherheit:<\/strong> Sie k\u00f6nnen sicher sein, dass Ihre Transaktionen sicher sind, da Apple Pay modernste Sicherheitstechniken verwendet, um Ihre finanziellen Informationen zu sch\u00fctzen.<\/li><\/ul>\n\n\n\n<h2 class=\"wp-block-heading\">Wie man Zedxion Coin mit Apple Pay kauft: Schritt-f\u00fcr-Schritt-Anleitung<\/h2>\n\n\n\n<ol><li><strong>Finden Sie als ersten Schritt eine Kryptow\u00e4hrungsb\u00f6rse, die Apple Pay akzeptiert und Zedxion Coin anbietet.<\/strong> Da nur wenige B\u00f6rsen diese Option anbieten, kann es schwieriger sein, eine zu finden, als eine, die Kreditkarten akzeptiert.<br><br><\/li><li><strong>Erstellen Sie ein Benutzerkonto auf der B\u00f6rse: <\/strong>Sobald Sie festgestellt haben, dass die B\u00f6rse Ihren Bed\u00fcrfnissen entspricht, m\u00fcssen Sie sich f\u00fcr ein Konto registrieren. In der Regel m\u00fcssen Sie hierf\u00fcr einige pers\u00f6nliche Daten angeben und einen Benutzernamen und ein Passwort erstellen.<br><br><\/li><li><strong>\u00dcberpr\u00fcfen Sie gegebenenfalls Ihre Identit\u00e4t: <\/strong>Bevor Sie mit dem Kauf und Verkauf von Zedxion Coins beginnen k\u00f6nnen, k\u00f6nnen bestimmte B\u00f6rsen Sie auffordern, Ihre Identit\u00e4t nachzuweisen. Ein Reisepass oder F\u00fchrerschein sind g\u00e4ngige Beispiele f\u00fcr amtliche Identifikationsdokumente, die hierf\u00fcr verwendet werden k\u00f6nnen.<br><br><br><\/li><li><strong>Verkn\u00fcpfen Sie Ihr B\u00f6rsenkonto mit Ihrem Apple Pay Konto: <\/strong>Sobald Ihre Identit\u00e4t best\u00e4tigt wurde, m\u00fcssen Sie Ihr Apple Pay Konto mit Ihrem B\u00f6rsenkonto verkn\u00fcpfen. Hierf\u00fcr wird in der Regel die Website oder mobile App der B\u00f6rse verwendet. Um Ihr Apple Pay Konto zu verkn\u00fcpfen und die Verbindung zu autorisieren, m\u00fcssen Sie den Anweisungen auf dem Bildschirm folgen.<br><\/li><li><strong>Durch Platzierung einer Bestellung an der B\u00f6rse k\u00f6nnen Sie Zedxion-M\u00fcnzen \u00fcber Apple Pay erwerben:<\/strong> Sie k\u00f6nnen Zedxion-W\u00e4hrung erwerben, indem Sie eine Bestellung an der B\u00f6rse aufgeben, sobald Ihr B\u00f6rsen- und Apple Pay-Konto verkn\u00fcpft sind. Sie m\u00fcssen angeben, wie viele Zedxion-M\u00fcnzen Sie kaufen m\u00f6chten und in welchem Preisspektrum. Nach erfolgreicher \u00dcbereinstimmung Ihrer Bestellung mit einem Verk\u00e4ufer f\u00fchrt die B\u00f6rse die Transaktion mit Ihrem zugeh\u00f6rigen Apple Pay-Konto durch.<\/li><\/ol>\n\n\n\n<figure class=\"wp-block-embed is-type-video is-provider-youtube wp-block-embed-youtube wp-embed-aspect-16-9 wp-has-aspect-ratio\"><div class=\"wp-block-embed__wrapper\">\n<iframe title=\"ZEDXION EXCHANGE CRYPTO\" width=\"800\" height=\"450\" src=\"https:\/\/www.youtube.com\/embed\/-l4q_fxZ-IM?feature=oembed\" frameborder=\"0\" allow=\"accelerometer; autoplay; clipboard-write; encrypted-media; gyroscope; picture-in-picture; web-share\" allowfullscreen><\/iframe>\n<\/div><\/figure>\n\n\n\n<h2 class=\"wp-block-heading\">Nachteile der Verwendung von Apple Pay zum Kauf von Zedxion Coin<\/h2>\n\n\n\n<p><strong>Bevor Sie Apple Pay verwenden, um Zedxion Coin zu kaufen, sollten Sie sich der folgenden Nachteile bewusst sein:<\/strong><\/p>\n\n\n\n<ul><li><strong>Eingeschr\u00e4nkte Verf\u00fcgbarkeit:<\/strong> Da nicht alle Kryptow\u00e4hrungsb\u00f6rsen Apple Pay akzeptieren, kann der Kauf von Zedxion Coin f\u00fcr Sie schwieriger sein.<br><br><\/li><li><strong>Geb\u00fchren: <\/strong>Apple Pay-Transaktionen auf einigen B\u00f6rsen verursachen eine Geb\u00fchr, die den Preis Ihrer Zedxion-W\u00e4hrung erh\u00f6ht.<br><br><\/li><li><strong>Eingeschr\u00e4nkte Benutzerfreundlichkeit:<\/strong> Wenn Sie kein iPhone, iPad oder Mac besitzen, k\u00f6nnen Sie m\u00f6glicherweise kein Apple Pay verwenden, da es nur auf bestimmten Ger\u00e4ten funktioniert.<\/li><\/ul>\n\n\n\n<h2 class=\"wp-block-heading\">Schlussfolgerung<\/h2>\n\n\n\n<p>Zusammenfassend ist die Verwendung von Apple Pay zum Kauf von Zedxion-W\u00e4hrung eine einfache und sichere M\u00f6glichkeit, dies zu tun. Bevor Sie diese Zahlungsoption nutzen, ist es jedoch wichtig, sich an die begrenzte Anzahl von B\u00f6rsen zu erinnern, die Apple Pay akzeptieren, sowie an m\u00f6gliche Geb\u00fchren. Wenn Sie sich entscheiden, Apple Pay zu nutzen, um Zedxion Coin zu erhalten, stellen Sie sicher, dass Sie eine vertrauensw\u00fcrdige B\u00f6rse verwenden und Ihr Apple Pay-Konto sch\u00fctzen, um das Risiko von Problemen zu minimieren.<\/p>\n\n\n\n<!-- Page-list plugin v.5.9 wordpress.org\/plugins\/page-list\/ -->\n<ul class=\"page-list siblings-page-list \">\n<li class=\"page_item page-item-21187\"><a href=\"https:\/\/allin1bitcoins.com\/de\/crypto\/zedxion\/credit-card\/\">Wie Kaufe Ich Zedxion (ZEDXION) Mit Einer Kreditkarte<\/a><\/li>\n<li class=\"page_item page-item-21260\"><a href=\"https:\/\/allin1bitcoins.com\/de\/crypto\/zedxion\/turkey\/\">Wie Man Zedxion (ZEDXION) In Der T\u00fcrkei Kauft<\/a><\/li>\n<li class=\"page_item page-item-21214\"><a href=\"https:\/\/allin1bitcoins.com\/de\/crypto\/zedxion\/france\/\">Wie Man Zedxion (ZEDXION) In Frankreich Kauft<\/a><\/li>\n<li class=\"page_item page-item-21199\"><a href=\"https:\/\/allin1bitcoins.com\/de\/crypto\/zedxion\/apple-pay\/\">Wie Man Zedxion (ZEDXION) Mit Apple Pay Kauft<\/a><\/li>\n<li class=\"page_item page-item-21221\"><a href=\"https:\/\/allin1bitcoins.com\/de\/crypto\/zedxion\/crypto-anonymously\/\">Wie Man Zedxion (ZEDXION) Mit Kryptow\u00e4hrung Anonym Kauft<\/a><\/li>\n<li class=\"page_item page-item-21252\"><a href=\"https:\/\/allin1bitcoins.com\/de\/crypto\/zedxion\/norway\/\">Wie Man Zedxion (ZEDXION)In Norwegen Kauft<\/a><\/li>\n<li class=\"page_item page-item-21240\"><a href=\"https:\/\/allin1bitcoins.com\/de\/crypto\/zedxion\/google-pay\/\">Wie Zedxion (ZEDXION) Mit Google Pay Kaufen<\/a><\/li>\n\n<\/ul>\n","protected":false},"excerpt":{"rendered":"<p>Um Zedxion-M\u00fcnzen mit Apple Pay zu kaufen, m\u00fcssen Sie folgende Schritte ausf\u00fchren: Suchen Sie nach einer Kryptow\u00e4hrungsb\u00f6rse, die Apple Pay akzeptiert und Zedxion Coin anbietet. Erstellen Sie ein Profil auf der B\u00f6rse. \u00dcberpr\u00fcfen Sie gegebenenfalls Ihre Identit\u00e4t. Verkn\u00fcpfen Sie Ihr B\u00f6rsenkonto mit Ihrem Apple Pay-Konto. Durch das Platzieren einer Bestellung auf der B\u00f6rse k\u00f6nnen Sie&#8230;<\/p>\n","protected":false},"author":8,"featured_media":14543,"parent":21172,"menu_order":0,"comment_status":"closed","ping_status":"closed","template":"","meta":{"cybocfi_hide_featured_image":"","footnotes":""},"acf":[],"yoast_head":"<!-- This site is optimized with the Yoast SEO plugin v21.7 - https:\/\/yoast.com\/wordpress\/plugins\/seo\/ -->\n<title>Wie Man Zedxion (ZEDXION) Mit Apple Pay Kauft<\/title>\n<meta name=\"description\" content=\"Um Zedxion-M\u00fcnzen mit Apple Pay zu kaufen, m\u00fcssen Sie die folgenden Aktionen durchf\u00fchren. Lesen Sie weiter f\u00fcr weitere Details.\" \/>\n<meta name=\"robots\" content=\"index, follow, max-snippet:-1, max-image-preview:large, max-video-preview:-1\" \/>\n<link rel=\"canonical\" href=\"https:\/\/allin1bitcoins.com\/de\/crypto\/zedxion\/apple-pay\/\" \/>\n<meta property=\"og:locale\" content=\"de_DE\" \/>\n<meta property=\"og:type\" content=\"article\" \/>\n<meta property=\"og:title\" content=\"Wie Man Zedxion (ZEDXION) Mit Apple Pay Kauft\" \/>\n<meta property=\"og:description\" content=\"Um Zedxion-M\u00fcnzen mit Apple Pay zu kaufen, m\u00fcssen Sie die folgenden Aktionen durchf\u00fchren. Lesen Sie weiter f\u00fcr weitere Details.\" \/>\n<meta property=\"og:url\" content=\"https:\/\/allin1bitcoins.com\/de\/crypto\/zedxion\/apple-pay\/\" \/>\n<meta property=\"og:site_name\" content=\"Allin1Bitcoins\" \/>\n<meta property=\"article:modified_time\" content=\"2023-02-13T18:34:41+00:00\" \/>\n<meta property=\"og:image\" content=\"https:\/\/allin1bitcoins.com\/wp-content\/uploads\/2023\/01\/cardmapr-nl-TOaE3Td9F8M-unsplash-scaled.jpg\" \/>\n\t<meta property=\"og:image:width\" content=\"1710\" \/>\n\t<meta property=\"og:image:height\" content=\"2560\" \/>\n\t<meta property=\"og:image:type\" content=\"image\/jpeg\" \/>\n<meta name=\"twitter:card\" content=\"summary_large_image\" \/>\n<meta name=\"twitter:label1\" content=\"Est. reading time\" \/>\n\t<meta name=\"twitter:data1\" content=\"3 minutes\" \/>\n<!-- \/ Yoast SEO plugin. -->","yoast_head_json":{"title":"Wie Man Zedxion (ZEDXION) Mit Apple Pay Kauft","description":"Um Zedxion-M\u00fcnzen mit Apple Pay zu kaufen, m\u00fcssen Sie die folgenden Aktionen durchf\u00fchren. Lesen Sie weiter f\u00fcr weitere Details.","robots":{"index":"index","follow":"follow","max-snippet":"max-snippet:-1","max-image-preview":"max-image-preview:large","max-video-preview":"max-video-preview:-1"},"canonical":"https:\/\/allin1bitcoins.com\/de\/crypto\/zedxion\/apple-pay\/","og_locale":"de_DE","og_type":"article","og_title":"Wie Man Zedxion (ZEDXION) Mit Apple Pay Kauft","og_description":"Um Zedxion-M\u00fcnzen mit Apple Pay zu kaufen, m\u00fcssen Sie die folgenden Aktionen durchf\u00fchren. Lesen Sie weiter f\u00fcr weitere Details.","og_url":"https:\/\/allin1bitcoins.com\/de\/crypto\/zedxion\/apple-pay\/","og_site_name":"Allin1Bitcoins","article_modified_time":"2023-02-13T18:34:41+00:00","og_image":[{"width":1710,"height":2560,"url":"https:\/\/allin1bitcoins.com\/wp-content\/uploads\/2023\/01\/cardmapr-nl-TOaE3Td9F8M-unsplash-scaled.jpg","type":"image\/jpeg"}],"twitter_card":"summary_large_image","twitter_misc":{"Est. reading time":"3 minutes"},"schema":{"@context":"https:\/\/schema.org","@graph":[{"@type":"WebPage","@id":"https:\/\/allin1bitcoins.com\/de\/crypto\/zedxion\/apple-pay\/","url":"https:\/\/allin1bitcoins.com\/de\/crypto\/zedxion\/apple-pay\/","name":"Wie Man Zedxion (ZEDXION) Mit Apple Pay Kauft","isPartOf":{"@id":"https:\/\/allin1bitcoins.com\/de\/#website"},"datePublished":"2023-02-13T18:34:38+00:00","dateModified":"2023-02-13T18:34:41+00:00","description":"Um Zedxion-M\u00fcnzen mit Apple Pay zu kaufen, m\u00fcssen Sie die folgenden Aktionen durchf\u00fchren. Lesen Sie weiter f\u00fcr weitere Details.","breadcrumb":{"@id":"https:\/\/allin1bitcoins.com\/de\/crypto\/zedxion\/apple-pay\/#breadcrumb"},"inLanguage":"de","potentialAction":[{"@type":"ReadAction","target":["https:\/\/allin1bitcoins.com\/de\/crypto\/zedxion\/apple-pay\/"]}]},{"@type":"BreadcrumbList","@id":"https:\/\/allin1bitcoins.com\/de\/crypto\/zedxion\/apple-pay\/#breadcrumb","itemListElement":[{"@type":"ListItem","position":1,"name":"Home","item":"https:\/\/allin1bitcoins.com\/de\/"},{"@type":"ListItem","position":2,"name":"Krypto","item":"https:\/\/allin1bitcoins.com\/de\/crypto\/"},{"@type":"ListItem","position":3,"name":"Wie Man Zedxion (ZEDXION) Kauft \u2013 Ausf\u00fchrliche Anleitung (2023)","item":"https:\/\/allin1bitcoins.com\/de\/crypto\/zedxion\/"},{"@type":"ListItem","position":4,"name":"Wie Man Zedxion (ZEDXION) Mit Apple Pay Kauft"}]},{"@type":"WebSite","@id":"https:\/\/allin1bitcoins.com\/de\/#website","url":"https:\/\/allin1bitcoins.com\/de\/","name":"Allin1Bitcoins","description":"","publisher":{"@id":"https:\/\/allin1bitcoins.com\/de\/#organization"},"potentialAction":[{"@type":"SearchAction","target":{"@type":"EntryPoint","urlTemplate":"https:\/\/allin1bitcoins.com\/de\/?s={search_term_string}"},"query-input":"required name=search_term_string"}],"inLanguage":"de"},{"@type":"Organization","@id":"https:\/\/allin1bitcoins.com\/de\/#organization","name":"allin1bitcoins","url":"https:\/\/allin1bitcoins.com\/de\/","logo":{"@type":"ImageObject","inLanguage":"de","@id":"https:\/\/allin1bitcoins.com\/de\/#\/schema\/logo\/image\/","url":"https:\/\/allin1bitcoins.com\/wp-content\/uploads\/2019\/01\/logo-new.png","contentUrl":"https:\/\/allin1bitcoins.com\/wp-content\/uploads\/2019\/01\/logo-new.png","width":178,"height":71,"caption":"allin1bitcoins"},"image":{"@id":"https:\/\/allin1bitcoins.com\/de\/#\/schema\/logo\/image\/"}}]}},"_links":{"self":[{"href":"https:\/\/allin1bitcoins.com\/de\/wp-json\/wp\/v2\/pages\/21199"}],"collection":[{"href":"https:\/\/allin1bitcoins.com\/de\/wp-json\/wp\/v2\/pages"}],"about":[{"href":"https:\/\/allin1bitcoins.com\/de\/wp-json\/wp\/v2\/types\/page"}],"author":[{"embeddable":true,"href":"https:\/\/allin1bitcoins.com\/de\/wp-json\/wp\/v2\/users\/8"}],"replies":[{"embeddable":true,"href":"https:\/\/allin1bitcoins.com\/de\/wp-json\/wp\/v2\/comments?post=21199"}],"version-history":[{"count":3,"href":"https:\/\/allin1bitcoins.com\/de\/wp-json\/wp\/v2\/pages\/21199\/revisions"}],"predecessor-version":[{"id":21204,"href":"https:\/\/allin1bitcoins.com\/de\/wp-json\/wp\/v2\/pages\/21199\/revisions\/21204"}],"up":[{"embeddable":true,"href":"https:\/\/allin1bitcoins.com\/de\/wp-json\/wp\/v2\/pages\/21172"}],"wp:featuredmedia":[{"embeddable":true,"href":"https:\/\/allin1bitcoins.com\/de\/wp-json\/wp\/v2\/media\/14543"}],"wp:attachment":[{"href":"https:\/\/allin1bitcoins.com\/de\/wp-json\/wp\/v2\/media?parent=21199"}],"curies":[{"name":"wp","href":"https:\/\/api.w.org\/{rel}","templated":true}]}}