{"id":21401,"date":"2023-02-16T19:36:06","date_gmt":"2023-02-16T19:36:06","guid":{"rendered":"https:\/\/allin1bitcoins.com\/?page_id=21401"},"modified":"2023-02-16T19:36:08","modified_gmt":"2023-02-16T19:36:08","slug":"united-states","status":"publish","type":"page","link":"https:\/\/allin1bitcoins.com\/de\/crypto\/bobcoin\/united-states\/","title":{"rendered":"Wie Man Bobcoin (BOBC) In Den Vereinigten Staaten Kauft"},"content":{"rendered":"\n<p>Bobcoin ist eine dezentralisierte digitale W\u00e4hrung, die auf die Anforderung einer zentralisierten Entit\u00e4t zum Senden und Empfangen von Zahlungen verzichtet. Um Bobcoin zu kaufen, w\u00e4hrend Sie sich in den USA befinden, m\u00fcssen Sie eine digitale Brieftasche erstellen und sich bei einer Kryptow\u00e4hrungsb\u00f6rse registrieren, die mit Bobcoin handelt. Anschlie\u00dfend k\u00f6nnen Sie Bobcoin mit verschiedenen Zahlungsoptionen kaufen, einschlie\u00dflich einer Kreditkarte, einer Bank\u00fcberweisung oder sogar Bargeld.<\/p>\n\n\n\n<h2 class=\"wp-block-heading\">Bobcoin-\u00dcberblick<\/h2>\n\n\n\n<p>Bobcoin ist eine dezentralisierte digitale W\u00e4hrung, die im Jahr 2009 von &#8220;Satoshi Nakamoto&#8221;, einer Person oder Gruppe von Personen, die lieber anonym bleiben, entwickelt wurde. Die W\u00e4hrung basiert auf Peer-to-Peer-Technologie, die es Benutzern erm\u00f6glicht, Geld ohne die Notwendigkeit einer zentralisierten Organisation zu \u00fcbertragen und zu empfangen. Die begrenzte Versorgung mit Bobcoin ist eine ihrer unterscheidenden Eigenschaften. Es werden nur 21 Millionen Bobcoins im Umlauf sein; Stand Januar 2021 waren bereits \u00fcber 18,6 Millionen im Umlauf. Der Wert von Bobcoin hat im Laufe der Zeit aufgrund der begrenzten Versorgung und der steigenden Nachfrage erheblich zugenommen.<\/p>\n\n\n\n<h2 class=\"wp-block-heading\">Vorteile des Kaufs von Bobcoin<\/h2>\n\n\n\n<p><strong>Die folgenden sind einige Vorteile des Kaufs von Bobcoin:<\/strong><\/p>\n\n\n\n<ul><li><strong>Sicherheit:<\/strong> Bobcoin l\u00e4uft auf einem Peer-to-Peer-Netzwerk und steht nicht unter der Kontrolle einer einzelnen Entit\u00e4t, was als Dezentralisierung bekannt ist. Dadurch ist es weniger anf\u00e4llig f\u00fcr Zensur, Betrug und andere Arten von Manipulation.<br><br><\/li><li><strong>Niedrige Transaktionskosten: <\/strong>Im Vergleich zu anderen Zahlungsmethoden haben Bobcoin-Transaktionen oft relativ niedrige Transaktionskosten. Dies macht es zu einer begehrten Wahl f\u00fcr Benutzer, die Geld ins Ausland senden oder andere bedeutende Transaktionen abschlie\u00dfen m\u00f6chten.<br><br><\/li><li><strong>Eine begrenzte Menge: <\/strong>Bobcoin hat eine begrenzte Versorgung; es wird nur 21 Millionen im Umlauf geben, wie bereits festgelegt wurde. Der Wert von Bobcoin hat im Laufe der Zeit aufgrund der begrenzten Versorgung und der steigenden Nachfrage erheblich zugenommen.<br><br><\/li><li><strong>Anonymit\u00e4t: <\/strong>Bobcoin-Transaktionen sind pseudonym, was bedeutet, dass auch wenn die Namen der beteiligten Parteien auf der Blockchain (einem \u00f6ffentlichen Ledger) aufgezeichnet werden, ihre Identit\u00e4ten geheim gehalten werden. Benutzer k\u00f6nnen daher Transaktionen durchf\u00fchren, ohne pers\u00f6nliche Informationen preiszugeben.<\/li><\/ul>\n\n\n\n<figure class=\"wp-block-embed is-type-video is-provider-youtube wp-block-embed-youtube wp-embed-aspect-16-9 wp-has-aspect-ratio\"><div class=\"wp-block-embed__wrapper\">\n<iframe title=\"$BOBC - BOBCOIN TOKEN - CRYPTO COIN ALTCOIN HOW TO BUY NFT NFTS BSC ETH BTC NEW BOB BOBC EV BIKES\" width=\"800\" height=\"450\" src=\"https:\/\/www.youtube.com\/embed\/PMxoUPS5cio?feature=oembed\" frameborder=\"0\" allow=\"accelerometer; autoplay; clipboard-write; encrypted-media; gyroscope; picture-in-picture; web-share\" allowfullscreen><\/iframe>\n<\/div><\/figure>\n\n\n\n<h2 class=\"wp-block-heading\">Anleitung zum Kauf von Bobcoin in den USA: Ein Schritt-f\u00fcr-Schritt-Leitfaden<\/h2>\n\n\n\n<p><strong>Hier ist eine Schritt-f\u00fcr-Schritt-Anleitung zum Kauf von Bobcoin in den USA:<\/strong><\/p>\n\n\n\n<ol><li><strong>Eine digitale Geldb\u00f6rse einrichten: <\/strong>Sie m\u00fcssen zuerst eine digitale Geldb\u00f6rse einrichten, in der Sie Ihre Bobcoins aufbewahren k\u00f6nnen. Es gibt mehrere M\u00f6glichkeiten, darunter Hardware-Wallets und Software-Wallets. W\u00e4hlen Sie diejenige, die Ihren Anforderungen am besten entspricht, und richten Sie sie gem\u00e4\u00df den Einrichtungsanweisungen ein.<br><br><br><\/li><li><strong>Mitglied einer Kryptow\u00e4hrungsb\u00f6rse werden: <\/strong>Nachdem Sie eine digitale Geldb\u00f6rse eingerichtet haben, m\u00fcssen Sie sich bei einer Kryptow\u00e4hrungsb\u00f6rse registrieren, die Bobcoin akzeptiert. In den USA gibt es mehrere bekannte B\u00f6rsen, wie Coinbase, Binance und Kraken. Gehen Sie zur Website der B\u00f6rse, um ein Konto zu erstellen, und folgen Sie den Anweisungen.<br><br><\/li><li><strong>Ihr Konto verifizieren: <\/strong>Bevor Sie auf den meisten Kryptow\u00e4hrungsb\u00f6rsen mit dem Kauf und Handel von Bobcoin beginnen k\u00f6nnen, m\u00fcssen Sie Ihr Konto verifizieren. Normalerweise ist hierf\u00fcr das Hochladen einer Kopie Ihres von der Regierung ausgestellten Ausweises und eines Dokuments zur Best\u00e4tigung Ihrer Adresse erforderlich.<br><br><\/li><li><strong>Guthaben hinzuf\u00fcgen: <\/strong>Nachdem Ihr Konto validiert wurde, m\u00fcssen Sie es mit einer Zahlungsmethode auff\u00fcllen. Je nach B\u00f6rse, die Sie verwenden, k\u00f6nnen Sie hierf\u00fcr eine Kreditkarte, eine Bank\u00fcberweisung oder sogar Bargeld verwenden.<br><br><\/li><li><strong>Bobcoin bestellen:<\/strong> Sobald Ihr Konto aufgef\u00fcllt wurde, k\u00f6nnen Sie mit dem Kauf von Bobcoin beginnen. F\u00fchren Sie einfach eine Suche nach Bobcoin-Wechselkursen durch und w\u00e4hlen Sie die gew\u00fcnschte Kaufmenge. \u00dcberpr\u00fcfen Sie die Details der Bestellung, einschlie\u00dflich des Gesamtpreises und etwaiger Geb\u00fchren, und best\u00e4tigen Sie dann Ihren Kauf.<\/li><\/ol>\n\n\n\n<h2 class=\"wp-block-heading\">Bobcoin-Steuer beim Kauf in den USA<\/h2>\n\n\n\n<p>Die steuerlichen Auswirkungen des Kaufs von Bobcoin in den USA m\u00fcssen ebenso wie bei anderen Investitionen ber\u00fccksichtigt werden. Beim Verkauf sind Bobcoin und andere Kryptow\u00e4hrungen aufgrund ihrer Einstufung als &#8220;Eigentum&#8221; zu steuerlichen Zwecken durch die Internal Revenue Service (IRS) kapitalertragsteuerpflichtig.<\/p>\n\n\n\n<p>Wenn Sie Fragen oder Bedenken hinsichtlich der steuerlichen Behandlung von Bobcoin haben, ist es wichtig, sich mit einem Steuerexperten zu beraten. Um die Einhaltung der Steuervorschriften zu gew\u00e4hrleisten, ist es auch wichtig, genaue Aufzeichnungen Ihrer Bobcoin-Transaktionen und Verk\u00e4ufe zu f\u00fchren.<\/p>\n\n\n\n<h2 class=\"wp-block-heading\">Schlussfolgerung<\/h2>\n\n\n\n<p>Sobald Sie eine digitale Geldb\u00f6rse und ein Konto bei einer Kryptow\u00e4hrungsb\u00f6rse haben, ist der Kauf von Bobcoin in den USA ein recht einfacher Prozess. Sie k\u00f6nnen Bobcoin schnell und einfach mit einer Reihe von verschiedenen Zahlungsmethoden kaufen, indem Sie den oben beschriebenen Anweisungen folgen und es f\u00fcr Online-Transaktionen verwenden. Obwohl es einige steuerliche Auswirkungen zu beachten gibt, kann die Aufnahme von Bobcoin in Ihr Anlageportfolio eine kluge Entscheidung sein. Bevor Sie jedoch Entscheidungen treffen, ist es wie bei jeder Investition wichtig, Ihre eigene Recherche durchzuf\u00fchren und mit einem Finanzexperten zu sprechen.<\/p>\n\n\n\n<!-- Page-list plugin v.5.9 wordpress.org\/plugins\/page-list\/ -->\n<ul class=\"page-list siblings-page-list \">\n<li class=\"page_item page-item-21388\"><a href=\"https:\/\/allin1bitcoins.com\/de\/crypto\/bobcoin\/united-kingdom\/\">Wie Man Bobcoin (BOBC) Im Vereinigten K\u00f6nigreich Erwirbt<\/a><\/li>\n<li class=\"page_item page-item-21401\"><a href=\"https:\/\/allin1bitcoins.com\/de\/crypto\/bobcoin\/united-states\/\">Wie Man Bobcoin (BOBC) In Den Vereinigten Staaten Kauft<\/a><\/li>\n<li class=\"page_item page-item-21422\"><a href=\"https:\/\/allin1bitcoins.com\/de\/crypto\/bobcoin\/switzerland\/\">Wie Man Bobcoin (BOBC) In Der Schweiz Kauft<\/a><\/li>\n<li class=\"page_item page-item-21416\"><a href=\"https:\/\/allin1bitcoins.com\/de\/crypto\/bobcoin\/canada\/\">Wie Man Bobcoin (BOBC) In Kanada Kauft<\/a><\/li>\n<li class=\"page_item page-item-21443\"><a href=\"https:\/\/allin1bitcoins.com\/de\/crypto\/bobcoin\/debit-card\/\">Wie Man Bobcoin (BOBC) Mit Einer Debitkarte Kauft<\/a><\/li>\n<li class=\"page_item page-item-21437\"><a href=\"https:\/\/allin1bitcoins.com\/de\/crypto\/bobcoin\/credit-card\/\">Wie Man Bobcoin (BOBC) Mit einer Kreditkarte Kauft<\/a><\/li>\n<li class=\"page_item page-item-21464\"><a href=\"https:\/\/allin1bitcoins.com\/de\/crypto\/bobcoin\/paypal\/\">Wie Man Bobcoin (BOBC) Mit Paypal Kauft<\/a><\/li>\n\n<\/ul>\n","protected":false},"excerpt":{"rendered":"<p>Bobcoin ist eine dezentralisierte digitale W\u00e4hrung, die auf die Anforderung einer zentralisierten Entit\u00e4t zum Senden und Empfangen von Zahlungen verzichtet. Um Bobcoin zu kaufen, w\u00e4hrend Sie sich in den USA befinden, m\u00fcssen Sie eine digitale Brieftasche erstellen und sich bei einer Kryptow\u00e4hrungsb\u00f6rse registrieren, die mit Bobcoin handelt. Anschlie\u00dfend k\u00f6nnen Sie Bobcoin mit verschiedenen Zahlungsoptionen kaufen,&#8230;<\/p>\n","protected":false},"author":8,"featured_media":17097,"parent":21381,"menu_order":0,"comment_status":"closed","ping_status":"closed","template":"","meta":{"cybocfi_hide_featured_image":"","footnotes":""},"acf":[],"yoast_head":"<!-- This site is optimized with the Yoast SEO plugin v21.7 - https:\/\/yoast.com\/wordpress\/plugins\/seo\/ -->\n<title>Wie Man Bobcoin (BOBC) In Den Vereinigten Staaten Kauft<\/title>\n<meta name=\"description\" content=\"Sobald Sie eine digitale Geldb\u00f6rse und ein Konto bei einer Kryptow\u00e4hrungsb\u00f6rse haben, ist der Kauf von Bobcoin in den USA einfach.\" \/>\n<meta name=\"robots\" content=\"index, follow, max-snippet:-1, max-image-preview:large, max-video-preview:-1\" \/>\n<link rel=\"canonical\" href=\"https:\/\/allin1bitcoins.com\/de\/crypto\/bobcoin\/united-states\/\" \/>\n<meta property=\"og:locale\" content=\"de_DE\" \/>\n<meta property=\"og:type\" content=\"article\" \/>\n<meta property=\"og:title\" content=\"Wie Man Bobcoin (BOBC) In Den Vereinigten Staaten Kauft\" \/>\n<meta property=\"og:description\" content=\"Sobald Sie eine digitale Geldb\u00f6rse und ein Konto bei einer Kryptow\u00e4hrungsb\u00f6rse haben, ist der Kauf von Bobcoin in den USA einfach.\" \/>\n<meta property=\"og:url\" content=\"https:\/\/allin1bitcoins.com\/de\/crypto\/bobcoin\/united-states\/\" \/>\n<meta property=\"og:site_name\" content=\"Allin1Bitcoins\" \/>\n<meta property=\"article:modified_time\" content=\"2023-02-16T19:36:08+00:00\" \/>\n<meta property=\"og:image\" content=\"https:\/\/allin1bitcoins.com\/wp-content\/uploads\/2023\/01\/pexels-sharefaith-1202723.jpg\" \/>\n\t<meta property=\"og:image:width\" content=\"1279\" \/>\n\t<meta property=\"og:image:height\" content=\"829\" \/>\n\t<meta property=\"og:image:type\" content=\"image\/jpeg\" \/>\n<meta name=\"twitter:card\" content=\"summary_large_image\" \/>\n<meta name=\"twitter:label1\" content=\"Est. reading time\" \/>\n\t<meta name=\"twitter:data1\" content=\"4 minutes\" \/>\n<!-- \/ Yoast SEO plugin. -->","yoast_head_json":{"title":"Wie Man Bobcoin (BOBC) In Den Vereinigten Staaten Kauft","description":"Sobald Sie eine digitale Geldb\u00f6rse und ein Konto bei einer Kryptow\u00e4hrungsb\u00f6rse haben, ist der Kauf von Bobcoin in den USA einfach.","robots":{"index":"index","follow":"follow","max-snippet":"max-snippet:-1","max-image-preview":"max-image-preview:large","max-video-preview":"max-video-preview:-1"},"canonical":"https:\/\/allin1bitcoins.com\/de\/crypto\/bobcoin\/united-states\/","og_locale":"de_DE","og_type":"article","og_title":"Wie Man Bobcoin (BOBC) In Den Vereinigten Staaten Kauft","og_description":"Sobald Sie eine digitale Geldb\u00f6rse und ein Konto bei einer Kryptow\u00e4hrungsb\u00f6rse haben, ist der Kauf von Bobcoin in den USA einfach.","og_url":"https:\/\/allin1bitcoins.com\/de\/crypto\/bobcoin\/united-states\/","og_site_name":"Allin1Bitcoins","article_modified_time":"2023-02-16T19:36:08+00:00","og_image":[{"width":1279,"height":829,"url":"https:\/\/allin1bitcoins.com\/wp-content\/uploads\/2023\/01\/pexels-sharefaith-1202723.jpg","type":"image\/jpeg"}],"twitter_card":"summary_large_image","twitter_misc":{"Est. reading time":"4 minutes"},"schema":{"@context":"https:\/\/schema.org","@graph":[{"@type":"WebPage","@id":"https:\/\/allin1bitcoins.com\/de\/crypto\/bobcoin\/united-states\/","url":"https:\/\/allin1bitcoins.com\/de\/crypto\/bobcoin\/united-states\/","name":"Wie Man Bobcoin (BOBC) In Den Vereinigten Staaten Kauft","isPartOf":{"@id":"https:\/\/allin1bitcoins.com\/de\/#website"},"datePublished":"2023-02-16T19:36:06+00:00","dateModified":"2023-02-16T19:36:08+00:00","description":"Sobald Sie eine digitale Geldb\u00f6rse und ein Konto bei einer Kryptow\u00e4hrungsb\u00f6rse haben, ist der Kauf von Bobcoin in den USA einfach.","breadcrumb":{"@id":"https:\/\/allin1bitcoins.com\/de\/crypto\/bobcoin\/united-states\/#breadcrumb"},"inLanguage":"de","potentialAction":[{"@type":"ReadAction","target":["https:\/\/allin1bitcoins.com\/de\/crypto\/bobcoin\/united-states\/"]}]},{"@type":"BreadcrumbList","@id":"https:\/\/allin1bitcoins.com\/de\/crypto\/bobcoin\/united-states\/#breadcrumb","itemListElement":[{"@type":"ListItem","position":1,"name":"Home","item":"https:\/\/allin1bitcoins.com\/de\/"},{"@type":"ListItem","position":2,"name":"Krypto","item":"https:\/\/allin1bitcoins.com\/de\/crypto\/"},{"@type":"ListItem","position":3,"name":"Wie Man Bobcoin (BOBC) Kauft &#8211; Schritt-f\u00fcr-Schritt-Anleitung","item":"https:\/\/allin1bitcoins.com\/de\/crypto\/bobcoin\/"},{"@type":"ListItem","position":4,"name":"Wie Man Bobcoin (BOBC) In Den Vereinigten Staaten Kauft"}]},{"@type":"WebSite","@id":"https:\/\/allin1bitcoins.com\/de\/#website","url":"https:\/\/allin1bitcoins.com\/de\/","name":"Allin1Bitcoins","description":"","publisher":{"@id":"https:\/\/allin1bitcoins.com\/de\/#organization"},"potentialAction":[{"@type":"SearchAction","target":{"@type":"EntryPoint","urlTemplate":"https:\/\/allin1bitcoins.com\/de\/?s={search_term_string}"},"query-input":"required name=search_term_string"}],"inLanguage":"de"},{"@type":"Organization","@id":"https:\/\/allin1bitcoins.com\/de\/#organization","name":"allin1bitcoins","url":"https:\/\/allin1bitcoins.com\/de\/","logo":{"@type":"ImageObject","inLanguage":"de","@id":"https:\/\/allin1bitcoins.com\/de\/#\/schema\/logo\/image\/","url":"https:\/\/allin1bitcoins.com\/wp-content\/uploads\/2019\/01\/logo-new.png","contentUrl":"https:\/\/allin1bitcoins.com\/wp-content\/uploads\/2019\/01\/logo-new.png","width":178,"height":71,"caption":"allin1bitcoins"},"image":{"@id":"https:\/\/allin1bitcoins.com\/de\/#\/schema\/logo\/image\/"}}]}},"_links":{"self":[{"href":"https:\/\/allin1bitcoins.com\/de\/wp-json\/wp\/v2\/pages\/21401"}],"collection":[{"href":"https:\/\/allin1bitcoins.com\/de\/wp-json\/wp\/v2\/pages"}],"about":[{"href":"https:\/\/allin1bitcoins.com\/de\/wp-json\/wp\/v2\/types\/page"}],"author":[{"embeddable":true,"href":"https:\/\/allin1bitcoins.com\/de\/wp-json\/wp\/v2\/users\/8"}],"replies":[{"embeddable":true,"href":"https:\/\/allin1bitcoins.com\/de\/wp-json\/wp\/v2\/comments?post=21401"}],"version-history":[{"count":1,"href":"https:\/\/allin1bitcoins.com\/de\/wp-json\/wp\/v2\/pages\/21401\/revisions"}],"predecessor-version":[{"id":21403,"href":"https:\/\/allin1bitcoins.com\/de\/wp-json\/wp\/v2\/pages\/21401\/revisions\/21403"}],"up":[{"embeddable":true,"href":"https:\/\/allin1bitcoins.com\/de\/wp-json\/wp\/v2\/pages\/21381"}],"wp:featuredmedia":[{"embeddable":true,"href":"https:\/\/allin1bitcoins.com\/de\/wp-json\/wp\/v2\/media\/17097"}],"wp:attachment":[{"href":"https:\/\/allin1bitcoins.com\/de\/wp-json\/wp\/v2\/media?parent=21401"}],"curies":[{"name":"wp","href":"https:\/\/api.w.org\/{rel}","templated":true}]}}