{"id":21571,"date":"2023-02-18T19:02:00","date_gmt":"2023-02-18T19:02:00","guid":{"rendered":"https:\/\/allin1bitcoins.com\/?page_id=21571"},"modified":"2023-02-18T19:02:03","modified_gmt":"2023-02-18T19:02:03","slug":"canada","status":"publish","type":"page","link":"https:\/\/allin1bitcoins.com\/de\/crypto\/kunci\/canada\/","title":{"rendered":"Wie Man Kunci Coin (KUNCI) In Kanada Kauft"},"content":{"rendered":"\n<h2 class=\"wp-block-heading\">Kurze Antwort: Sie k\u00f6nnen Kunci Coin in Kanada kaufen.<\/h2>\n\n\n\n<p>Der Vorgang zum Kauf von Kunci Coin in Kanada kann in ein paar einfache Schritte unterteilt werden. Der erste Schritt besteht darin, eine vertrauensw\u00fcrdige Kryptow\u00e4hrungsb\u00f6rse zu finden, die den Handel mit Kunci Coin in Kanada erm\u00f6glicht. Der n\u00e4chste Schritt ist die Registrierung eines Kontos an der B\u00f6rse und die Bereitstellung von Identifikationsnachweisen. Nach Einrichtung Ihres Kontos k\u00f6nnen Sie Geld in kanadischen Dollar (CAD) oder einer anderen unterst\u00fctzten W\u00e4hrung hinzuf\u00fcgen. Nachdem Ihr Konto mit Ihren Mitteln aufgeladen wurde, k\u00f6nnen Sie Kunci Coin mit dem Geld in Ihrem Konto kaufen.<\/p>\n\n\n\n<h2 class=\"wp-block-heading\">\u00dcberblick \u00fcber Kunci Coin<\/h2>\n\n\n\n<p>Das Kunci-Projekt hat die Kryptow\u00e4hrung namens Kunci Coin geschaffen. Das Kunci-Projekt zielt darauf ab, eine dezentralisierte Plattform bereitzustellen, auf der Benutzer Wissen auf sichere und private Weise teilen und darauf zugreifen k\u00f6nnen. Dank der Blockchain-Technologie k\u00f6nnen Benutzer der Website auf einen dezentralisierten, unver\u00e4nderlichen Datensatz von Wissen und Informationen zugreifen. Der native Token der Kunci-Plattform, Kunci Coin, wird genutzt, um Benutzer zu belohnen, die wertvolles Wissen in das Netzwerk einbringen und teilen.<\/p>\n\n\n\n<h2 class=\"wp-block-heading\">Vorteile des Kaufs von Kunci Coin<\/h2>\n\n\n\n<p>Es gibt mehrere Vorteile beim Kauf von Kunci Coin. Zum einen erhalten Sie durch den Besitz von Kunci Coin Zugang zum Kunci-Projekt und dem \u00d6kosystem f\u00fcr den Wissensaustausch. Da Kunci Coin durch den Wert der Kunci-Plattform abgesichert ist, kann der Besitz von Kunci Coin auch als Absicherung gegen die Volatilit\u00e4t anderer Kryptow\u00e4hrungen dienen. Dar\u00fcber hinaus haben Kunci Coin-Besitzer Anspruch auf Zugang zu Premium-Inhalten sowie Auszeichnungen f\u00fcr das Teilen von erkenntnisreichem Wissen auf der Plattform.<\/p>\n\n\n\n<figure class=\"wp-block-embed is-type-video is-provider-youtube wp-block-embed-youtube wp-embed-aspect-16-9 wp-has-aspect-ratio\"><div class=\"wp-block-embed__wrapper\">\n<iframe title=\"KunciCoin Achievement Overview\" width=\"800\" height=\"450\" src=\"https:\/\/www.youtube.com\/embed\/HKe2xGJj0ms?feature=oembed\" frameborder=\"0\" allow=\"accelerometer; autoplay; clipboard-write; encrypted-media; gyroscope; picture-in-picture; web-share\" allowfullscreen><\/iframe>\n<\/div><\/figure>\n\n\n\n<h2 class=\"wp-block-heading\">Detaillierte Anleitung zum Kauf von Kunci Coin in Kanada:<\/h2>\n\n\n\n<p><strong>Schritt 1:<\/strong> Entscheiden Sie sich f\u00fcr eine vertrauensw\u00fcrdige Kryptow\u00e4hrungsb\u00f6rse, die den Handel mit Kunci Coin in Kanada erm\u00f6glicht. Binance, KuCoin und Bitbuy sind einige beliebte Optionen.<br><\/p>\n\n\n\n<p><strong>Schritt 2: <\/strong>Registrieren Sie sich auf der von Ihnen gew\u00e4hlten B\u00f6rse und f\u00fchren Sie die erforderlichen Verifizierungsverfahren durch.<br><\/p>\n\n\n\n<p><strong>Schritt 3: <\/strong>F\u00fcgen Sie Geld in kanadischen Dollar (CAD) oder einer anderen akzeptierten W\u00e4hrung Ihrem Konto hinzu.<br><\/p>\n\n\n\n<p><strong>Schritt 4: <\/strong>Gehen Sie zur Handelsseite der B\u00f6rse und suchen Sie nach dem Kunci Coin\/CAD-Handelspaar.<br><\/p>\n\n\n\n<p><strong>Schritt 5: <\/strong>Platzieren Sie eine Kauforder f\u00fcr die Menge an Kunci Coin, die Sie kaufen m\u00f6chten.<br><\/p>\n\n\n\n<p><strong>Schritt 6: <\/strong>Sobald Ihre Order ausgef\u00fchrt wurde, werden die Kunci Coins Ihrem B\u00f6rsen-Wallet gutgeschrieben.<\/p>\n\n\n\n<h2 class=\"wp-block-heading\">Steuern beim Kauf von Kunci Coin in Kanada<\/h2>\n\n\n\n<p>Der Kauf von Kunci Coin unterliegt, wie jede andere Finanztransaktion in Kanada, Steuern. Ihre individuelle Situation und alle relevanten Steuerregeln und -vorschriften in Ihrem Land bestimmen die genauen steuerlichen Auswirkungen des Kaufs und Besitzes von Kunci Coin. Kryptow\u00e4hrungen werden vom kanadischen Steueramt (CRA) als Waren angesehen und unterliegen somit den Vorschriften zur Kapitalgewinnsteuer. Bevor Sie also wichtige finanzielle Entscheidungen wie den Kauf von Kunci Coin treffen, sollten Sie einen Steuerexperten konsultieren.<\/p>\n\n\n\n<h2 class=\"wp-block-heading\">Schlussfolgerung<\/h2>\n\n\n\n<p>Zusammenfassend ist der Kauf von Kunci Coin in Kanada ein einfacher Prozess, der durch die Suche nach einer vertrauensw\u00fcrdigen Kryptow\u00e4hrungsb\u00f6rse, die den Handel mit Kunci Coin unterst\u00fctzt, die Einrichtung eines Kontos und die Finanzierung desselben durchgef\u00fchrt werden kann. Durch den Besitz von Kunci Coin k\u00f6nnen Sie mehr \u00fcber das Kunci-Projekt erfahren und am \u00d6kosystem des Informationsaustauschs teilnehmen. Bevor Sie jedoch finanzielle Entscheidungen treffen, ist es wichtig, die steuerlichen Auswirkungen zu verstehen und professionellen Rat einzuholen. F\u00fchren Sie stets Ihre eigene Recherche durch und stellen Sie sicher, dass Sie sich der damit verbundenen Risiken bewusst sind, bevor Sie Kryptow\u00e4hrungen kaufen.<\/p>\n\n\n\n<!-- Page-list plugin v.5.9 wordpress.org\/plugins\/page-list\/ -->\n<ul class=\"page-list siblings-page-list \">\n<li class=\"page_item page-item-21549\"><a href=\"https:\/\/allin1bitcoins.com\/de\/crypto\/kunci\/credit-card\/\">So Kaufen Sie Kunci Coin (KUNCI) Mit Kreditkarte<\/a><\/li>\n<li class=\"page_item page-item-21494\"><a href=\"https:\/\/allin1bitcoins.com\/de\/crypto\/kunci\/united-kingdom\/\">Wie Man Kunci Coin (KUNCI) Im Vereinigten K\u00f6nigreich Kaufen Kann<\/a><\/li>\n<li class=\"page_item page-item-21506\"><a href=\"https:\/\/allin1bitcoins.com\/de\/crypto\/kunci\/united-states\/\">Wie Man Kunci Coin (KUNCI) In Den Vereinigten Staaten Kauft<\/a><\/li>\n<li class=\"page_item page-item-21557\"><a href=\"https:\/\/allin1bitcoins.com\/de\/crypto\/kunci\/switzerland\/\">Wie Man Kunci Coin (KUNCI) In Der Schweiz Kauft<\/a><\/li>\n<li class=\"page_item page-item-21571\"><a href=\"https:\/\/allin1bitcoins.com\/de\/crypto\/kunci\/canada\/\">Wie Man Kunci Coin (KUNCI) In Kanada Kauft<\/a><\/li>\n<li class=\"page_item page-item-21516\"><a href=\"https:\/\/allin1bitcoins.com\/de\/crypto\/kunci\/american-express\/\">Wie Man Kunci Coin (KUNCI) Mit American Express Kauft<\/a><\/li>\n<li class=\"page_item page-item-21537\"><a href=\"https:\/\/allin1bitcoins.com\/de\/crypto\/kunci\/debit-card\/\">Wie Man Kunci Coin (KUNCI) Mit Debitkarte Kauft<\/a><\/li>\n<li class=\"page_item page-item-21528\"><a href=\"https:\/\/allin1bitcoins.com\/de\/crypto\/kunci\/paypal\/\">Wie Man Kunci Coin (KUNCI) Mit PayPal Kauft<\/a><\/li>\n\n<\/ul>\n","protected":false},"excerpt":{"rendered":"<p>Kurze Antwort: Sie k\u00f6nnen Kunci Coin in Kanada kaufen. Der Vorgang zum Kauf von Kunci Coin in Kanada kann in ein paar einfache Schritte unterteilt werden. Der erste Schritt besteht darin, eine vertrauensw\u00fcrdige Kryptow\u00e4hrungsb\u00f6rse zu finden, die den Handel mit Kunci Coin in Kanada erm\u00f6glicht. Der n\u00e4chste Schritt ist die Registrierung eines Kontos an der&#8230;<\/p>\n","protected":false},"author":8,"featured_media":16913,"parent":21483,"menu_order":0,"comment_status":"closed","ping_status":"closed","template":"","meta":{"cybocfi_hide_featured_image":"","footnotes":""},"acf":[],"yoast_head":"<!-- This site is optimized with the Yoast SEO plugin v21.7 - https:\/\/yoast.com\/wordpress\/plugins\/seo\/ -->\n<title>Wie Man Kunci Coin (KUNCI) In Kanada Kauft<\/title>\n<meta name=\"description\" content=\"Das Kunci zielt darauf ab, eine dezentralisierte Plattform bereitzustellen, auf der Benutzer Wissen auf sichere und private Weise teilen.\" \/>\n<meta name=\"robots\" content=\"index, follow, max-snippet:-1, max-image-preview:large, max-video-preview:-1\" \/>\n<link rel=\"canonical\" href=\"https:\/\/allin1bitcoins.com\/de\/crypto\/kunci\/canada\/\" \/>\n<meta property=\"og:locale\" content=\"de_DE\" \/>\n<meta property=\"og:type\" content=\"article\" \/>\n<meta property=\"og:title\" content=\"Wie Man Kunci Coin (KUNCI) In Kanada Kauft\" \/>\n<meta property=\"og:description\" content=\"Das Kunci zielt darauf ab, eine dezentralisierte Plattform bereitzustellen, auf der Benutzer Wissen auf sichere und private Weise teilen.\" \/>\n<meta property=\"og:url\" content=\"https:\/\/allin1bitcoins.com\/de\/crypto\/kunci\/canada\/\" \/>\n<meta property=\"og:site_name\" content=\"Allin1Bitcoins\" \/>\n<meta property=\"article:modified_time\" content=\"2023-02-18T19:02:03+00:00\" \/>\n<meta property=\"og:image\" content=\"https:\/\/allin1bitcoins.com\/wp-content\/uploads\/2023\/01\/sasan-hezarkhani-3x1B3b5gXo-unsplash.jpg\" \/>\n\t<meta property=\"og:image:width\" content=\"1920\" \/>\n\t<meta property=\"og:image:height\" content=\"1272\" \/>\n\t<meta property=\"og:image:type\" content=\"image\/jpeg\" \/>\n<meta name=\"twitter:card\" content=\"summary_large_image\" \/>\n<meta name=\"twitter:label1\" content=\"Est. reading time\" \/>\n\t<meta name=\"twitter:data1\" content=\"3 minutes\" \/>\n<!-- \/ Yoast SEO plugin. -->","yoast_head_json":{"title":"Wie Man Kunci Coin (KUNCI) In Kanada Kauft","description":"Das Kunci zielt darauf ab, eine dezentralisierte Plattform bereitzustellen, auf der Benutzer Wissen auf sichere und private Weise teilen.","robots":{"index":"index","follow":"follow","max-snippet":"max-snippet:-1","max-image-preview":"max-image-preview:large","max-video-preview":"max-video-preview:-1"},"canonical":"https:\/\/allin1bitcoins.com\/de\/crypto\/kunci\/canada\/","og_locale":"de_DE","og_type":"article","og_title":"Wie Man Kunci Coin (KUNCI) In Kanada Kauft","og_description":"Das Kunci zielt darauf ab, eine dezentralisierte Plattform bereitzustellen, auf der Benutzer Wissen auf sichere und private Weise teilen.","og_url":"https:\/\/allin1bitcoins.com\/de\/crypto\/kunci\/canada\/","og_site_name":"Allin1Bitcoins","article_modified_time":"2023-02-18T19:02:03+00:00","og_image":[{"width":1920,"height":1272,"url":"https:\/\/allin1bitcoins.com\/wp-content\/uploads\/2023\/01\/sasan-hezarkhani-3x1B3b5gXo-unsplash.jpg","type":"image\/jpeg"}],"twitter_card":"summary_large_image","twitter_misc":{"Est. reading time":"3 minutes"},"schema":{"@context":"https:\/\/schema.org","@graph":[{"@type":"WebPage","@id":"https:\/\/allin1bitcoins.com\/de\/crypto\/kunci\/canada\/","url":"https:\/\/allin1bitcoins.com\/de\/crypto\/kunci\/canada\/","name":"Wie Man Kunci Coin (KUNCI) In Kanada Kauft","isPartOf":{"@id":"https:\/\/allin1bitcoins.com\/de\/#website"},"datePublished":"2023-02-18T19:02:00+00:00","dateModified":"2023-02-18T19:02:03+00:00","description":"Das Kunci zielt darauf ab, eine dezentralisierte Plattform bereitzustellen, auf der Benutzer Wissen auf sichere und private Weise teilen.","breadcrumb":{"@id":"https:\/\/allin1bitcoins.com\/de\/crypto\/kunci\/canada\/#breadcrumb"},"inLanguage":"de","potentialAction":[{"@type":"ReadAction","target":["https:\/\/allin1bitcoins.com\/de\/crypto\/kunci\/canada\/"]}]},{"@type":"BreadcrumbList","@id":"https:\/\/allin1bitcoins.com\/de\/crypto\/kunci\/canada\/#breadcrumb","itemListElement":[{"@type":"ListItem","position":1,"name":"Home","item":"https:\/\/allin1bitcoins.com\/de\/"},{"@type":"ListItem","position":2,"name":"Krypto","item":"https:\/\/allin1bitcoins.com\/de\/crypto\/"},{"@type":"ListItem","position":3,"name":"Anleitung Zum Kauf Von Kunci Coin (KUNCI) &#8211; Schritt-f\u00fcr-Schritt-Anleitung 2023","item":"https:\/\/allin1bitcoins.com\/de\/crypto\/kunci\/"},{"@type":"ListItem","position":4,"name":"Wie Man Kunci Coin (KUNCI) In Kanada Kauft"}]},{"@type":"WebSite","@id":"https:\/\/allin1bitcoins.com\/de\/#website","url":"https:\/\/allin1bitcoins.com\/de\/","name":"Allin1Bitcoins","description":"","publisher":{"@id":"https:\/\/allin1bitcoins.com\/de\/#organization"},"potentialAction":[{"@type":"SearchAction","target":{"@type":"EntryPoint","urlTemplate":"https:\/\/allin1bitcoins.com\/de\/?s={search_term_string}"},"query-input":"required name=search_term_string"}],"inLanguage":"de"},{"@type":"Organization","@id":"https:\/\/allin1bitcoins.com\/de\/#organization","name":"allin1bitcoins","url":"https:\/\/allin1bitcoins.com\/de\/","logo":{"@type":"ImageObject","inLanguage":"de","@id":"https:\/\/allin1bitcoins.com\/de\/#\/schema\/logo\/image\/","url":"https:\/\/allin1bitcoins.com\/wp-content\/uploads\/2019\/01\/logo-new.png","contentUrl":"https:\/\/allin1bitcoins.com\/wp-content\/uploads\/2019\/01\/logo-new.png","width":178,"height":71,"caption":"allin1bitcoins"},"image":{"@id":"https:\/\/allin1bitcoins.com\/de\/#\/schema\/logo\/image\/"}}]}},"_links":{"self":[{"href":"https:\/\/allin1bitcoins.com\/de\/wp-json\/wp\/v2\/pages\/21571"}],"collection":[{"href":"https:\/\/allin1bitcoins.com\/de\/wp-json\/wp\/v2\/pages"}],"about":[{"href":"https:\/\/allin1bitcoins.com\/de\/wp-json\/wp\/v2\/types\/page"}],"author":[{"embeddable":true,"href":"https:\/\/allin1bitcoins.com\/de\/wp-json\/wp\/v2\/users\/8"}],"replies":[{"embeddable":true,"href":"https:\/\/allin1bitcoins.com\/de\/wp-json\/wp\/v2\/comments?post=21571"}],"version-history":[{"count":1,"href":"https:\/\/allin1bitcoins.com\/de\/wp-json\/wp\/v2\/pages\/21571\/revisions"}],"predecessor-version":[{"id":21572,"href":"https:\/\/allin1bitcoins.com\/de\/wp-json\/wp\/v2\/pages\/21571\/revisions\/21572"}],"up":[{"embeddable":true,"href":"https:\/\/allin1bitcoins.com\/de\/wp-json\/wp\/v2\/pages\/21483"}],"wp:featuredmedia":[{"embeddable":true,"href":"https:\/\/allin1bitcoins.com\/de\/wp-json\/wp\/v2\/media\/16913"}],"wp:attachment":[{"href":"https:\/\/allin1bitcoins.com\/de\/wp-json\/wp\/v2\/media?parent=21571"}],"curies":[{"name":"wp","href":"https:\/\/api.w.org\/{rel}","templated":true}]}}