{"id":21631,"date":"2023-02-18T20:34:32","date_gmt":"2023-02-18T20:34:32","guid":{"rendered":"https:\/\/allin1bitcoins.com\/?page_id=21631"},"modified":"2023-02-18T20:35:20","modified_gmt":"2023-02-18T20:35:20","slug":"united-kingdom","status":"publish","type":"page","link":"https:\/\/allin1bitcoins.com\/de\/crypto\/radiocaca\/united-kingdom\/","title":{"rendered":"Wie Man Radiocaca (RACA) Im Vereinigten K\u00f6nigreich Kauft"},"content":{"rendered":"\n<h2 class=\"wp-block-heading\">Sie k\u00f6nnen Radiocaca-M\u00fcnzen im Vereinigten K\u00f6nigreich erwerben.<\/h2>\n\n\n\n<p>Um Radiocaca-M\u00fcnzen im Vereinigten K\u00f6nigreich zu kaufen, m\u00fcssen Sie eine Kryptow\u00e4hrungsb\u00f6rse oder einen Broker finden, der britische Kunden akzeptiert und es Ihnen erm\u00f6glicht, Radiocaca-M\u00fcnzen mit einer unterst\u00fctzten Zahlungsmethode zu erwerben. Anschlie\u00dfend k\u00f6nnen Sie nach dem Radiocaca-M\u00fcnzhandelspaar suchen und nach Erstellung eines Kontos, Best\u00e4tigung Ihrer Identit\u00e4t und Einzahlung von Geld eine Kauforder platzieren. Je nach gew\u00e4hlter B\u00f6rse oder Broker kann das genaue Verfahren unterschiedlich sein, aber die meisten folgen einem \u00e4hnlichen Satz von Verfahren.<\/p>\n\n\n\n<h2 class=\"wp-block-heading\">\u00dcbersicht \u00fcber die Radiocaca-M\u00fcnze<\/h2>\n\n\n\n<p>Ein digitales Verm\u00f6genswert namens Radiocaca-M\u00fcnze verwendet Verschl\u00fcsselung, um Finanztransaktionen zu sch\u00fctzen, die Produktion neuer Einheiten zu begrenzen und die \u00dcbertragung von Verm\u00f6genswerten zu best\u00e4tigen, um als Tauschmittel zu fungieren. Es ist dezentralisiert, da keine Bank, Regierung oder andere zentrale Organisation dar\u00fcber Kontrolle hat. Stattdessen verwendet es ein Netzwerk von Computern, um Transaktionen zu \u00fcberpr\u00fcfen und sie in die Blockchain, eine \u00f6ffentliche, dezentralisierte Aufzeichnung, aufzunehmen.<\/p>\n\n\n\n<h2 class=\"wp-block-heading\">Vorteile des Kaufs von Radiocaca Coins<\/h2>\n\n\n\n<p><strong>Der Kauf von Radiocaca Coins hat mehrere Vorteile, einschlie\u00dflich:<\/strong><\/p>\n\n\n\n<ul><li><strong>M\u00f6glichkeit des Preiswachstums: <\/strong>Der Preis von Radiocaca Coins, wie auch bei anderen Kryptow\u00e4hrungen, ist \u00e4u\u00dferst volatil und unterliegt gro\u00dfen Schwankungen in kurzer Zeit. Dies deutet darauf hin, dass es eine Chance f\u00fcr Preissteigerungen gibt, wenn Sie Radiocaca Coins zu einem niedrigen Preis kaufen und sie sp\u00e4ter zu einem h\u00f6heren Preis verkaufen. Es ist jedoch wichtig zu bedenken, dass Investitionen in Kryptow\u00e4hrungen inh\u00e4rente Risiken mit sich bringen und es eine Chance f\u00fcr Preisverfall gibt.<br><br><\/li><li><strong>Dezentralisierte Natur:<\/strong> Da Radiocaca Coin dezentralisiert ist, hat keine Bank, Regierung oder andere zentrale Autorit\u00e4t Einfluss darauf. Dadurch muss es nicht den gleichen Regeln und Vorschriften wie konventionelle Finanzsysteme folgen, was mehr Freiheit und Flexibilit\u00e4t bieten kann.<br><br><\/li><li><strong>Sicherheit:<\/strong> Kryptow\u00e4hrungen verwenden fortschrittliche Sicherheitsfunktionen wie Kryptographie und dezentrale Ledger-Technologie, um Ihre finanziellen Informationen zu sch\u00fctzen und das Risiko von Betrug zu verringern.<\/li><\/ul>\n\n\n\n<figure class=\"wp-block-embed is-type-video is-provider-youtube wp-block-embed-youtube wp-embed-aspect-16-9 wp-has-aspect-ratio\"><div class=\"wp-block-embed__wrapper\">\n<iframe title=\"Radio Caca RACA HOLDERS. A HUGE WARNING!\" width=\"800\" height=\"450\" src=\"https:\/\/www.youtube.com\/embed\/Iatc8YjgUCQ?feature=oembed\" frameborder=\"0\" allow=\"accelerometer; autoplay; clipboard-write; encrypted-media; gyroscope; picture-in-picture; web-share\" allowfullscreen><\/iframe>\n<\/div><\/figure>\n\n\n\n<h2 class=\"wp-block-heading\">Schritt-f\u00fcr-Schritt-Anleitung zum Kauf von Radiocaca Coin im Vereinigten K\u00f6nigreich:<\/h2>\n\n\n\n<ol><li>Suchen Sie eine Kryptow\u00e4hrungsb\u00f6rse oder einen Broker, der britische Kunden akzeptiert und es Ihnen erm\u00f6glicht, Radiocaca Coin mit einer unterst\u00fctzten Zahlungsmethode zu kaufen. Einige beliebte Optionen sind Coinbase, Binance und Bitpanda.<br><br><\/li><li>Erstellen Sie ein Konto bei der B\u00f6rse oder dem Broker. Dies erfordert normalerweise die Angabe Ihres Namens, Ihrer E-Mail-Adresse und das Erstellen eines Passworts. Sie m\u00fcssen m\u00f6glicherweise auch Ihre Identit\u00e4t \u00fcberpr\u00fcfen, indem Sie eine Kopie Ihres staatlichen Ausweises hochladen.<br><br><\/li><li>Zahlen Sie Geld auf Ihr Konto ein, indem Sie eine unterst\u00fctzte Zahlungsmethode verwenden. Die meisten B\u00f6rsen und Broker erlauben es Ihnen, Geld \u00fcber eine Bank\u00fcberweisung, Debitkarte, Kreditkarte oder andere Zahlungsmethoden einzuzahlen. \u00dcberpr\u00fcfen Sie die Website der B\u00f6rse oder des Brokers, um zu sehen, welche Zahlungsmethoden verf\u00fcgbar sind.<br><br><\/li><li>Suchen Sie das Radiocaca Coin-Handelspaar. Sobald Ihre Gelder eingezahlt wurden, k\u00f6nnen Sie auf der B\u00f6rse oder beim Broker nach dem Radiocaca Coin-Handelspaar suchen. Dies ist der Wechselkurs, zu dem Sie Radiocaca Coin mit einer anderen Kryptow\u00e4hrung oder Fiat-W\u00e4hrung wie britischem Pfund kaufen k\u00f6nnen.<br><br><\/li><li>Platzieren Sie eine Bestellung, um Radiocaca Coin mit Ihrer bevorzugten Zahlungsmethode zu kaufen. Um Radiocaca Coin zu kaufen, m\u00fcssen Sie die Handelsschnittstelle der B\u00f6rse oder des Brokers verwenden, um eine Bestellung aufzugeben. Sie k\u00f6nnen entweder eine Marktorder platzieren, die den Handel zum aktuellen Marktpreis ausf\u00fchrt, oder eine Limitorder platzieren, die den Handel nur ausf\u00fchrt, wenn der Preis ein bestimmtes Niveau erreicht. Stellen Sie sicher, dass Sie Ihre bevorzugte Zahlungsmethode ausw\u00e4hlen.<br><br><\/li><li>\u00dcberwachen Sie Ihre Bestellung und warten Sie, bis sie ausgef\u00fchrt wird. Sobald Sie Ihre Bestellung aufgegeben haben, wird sie in das Auftragsbuch der B\u00f6rse oder des Brokers aufgenommen. Wenn Sie eine Marktorder aufgegeben haben, wird sie fast sofort zum aktuellen Marktpreis ausgef\u00fchrt. Wenn Sie eine Limitorder aufgegeben haben, wird sie nur ausgef\u00fchrt, wenn der Preis das von Ihnen angegebene Niveau erreicht. Sie k\u00f6nnen den Status Ihrer Bestellung und den Preis von Radiocaca Coin mit der Handelsschnittstelle der B\u00f6rse oder des Brokers oder einer Drittanbieter-Preisverfolgungs-Website \u00fcberwachen.<br><br><\/li><li>\u00dcberweisen Sie Ihre Radiocaca-M\u00fcnzen auf eine sichere Wallet. Sobald Ihre Bestellung ausgef\u00fchrt wurde und die Mittel Ihrem Konto gutgeschrieben wurden, m\u00fcssen Sie Ihre Radiocaca-M\u00fcnzen auf eine sichere Wallet \u00fcberweisen. Dies ist wichtig, da Kryptow\u00e4hrungsb\u00f6rsen und Broker anf\u00e4llig f\u00fcr Hacks und andere Sicherheitsbedrohungen sind und Sie sicherstellen m\u00f6chten, dass Ihre M\u00fcnzen sicher sind. Es gibt viele verschiedene Arten von Wallets, einschlie\u00dflich Online-Wallets, Desktop-Wallets und Hardware-Wallets. W\u00e4hlen Sie ein Wallet, das f\u00fcr Ihre Bed\u00fcrfnisse geeignet ist, und befolgen Sie die Anweisungen, um Ihre Radiocaca-M\u00fcnzen von der B\u00f6rse oder dem Broker auf das Wallet zu \u00fcbertragen.<\/li><\/ol>\n\n\n\n<h2 class=\"wp-block-heading\">Steuern beim Kauf von Radiocaca-M\u00fcnzen im Vereinigten K\u00f6nigreich<\/h2>\n\n\n\n<p>In Gro\u00dfbritannien h\u00e4ngt die steuerliche Behandlung von Kryptow\u00e4hrungstransaktionen von der Art der Aktivit\u00e4t ab. Wenn Sie Radiocaca-M\u00fcnzen als Investition kaufen, mit der Absicht, sie mit Gewinn zu verkaufen, k\u00f6nnen Sie auf alle Gewinne Kapitalertragssteuer zahlen. Wenn Sie Radiocaca-M\u00fcnzen kaufen, um sie als Tauschmittel zum Kauf von Waren oder Dienstleistungen zu verwenden, k\u00f6nnen Sie der Mehrwertsteuer (MwSt) unterliegen. Es ist wichtig zu beachten, dass die steuerliche Behandlung von Kryptow\u00e4hrungstransaktionen komplex sein kann und Sie einen Steuerexperten oder die britischen Steuerbeh\u00f6rden um Rat bitten sollten.<\/p>\n\n\n\n<h2 class=\"wp-block-heading\">Schlussfolgerung<\/h2>\n\n\n\n<p>Der Kauf von Radiocaca-M\u00fcnzen im Vereinigten K\u00f6nigreich ist ein relativ einfacher Prozess, der darin besteht, eine Kryptow\u00e4hrungsb\u00f6rse oder einen Broker zu finden, der britische Kunden akzeptiert und es Ihnen erm\u00f6glicht, Radiocaca-M\u00fcnzen mit einer unterst\u00fctzten Zahlungsmethode zu kaufen, ein Konto zu erstellen, Mittel zu hinterlegen und eine Bestellung aufzugeben. W\u00e4hrend es viele Vorteile beim Kauf von Radiocaca-M\u00fcnzen gibt, wie das Potenzial f\u00fcr Preisanstiege und Sicherheit, ist es wichtig, sich der Risiken und steuerlichen Auswirkungen von Kryptow\u00e4hrungstransaktionen bewusst zu sein. Stellen Sie sicher, dass Sie sorgf\u00e4ltig die Vor- und Nachteile abw\u00e4gen, bevor Sie sich entscheiden, ob der Kauf von Radiocaca-M\u00fcnzen f\u00fcr Sie richtig ist.<\/p>\n\n\n\n<!-- Page-list plugin v.5.9 wordpress.org\/plugins\/page-list\/ -->\n<ul class=\"page-list siblings-page-list \">\n<li class=\"page_item page-item-21684\"><a href=\"https:\/\/allin1bitcoins.com\/de\/crypto\/radiocaca\/debit-card\/\">So Kaufen Sie Radiocaca (RACA) Mit Einer Debitkarte<\/a><\/li>\n<li class=\"page_item page-item-21675\"><a href=\"https:\/\/allin1bitcoins.com\/de\/crypto\/radiocaca\/credit-card\/\">So Kaufen Sie Radiocaca (RACA) Mit Einer Kreditkarte<\/a><\/li>\n<li class=\"page_item page-item-21631\"><a href=\"https:\/\/allin1bitcoins.com\/de\/crypto\/radiocaca\/united-kingdom\/\">Wie Man Radiocaca (RACA) Im Vereinigten K\u00f6nigreich Kauft<\/a><\/li>\n<li class=\"page_item page-item-21664\"><a href=\"https:\/\/allin1bitcoins.com\/de\/crypto\/radiocaca\/australia\/\">Wie Man Radiocaca (RACA) In Australien Kauft<\/a><\/li>\n<li class=\"page_item page-item-21654\"><a href=\"https:\/\/allin1bitcoins.com\/de\/crypto\/radiocaca\/germany\/\">Wie Man Radiocaca (RACA) In Deutschland Kauft<\/a><\/li>\n<li class=\"page_item page-item-21623\"><a href=\"https:\/\/allin1bitcoins.com\/de\/crypto\/radiocaca\/apple-pay\/\">Wie Man Radiocaca (RACA) Mit Apple Pay Kauft<\/a><\/li>\n<li class=\"page_item page-item-21640\"><a href=\"https:\/\/allin1bitcoins.com\/de\/crypto\/radiocaca\/paypal\/\">Wie Man Radiocaca (RACA) Mit PayPal Kauft<\/a><\/li>\n<li class=\"page_item page-item-21608\"><a href=\"https:\/\/allin1bitcoins.com\/de\/crypto\/radiocaca\/united-states\/\">Wie Man Radiocaca Coin (RACA) In Den Vereinigten Staaten Kauft<\/a><\/li>\n\n<\/ul>\n","protected":false},"excerpt":{"rendered":"<p>Sie k\u00f6nnen Radiocaca-M\u00fcnzen im Vereinigten K\u00f6nigreich erwerben. Um Radiocaca-M\u00fcnzen im Vereinigten K\u00f6nigreich zu kaufen, m\u00fcssen Sie eine Kryptow\u00e4hrungsb\u00f6rse oder einen Broker finden, der britische Kunden akzeptiert und es Ihnen erm\u00f6glicht, Radiocaca-M\u00fcnzen mit einer unterst\u00fctzten Zahlungsmethode zu erwerben. Anschlie\u00dfend k\u00f6nnen Sie nach dem Radiocaca-M\u00fcnzhandelspaar suchen und nach Erstellung eines Kontos, Best\u00e4tigung Ihrer Identit\u00e4t und Einzahlung von&#8230;<\/p>\n","protected":false},"author":8,"featured_media":14690,"parent":21583,"menu_order":0,"comment_status":"closed","ping_status":"closed","template":"","meta":{"cybocfi_hide_featured_image":"","footnotes":""},"acf":[],"yoast_head":"<!-- This site is optimized with the Yoast SEO plugin v21.7 - https:\/\/yoast.com\/wordpress\/plugins\/seo\/ -->\n<title>Wie Man Radiocaca (RACA) Im Vereinigten K\u00f6nigreich Kauft<\/title>\n<meta name=\"description\" content=\"Finde eine Kryptow\u00e4hrungs-B\u00f6rse oder einen Broker, der britische Kunden akzeptiert und es dir erlaubt, Radiocaca zu kaufen. Lies weiter.\" \/>\n<meta name=\"robots\" content=\"index, follow, max-snippet:-1, max-image-preview:large, max-video-preview:-1\" \/>\n<link rel=\"canonical\" href=\"https:\/\/allin1bitcoins.com\/de\/crypto\/radiocaca\/united-kingdom\/\" \/>\n<meta property=\"og:locale\" content=\"de_DE\" \/>\n<meta property=\"og:type\" content=\"article\" \/>\n<meta property=\"og:title\" content=\"Wie Man Radiocaca (RACA) Im Vereinigten K\u00f6nigreich Kauft\" \/>\n<meta property=\"og:description\" content=\"Finde eine Kryptow\u00e4hrungs-B\u00f6rse oder einen Broker, der britische Kunden akzeptiert und es dir erlaubt, Radiocaca zu kaufen. Lies weiter.\" \/>\n<meta property=\"og:url\" content=\"https:\/\/allin1bitcoins.com\/de\/crypto\/radiocaca\/united-kingdom\/\" \/>\n<meta property=\"og:site_name\" content=\"Allin1Bitcoins\" \/>\n<meta property=\"article:modified_time\" content=\"2023-02-18T20:35:20+00:00\" \/>\n<meta property=\"og:image\" content=\"https:\/\/allin1bitcoins.com\/wp-content\/uploads\/2023\/01\/pexels-tima-miroshnichenko-7567482.jpg\" \/>\n\t<meta property=\"og:image:width\" content=\"640\" \/>\n\t<meta property=\"og:image:height\" content=\"960\" \/>\n\t<meta property=\"og:image:type\" content=\"image\/jpeg\" \/>\n<meta name=\"twitter:card\" content=\"summary_large_image\" \/>\n<meta name=\"twitter:label1\" content=\"Est. reading time\" \/>\n\t<meta name=\"twitter:data1\" content=\"4 minutes\" \/>\n<!-- \/ Yoast SEO plugin. -->","yoast_head_json":{"title":"Wie Man Radiocaca (RACA) Im Vereinigten K\u00f6nigreich Kauft","description":"Finde eine Kryptow\u00e4hrungs-B\u00f6rse oder einen Broker, der britische Kunden akzeptiert und es dir erlaubt, Radiocaca zu kaufen. Lies weiter.","robots":{"index":"index","follow":"follow","max-snippet":"max-snippet:-1","max-image-preview":"max-image-preview:large","max-video-preview":"max-video-preview:-1"},"canonical":"https:\/\/allin1bitcoins.com\/de\/crypto\/radiocaca\/united-kingdom\/","og_locale":"de_DE","og_type":"article","og_title":"Wie Man Radiocaca (RACA) Im Vereinigten K\u00f6nigreich Kauft","og_description":"Finde eine Kryptow\u00e4hrungs-B\u00f6rse oder einen Broker, der britische Kunden akzeptiert und es dir erlaubt, Radiocaca zu kaufen. Lies weiter.","og_url":"https:\/\/allin1bitcoins.com\/de\/crypto\/radiocaca\/united-kingdom\/","og_site_name":"Allin1Bitcoins","article_modified_time":"2023-02-18T20:35:20+00:00","og_image":[{"width":640,"height":960,"url":"https:\/\/allin1bitcoins.com\/wp-content\/uploads\/2023\/01\/pexels-tima-miroshnichenko-7567482.jpg","type":"image\/jpeg"}],"twitter_card":"summary_large_image","twitter_misc":{"Est. reading time":"4 minutes"},"schema":{"@context":"https:\/\/schema.org","@graph":[{"@type":"WebPage","@id":"https:\/\/allin1bitcoins.com\/de\/crypto\/radiocaca\/united-kingdom\/","url":"https:\/\/allin1bitcoins.com\/de\/crypto\/radiocaca\/united-kingdom\/","name":"Wie Man Radiocaca (RACA) Im Vereinigten K\u00f6nigreich Kauft","isPartOf":{"@id":"https:\/\/allin1bitcoins.com\/de\/#website"},"datePublished":"2023-02-18T20:34:32+00:00","dateModified":"2023-02-18T20:35:20+00:00","description":"Finde eine Kryptow\u00e4hrungs-B\u00f6rse oder einen Broker, der britische Kunden akzeptiert und es dir erlaubt, Radiocaca zu kaufen. Lies weiter.","breadcrumb":{"@id":"https:\/\/allin1bitcoins.com\/de\/crypto\/radiocaca\/united-kingdom\/#breadcrumb"},"inLanguage":"de","potentialAction":[{"@type":"ReadAction","target":["https:\/\/allin1bitcoins.com\/de\/crypto\/radiocaca\/united-kingdom\/"]}]},{"@type":"BreadcrumbList","@id":"https:\/\/allin1bitcoins.com\/de\/crypto\/radiocaca\/united-kingdom\/#breadcrumb","itemListElement":[{"@type":"ListItem","position":1,"name":"Home","item":"https:\/\/allin1bitcoins.com\/de\/"},{"@type":"ListItem","position":2,"name":"Krypto","item":"https:\/\/allin1bitcoins.com\/de\/crypto\/"},{"@type":"ListItem","position":3,"name":"Radiocaca (RACA) &#8211; Schritt-f\u00fcr-Schritt-Anleitung","item":"https:\/\/allin1bitcoins.com\/de\/crypto\/radiocaca\/"},{"@type":"ListItem","position":4,"name":"Wie Man Radiocaca (RACA) Im Vereinigten K\u00f6nigreich Kauft"}]},{"@type":"WebSite","@id":"https:\/\/allin1bitcoins.com\/de\/#website","url":"https:\/\/allin1bitcoins.com\/de\/","name":"Allin1Bitcoins","description":"","publisher":{"@id":"https:\/\/allin1bitcoins.com\/de\/#organization"},"potentialAction":[{"@type":"SearchAction","target":{"@type":"EntryPoint","urlTemplate":"https:\/\/allin1bitcoins.com\/de\/?s={search_term_string}"},"query-input":"required name=search_term_string"}],"inLanguage":"de"},{"@type":"Organization","@id":"https:\/\/allin1bitcoins.com\/de\/#organization","name":"allin1bitcoins","url":"https:\/\/allin1bitcoins.com\/de\/","logo":{"@type":"ImageObject","inLanguage":"de","@id":"https:\/\/allin1bitcoins.com\/de\/#\/schema\/logo\/image\/","url":"https:\/\/allin1bitcoins.com\/wp-content\/uploads\/2019\/01\/logo-new.png","contentUrl":"https:\/\/allin1bitcoins.com\/wp-content\/uploads\/2019\/01\/logo-new.png","width":178,"height":71,"caption":"allin1bitcoins"},"image":{"@id":"https:\/\/allin1bitcoins.com\/de\/#\/schema\/logo\/image\/"}}]}},"_links":{"self":[{"href":"https:\/\/allin1bitcoins.com\/de\/wp-json\/wp\/v2\/pages\/21631"}],"collection":[{"href":"https:\/\/allin1bitcoins.com\/de\/wp-json\/wp\/v2\/pages"}],"about":[{"href":"https:\/\/allin1bitcoins.com\/de\/wp-json\/wp\/v2\/types\/page"}],"author":[{"embeddable":true,"href":"https:\/\/allin1bitcoins.com\/de\/wp-json\/wp\/v2\/users\/8"}],"replies":[{"embeddable":true,"href":"https:\/\/allin1bitcoins.com\/de\/wp-json\/wp\/v2\/comments?post=21631"}],"version-history":[{"count":2,"href":"https:\/\/allin1bitcoins.com\/de\/wp-json\/wp\/v2\/pages\/21631\/revisions"}],"predecessor-version":[{"id":21635,"href":"https:\/\/allin1bitcoins.com\/de\/wp-json\/wp\/v2\/pages\/21631\/revisions\/21635"}],"up":[{"embeddable":true,"href":"https:\/\/allin1bitcoins.com\/de\/wp-json\/wp\/v2\/pages\/21583"}],"wp:featuredmedia":[{"embeddable":true,"href":"https:\/\/allin1bitcoins.com\/de\/wp-json\/wp\/v2\/media\/14690"}],"wp:attachment":[{"href":"https:\/\/allin1bitcoins.com\/de\/wp-json\/wp\/v2\/media?parent=21631"}],"curies":[{"name":"wp","href":"https:\/\/api.w.org\/{rel}","templated":true}]}}