{"id":21675,"date":"2023-02-18T22:25:19","date_gmt":"2023-02-18T22:25:19","guid":{"rendered":"https:\/\/allin1bitcoins.com\/?page_id=21675"},"modified":"2023-02-18T22:25:58","modified_gmt":"2023-02-18T22:25:58","slug":"credit-card","status":"publish","type":"page","link":"https:\/\/allin1bitcoins.com\/de\/crypto\/radiocaca\/credit-card\/","title":{"rendered":"So Kaufen Sie Radiocaca (RACA) Mit Einer Kreditkarte"},"content":{"rendered":"\n<p>Wenn Sie Radiocaca-M\u00fcnzen mit einer Kreditkarte kaufen m\u00f6chten, m\u00fcssen Sie eine Kryptow\u00e4hrungsb\u00f6rse finden, die Kreditkartenzahlungen akzeptiert. Nachdem Sie ein Konto erstellt, Ihre Identit\u00e4t best\u00e4tigt und Geld eingezahlt haben, k\u00f6nnen Sie nach dem Radiocaca-M\u00fcnzhandelspaar suchen und eine Bestellung zum Kauf mit Ihrer Kreditkarte aufgeben. Je nach ausgew\u00e4hlter B\u00f6rse kann sich das genaue Verfahren unterscheiden, obwohl die meisten B\u00f6rsen einen \u00e4hnlichen Ablauf haben.<\/p>\n\n\n\n<h2 class=\"wp-block-heading\">\u00dcberblick \u00fcber die Radiocaca-M\u00fcnze<\/h2>\n\n\n\n<p>Ein digitales Asset namens Radiocaca-M\u00fcnze verwendet Verschl\u00fcsselung, um Finanztransaktionen abzusichern, die Produktion neuer Einheiten zu begrenzen und die \u00dcbertragung von Verm\u00f6genswerten zu best\u00e4tigen, um als Tauschmittel zu funktionieren. Es ist dezentralisiert, da keine Bank, Regierung oder andere zentrale Organisation dar\u00fcber Kontrolle hat. Stattdessen nutzt es ein Netzwerk von Computern, um Transaktionen zu \u00fcberpr\u00fcfen und sie in die Blockchain, eine \u00f6ffentliche, dezentrale Aufzeichnung, aufzunehmen.<\/p>\n\n\n\n<h2 class=\"wp-block-heading\">Warum Sie eine Kreditkarte verwenden m\u00f6chten, um Radiocaca-M\u00fcnzen zu erhalten<\/h2>\n\n\n\n<p><strong>Sie k\u00f6nnten Radiocaca-M\u00fcnzen aus einer Vielzahl von Gr\u00fcnden mit einer Kreditkarte kaufen m\u00f6chten, wie zum Beispiel:<\/strong><\/p>\n\n\n\n<ul><li><strong>Bequemlichkeit: <\/strong>Im Vergleich zu anderen Zahlungsoptionen wie Bank\u00fcberweisungen oder \u00dcberweisungen, die l\u00e4nger brauchen k\u00f6nnen, um bearbeitet zu werden, ist die Verwendung einer Kreditkarte in der Regel bequemer. Die schnelle Verarbeitung von Kreditkartenzahlungen erm\u00f6glicht es Ihnen, Radiocaca-M\u00fcnzen zu kaufen, sobald Sie einen wettbewerbsf\u00e4higen Preis finden.<br><br><\/li><li><strong>Belohnungen:<\/strong> Wenn Sie Radiocaca-M\u00fcnzen mit einer Kreditkarte kaufen, die ein Belohnungsprogramm anbietet, k\u00f6nnen Sie Punkte, Meilen oder Bargeld zur\u00fcckbekommen.<\/li><\/ul>\n\n\n\n<figure class=\"wp-block-embed is-type-video is-provider-youtube wp-block-embed-youtube wp-embed-aspect-16-9 wp-has-aspect-ratio\"><div class=\"wp-block-embed__wrapper\">\n<iframe title=\"RADIO CACA ($RACA) MADE ME A MILLIONAIRE ! HOW I 45X MY INVESTMENT !\" width=\"800\" height=\"450\" src=\"https:\/\/www.youtube.com\/embed\/JhhAVZy5WOs?feature=oembed\" frameborder=\"0\" allow=\"accelerometer; autoplay; clipboard-write; encrypted-media; gyroscope; picture-in-picture; web-share\" allowfullscreen><\/iframe>\n<\/div><\/figure>\n\n\n\n<h2 class=\"wp-block-heading\">Wie man Radiocaca-M\u00fcnzen mit einer Kreditkarte im Detail kauft<\/h2>\n\n\n\n<ol><li>Eine Kryptow\u00e4hrungsb\u00f6rse, die Kreditkartenzahlungen akzeptiert, sollte gefunden werden. Die bekanntesten B\u00f6rsen, die Kreditkarten akzeptieren, sind Kraken, Binance und Coinbase.<br><br><\/li><li>Er\u00f6ffnen Sie ein Profil auf der B\u00f6rse. Dies beinhaltet normalerweise die Angabe Ihres Namens, Ihrer E-Mail-Adresse und Ihres Passworts. M\u00f6glicherweise m\u00fcssen Sie auch eine Kopie Ihres von der Regierung ausgestellten Ausweises hochladen, um Ihre Identit\u00e4t zu best\u00e4tigen.<br><br><\/li><li>Verwenden Sie Ihre Kreditkarte, um eine Einzahlung auf Ihr Konto zu t\u00e4tigen. Die meisten B\u00f6rsen erm\u00f6glichen Kreditkarteneinzahlungen, sobald Sie Ihre Kartendaten angegeben und einen Verifizierungsprozess durchlaufen haben.<br><br><\/li><li>Entdecken Sie das Handelspaar f\u00fcr Radiocaca Coins. Nachdem Ihr Geld eingezahlt wurde, k\u00f6nnen Sie auf der B\u00f6rse nach dem Handelspaar f\u00fcr Radiocaca Coins suchen. Dies ist der Wechselkurs, zu dem Radiocaca Coins mit einer anderen Kryptow\u00e4hrung oder Fiat-Geld, wie US-Dollar, gekauft werden k\u00f6nnen.<br><br><\/li><li>Verwenden Sie Ihre Kreditkarte, um eine Bestellung zum Kauf von Radiocaca Coins aufzugeben. Sie m\u00fcssen die Handelsoberfl\u00e4che der B\u00f6rse nutzen, um eine Bestellung zum Kauf von Radiocaca Coins aufzugeben. Sie k\u00f6nnen entweder eine Limit-Order einstellen, die den Handel nur ausf\u00fchrt, wenn der Preis ein bestimmtes Niveau erreicht, oder eine Market-Order, die den Handel zum aktuellen Marktpreis ausf\u00fchrt. Als Zahlungsoption sollte eine Kreditkarte ausgew\u00e4hlt werden.<br><br><\/li><li>Behalten Sie im Auge, wie Ihre Bestellung ausgef\u00fchrt wird. Nachdem Sie Ihre Bestellung aufgegeben haben, wird sie in das Orderbuch der B\u00f6rse eingetragen. Eine Market-Order wird fast sofort zum aktuellen Marktpreis ausgef\u00fchrt. Eine Limit-Order wird nur ausgef\u00fchrt, wenn der Preis das von Ihnen festgelegte Niveau erreicht, falls Sie eins festgelegt haben. Sie k\u00f6nnen den Fortschritt Ihrer Bestellung und den Preis f\u00fcr Radiocaca Coins entweder \u00fcber die Handelsoberfl\u00e4che der B\u00f6rse oder \u00fcber eine Preisverfolgungs-Website eines Drittanbieters im Auge behalten.<br><br><\/li><li>Nehmen Sie Ihre Radiocaca Coins heraus und platzieren Sie sie an einem sicheren Ort. Nachdem Ihre Bestellung ausgef\u00fchrt und das Geld auf Ihr Konto eingezahlt wurde, m\u00fcssen Sie Ihre Radiocaca Coins aus dem Umlauf nehmen und in einer sicheren Geldb\u00f6rse platzieren. Dies ist wichtig, um sicherzustellen, dass Ihre Coins sicher sind, da Kryptow\u00e4hrungsb\u00f6rsen anf\u00e4llig f\u00fcr Hacking und andere Sicherheitsrisiken sind. Es gibt viele verschiedene Arten von Geldb\u00f6rsen zur Auswahl, einschlie\u00dflich Online-Geldb\u00f6rsen, Desktop-Geldb\u00f6rsen und Hardware-Geldb\u00f6rsen. Um Ihre Radiocaca Coins von der B\u00f6rse in die Geldb\u00f6rse zu \u00fcbertragen, w\u00e4hlen Sie eine Geldb\u00f6rse, die Ihren Bed\u00fcrfnissen entspricht, und folgen Sie den Anweisungen.<\/li><\/ol>\n\n\n\n<h2 class=\"wp-block-heading\">Nachteile des Kaufs von Radiocaca Coins mit einer Kreditkarte<\/h2>\n\n\n\n<p><strong>Der Kauf von Radiocaca Coins mit einer Kreditkarte hat einige Nachteile, wie zum Beispiel:<\/strong><\/p>\n\n\n\n<ul><li><strong>Geb\u00fchren: <\/strong>Einige B\u00f6rsen erheben h\u00f6here Geb\u00fchren f\u00fcr Kreditkartenzahlungen, sodass Sie m\u00f6glicherweise mehr f\u00fcr Ihre Radiocaca Coins zahlen als bei Verwendung einer anderen Zahlungsmethode.<br><br><\/li><li><strong>Betrugsrisiko:<\/strong> Kreditkartenbetrug ist ein h\u00e4ufiges Problem und die Verwendung einer Kreditkarte zum Kauf von Radiocaca-M\u00fcnzen birgt dieses Risiko. Verwenden Sie eine sichere Verbindung und geben Sie Ihre Kreditkartendaten nur auf Websites ein, denen Sie vertrauen k\u00f6nnen.<br><br><\/li><li><strong>Kreditkartenschulden: <\/strong>Wenn Sie nicht vorsichtig sind, kann der Kauf von Radiocaca-M\u00fcnzen mit einer Kreditkarte zu Kreditkartenschulden f\u00fchren, wenn Sie Ihren Saldo jeden Monat nicht vollst\u00e4ndig ausgleichen k\u00f6nnen. Dies kann zu hohen Zinsgeb\u00fchren f\u00fchren und Ihre Kreditw\u00fcrdigkeit beeintr\u00e4chtigen.<\/li><\/ul>\n\n\n\n<h2 class=\"wp-block-heading\">Schlussfolgerung<\/h2>\n\n\n\n<p>Der Kauf von Radiocaca-M\u00fcnzen mit einer Kreditkarte ist ein relativ einfacher Prozess, der das Finden einer Kryptow\u00e4hrungsb\u00f6rse, die Kreditkartenzahlungen akzeptiert, die Erstellung eines Kontos, die Einzahlung von Geldern und die Platzierung einer Bestellung zum Kauf umfasst. W\u00e4hrend es einige Vorteile gibt, eine Kreditkarte zu verwenden, wie Bequemlichkeit und Geschwindigkeit, gibt es auch einige Nachteile zu beachten, wie Geb\u00fchren, Betrugsrisiko und Kreditkartenschulden. Stellen Sie sicher, dass Sie sorgf\u00e4ltig die Vor- und Nachteile abw\u00e4gen, bevor Sie sich entscheiden, ob der Kauf von Radiocaca-M\u00fcnzen mit einer Kreditkarte f\u00fcr Sie geeignet ist.<\/p>\n\n\n\n<!-- Page-list plugin v.5.9 wordpress.org\/plugins\/page-list\/ -->\n<ul class=\"page-list siblings-page-list \">\n<li class=\"page_item page-item-21684\"><a href=\"https:\/\/allin1bitcoins.com\/de\/crypto\/radiocaca\/debit-card\/\">So Kaufen Sie Radiocaca (RACA) Mit Einer Debitkarte<\/a><\/li>\n<li class=\"page_item page-item-21675\"><a href=\"https:\/\/allin1bitcoins.com\/de\/crypto\/radiocaca\/credit-card\/\">So Kaufen Sie Radiocaca (RACA) Mit Einer Kreditkarte<\/a><\/li>\n<li class=\"page_item page-item-21631\"><a href=\"https:\/\/allin1bitcoins.com\/de\/crypto\/radiocaca\/united-kingdom\/\">Wie Man Radiocaca (RACA) Im Vereinigten K\u00f6nigreich Kauft<\/a><\/li>\n<li class=\"page_item page-item-21664\"><a href=\"https:\/\/allin1bitcoins.com\/de\/crypto\/radiocaca\/australia\/\">Wie Man Radiocaca (RACA) In Australien Kauft<\/a><\/li>\n<li class=\"page_item page-item-21654\"><a href=\"https:\/\/allin1bitcoins.com\/de\/crypto\/radiocaca\/germany\/\">Wie Man Radiocaca (RACA) In Deutschland Kauft<\/a><\/li>\n<li class=\"page_item page-item-21623\"><a href=\"https:\/\/allin1bitcoins.com\/de\/crypto\/radiocaca\/apple-pay\/\">Wie Man Radiocaca (RACA) Mit Apple Pay Kauft<\/a><\/li>\n<li class=\"page_item page-item-21640\"><a href=\"https:\/\/allin1bitcoins.com\/de\/crypto\/radiocaca\/paypal\/\">Wie Man Radiocaca (RACA) Mit PayPal Kauft<\/a><\/li>\n<li class=\"page_item page-item-21608\"><a href=\"https:\/\/allin1bitcoins.com\/de\/crypto\/radiocaca\/united-states\/\">Wie Man Radiocaca Coin (RACA) In Den Vereinigten Staaten Kauft<\/a><\/li>\n\n<\/ul>\n","protected":false},"excerpt":{"rendered":"<p>Wenn Sie Radiocaca-M\u00fcnzen mit einer Kreditkarte kaufen m\u00f6chten, m\u00fcssen Sie eine Kryptow\u00e4hrungsb\u00f6rse finden, die Kreditkartenzahlungen akzeptiert. Nachdem Sie ein Konto erstellt, Ihre Identit\u00e4t best\u00e4tigt und Geld eingezahlt haben, k\u00f6nnen Sie nach dem Radiocaca-M\u00fcnzhandelspaar suchen und eine Bestellung zum Kauf mit Ihrer Kreditkarte aufgeben. Je nach ausgew\u00e4hlter B\u00f6rse kann sich das genaue Verfahren unterscheiden, obwohl die&#8230;<\/p>\n","protected":false},"author":8,"featured_media":14713,"parent":21583,"menu_order":0,"comment_status":"closed","ping_status":"closed","template":"","meta":{"cybocfi_hide_featured_image":"","footnotes":""},"acf":[],"yoast_head":"<!-- This site is optimized with the Yoast SEO plugin v21.7 - https:\/\/yoast.com\/wordpress\/plugins\/seo\/ -->\n<title>So Kaufen Sie Radiocaca (RACA) Mit Einer Kreditkarte<\/title>\n<meta name=\"description\" content=\"Sie m\u00fcssen eine Kryptow\u00e4hrungsb\u00f6rse finden, die Kreditkartenzahlungen akzeptiert, wenn Sie Radiocaca mit einer Kreditkarte kaufen m\u00f6chten.\" \/>\n<meta name=\"robots\" content=\"index, follow, max-snippet:-1, max-image-preview:large, max-video-preview:-1\" \/>\n<link rel=\"canonical\" href=\"https:\/\/allin1bitcoins.com\/de\/crypto\/radiocaca\/credit-card\/\" \/>\n<meta property=\"og:locale\" content=\"de_DE\" \/>\n<meta property=\"og:type\" content=\"article\" \/>\n<meta property=\"og:title\" content=\"So Kaufen Sie Radiocaca (RACA) Mit Einer Kreditkarte\" \/>\n<meta property=\"og:description\" content=\"Sie m\u00fcssen eine Kryptow\u00e4hrungsb\u00f6rse finden, die Kreditkartenzahlungen akzeptiert, wenn Sie Radiocaca mit einer Kreditkarte kaufen m\u00f6chten.\" \/>\n<meta property=\"og:url\" content=\"https:\/\/allin1bitcoins.com\/de\/crypto\/radiocaca\/credit-card\/\" \/>\n<meta property=\"og:site_name\" content=\"Allin1Bitcoins\" \/>\n<meta property=\"article:modified_time\" content=\"2023-02-18T22:25:58+00:00\" \/>\n<meta property=\"og:image\" content=\"https:\/\/allin1bitcoins.com\/wp-content\/uploads\/2023\/01\/stephen-phillips-hostreviews-co-uk-em37kS8WJJQ-unsplash.jpg\" \/>\n\t<meta property=\"og:image:width\" content=\"1920\" \/>\n\t<meta property=\"og:image:height\" content=\"1280\" \/>\n\t<meta property=\"og:image:type\" content=\"image\/jpeg\" \/>\n<meta name=\"twitter:card\" content=\"summary_large_image\" \/>\n<meta name=\"twitter:label1\" content=\"Est. reading time\" \/>\n\t<meta name=\"twitter:data1\" content=\"4 minutes\" \/>\n<!-- \/ Yoast SEO plugin. -->","yoast_head_json":{"title":"So Kaufen Sie Radiocaca (RACA) Mit Einer Kreditkarte","description":"Sie m\u00fcssen eine Kryptow\u00e4hrungsb\u00f6rse finden, die Kreditkartenzahlungen akzeptiert, wenn Sie Radiocaca mit einer Kreditkarte kaufen m\u00f6chten.","robots":{"index":"index","follow":"follow","max-snippet":"max-snippet:-1","max-image-preview":"max-image-preview:large","max-video-preview":"max-video-preview:-1"},"canonical":"https:\/\/allin1bitcoins.com\/de\/crypto\/radiocaca\/credit-card\/","og_locale":"de_DE","og_type":"article","og_title":"So Kaufen Sie Radiocaca (RACA) Mit Einer Kreditkarte","og_description":"Sie m\u00fcssen eine Kryptow\u00e4hrungsb\u00f6rse finden, die Kreditkartenzahlungen akzeptiert, wenn Sie Radiocaca mit einer Kreditkarte kaufen m\u00f6chten.","og_url":"https:\/\/allin1bitcoins.com\/de\/crypto\/radiocaca\/credit-card\/","og_site_name":"Allin1Bitcoins","article_modified_time":"2023-02-18T22:25:58+00:00","og_image":[{"width":1920,"height":1280,"url":"https:\/\/allin1bitcoins.com\/wp-content\/uploads\/2023\/01\/stephen-phillips-hostreviews-co-uk-em37kS8WJJQ-unsplash.jpg","type":"image\/jpeg"}],"twitter_card":"summary_large_image","twitter_misc":{"Est. reading time":"4 minutes"},"schema":{"@context":"https:\/\/schema.org","@graph":[{"@type":"WebPage","@id":"https:\/\/allin1bitcoins.com\/de\/crypto\/radiocaca\/credit-card\/","url":"https:\/\/allin1bitcoins.com\/de\/crypto\/radiocaca\/credit-card\/","name":"So Kaufen Sie Radiocaca (RACA) Mit Einer Kreditkarte","isPartOf":{"@id":"https:\/\/allin1bitcoins.com\/de\/#website"},"datePublished":"2023-02-18T22:25:19+00:00","dateModified":"2023-02-18T22:25:58+00:00","description":"Sie m\u00fcssen eine Kryptow\u00e4hrungsb\u00f6rse finden, die Kreditkartenzahlungen akzeptiert, wenn Sie Radiocaca mit einer Kreditkarte kaufen m\u00f6chten.","breadcrumb":{"@id":"https:\/\/allin1bitcoins.com\/de\/crypto\/radiocaca\/credit-card\/#breadcrumb"},"inLanguage":"de","potentialAction":[{"@type":"ReadAction","target":["https:\/\/allin1bitcoins.com\/de\/crypto\/radiocaca\/credit-card\/"]}]},{"@type":"BreadcrumbList","@id":"https:\/\/allin1bitcoins.com\/de\/crypto\/radiocaca\/credit-card\/#breadcrumb","itemListElement":[{"@type":"ListItem","position":1,"name":"Home","item":"https:\/\/allin1bitcoins.com\/de\/"},{"@type":"ListItem","position":2,"name":"Krypto","item":"https:\/\/allin1bitcoins.com\/de\/crypto\/"},{"@type":"ListItem","position":3,"name":"Radiocaca (RACA) &#8211; Schritt-f\u00fcr-Schritt-Anleitung","item":"https:\/\/allin1bitcoins.com\/de\/crypto\/radiocaca\/"},{"@type":"ListItem","position":4,"name":"So Kaufen Sie Radiocaca (RACA) Mit Einer Kreditkarte"}]},{"@type":"WebSite","@id":"https:\/\/allin1bitcoins.com\/de\/#website","url":"https:\/\/allin1bitcoins.com\/de\/","name":"Allin1Bitcoins","description":"","publisher":{"@id":"https:\/\/allin1bitcoins.com\/de\/#organization"},"potentialAction":[{"@type":"SearchAction","target":{"@type":"EntryPoint","urlTemplate":"https:\/\/allin1bitcoins.com\/de\/?s={search_term_string}"},"query-input":"required name=search_term_string"}],"inLanguage":"de"},{"@type":"Organization","@id":"https:\/\/allin1bitcoins.com\/de\/#organization","name":"allin1bitcoins","url":"https:\/\/allin1bitcoins.com\/de\/","logo":{"@type":"ImageObject","inLanguage":"de","@id":"https:\/\/allin1bitcoins.com\/de\/#\/schema\/logo\/image\/","url":"https:\/\/allin1bitcoins.com\/wp-content\/uploads\/2019\/01\/logo-new.png","contentUrl":"https:\/\/allin1bitcoins.com\/wp-content\/uploads\/2019\/01\/logo-new.png","width":178,"height":71,"caption":"allin1bitcoins"},"image":{"@id":"https:\/\/allin1bitcoins.com\/de\/#\/schema\/logo\/image\/"}}]}},"_links":{"self":[{"href":"https:\/\/allin1bitcoins.com\/de\/wp-json\/wp\/v2\/pages\/21675"}],"collection":[{"href":"https:\/\/allin1bitcoins.com\/de\/wp-json\/wp\/v2\/pages"}],"about":[{"href":"https:\/\/allin1bitcoins.com\/de\/wp-json\/wp\/v2\/types\/page"}],"author":[{"embeddable":true,"href":"https:\/\/allin1bitcoins.com\/de\/wp-json\/wp\/v2\/users\/8"}],"replies":[{"embeddable":true,"href":"https:\/\/allin1bitcoins.com\/de\/wp-json\/wp\/v2\/comments?post=21675"}],"version-history":[{"count":2,"href":"https:\/\/allin1bitcoins.com\/de\/wp-json\/wp\/v2\/pages\/21675\/revisions"}],"predecessor-version":[{"id":21677,"href":"https:\/\/allin1bitcoins.com\/de\/wp-json\/wp\/v2\/pages\/21675\/revisions\/21677"}],"up":[{"embeddable":true,"href":"https:\/\/allin1bitcoins.com\/de\/wp-json\/wp\/v2\/pages\/21583"}],"wp:featuredmedia":[{"embeddable":true,"href":"https:\/\/allin1bitcoins.com\/de\/wp-json\/wp\/v2\/media\/14713"}],"wp:attachment":[{"href":"https:\/\/allin1bitcoins.com\/de\/wp-json\/wp\/v2\/media?parent=21675"}],"curies":[{"name":"wp","href":"https:\/\/api.w.org\/{rel}","templated":true}]}}