{"id":21746,"date":"2023-02-19T09:07:49","date_gmt":"2023-02-19T09:07:49","guid":{"rendered":"https:\/\/allin1bitcoins.com\/?page_id=21746"},"modified":"2023-02-19T09:07:51","modified_gmt":"2023-02-19T09:07:51","slug":"credit-card","status":"publish","type":"page","link":"https:\/\/allin1bitcoins.com\/de\/crypto\/pancake-games\/credit-card\/","title":{"rendered":"Wie Man Pancake Games Coin (GCAKE) Mit Kreditkarte Kauft"},"content":{"rendered":"\n<p>Das beliebte Spiel PancakeSwap erm\u00f6glicht es Spielern, In-Game-Items, Skins und andere digitale Assets mit Pancake Games Coin zu kaufen, besser bekannt als CAKE. Es kann wie andere Kryptow\u00e4hrungen erworben und ausgetauscht werden, auch mit einer Kreditkarte, da es sich um einen ERC-20-Token im Ethereum-Netzwerk handelt.<\/p>\n\n\n\n<h2 class=\"wp-block-heading\">Kurze Antwort: Sie k\u00f6nnen Pancake Games Coin mit einer Kreditkarte kaufen<\/h2>\n\n\n\n<p>Die Verwendung einer Kreditkarte zum Kauf von Pancake Games Coin ist ein unkomplizierter Prozess, der nur wenige schnelle Schritte erfordert. Sie m\u00fcssen zun\u00e4chst ein Konto auf einer Kryptow\u00e4hrungsb\u00f6rse registrieren, die Kreditkartenzahlungen f\u00fcr Pancake Games Coin zul\u00e4sst. Der n\u00e4chste Schritt besteht darin, Ihre Kreditkarte mit Ihrem Konto zu verkn\u00fcpfen und zu best\u00e4tigen, dass sie g\u00fcltig ist. Sobald Ihre Kreditkarte genehmigt wurde, k\u00f6nnen Sie sie verwenden, um Pancake Games Coin zu kaufen.<\/p>\n\n\n\n<h2 class=\"wp-block-heading\">\u00dcberblick \u00fcber Pancake Games Coin<\/h2>\n\n\n\n<p>Der Pancake-Token wird f\u00fcr Governance und Liquidit\u00e4tsbereitstellung verwendet, und Liquidit\u00e4tsanbieter k\u00f6nnen Handelsgeb\u00fchren und CAKE-Token f\u00fcr die Bereitstellung von Liquidit\u00e4t verdienen. Sie k\u00f6nnen CAKE auch verwenden, um f\u00fcr zuk\u00fcnftige Entwicklungen und Funktionen der Plattform abzustimmen und an der Liquidit\u00e4tsf\u00f6rderung teilzunehmen. PancakeSwap ist eine dezentralisierte B\u00f6rse (DEX), die auf dem Binance Smart Chain (BSC) Protokoll aufgebaut ist. Es handelt sich um eine Fork von Uniswap.<\/p>\n\n\n\n<figure class=\"wp-block-embed is-type-video is-provider-youtube wp-block-embed-youtube wp-embed-aspect-16-9 wp-has-aspect-ratio\"><div class=\"wp-block-embed__wrapper\">\n<iframe title=\"Pancake Games Review - Leading you to the world of Blockchain Game\" width=\"800\" height=\"450\" src=\"https:\/\/www.youtube.com\/embed\/A_LIZqgS8Bg?feature=oembed\" frameborder=\"0\" allow=\"accelerometer; autoplay; clipboard-write; encrypted-media; gyroscope; picture-in-picture; web-share\" allowfullscreen><\/iframe>\n<\/div><\/figure>\n\n\n\n<h2 class=\"wp-block-heading\">Warum Sie eine Kreditkarte verwenden m\u00f6chten, um Pancake Games Coin zu erhalten<\/h2>\n\n\n\n<p>Es gibt zahlreiche Gr\u00fcnde, eine Kreditkarte zum Kauf von Pancake Games Coin zu verwenden. Einer der wichtigsten Vorteile ist die M\u00f6glichkeit, es sofort zu kaufen, was die Notwendigkeit eliminiert, auf Bank\u00fcberweisungen oder andere Finanzierungsmethoden zu warten. Dar\u00fcber hinaus kann der Kauf mit einer Kreditkarte dem K\u00e4ufer eine gr\u00f6\u00dfere finanzielle Freiheit geben, da er m\u00f6glicherweise gr\u00f6\u00dfere Eink\u00e4ufe t\u00e4tigen oder die Finanzierung mit einer Kreditkartenzahlung \u00fcber einen l\u00e4ngeren Zeitraum aufteilen kann.<\/p>\n\n\n\n<h2 class=\"wp-block-heading\">Wie man Pancake Games Coin mit einer Kreditkarte kauft: Ein Schritt-f\u00fcr-Schritt-Leitfaden<\/h2>\n\n\n\n<ol><li>Erstellen Sie ein Konto auf einer Kryptow\u00e4hrungsb\u00f6rse wie PancakeSwap, die Kreditkartenzahlungen f\u00fcr Pancake Games Coin erm\u00f6glicht.<br><br><\/li><li>Durch die Bereitstellung der erforderlichen Informationen und die Verkn\u00fcpfung Ihrer Kreditkarte mit Ihrem Konto k\u00f6nnen Sie Ihre Identit\u00e4t nachweisen.<br><br><\/li><li>Verwenden Sie Ihre Kreditkarte, um eine Bestellung aufzugeben und Pancake Games Coin zu kaufen.<br><br><\/li><li>Achten Sie darauf, dass der Pancake Games Coin nach Abschluss der Transaktion auf Ihr Konto \u00fcberwiesen wird.<\/li><\/ol>\n\n\n\n<h2 class=\"wp-block-heading\">Nachteile der Verwendung einer Kreditkarte zum Kauf von Pancake Games Coin.<\/h2>\n\n\n\n<p>Trotz der Vorteile gibt es mehrere Nachteile beim Kauf von Pancake Games Coin mit einer Kreditkarte. Aufgrund von zus\u00e4tzlichen Kosten, die von einigen Kryptow\u00e4hrungsb\u00f6rsen f\u00fcr Kreditkartenzahlungen erhoben werden, kann diese Zahlungsmethode teurer sein als alternative Zahlungsmethoden. Dar\u00fcber hinaus birgt die Verwendung einer Kreditkarte zum Kauf von Pancake Games Coin das Risiko von Betrug oder illegalen Transaktionen sowie die M\u00f6glichkeit zus\u00e4tzlicher Schulden, wenn dies nicht angemessen gehandhabt wird. Au\u00dferdem kann die Verwendung einer Kreditkarte den Kauf gro\u00dfer Mengen an Pancake Games Coin erschweren, da die Kartenherausgeber t\u00e4gliche Limits daf\u00fcr festlegen oder einen h\u00f6heren Zinssatz als andere Zahlungsoptionen berechnen k\u00f6nnen.<\/p>\n\n\n\n<h2 class=\"wp-block-heading\">Schlussfolgerung<\/h2>\n\n\n\n<p>Zusammenfassend l\u00e4sst sich sagen, dass der Kauf von Pancake Games Coin mit einer Kreditkarte eine schnelle und einfache Methode ist, um mit der Kryptow\u00e4hrung digitale G\u00fcter auf PancakeSwap und im Spiel zu bezahlen. Es ist jedoch wichtig, sich der Nachteile bewusst zu sein, einschlie\u00dflich h\u00f6herer Kosten und der M\u00f6glichkeit steigender Schulden, wenn dies nicht angemessen gehandhabt wird. Bevor Sie Pancake Games Coin mit einer Kreditkarte kaufen, ist es wichtig, die Vor- und Nachteile sorgf\u00e4ltig abzuw\u00e4gen. Sie sollten auch eine zuverl\u00e4ssige, sichere und vertrauensw\u00fcrdige Kryptow\u00e4hrungsb\u00f6rse ausw\u00e4hlen. Dar\u00fcber hinaus ist es wichtig zu beachten, dass die Verwendung einer Kreditkarte zum Kauf von Bitcoin eine Form der Kreditaufnahme ist. Sie sollten dies also nur tun, wenn Sie sich leisten k\u00f6nnen, den Kreditkartenbetrag vollst\u00e4ndig und rechtzeitig zu bezahlen. Es ist auch wichtig, sich \u00fcber Ihr Kreditkartenlimit im Klaren zu sein und sicherzustellen, dass der Kauf von Pancake Games Coin Sie nicht dar\u00fcber hinaus treibt. Es ist immer ratsam, bei Ihrem Kreditkartenanbieter nachzufragen, ob Ihre Karte f\u00fcr Bitcoin-K\u00e4ufe verwendet werden kann, und nach etwaigen Geb\u00fchren oder Limits zu fragen, um m\u00f6gliche Probleme zu vermeiden.<\/p>\n\n\n\n<!-- Page-list plugin v.5.9 wordpress.org\/plugins\/page-list\/ -->\n<ul class=\"page-list siblings-page-list \">\n<li class=\"page_item page-item-21710\"><a href=\"https:\/\/allin1bitcoins.com\/de\/crypto\/pancake-games\/american-express\/\">So Kaufen Sie Pancake Games Coin (GCAKE) Mit American Express<\/a><\/li>\n<li class=\"page_item page-item-21733\"><a href=\"https:\/\/allin1bitcoins.com\/de\/crypto\/pancake-games\/debit-card\/\">Wie Man Pancake Games Coin (GCAKE) Mit Einer Debitkarte Kauft<\/a><\/li>\n<li class=\"page_item page-item-21746\"><a href=\"https:\/\/allin1bitcoins.com\/de\/crypto\/pancake-games\/credit-card\/\">Wie Man Pancake Games Coin (GCAKE) Mit Kreditkarte Kauft<\/a><\/li>\n<li class=\"page_item page-item-21720\"><a href=\"https:\/\/allin1bitcoins.com\/de\/crypto\/pancake-games\/paypal\/\">Wie Man Pancake Games Coin (GCAKE) Mit Paypal Kauft<\/a><\/li>\n\n<\/ul>\n","protected":false},"excerpt":{"rendered":"<p>Das beliebte Spiel PancakeSwap erm\u00f6glicht es Spielern, In-Game-Items, Skins und andere digitale Assets mit Pancake Games Coin zu kaufen, besser bekannt als CAKE. Es kann wie andere Kryptow\u00e4hrungen erworben und ausgetauscht werden, auch mit einer Kreditkarte, da es sich um einen ERC-20-Token im Ethereum-Netzwerk handelt. Kurze Antwort: Sie k\u00f6nnen Pancake Games Coin mit einer Kreditkarte&#8230;<\/p>\n","protected":false},"author":8,"featured_media":16984,"parent":21700,"menu_order":0,"comment_status":"closed","ping_status":"closed","template":"","meta":{"cybocfi_hide_featured_image":"","footnotes":""},"acf":[],"yoast_head":"<!-- This site is optimized with the Yoast SEO plugin v21.7 - https:\/\/yoast.com\/wordpress\/plugins\/seo\/ -->\n<title>Wie Man Pancake Games Coin (GCAKE) Mit Kreditkarte Kauft<\/title>\n<meta name=\"description\" content=\"Die Verwendung einer Kreditkarte zum Kauf von Pancake Games Coin ist ein unkomplizierter Prozess, der nur wenige schnelle Schritte erfordert.\" \/>\n<meta name=\"robots\" content=\"index, follow, max-snippet:-1, max-image-preview:large, max-video-preview:-1\" \/>\n<link rel=\"canonical\" href=\"https:\/\/allin1bitcoins.com\/de\/crypto\/pancake-games\/credit-card\/\" \/>\n<meta property=\"og:locale\" content=\"de_DE\" \/>\n<meta property=\"og:type\" content=\"article\" \/>\n<meta property=\"og:title\" content=\"Wie Man Pancake Games Coin (GCAKE) Mit Kreditkarte Kauft\" \/>\n<meta property=\"og:description\" content=\"Die Verwendung einer Kreditkarte zum Kauf von Pancake Games Coin ist ein unkomplizierter Prozess, der nur wenige schnelle Schritte erfordert.\" \/>\n<meta property=\"og:url\" content=\"https:\/\/allin1bitcoins.com\/de\/crypto\/pancake-games\/credit-card\/\" \/>\n<meta property=\"og:site_name\" content=\"Allin1Bitcoins\" \/>\n<meta property=\"article:modified_time\" content=\"2023-02-19T09:07:51+00:00\" \/>\n<meta property=\"og:image\" content=\"https:\/\/allin1bitcoins.com\/wp-content\/uploads\/2023\/01\/pexels-aukid-phumsirichat-4691471.jpg\" \/>\n\t<meta property=\"og:image:width\" content=\"1280\" \/>\n\t<meta property=\"og:image:height\" content=\"852\" \/>\n\t<meta property=\"og:image:type\" content=\"image\/jpeg\" \/>\n<meta name=\"twitter:card\" content=\"summary_large_image\" \/>\n<meta name=\"twitter:label1\" content=\"Est. reading time\" \/>\n\t<meta name=\"twitter:data1\" content=\"3 minutes\" \/>\n<!-- \/ Yoast SEO plugin. -->","yoast_head_json":{"title":"Wie Man Pancake Games Coin (GCAKE) Mit Kreditkarte Kauft","description":"Die Verwendung einer Kreditkarte zum Kauf von Pancake Games Coin ist ein unkomplizierter Prozess, der nur wenige schnelle Schritte erfordert.","robots":{"index":"index","follow":"follow","max-snippet":"max-snippet:-1","max-image-preview":"max-image-preview:large","max-video-preview":"max-video-preview:-1"},"canonical":"https:\/\/allin1bitcoins.com\/de\/crypto\/pancake-games\/credit-card\/","og_locale":"de_DE","og_type":"article","og_title":"Wie Man Pancake Games Coin (GCAKE) Mit Kreditkarte Kauft","og_description":"Die Verwendung einer Kreditkarte zum Kauf von Pancake Games Coin ist ein unkomplizierter Prozess, der nur wenige schnelle Schritte erfordert.","og_url":"https:\/\/allin1bitcoins.com\/de\/crypto\/pancake-games\/credit-card\/","og_site_name":"Allin1Bitcoins","article_modified_time":"2023-02-19T09:07:51+00:00","og_image":[{"width":1280,"height":852,"url":"https:\/\/allin1bitcoins.com\/wp-content\/uploads\/2023\/01\/pexels-aukid-phumsirichat-4691471.jpg","type":"image\/jpeg"}],"twitter_card":"summary_large_image","twitter_misc":{"Est. reading time":"3 minutes"},"schema":{"@context":"https:\/\/schema.org","@graph":[{"@type":"WebPage","@id":"https:\/\/allin1bitcoins.com\/de\/crypto\/pancake-games\/credit-card\/","url":"https:\/\/allin1bitcoins.com\/de\/crypto\/pancake-games\/credit-card\/","name":"Wie Man Pancake Games Coin (GCAKE) Mit Kreditkarte Kauft","isPartOf":{"@id":"https:\/\/allin1bitcoins.com\/de\/#website"},"datePublished":"2023-02-19T09:07:49+00:00","dateModified":"2023-02-19T09:07:51+00:00","description":"Die Verwendung einer Kreditkarte zum Kauf von Pancake Games Coin ist ein unkomplizierter Prozess, der nur wenige schnelle Schritte erfordert.","breadcrumb":{"@id":"https:\/\/allin1bitcoins.com\/de\/crypto\/pancake-games\/credit-card\/#breadcrumb"},"inLanguage":"de","potentialAction":[{"@type":"ReadAction","target":["https:\/\/allin1bitcoins.com\/de\/crypto\/pancake-games\/credit-card\/"]}]},{"@type":"BreadcrumbList","@id":"https:\/\/allin1bitcoins.com\/de\/crypto\/pancake-games\/credit-card\/#breadcrumb","itemListElement":[{"@type":"ListItem","position":1,"name":"Home","item":"https:\/\/allin1bitcoins.com\/de\/"},{"@type":"ListItem","position":2,"name":"Krypto","item":"https:\/\/allin1bitcoins.com\/de\/crypto\/"},{"@type":"ListItem","position":3,"name":"Wie Man Pancake Games Coin (GCAKE) Kauft &#8211; Schritt-f\u00fcr-Schritt-Anleitung","item":"https:\/\/allin1bitcoins.com\/de\/crypto\/pancake-games\/"},{"@type":"ListItem","position":4,"name":"Wie Man Pancake Games Coin (GCAKE) Mit Kreditkarte Kauft"}]},{"@type":"WebSite","@id":"https:\/\/allin1bitcoins.com\/de\/#website","url":"https:\/\/allin1bitcoins.com\/de\/","name":"Allin1Bitcoins","description":"","publisher":{"@id":"https:\/\/allin1bitcoins.com\/de\/#organization"},"potentialAction":[{"@type":"SearchAction","target":{"@type":"EntryPoint","urlTemplate":"https:\/\/allin1bitcoins.com\/de\/?s={search_term_string}"},"query-input":"required name=search_term_string"}],"inLanguage":"de"},{"@type":"Organization","@id":"https:\/\/allin1bitcoins.com\/de\/#organization","name":"allin1bitcoins","url":"https:\/\/allin1bitcoins.com\/de\/","logo":{"@type":"ImageObject","inLanguage":"de","@id":"https:\/\/allin1bitcoins.com\/de\/#\/schema\/logo\/image\/","url":"https:\/\/allin1bitcoins.com\/wp-content\/uploads\/2019\/01\/logo-new.png","contentUrl":"https:\/\/allin1bitcoins.com\/wp-content\/uploads\/2019\/01\/logo-new.png","width":178,"height":71,"caption":"allin1bitcoins"},"image":{"@id":"https:\/\/allin1bitcoins.com\/de\/#\/schema\/logo\/image\/"}}]}},"_links":{"self":[{"href":"https:\/\/allin1bitcoins.com\/de\/wp-json\/wp\/v2\/pages\/21746"}],"collection":[{"href":"https:\/\/allin1bitcoins.com\/de\/wp-json\/wp\/v2\/pages"}],"about":[{"href":"https:\/\/allin1bitcoins.com\/de\/wp-json\/wp\/v2\/types\/page"}],"author":[{"embeddable":true,"href":"https:\/\/allin1bitcoins.com\/de\/wp-json\/wp\/v2\/users\/8"}],"replies":[{"embeddable":true,"href":"https:\/\/allin1bitcoins.com\/de\/wp-json\/wp\/v2\/comments?post=21746"}],"version-history":[{"count":1,"href":"https:\/\/allin1bitcoins.com\/de\/wp-json\/wp\/v2\/pages\/21746\/revisions"}],"predecessor-version":[{"id":21747,"href":"https:\/\/allin1bitcoins.com\/de\/wp-json\/wp\/v2\/pages\/21746\/revisions\/21747"}],"up":[{"embeddable":true,"href":"https:\/\/allin1bitcoins.com\/de\/wp-json\/wp\/v2\/pages\/21700"}],"wp:featuredmedia":[{"embeddable":true,"href":"https:\/\/allin1bitcoins.com\/de\/wp-json\/wp\/v2\/media\/16984"}],"wp:attachment":[{"href":"https:\/\/allin1bitcoins.com\/de\/wp-json\/wp\/v2\/media?parent=21746"}],"curies":[{"name":"wp","href":"https:\/\/api.w.org\/{rel}","templated":true}]}}