{"id":21810,"date":"2023-02-19T17:29:47","date_gmt":"2023-02-19T17:29:47","guid":{"rendered":"https:\/\/allin1bitcoins.com\/?page_id=21810"},"modified":"2023-02-19T17:29:50","modified_gmt":"2023-02-19T17:29:50","slug":"canada","status":"publish","type":"page","link":"https:\/\/allin1bitcoins.com\/de\/crypto\/samoyedcoin\/canada\/","title":{"rendered":"Wie Man Samoyedcoin (SAMO) In Kanada Kauft"},"content":{"rendered":"\n<h2 class=\"wp-block-heading\">Kurze Antwort: Sie k\u00f6nnen Samoyedcoin in Kanada kaufen.<\/h2>\n\n\n\n<p>Um Samoyedcoin in Kanada zu erwerben, ist es notwendig, eine Kryptow\u00e4hrungsb\u00f6rse oder einen Broker zu finden, der eine unterst\u00fctzte Zahlungsmethode akzeptiert, wie beispielsweise eine \u00dcberweisung oder Debitkarte. Anschlie\u00dfend k\u00f6nnen Sie nach dem Samoyedcoin-Handelspaar suchen und nach Erstellung eines Kontos, Best\u00e4tigung Ihrer Identit\u00e4t und Einzahlung von Geldern eine Kauforder platzieren. Der genaue Ablauf kann je nach gew\u00e4hlter B\u00f6rse oder Broker variieren, aber die meisten folgen einem \u00e4hnlichen Verfahren.<\/p>\n\n\n\n<h2 class=\"wp-block-heading\">\u00dcberblick \u00fcber Samoyedcoin<\/h2>\n\n\n\n<p>Samoyedcoin ist eine digitale W\u00e4hrung, die Verschl\u00fcsselung verwendet, um Finanztransaktionen zu sch\u00fctzen, die Schaffung neuer Einheiten zu begrenzen und die \u00dcbertragung von Verm\u00f6genswerten zu best\u00e4tigen. Sie soll als Tauschmittel dienen. Da keine Bank, Regierung oder andere zentrale Organisation die Kontrolle hat, ist sie dezentralisiert. Stattdessen wird ein Netzwerk von Computern verwendet, um Transaktionen zu verifizieren und in die Blockchain, ein \u00f6ffentliches, dezentrales Register, aufzunehmen.<\/p>\n\n\n\n<h2 class=\"wp-block-heading\">Vorteile des Kaufs von Samoyedcoin<\/h2>\n\n\n\n<p><strong>Der Kauf von Samoyedcoin hat mehrere Vorteile, darunter:<\/strong><\/p>\n\n\n\n<ul><li><strong>M\u00f6glichkeit des Preiswachstums:<\/strong> Samoyedcoin, wie auch andere Kryptow\u00e4hrungen, ist ziemlich volatil und sein Wert kann sich in kurzer Zeit drastisch \u00e4ndern. Dies bedeutet, dass es eine Chance auf Preisanstieg gibt, wenn Sie Samoyedcoin zu einem g\u00fcnstigen Preis kaufen und sp\u00e4ter f\u00fcr einen h\u00f6heren Betrag verkaufen. Es ist jedoch wichtig zu beachten, dass die Investition in Kryptow\u00e4hrungen inh\u00e4rente Risiken birgt und es eine Chance auf Preisverfall gibt.<br><br><\/li><li><strong>Dezentralisierte Natur:<\/strong> Da Samoyedcoin dezentralisiert ist, hat keine Regierung, Bank oder andere zentrale Autorit\u00e4t Einfluss darauf. Es muss daher nicht denselben Regeln und Richtlinien wie konventionelle Finanzsysteme folgen, was m\u00f6glicherweise mehr Freiheit und Flexibilit\u00e4t bietet.<br><br><\/li><li><strong>Sicherheit: <\/strong>Um Ihre Finanzinformationen zu sch\u00fctzen und das Risiko von Betrug zu verringern, verwenden Kryptow\u00e4hrungen hochmoderne Sicherheitsfunktionen wie Kryptographie und verteilte Ledger-Technologie.<\/li><\/ul>\n\n\n\n<figure class=\"wp-block-embed is-type-video is-provider-youtube wp-block-embed-youtube wp-embed-aspect-16-9 wp-has-aspect-ratio\"><div class=\"wp-block-embed__wrapper\">\n<iframe title=\"Best Canadian Crypto Exchange 2022 | Get $40 bonus!\" width=\"800\" height=\"450\" src=\"https:\/\/www.youtube.com\/embed\/Ev8frcibSfU?feature=oembed\" frameborder=\"0\" allow=\"accelerometer; autoplay; clipboard-write; encrypted-media; gyroscope; picture-in-picture; web-share\" allowfullscreen><\/iframe>\n<\/div><\/figure>\n\n\n\n<h2 class=\"wp-block-heading\">Anleitung zum Kauf von Samoyedcoin in Kanada in Schritten<\/h2>\n\n\n\n<p><strong>Die folgenden Schritte k\u00f6nnen genutzt werden, um den Kauf von Samoyedcoin in Kanada zu erkl\u00e4ren:<\/strong><\/p>\n\n\n\n<ol><li>Suchen Sie nach einem Broker oder einer B\u00f6rse, die den Kauf von Samoyedcoin mit einer unterst\u00fctzten Zahlungsmethode erm\u00f6glicht. Coinbase, Binance und Bitbuy sind einige der beliebten Optionen in Kanada. \u00dcberpr\u00fcfen Sie, ob der Broker oder die B\u00f6rse kanadische Kunden akzeptiert und eine Zahlungsoption anbietet, die Sie gerne nutzen m\u00f6chten.<br><br><\/li><li>Erstellen Sie ein Profil bei einem Broker oder einer B\u00f6rse. Dies beinhaltet in der Regel die Angabe Ihres Namens, Ihrer E-Mail-Adresse und eines Passworts. M\u00f6glicherweise m\u00fcssen Sie auch eine Kopie Ihres Ausweises hochladen, um Ihre Identit\u00e4t nachzuweisen.<br><br><\/li><li>Das Hinzuf\u00fcgen von Geld auf Ihr Konto ist so einfach wie die Verwendung einer unterst\u00fctzten Zahlungsmethode. Sie k\u00f6nnen in der Regel Geld durch eine Bank\u00fcberweisung, Debitkarte, Kreditkarte oder andere Zahlungsmethoden auf B\u00f6rsen und bei Brokern einzahlen. Um herauszufinden, welche Zahlungsoptionen angeboten werden, besuchen Sie die Website der B\u00f6rse oder des Brokers und folgen Sie den Schritten zum Einzahlen von Geld.<br><br><\/li><li>Finden Sie das Handelspaar f\u00fcr Samoyedcoin. Sobald Ihr Geld eingezahlt wurde, k\u00f6nnen Sie auf der B\u00f6rse oder beim Broker nach dem Samoyedcoin-Handelspaar suchen. Der Preis, zu dem Sie Samoyedcoin mit einer anderen Kryptow\u00e4hrung oder Fiat-W\u00e4hrung wie kanadischen Dollar kaufen k\u00f6nnen, wird unten angezeigt.<br><br><\/li><li>Platzieren Sie eine Kauforder f\u00fcr Samoyedcoin mit der von Ihnen gew\u00e4hlten Zahlungsmethode. Um eine Bestellung f\u00fcr den Kauf von Samoyedcoin aufzugeben, m\u00fcssen Sie die Handelsoberfl\u00e4che der B\u00f6rse oder des Brokers nutzen. Sie k\u00f6nnen entweder eine Limit-Order festlegen, die nur ausgef\u00fchrt wird, wenn der Preis ein bestimmtes Niveau erreicht, oder eine Market-Order, die zum aktuellen Marktpreis ausgef\u00fchrt wird. Stellen Sie sicher, dass Sie die Quelle der Gelder als Ihre bevorzugte Zahlungsoption ausw\u00e4hlen.<br><br><\/li><li>\u00dcberwachen Sie Ihre Bestellung w\u00e4hrend der Ausf\u00fchrung. Sobald Sie eine Bestellung aufgegeben haben, wird diese in das Orderbuch der B\u00f6rse oder des Brokers eingetragen. Eine Market-Order wird fast sofort zum aktuellen Marktpreis ausgef\u00fchrt. Eine Limit-Order wird nur ausgef\u00fchrt, wenn der Preis das von Ihnen festgelegte Niveau erreicht, sofern Sie eines festgelegt haben. \u00dcber die Handelsoberfl\u00e4che der B\u00f6rse oder des Brokers oder eine Preisverfolgungswebsite eines Drittanbieters k\u00f6nnen Sie den Fortschritt Ihrer Bestellung und den Preis von Samoyedcoin verfolgen.<br><br><\/li><li>Entnehmen Sie Ihren Samoyedcoin und legen Sie ihn in eine sichere Geldb\u00f6rse. Sobald Ihre Bestellung ausgef\u00fchrt wurde und das Geld Ihrem Konto gutgeschrieben wurde, m\u00fcssen Sie Ihren Samoyedcoin in eine sichere Geldb\u00f6rse abheben. Dies ist wichtig, um sicherzustellen, dass Ihre M\u00fcnzen sicher sind, da Kryptow\u00e4hrungsbroker und -b\u00f6rsen anf\u00e4llig f\u00fcr Hacks und andere Sicherheitsrisiken sind. Online-Geldb\u00f6rsen, Desktop-Geldb\u00f6rsen und Hardware-Geldb\u00f6rsen sind nur einige der zahlreichen Arten von Geldb\u00f6rsen, die angeboten werden. W\u00e4hlen Sie eine Geldb\u00f6rse, die Ihren Anforderungen entspricht, und befolgen Sie dann die Anweisungen, um Ihren Samoyedcoin von der B\u00f6rse oder vom Broker auf die Geldb\u00f6rse zu \u00fcbertragen.<\/li><\/ol>\n\n\n\n<h2 class=\"wp-block-heading\">Samoyedcoin-Kaufsteuer in Kanada<\/h2>\n\n\n\n<p>Die Canada Revenue Agency (CRA) hat in Kanada Richtlinien ver\u00f6ffentlicht, die besagen, dass Bitcoin-Transaktionen gesetzlich der Besteuerung unterliegen. Das bedeutet, dass alle Gewinne, die Sie beim Kauf und Verkauf von Samoyedcoin erzielen, der Besteuerung unterliegen werden. Ob Sie als &#8220;H\u00e4ndler&#8221; oder &#8220;Investor&#8221; kategorisiert werden und die Dauer Ihrer Halteperiode werden die genauen steuerlichen Auswirkungen bestimmen. Wenn Sie Samoyedcoin als Investition kaufen und es l\u00e4nger als ein Jahr halten, m\u00fcssen Sie Kapitalertragsteuer auf alle Gewinne zahlen, die Sie erzielen. Wenn Sie es weniger als ein Jahr halten, gelten normale Einkommenssteuers\u00e4tze. Wenn Sie als H\u00e4ndler eingestuft werden, sind Sie verpflichtet, normale Einkommenssteuer auf den Nettogewinn aus dem Kauf und Verkauf von Samoyedcoin zu zahlen. Es ist wichtig, mit einem Steuerexperten zu sprechen, um Ihre genauen Steuerpflichten beim Kauf und Verkauf von Samoyedcoin zu verstehen.<\/p>\n\n\n\n<h2 class=\"wp-block-heading\">Schlussfolgerung<\/h2>\n\n\n\n<p>Um Samoyedcoin in Kanada zu kaufen, m\u00fcssen Sie lediglich eine Kryptow\u00e4hrungsb\u00f6rse oder einen Broker finden, der kanadische Kunden begr\u00fc\u00dft und es Ihnen erm\u00f6glicht, Samoyedcoin mit einer unterst\u00fctzten Zahlungsmethode zu kaufen, ein Konto zu er\u00f6ffnen, es mit Geldern zu finanzieren und eine Kauforder zu erteilen. Obwohl der Kauf von Samoyedcoin viele Vorteile hat, wie die M\u00f6glichkeit des Preiswachstums und der Sicherheit, ist es wichtig, sich der Risiken und m\u00f6glichen Steuerfolgen bewusst zu sein. Bevor Sie Investitionsentscheidungen treffen, stellen Sie sicher, dass Sie Ihre Due Diligence durchf\u00fchren, die B\u00f6rse oder den Broker, den Sie nutzen m\u00f6chten, studieren und mit einem Finanzberater oder Steuerexperten sprechen.<\/p>\n\n\n\n<!-- Page-list plugin v.5.9 wordpress.org\/plugins\/page-list\/ -->\n<ul class=\"page-list siblings-page-list \">\n<li class=\"page_item page-item-21772\"><a href=\"https:\/\/allin1bitcoins.com\/de\/crypto\/samoyedcoin\/united-kingdom\/\">Wie Man Samoyedcoin (SAMO) Im Vereinigten K\u00f6nigreich Kauft<\/a><\/li>\n<li class=\"page_item page-item-21798\"><a href=\"https:\/\/allin1bitcoins.com\/de\/crypto\/samoyedcoin\/australia\/\">Wie Man Samoyedcoin (SAMO) In Australien Kauft<\/a><\/li>\n<li class=\"page_item page-item-21782\"><a href=\"https:\/\/allin1bitcoins.com\/de\/crypto\/samoyedcoin\/united-states\/\">Wie Man Samoyedcoin (SAMO) In Den USA Kauft<\/a><\/li>\n<li class=\"page_item page-item-21810\"><a href=\"https:\/\/allin1bitcoins.com\/de\/crypto\/samoyedcoin\/canada\/\">Wie Man Samoyedcoin (SAMO) In Kanada Kauft<\/a><\/li>\n<li class=\"page_item page-item-21864\"><a href=\"https:\/\/allin1bitcoins.com\/de\/crypto\/samoyedcoin\/debit-card\/\">Wie Man Samoyedcoin (SAMO) Mit Einer Debitkarte Kauft<\/a><\/li>\n<li class=\"page_item page-item-21821\"><a href=\"https:\/\/allin1bitcoins.com\/de\/crypto\/samoyedcoin\/credit-card\/\">Wie Man Samoyedcoin (SAMO) Mit Einer Kreditkarte Kauft<\/a><\/li>\n<li class=\"page_item page-item-21834\"><a href=\"https:\/\/allin1bitcoins.com\/de\/crypto\/samoyedcoin\/paypal\/\">Wie Man Samoyedcoin (SAMO) Mit PayPal Kauft<\/a><\/li>\n<li class=\"page_item page-item-21846\"><a href=\"https:\/\/allin1bitcoins.com\/de\/crypto\/samoyedcoin\/paysafecard\/\">Wie Man Samoyedcoin (SAMO) Mit Paysafecard Kauft<\/a><\/li>\n\n<\/ul>\n","protected":false},"excerpt":{"rendered":"<p>Kurze Antwort: Sie k\u00f6nnen Samoyedcoin in Kanada kaufen. Um Samoyedcoin in Kanada zu erwerben, ist es notwendig, eine Kryptow\u00e4hrungsb\u00f6rse oder einen Broker zu finden, der eine unterst\u00fctzte Zahlungsmethode akzeptiert, wie beispielsweise eine \u00dcberweisung oder Debitkarte. Anschlie\u00dfend k\u00f6nnen Sie nach dem Samoyedcoin-Handelspaar suchen und nach Erstellung eines Kontos, Best\u00e4tigung Ihrer Identit\u00e4t und Einzahlung von Geldern eine&#8230;<\/p>\n","protected":false},"author":8,"featured_media":15612,"parent":21755,"menu_order":0,"comment_status":"closed","ping_status":"closed","template":"","meta":{"cybocfi_hide_featured_image":"","footnotes":""},"acf":[],"yoast_head":"<!-- This site is optimized with the Yoast SEO plugin v21.7 - https:\/\/yoast.com\/wordpress\/plugins\/seo\/ -->\n<title>Wie Man Samoyedcoin (SAMO) In Kanada Kauft<\/title>\n<meta name=\"description\" content=\"M\u00f6chten Sie Samoyed Coin in Kanada kaufen? Wenn ja, lesen Sie diese Anleitung, um detaillierte Informationen \u00fcber die Schritte f\u00fcr einen.\" \/>\n<meta name=\"robots\" content=\"index, follow, max-snippet:-1, max-image-preview:large, max-video-preview:-1\" \/>\n<link rel=\"canonical\" href=\"https:\/\/allin1bitcoins.com\/de\/crypto\/samoyedcoin\/canada\/\" \/>\n<meta property=\"og:locale\" content=\"de_DE\" \/>\n<meta property=\"og:type\" content=\"article\" \/>\n<meta property=\"og:title\" content=\"Wie Man Samoyedcoin (SAMO) In Kanada Kauft\" \/>\n<meta property=\"og:description\" content=\"M\u00f6chten Sie Samoyed Coin in Kanada kaufen? Wenn ja, lesen Sie diese Anleitung, um detaillierte Informationen \u00fcber die Schritte f\u00fcr einen.\" \/>\n<meta property=\"og:url\" content=\"https:\/\/allin1bitcoins.com\/de\/crypto\/samoyedcoin\/canada\/\" \/>\n<meta property=\"og:site_name\" content=\"Allin1Bitcoins\" \/>\n<meta property=\"article:modified_time\" content=\"2023-02-19T17:29:50+00:00\" \/>\n<meta property=\"og:image\" content=\"https:\/\/allin1bitcoins.com\/wp-content\/uploads\/2023\/01\/jason-hafso-C2keINMOhIE-unsplash.jpg\" \/>\n\t<meta property=\"og:image:width\" content=\"1920\" \/>\n\t<meta property=\"og:image:height\" content=\"1127\" \/>\n\t<meta property=\"og:image:type\" content=\"image\/jpeg\" \/>\n<meta name=\"twitter:card\" content=\"summary_large_image\" \/>\n<meta name=\"twitter:label1\" content=\"Est. reading time\" \/>\n\t<meta name=\"twitter:data1\" content=\"5 minutes\" \/>\n<!-- \/ Yoast SEO plugin. -->","yoast_head_json":{"title":"Wie Man Samoyedcoin (SAMO) In Kanada Kauft","description":"M\u00f6chten Sie Samoyed Coin in Kanada kaufen? Wenn ja, lesen Sie diese Anleitung, um detaillierte Informationen \u00fcber die Schritte f\u00fcr einen.","robots":{"index":"index","follow":"follow","max-snippet":"max-snippet:-1","max-image-preview":"max-image-preview:large","max-video-preview":"max-video-preview:-1"},"canonical":"https:\/\/allin1bitcoins.com\/de\/crypto\/samoyedcoin\/canada\/","og_locale":"de_DE","og_type":"article","og_title":"Wie Man Samoyedcoin (SAMO) In Kanada Kauft","og_description":"M\u00f6chten Sie Samoyed Coin in Kanada kaufen? Wenn ja, lesen Sie diese Anleitung, um detaillierte Informationen \u00fcber die Schritte f\u00fcr einen.","og_url":"https:\/\/allin1bitcoins.com\/de\/crypto\/samoyedcoin\/canada\/","og_site_name":"Allin1Bitcoins","article_modified_time":"2023-02-19T17:29:50+00:00","og_image":[{"width":1920,"height":1127,"url":"https:\/\/allin1bitcoins.com\/wp-content\/uploads\/2023\/01\/jason-hafso-C2keINMOhIE-unsplash.jpg","type":"image\/jpeg"}],"twitter_card":"summary_large_image","twitter_misc":{"Est. reading time":"5 minutes"},"schema":{"@context":"https:\/\/schema.org","@graph":[{"@type":"WebPage","@id":"https:\/\/allin1bitcoins.com\/de\/crypto\/samoyedcoin\/canada\/","url":"https:\/\/allin1bitcoins.com\/de\/crypto\/samoyedcoin\/canada\/","name":"Wie Man Samoyedcoin (SAMO) In Kanada Kauft","isPartOf":{"@id":"https:\/\/allin1bitcoins.com\/de\/#website"},"datePublished":"2023-02-19T17:29:47+00:00","dateModified":"2023-02-19T17:29:50+00:00","description":"M\u00f6chten Sie Samoyed Coin in Kanada kaufen? Wenn ja, lesen Sie diese Anleitung, um detaillierte Informationen \u00fcber die Schritte f\u00fcr einen.","breadcrumb":{"@id":"https:\/\/allin1bitcoins.com\/de\/crypto\/samoyedcoin\/canada\/#breadcrumb"},"inLanguage":"de","potentialAction":[{"@type":"ReadAction","target":["https:\/\/allin1bitcoins.com\/de\/crypto\/samoyedcoin\/canada\/"]}]},{"@type":"BreadcrumbList","@id":"https:\/\/allin1bitcoins.com\/de\/crypto\/samoyedcoin\/canada\/#breadcrumb","itemListElement":[{"@type":"ListItem","position":1,"name":"Home","item":"https:\/\/allin1bitcoins.com\/de\/"},{"@type":"ListItem","position":2,"name":"Krypto","item":"https:\/\/allin1bitcoins.com\/de\/crypto\/"},{"@type":"ListItem","position":3,"name":"Wie Man Samoyedcoin (SAMO) Kauft &#8211; Schritt-f\u00fcr-Schritt-Anleitung (2023)","item":"https:\/\/allin1bitcoins.com\/de\/crypto\/samoyedcoin\/"},{"@type":"ListItem","position":4,"name":"Wie Man Samoyedcoin (SAMO) In Kanada Kauft"}]},{"@type":"WebSite","@id":"https:\/\/allin1bitcoins.com\/de\/#website","url":"https:\/\/allin1bitcoins.com\/de\/","name":"Allin1Bitcoins","description":"","publisher":{"@id":"https:\/\/allin1bitcoins.com\/de\/#organization"},"potentialAction":[{"@type":"SearchAction","target":{"@type":"EntryPoint","urlTemplate":"https:\/\/allin1bitcoins.com\/de\/?s={search_term_string}"},"query-input":"required name=search_term_string"}],"inLanguage":"de"},{"@type":"Organization","@id":"https:\/\/allin1bitcoins.com\/de\/#organization","name":"allin1bitcoins","url":"https:\/\/allin1bitcoins.com\/de\/","logo":{"@type":"ImageObject","inLanguage":"de","@id":"https:\/\/allin1bitcoins.com\/de\/#\/schema\/logo\/image\/","url":"https:\/\/allin1bitcoins.com\/wp-content\/uploads\/2019\/01\/logo-new.png","contentUrl":"https:\/\/allin1bitcoins.com\/wp-content\/uploads\/2019\/01\/logo-new.png","width":178,"height":71,"caption":"allin1bitcoins"},"image":{"@id":"https:\/\/allin1bitcoins.com\/de\/#\/schema\/logo\/image\/"}}]}},"_links":{"self":[{"href":"https:\/\/allin1bitcoins.com\/de\/wp-json\/wp\/v2\/pages\/21810"}],"collection":[{"href":"https:\/\/allin1bitcoins.com\/de\/wp-json\/wp\/v2\/pages"}],"about":[{"href":"https:\/\/allin1bitcoins.com\/de\/wp-json\/wp\/v2\/types\/page"}],"author":[{"embeddable":true,"href":"https:\/\/allin1bitcoins.com\/de\/wp-json\/wp\/v2\/users\/8"}],"replies":[{"embeddable":true,"href":"https:\/\/allin1bitcoins.com\/de\/wp-json\/wp\/v2\/comments?post=21810"}],"version-history":[{"count":1,"href":"https:\/\/allin1bitcoins.com\/de\/wp-json\/wp\/v2\/pages\/21810\/revisions"}],"predecessor-version":[{"id":21811,"href":"https:\/\/allin1bitcoins.com\/de\/wp-json\/wp\/v2\/pages\/21810\/revisions\/21811"}],"up":[{"embeddable":true,"href":"https:\/\/allin1bitcoins.com\/de\/wp-json\/wp\/v2\/pages\/21755"}],"wp:featuredmedia":[{"embeddable":true,"href":"https:\/\/allin1bitcoins.com\/de\/wp-json\/wp\/v2\/media\/15612"}],"wp:attachment":[{"href":"https:\/\/allin1bitcoins.com\/de\/wp-json\/wp\/v2\/media?parent=21810"}],"curies":[{"name":"wp","href":"https:\/\/api.w.org\/{rel}","templated":true}]}}