{"id":21846,"date":"2023-02-20T06:29:06","date_gmt":"2023-02-20T06:29:06","guid":{"rendered":"https:\/\/allin1bitcoins.com\/?page_id=21846"},"modified":"2023-02-20T06:29:08","modified_gmt":"2023-02-20T06:29:08","slug":"paysafecard","status":"publish","type":"page","link":"https:\/\/allin1bitcoins.com\/de\/crypto\/samoyedcoin\/paysafecard\/","title":{"rendered":"Wie Man Samoyedcoin (SAMO) Mit Paysafecard Kauft"},"content":{"rendered":"\n<h2 class=\"wp-block-heading\">Kurze Antwort: Sie k\u00f6nnen Samoyedcoin mit Paysafecard kaufen<\/h2>\n\n\n\n<p>Wenn Sie Samoyedcoin mit dieser Zahlungsoption kaufen m\u00f6chten, m\u00fcssen Sie eine Kryptow\u00e4hrungsb\u00f6rse oder einen Broker finden, der Paysafecard akzeptiert. Paysafecard ist eine Prepaid-Karte, mit der Sie online Eink\u00e4ufe t\u00e4tigen k\u00f6nnen, ohne eine Kreditkarte oder ein Bankkonto zu ben\u00f6tigen.<\/p>\n\n\n\n<h2 class=\"wp-block-heading\">\u00dcberblick \u00fcber Samoyedcoin<\/h2>\n\n\n\n<p>Ein dezentrales, peer-to-peer Zahlungsnetzwerk namens Samoyedcoin wurde 2021 gegr\u00fcndet. Es ist dezentralisiert, was bedeutet, dass es nicht unter der Zust\u00e4ndigkeit einer Bank oder Regierung steht, und verwendet Verschl\u00fcsselung, um Transaktionen abzusichern und zu authentifizieren. Samoyedcoin kann auf Kryptow\u00e4hrungsb\u00f6rsen gekauft und verkauft werden und auch bei Unternehmen, die es online oder pers\u00f6nlich akzeptieren, f\u00fcr Eink\u00e4ufe verwendet werden.<\/p>\n\n\n\n<h2 class=\"wp-block-heading\">Warum Paysafecard eine gute Wahl f\u00fcr den Kauf von Samoyedcoin ist<\/h2>\n\n\n\n<p><strong>Sie m\u00f6chten m\u00f6glicherweise Samoyedcoin mit Paysafecard kaufen aus folgenden Gr\u00fcnden:<\/strong><\/p>\n\n\n\n<ul><li><strong>Privatsph\u00e4re:<\/strong> Paysafecard ist eine Prepaid-Karte, die keine finanziellen oder pers\u00f6nlichen Daten erfordert. Wenn Sie Samoyedcoin ohne einen Papierweg oder die Offenlegung Ihrer pers\u00f6nlichen Daten online kaufen m\u00f6chten, kann dies hilfreich sein.<br><br><\/li><li><strong>Bequemlichkeit: <\/strong>Wenn Sie kein Bankkonto oder eine Kreditkarte haben, ist Paysafecard eine praktische Wahl, da sie in Einzelhandelsgesch\u00e4ften leicht erh\u00e4ltlich ist.<br><br><\/li><li><strong>Geschwindigkeit: <\/strong>Paysafecard-Transaktionen werden oft prompt abgewickelt, sodass Sie Samoyedcoin kaufen und innerhalb weniger Minuten auf Ihr Konto eingezahlt haben k\u00f6nnen.<\/li><\/ul>\n\n\n\n<figure class=\"wp-block-embed is-type-video is-provider-youtube wp-block-embed-youtube wp-embed-aspect-16-9 wp-has-aspect-ratio\"><div class=\"wp-block-embed__wrapper\">\n<iframe title=\"How to buy Samo - Samoyedcoin EASY and CHEAP\" width=\"800\" height=\"450\" src=\"https:\/\/www.youtube.com\/embed\/PBbsaH2rhPw?feature=oembed\" frameborder=\"0\" allow=\"accelerometer; autoplay; clipboard-write; encrypted-media; gyroscope; picture-in-picture; web-share\" allowfullscreen><\/iframe>\n<\/div><\/figure>\n\n\n\n<h2 class=\"wp-block-heading\">Wie man Samoyedcoin mit Paysafecard im Detail kauft<\/h2>\n\n\n\n<p><strong>Folgen Sie diesen Schritten, um eine B\u00f6rse oder einen Broker zu finden, der Paysafecard akzeptiert:<\/strong><\/p>\n\n\n\n<ol><li>Kaufen Sie eine Paysafecard. Paysafecards werden von mehreren Einzelhandelsgesch\u00e4ften wie Tankstellen, Superm\u00e4rkten und Convenience-Stores verkauft. Sie verwenden die 16-stellige PIN, die auf der Karte enthalten ist, um Online-K\u00e4ufe zu t\u00e4tigen.<br><br><\/li><li>Suchen Sie nach einem Broker oder einer B\u00f6rse, der Paysafecard f\u00fcr Kryptow\u00e4hrungen akzeptiert. Es gibt einige Broker und B\u00f6rsen, die Paysafecard als Zahlungsmethode akzeptieren, obwohl die Verf\u00fcgbarkeit je nach Region variiert. Um die ideale Wahl f\u00fcr Sie zu treffen, sollten Sie die Kosten und Bewertungen \u00fcberpr\u00fcfen.<br><br><\/li><li>Er\u00f6ffnen Sie ein Profil beim Broker oder an der B\u00f6rse. Um ein Konto bei der B\u00f6rse oder dem Broker zu er\u00f6ffnen, m\u00fcssen Sie einige pers\u00f6nliche Informationen angeben und einen Benutzernamen und ein Passwort erstellen.<br><br><\/li><li>\u00dcberpr\u00fcfen Sie Ihr Konto. Bevor Sie Samoyedcoin kaufen, m\u00f6chten einige B\u00f6rsen und Broker m\u00f6glicherweise Ihre Identit\u00e4t \u00fcberpr\u00fcfen. Eine Kopie Ihres Ausweises oder anderer Unterlagen muss m\u00f6glicherweise hochgeladen werden, um dies zu erreichen.<br><br><\/li><li>W\u00e4hlen Sie Paysafecard als Ihre Zahlungsmethode. Wenn Sie bereit sind, Samoyedcoin zu kaufen, w\u00e4hlen Sie Paysafecard als Ihre Zahlungsmethode und geben Sie Ihre 16-stellige PIN ein.<br><br><\/li><li>Senden Sie Ihre Bestellung ein. Sie m\u00fcssen genau angeben, wie viel Samoyedcoin Sie kaufen m\u00f6chten sowie Ihre Preisspanne. Wenn der Preis stimmt, wird die Bestellung eines Verk\u00e4ufers nach Eingabe in das Orderbuch der B\u00f6rse oder des Brokers mit Ihrer \u00fcbereinstimmen. Auf der Plattform der B\u00f6rse oder des Brokers k\u00f6nnen Sie den Fortschritt Ihrer Bestellung und den aktuellen Marktpreis verfolgen.<br><br><\/li><li>Nehmen Sie Ihre Samoyedcoin und deponieren Sie sie in Ihrer pers\u00f6nlichen Geldb\u00f6rse. Wenn Ihre Bestellung ausgef\u00fchrt wurde und Ihrem Konto gutgeschrieben wurde, sollten Sie Ihre Samoyedcoin auf eine private Geldb\u00f6rse \u00fcberweisen, die Sie kontrollieren. Dies ist aus Sicherheitsgr\u00fcnden entscheidend, da Sie so die Kontrolle \u00fcber Ihre M\u00fcnzen behalten und sie nicht auf der Plattform eines Brokers oder einer B\u00f6rse lassen.<\/li><\/ol>\n\n\n\n<h2 class=\"wp-block-heading\">Nachteile bei der Verwendung von Paysafecard zum Kauf von Samoyedcoin<\/h2>\n\n\n\n<p><strong>Die folgenden Nachteile sollten beim Kauf von Samoyedcoin mit Paysafecard ber\u00fccksichtigt werden:<\/strong><\/p>\n\n\n\n<ul><li><strong>Eingeschr\u00e4nkte Verf\u00fcgbarkeit: <\/strong>Da nicht alle B\u00f6rsen und Broker Paysafecard als Zahlungsoption unterst\u00fctzen, k\u00f6nnen Ihre M\u00f6glichkeiten zum Kauf von Samoyedcoin eingeschr\u00e4nkt sein.<br><br><\/li><li><strong>Geb\u00fchren:<\/strong> Die Verwendung von Paysafecard als Zahlungsmethode kann bei einigen B\u00f6rsen und Brokern Geb\u00fchren verursachen, die den endg\u00fcltigen Kaufpreis erh\u00f6hen.<br><br><\/li><li><strong>Begrenzter Kauf pro Transaktion:<\/strong> Paysafecard hat Ausgaben- und Transaktionslimits, daher ist es m\u00f6glich, dass Sie keine bedeutende Menge an Samoyedcoin in einer einzigen Transaktion kaufen k\u00f6nnen.<\/li><\/ul>\n\n\n\n<h2 class=\"wp-block-heading\">Schlussfolgerung<\/h2>\n\n\n\n<p>Paysafecard ist eine wunderbare Wahl, wenn Sie Samoyedcoin kaufen m\u00f6chten und eine sichere und private Zahlungsmethode verwenden m\u00f6chten. Stellen Sie jedoch sicher, dass Sie Ihre Hausaufgaben machen, eine vertrauensw\u00fcrdige B\u00f6rse oder einen vertrauensw\u00fcrdigen Broker finden, der Paysafecard akzeptiert, und sich \u00fcber eventuelle Geb\u00fchren oder Einschr\u00e4nkungen im Klaren sind, die erforderlich sein k\u00f6nnten. Bevor Sie einen Kauf t\u00e4tigen, ist es entscheidend, Ihre eigene Forschung durchzuf\u00fchren und die mit Investitionen in Kryptow\u00e4hrungen verbundenen Risiken zu verstehen.<\/p>\n\n\n\n<!-- Page-list plugin v.5.9 wordpress.org\/plugins\/page-list\/ -->\n<ul class=\"page-list siblings-page-list \">\n<li class=\"page_item page-item-21772\"><a href=\"https:\/\/allin1bitcoins.com\/de\/crypto\/samoyedcoin\/united-kingdom\/\">Wie Man Samoyedcoin (SAMO) Im Vereinigten K\u00f6nigreich Kauft<\/a><\/li>\n<li class=\"page_item page-item-21798\"><a href=\"https:\/\/allin1bitcoins.com\/de\/crypto\/samoyedcoin\/australia\/\">Wie Man Samoyedcoin (SAMO) In Australien Kauft<\/a><\/li>\n<li class=\"page_item page-item-21782\"><a href=\"https:\/\/allin1bitcoins.com\/de\/crypto\/samoyedcoin\/united-states\/\">Wie Man Samoyedcoin (SAMO) In Den USA Kauft<\/a><\/li>\n<li class=\"page_item page-item-21810\"><a href=\"https:\/\/allin1bitcoins.com\/de\/crypto\/samoyedcoin\/canada\/\">Wie Man Samoyedcoin (SAMO) In Kanada Kauft<\/a><\/li>\n<li class=\"page_item page-item-21864\"><a href=\"https:\/\/allin1bitcoins.com\/de\/crypto\/samoyedcoin\/debit-card\/\">Wie Man Samoyedcoin (SAMO) Mit Einer Debitkarte Kauft<\/a><\/li>\n<li class=\"page_item page-item-21821\"><a href=\"https:\/\/allin1bitcoins.com\/de\/crypto\/samoyedcoin\/credit-card\/\">Wie Man Samoyedcoin (SAMO) Mit Einer Kreditkarte Kauft<\/a><\/li>\n<li class=\"page_item page-item-21834\"><a href=\"https:\/\/allin1bitcoins.com\/de\/crypto\/samoyedcoin\/paypal\/\">Wie Man Samoyedcoin (SAMO) Mit PayPal Kauft<\/a><\/li>\n<li class=\"page_item page-item-21846\"><a href=\"https:\/\/allin1bitcoins.com\/de\/crypto\/samoyedcoin\/paysafecard\/\">Wie Man Samoyedcoin (SAMO) Mit Paysafecard Kauft<\/a><\/li>\n\n<\/ul>\n","protected":false},"excerpt":{"rendered":"<p>Kurze Antwort: Sie k\u00f6nnen Samoyedcoin mit Paysafecard kaufen Wenn Sie Samoyedcoin mit dieser Zahlungsoption kaufen m\u00f6chten, m\u00fcssen Sie eine Kryptow\u00e4hrungsb\u00f6rse oder einen Broker finden, der Paysafecard akzeptiert. Paysafecard ist eine Prepaid-Karte, mit der Sie online Eink\u00e4ufe t\u00e4tigen k\u00f6nnen, ohne eine Kreditkarte oder ein Bankkonto zu ben\u00f6tigen. \u00dcberblick \u00fcber Samoyedcoin Ein dezentrales, peer-to-peer Zahlungsnetzwerk namens Samoyedcoin&#8230;<\/p>\n","protected":false},"author":8,"featured_media":15602,"parent":21755,"menu_order":0,"comment_status":"closed","ping_status":"closed","template":"","meta":{"cybocfi_hide_featured_image":"","footnotes":""},"acf":[],"yoast_head":"<!-- This site is optimized with the Yoast SEO plugin v21.7 - https:\/\/yoast.com\/wordpress\/plugins\/seo\/ -->\n<title>Wie Man Samoyedcoin (SAMO) Mit Paysafecard Kauft<\/title>\n<meta name=\"description\" content=\"Paysafecard ist eine wunderbare Wahl, wenn Sie SAMO kaufen m\u00f6chten und eine sichere und private Zahlungsmethode verwenden m\u00f6chten.\" \/>\n<meta name=\"robots\" content=\"index, follow, max-snippet:-1, max-image-preview:large, max-video-preview:-1\" \/>\n<link rel=\"canonical\" href=\"https:\/\/allin1bitcoins.com\/de\/crypto\/samoyedcoin\/paysafecard\/\" \/>\n<meta property=\"og:locale\" content=\"de_DE\" \/>\n<meta property=\"og:type\" content=\"article\" \/>\n<meta property=\"og:title\" content=\"Wie Man Samoyedcoin (SAMO) Mit Paysafecard Kauft\" \/>\n<meta property=\"og:description\" content=\"Paysafecard ist eine wunderbare Wahl, wenn Sie SAMO kaufen m\u00f6chten und eine sichere und private Zahlungsmethode verwenden m\u00f6chten.\" \/>\n<meta property=\"og:url\" content=\"https:\/\/allin1bitcoins.com\/de\/crypto\/samoyedcoin\/paysafecard\/\" \/>\n<meta property=\"og:site_name\" content=\"Allin1Bitcoins\" \/>\n<meta property=\"article:modified_time\" content=\"2023-02-20T06:29:08+00:00\" \/>\n<meta property=\"og:image\" content=\"https:\/\/allin1bitcoins.com\/wp-content\/uploads\/2023\/01\/pexels-liza-summer-6347719.jpg\" \/>\n\t<meta property=\"og:image:width\" content=\"1280\" \/>\n\t<meta property=\"og:image:height\" content=\"853\" \/>\n\t<meta property=\"og:image:type\" content=\"image\/jpeg\" \/>\n<meta name=\"twitter:card\" content=\"summary_large_image\" \/>\n<meta name=\"twitter:label1\" content=\"Est. reading time\" \/>\n\t<meta name=\"twitter:data1\" content=\"3 minutes\" \/>\n<!-- \/ Yoast SEO plugin. -->","yoast_head_json":{"title":"Wie Man Samoyedcoin (SAMO) Mit Paysafecard Kauft","description":"Paysafecard ist eine wunderbare Wahl, wenn Sie SAMO kaufen m\u00f6chten und eine sichere und private Zahlungsmethode verwenden m\u00f6chten.","robots":{"index":"index","follow":"follow","max-snippet":"max-snippet:-1","max-image-preview":"max-image-preview:large","max-video-preview":"max-video-preview:-1"},"canonical":"https:\/\/allin1bitcoins.com\/de\/crypto\/samoyedcoin\/paysafecard\/","og_locale":"de_DE","og_type":"article","og_title":"Wie Man Samoyedcoin (SAMO) Mit Paysafecard Kauft","og_description":"Paysafecard ist eine wunderbare Wahl, wenn Sie SAMO kaufen m\u00f6chten und eine sichere und private Zahlungsmethode verwenden m\u00f6chten.","og_url":"https:\/\/allin1bitcoins.com\/de\/crypto\/samoyedcoin\/paysafecard\/","og_site_name":"Allin1Bitcoins","article_modified_time":"2023-02-20T06:29:08+00:00","og_image":[{"width":1280,"height":853,"url":"https:\/\/allin1bitcoins.com\/wp-content\/uploads\/2023\/01\/pexels-liza-summer-6347719.jpg","type":"image\/jpeg"}],"twitter_card":"summary_large_image","twitter_misc":{"Est. reading time":"3 minutes"},"schema":{"@context":"https:\/\/schema.org","@graph":[{"@type":"WebPage","@id":"https:\/\/allin1bitcoins.com\/de\/crypto\/samoyedcoin\/paysafecard\/","url":"https:\/\/allin1bitcoins.com\/de\/crypto\/samoyedcoin\/paysafecard\/","name":"Wie Man Samoyedcoin (SAMO) Mit Paysafecard Kauft","isPartOf":{"@id":"https:\/\/allin1bitcoins.com\/de\/#website"},"datePublished":"2023-02-20T06:29:06+00:00","dateModified":"2023-02-20T06:29:08+00:00","description":"Paysafecard ist eine wunderbare Wahl, wenn Sie SAMO kaufen m\u00f6chten und eine sichere und private Zahlungsmethode verwenden m\u00f6chten.","breadcrumb":{"@id":"https:\/\/allin1bitcoins.com\/de\/crypto\/samoyedcoin\/paysafecard\/#breadcrumb"},"inLanguage":"de","potentialAction":[{"@type":"ReadAction","target":["https:\/\/allin1bitcoins.com\/de\/crypto\/samoyedcoin\/paysafecard\/"]}]},{"@type":"BreadcrumbList","@id":"https:\/\/allin1bitcoins.com\/de\/crypto\/samoyedcoin\/paysafecard\/#breadcrumb","itemListElement":[{"@type":"ListItem","position":1,"name":"Home","item":"https:\/\/allin1bitcoins.com\/de\/"},{"@type":"ListItem","position":2,"name":"Krypto","item":"https:\/\/allin1bitcoins.com\/de\/crypto\/"},{"@type":"ListItem","position":3,"name":"Wie Man Samoyedcoin (SAMO) Kauft &#8211; Schritt-f\u00fcr-Schritt-Anleitung (2023)","item":"https:\/\/allin1bitcoins.com\/de\/crypto\/samoyedcoin\/"},{"@type":"ListItem","position":4,"name":"Wie Man Samoyedcoin (SAMO) Mit Paysafecard Kauft"}]},{"@type":"WebSite","@id":"https:\/\/allin1bitcoins.com\/de\/#website","url":"https:\/\/allin1bitcoins.com\/de\/","name":"Allin1Bitcoins","description":"","publisher":{"@id":"https:\/\/allin1bitcoins.com\/de\/#organization"},"potentialAction":[{"@type":"SearchAction","target":{"@type":"EntryPoint","urlTemplate":"https:\/\/allin1bitcoins.com\/de\/?s={search_term_string}"},"query-input":"required name=search_term_string"}],"inLanguage":"de"},{"@type":"Organization","@id":"https:\/\/allin1bitcoins.com\/de\/#organization","name":"allin1bitcoins","url":"https:\/\/allin1bitcoins.com\/de\/","logo":{"@type":"ImageObject","inLanguage":"de","@id":"https:\/\/allin1bitcoins.com\/de\/#\/schema\/logo\/image\/","url":"https:\/\/allin1bitcoins.com\/wp-content\/uploads\/2019\/01\/logo-new.png","contentUrl":"https:\/\/allin1bitcoins.com\/wp-content\/uploads\/2019\/01\/logo-new.png","width":178,"height":71,"caption":"allin1bitcoins"},"image":{"@id":"https:\/\/allin1bitcoins.com\/de\/#\/schema\/logo\/image\/"}}]}},"_links":{"self":[{"href":"https:\/\/allin1bitcoins.com\/de\/wp-json\/wp\/v2\/pages\/21846"}],"collection":[{"href":"https:\/\/allin1bitcoins.com\/de\/wp-json\/wp\/v2\/pages"}],"about":[{"href":"https:\/\/allin1bitcoins.com\/de\/wp-json\/wp\/v2\/types\/page"}],"author":[{"embeddable":true,"href":"https:\/\/allin1bitcoins.com\/de\/wp-json\/wp\/v2\/users\/8"}],"replies":[{"embeddable":true,"href":"https:\/\/allin1bitcoins.com\/de\/wp-json\/wp\/v2\/comments?post=21846"}],"version-history":[{"count":1,"href":"https:\/\/allin1bitcoins.com\/de\/wp-json\/wp\/v2\/pages\/21846\/revisions"}],"predecessor-version":[{"id":21847,"href":"https:\/\/allin1bitcoins.com\/de\/wp-json\/wp\/v2\/pages\/21846\/revisions\/21847"}],"up":[{"embeddable":true,"href":"https:\/\/allin1bitcoins.com\/de\/wp-json\/wp\/v2\/pages\/21755"}],"wp:featuredmedia":[{"embeddable":true,"href":"https:\/\/allin1bitcoins.com\/de\/wp-json\/wp\/v2\/media\/15602"}],"wp:attachment":[{"href":"https:\/\/allin1bitcoins.com\/de\/wp-json\/wp\/v2\/media?parent=21846"}],"curies":[{"name":"wp","href":"https:\/\/api.w.org\/{rel}","templated":true}]}}