{"id":21962,"date":"2023-02-21T07:06:18","date_gmt":"2023-02-21T07:06:18","guid":{"rendered":"https:\/\/allin1bitcoins.com\/?page_id=21962"},"modified":"2023-02-21T07:06:26","modified_gmt":"2023-02-21T07:06:26","slug":"netherlands","status":"publish","type":"page","link":"https:\/\/allin1bitcoins.com\/de\/crypto\/shentu\/netherlands\/","title":{"rendered":"Wie Man Shentu (CTK) In Den Niederlanden Kauft"},"content":{"rendered":"\n<h2 class=\"wp-block-heading\">Kurz gesagt: Sie k\u00f6nnen Shentu Coin in den Niederlanden kaufen.<\/h2>\n\n\n\n<p>Um Shentu Coin in den Niederlanden zu kaufen, m\u00fcssen Sie eine Kryptow\u00e4hrungsb\u00f6rse nutzen, die den Kauf digitaler Assets mit Euros erm\u00f6glicht. Diese Funktion wird von mehreren bekannten B\u00f6rsen angeboten, einschlie\u00dflich Coinbase, Binance und Bitfinex. Sie m\u00fcssen sich bei einer dieser B\u00f6rsen anmelden, Ihre Identit\u00e4t best\u00e4tigen und dann Geld auf Ihr Konto einzahlen, um Shentu Coin in den Niederlanden zu kaufen. Sobald das Geld eingegangen ist, k\u00f6nnen Sie Shentu Coin kaufen.<\/p>\n\n\n\n<h2 class=\"wp-block-heading\">\u00dcbersicht \u00fcber Shentu Coin<\/h2>\n\n\n\n<p>Auf der Shentu-Blockchain ist Shentu Coin ein digitales Asset, das als Handelsmittel dient. Es ist eine dezentralisierte, Open-Source-Kryptow\u00e4hrung und erm\u00f6glicht eine schnelle und sichere \u00dcberweisung von Geld \u00fcber das Internet. Shentu Coin sichert das Netzwerk und \u00fcberpr\u00fcft Transaktionen mit einem Proof-of-Work-Konsensverfahren.<\/p>\n\n\n\n<h2 class=\"wp-block-heading\">Vorteile des Kaufs von Shentu Coin<\/h2>\n\n\n\n<p>Der Kauf von Shentu Coin hat mehrere Vorteile. Shentu Coin ist ein hochliquides Asset, das einfach auf B\u00f6rsen gekauft und verkauft werden kann. Daher ist es eine beliebte Wahl f\u00fcr Investoren, die ihr Portfolio diversifizieren m\u00f6chten. Sie k\u00f6nnen Shentu Coin auch offline oder online verwenden, da es eine weit verbreitete Form der Zahlung ist. Zuletzt ist Shentu Coin aufgrund seiner schnellen Transaktionsgeschwindigkeiten und g\u00fcnstigen Geb\u00fchren eine beliebte Wahl zum Senden und Empfangen von Zahlungen.<\/p>\n\n\n\n<figure class=\"wp-block-embed is-type-video is-provider-youtube wp-block-embed-youtube wp-embed-aspect-16-9 wp-has-aspect-ratio\"><div class=\"wp-block-embed__wrapper\">\n<iframe title=\"Why I am buying #CTK Coin Again || Reason Explain\" width=\"800\" height=\"450\" src=\"https:\/\/www.youtube.com\/embed\/Plcj2FENAvU?feature=oembed\" frameborder=\"0\" allow=\"accelerometer; autoplay; clipboard-write; encrypted-media; gyroscope; picture-in-picture; web-share\" allowfullscreen><\/iframe>\n<\/div><\/figure>\n\n\n\n<h2 class=\"wp-block-heading\">Wie man Shentu Coin in den Niederlanden kauft: Eine Schritt-f\u00fcr-Schritt-Anleitung<\/h2>\n\n\n\n<p><strong>Eine Schritt-f\u00fcr-Schritt-Anleitung zum Kauf von Shentu Coin in den Niederlanden finden Sie unten:<\/strong><\/p>\n\n\n\n<ol><li>W\u00e4hlen Sie einen Kryptow\u00e4hrungsmarktplatz aus, der es Ihnen erm\u00f6glicht, Shentu Coin mit Euros zu kaufen. Coinbase, Binance und Bitfinex sind einige beliebte Optionen.<br><br><\/li><li>Melden Sie sich f\u00fcr ein B\u00f6rsenkonto an und best\u00e4tigen Sie dann Ihre Identit\u00e4t. In der Regel ist f\u00fcr diesen Prozess das Hochladen eines von der Regierung ausgestellten Ausweises und eines Adressnachweises erforderlich.<br><br><\/li><li>F\u00fcgen Sie Geld auf Ihr Konto per Debit-\/Kreditkarte oder Bank\u00fcberweisung hinzu. Dies ist normalerweise \u00fcber die Website oder die Mobile-App Ihrer B\u00f6rse m\u00f6glich.<br><br><\/li><li>Sobald das Geld auf Ihrem Konto eingegangen ist, k\u00f6nnen Sie Shentu Coin kaufen. W\u00e4hlen Sie Shentu Coin aus der Liste der verf\u00fcgbaren Assets im &#8220;Kauf&#8221;-Bereich der B\u00f6rse aus.<br><br><\/li><li>Platzieren Sie Ihre Bestellung, indem Sie die Menge an Shentu Coin eingeben, die Sie kaufen m\u00f6chten.<br><br><\/li><li>Sobald die Transaktion abgeschlossen ist, wird Ihr B\u00f6rsenkonto mit Shentu Coin gutgeschrieben.<br><br><\/li><li>Die Art und Weise, wie Sie Shentu Coin verwenden, bestimmt, wie es in den Niederlanden besteuert wird. Wenn Sie es als Investition kaufen und beim Verkauf einen Gewinn erzielen, m\u00fcssen m\u00f6glicherweise Kapitalertragssteuern gezahlt werden.<br><br><\/li><li>Dar\u00fcber hinaus k\u00f6nnen bei Verwendung von Shentu Coin zur Bezahlung von Waren oder Dienstleistungen Mehrwertsteuern anfallen. Wenn Sie Bedenken bez\u00fcglich der steuerlichen Auswirkungen des Kaufs von Shentu Coin in den Niederlanden haben, ist es wichtig, mit einem Steuerexperten zu sprechen.<\/li><\/ol>\n\n\n\n<h2 class=\"wp-block-heading\">Steuern beim Kauf von Shentu Coin in den Niederlanden<\/h2>\n\n\n\n<p>Beim Kauf von Shentu Coin in den Niederlanden ist es wichtig, sich \u00fcber die steuerlichen Auswirkungen im Klaren zu sein. Die Verwendung von Shentu Coin f\u00fcr Transaktionen bestimmt, wie es in den Niederlanden besteuert wird. Wenn Shentu Coin als Investition gekauft und dann mit Gewinn verkauft wird, k\u00f6nnen Kapitalertragssteuern auf die Gewinne anfallen. Dar\u00fcber hinaus k\u00f6nnen bei Verwendung von Shentu Coin zur Bezahlung von Waren oder Dienstleistungen auch Mehrwertsteuern anfallen. Wenn Sie Bedenken bez\u00fcglich der steuerlichen Auswirkungen des Kaufs von Shentu Coin in den Niederlanden haben, ist es wichtig, sich mit einem Steuerexperten zu beraten.<\/p>\n\n\n\n<h2 class=\"wp-block-heading\">Schlussfolgerung<\/h2>\n\n\n\n<p>Es ist einfach, Shentu Coin in den Niederlanden \u00fcber eine zuverl\u00e4ssige Kryptow\u00e4hrungsb\u00f6rse zu kaufen. Sie k\u00f6nnen Shentu Coin mit Euro erwerben, indem Sie den Anweisungen in dieser Anleitung folgen. Es ist jedoch wichtig zu beachten, dass sich die steuerliche Behandlung von Shentu Coin je nach Verwendung \u00e4ndern kann. Wenn Sie also Fragen haben, sollten Sie einen Steuerexperten konsultieren.<\/p>\n\n\n\n<!-- Page-list plugin v.5.9 wordpress.org\/plugins\/page-list\/ -->\n<ul class=\"page-list siblings-page-list \">\n<li class=\"page_item page-item-21949\"><a href=\"https:\/\/allin1bitcoins.com\/de\/crypto\/shentu\/united-kingdom\/\">Wie Man Shentu (CTK) Im Vereinigten K\u00f6nigreich Kaufen Kann<\/a><\/li>\n<li class=\"page_item page-item-21976\"><a href=\"https:\/\/allin1bitcoins.com\/de\/crypto\/shentu\/australia\/\">Wie Man Shentu (CTK) In Australien Kauft<\/a><\/li>\n<li class=\"page_item page-item-21962\"><a href=\"https:\/\/allin1bitcoins.com\/de\/crypto\/shentu\/netherlands\/\">Wie Man Shentu (CTK) In Den Niederlanden Kauft<\/a><\/li>\n<li class=\"page_item page-item-21989\"><a href=\"https:\/\/allin1bitcoins.com\/de\/crypto\/shentu\/austria\/\">Wie Man Shentu (CTK) In \u00d6sterreich Kauft<\/a><\/li>\n<li class=\"page_item page-item-21896\"><a href=\"https:\/\/allin1bitcoins.com\/de\/crypto\/shentu\/apple-pay\/\">Wie Man Shentu (CTK) Mit Apple Pay Kauft<\/a><\/li>\n<li class=\"page_item page-item-21917\"><a href=\"https:\/\/allin1bitcoins.com\/de\/crypto\/shentu\/credit-card\/\">Wie Man Shentu (CTK) Mit Einer Kreditkarte Kauft<\/a><\/li>\n<li class=\"page_item page-item-21932\"><a href=\"https:\/\/allin1bitcoins.com\/de\/crypto\/shentu\/bank-account\/\">Wie Man Shentu (CTK) Mit Einer Kreditkarte Kauft<\/a><\/li>\n<li class=\"page_item page-item-21941\"><a href=\"https:\/\/allin1bitcoins.com\/de\/crypto\/shentu\/google-pay\/\">Wie Man Shentu (CTK) Mit Google Pay Kauft<\/a><\/li>\n\n<\/ul>\n","protected":false},"excerpt":{"rendered":"<p>Kurz gesagt: Sie k\u00f6nnen Shentu Coin in den Niederlanden kaufen. Um Shentu Coin in den Niederlanden zu kaufen, m\u00fcssen Sie eine Kryptow\u00e4hrungsb\u00f6rse nutzen, die den Kauf digitaler Assets mit Euros erm\u00f6glicht. Diese Funktion wird von mehreren bekannten B\u00f6rsen angeboten, einschlie\u00dflich Coinbase, Binance und Bitfinex. Sie m\u00fcssen sich bei einer dieser B\u00f6rsen anmelden, Ihre Identit\u00e4t best\u00e4tigen&#8230;<\/p>\n","protected":false},"author":8,"featured_media":14150,"parent":21875,"menu_order":0,"comment_status":"closed","ping_status":"closed","template":"","meta":{"cybocfi_hide_featured_image":"","footnotes":""},"acf":[],"yoast_head":"<!-- This site is optimized with the Yoast SEO plugin v21.7 - https:\/\/yoast.com\/wordpress\/plugins\/seo\/ -->\n<title>Wie Man Shentu (CTK) In Den Niederlanden Kauft<\/title>\n<meta name=\"description\" content=\"Sie m\u00fcssen eine Kryptob\u00f6rse verwenden, die es Ihnen erm\u00f6glicht, digitale Verm\u00f6genswerte mit Euro zu kaufen, um Shentu in den Niederlanden.\" \/>\n<meta name=\"robots\" content=\"index, follow, max-snippet:-1, max-image-preview:large, max-video-preview:-1\" \/>\n<link rel=\"canonical\" href=\"https:\/\/allin1bitcoins.com\/de\/crypto\/shentu\/netherlands\/\" \/>\n<meta property=\"og:locale\" content=\"de_DE\" \/>\n<meta property=\"og:type\" content=\"article\" \/>\n<meta property=\"og:title\" content=\"Wie Man Shentu (CTK) In Den Niederlanden Kauft\" \/>\n<meta property=\"og:description\" content=\"Sie m\u00fcssen eine Kryptob\u00f6rse verwenden, die es Ihnen erm\u00f6glicht, digitale Verm\u00f6genswerte mit Euro zu kaufen, um Shentu in den Niederlanden.\" \/>\n<meta property=\"og:url\" content=\"https:\/\/allin1bitcoins.com\/de\/crypto\/shentu\/netherlands\/\" \/>\n<meta property=\"og:site_name\" content=\"Allin1Bitcoins\" \/>\n<meta property=\"article:modified_time\" content=\"2023-02-21T07:06:26+00:00\" \/>\n<meta property=\"og:image\" content=\"https:\/\/allin1bitcoins.com\/wp-content\/uploads\/2023\/01\/adrien-olichon-6Q0rW3gZ1F4-unsplash.jpg\" \/>\n\t<meta property=\"og:image:width\" content=\"640\" \/>\n\t<meta property=\"og:image:height\" content=\"427\" \/>\n\t<meta property=\"og:image:type\" content=\"image\/jpeg\" \/>\n<meta name=\"twitter:card\" content=\"summary_large_image\" \/>\n<meta name=\"twitter:label1\" content=\"Est. reading time\" \/>\n\t<meta name=\"twitter:data1\" content=\"3 minutes\" \/>\n<!-- \/ Yoast SEO plugin. -->","yoast_head_json":{"title":"Wie Man Shentu (CTK) In Den Niederlanden Kauft","description":"Sie m\u00fcssen eine Kryptob\u00f6rse verwenden, die es Ihnen erm\u00f6glicht, digitale Verm\u00f6genswerte mit Euro zu kaufen, um Shentu in den Niederlanden.","robots":{"index":"index","follow":"follow","max-snippet":"max-snippet:-1","max-image-preview":"max-image-preview:large","max-video-preview":"max-video-preview:-1"},"canonical":"https:\/\/allin1bitcoins.com\/de\/crypto\/shentu\/netherlands\/","og_locale":"de_DE","og_type":"article","og_title":"Wie Man Shentu (CTK) In Den Niederlanden Kauft","og_description":"Sie m\u00fcssen eine Kryptob\u00f6rse verwenden, die es Ihnen erm\u00f6glicht, digitale Verm\u00f6genswerte mit Euro zu kaufen, um Shentu in den Niederlanden.","og_url":"https:\/\/allin1bitcoins.com\/de\/crypto\/shentu\/netherlands\/","og_site_name":"Allin1Bitcoins","article_modified_time":"2023-02-21T07:06:26+00:00","og_image":[{"width":640,"height":427,"url":"https:\/\/allin1bitcoins.com\/wp-content\/uploads\/2023\/01\/adrien-olichon-6Q0rW3gZ1F4-unsplash.jpg","type":"image\/jpeg"}],"twitter_card":"summary_large_image","twitter_misc":{"Est. reading time":"3 minutes"},"schema":{"@context":"https:\/\/schema.org","@graph":[{"@type":"WebPage","@id":"https:\/\/allin1bitcoins.com\/de\/crypto\/shentu\/netherlands\/","url":"https:\/\/allin1bitcoins.com\/de\/crypto\/shentu\/netherlands\/","name":"Wie Man Shentu (CTK) In Den Niederlanden Kauft","isPartOf":{"@id":"https:\/\/allin1bitcoins.com\/de\/#website"},"datePublished":"2023-02-21T07:06:18+00:00","dateModified":"2023-02-21T07:06:26+00:00","description":"Sie m\u00fcssen eine Kryptob\u00f6rse verwenden, die es Ihnen erm\u00f6glicht, digitale Verm\u00f6genswerte mit Euro zu kaufen, um Shentu in den Niederlanden.","breadcrumb":{"@id":"https:\/\/allin1bitcoins.com\/de\/crypto\/shentu\/netherlands\/#breadcrumb"},"inLanguage":"de","potentialAction":[{"@type":"ReadAction","target":["https:\/\/allin1bitcoins.com\/de\/crypto\/shentu\/netherlands\/"]}]},{"@type":"BreadcrumbList","@id":"https:\/\/allin1bitcoins.com\/de\/crypto\/shentu\/netherlands\/#breadcrumb","itemListElement":[{"@type":"ListItem","position":1,"name":"Home","item":"https:\/\/allin1bitcoins.com\/de\/"},{"@type":"ListItem","position":2,"name":"Krypto","item":"https:\/\/allin1bitcoins.com\/de\/crypto\/"},{"@type":"ListItem","position":3,"name":"Wie Man Shentu (CTK) Kauft &#8211; Schritt-f\u00fcr-Schritt-Anleitung (2023)","item":"https:\/\/allin1bitcoins.com\/de\/crypto\/shentu\/"},{"@type":"ListItem","position":4,"name":"Wie Man Shentu (CTK) In Den Niederlanden Kauft"}]},{"@type":"WebSite","@id":"https:\/\/allin1bitcoins.com\/de\/#website","url":"https:\/\/allin1bitcoins.com\/de\/","name":"Allin1Bitcoins","description":"","publisher":{"@id":"https:\/\/allin1bitcoins.com\/de\/#organization"},"potentialAction":[{"@type":"SearchAction","target":{"@type":"EntryPoint","urlTemplate":"https:\/\/allin1bitcoins.com\/de\/?s={search_term_string}"},"query-input":"required name=search_term_string"}],"inLanguage":"de"},{"@type":"Organization","@id":"https:\/\/allin1bitcoins.com\/de\/#organization","name":"allin1bitcoins","url":"https:\/\/allin1bitcoins.com\/de\/","logo":{"@type":"ImageObject","inLanguage":"de","@id":"https:\/\/allin1bitcoins.com\/de\/#\/schema\/logo\/image\/","url":"https:\/\/allin1bitcoins.com\/wp-content\/uploads\/2019\/01\/logo-new.png","contentUrl":"https:\/\/allin1bitcoins.com\/wp-content\/uploads\/2019\/01\/logo-new.png","width":178,"height":71,"caption":"allin1bitcoins"},"image":{"@id":"https:\/\/allin1bitcoins.com\/de\/#\/schema\/logo\/image\/"}}]}},"_links":{"self":[{"href":"https:\/\/allin1bitcoins.com\/de\/wp-json\/wp\/v2\/pages\/21962"}],"collection":[{"href":"https:\/\/allin1bitcoins.com\/de\/wp-json\/wp\/v2\/pages"}],"about":[{"href":"https:\/\/allin1bitcoins.com\/de\/wp-json\/wp\/v2\/types\/page"}],"author":[{"embeddable":true,"href":"https:\/\/allin1bitcoins.com\/de\/wp-json\/wp\/v2\/users\/8"}],"replies":[{"embeddable":true,"href":"https:\/\/allin1bitcoins.com\/de\/wp-json\/wp\/v2\/comments?post=21962"}],"version-history":[{"count":1,"href":"https:\/\/allin1bitcoins.com\/de\/wp-json\/wp\/v2\/pages\/21962\/revisions"}],"predecessor-version":[{"id":21964,"href":"https:\/\/allin1bitcoins.com\/de\/wp-json\/wp\/v2\/pages\/21962\/revisions\/21964"}],"up":[{"embeddable":true,"href":"https:\/\/allin1bitcoins.com\/de\/wp-json\/wp\/v2\/pages\/21875"}],"wp:featuredmedia":[{"embeddable":true,"href":"https:\/\/allin1bitcoins.com\/de\/wp-json\/wp\/v2\/media\/14150"}],"wp:attachment":[{"href":"https:\/\/allin1bitcoins.com\/de\/wp-json\/wp\/v2\/media?parent=21962"}],"curies":[{"name":"wp","href":"https:\/\/api.w.org\/{rel}","templated":true}]}}