{"id":21998,"date":"2023-02-22T08:45:43","date_gmt":"2023-02-22T08:45:43","guid":{"rendered":"https:\/\/allin1bitcoins.com\/?page_id=21998"},"modified":"2023-02-22T08:45:47","modified_gmt":"2023-02-22T08:45:47","slug":"wadzpay-token","status":"publish","type":"page","link":"https:\/\/allin1bitcoins.com\/de\/crypto\/wadzpay-token\/","title":{"rendered":"Wie Man Wadzpay Token (WTK) Kauft &#8211; Schritt-f\u00fcr-Schritt-Anleitung 2023"},"content":{"rendered":"\n<p>Kaufen von Wadzpay Token Der Prozess des Kaufens von Wadzpay Token beinhaltet das Finden einer Kryptow\u00e4hrungsb\u00f6rse oder eines Brokers, die\/der den Token anbietet, und das Erstellen eines Kontos bei ihnen. Sobald Sie Ihr Konto verifiziert und Geld eingezahlt haben, k\u00f6nnen Sie \u00fcber die Plattform der B\u00f6rse oder des Brokers eine Bestellung zum Kauf von Wadzpay Token aufgeben.<\/p>\n\n\n\n<h2 class=\"wp-block-heading\">Einf\u00fchrung in Wadzpay Token <\/h2>\n\n\n\n<p>Wadzpay Token ist ein digitales Asset, das auf der Ethereum-Blockchain aufgebaut ist. Es ist daf\u00fcr konzipiert, als Zahlungsmittel innerhalb des Wadzpay-\u00d6kosystems verwendet zu werden, das eine dezentralisierte Plattform ist, die es Benutzern erm\u00f6glicht, Online-Zahlungen zu t\u00e4tigen, Verm\u00f6genswerte zu speichern und zu transferieren sowie Finanzdienstleistungen zu nutzen.<\/p>\n\n\n\n<h2 class=\"wp-block-heading\">\u00dcberblick \u00fcber den Prozess zum Kauf von Wadzpay Token <\/h2>\n\n\n\n<p><strong>Der Prozess zum Kauf von Wadzpay Token beinhaltet folgende Schritte:<\/strong><\/p>\n\n\n\n<ol><li><strong>Finden Sie eine Kryptow\u00e4hrungsb\u00f6rse oder einen Broker, die\/der Wadzpay Token anbietet:<\/strong> Es gibt einige B\u00f6rsen und Broker, die Wadzpay Token listen, aber die Verf\u00fcgbarkeit kann je nach Standort variieren. Vergleichen Sie Geb\u00fchren und Bewertungen, um die beste Option f\u00fcr Sie zu finden.<br><br><\/li><li><strong>Erstellen Sie ein Konto bei der B\u00f6rse oder dem Broker:<\/strong> Sie m\u00fcssen einige pers\u00f6nliche Informationen bereitstellen und einen Benutzernamen und ein Passwort erstellen, um ein Konto bei der B\u00f6rse oder dem Broker zu erstellen.<br><br><\/li><li><strong>Verifizieren Sie Ihr Konto:<\/strong> Einige B\u00f6rsen und Broker erfordern m\u00f6glicherweise, dass Sie Ihre Identit\u00e4t verifizieren, bevor Sie Wadzpay Token kaufen k\u00f6nnen. Dies kann das Hochladen einer Kopie Ihres amtlichen Ausweises oder anderer Dokumente beinhalten.<br><br><br><\/li><li><strong>Geld einzahlen:<\/strong> Sie m\u00fcssen Geld auf Ihr Konto einzahlen, um Wadzpay Token kaufen zu k\u00f6nnen. Dies kann in der Regel \u00fcber eine Bank\u00fcberweisung, Kredit- oder Debitkarte oder eine Zahlungsmethode wie Paypal oder Paysafecard erfolgen.<br><br><\/li><li><strong>Platzieren Sie Ihre Bestellung: <\/strong>Sie m\u00fcssen angeben, wie viel Wadzpay Token Sie kaufen m\u00f6chten und zu welchem Preis Sie bereit sind zu zahlen. Ihre Bestellung wird im Auftragsbuch der B\u00f6rse oder des Brokers platziert und mit der Bestellung eines Verk\u00e4ufers abgeglichen, wenn der Preis stimmt. Sie k\u00f6nnen den Status Ihrer Bestellung und den aktuellen Marktpreis auf der Plattform der B\u00f6rse oder des Brokers \u00fcberwachen.<br><br><\/li><li><strong>Ziehen Sie Ihre Wadzpay Token auf Ihre pers\u00f6nliche Brieftasche ab:<\/strong> Sobald Ihre Bestellung ausgef\u00fchrt und Ihre Wadzpay Token Ihrem Konto gutgeschrieben wurden, sollten Sie sie auf eine pers\u00f6nliche Brieftasche abheben, die Sie kontrollieren. Dies ist wichtig aus Sicherheitsgr\u00fcnden, da Sie Ihre Token sicher und gesch\u00fctzt aufbewahren k\u00f6nnen, anstatt sie auf der Plattform der B\u00f6rse oder des Brokers zu belassen.<\/li><\/ol>\n\n\n\n<figure class=\"wp-block-embed is-type-video is-provider-youtube wp-block-embed-youtube wp-embed-aspect-16-9 wp-has-aspect-ratio\"><div class=\"wp-block-embed__wrapper\">\n<iframe title=\"Wadzpay a crypto like no other life changing gains will be made\" width=\"800\" height=\"450\" src=\"https:\/\/www.youtube.com\/embed\/FQ-gYoXctjo?feature=oembed\" frameborder=\"0\" allow=\"accelerometer; autoplay; clipboard-write; encrypted-media; gyroscope; picture-in-picture; web-share\" allowfullscreen><\/iframe>\n<\/div><\/figure>\n\n\n\n<h2 class=\"wp-block-heading\">Vorteile des Kaufs von Wadzpay Token<\/h2>\n\n\n\n<p><strong>Es gibt mehrere potenzielle Vorteile beim Kauf von Wadzpay Token, einschlie\u00dflich:<\/strong><\/p>\n\n\n\n<ul><li><strong>Verwendung von Wadzpay Token als Zahlungsmittel innerhalb des Wadzpay-\u00d6kosystems:<\/strong> Durch das Halten von Wadzpay Token k\u00f6nnen Sie sie verwenden, um Online-Zahlungen zu t\u00e4tigen, Verm\u00f6genswerte zu \u00fcbertragen und Finanzdienstleistungen innerhalb der Wadzpay-Plattform zu nutzen.<br><br><\/li><li><strong>Potenzial f\u00fcr Preisanstieg:<\/strong> Wenn die Nachfrage nach Wadzpay Token steigt, kann der Preis steigen, was zu einem Gewinn f\u00fcr Token-Inhaber f\u00fchren k\u00f6nnte. Es ist jedoch wichtig zu beachten, dass der Preis von Kryptow\u00e4hrungen sehr volatil ist und erheblich schwanken kann. Es ist daher wichtig, die Risiken sorgf\u00e4ltig zu pr\u00fcfen, bevor Sie Investitionsentscheidungen treffen.<br><br><\/li><li><strong>Diversifikation Ihres Portfolios:<\/strong> Durch das Halten verschiedener Verm\u00f6genswerte k\u00f6nnen Sie Ihr Risiko verteilen und potenziell die Gesamtvolatilit\u00e4t Ihres Portfolios reduzieren.<\/li><\/ul>\n\n\n\n<h2 class=\"wp-block-heading\">Schlussfolgerung<\/h2>\n\n\n\n<p>Der Kauf von Wadzpay Token erfordert das Auffinden einer Kryptow\u00e4hrungsb\u00f6rse oder eines Brokers, die den Token anbieten, das Erstellen eines Kontos bei ihnen, die \u00dcberpr\u00fcfung Ihrer Identit\u00e4t, die Einzahlung von Geldern, das Platzieren einer Bestellung und das Abheben Ihrer Token auf eine pers\u00f6nliche Brieftasche. Es gibt mehrere potenzielle Vorteile beim Kauf von Wadzpay Token, wie z. B. die Verwendung als Zahlungsmittel innerhalb des Wadzpay-\u00d6kosystems, das Potenzial f\u00fcr Preisanstieg und die M\u00f6glichkeit, Ihr Portfolio zu diversifizieren. Es ist jedoch wichtig, die damit verbundenen Risiken sorgf\u00e4ltig zu pr\u00fcfen, bevor Sie Investitionsentscheidungen treffen.<\/p>\n\n\n\n<!-- Page-list plugin v.5.9 wordpress.org\/plugins\/page-list\/ -->\n<ul class=\"page-list subpages-page-list \">\n<li class=\"page_item page-item-22064\"><a href=\"https:\/\/allin1bitcoins.com\/de\/crypto\/wadzpay-token\/credit-card\/\">Wie Man Den Wadzpay Token (WTK) Mit Einer Kreditkarte Kauft<\/a><\/li>\n<li class=\"page_item page-item-22042\"><a href=\"https:\/\/allin1bitcoins.com\/de\/crypto\/wadzpay-token\/google-pay\/\">Wie Man Den Wadzpay Token (WTK) Mit Google Pay Kauft<\/a><\/li>\n<li class=\"page_item page-item-22034\"><a href=\"https:\/\/allin1bitcoins.com\/de\/crypto\/wadzpay-token\/australia\/\">Wie Man Den Wadzpay-Token (WTK) In Australien Kauft<\/a><\/li>\n<li class=\"page_item page-item-22010\"><a href=\"https:\/\/allin1bitcoins.com\/de\/crypto\/wadzpay-token\/united-kingdom\/\">Wie Man Wadzpay Token (WTK) Im Vereinigten K\u00f6nigreich Kauft<\/a><\/li>\n<li class=\"page_item page-item-22022\"><a href=\"https:\/\/allin1bitcoins.com\/de\/crypto\/wadzpay-token\/united-states\/\">Wie Man Wadzpay Token (WTK) In Den USA Kauft<\/a><\/li>\n<li class=\"page_item page-item-22078\"><a href=\"https:\/\/allin1bitcoins.com\/de\/crypto\/wadzpay-token\/germany\/\">Wie Man Wadzpay Token (WTK) In Deutschland Kauft<\/a><\/li>\n<li class=\"page_item page-item-22086\"><a href=\"https:\/\/allin1bitcoins.com\/de\/crypto\/wadzpay-token\/paypal\/\">Wie Man Wadzpay Token (WTK) Mit PayPal auft<\/a><\/li>\n<li class=\"page_item page-item-22055\"><a href=\"https:\/\/allin1bitcoins.com\/de\/crypto\/wadzpay-token\/debit-card\/\">Wie Man Wadzpay-Token (WTK) Mit Einer Debitkarte Kauft<\/a><\/li>\n\n<\/ul>\n","protected":false},"excerpt":{"rendered":"<p>Kaufen von Wadzpay Token Der Prozess des Kaufens von Wadzpay Token beinhaltet das Finden einer Kryptow\u00e4hrungsb\u00f6rse oder eines Brokers, die\/der den Token anbietet, und das Erstellen eines Kontos bei ihnen. Sobald Sie Ihr Konto verifiziert und Geld eingezahlt haben, k\u00f6nnen Sie \u00fcber die Plattform der B\u00f6rse oder des Brokers eine Bestellung zum Kauf von Wadzpay&#8230;<\/p>\n","protected":false},"author":8,"featured_media":15072,"parent":19852,"menu_order":0,"comment_status":"closed","ping_status":"closed","template":"","meta":{"cybocfi_hide_featured_image":"","footnotes":""},"acf":[],"yoast_head":"<!-- This site is optimized with the Yoast SEO plugin v21.7 - https:\/\/yoast.com\/wordpress\/plugins\/seo\/ -->\n<title>Wie Man Wadzpay Token (WTK) Kauft - Schritt-f\u00fcr-Schritt-Anleitung<\/title>\n<meta name=\"description\" content=\"Der Prozess des Kaufens von Wadzpay Token umfasst das Finden einer Kryptow\u00e4hrungsb\u00f6rse oder eines Brokers, die\/der den Token anbietet.\" \/>\n<meta name=\"robots\" content=\"index, follow, max-snippet:-1, max-image-preview:large, max-video-preview:-1\" \/>\n<link rel=\"canonical\" href=\"https:\/\/allin1bitcoins.com\/de\/crypto\/wadzpay-token\/\" \/>\n<meta property=\"og:locale\" content=\"de_DE\" \/>\n<meta property=\"og:type\" content=\"article\" \/>\n<meta property=\"og:title\" content=\"Wie Man Wadzpay Token (WTK) Kauft - Schritt-f\u00fcr-Schritt-Anleitung\" \/>\n<meta property=\"og:description\" content=\"Der Prozess des Kaufens von Wadzpay Token umfasst das Finden einer Kryptow\u00e4hrungsb\u00f6rse oder eines Brokers, die\/der den Token anbietet.\" \/>\n<meta property=\"og:url\" content=\"https:\/\/allin1bitcoins.com\/de\/crypto\/wadzpay-token\/\" \/>\n<meta property=\"og:site_name\" content=\"Allin1Bitcoins\" \/>\n<meta property=\"article:modified_time\" content=\"2023-02-22T08:45:47+00:00\" \/>\n<meta property=\"og:image\" content=\"https:\/\/allin1bitcoins.com\/wp-content\/uploads\/2023\/01\/General-Trading.jpg\" \/>\n\t<meta property=\"og:image:width\" content=\"1920\" \/>\n\t<meta property=\"og:image:height\" content=\"1440\" \/>\n\t<meta property=\"og:image:type\" content=\"image\/jpeg\" \/>\n<meta name=\"twitter:card\" content=\"summary_large_image\" \/>\n<meta name=\"twitter:label1\" content=\"Est. reading time\" \/>\n\t<meta name=\"twitter:data1\" content=\"3 minutes\" \/>\n<!-- \/ Yoast SEO plugin. -->","yoast_head_json":{"title":"Wie Man Wadzpay Token (WTK) Kauft - Schritt-f\u00fcr-Schritt-Anleitung","description":"Der Prozess des Kaufens von Wadzpay Token umfasst das Finden einer Kryptow\u00e4hrungsb\u00f6rse oder eines Brokers, die\/der den Token anbietet.","robots":{"index":"index","follow":"follow","max-snippet":"max-snippet:-1","max-image-preview":"max-image-preview:large","max-video-preview":"max-video-preview:-1"},"canonical":"https:\/\/allin1bitcoins.com\/de\/crypto\/wadzpay-token\/","og_locale":"de_DE","og_type":"article","og_title":"Wie Man Wadzpay Token (WTK) Kauft - Schritt-f\u00fcr-Schritt-Anleitung","og_description":"Der Prozess des Kaufens von Wadzpay Token umfasst das Finden einer Kryptow\u00e4hrungsb\u00f6rse oder eines Brokers, die\/der den Token anbietet.","og_url":"https:\/\/allin1bitcoins.com\/de\/crypto\/wadzpay-token\/","og_site_name":"Allin1Bitcoins","article_modified_time":"2023-02-22T08:45:47+00:00","og_image":[{"width":1920,"height":1440,"url":"https:\/\/allin1bitcoins.com\/wp-content\/uploads\/2023\/01\/General-Trading.jpg","type":"image\/jpeg"}],"twitter_card":"summary_large_image","twitter_misc":{"Est. reading time":"3 minutes"},"schema":{"@context":"https:\/\/schema.org","@graph":[{"@type":"WebPage","@id":"https:\/\/allin1bitcoins.com\/de\/crypto\/wadzpay-token\/","url":"https:\/\/allin1bitcoins.com\/de\/crypto\/wadzpay-token\/","name":"Wie Man Wadzpay Token (WTK) Kauft - Schritt-f\u00fcr-Schritt-Anleitung","isPartOf":{"@id":"https:\/\/allin1bitcoins.com\/de\/#website"},"datePublished":"2023-02-22T08:45:43+00:00","dateModified":"2023-02-22T08:45:47+00:00","description":"Der Prozess des Kaufens von Wadzpay Token umfasst das Finden einer Kryptow\u00e4hrungsb\u00f6rse oder eines Brokers, die\/der den Token anbietet.","breadcrumb":{"@id":"https:\/\/allin1bitcoins.com\/de\/crypto\/wadzpay-token\/#breadcrumb"},"inLanguage":"de","potentialAction":[{"@type":"ReadAction","target":["https:\/\/allin1bitcoins.com\/de\/crypto\/wadzpay-token\/"]}]},{"@type":"BreadcrumbList","@id":"https:\/\/allin1bitcoins.com\/de\/crypto\/wadzpay-token\/#breadcrumb","itemListElement":[{"@type":"ListItem","position":1,"name":"Home","item":"https:\/\/allin1bitcoins.com\/de\/"},{"@type":"ListItem","position":2,"name":"Krypto","item":"https:\/\/allin1bitcoins.com\/de\/crypto\/"},{"@type":"ListItem","position":3,"name":"Wie Man Wadzpay Token (WTK) Kauft &#8211; Schritt-f\u00fcr-Schritt-Anleitung 2023"}]},{"@type":"WebSite","@id":"https:\/\/allin1bitcoins.com\/de\/#website","url":"https:\/\/allin1bitcoins.com\/de\/","name":"Allin1Bitcoins","description":"","publisher":{"@id":"https:\/\/allin1bitcoins.com\/de\/#organization"},"potentialAction":[{"@type":"SearchAction","target":{"@type":"EntryPoint","urlTemplate":"https:\/\/allin1bitcoins.com\/de\/?s={search_term_string}"},"query-input":"required name=search_term_string"}],"inLanguage":"de"},{"@type":"Organization","@id":"https:\/\/allin1bitcoins.com\/de\/#organization","name":"allin1bitcoins","url":"https:\/\/allin1bitcoins.com\/de\/","logo":{"@type":"ImageObject","inLanguage":"de","@id":"https:\/\/allin1bitcoins.com\/de\/#\/schema\/logo\/image\/","url":"https:\/\/allin1bitcoins.com\/wp-content\/uploads\/2019\/01\/logo-new.png","contentUrl":"https:\/\/allin1bitcoins.com\/wp-content\/uploads\/2019\/01\/logo-new.png","width":178,"height":71,"caption":"allin1bitcoins"},"image":{"@id":"https:\/\/allin1bitcoins.com\/de\/#\/schema\/logo\/image\/"}}]}},"_links":{"self":[{"href":"https:\/\/allin1bitcoins.com\/de\/wp-json\/wp\/v2\/pages\/21998"}],"collection":[{"href":"https:\/\/allin1bitcoins.com\/de\/wp-json\/wp\/v2\/pages"}],"about":[{"href":"https:\/\/allin1bitcoins.com\/de\/wp-json\/wp\/v2\/types\/page"}],"author":[{"embeddable":true,"href":"https:\/\/allin1bitcoins.com\/de\/wp-json\/wp\/v2\/users\/8"}],"replies":[{"embeddable":true,"href":"https:\/\/allin1bitcoins.com\/de\/wp-json\/wp\/v2\/comments?post=21998"}],"version-history":[{"count":1,"href":"https:\/\/allin1bitcoins.com\/de\/wp-json\/wp\/v2\/pages\/21998\/revisions"}],"predecessor-version":[{"id":21999,"href":"https:\/\/allin1bitcoins.com\/de\/wp-json\/wp\/v2\/pages\/21998\/revisions\/21999"}],"up":[{"embeddable":true,"href":"https:\/\/allin1bitcoins.com\/de\/wp-json\/wp\/v2\/pages\/19852"}],"wp:featuredmedia":[{"embeddable":true,"href":"https:\/\/allin1bitcoins.com\/de\/wp-json\/wp\/v2\/media\/15072"}],"wp:attachment":[{"href":"https:\/\/allin1bitcoins.com\/de\/wp-json\/wp\/v2\/media?parent=21998"}],"curies":[{"name":"wp","href":"https:\/\/api.w.org\/{rel}","templated":true}]}}