{"id":22086,"date":"2023-02-22T22:09:19","date_gmt":"2023-02-22T22:09:19","guid":{"rendered":"https:\/\/allin1bitcoins.com\/?page_id=22086"},"modified":"2023-02-22T22:09:21","modified_gmt":"2023-02-22T22:09:21","slug":"paypal","status":"publish","type":"page","link":"https:\/\/allin1bitcoins.com\/de\/crypto\/wadzpay-token\/paypal\/","title":{"rendered":"Wie Man Wadzpay Token (WTK) Mit PayPal auft"},"content":{"rendered":"\n<h2 class=\"wp-block-heading\">Kurze Antwort: Sie k\u00f6nnen Wadzpay Token mit PayPal kaufen.<\/h2>\n\n\n\n<p>Um Wadzpay Token mit PayPal zu kaufen, m\u00fcssen Sie eine Kryptow\u00e4hrungsb\u00f6rse oder einen Broker finden, der Wadzpay Token anbietet und PayPal als Zahlungsoption akzeptiert. Als n\u00e4chstes m\u00fcssen Sie ein Konto registrieren, Ihre Identit\u00e4t best\u00e4tigen und eine PayPal-Einzahlung vornehmen. Eine pers\u00f6nliche Wallet wird dann die Wadzpay Token erhalten, die Sie zuvor bestellt haben.<\/p>\n\n\n\n<h2 class=\"wp-block-heading\">\u00dcberblick \u00fcber den Wadzpay Token<\/h2>\n\n\n\n<p>Das Wadzpay-\u00d6kosystem, bestehend aus einem Zahlungsgateway, einem Marktplatz und anderen Finanzdienstleistungen, nutzt den Wadzpay Token als digitales Asset. Auf der Ethereum-Blockchain aufgebaut, verwendet Wadzpay Token Smart Contracts, um Transaktionen zu beschleunigen und eine sichere, dezentralisierte Plattform anzubieten.<\/p>\n\n\n\n<h2 class=\"wp-block-heading\">Warum Sie Wadzpay Token \u00fcber PayPal kaufen m\u00f6chten<\/h2>\n\n\n\n<p>Sie m\u00f6chten m\u00f6glicherweise Wadzpay Token mit PayPal kaufen aus mehreren Gr\u00fcnden, darunter:<\/p>\n\n\n\n<ul><li><strong>Bequemlichkeit:<\/strong> Sie k\u00f6nnen bequem und sicher online mit PayPal bezahlen, einer h\u00e4ufig verwendeten Zahlungsoption.<br><br><\/li><li><strong>Schnelligkeit:<\/strong> Eine Einzahlung mit PayPal dauert in der Regel weniger Zeit als eine \u00dcberweisung oder Kreditkarte, sodass Sie schneller mit dem Handel von Wadzpay Token beginnen k\u00f6nnen.<br><br><\/li><li><strong>Sicherheit: <\/strong>PayPal bietet robuste Sicherheitsma\u00dfnahmen, um Ihre Finanzdaten zu sch\u00fctzen und Betrug zu verhindern.<\/li><\/ul>\n\n\n\n<figure class=\"wp-block-embed is-type-video is-provider-youtube wp-block-embed-youtube wp-embed-aspect-16-9 wp-has-aspect-ratio\"><div class=\"wp-block-embed__wrapper\">\n<iframe title=\"UNDERVALUED GEM - WADZ PAY TO 100X YOUR MONEY IN 2023?\" width=\"800\" height=\"450\" src=\"https:\/\/www.youtube.com\/embed\/EnWUZ4xajfg?feature=oembed\" frameborder=\"0\" allow=\"accelerometer; autoplay; clipboard-write; encrypted-media; gyroscope; picture-in-picture; web-share\" allowfullscreen><\/iframe>\n<\/div><\/figure>\n\n\n\n<h2 class=\"wp-block-heading\">Wie man Wadzpay Token im Detail mit PayPal kauft<\/h2>\n\n\n\n<ol><li>Finden Sie eine Kryptow\u00e4hrungs-B\u00f6rse oder einen Broker, die\/der Wadzpay Token anbietet und PayPal akzeptiert: Wenn Sie Wadzpay Token mit PayPal kaufen m\u00f6chten, akzeptieren viele B\u00f6rsen und Broker diese Zahlungsoption. Beliebte Optionen sind Paxful, Coinbase und eToro.<br><br><\/li><li>Erstellen Sie ein Konto: Sobald Sie eine B\u00f6rse oder einen Broker gefunden haben, der Ihren Bed\u00fcrfnissen entspricht, m\u00fcssen Sie ein Konto erstellen, indem Sie einige pers\u00f6nliche Daten wie Ihren Namen, Ihre E-Mail-Adresse und Ihre Kontaktinformationen eingeben. Es kann auch sein, dass Sie eine Kopie eines von der Regierung ausgestellten Ausweises oder anderer Dokumente vorlegen m\u00fcssen, um Ihre Identit\u00e4t zu best\u00e4tigen.<br><br><\/li><li>Zahlen Sie Geld mit PayPal ein: Nachdem Sie Ihr Konto erstellt haben, m\u00fcssen Sie Geld mit PayPal einzahlen. Sie m\u00fcssen die Schaltfl\u00e4che &#8220;Einzahlung&#8221; oder &#8220;Fonds&#8221; ausw\u00e4hlen und dann den Anweisungen auf dem Bildschirm folgen.<br><br><\/li><li>Nachdem Ihr Geld auf Ihrem Konto gutgeschrieben wurde, k\u00f6nnen Sie eine Bestellung zum Kauf von Wadzpay Token aufgeben. Der Vorgang variiert je nach B\u00f6rse oder Broker, aber im Allgemeinen m\u00fcssen Sie die Menge an Wadzpay Token angeben, die Sie kaufen m\u00f6chten, den Preis, den Sie bereit sind zu zahlen, und die Zahlungsmethode (PayPal).<br><br><\/li><li>Nachdem Ihre Bestellung ausgef\u00fchrt wurde und Ihre Wadzpay Token Ihrem Konto gutgeschrieben wurden, sollten Sie sie auf eine private Wallet abheben, die Sie kontrollieren. Das Sichern Ihrer Token an einem sicheren Ort anstatt sie auf einer B\u00f6rse oder einem Broker-Plattform zu lassen, ist aus Sicherheitsgr\u00fcnden unerl\u00e4sslich.<\/li><\/ol>\n\n\n\n<h2 class=\"wp-block-heading\">Nachteile bei der Verwendung von PayPal zum Kauf von Wadzpay Token<\/h2>\n\n\n\n<p><strong>Der Kauf von Wadzpay Token mit PayPal kann einige Nachteile haben, wie zum Beispiel:<\/strong><\/p>\n\n\n\n<ul><li><strong>Eingeschr\u00e4nkte Verf\u00fcgbarkeit: <\/strong>Sie haben m\u00f6glicherweise weniger Alternativen, da nicht alle B\u00f6rsen und Broker PayPal als Zahlungsmethode akzeptieren.<br><br><\/li><li><strong>Geb\u00fchren: <\/strong>Jede Transaktion mit PayPal ist mit einer Geb\u00fchr verbunden, die Ihre Gewinne reduzieren oder den Preis, den Sie f\u00fcr den Kauf von Wadzpay Token zahlen, erh\u00f6hen kann.<br><br><\/li><li><strong>Volatilit\u00e4t:<\/strong> Der Preis von Kryptow\u00e4hrungen ist \u00e4u\u00dferst volatil, was bedeutet, dass er sich in kurzer Zeit erheblich \u00e4ndern kann. Dies macht es schwierig, den Wert Ihrer Wadzpay Token vorherzusagen und erh\u00f6ht das Risiko, sie zu halten.<\/li><\/ul>\n\n\n\n<h2 class=\"wp-block-heading\">Schlussfolgerung<\/h2>\n\n\n\n<p>Der Kauf von Wadzpay Token mit PayPal ist eine bequeme und sichere M\u00f6glichkeit, in den Kryptow\u00e4hrungsmarkt einzusteigen und die Finanzdienstleistungen von Wadzpay zu nutzen. Es ist jedoch wichtig, die damit verbundenen Risiken und Geb\u00fchren sorgf\u00e4ltig zu pr\u00fcfen und Ihre Due Diligence durchzuf\u00fchren, bevor Sie eine B\u00f6rse oder einen Broker w\u00e4hlen. Wie bei jeder Investition ist es wichtig, Ihr Portfolio zu diversifizieren und nicht alle Eier in einen Korb zu legen.<\/p>\n\n\n\n<!-- Page-list plugin v.5.9 wordpress.org\/plugins\/page-list\/ -->\n<ul class=\"page-list siblings-page-list \">\n<li class=\"page_item page-item-22064\"><a href=\"https:\/\/allin1bitcoins.com\/de\/crypto\/wadzpay-token\/credit-card\/\">Wie Man Den Wadzpay Token (WTK) Mit Einer Kreditkarte Kauft<\/a><\/li>\n<li class=\"page_item page-item-22042\"><a href=\"https:\/\/allin1bitcoins.com\/de\/crypto\/wadzpay-token\/google-pay\/\">Wie Man Den Wadzpay Token (WTK) Mit Google Pay Kauft<\/a><\/li>\n<li class=\"page_item page-item-22034\"><a href=\"https:\/\/allin1bitcoins.com\/de\/crypto\/wadzpay-token\/australia\/\">Wie Man Den Wadzpay-Token (WTK) In Australien Kauft<\/a><\/li>\n<li class=\"page_item page-item-22010\"><a href=\"https:\/\/allin1bitcoins.com\/de\/crypto\/wadzpay-token\/united-kingdom\/\">Wie Man Wadzpay Token (WTK) Im Vereinigten K\u00f6nigreich Kauft<\/a><\/li>\n<li class=\"page_item page-item-22022\"><a href=\"https:\/\/allin1bitcoins.com\/de\/crypto\/wadzpay-token\/united-states\/\">Wie Man Wadzpay Token (WTK) In Den USA Kauft<\/a><\/li>\n<li class=\"page_item page-item-22078\"><a href=\"https:\/\/allin1bitcoins.com\/de\/crypto\/wadzpay-token\/germany\/\">Wie Man Wadzpay Token (WTK) In Deutschland Kauft<\/a><\/li>\n<li class=\"page_item page-item-22086\"><a href=\"https:\/\/allin1bitcoins.com\/de\/crypto\/wadzpay-token\/paypal\/\">Wie Man Wadzpay Token (WTK) Mit PayPal auft<\/a><\/li>\n<li class=\"page_item page-item-22055\"><a href=\"https:\/\/allin1bitcoins.com\/de\/crypto\/wadzpay-token\/debit-card\/\">Wie Man Wadzpay-Token (WTK) Mit Einer Debitkarte Kauft<\/a><\/li>\n\n<\/ul>\n","protected":false},"excerpt":{"rendered":"<p>Kurze Antwort: Sie k\u00f6nnen Wadzpay Token mit PayPal kaufen. Um Wadzpay Token mit PayPal zu kaufen, m\u00fcssen Sie eine Kryptow\u00e4hrungsb\u00f6rse oder einen Broker finden, der Wadzpay Token anbietet und PayPal als Zahlungsoption akzeptiert. Als n\u00e4chstes m\u00fcssen Sie ein Konto registrieren, Ihre Identit\u00e4t best\u00e4tigen und eine PayPal-Einzahlung vornehmen. Eine pers\u00f6nliche Wallet wird dann die Wadzpay Token&#8230;<\/p>\n","protected":false},"author":8,"featured_media":15129,"parent":21998,"menu_order":0,"comment_status":"closed","ping_status":"closed","template":"","meta":{"cybocfi_hide_featured_image":"","footnotes":""},"acf":[],"yoast_head":"<!-- This site is optimized with the Yoast SEO plugin v21.7 - https:\/\/yoast.com\/wordpress\/plugins\/seo\/ -->\n<title>Wie Man Wadzpay Token (WTK) Mit PayPal Kauft<\/title>\n<meta name=\"description\" content=\"Sie m\u00fcssen eine Krypto-B\u00f6rse oder einen Broker finden, der Wadzpay anbietet und PayPal als Zahlungsoption akzeptiert.\" \/>\n<meta name=\"robots\" content=\"index, follow, max-snippet:-1, max-image-preview:large, max-video-preview:-1\" \/>\n<link rel=\"canonical\" href=\"https:\/\/allin1bitcoins.com\/de\/crypto\/wadzpay-token\/paypal\/\" \/>\n<meta property=\"og:locale\" content=\"de_DE\" \/>\n<meta property=\"og:type\" content=\"article\" \/>\n<meta property=\"og:title\" content=\"Wie Man Wadzpay Token (WTK) Mit PayPal Kauft\" \/>\n<meta property=\"og:description\" content=\"Sie m\u00fcssen eine Krypto-B\u00f6rse oder einen Broker finden, der Wadzpay anbietet und PayPal als Zahlungsoption akzeptiert.\" \/>\n<meta property=\"og:url\" content=\"https:\/\/allin1bitcoins.com\/de\/crypto\/wadzpay-token\/paypal\/\" \/>\n<meta property=\"og:site_name\" content=\"Allin1Bitcoins\" \/>\n<meta property=\"article:modified_time\" content=\"2023-02-22T22:09:21+00:00\" \/>\n<meta property=\"og:image\" content=\"https:\/\/allin1bitcoins.com\/wp-content\/uploads\/2023\/01\/denise-chan-i-EZGbJOMKQ-unsplash.jpg\" \/>\n\t<meta property=\"og:image:width\" content=\"640\" \/>\n\t<meta property=\"og:image:height\" content=\"480\" \/>\n\t<meta property=\"og:image:type\" content=\"image\/jpeg\" \/>\n<meta name=\"twitter:card\" content=\"summary_large_image\" \/>\n<meta name=\"twitter:label1\" content=\"Est. reading time\" \/>\n\t<meta name=\"twitter:data1\" content=\"3 minutes\" \/>\n<!-- \/ Yoast SEO plugin. -->","yoast_head_json":{"title":"Wie Man Wadzpay Token (WTK) Mit PayPal Kauft","description":"Sie m\u00fcssen eine Krypto-B\u00f6rse oder einen Broker finden, der Wadzpay anbietet und PayPal als Zahlungsoption akzeptiert.","robots":{"index":"index","follow":"follow","max-snippet":"max-snippet:-1","max-image-preview":"max-image-preview:large","max-video-preview":"max-video-preview:-1"},"canonical":"https:\/\/allin1bitcoins.com\/de\/crypto\/wadzpay-token\/paypal\/","og_locale":"de_DE","og_type":"article","og_title":"Wie Man Wadzpay Token (WTK) Mit PayPal Kauft","og_description":"Sie m\u00fcssen eine Krypto-B\u00f6rse oder einen Broker finden, der Wadzpay anbietet und PayPal als Zahlungsoption akzeptiert.","og_url":"https:\/\/allin1bitcoins.com\/de\/crypto\/wadzpay-token\/paypal\/","og_site_name":"Allin1Bitcoins","article_modified_time":"2023-02-22T22:09:21+00:00","og_image":[{"width":640,"height":480,"url":"https:\/\/allin1bitcoins.com\/wp-content\/uploads\/2023\/01\/denise-chan-i-EZGbJOMKQ-unsplash.jpg","type":"image\/jpeg"}],"twitter_card":"summary_large_image","twitter_misc":{"Est. reading time":"3 minutes"},"schema":{"@context":"https:\/\/schema.org","@graph":[{"@type":"WebPage","@id":"https:\/\/allin1bitcoins.com\/de\/crypto\/wadzpay-token\/paypal\/","url":"https:\/\/allin1bitcoins.com\/de\/crypto\/wadzpay-token\/paypal\/","name":"Wie Man Wadzpay Token (WTK) Mit PayPal Kauft","isPartOf":{"@id":"https:\/\/allin1bitcoins.com\/de\/#website"},"datePublished":"2023-02-22T22:09:19+00:00","dateModified":"2023-02-22T22:09:21+00:00","description":"Sie m\u00fcssen eine Krypto-B\u00f6rse oder einen Broker finden, der Wadzpay anbietet und PayPal als Zahlungsoption akzeptiert.","breadcrumb":{"@id":"https:\/\/allin1bitcoins.com\/de\/crypto\/wadzpay-token\/paypal\/#breadcrumb"},"inLanguage":"de","potentialAction":[{"@type":"ReadAction","target":["https:\/\/allin1bitcoins.com\/de\/crypto\/wadzpay-token\/paypal\/"]}]},{"@type":"BreadcrumbList","@id":"https:\/\/allin1bitcoins.com\/de\/crypto\/wadzpay-token\/paypal\/#breadcrumb","itemListElement":[{"@type":"ListItem","position":1,"name":"Home","item":"https:\/\/allin1bitcoins.com\/de\/"},{"@type":"ListItem","position":2,"name":"Krypto","item":"https:\/\/allin1bitcoins.com\/de\/crypto\/"},{"@type":"ListItem","position":3,"name":"Wie Man Wadzpay Token (WTK) Kauft &#8211; Schritt-f\u00fcr-Schritt-Anleitung 2023","item":"https:\/\/allin1bitcoins.com\/de\/crypto\/wadzpay-token\/"},{"@type":"ListItem","position":4,"name":"Wie Man Wadzpay Token (WTK) Mit PayPal auft"}]},{"@type":"WebSite","@id":"https:\/\/allin1bitcoins.com\/de\/#website","url":"https:\/\/allin1bitcoins.com\/de\/","name":"Allin1Bitcoins","description":"","publisher":{"@id":"https:\/\/allin1bitcoins.com\/de\/#organization"},"potentialAction":[{"@type":"SearchAction","target":{"@type":"EntryPoint","urlTemplate":"https:\/\/allin1bitcoins.com\/de\/?s={search_term_string}"},"query-input":"required name=search_term_string"}],"inLanguage":"de"},{"@type":"Organization","@id":"https:\/\/allin1bitcoins.com\/de\/#organization","name":"allin1bitcoins","url":"https:\/\/allin1bitcoins.com\/de\/","logo":{"@type":"ImageObject","inLanguage":"de","@id":"https:\/\/allin1bitcoins.com\/de\/#\/schema\/logo\/image\/","url":"https:\/\/allin1bitcoins.com\/wp-content\/uploads\/2019\/01\/logo-new.png","contentUrl":"https:\/\/allin1bitcoins.com\/wp-content\/uploads\/2019\/01\/logo-new.png","width":178,"height":71,"caption":"allin1bitcoins"},"image":{"@id":"https:\/\/allin1bitcoins.com\/de\/#\/schema\/logo\/image\/"}}]}},"_links":{"self":[{"href":"https:\/\/allin1bitcoins.com\/de\/wp-json\/wp\/v2\/pages\/22086"}],"collection":[{"href":"https:\/\/allin1bitcoins.com\/de\/wp-json\/wp\/v2\/pages"}],"about":[{"href":"https:\/\/allin1bitcoins.com\/de\/wp-json\/wp\/v2\/types\/page"}],"author":[{"embeddable":true,"href":"https:\/\/allin1bitcoins.com\/de\/wp-json\/wp\/v2\/users\/8"}],"replies":[{"embeddable":true,"href":"https:\/\/allin1bitcoins.com\/de\/wp-json\/wp\/v2\/comments?post=22086"}],"version-history":[{"count":1,"href":"https:\/\/allin1bitcoins.com\/de\/wp-json\/wp\/v2\/pages\/22086\/revisions"}],"predecessor-version":[{"id":22087,"href":"https:\/\/allin1bitcoins.com\/de\/wp-json\/wp\/v2\/pages\/22086\/revisions\/22087"}],"up":[{"embeddable":true,"href":"https:\/\/allin1bitcoins.com\/de\/wp-json\/wp\/v2\/pages\/21998"}],"wp:featuredmedia":[{"embeddable":true,"href":"https:\/\/allin1bitcoins.com\/de\/wp-json\/wp\/v2\/media\/15129"}],"wp:attachment":[{"href":"https:\/\/allin1bitcoins.com\/de\/wp-json\/wp\/v2\/media?parent=22086"}],"curies":[{"name":"wp","href":"https:\/\/api.w.org\/{rel}","templated":true}]}}