{"id":22120,"date":"2023-02-24T09:11:57","date_gmt":"2023-02-24T09:11:57","guid":{"rendered":"https:\/\/allin1bitcoins.com\/?page_id=22120"},"modified":"2023-02-24T09:11:59","modified_gmt":"2023-02-24T09:11:59","slug":"united-states","status":"publish","type":"page","link":"https:\/\/allin1bitcoins.com\/de\/crypto\/lingose\/united-states\/","title":{"rendered":"Wie Man Lingose (LING) In Den USA Kauft"},"content":{"rendered":"\n<p>Die Prozedur zum Kauf von Lingose Coins in den Vereinigten Staaten ist dieselbe wie in anderen L\u00e4ndern. Der erste Schritt besteht darin, ein Konto bei einer vertrauensw\u00fcrdigen Kryptow\u00e4hrungsb\u00f6rse wie Binance oder Coinbase zu er\u00f6ffnen, die Lingose Coin unterst\u00fctzt und Zahlungen von Amerikanern akzeptiert. Sobald Sie ein Konto haben, k\u00f6nnen Sie Lingose Coin mit verschiedenen Zahlungsoptionen wie Kreditkarte, Debitkarte oder Bank\u00fcberweisung erwerben. Bevor Sie eine B\u00f6rse ausw\u00e4hlen, ist es wichtig, Ihre eigene Recherche und Due Diligence durchzuf\u00fchren. Es gibt mehrere Dinge zu ber\u00fccksichtigen, wie z.B. Kosten, Sicherheit und Reputation der B\u00f6rse.<\/p>\n\n\n\n<h2 class=\"wp-block-heading\">\u00dcbersicht \u00fcber Lingose Coins<\/h2>\n\n\n\n<p>Eine Kryptow\u00e4hrung namens Lingose Coin wurde 2018 entwickelt. Da sie auf der Ethereum-Blockchain aufgebaut ist, werden Smart Contracts verwendet, um Transaktionen zu beschleunigen und verschiedene Anwendungen zu erm\u00f6glichen. Lingose Coin ist sowohl als Wertspeicher als auch als Tauschmittel vorgesehen. Sie wurde so genannt, weil die Sch\u00f6pfer der M\u00fcnze eine fiktive Sprache namens Lingose erfunden haben.<\/p>\n\n\n\n<h2 class=\"wp-block-heading\">Vorteile des Kaufs von Lingose Coins<\/h2>\n\n\n\n<p><strong>Der Kauf von Lingose Coins hat mehrere Vorteile, darunter:<\/strong><\/p>\n\n\n\n<p>Lingose Coin ist dezentralisiert, was bedeutet, dass es nicht von einer einzigen Organisation wie einer Regierung oder einer Finanzinstitution betrieben wird. Benutzer k\u00f6nnen daher von mehr Sicherheit und Autonomie profitieren. Schnelle und kosteng\u00fcnstige Transaktionen: Da Lingose Coin-Transaktionen keine Broker oder andere teure Geb\u00fchren beinhalten, sind sie in der Regel schneller und g\u00fcnstiger als traditionelle Finanztransaktionen. Lingose Coin hat das Potenzial, im Laufe der Zeit an Wert zu gewinnen, \u00e4hnlich wie andere Kryptow\u00e4hrungen. F\u00fcr Personen, die die M\u00fcnze kaufen, kann dies zu einer potenziellen Rendite f\u00fchren.<\/p>\n\n\n\n<h2 class=\"wp-block-heading\">Ausf\u00fchrliche Anweisungen zum Kauf von Lingose Coins in den Vereinigten Staaten<\/h2>\n\n\n\n<ol><li>Die Wahl einer B\u00f6rse ist der erste Schritt zum Kauf von Lingose Coins in den Vereinigten Staaten. Die B\u00f6rse sollte die M\u00fcnze unterst\u00fctzen und amerikanische Dollar als Zahlung akzeptieren. Binance und Coinbase sind einige beliebte Optionen. Bevor Sie eine Entscheidung treffen, ist es wichtig, Ihre eigene Studie durchzuf\u00fchren und die Kosten, Sicherheit und Reputation verschiedener B\u00f6rsen zu bewerten.<br><br><\/li><li>Nachdem Sie sich f\u00fcr eine B\u00f6rse entschieden haben, m\u00fcssen Sie einige pers\u00f6nliche Daten wie Ihren Namen, Ihre E-Mail-Adresse und Ihre Telefonnummer eingeben. M\u00f6glicherweise ist auch eine Kopie Ihres von der Regierung ausgestellten Ausweises erforderlich, um Ihre Identit\u00e4t nachzuweisen.<br><br><\/li><li>Nachdem Sie ein Konto erstellt haben, m\u00fcssen Sie eine Zahlungsmethode wie eine Kreditkarte, Debitkarte oder Bankkonto verkn\u00fcpfen, um Ihre Eink\u00e4ufe zu bezahlen. Je nach B\u00f6rse, die Sie nutzen, k\u00f6nnen verschiedene Schritte erforderlich sein, um eine Zahlungsmethode zu verkn\u00fcpfen.<br><br><\/li><li>\u00dcber die Handelsplattform der B\u00f6rse k\u00f6nnen Sie nach dem Anschlie\u00dfen einer Zahlungsmethode Lingose Coin kaufen. Sie k\u00f6nnen angeben, wie viel Lingose-W\u00e4hrung Sie kaufen m\u00f6chten und in welchem Preisbereich Sie sich befinden. Sobald Ihre Bestellung mit einem Anbieter abgeglichen wurde, wird sie bearbeitet.<br><br><\/li><li>Nach dem Kauf von Lingose coin m\u00fcssen Sie es in einer sicheren Geldb\u00f6rse aufbewahren. Geldb\u00f6rsen gibt es in verschiedenen Formen, wie Software-Geldb\u00f6rsen, Hardware-Geldb\u00f6rsen und Papier-Geldb\u00f6rsen. Es ist wichtig, eine Geldb\u00f6rse auszuw\u00e4hlen, die Ihren Anforderungen entspricht und gleichzeitig sicher ist.<\/li><\/ol>\n\n\n\n<figure class=\"wp-block-embed is-type-video is-provider-youtube wp-block-embed-youtube wp-embed-aspect-16-9 wp-has-aspect-ratio\"><div class=\"wp-block-embed__wrapper\">\n<iframe title=\"Best Crypto Exchange For US Residents!! \ud83d\ude80\" width=\"800\" height=\"450\" src=\"https:\/\/www.youtube.com\/embed\/CbPwE6dSdHU?feature=oembed\" frameborder=\"0\" allow=\"accelerometer; autoplay; clipboard-write; encrypted-media; gyroscope; picture-in-picture; web-share\" allowfullscreen><\/iframe>\n<\/div><\/figure>\n\n\n\n<h2 class=\"wp-block-heading\">Steuern auf Lingose coin K\u00e4ufe in den USA<\/h2>\n\n\n\n<p>Die steuerliche Behandlung von Kryptow\u00e4hrungen in den USA, einschlie\u00dflich Lingose coin, ist kompliziert und variiert je nach Art des Kaufs und der Verwendung. Jeglicher Gewinn, den Sie durch den Verkauf von Lingose coin erzielen, w\u00e4re in der Regel der Kapitalertragsteuer unterworfen, wenn Sie es als Investition gekauft haben. Die H\u00f6he des Einkommens, das Sie verdienen, und die Dauer, die Sie ein Element behalten, bevor Sie es verkaufen, bestimmen den Steuersatz f\u00fcr Kapitalgewinne.<\/p>\n\n\n\n<p>Wenn Sie Lingose coin verwenden, um einen Kauf von Waren oder Dienstleistungen zu t\u00e4tigen, kann die Umsatzsteuer auf die Transaktion anfallen. Das Internal Revenue Service (IRS) hat Leitlinien zur steuerlichen Behandlung von Kryptow\u00e4hrungen ver\u00f6ffentlicht, obwohl zuk\u00fcnftige \u00c4nderungen der Steuerregeln m\u00f6glich sind. Um Ratschl\u00e4ge zu den steuerlichen Auswirkungen des Kaufs und der Verwendung von Lingose coin in den USA zu erhalten, ist es wichtig, mit einem Steuerexperten oder dem IRS zu sprechen.<\/p>\n\n\n\n<h2 class=\"wp-block-heading\">Schlussfolgerung<\/h2>\n\n\n\n<p>Durch eine Reihe von Online-B\u00f6rsen ist der Kauf von Lingose coin in den USA ein recht einfacher Vorgang. Es bietet die Vorteile der Dezentralisierung, schnellen und kosteng\u00fcnstigen Transaktionen sowie des Wertsch\u00e4tzungs-Potenzials. Bevor Sie Lingose coin kaufen, sollten Sie jedoch Ihre eigene Forschung und Due Diligence durchf\u00fchren, da der Kryptow\u00e4hrungsmarkt riskant und extrem volatil ist. Bevor Sie Investitionsentscheidungen treffen, ist es ratsam, mit einem Finanzberater oder Experten sowie einem Steuerexperten oder dem IRS zu sprechen.<\/p>\n\n\n\n<!-- Page-list plugin v.5.9 wordpress.org\/plugins\/page-list\/ -->\n<ul class=\"page-list siblings-page-list \">\n<li class=\"page_item page-item-22110\"><a href=\"https:\/\/allin1bitcoins.com\/de\/crypto\/lingose\/united-kingdom\/\">Wie Man Lingose (LING) Im Vereinigten K\u00f6nigreich Kauft<\/a><\/li>\n<li class=\"page_item page-item-22120\"><a href=\"https:\/\/allin1bitcoins.com\/de\/crypto\/lingose\/united-states\/\">Wie Man Lingose (LING) In Den USA Kauft<\/a><\/li>\n<li class=\"page_item page-item-22132\"><a href=\"https:\/\/allin1bitcoins.com\/de\/crypto\/lingose\/canada\/\">Wie Man Lingose (LING) In Kanada Kauft<\/a><\/li>\n<li class=\"page_item page-item-22140\"><a href=\"https:\/\/allin1bitcoins.com\/de\/crypto\/lingose\/apple-pay\/\">Wie Man Lingose (LING) Mit Apple Pay Kauft<\/a><\/li>\n<li class=\"page_item page-item-22159\"><a href=\"https:\/\/allin1bitcoins.com\/de\/crypto\/lingose\/debit-card\/\">Wie Man Lingose (LING) Mit Einer Debitkarte Kauft<\/a><\/li>\n<li class=\"page_item page-item-22175\"><a href=\"https:\/\/allin1bitcoins.com\/de\/crypto\/lingose\/credit-card\/\">Wie Man Lingose (LING) Mit Einer Kreditkarte Kauft<\/a><\/li>\n<li class=\"page_item page-item-22149\"><a href=\"https:\/\/allin1bitcoins.com\/de\/crypto\/lingose\/paypal\/\">Wie Man Lingose (LING) Mit PayPal Kauft<\/a><\/li>\n\n<\/ul>\n","protected":false},"excerpt":{"rendered":"<p>Die Prozedur zum Kauf von Lingose Coins in den Vereinigten Staaten ist dieselbe wie in anderen L\u00e4ndern. Der erste Schritt besteht darin, ein Konto bei einer vertrauensw\u00fcrdigen Kryptow\u00e4hrungsb\u00f6rse wie Binance oder Coinbase zu er\u00f6ffnen, die Lingose Coin unterst\u00fctzt und Zahlungen von Amerikanern akzeptiert. Sobald Sie ein Konto haben, k\u00f6nnen Sie Lingose Coin mit verschiedenen Zahlungsoptionen&#8230;<\/p>\n","protected":false},"author":8,"featured_media":16242,"parent":22101,"menu_order":0,"comment_status":"closed","ping_status":"closed","template":"","meta":{"cybocfi_hide_featured_image":"","footnotes":""},"acf":[],"yoast_head":"<!-- This site is optimized with the Yoast SEO plugin v21.7 - https:\/\/yoast.com\/wordpress\/plugins\/seo\/ -->\n<title>Wie Man Lingose (LING) In Den USA Kauft<\/title>\n<meta name=\"description\" content=\"Durch eine Reihe von Online-B\u00f6rsen ist der Kauf von Lingose coin in den USA eine ziemlich unkomplizierte Angelegenheit. Weiterlesen.\" \/>\n<meta name=\"robots\" content=\"index, follow, max-snippet:-1, max-image-preview:large, max-video-preview:-1\" \/>\n<link rel=\"canonical\" href=\"https:\/\/allin1bitcoins.com\/de\/crypto\/lingose\/united-states\/\" \/>\n<meta property=\"og:locale\" content=\"de_DE\" \/>\n<meta property=\"og:type\" content=\"article\" \/>\n<meta property=\"og:title\" content=\"Wie Man Lingose (LING) In Den USA Kauft\" \/>\n<meta property=\"og:description\" content=\"Durch eine Reihe von Online-B\u00f6rsen ist der Kauf von Lingose coin in den USA eine ziemlich unkomplizierte Angelegenheit. Weiterlesen.\" \/>\n<meta property=\"og:url\" content=\"https:\/\/allin1bitcoins.com\/de\/crypto\/lingose\/united-states\/\" \/>\n<meta property=\"og:site_name\" content=\"Allin1Bitcoins\" \/>\n<meta property=\"article:modified_time\" content=\"2023-02-24T09:11:59+00:00\" \/>\n<meta property=\"og:image\" content=\"https:\/\/allin1bitcoins.com\/wp-content\/uploads\/2023\/01\/samuel-branch-ZPVisr0s_hQ-unsplash.jpg\" \/>\n\t<meta property=\"og:image:width\" content=\"1920\" \/>\n\t<meta property=\"og:image:height\" content=\"1080\" \/>\n\t<meta property=\"og:image:type\" content=\"image\/jpeg\" \/>\n<meta name=\"twitter:card\" content=\"summary_large_image\" \/>\n<meta name=\"twitter:label1\" content=\"Est. reading time\" \/>\n\t<meta name=\"twitter:data1\" content=\"4 minutes\" \/>\n<!-- \/ Yoast SEO plugin. -->","yoast_head_json":{"title":"Wie Man Lingose (LING) In Den USA Kauft","description":"Durch eine Reihe von Online-B\u00f6rsen ist der Kauf von Lingose coin in den USA eine ziemlich unkomplizierte Angelegenheit. Weiterlesen.","robots":{"index":"index","follow":"follow","max-snippet":"max-snippet:-1","max-image-preview":"max-image-preview:large","max-video-preview":"max-video-preview:-1"},"canonical":"https:\/\/allin1bitcoins.com\/de\/crypto\/lingose\/united-states\/","og_locale":"de_DE","og_type":"article","og_title":"Wie Man Lingose (LING) In Den USA Kauft","og_description":"Durch eine Reihe von Online-B\u00f6rsen ist der Kauf von Lingose coin in den USA eine ziemlich unkomplizierte Angelegenheit. Weiterlesen.","og_url":"https:\/\/allin1bitcoins.com\/de\/crypto\/lingose\/united-states\/","og_site_name":"Allin1Bitcoins","article_modified_time":"2023-02-24T09:11:59+00:00","og_image":[{"width":1920,"height":1080,"url":"https:\/\/allin1bitcoins.com\/wp-content\/uploads\/2023\/01\/samuel-branch-ZPVisr0s_hQ-unsplash.jpg","type":"image\/jpeg"}],"twitter_card":"summary_large_image","twitter_misc":{"Est. reading time":"4 minutes"},"schema":{"@context":"https:\/\/schema.org","@graph":[{"@type":"WebPage","@id":"https:\/\/allin1bitcoins.com\/de\/crypto\/lingose\/united-states\/","url":"https:\/\/allin1bitcoins.com\/de\/crypto\/lingose\/united-states\/","name":"Wie Man Lingose (LING) In Den USA Kauft","isPartOf":{"@id":"https:\/\/allin1bitcoins.com\/de\/#website"},"datePublished":"2023-02-24T09:11:57+00:00","dateModified":"2023-02-24T09:11:59+00:00","description":"Durch eine Reihe von Online-B\u00f6rsen ist der Kauf von Lingose coin in den USA eine ziemlich unkomplizierte Angelegenheit. Weiterlesen.","breadcrumb":{"@id":"https:\/\/allin1bitcoins.com\/de\/crypto\/lingose\/united-states\/#breadcrumb"},"inLanguage":"de","potentialAction":[{"@type":"ReadAction","target":["https:\/\/allin1bitcoins.com\/de\/crypto\/lingose\/united-states\/"]}]},{"@type":"BreadcrumbList","@id":"https:\/\/allin1bitcoins.com\/de\/crypto\/lingose\/united-states\/#breadcrumb","itemListElement":[{"@type":"ListItem","position":1,"name":"Home","item":"https:\/\/allin1bitcoins.com\/de\/"},{"@type":"ListItem","position":2,"name":"Krypto","item":"https:\/\/allin1bitcoins.com\/de\/crypto\/"},{"@type":"ListItem","position":3,"name":"Wie Man Lingose (LING) Kauft &#8211; Schritt-f\u00fcr-Schritt-Anleitung","item":"https:\/\/allin1bitcoins.com\/de\/crypto\/lingose\/"},{"@type":"ListItem","position":4,"name":"Wie Man Lingose (LING) In Den USA Kauft"}]},{"@type":"WebSite","@id":"https:\/\/allin1bitcoins.com\/de\/#website","url":"https:\/\/allin1bitcoins.com\/de\/","name":"Allin1Bitcoins","description":"","publisher":{"@id":"https:\/\/allin1bitcoins.com\/de\/#organization"},"potentialAction":[{"@type":"SearchAction","target":{"@type":"EntryPoint","urlTemplate":"https:\/\/allin1bitcoins.com\/de\/?s={search_term_string}"},"query-input":"required name=search_term_string"}],"inLanguage":"de"},{"@type":"Organization","@id":"https:\/\/allin1bitcoins.com\/de\/#organization","name":"allin1bitcoins","url":"https:\/\/allin1bitcoins.com\/de\/","logo":{"@type":"ImageObject","inLanguage":"de","@id":"https:\/\/allin1bitcoins.com\/de\/#\/schema\/logo\/image\/","url":"https:\/\/allin1bitcoins.com\/wp-content\/uploads\/2019\/01\/logo-new.png","contentUrl":"https:\/\/allin1bitcoins.com\/wp-content\/uploads\/2019\/01\/logo-new.png","width":178,"height":71,"caption":"allin1bitcoins"},"image":{"@id":"https:\/\/allin1bitcoins.com\/de\/#\/schema\/logo\/image\/"}}]}},"_links":{"self":[{"href":"https:\/\/allin1bitcoins.com\/de\/wp-json\/wp\/v2\/pages\/22120"}],"collection":[{"href":"https:\/\/allin1bitcoins.com\/de\/wp-json\/wp\/v2\/pages"}],"about":[{"href":"https:\/\/allin1bitcoins.com\/de\/wp-json\/wp\/v2\/types\/page"}],"author":[{"embeddable":true,"href":"https:\/\/allin1bitcoins.com\/de\/wp-json\/wp\/v2\/users\/8"}],"replies":[{"embeddable":true,"href":"https:\/\/allin1bitcoins.com\/de\/wp-json\/wp\/v2\/comments?post=22120"}],"version-history":[{"count":1,"href":"https:\/\/allin1bitcoins.com\/de\/wp-json\/wp\/v2\/pages\/22120\/revisions"}],"predecessor-version":[{"id":22127,"href":"https:\/\/allin1bitcoins.com\/de\/wp-json\/wp\/v2\/pages\/22120\/revisions\/22127"}],"up":[{"embeddable":true,"href":"https:\/\/allin1bitcoins.com\/de\/wp-json\/wp\/v2\/pages\/22101"}],"wp:featuredmedia":[{"embeddable":true,"href":"https:\/\/allin1bitcoins.com\/de\/wp-json\/wp\/v2\/media\/16242"}],"wp:attachment":[{"href":"https:\/\/allin1bitcoins.com\/de\/wp-json\/wp\/v2\/media?parent=22120"}],"curies":[{"name":"wp","href":"https:\/\/api.w.org\/{rel}","templated":true}]}}