{"id":22132,"date":"2023-02-24T09:28:15","date_gmt":"2023-02-24T09:28:15","guid":{"rendered":"https:\/\/allin1bitcoins.com\/?page_id=22132"},"modified":"2023-02-24T09:28:18","modified_gmt":"2023-02-24T09:28:18","slug":"canada","status":"publish","type":"page","link":"https:\/\/allin1bitcoins.com\/de\/crypto\/lingose\/canada\/","title":{"rendered":"Wie Man Lingose (LING) In Kanada Kauft"},"content":{"rendered":"\n<p>Das Verfahren zum Kauf von Lingose Coin in Kanada ist das gleiche wie in anderen L\u00e4ndern. Der erste Schritt besteht darin, ein Konto bei einer vertrauensw\u00fcrdigen Kryptow\u00e4hrungsb\u00f6rse wie Binance oder Coinbase zu er\u00f6ffnen, die Lingose Coin unterst\u00fctzt und Zahlungen von kanadischen Kunden akzeptiert. Sobald Sie ein Konto haben, k\u00f6nnen Sie Lingose Coin mit verschiedenen Zahlungsoptionen wie Kreditkarte, Debitkarte oder Bank\u00fcberweisung kaufen. Bevor Sie eine B\u00f6rse ausw\u00e4hlen, ist es wichtig, Ihre eigenen Recherchen und Due Diligence durchzuf\u00fchren. Es gibt mehrere Dinge zu beachten, wie z.B. Kosten, Sicherheit und Ruf der B\u00f6rse.<\/p>\n\n\n\n<h2 class=\"wp-block-heading\">\u00dcberblick \u00fcber Lingose Coins<\/h2>\n\n\n\n<p>Eine Kryptow\u00e4hrung namens Lingose Coin wurde 2018 erstellt. Da sie auf der Ethereum-Blockchain aufgebaut ist, werden Smart Contracts verwendet, um Transaktionen zu beschleunigen und eine Vielzahl von Anwendungen zu erm\u00f6glichen. Lingose Coin ist daf\u00fcr vorgesehen, sowohl als Wertspeicher als auch als Tauschmittel verwendet zu werden. Der Name kommt daher, dass die Sch\u00f6pfer der M\u00fcnze eine fiktive Sprache namens Lingose erfunden haben.<\/p>\n\n\n\n<h2 class=\"wp-block-heading\">Vorteile des Kaufs von Lingose Coin<\/h2>\n\n\n\n<p><strong>Der Kauf von Lingose Coin hat mehrere Vorteile, darunter:<\/strong><\/p>\n\n\n\n<ul><li>Lingose Coin ist dezentralisiert, was bedeutet, dass es nicht von einer einzelnen Organisation wie einer Regierung oder Finanzinstitution betrieben wird. Benutzer k\u00f6nnen daher von mehr Sicherheit und Autonomie profitieren.<\/li><li>Schnelle und kosteng\u00fcnstige Transaktionen: Da Lingose Coin-Transaktionen keine Makler oder andere teure Geb\u00fchren beinhalten, sind sie in der Regel schneller und weniger teuer als traditionelle Finanztransaktionen.<\/li><li>Lingose Coin hat das Potenzial, im Laufe der Zeit an Wert zu gewinnen, \u00e4hnlich wie andere Kryptow\u00e4hrungen. F\u00fcr Personen, die die M\u00fcnze kaufen, kann dies zu einer potenziellen Rendite f\u00fchren.<\/li><\/ul>\n\n\n\n<h2 class=\"wp-block-heading\">Ausf\u00fchrliche Anweisungen zum Kauf von Lingose Coin in Kanada<\/h2>\n\n\n\n<ol><li>Die Wahl einer B\u00f6rse ist der erste Schritt beim Kauf von Lingose Coin in Kanada. Die B\u00f6rse sollte die M\u00fcnze unterst\u00fctzen und Zahlungen von Kanadiern akzeptieren. Binance und Coinbase sind ein paar beliebte Optionen. Bevor Sie eine Entscheidung treffen, ist es wichtig, Ihre eigenen Studien durchzuf\u00fchren und die Kosten, Sicherheit und den Ruf verschiedener B\u00f6rsen zu bewerten.<br><br><\/li><li>Nachdem Sie sich f\u00fcr eine B\u00f6rse entschieden haben, m\u00fcssen Sie einige pers\u00f6nliche Daten wie Ihren Namen, Ihre E-Mail-Adresse und Ihre Telefonnummer eingeben. M\u00f6glicherweise ist auch eine Kopie Ihres von der Regierung ausgestellten Ausweises erforderlich, um Ihre Identit\u00e4t nachzuweisen.<br><br><\/li><li>Nachdem Sie ein Konto erstellt haben, m\u00fcssen Sie eine Zahlungsmethode wie eine Kreditkarte, Debitkarte oder ein Bankkonto verkn\u00fcpfen, um Ihre Eink\u00e4ufe zu bezahlen. Je nach B\u00f6rse, die Sie nutzen, k\u00f6nnen unterschiedliche Schritte erforderlich sein, um eine Zahlungsmethode zu verkn\u00fcpfen.<br><br><\/li><li>\u00dcber die Handelsplattform der B\u00f6rse k\u00f6nnen Sie nach Verkn\u00fcpfung einer Zahlungsmethode Lingose Coin kaufen. Sie k\u00f6nnen angeben, wie viel Lingose-W\u00e4hrung Sie kaufen m\u00f6chten und in welchem Preiskorridor. Sobald Ihre Bestellung einem Verk\u00e4ufer zugeordnet wurde, wird sie verarbeitet.<br><br><\/li><li>Nach dem Kauf von Lingose Coin m\u00fcssen Sie ihn sicher aufbewahren, indem Sie ihn in einem sicheren Wallet aufbewahren. Wallets gibt es in verschiedenen Formen wie Software-Wallets, Hardware-Wallets und Papier-Wallets. Es ist wichtig, ein Wallet zu w\u00e4hlen, das Ihren Anforderungen entspricht und sicher ist.<\/li><\/ol>\n\n\n\n<figure class=\"wp-block-embed is-type-video is-provider-youtube wp-block-embed-youtube wp-embed-aspect-16-9 wp-has-aspect-ratio\"><div class=\"wp-block-embed__wrapper\">\n<iframe title=\"How to Buy Crypto on Nexo (Nexo Exchange)\" width=\"800\" height=\"450\" src=\"https:\/\/www.youtube.com\/embed\/e_hjb6SYlcU?feature=oembed\" frameborder=\"0\" allow=\"accelerometer; autoplay; clipboard-write; encrypted-media; gyroscope; picture-in-picture; web-share\" allowfullscreen><\/iframe>\n<\/div><\/figure>\n\n\n\n<h2 class=\"wp-block-heading\">Steuern auf den Kauf von Lingose Coin in Kanada<\/h2>\n\n\n\n<p>Lingose Coin und andere Kryptow\u00e4hrungen unterliegen komplexen Steuergesetzen in Kanada, die sich je nach Art des Kaufs und der Nutzung \u00e4ndern k\u00f6nnen. Jeglicher Gewinn, den Sie durch den Verkauf von Lingose Coin erzielen, w\u00fcrde in der Regel der Kapitalertragsteuer unterliegen, wenn Sie ihn als Investition gekauft haben. Die H\u00f6he des Einkommens, das Sie erzielen, und die Dauer, in der Sie ein Asset halten, bevor Sie es verkaufen, bestimmen den Steuersatz f\u00fcr Kapitalertr\u00e4ge.<\/p>\n\n\n\n<p>Die gleichen Steuern, die f\u00fcr konventionelle Finanztransaktionen gelten, k\u00f6nnen auch bei Verwendung von Lingose Coin zum Kauf von Waren oder Dienstleistungen anfallen, wie z.B. die G\u00fcter- und Dienstleistungssteuer (GST) oder die harmonisierte Umsatzsteuer (HST). Die steuerliche Behandlung von Kryptow\u00e4hrungen ist kompliziert und unterliegt im Laufe der Zeit \u00c4nderungen, es ist wichtig, sich daran zu erinnern. F\u00fcr Ratschl\u00e4ge zu den steuerlichen Auswirkungen des Kaufs und der Nutzung von Lingose Coin in Kanada wird empfohlen, mit einem Steuerexperten oder der kanadischen Steuerbeh\u00f6rde (CRA) zu sprechen.<\/p>\n\n\n\n<h2 class=\"wp-block-heading\">Schlussfolgerung<\/h2>\n\n\n\n<p>Der Kauf von Lingose Coin in Kanada \u00fcber eine Vielzahl von Internetb\u00f6rsen ist ein relativ einfacher Prozess. Es bietet die Vorteile der Dezentralisierung, schnellen und kosteng\u00fcnstigen Transaktionen und des Wertsteigerungspotenzials. Bevor Sie jedoch Lingose Coin kaufen, sollten Sie Ihre eigene Recherche und Due Diligence durchf\u00fchren, da der Kryptow\u00e4hrungsmarkt riskant und extrem volatil ist. Bevor Sie Investitionsentscheidungen treffen, ist es ratsam, sich mit einem Finanzberater oder Experten sowie einem Steuerexperten oder der CRA zu beraten.<\/p>\n\n\n\n<!-- Page-list plugin v.5.9 wordpress.org\/plugins\/page-list\/ -->\n<ul class=\"page-list siblings-page-list \">\n<li class=\"page_item page-item-22110\"><a href=\"https:\/\/allin1bitcoins.com\/de\/crypto\/lingose\/united-kingdom\/\">Wie Man Lingose (LING) Im Vereinigten K\u00f6nigreich Kauft<\/a><\/li>\n<li class=\"page_item page-item-22120\"><a href=\"https:\/\/allin1bitcoins.com\/de\/crypto\/lingose\/united-states\/\">Wie Man Lingose (LING) In Den USA Kauft<\/a><\/li>\n<li class=\"page_item page-item-22132\"><a href=\"https:\/\/allin1bitcoins.com\/de\/crypto\/lingose\/canada\/\">Wie Man Lingose (LING) In Kanada Kauft<\/a><\/li>\n<li class=\"page_item page-item-22140\"><a href=\"https:\/\/allin1bitcoins.com\/de\/crypto\/lingose\/apple-pay\/\">Wie Man Lingose (LING) Mit Apple Pay Kauft<\/a><\/li>\n<li class=\"page_item page-item-22159\"><a href=\"https:\/\/allin1bitcoins.com\/de\/crypto\/lingose\/debit-card\/\">Wie Man Lingose (LING) Mit Einer Debitkarte Kauft<\/a><\/li>\n<li class=\"page_item page-item-22175\"><a href=\"https:\/\/allin1bitcoins.com\/de\/crypto\/lingose\/credit-card\/\">Wie Man Lingose (LING) Mit Einer Kreditkarte Kauft<\/a><\/li>\n<li class=\"page_item page-item-22149\"><a href=\"https:\/\/allin1bitcoins.com\/de\/crypto\/lingose\/paypal\/\">Wie Man Lingose (LING) Mit PayPal Kauft<\/a><\/li>\n\n<\/ul>\n","protected":false},"excerpt":{"rendered":"<p>Das Verfahren zum Kauf von Lingose Coin in Kanada ist das gleiche wie in anderen L\u00e4ndern. Der erste Schritt besteht darin, ein Konto bei einer vertrauensw\u00fcrdigen Kryptow\u00e4hrungsb\u00f6rse wie Binance oder Coinbase zu er\u00f6ffnen, die Lingose Coin unterst\u00fctzt und Zahlungen von kanadischen Kunden akzeptiert. Sobald Sie ein Konto haben, k\u00f6nnen Sie Lingose Coin mit verschiedenen Zahlungsoptionen&#8230;<\/p>\n","protected":false},"author":8,"featured_media":16252,"parent":22101,"menu_order":0,"comment_status":"closed","ping_status":"closed","template":"","meta":{"cybocfi_hide_featured_image":"","footnotes":""},"acf":[],"yoast_head":"<!-- This site is optimized with the Yoast SEO plugin v21.7 - https:\/\/yoast.com\/wordpress\/plugins\/seo\/ -->\n<title>Wie Man Lingose (LING) In Kanada Kauft<\/title>\n<meta name=\"description\" content=\"\u00dcber eine Reihe von Internet-B\u00f6rsen ist der Kauf von Lingose coin in Kanada ein ziemlich einfacher Prozess. Lesen Sie weiter,.\" \/>\n<meta name=\"robots\" content=\"index, follow, max-snippet:-1, max-image-preview:large, max-video-preview:-1\" \/>\n<link rel=\"canonical\" href=\"https:\/\/allin1bitcoins.com\/de\/crypto\/lingose\/canada\/\" \/>\n<meta property=\"og:locale\" content=\"de_DE\" \/>\n<meta property=\"og:type\" content=\"article\" \/>\n<meta property=\"og:title\" content=\"Wie Man Lingose (LING) In Kanada Kauft\" \/>\n<meta property=\"og:description\" content=\"\u00dcber eine Reihe von Internet-B\u00f6rsen ist der Kauf von Lingose coin in Kanada ein ziemlich einfacher Prozess. Lesen Sie weiter,.\" \/>\n<meta property=\"og:url\" content=\"https:\/\/allin1bitcoins.com\/de\/crypto\/lingose\/canada\/\" \/>\n<meta property=\"og:site_name\" content=\"Allin1Bitcoins\" \/>\n<meta property=\"article:modified_time\" content=\"2023-02-24T09:28:18+00:00\" \/>\n<meta property=\"og:image\" content=\"https:\/\/allin1bitcoins.com\/wp-content\/uploads\/2023\/01\/rose-butler-HWtFbzNzSA4-unsplash.jpg\" \/>\n\t<meta property=\"og:image:width\" content=\"1920\" \/>\n\t<meta property=\"og:image:height\" content=\"1080\" \/>\n\t<meta property=\"og:image:type\" content=\"image\/jpeg\" \/>\n<meta name=\"twitter:card\" content=\"summary_large_image\" \/>\n<meta name=\"twitter:label1\" content=\"Est. reading time\" \/>\n\t<meta name=\"twitter:data1\" content=\"4 minutes\" \/>\n<!-- \/ Yoast SEO plugin. -->","yoast_head_json":{"title":"Wie Man Lingose (LING) In Kanada Kauft","description":"\u00dcber eine Reihe von Internet-B\u00f6rsen ist der Kauf von Lingose coin in Kanada ein ziemlich einfacher Prozess. Lesen Sie weiter,.","robots":{"index":"index","follow":"follow","max-snippet":"max-snippet:-1","max-image-preview":"max-image-preview:large","max-video-preview":"max-video-preview:-1"},"canonical":"https:\/\/allin1bitcoins.com\/de\/crypto\/lingose\/canada\/","og_locale":"de_DE","og_type":"article","og_title":"Wie Man Lingose (LING) In Kanada Kauft","og_description":"\u00dcber eine Reihe von Internet-B\u00f6rsen ist der Kauf von Lingose coin in Kanada ein ziemlich einfacher Prozess. Lesen Sie weiter,.","og_url":"https:\/\/allin1bitcoins.com\/de\/crypto\/lingose\/canada\/","og_site_name":"Allin1Bitcoins","article_modified_time":"2023-02-24T09:28:18+00:00","og_image":[{"width":1920,"height":1080,"url":"https:\/\/allin1bitcoins.com\/wp-content\/uploads\/2023\/01\/rose-butler-HWtFbzNzSA4-unsplash.jpg","type":"image\/jpeg"}],"twitter_card":"summary_large_image","twitter_misc":{"Est. reading time":"4 minutes"},"schema":{"@context":"https:\/\/schema.org","@graph":[{"@type":"WebPage","@id":"https:\/\/allin1bitcoins.com\/de\/crypto\/lingose\/canada\/","url":"https:\/\/allin1bitcoins.com\/de\/crypto\/lingose\/canada\/","name":"Wie Man Lingose (LING) In Kanada Kauft","isPartOf":{"@id":"https:\/\/allin1bitcoins.com\/de\/#website"},"datePublished":"2023-02-24T09:28:15+00:00","dateModified":"2023-02-24T09:28:18+00:00","description":"\u00dcber eine Reihe von Internet-B\u00f6rsen ist der Kauf von Lingose coin in Kanada ein ziemlich einfacher Prozess. Lesen Sie weiter,.","breadcrumb":{"@id":"https:\/\/allin1bitcoins.com\/de\/crypto\/lingose\/canada\/#breadcrumb"},"inLanguage":"de","potentialAction":[{"@type":"ReadAction","target":["https:\/\/allin1bitcoins.com\/de\/crypto\/lingose\/canada\/"]}]},{"@type":"BreadcrumbList","@id":"https:\/\/allin1bitcoins.com\/de\/crypto\/lingose\/canada\/#breadcrumb","itemListElement":[{"@type":"ListItem","position":1,"name":"Home","item":"https:\/\/allin1bitcoins.com\/de\/"},{"@type":"ListItem","position":2,"name":"Krypto","item":"https:\/\/allin1bitcoins.com\/de\/crypto\/"},{"@type":"ListItem","position":3,"name":"Wie Man Lingose (LING) Kauft &#8211; Schritt-f\u00fcr-Schritt-Anleitung","item":"https:\/\/allin1bitcoins.com\/de\/crypto\/lingose\/"},{"@type":"ListItem","position":4,"name":"Wie Man Lingose (LING) In Kanada Kauft"}]},{"@type":"WebSite","@id":"https:\/\/allin1bitcoins.com\/de\/#website","url":"https:\/\/allin1bitcoins.com\/de\/","name":"Allin1Bitcoins","description":"","publisher":{"@id":"https:\/\/allin1bitcoins.com\/de\/#organization"},"potentialAction":[{"@type":"SearchAction","target":{"@type":"EntryPoint","urlTemplate":"https:\/\/allin1bitcoins.com\/de\/?s={search_term_string}"},"query-input":"required name=search_term_string"}],"inLanguage":"de"},{"@type":"Organization","@id":"https:\/\/allin1bitcoins.com\/de\/#organization","name":"allin1bitcoins","url":"https:\/\/allin1bitcoins.com\/de\/","logo":{"@type":"ImageObject","inLanguage":"de","@id":"https:\/\/allin1bitcoins.com\/de\/#\/schema\/logo\/image\/","url":"https:\/\/allin1bitcoins.com\/wp-content\/uploads\/2019\/01\/logo-new.png","contentUrl":"https:\/\/allin1bitcoins.com\/wp-content\/uploads\/2019\/01\/logo-new.png","width":178,"height":71,"caption":"allin1bitcoins"},"image":{"@id":"https:\/\/allin1bitcoins.com\/de\/#\/schema\/logo\/image\/"}}]}},"_links":{"self":[{"href":"https:\/\/allin1bitcoins.com\/de\/wp-json\/wp\/v2\/pages\/22132"}],"collection":[{"href":"https:\/\/allin1bitcoins.com\/de\/wp-json\/wp\/v2\/pages"}],"about":[{"href":"https:\/\/allin1bitcoins.com\/de\/wp-json\/wp\/v2\/types\/page"}],"author":[{"embeddable":true,"href":"https:\/\/allin1bitcoins.com\/de\/wp-json\/wp\/v2\/users\/8"}],"replies":[{"embeddable":true,"href":"https:\/\/allin1bitcoins.com\/de\/wp-json\/wp\/v2\/comments?post=22132"}],"version-history":[{"count":1,"href":"https:\/\/allin1bitcoins.com\/de\/wp-json\/wp\/v2\/pages\/22132\/revisions"}],"predecessor-version":[{"id":22136,"href":"https:\/\/allin1bitcoins.com\/de\/wp-json\/wp\/v2\/pages\/22132\/revisions\/22136"}],"up":[{"embeddable":true,"href":"https:\/\/allin1bitcoins.com\/de\/wp-json\/wp\/v2\/pages\/22101"}],"wp:featuredmedia":[{"embeddable":true,"href":"https:\/\/allin1bitcoins.com\/de\/wp-json\/wp\/v2\/media\/16252"}],"wp:attachment":[{"href":"https:\/\/allin1bitcoins.com\/de\/wp-json\/wp\/v2\/media?parent=22132"}],"curies":[{"name":"wp","href":"https:\/\/api.w.org\/{rel}","templated":true}]}}