{"id":22149,"date":"2023-02-24T10:04:01","date_gmt":"2023-02-24T10:04:01","guid":{"rendered":"https:\/\/allin1bitcoins.com\/?page_id=22149"},"modified":"2023-02-24T10:04:04","modified_gmt":"2023-02-24T10:04:04","slug":"paypal","status":"publish","type":"page","link":"https:\/\/allin1bitcoins.com\/de\/crypto\/lingose\/paypal\/","title":{"rendered":"Wie Man Lingose (LING) Mit PayPal Kauft"},"content":{"rendered":"\n<p><strong>Der Kauf von Lingose-M\u00fcnzen \u00fcber PayPal ist eine schnelle und einfache M\u00f6glichkeit, diese beliebte Kryptow\u00e4hrung zu erwerben.<\/strong><\/p>\n\n\n\n<p>Suchen Sie eine Kryptow\u00e4hrungsb\u00f6rse, die Lingose-M\u00fcnzen unterst\u00fctzt und PayPal akzeptiert, erstellen Sie dort ein Konto und verkn\u00fcpfen Sie Ihr PayPal-Konto als Zahlungsoption. Sie k\u00f6nnen Lingose-W\u00e4hrung kaufen, indem Sie eine Bestellung auf der Handelsoberfl\u00e4che der B\u00f6rse platzieren, sobald Ihr PayPal-Konto verbunden wurde. Es ist wichtig zu beachten, dass bei Verwendung von PayPal Geb\u00fchren anfallen k\u00f6nnen und dass der Wechselkurs f\u00fcr mit PayPal get\u00e4tigte Eink\u00e4ufe h\u00f6her sein kann als f\u00fcr Eink\u00e4ufe, die mit anderen Zahlungsmethoden get\u00e4tigt werden.<\/p>\n\n\n\n<h2 class=\"wp-block-heading\">\u00dcberblick \u00fcber Lingose-M\u00fcnzen Eine <\/h2>\n\n\n\n<p>Kryptow\u00e4hrung namens Lingose-M\u00fcnze wurde 2018 erstellt. Da sie auf der Ethereum-Blockchain aufgebaut ist, werden Smart Contracts verwendet, um Transaktionen zu beschleunigen und eine Vielzahl von Anwendungen zu erm\u00f6glichen. Lingose-M\u00fcnze ist dazu gedacht, sowohl als Wertspeicher als auch als Tauschmittel verwendet zu werden. Sie wurde so benannt, weil die Erfinder der M\u00fcnze eine fiktive Sprache namens Lingose erfunden haben.<\/p>\n\n\n\n<h2 class=\"wp-block-heading\">Warum Sie Lingose-M\u00fcnzen \u00fcber PayPal kaufen m\u00f6chten<\/h2>\n\n\n\n<p><strong>Sie m\u00f6chten Lingose-M\u00fcnzen m\u00f6glicherweise aus verschiedenen Gr\u00fcnden \u00fcber PayPal kaufen, darunter:<\/strong><\/p>\n\n\n\n<ul><li><strong>Bequemlichkeit: <\/strong>Online-K\u00e4ufe von Lingose-W\u00e4hrung und anderen Waren und Dienstleistungen k\u00f6nnen \u00fcber PayPal get\u00e4tigt werden, eine h\u00e4ufig verwendete und praktische Zahlungsoption.<br><br><\/li><li><strong>Geschwindigkeit: <\/strong>Da PayPal-Zahlungen in der Regel schnell abgeschlossen werden, k\u00f6nnen Sie innerhalb weniger Minuten Lingose-W\u00e4hrung erhalten.<br><br><\/li><li><strong>Sicherheit:<\/strong> PayPal bietet ein hohes Ma\u00df an Sicherheit f\u00fcr Online-Transaktionen, sodass Sie Lingose-M\u00fcnzen mit Vertrauen kaufen k\u00f6nnen.<\/li><\/ul>\n\n\n\n<h2 class=\"wp-block-heading\">Wie man Lingose-M\u00fcnzen detailliert \u00fcber PayPal kauft<\/h2>\n\n\n\n<ol><li>Das Finden einer vertrauensw\u00fcrdigen Kryptow\u00e4hrungsb\u00f6rse, die Lingose-M\u00fcnzen unterst\u00fctzt und PayPal als Zahlungsmethode akzeptiert, ist der erste Schritt beim Kauf der M\u00fcnze mit PayPal. Die beiden beliebtesten Optionen sind Coinbase und Binance. Bevor Sie eine Wahl treffen, ist es wichtig, Ihre eigene Recherche durchzuf\u00fchren und die Kosten, Sicherheit und Reputation verschiedener B\u00f6rsen zu bewerten.<br><br><\/li><li>Nachdem Sie sich f\u00fcr eine B\u00f6rse entschieden haben, m\u00fcssen Sie einige pers\u00f6nliche Daten wie Ihren Namen, Ihre E-Mail-Adresse und Ihre Telefonnummer eingeben. M\u00f6glicherweise ist auch eine Kopie Ihres Personalausweises erforderlich, um Ihre Identit\u00e4t nachzuweisen.<br><br><\/li><li>Nachdem Sie ein Konto erstellt haben, m\u00fcssen Sie eine Zahlungsmethode hinzuf\u00fcgen, indem Sie Ihr PayPal-Konto verkn\u00fcpfen. Je nach B\u00f6rse, die Sie verwenden, variiert das genaue Verfahren zur Integration eines PayPal-Kontos, aber im Allgemeinen beinhaltet es das Einreichen Ihrer PayPal-Login-Daten und das Durchf\u00fchren aller notwendigen Verifizierungsschritte.<br><br><\/li><li>\u00dcber die Handelsseite der B\u00f6rse k\u00f6nnen Sie Lingose Coin nach dem Verbinden Ihres PayPal-Kontos kaufen. Sie k\u00f6nnen angeben, wie viel Lingose-W\u00e4hrung Sie kaufen m\u00f6chten, sowie Ihren Preisbereich. Sobald Ihre Bestellung mit einem Verk\u00e4ufer abgeglichen wurde, wird sie bearbeitet.<br><br><\/li><li>Nach dem Kauf von Lingose Coin m\u00fcssen Sie ihn sicher aufbewahren, indem Sie ihn in einer sicheren Geldb\u00f6rse aufbewahren. Geldb\u00f6rsen gibt es in verschiedenen Formen, wie Software-Wallets, Hardware-Wallets und Papier-Wallets. Es ist entscheidend, eine Geldb\u00f6rse auszuw\u00e4hlen, die Ihren Anforderungen entspricht und gleichzeitig sicher ist.<\/li><\/ol>\n\n\n\n<figure class=\"wp-block-embed is-type-video is-provider-youtube wp-block-embed-youtube wp-embed-aspect-16-9 wp-has-aspect-ratio\"><div class=\"wp-block-embed__wrapper\">\n<iframe title=\"How to Buy Crypto with PayPal - Step-by-step guide...\" width=\"800\" height=\"450\" src=\"https:\/\/www.youtube.com\/embed\/UwdF6Y3wID8?feature=oembed\" frameborder=\"0\" allow=\"accelerometer; autoplay; clipboard-write; encrypted-media; gyroscope; picture-in-picture; web-share\" allowfullscreen><\/iframe>\n<\/div><\/figure>\n\n\n\n<h2 class=\"wp-block-heading\">Nachteile des Kaufs von Lingose Coin \u00fcber PayPal<\/h2>\n\n\n\n<p><strong>Die Verwendung von PayPal zum Kauf von Lingose-W\u00e4hrung hat einige Nachteile, wie zum Beispiel:<\/strong><\/p>\n\n\n\n<ul><li><strong>Geb\u00fchren: <\/strong>Einige B\u00f6rsen berechnen PayPal-Transaktionsgeb\u00fchren, die den Preis, zu dem Sie Lingose Coins kaufen, erh\u00f6hen k\u00f6nnen. Bevor Sie eine bestimmte B\u00f6rse ausw\u00e4hlen, ist es wichtig, das Kleingedruckte zu lesen und die Kosten zu bewerten, die jede erhebt.<br><br><\/li><li><strong>Wechselkurs: <\/strong>Im Vergleich zu anderen Zahlungsmethoden wie Bank\u00fcberweisungen k\u00f6nnte der Wechselkurs f\u00fcr PayPal-K\u00e4ufe h\u00f6her sein. Daher kann die Verwendung von PayPal zu h\u00f6heren Lingose Coin-Preisen f\u00fchren.<br><br><\/li><li><strong>Eingeschr\u00e4nkte Verf\u00fcgbarkeit: <\/strong>Beim Kauf von Lingose Coin haben Sie m\u00f6glicherweise weniger Alternativen, da nicht alle Kryptow\u00e4hrungsb\u00f6rsen PayPal als Zahlungsmethode anbieten.<\/li><\/ul>\n\n\n\n<h2 class=\"wp-block-heading\">Schlussfolgerung<\/h2>\n\n\n\n<p>Der Kauf von Lingose Coin \u00fcber PayPal ist eine schnelle und einfache M\u00f6glichkeit, diese beliebte Kryptow\u00e4hrung zu erhalten. Es bietet die Vorteile von Schnelligkeit, Komfort und Sicherheit. Bevor Sie eine Entscheidung treffen, ist es wichtig, \u00fcber m\u00f6gliche Nachteile wie Kosten, Wechselkurse und Verf\u00fcgbarkeitsbeschr\u00e4nkungen informiert zu sein. Bevor Sie Investitionsentscheidungen treffen, ist es auch eine gute Idee, Ihre eigene Recherche und Due Diligence durchzuf\u00fchren und mit einem Finanzberater oder anderen Experten zu sprechen.<\/p>\n\n\n\n<!-- Page-list plugin v.5.9 wordpress.org\/plugins\/page-list\/ -->\n<ul class=\"page-list siblings-page-list \">\n<li class=\"page_item page-item-22110\"><a href=\"https:\/\/allin1bitcoins.com\/de\/crypto\/lingose\/united-kingdom\/\">Wie Man Lingose (LING) Im Vereinigten K\u00f6nigreich Kauft<\/a><\/li>\n<li class=\"page_item page-item-22120\"><a href=\"https:\/\/allin1bitcoins.com\/de\/crypto\/lingose\/united-states\/\">Wie Man Lingose (LING) In Den USA Kauft<\/a><\/li>\n<li class=\"page_item page-item-22132\"><a href=\"https:\/\/allin1bitcoins.com\/de\/crypto\/lingose\/canada\/\">Wie Man Lingose (LING) In Kanada Kauft<\/a><\/li>\n<li class=\"page_item page-item-22140\"><a href=\"https:\/\/allin1bitcoins.com\/de\/crypto\/lingose\/apple-pay\/\">Wie Man Lingose (LING) Mit Apple Pay Kauft<\/a><\/li>\n<li class=\"page_item page-item-22159\"><a href=\"https:\/\/allin1bitcoins.com\/de\/crypto\/lingose\/debit-card\/\">Wie Man Lingose (LING) Mit Einer Debitkarte Kauft<\/a><\/li>\n<li class=\"page_item page-item-22175\"><a href=\"https:\/\/allin1bitcoins.com\/de\/crypto\/lingose\/credit-card\/\">Wie Man Lingose (LING) Mit Einer Kreditkarte Kauft<\/a><\/li>\n<li class=\"page_item page-item-22149\"><a href=\"https:\/\/allin1bitcoins.com\/de\/crypto\/lingose\/paypal\/\">Wie Man Lingose (LING) Mit PayPal Kauft<\/a><\/li>\n\n<\/ul>\n","protected":false},"excerpt":{"rendered":"<p>Der Kauf von Lingose-M\u00fcnzen \u00fcber PayPal ist eine schnelle und einfache M\u00f6glichkeit, diese beliebte Kryptow\u00e4hrung zu erwerben. Suchen Sie eine Kryptow\u00e4hrungsb\u00f6rse, die Lingose-M\u00fcnzen unterst\u00fctzt und PayPal akzeptiert, erstellen Sie dort ein Konto und verkn\u00fcpfen Sie Ihr PayPal-Konto als Zahlungsoption. Sie k\u00f6nnen Lingose-W\u00e4hrung kaufen, indem Sie eine Bestellung auf der Handelsoberfl\u00e4che der B\u00f6rse platzieren, sobald Ihr&#8230;<\/p>\n","protected":false},"author":8,"featured_media":16286,"parent":22101,"menu_order":0,"comment_status":"closed","ping_status":"closed","template":"","meta":{"cybocfi_hide_featured_image":"","footnotes":""},"acf":[],"yoast_head":"<!-- This site is optimized with the Yoast SEO plugin v21.7 - https:\/\/yoast.com\/wordpress\/plugins\/seo\/ -->\n<title>Wie Man Lingose (LING) Mit PayPal Kauft<\/title>\n<meta name=\"description\" content=\"Der Kauf von Lingose-M\u00fcnzen \u00fcber PayPal ist eine schnelle und einfache M\u00f6glichkeit, diese beliebte Kryptow\u00e4hrung zu erhalten.\" \/>\n<meta name=\"robots\" content=\"index, follow, max-snippet:-1, max-image-preview:large, max-video-preview:-1\" \/>\n<link rel=\"canonical\" href=\"https:\/\/allin1bitcoins.com\/de\/crypto\/lingose\/paypal\/\" \/>\n<meta property=\"og:locale\" content=\"de_DE\" \/>\n<meta property=\"og:type\" content=\"article\" \/>\n<meta property=\"og:title\" content=\"Wie Man Lingose (LING) Mit PayPal Kauft\" \/>\n<meta property=\"og:description\" content=\"Der Kauf von Lingose-M\u00fcnzen \u00fcber PayPal ist eine schnelle und einfache M\u00f6glichkeit, diese beliebte Kryptow\u00e4hrung zu erhalten.\" \/>\n<meta property=\"og:url\" content=\"https:\/\/allin1bitcoins.com\/de\/crypto\/lingose\/paypal\/\" \/>\n<meta property=\"og:site_name\" content=\"Allin1Bitcoins\" \/>\n<meta property=\"article:modified_time\" content=\"2023-02-24T10:04:04+00:00\" \/>\n<meta property=\"og:image\" content=\"https:\/\/allin1bitcoins.com\/wp-content\/uploads\/2023\/01\/rami-al-zayat-w33-zg-dNL4-unsplash.jpg\" \/>\n\t<meta property=\"og:image:width\" content=\"1920\" \/>\n\t<meta property=\"og:image:height\" content=\"1280\" \/>\n\t<meta property=\"og:image:type\" content=\"image\/jpeg\" \/>\n<meta name=\"twitter:card\" content=\"summary_large_image\" \/>\n<meta name=\"twitter:label1\" content=\"Est. reading time\" \/>\n\t<meta name=\"twitter:data1\" content=\"3 minutes\" \/>\n<!-- \/ Yoast SEO plugin. -->","yoast_head_json":{"title":"Wie Man Lingose (LING) Mit PayPal Kauft","description":"Der Kauf von Lingose-M\u00fcnzen \u00fcber PayPal ist eine schnelle und einfache M\u00f6glichkeit, diese beliebte Kryptow\u00e4hrung zu erhalten.","robots":{"index":"index","follow":"follow","max-snippet":"max-snippet:-1","max-image-preview":"max-image-preview:large","max-video-preview":"max-video-preview:-1"},"canonical":"https:\/\/allin1bitcoins.com\/de\/crypto\/lingose\/paypal\/","og_locale":"de_DE","og_type":"article","og_title":"Wie Man Lingose (LING) Mit PayPal Kauft","og_description":"Der Kauf von Lingose-M\u00fcnzen \u00fcber PayPal ist eine schnelle und einfache M\u00f6glichkeit, diese beliebte Kryptow\u00e4hrung zu erhalten.","og_url":"https:\/\/allin1bitcoins.com\/de\/crypto\/lingose\/paypal\/","og_site_name":"Allin1Bitcoins","article_modified_time":"2023-02-24T10:04:04+00:00","og_image":[{"width":1920,"height":1280,"url":"https:\/\/allin1bitcoins.com\/wp-content\/uploads\/2023\/01\/rami-al-zayat-w33-zg-dNL4-unsplash.jpg","type":"image\/jpeg"}],"twitter_card":"summary_large_image","twitter_misc":{"Est. reading time":"3 minutes"},"schema":{"@context":"https:\/\/schema.org","@graph":[{"@type":"WebPage","@id":"https:\/\/allin1bitcoins.com\/de\/crypto\/lingose\/paypal\/","url":"https:\/\/allin1bitcoins.com\/de\/crypto\/lingose\/paypal\/","name":"Wie Man Lingose (LING) Mit PayPal Kauft","isPartOf":{"@id":"https:\/\/allin1bitcoins.com\/de\/#website"},"datePublished":"2023-02-24T10:04:01+00:00","dateModified":"2023-02-24T10:04:04+00:00","description":"Der Kauf von Lingose-M\u00fcnzen \u00fcber PayPal ist eine schnelle und einfache M\u00f6glichkeit, diese beliebte Kryptow\u00e4hrung zu erhalten.","breadcrumb":{"@id":"https:\/\/allin1bitcoins.com\/de\/crypto\/lingose\/paypal\/#breadcrumb"},"inLanguage":"de","potentialAction":[{"@type":"ReadAction","target":["https:\/\/allin1bitcoins.com\/de\/crypto\/lingose\/paypal\/"]}]},{"@type":"BreadcrumbList","@id":"https:\/\/allin1bitcoins.com\/de\/crypto\/lingose\/paypal\/#breadcrumb","itemListElement":[{"@type":"ListItem","position":1,"name":"Home","item":"https:\/\/allin1bitcoins.com\/de\/"},{"@type":"ListItem","position":2,"name":"Krypto","item":"https:\/\/allin1bitcoins.com\/de\/crypto\/"},{"@type":"ListItem","position":3,"name":"Wie Man Lingose (LING) Kauft &#8211; Schritt-f\u00fcr-Schritt-Anleitung","item":"https:\/\/allin1bitcoins.com\/de\/crypto\/lingose\/"},{"@type":"ListItem","position":4,"name":"Wie Man Lingose (LING) Mit PayPal Kauft"}]},{"@type":"WebSite","@id":"https:\/\/allin1bitcoins.com\/de\/#website","url":"https:\/\/allin1bitcoins.com\/de\/","name":"Allin1Bitcoins","description":"","publisher":{"@id":"https:\/\/allin1bitcoins.com\/de\/#organization"},"potentialAction":[{"@type":"SearchAction","target":{"@type":"EntryPoint","urlTemplate":"https:\/\/allin1bitcoins.com\/de\/?s={search_term_string}"},"query-input":"required name=search_term_string"}],"inLanguage":"de"},{"@type":"Organization","@id":"https:\/\/allin1bitcoins.com\/de\/#organization","name":"allin1bitcoins","url":"https:\/\/allin1bitcoins.com\/de\/","logo":{"@type":"ImageObject","inLanguage":"de","@id":"https:\/\/allin1bitcoins.com\/de\/#\/schema\/logo\/image\/","url":"https:\/\/allin1bitcoins.com\/wp-content\/uploads\/2019\/01\/logo-new.png","contentUrl":"https:\/\/allin1bitcoins.com\/wp-content\/uploads\/2019\/01\/logo-new.png","width":178,"height":71,"caption":"allin1bitcoins"},"image":{"@id":"https:\/\/allin1bitcoins.com\/de\/#\/schema\/logo\/image\/"}}]}},"_links":{"self":[{"href":"https:\/\/allin1bitcoins.com\/de\/wp-json\/wp\/v2\/pages\/22149"}],"collection":[{"href":"https:\/\/allin1bitcoins.com\/de\/wp-json\/wp\/v2\/pages"}],"about":[{"href":"https:\/\/allin1bitcoins.com\/de\/wp-json\/wp\/v2\/types\/page"}],"author":[{"embeddable":true,"href":"https:\/\/allin1bitcoins.com\/de\/wp-json\/wp\/v2\/users\/8"}],"replies":[{"embeddable":true,"href":"https:\/\/allin1bitcoins.com\/de\/wp-json\/wp\/v2\/comments?post=22149"}],"version-history":[{"count":1,"href":"https:\/\/allin1bitcoins.com\/de\/wp-json\/wp\/v2\/pages\/22149\/revisions"}],"predecessor-version":[{"id":22153,"href":"https:\/\/allin1bitcoins.com\/de\/wp-json\/wp\/v2\/pages\/22149\/revisions\/22153"}],"up":[{"embeddable":true,"href":"https:\/\/allin1bitcoins.com\/de\/wp-json\/wp\/v2\/pages\/22101"}],"wp:featuredmedia":[{"embeddable":true,"href":"https:\/\/allin1bitcoins.com\/de\/wp-json\/wp\/v2\/media\/16286"}],"wp:attachment":[{"href":"https:\/\/allin1bitcoins.com\/de\/wp-json\/wp\/v2\/media?parent=22149"}],"curies":[{"name":"wp","href":"https:\/\/api.w.org\/{rel}","templated":true}]}}