{"id":22159,"date":"2023-02-24T10:21:41","date_gmt":"2023-02-24T10:21:41","guid":{"rendered":"https:\/\/allin1bitcoins.com\/?page_id=22159"},"modified":"2023-02-24T10:21:43","modified_gmt":"2023-02-24T10:21:43","slug":"debit-card","status":"publish","type":"page","link":"https:\/\/allin1bitcoins.com\/de\/crypto\/lingose\/debit-card\/","title":{"rendered":"Wie Man Lingose (LING) Mit Einer Debitkarte Kauft"},"content":{"rendered":"\n<p>Der Kauf von Lingose-M\u00fcnzen mit einer Debitkarte ist eine schnelle und bequeme M\u00f6glichkeit, diese beliebte Kryptow\u00e4hrung zu erwerben. \u00c4hnliche Schritte werden unternommen, wenn Sie online jede andere Ware oder Dienstleistung erwerben. Der erste Schritt besteht darin, eine vertrauensw\u00fcrdige Kryptow\u00e4hrungsb\u00f6rse zu finden, die Lingose-M\u00fcnzen unterst\u00fctzt und Debitkartenzahlungen akzeptiert. Sobald Sie ein Handelskonto haben, k\u00f6nnen Sie Lingose-M\u00fcnzen online mit Ihrer Debitkarte kaufen, genau wie jedes andere Produkt. Der Wechselkurs f\u00fcr Debitkartenzahlungen kann h\u00f6her sein als f\u00fcr andere Zahlungsmethoden, und es k\u00f6nnen Geb\u00fchren f\u00fcr die Verwendung einer Debitkarte anfallen.<\/p>\n\n\n\n<h2 class=\"wp-block-heading\">\u00dcberblick \u00fcber Lingose-M\u00fcnzen<\/h2>\n\n\n\n<p>Eine Kryptow\u00e4hrung namens Lingose-M\u00fcnze wurde 2018 erstellt. Da sie auf der Ethereum-Blockchain aufgebaut ist, werden intelligente Vertr\u00e4ge verwendet, um Transaktionen zu beschleunigen und eine Vielzahl von Anwendungen zu erm\u00f6glichen. Lingose-M\u00fcnzen sollen sowohl als Wertspeicher als auch als Tauschmittel verwendet werden. Sie sind so benannt, weil die Sch\u00f6pfer der M\u00fcnze eine fiktive Sprache namens Lingose erfunden haben.<\/p>\n\n\n\n<h2 class=\"wp-block-heading\">Warum Sie eine Debitkarte verwenden m\u00f6chten, um Lingose-M\u00fcnzen zu kaufen<\/h2>\n\n\n\n<p><strong>Sie m\u00f6chten Lingose-M\u00fcnzen m\u00f6glicherweise aus verschiedenen Gr\u00fcnden mit einer Debitkarte kaufen, wie zum Beispiel:<\/strong><\/p>\n\n\n\n<ul><li><strong>Bequemlichkeit:<\/strong> Debitkarten sind eine beliebte und praktische M\u00f6glichkeit, Online-Eink\u00e4ufe von Lingose-M\u00fcnzen sowie anderen Waren und Dienstleistungen zu bezahlen.<br><br><\/li><li><strong>Schnelligkeit: <\/strong>Da Debitkartenzahlungen in der Regel schnell verarbeitet werden, k\u00f6nnen Sie Lingose-M\u00fcnzen in nur wenigen Minuten erhalten.<br><br><\/li><li><strong>Direkter Zugriff auf Mittel:<\/strong> Wenn Sie eine Debitkarte verwenden, um Lingose-M\u00fcnzen zu kaufen, wird das Geld direkt von Ihrem Bankkonto abgebucht, sodass Sie sich keine Sorgen machen m\u00fcssen, einen Kreditkarten-Saldo auszugleichen oder Zinsen zu zahlen.<\/li><\/ul>\n\n\n\n<h2 class=\"wp-block-heading\">Wie man Lingose-M\u00fcnzen mit einer Debitkarte detailliert kauft<\/h2>\n\n\n\n<ol><li>Der erste Schritt beim Kauf von Lingose-M\u00fcnzen mit einer Debitkarte besteht darin, eine B\u00f6rse auszuw\u00e4hlen. Die B\u00f6rse sollte Lingose-M\u00fcnzen unterst\u00fctzen und Debitkartenzahlungen akzeptieren. Die beiden beliebtesten Optionen sind Coinbase und Binance. Bevor Sie eine Entscheidung treffen, ist es wichtig, Ihre eigene Forschung durchzuf\u00fchren und die Kosten, Sicherheit und Reputation verschiedener B\u00f6rsen zu bewerten.<br><br><\/li><li>Nachdem Sie sich f\u00fcr eine B\u00f6rse entschieden haben, m\u00fcssen Sie einige pers\u00f6nliche Daten eingeben, einschlie\u00dflich Ihres Namens, Ihrer E-Mail-Adresse und Ihrer Telefonnummer. M\u00f6glicherweise ist auch eine Kopie Ihres Personalausweises erforderlich, um Ihre Identit\u00e4t zu \u00fcberpr\u00fcfen.<br><br><\/li><li>Nach Erstellung eines Kontos m\u00fcssen Sie Ihre Debitkarte als Zahlungsoption hinzuf\u00fcgen. Je nach B\u00f6rse, die Sie verwenden, kann das spezifische Verfahren zum Verkn\u00fcpfen einer Debitkarte variieren, aber im Allgemeinen umfasst es das Eingeben Ihrer Debitkarteninformationen und das Durchlaufen aller erforderlichen Verifizierungsschritte.<br><br><\/li><li>Nach dem Verkn\u00fcpfen Ihrer Debitkarte k\u00f6nnen Sie \u00fcber die Handelsplattform der B\u00f6rse Lingose Coin kaufen. Sie k\u00f6nnen angeben, wie viel Lingose Coin Sie kaufen m\u00f6chten sowie Ihren Preisbereich. Sobald Ihre Bestellung mit einem Verk\u00e4ufer abgestimmt ist, wird sie verarbeitet.<br><br><\/li><li>Nach dem Kauf von Lingose Coin m\u00fcssen Sie es sicher aufbewahren, indem Sie es in einer sicheren Geldb\u00f6rse aufbewahren. Geldb\u00f6rsen gibt es in verschiedenen Formen, wie z.B. Software-Geldb\u00f6rsen, Hardware-Geldb\u00f6rsen und Papier-Geldb\u00f6rsen. Es ist wichtig, eine Geldb\u00f6rse auszuw\u00e4hlen, die Ihren Bed\u00fcrfnissen entspricht und gleichzeitig sicher ist.<\/li><\/ol>\n\n\n\n<figure class=\"wp-block-embed is-type-video is-provider-youtube wp-block-embed-youtube wp-embed-aspect-16-9 wp-has-aspect-ratio\"><div class=\"wp-block-embed__wrapper\">\n<iframe title=\"Lingose - Estabilishing a Game ID protocol bound by smart contract!\" width=\"800\" height=\"450\" src=\"https:\/\/www.youtube.com\/embed\/07YE1dbp2gA?feature=oembed\" frameborder=\"0\" allow=\"accelerometer; autoplay; clipboard-write; encrypted-media; gyroscope; picture-in-picture; web-share\" allowfullscreen><\/iframe>\n<\/div><\/figure>\n\n\n\n<h2 class=\"wp-block-heading\">Nachteile der Verwendung einer Debitkarte zum Kauf von Lingose Coin<\/h2>\n\n\n\n<p><strong>Die Verwendung einer Debitkarte zum Kauf von Lingose Coin hat einige Nachteile, wie z.B.:<\/strong><\/p>\n\n\n\n<ul><li><strong>Geb\u00fchren: <\/strong>Einige B\u00f6rsen berechnen Geb\u00fchren f\u00fcr Debitkarten-Transaktionen, die den Preis erh\u00f6hen k\u00f6nnen, zu dem Sie Lingose Coins kaufen. Bevor Sie sich f\u00fcr eine B\u00f6rse entscheiden, ist es wichtig, das Kleingedruckte zu lesen und die Kosten zu bewerten.<br><br><\/li><li><strong>Wechselkurs: <\/strong>Debitkarten-K\u00e4ufe k\u00f6nnen einen h\u00f6heren Wechselkurs als andere Arten von Zahlungen haben, wie z.B. Bank\u00fcberweisungen. Das bedeutet, dass Sie beim Einsatz einer Debitkarte m\u00f6glicherweise mehr f\u00fcr Ihre Lingose Coins bezahlen.<br><br><\/li><li><strong>Begrenzte Mittel: <\/strong>Ihre Debitkarten-Transaktion kann abgelehnt werden, wenn Sie nicht gen\u00fcgend Geld auf Ihrem Bankkonto haben, um Ihren Kauf von Lingose Coin zu decken. Dies kann \u00e4rgerlich sein und Sie m\u00fcssen m\u00f6glicherweise eine andere Zahlungsmethode finden.<\/li><\/ul>\n\n\n\n<h2 class=\"wp-block-heading\">Schlussfolgerung<\/h2>\n\n\n\n<p>Debitkarten-K\u00e4ufe von Lingose Coin sind eine schnelle und praktische M\u00f6glichkeit, diese beliebte Kryptow\u00e4hrung zu erwerben. Neben dem Vorteil, dass Ihr Geld direkt von Ihrem Bankkonto abgebucht wird, bietet es die Vorteile von Geschwindigkeit und Bequemlichkeit.<\/p>\n\n\n\n<p>Bevor Sie eine Entscheidung treffen, ist es wichtig, sich \u00fcber m\u00f6gliche Nachteile wie Geb\u00fchren, Wechselkurse und Einschr\u00e4nkungen bei den Mitteln im Klaren zu sein. Bevor Sie Investitionsentscheidungen treffen, ist es auch eine gute Idee, Ihre eigene Forschung und Sorgfaltspflicht durchzuf\u00fchren und mit einem Finanzberater oder anderen Experten zu sprechen.<\/p>\n\n\n\n<!-- Page-list plugin v.5.9 wordpress.org\/plugins\/page-list\/ -->\n<ul class=\"page-list siblings-page-list \">\n<li class=\"page_item page-item-22110\"><a href=\"https:\/\/allin1bitcoins.com\/de\/crypto\/lingose\/united-kingdom\/\">Wie Man Lingose (LING) Im Vereinigten K\u00f6nigreich Kauft<\/a><\/li>\n<li class=\"page_item page-item-22120\"><a href=\"https:\/\/allin1bitcoins.com\/de\/crypto\/lingose\/united-states\/\">Wie Man Lingose (LING) In Den USA Kauft<\/a><\/li>\n<li class=\"page_item page-item-22132\"><a href=\"https:\/\/allin1bitcoins.com\/de\/crypto\/lingose\/canada\/\">Wie Man Lingose (LING) In Kanada Kauft<\/a><\/li>\n<li class=\"page_item page-item-22140\"><a href=\"https:\/\/allin1bitcoins.com\/de\/crypto\/lingose\/apple-pay\/\">Wie Man Lingose (LING) Mit Apple Pay Kauft<\/a><\/li>\n<li class=\"page_item page-item-22159\"><a href=\"https:\/\/allin1bitcoins.com\/de\/crypto\/lingose\/debit-card\/\">Wie Man Lingose (LING) Mit Einer Debitkarte Kauft<\/a><\/li>\n<li class=\"page_item page-item-22175\"><a href=\"https:\/\/allin1bitcoins.com\/de\/crypto\/lingose\/credit-card\/\">Wie Man Lingose (LING) Mit Einer Kreditkarte Kauft<\/a><\/li>\n<li class=\"page_item page-item-22149\"><a href=\"https:\/\/allin1bitcoins.com\/de\/crypto\/lingose\/paypal\/\">Wie Man Lingose (LING) Mit PayPal Kauft<\/a><\/li>\n\n<\/ul>\n","protected":false},"excerpt":{"rendered":"<p>Der Kauf von Lingose-M\u00fcnzen mit einer Debitkarte ist eine schnelle und bequeme M\u00f6glichkeit, diese beliebte Kryptow\u00e4hrung zu erwerben. \u00c4hnliche Schritte werden unternommen, wenn Sie online jede andere Ware oder Dienstleistung erwerben. Der erste Schritt besteht darin, eine vertrauensw\u00fcrdige Kryptow\u00e4hrungsb\u00f6rse zu finden, die Lingose-M\u00fcnzen unterst\u00fctzt und Debitkartenzahlungen akzeptiert. Sobald Sie ein Handelskonto haben, k\u00f6nnen Sie Lingose-M\u00fcnzen&#8230;<\/p>\n","protected":false},"author":8,"featured_media":16275,"parent":22101,"menu_order":0,"comment_status":"closed","ping_status":"closed","template":"","meta":{"cybocfi_hide_featured_image":"","footnotes":""},"acf":[],"yoast_head":"<!-- This site is optimized with the Yoast SEO plugin v21.7 - https:\/\/yoast.com\/wordpress\/plugins\/seo\/ -->\n<title>Wie Man Lingose (LING) Mit Einer Debitkarte Kauft<\/title>\n<meta name=\"description\" content=\"Debitkartenk\u00e4ufe der Lingose-M\u00fcnze sind eine schnelle und praktische M\u00f6glichkeit, diese beliebte Kryptow\u00e4hrung zu erwerben. Lesen Sie weiter.\" \/>\n<meta name=\"robots\" content=\"index, follow, max-snippet:-1, max-image-preview:large, max-video-preview:-1\" \/>\n<link rel=\"canonical\" href=\"https:\/\/allin1bitcoins.com\/de\/crypto\/lingose\/debit-card\/\" \/>\n<meta property=\"og:locale\" content=\"de_DE\" \/>\n<meta property=\"og:type\" content=\"article\" \/>\n<meta property=\"og:title\" content=\"Wie Man Lingose (LING) Mit Einer Debitkarte Kauft\" \/>\n<meta property=\"og:description\" content=\"Debitkartenk\u00e4ufe der Lingose-M\u00fcnze sind eine schnelle und praktische M\u00f6glichkeit, diese beliebte Kryptow\u00e4hrung zu erwerben. Lesen Sie weiter.\" \/>\n<meta property=\"og:url\" content=\"https:\/\/allin1bitcoins.com\/de\/crypto\/lingose\/debit-card\/\" \/>\n<meta property=\"og:site_name\" content=\"Allin1Bitcoins\" \/>\n<meta property=\"article:modified_time\" content=\"2023-02-24T10:21:43+00:00\" \/>\n<meta property=\"og:image\" content=\"https:\/\/allin1bitcoins.com\/wp-content\/uploads\/2023\/01\/tred-earth-PG78hq3Gzq8-unsplash.jpg\" \/>\n\t<meta property=\"og:image:width\" content=\"1920\" \/>\n\t<meta property=\"og:image:height\" content=\"1280\" \/>\n\t<meta property=\"og:image:type\" content=\"image\/jpeg\" \/>\n<meta name=\"twitter:card\" content=\"summary_large_image\" \/>\n<meta name=\"twitter:label1\" content=\"Est. reading time\" \/>\n\t<meta name=\"twitter:data1\" content=\"3 minutes\" \/>\n<!-- \/ Yoast SEO plugin. -->","yoast_head_json":{"title":"Wie Man Lingose (LING) Mit Einer Debitkarte Kauft","description":"Debitkartenk\u00e4ufe der Lingose-M\u00fcnze sind eine schnelle und praktische M\u00f6glichkeit, diese beliebte Kryptow\u00e4hrung zu erwerben. Lesen Sie weiter.","robots":{"index":"index","follow":"follow","max-snippet":"max-snippet:-1","max-image-preview":"max-image-preview:large","max-video-preview":"max-video-preview:-1"},"canonical":"https:\/\/allin1bitcoins.com\/de\/crypto\/lingose\/debit-card\/","og_locale":"de_DE","og_type":"article","og_title":"Wie Man Lingose (LING) Mit Einer Debitkarte Kauft","og_description":"Debitkartenk\u00e4ufe der Lingose-M\u00fcnze sind eine schnelle und praktische M\u00f6glichkeit, diese beliebte Kryptow\u00e4hrung zu erwerben. Lesen Sie weiter.","og_url":"https:\/\/allin1bitcoins.com\/de\/crypto\/lingose\/debit-card\/","og_site_name":"Allin1Bitcoins","article_modified_time":"2023-02-24T10:21:43+00:00","og_image":[{"width":1920,"height":1280,"url":"https:\/\/allin1bitcoins.com\/wp-content\/uploads\/2023\/01\/tred-earth-PG78hq3Gzq8-unsplash.jpg","type":"image\/jpeg"}],"twitter_card":"summary_large_image","twitter_misc":{"Est. reading time":"3 minutes"},"schema":{"@context":"https:\/\/schema.org","@graph":[{"@type":"WebPage","@id":"https:\/\/allin1bitcoins.com\/de\/crypto\/lingose\/debit-card\/","url":"https:\/\/allin1bitcoins.com\/de\/crypto\/lingose\/debit-card\/","name":"Wie Man Lingose (LING) Mit Einer Debitkarte Kauft","isPartOf":{"@id":"https:\/\/allin1bitcoins.com\/de\/#website"},"datePublished":"2023-02-24T10:21:41+00:00","dateModified":"2023-02-24T10:21:43+00:00","description":"Debitkartenk\u00e4ufe der Lingose-M\u00fcnze sind eine schnelle und praktische M\u00f6glichkeit, diese beliebte Kryptow\u00e4hrung zu erwerben. Lesen Sie weiter.","breadcrumb":{"@id":"https:\/\/allin1bitcoins.com\/de\/crypto\/lingose\/debit-card\/#breadcrumb"},"inLanguage":"de","potentialAction":[{"@type":"ReadAction","target":["https:\/\/allin1bitcoins.com\/de\/crypto\/lingose\/debit-card\/"]}]},{"@type":"BreadcrumbList","@id":"https:\/\/allin1bitcoins.com\/de\/crypto\/lingose\/debit-card\/#breadcrumb","itemListElement":[{"@type":"ListItem","position":1,"name":"Home","item":"https:\/\/allin1bitcoins.com\/de\/"},{"@type":"ListItem","position":2,"name":"Krypto","item":"https:\/\/allin1bitcoins.com\/de\/crypto\/"},{"@type":"ListItem","position":3,"name":"Wie Man Lingose (LING) Kauft &#8211; Schritt-f\u00fcr-Schritt-Anleitung","item":"https:\/\/allin1bitcoins.com\/de\/crypto\/lingose\/"},{"@type":"ListItem","position":4,"name":"Wie Man Lingose (LING) Mit Einer Debitkarte Kauft"}]},{"@type":"WebSite","@id":"https:\/\/allin1bitcoins.com\/de\/#website","url":"https:\/\/allin1bitcoins.com\/de\/","name":"Allin1Bitcoins","description":"","publisher":{"@id":"https:\/\/allin1bitcoins.com\/de\/#organization"},"potentialAction":[{"@type":"SearchAction","target":{"@type":"EntryPoint","urlTemplate":"https:\/\/allin1bitcoins.com\/de\/?s={search_term_string}"},"query-input":"required name=search_term_string"}],"inLanguage":"de"},{"@type":"Organization","@id":"https:\/\/allin1bitcoins.com\/de\/#organization","name":"allin1bitcoins","url":"https:\/\/allin1bitcoins.com\/de\/","logo":{"@type":"ImageObject","inLanguage":"de","@id":"https:\/\/allin1bitcoins.com\/de\/#\/schema\/logo\/image\/","url":"https:\/\/allin1bitcoins.com\/wp-content\/uploads\/2019\/01\/logo-new.png","contentUrl":"https:\/\/allin1bitcoins.com\/wp-content\/uploads\/2019\/01\/logo-new.png","width":178,"height":71,"caption":"allin1bitcoins"},"image":{"@id":"https:\/\/allin1bitcoins.com\/de\/#\/schema\/logo\/image\/"}}]}},"_links":{"self":[{"href":"https:\/\/allin1bitcoins.com\/de\/wp-json\/wp\/v2\/pages\/22159"}],"collection":[{"href":"https:\/\/allin1bitcoins.com\/de\/wp-json\/wp\/v2\/pages"}],"about":[{"href":"https:\/\/allin1bitcoins.com\/de\/wp-json\/wp\/v2\/types\/page"}],"author":[{"embeddable":true,"href":"https:\/\/allin1bitcoins.com\/de\/wp-json\/wp\/v2\/users\/8"}],"replies":[{"embeddable":true,"href":"https:\/\/allin1bitcoins.com\/de\/wp-json\/wp\/v2\/comments?post=22159"}],"version-history":[{"count":1,"href":"https:\/\/allin1bitcoins.com\/de\/wp-json\/wp\/v2\/pages\/22159\/revisions"}],"predecessor-version":[{"id":22163,"href":"https:\/\/allin1bitcoins.com\/de\/wp-json\/wp\/v2\/pages\/22159\/revisions\/22163"}],"up":[{"embeddable":true,"href":"https:\/\/allin1bitcoins.com\/de\/wp-json\/wp\/v2\/pages\/22101"}],"wp:featuredmedia":[{"embeddable":true,"href":"https:\/\/allin1bitcoins.com\/de\/wp-json\/wp\/v2\/media\/16275"}],"wp:attachment":[{"href":"https:\/\/allin1bitcoins.com\/de\/wp-json\/wp\/v2\/media?parent=22159"}],"curies":[{"name":"wp","href":"https:\/\/api.w.org\/{rel}","templated":true}]}}