{"id":22396,"date":"2023-02-26T17:58:58","date_gmt":"2023-02-26T17:58:58","guid":{"rendered":"https:\/\/allin1bitcoins.com\/?page_id=22396"},"modified":"2023-02-26T17:59:01","modified_gmt":"2023-02-26T17:59:01","slug":"credit-card","status":"publish","type":"page","link":"https:\/\/allin1bitcoins.com\/de\/crypto\/bitcoin\/credit-card\/","title":{"rendered":"Wie Man Bitcoin (BTC) Mit Einer Kreditkarte Kaufen Kann"},"content":{"rendered":"\n<h2 class=\"wp-block-heading\">Sie k\u00f6nnen Bitcoin mit einer Kreditkarte kaufen.<\/h2>\n\n\n\n<p>Es ist einfach, Bitcoin mit einer Kreditkarte auf einem Peer-to-Peer-Marktplatz oder einer Kryptow\u00e4hrungsb\u00f6rse zu kaufen. Sie m\u00fcssen sich f\u00fcr ein Plattform-Konto anmelden, Ihre Identit\u00e4t best\u00e4tigen und Ihre Kreditkarte mit Ihrem Konto verkn\u00fcpfen, um dies zu tun. Sobald Sie dies abgeschlossen haben, k\u00f6nnen Sie Ihre Kreditkarte verwenden, um eine Bestellung zum Kauf von Bitcoin aufzugeben. Vor dem Kauf ist es eine gute Idee, die Kosten verschiedener Optionen zu bewerten, da bestimmte B\u00f6rsen und Marktpl\u00e4tze m\u00f6glicherweise zus\u00e4tzliche Geb\u00fchren f\u00fcr die Verwendung einer Kreditkarte erheben.<\/p>\n\n\n\n<h2 class=\"wp-block-heading\">\u00dcberblick \u00fcber Bitcoin (BTC)<\/h2>\n\n\n\n<p>Bitcoin ist eine digitale W\u00e4hrung, die f\u00fcr viele Dinge verwendet werden kann, einschlie\u00dflich Online-Transaktionen, Investitionen und sogar philanthropischer Angebote. Es wird von einer zunehmenden Anzahl von Unternehmen und Institutionen weltweit anerkannt und sein Wert kann sich je nach Angebot und Nachfrage \u00e4ndern.<\/p>\n\n\n\n<h2 class=\"wp-block-heading\">Warum Sie eine Kreditkarte zum Kauf von Bitcoin verwenden m\u00f6chten?<\/h2>\n\n\n\n<p>Es gibt mehrere Gr\u00fcnde, warum der Kauf von Bitcoin mit einer Kreditkarte sinnvoll sein kann. Ein Vorteil ist, dass es eine schnelle und einfache M\u00f6glichkeit ist, Bitcoin zu kaufen. Kreditkartentransaktionen sind praktisch sofort im Gegensatz zu traditionellen Bank\u00fcberweisungen, die in der Regel mehrere Tage dauern, um verarbeitet zu werden. Dies bedeutet, dass Sie nicht auf das Geldeingang warten m\u00fcssen, bevor Sie Bitcoin kaufen, wenn Sie ein gutes Angebot finden. Dar\u00fcber hinaus kann der Kauf von Bitcoin mit einer Kreditkarte eine vorteilhafte M\u00f6glichkeit sein, Vorteile oder Punkte von Ihrem Kreditkartenunternehmen zu erhalten.<\/p>\n\n\n\n<h2 class=\"wp-block-heading\">Detaillierte Anleitung zum Kauf von Bitcoin mit einer Kreditkarte<\/h2>\n\n\n\n<p>W\u00e4hlen Sie einen Peer-to-Peer-Marktplatz oder eine B\u00f6rse f\u00fcr Kryptow\u00e4hrungen aus, die Kreditkartenzahlungen akzeptiert. Coinbase, Binance und Paxful sind einige beliebte Optionen.<\/p>\n\n\n\n<p>Erstellen Sie ein Plattform-Konto und best\u00e4tigen Sie Ihre Identit\u00e4t. M\u00f6glicherweise ist das Hochladen eines Ausweises der Regierung und eines Nachweises des Wohnsitzes daf\u00fcr erforderlich.<\/p>\n\n\n\n<p>Verbinde dein Konto und deine Kreditkarte. Dies beinhaltet in der Regel die Angabe deiner Kreditkarteninformationen und m\u00f6glicherweise das Durchlaufen des Verifizierungsverfahrens.<\/p>\n\n\n\n<p>Gib eine Kauforder f\u00fcr Bitcoin auf. W\u00e4hle &#8220;Kreditkarte&#8221; als Zahlungsoption und gib die Menge an Bitcoin ein, die du in der Handelsplattform kaufen m\u00f6chtest.<\/p>\n\n\n\n<p>\u00dcberpr\u00fcfe die Einzelheiten deiner Transaktion und schlie\u00dfe dann die Transaktion ab.<\/p>\n\n\n\n<figure class=\"wp-block-embed is-type-video is-provider-youtube wp-block-embed-youtube wp-embed-aspect-16-9 wp-has-aspect-ratio\"><div class=\"wp-block-embed__wrapper\">\n<iframe title=\"Buy Bitcoin with a Debit or Credit Card\" width=\"800\" height=\"450\" src=\"https:\/\/www.youtube.com\/embed\/6x4De3DyvwE?feature=oembed\" frameborder=\"0\" allow=\"accelerometer; autoplay; clipboard-write; encrypted-media; gyroscope; picture-in-picture; web-share\" allowfullscreen><\/iframe>\n<\/div><\/figure>\n\n\n\n<h2 class=\"wp-block-heading\">Nachteile bei der Verwendung einer Kreditkarte zum <\/h2>\n\n\n\n<p>Kauf von Bitcoin Der Kauf von Bitcoin mit einer Kreditkarte kann teurer sein als bei anderen Zahlungsmethoden, was ein Nachteil ist. Die Verwendung einer Kreditkarte beinhaltet oft zus\u00e4tzliche Kosten von B\u00f6rsen und Marktpl\u00e4tzen, die im Laufe der Zeit anfallen k\u00f6nnen. Au\u00dferdem kann die Verwendung einer Kreditkarte zum Kauf von Bitcoin dazu f\u00fchren, dass dein Kreditkartenanbieter h\u00f6here Zinsen oder andere Kosten berechnet. Vor dem Kauf ist es wichtig, die Geb\u00fchren im Zusammenhang mit der Verwendung einer Kreditkarte zum Kauf von Bitcoin gr\u00fcndlich zu analysieren.<\/p>\n\n\n\n<h2 class=\"wp-block-heading\">Schlussfolgerung<\/h2>\n\n\n\n<p>Obwohl der Kauf von Bitcoin mit einer Kreditkarte eine praktische Methode ist, ist es wichtig, sich der potenziellen Geb\u00fchren und Risiken bewusst zu sein. Du kannst Bitcoin mit einer Kreditkarte sicher und effektiv kaufen, indem du eine vertrauensw\u00fcrdige B\u00f6rse oder einen Marktplatz w\u00e4hlst, deine Identit\u00e4t best\u00e4tigst und die Geb\u00fchren verschiedener Optionen sorgf\u00e4ltig bewertest.<\/p>\n\n\n\n<!-- Page-list plugin v.5.9 wordpress.org\/plugins\/page-list\/ -->\n<ul class=\"page-list siblings-page-list \">\n<li class=\"page_item page-item-22496\"><a href=\"https:\/\/allin1bitcoins.com\/de\/crypto\/bitcoin\/crypto-anonymously\/\">Wie Man Bitcoin (BTC) Anonym Mit Krypto Kauft<\/a><\/li>\n<li class=\"page_item page-item-22510\"><a href=\"https:\/\/allin1bitcoins.com\/de\/crypto\/bitcoin\/united-kingdom\/\">Wie Man Bitcoin (BTC) Im Vereinigten K\u00f6nigreich Kauft<\/a><\/li>\n<li class=\"page_item page-item-22532\"><a href=\"https:\/\/allin1bitcoins.com\/de\/crypto\/bitcoin\/australia\/\">Wie Man Bitcoin (BTC) In Australien Kauft<\/a><\/li>\n<li class=\"page_item page-item-22542\"><a href=\"https:\/\/allin1bitcoins.com\/de\/crypto\/bitcoin\/the-netherlands\/\">Wie Man Bitcoin (BTC) In Den Niederlanden Kauft<\/a><\/li>\n<li class=\"page_item page-item-22521\"><a href=\"https:\/\/allin1bitcoins.com\/de\/crypto\/bitcoin\/united-states\/\">Wie Man Bitcoin (BTC) In Den Vereinigten Staaten Kauft<\/a><\/li>\n<li class=\"page_item page-item-22567\"><a href=\"https:\/\/allin1bitcoins.com\/de\/crypto\/bitcoin\/switzerland\/\">Wie Man Bitcoin (BTC) In Der Schweiz Kauft<\/a><\/li>\n<li class=\"page_item page-item-22550\"><a href=\"https:\/\/allin1bitcoins.com\/de\/crypto\/bitcoin\/canada\/\">Wie Man Bitcoin (BTC) In Kanada Kauft<\/a><\/li>\n<li class=\"page_item page-item-22501\"><a href=\"https:\/\/allin1bitcoins.com\/de\/crypto\/bitcoin\/new-zealand\/\">Wie Man Bitcoin (BTC) In Neuseeland Kauft<\/a><\/li>\n<li class=\"page_item page-item-22558\"><a href=\"https:\/\/allin1bitcoins.com\/de\/crypto\/bitcoin\/norway\/\">Wie Man Bitcoin (BTC) In Norwegen Kauft<\/a><\/li>\n<li class=\"page_item page-item-22420\"><a href=\"https:\/\/allin1bitcoins.com\/de\/crypto\/bitcoin\/american-express\/\">Wie Man Bitcoin (BTC) Mit American Express Kauft<\/a><\/li>\n<li class=\"page_item page-item-22428\"><a href=\"https:\/\/allin1bitcoins.com\/de\/crypto\/bitcoin\/apple-pay\/\">Wie Man Bitcoin (BTC) Mit Apple Pay Kauft<\/a><\/li>\n<li class=\"page_item page-item-22436\"><a href=\"https:\/\/allin1bitcoins.com\/de\/crypto\/bitcoin\/bank-account\/\">Wie Man Bitcoin (BTC) Mit Einem Bankkonto Kauft<\/a><\/li>\n<li class=\"page_item page-item-22583\"><a href=\"https:\/\/allin1bitcoins.com\/de\/crypto\/bitcoin\/debit-card\/\">Wie Man Bitcoin (BTC) Mit Einer Debitkarte Kauft<\/a><\/li>\n<li class=\"page_item page-item-22396\"><a href=\"https:\/\/allin1bitcoins.com\/de\/crypto\/bitcoin\/credit-card\/\">Wie Man Bitcoin (BTC) Mit Einer Kreditkarte Kaufen Kann<\/a><\/li>\n<li class=\"page_item page-item-22453\"><a href=\"https:\/\/allin1bitcoins.com\/de\/crypto\/bitcoin\/google-pay\/\">Wie Man Bitcoin (BTC) Mit Google Pay Kauft<\/a><\/li>\n<li class=\"page_item page-item-22461\"><a href=\"https:\/\/allin1bitcoins.com\/de\/crypto\/bitcoin\/neteller\/\">Wie Man Bitcoin (BTC) Mit Neteller Kauft<\/a><\/li>\n<li class=\"page_item page-item-22403\"><a href=\"https:\/\/allin1bitcoins.com\/de\/crypto\/bitcoin\/paypal\/\">Wie Man Bitcoin (BTC) Mit Paypal Kauft<\/a><\/li>\n<li class=\"page_item page-item-22470\"><a href=\"https:\/\/allin1bitcoins.com\/de\/crypto\/bitcoin\/paysafecard\/\">Wie Man Bitcoin (BTC) Mit Paysafecard Kauft<\/a><\/li>\n<li class=\"page_item page-item-22478\"><a href=\"https:\/\/allin1bitcoins.com\/de\/crypto\/bitcoin\/skrill\/\">Wie Man Bitcoin (BTC) Mit Skrill Kauft<\/a><\/li>\n<li class=\"page_item page-item-22486\"><a href=\"https:\/\/allin1bitcoins.com\/de\/crypto\/bitcoin\/venmo\/\">Wie Man Bitcoin (BTC) Mit Venmo Kauft<\/a><\/li>\n\n<\/ul>\n","protected":false},"excerpt":{"rendered":"<p>Sie k\u00f6nnen Bitcoin mit einer Kreditkarte kaufen. Es ist einfach, Bitcoin mit einer Kreditkarte auf einem Peer-to-Peer-Marktplatz oder einer Kryptow\u00e4hrungsb\u00f6rse zu kaufen. Sie m\u00fcssen sich f\u00fcr ein Plattform-Konto anmelden, Ihre Identit\u00e4t best\u00e4tigen und Ihre Kreditkarte mit Ihrem Konto verkn\u00fcpfen, um dies zu tun. Sobald Sie dies abgeschlossen haben, k\u00f6nnen Sie Ihre Kreditkarte verwenden, um eine&#8230;<\/p>\n","protected":false},"author":8,"featured_media":12596,"parent":22385,"menu_order":0,"comment_status":"closed","ping_status":"closed","template":"","meta":{"cybocfi_hide_featured_image":"","footnotes":""},"acf":[],"yoast_head":"<!-- This site is optimized with the Yoast SEO plugin v21.7 - https:\/\/yoast.com\/wordpress\/plugins\/seo\/ -->\n<title>Wie Man Bitcoin (BTC) Mit Einer Kreditkarte Kaufen Kann<\/title>\n<meta name=\"description\" content=\"Um dies zu tun, m\u00fcssen Sie sich f\u00fcr ein Plattformkonto anmelden, Ihre Identit\u00e4t best\u00e4tigen und Ihre Kreditkarte mit Ihrem Konto verkn\u00fcpfen.\" \/>\n<meta name=\"robots\" content=\"index, follow, max-snippet:-1, max-image-preview:large, max-video-preview:-1\" \/>\n<link rel=\"canonical\" href=\"https:\/\/allin1bitcoins.com\/de\/crypto\/bitcoin\/credit-card\/\" \/>\n<meta property=\"og:locale\" content=\"de_DE\" \/>\n<meta property=\"og:type\" content=\"article\" \/>\n<meta property=\"og:title\" content=\"Wie Man Bitcoin (BTC) Mit Einer Kreditkarte Kaufen Kann\" \/>\n<meta property=\"og:description\" content=\"Um dies zu tun, m\u00fcssen Sie sich f\u00fcr ein Plattformkonto anmelden, Ihre Identit\u00e4t best\u00e4tigen und Ihre Kreditkarte mit Ihrem Konto verkn\u00fcpfen.\" \/>\n<meta property=\"og:url\" content=\"https:\/\/allin1bitcoins.com\/de\/crypto\/bitcoin\/credit-card\/\" \/>\n<meta property=\"og:site_name\" content=\"Allin1Bitcoins\" \/>\n<meta property=\"article:modified_time\" content=\"2023-02-26T17:59:01+00:00\" \/>\n<meta property=\"og:image\" content=\"https:\/\/allin1bitcoins.com\/wp-content\/uploads\/2022\/12\/cardmapr-nl-9fByQORuvqM-unsplash-2.jpg\" \/>\n\t<meta property=\"og:image:width\" content=\"1920\" \/>\n\t<meta property=\"og:image:height\" content=\"1282\" \/>\n\t<meta property=\"og:image:type\" content=\"image\/jpeg\" \/>\n<meta name=\"twitter:card\" content=\"summary_large_image\" \/>\n<meta name=\"twitter:label1\" content=\"Est. reading time\" \/>\n\t<meta name=\"twitter:data1\" content=\"3 minutes\" \/>\n<!-- \/ Yoast SEO plugin. -->","yoast_head_json":{"title":"Wie Man Bitcoin (BTC) Mit Einer Kreditkarte Kaufen Kann","description":"Um dies zu tun, m\u00fcssen Sie sich f\u00fcr ein Plattformkonto anmelden, Ihre Identit\u00e4t best\u00e4tigen und Ihre Kreditkarte mit Ihrem Konto verkn\u00fcpfen.","robots":{"index":"index","follow":"follow","max-snippet":"max-snippet:-1","max-image-preview":"max-image-preview:large","max-video-preview":"max-video-preview:-1"},"canonical":"https:\/\/allin1bitcoins.com\/de\/crypto\/bitcoin\/credit-card\/","og_locale":"de_DE","og_type":"article","og_title":"Wie Man Bitcoin (BTC) Mit Einer Kreditkarte Kaufen Kann","og_description":"Um dies zu tun, m\u00fcssen Sie sich f\u00fcr ein Plattformkonto anmelden, Ihre Identit\u00e4t best\u00e4tigen und Ihre Kreditkarte mit Ihrem Konto verkn\u00fcpfen.","og_url":"https:\/\/allin1bitcoins.com\/de\/crypto\/bitcoin\/credit-card\/","og_site_name":"Allin1Bitcoins","article_modified_time":"2023-02-26T17:59:01+00:00","og_image":[{"width":1920,"height":1282,"url":"https:\/\/allin1bitcoins.com\/wp-content\/uploads\/2022\/12\/cardmapr-nl-9fByQORuvqM-unsplash-2.jpg","type":"image\/jpeg"}],"twitter_card":"summary_large_image","twitter_misc":{"Est. reading time":"3 minutes"},"schema":{"@context":"https:\/\/schema.org","@graph":[{"@type":"WebPage","@id":"https:\/\/allin1bitcoins.com\/de\/crypto\/bitcoin\/credit-card\/","url":"https:\/\/allin1bitcoins.com\/de\/crypto\/bitcoin\/credit-card\/","name":"Wie Man Bitcoin (BTC) Mit Einer Kreditkarte Kaufen Kann","isPartOf":{"@id":"https:\/\/allin1bitcoins.com\/de\/#website"},"datePublished":"2023-02-26T17:58:58+00:00","dateModified":"2023-02-26T17:59:01+00:00","description":"Um dies zu tun, m\u00fcssen Sie sich f\u00fcr ein Plattformkonto anmelden, Ihre Identit\u00e4t best\u00e4tigen und Ihre Kreditkarte mit Ihrem Konto verkn\u00fcpfen.","breadcrumb":{"@id":"https:\/\/allin1bitcoins.com\/de\/crypto\/bitcoin\/credit-card\/#breadcrumb"},"inLanguage":"de","potentialAction":[{"@type":"ReadAction","target":["https:\/\/allin1bitcoins.com\/de\/crypto\/bitcoin\/credit-card\/"]}]},{"@type":"BreadcrumbList","@id":"https:\/\/allin1bitcoins.com\/de\/crypto\/bitcoin\/credit-card\/#breadcrumb","itemListElement":[{"@type":"ListItem","position":1,"name":"Home","item":"https:\/\/allin1bitcoins.com\/de\/"},{"@type":"ListItem","position":2,"name":"Krypto","item":"https:\/\/allin1bitcoins.com\/de\/crypto\/"},{"@type":"ListItem","position":3,"name":"Wie Man Bitcoin (BTC) Kauft","item":"https:\/\/allin1bitcoins.com\/de\/crypto\/bitcoin\/"},{"@type":"ListItem","position":4,"name":"Wie Man Bitcoin (BTC) Mit Einer Kreditkarte Kaufen Kann"}]},{"@type":"WebSite","@id":"https:\/\/allin1bitcoins.com\/de\/#website","url":"https:\/\/allin1bitcoins.com\/de\/","name":"Allin1Bitcoins","description":"","publisher":{"@id":"https:\/\/allin1bitcoins.com\/de\/#organization"},"potentialAction":[{"@type":"SearchAction","target":{"@type":"EntryPoint","urlTemplate":"https:\/\/allin1bitcoins.com\/de\/?s={search_term_string}"},"query-input":"required name=search_term_string"}],"inLanguage":"de"},{"@type":"Organization","@id":"https:\/\/allin1bitcoins.com\/de\/#organization","name":"allin1bitcoins","url":"https:\/\/allin1bitcoins.com\/de\/","logo":{"@type":"ImageObject","inLanguage":"de","@id":"https:\/\/allin1bitcoins.com\/de\/#\/schema\/logo\/image\/","url":"https:\/\/allin1bitcoins.com\/wp-content\/uploads\/2019\/01\/logo-new.png","contentUrl":"https:\/\/allin1bitcoins.com\/wp-content\/uploads\/2019\/01\/logo-new.png","width":178,"height":71,"caption":"allin1bitcoins"},"image":{"@id":"https:\/\/allin1bitcoins.com\/de\/#\/schema\/logo\/image\/"}}]}},"_links":{"self":[{"href":"https:\/\/allin1bitcoins.com\/de\/wp-json\/wp\/v2\/pages\/22396"}],"collection":[{"href":"https:\/\/allin1bitcoins.com\/de\/wp-json\/wp\/v2\/pages"}],"about":[{"href":"https:\/\/allin1bitcoins.com\/de\/wp-json\/wp\/v2\/types\/page"}],"author":[{"embeddable":true,"href":"https:\/\/allin1bitcoins.com\/de\/wp-json\/wp\/v2\/users\/8"}],"replies":[{"embeddable":true,"href":"https:\/\/allin1bitcoins.com\/de\/wp-json\/wp\/v2\/comments?post=22396"}],"version-history":[{"count":1,"href":"https:\/\/allin1bitcoins.com\/de\/wp-json\/wp\/v2\/pages\/22396\/revisions"}],"predecessor-version":[{"id":22397,"href":"https:\/\/allin1bitcoins.com\/de\/wp-json\/wp\/v2\/pages\/22396\/revisions\/22397"}],"up":[{"embeddable":true,"href":"https:\/\/allin1bitcoins.com\/de\/wp-json\/wp\/v2\/pages\/22385"}],"wp:featuredmedia":[{"embeddable":true,"href":"https:\/\/allin1bitcoins.com\/de\/wp-json\/wp\/v2\/media\/12596"}],"wp:attachment":[{"href":"https:\/\/allin1bitcoins.com\/de\/wp-json\/wp\/v2\/media?parent=22396"}],"curies":[{"name":"wp","href":"https:\/\/api.w.org\/{rel}","templated":true}]}}