{"id":22403,"date":"2023-03-02T06:27:04","date_gmt":"2023-03-02T06:27:04","guid":{"rendered":"https:\/\/allin1bitcoins.com\/?page_id=22403"},"modified":"2023-03-02T06:27:56","modified_gmt":"2023-03-02T06:27:56","slug":"paypal","status":"publish","type":"page","link":"https:\/\/allin1bitcoins.com\/de\/crypto\/bitcoin\/paypal\/","title":{"rendered":"Wie Man Bitcoin (BTC) Mit Paypal Kauft"},"content":{"rendered":"\n<h2 class=\"wp-block-heading\">Sie k\u00f6nnen die folgenden Schritte ausf\u00fchren, um Bitcoin mit Paypal zu erwerben:<\/h2>\n\n\n\n<ul><li>Suchen Sie nach einer vertrauensw\u00fcrdigen Kryptow\u00e4hrungs-Brokerage oder -B\u00f6rse, die Paypal-Zahlungen zul\u00e4sst.<\/li><li>Erstellen Sie ein Konto und best\u00e4tigen Sie Ihre Identit\u00e4t.<\/li><li>Verbinden Sie Ihr Brokerage- oder B\u00f6rsenkonto mit Ihrem Paypal-Konto.<\/li><li>W\u00e4hlen Sie aus, wie viel Bitcoin Sie erwerben m\u00f6chten, und schlie\u00dfen Sie dann die Transaktion ab.<\/li><li>Um Betrug zu vermeiden und die Sicherheit Ihres Geldes zu gew\u00e4hrleisten, ist es entscheidend, Ihre Hausaufgaben zu machen und eine seri\u00f6se Plattform auszuw\u00e4hlen.<\/li><\/ul>\n\n\n\n<h2 class=\"wp-block-heading\">\u00dcberblick \u00fcber Bitcoin<\/h2>\n\n\n\n<p>Die digitale W\u00e4hrung Bitcoin ist dezentralisiert und l\u00e4uft auf einem Peer-to-Peer-Netzwerk. Sie wurde 2009 unter dem Pseudonym Satoshi Nakamoto von einer unbekannten Person oder Gruppe von Personen entwickelt.<\/p>\n\n\n\n<p>Obwohl Bitcoin nicht durch materielle Verm\u00f6genswerte oder Regierungen gest\u00fctzt wird, akzeptieren immer mehr Unternehmen und Menschen auf der ganzen Welt es als Zahlungsmittel. Die Marktkr\u00e4fte von Angebot und Nachfrage, mit einer Begrenzung von 21 Millionen Coins, bestimmen den Preis von Bitcoin.<\/p>\n\n\n\n<p>Eine digitale Geldb\u00f6rse, die auf einem Computer, Smartphone oder anderen Ger\u00e4t gefunden werden kann, ist der Ort, an dem Bitcoin aufbewahrt wird. Ein \u00f6ffentliches Hauptbuch namens Blockchain speichert Transaktionen, was Transparenz erm\u00f6glicht und Betrug reduziert.<\/p>\n\n\n\n<h2 class=\"wp-block-heading\">Warum Sie Bitcoin \u00fcber Paypal kaufen m\u00f6chten<\/h2>\n\n\n\n<h3 class=\"wp-block-heading\">Bequemlichkeit<\/h3>\n\n\n\n<p>Paypal ist eine beliebte und praktische Zahlungsoption, die sowohl online als auch offline verwendet werden kann. Der schnellste und einfachste Weg, Bitcoin zu kaufen, ist \u00fcber Paypal.<\/p>\n\n\n\n<h3 class=\"wp-block-heading\">Anonymit\u00e4t<\/h3>\n\n\n\n<p>Im Vergleich zu alternativen Zahlungsmethoden wie Bank\u00fcberweisung oder Kreditkarte erm\u00f6glicht Paypal einen h\u00f6heren Grad an Anonymit\u00e4t beim Kauf von Bitcoin, weshalb es von einigen Personen bevorzugt wird.<\/p>\n\n\n\n<h3 class=\"wp-block-heading\">Schnelligkeit<\/h3>\n\n\n\n<p>Da Paypal-Transaktionen in der Regel schneller abgeschlossen werden als Bank\u00fcberweisungen, k\u00f6nnen Sie Ihre Bitcoin schneller erhalten.<\/p>\n\n\n\n<h2 class=\"wp-block-heading\">Ausf\u00fchrliche Anweisungen zum Kauf von Bitcoin mit Paypal<\/h2>\n\n\n\n<ol><li>Suchen Sie nach einer vertrauensw\u00fcrdigen Kryptow\u00e4hrungs-Brokerage oder -B\u00f6rse, die Paypal-Zahlungen zul\u00e4sst. Stellen Sie sicher, dass die Plattform zuverl\u00e4ssig ist und einen guten Ruf hat, indem Sie einige Recherchen durchf\u00fchren. Coinbase, Binance und Kraken sind einige beliebte Optionen.<br><br><\/li><li>Erstellen Sie ein Konto und best\u00e4tigen Sie Ihre Identit\u00e4t. Bevor Sie einen Kauf t\u00e4tigen k\u00f6nnen, werden die meisten B\u00f6rsen und Brokerages nach pers\u00f6nlichen Informationen und Identit\u00e4ts\u00fcberpr\u00fcfung fragen. Dies geschieht, um Anti-Geldw\u00e4sche-Gesetzen zu entsprechen und gegen Betrug vorzugehen.<br><br><\/li><li>Verbinden Sie Ihr Brokerage- oder B\u00f6rsenkonto mit Ihrem Paypal-Konto. Sie m\u00fcssen Ihre Paypal-Anmeldeinformationen eingeben und m\u00f6glicherweise einen Verifizierungsprozess durchlaufen.<br><br><\/li><li>W\u00e4hlen Sie aus, wie viel Bitcoin Sie erwerben m\u00f6chten, und schlie\u00dfen Sie dann die Transaktion ab. Nachdem Sie die Menge an Bitcoin ausgew\u00e4hlt haben, die Sie kaufen m\u00f6chten, und die Einzelheiten Ihrer Bestellung \u00fcberpr\u00fcft haben, k\u00f6nnen Sie die Transaktion abschlie\u00dfen, indem Sie mit Ihrem Paypal-Konto bezahlen.<\/li><\/ol>\n\n\n\n<figure class=\"wp-block-embed is-type-video is-provider-youtube wp-block-embed-youtube wp-embed-aspect-16-9 wp-has-aspect-ratio\"><div class=\"wp-block-embed__wrapper\">\n<iframe title=\"How to Buy Bitcoin with PayPal (Buy Bitcoin on PayPal)\" width=\"800\" height=\"450\" src=\"https:\/\/www.youtube.com\/embed\/oUATkjKpNEA?feature=oembed\" frameborder=\"0\" allow=\"accelerometer; autoplay; clipboard-write; encrypted-media; gyroscope; picture-in-picture; web-share\" allowfullscreen><\/iframe>\n<\/div><\/figure>\n\n\n\n<h2 class=\"wp-block-heading\">Nachteile der Verwendung von Paypal zum Kauf von Bitcoin<\/h2>\n\n\n\n<h3 class=\"wp-block-heading\">Kosten<\/h3>\n\n\n\n<p>Verglichen mit Bank\u00fcberweisungen oder anderen Zahlungsmethoden erheben bestimmte B\u00f6rsen und Broker h\u00f6here Geb\u00fchren f\u00fcr Paypal-K\u00e4ufe. Au\u00dferdem kann Paypal seine eigenen Geb\u00fchren auf die Transaktion erheben.<\/p>\n\n\n\n<h3 class=\"wp-block-heading\">Einschr\u00e4nkungen<\/h3>\n\n\n\n<p>Insbesondere beim ersten Kauf kann es Beschr\u00e4nkungen hinsichtlich der Menge an Bitcoin geben, die Sie mit Paypal kaufen k\u00f6nnen.<\/p>\n\n\n\n<h3 class=\"wp-block-heading\">Betrugsrisiko<\/h3>\n\n\n\n<p>Trotz der Vorkehrungen, die seri\u00f6se B\u00f6rsen und Broker treffen, um Betrug zu verhindern, besteht immer die M\u00f6glichkeit, dass Ihr Paypal-Konto kompromittiert oder betr\u00fcgerisch verwendet wird.<\/p>\n\n\n\n<h2 class=\"wp-block-heading\">Schlussfolgerung<\/h2>\n\n\n\n<p>PayPal-K\u00e4ufe von Bitcoin sind eine schnelle und praktische M\u00f6glichkeit, die Kryptow\u00e4hrung zu kaufen. Um die Sicherheit Ihres Geldes zu gew\u00e4hrleisten, ist es wichtig, Ihre Hausaufgaben zu machen und eine vertrauensw\u00fcrdige Plattform auszuw\u00e4hlen. Achten Sie auf m\u00f6gliche Kosten oder Einschr\u00e4nkungen und vergessen Sie nicht, Ihre pers\u00f6nlichen Daten zu sch\u00fctzen.<\/p>\n\n\n\n<p>Sobald Sie erfolgreich Bitcoin \u00fcber Paypal gekauft haben, k\u00f6nnen Sie es in einer digitalen Geldb\u00f6rse aufbewahren oder sp\u00e4ter f\u00fcr Fiat-W\u00e4hrung verkaufen. Es ist wichtig zu bedenken, dass der Wert von Bitcoin stark schwanken kann. Daher wird empfohlen, eigene Recherchen durchzuf\u00fchren und verantwortungsbewusste Investitionen zu t\u00e4tigen.<\/p>\n\n\n\n<p>Es ist auch ratsam, sich mit den Grundlagen von Bitcoin und der zugrunde liegenden Blockchain-Technologie vertraut zu machen, wenn Sie neu in der Welt der Kryptow\u00e4hrungen sind. Dies kann Ihnen helfen, die potenziellen Risiken und Vorteile Ihrer Investitionen zu verstehen und fundierte Entscheidungen zu treffen.<\/p>\n\n\n\n<p>Zusammenfassend l\u00e4sst sich sagen, dass der Kauf von Bitcoin mit Paypal ein recht einfacher Prozess ist, aber es ist wichtig, eine vertrauensw\u00fcrdige Plattform auszuw\u00e4hlen und sich \u00fcber m\u00f6gliche Kosten oder Einschr\u00e4nkungen im Klaren zu sein. Wenn Sie Vorsicht und Sorgfalt walten lassen, k\u00f6nnen Sie Bitcoin sicher und einfach mit Ihrem Paypal-Konto kaufen.<\/p>\n\n\n\n<!-- Page-list plugin v.5.9 wordpress.org\/plugins\/page-list\/ -->\n<ul class=\"page-list siblings-page-list \">\n<li class=\"page_item page-item-22496\"><a href=\"https:\/\/allin1bitcoins.com\/de\/crypto\/bitcoin\/crypto-anonymously\/\">Wie Man Bitcoin (BTC) Anonym Mit Krypto Kauft<\/a><\/li>\n<li class=\"page_item page-item-22510\"><a href=\"https:\/\/allin1bitcoins.com\/de\/crypto\/bitcoin\/united-kingdom\/\">Wie Man Bitcoin (BTC) Im Vereinigten K\u00f6nigreich Kauft<\/a><\/li>\n<li class=\"page_item page-item-22532\"><a href=\"https:\/\/allin1bitcoins.com\/de\/crypto\/bitcoin\/australia\/\">Wie Man Bitcoin (BTC) In Australien Kauft<\/a><\/li>\n<li class=\"page_item page-item-22542\"><a href=\"https:\/\/allin1bitcoins.com\/de\/crypto\/bitcoin\/the-netherlands\/\">Wie Man Bitcoin (BTC) In Den Niederlanden Kauft<\/a><\/li>\n<li class=\"page_item page-item-22521\"><a href=\"https:\/\/allin1bitcoins.com\/de\/crypto\/bitcoin\/united-states\/\">Wie Man Bitcoin (BTC) In Den Vereinigten Staaten Kauft<\/a><\/li>\n<li class=\"page_item page-item-22567\"><a href=\"https:\/\/allin1bitcoins.com\/de\/crypto\/bitcoin\/switzerland\/\">Wie Man Bitcoin (BTC) In Der Schweiz Kauft<\/a><\/li>\n<li class=\"page_item page-item-22550\"><a href=\"https:\/\/allin1bitcoins.com\/de\/crypto\/bitcoin\/canada\/\">Wie Man Bitcoin (BTC) In Kanada Kauft<\/a><\/li>\n<li class=\"page_item page-item-22501\"><a href=\"https:\/\/allin1bitcoins.com\/de\/crypto\/bitcoin\/new-zealand\/\">Wie Man Bitcoin (BTC) In Neuseeland Kauft<\/a><\/li>\n<li class=\"page_item page-item-22558\"><a href=\"https:\/\/allin1bitcoins.com\/de\/crypto\/bitcoin\/norway\/\">Wie Man Bitcoin (BTC) In Norwegen Kauft<\/a><\/li>\n<li class=\"page_item page-item-22420\"><a href=\"https:\/\/allin1bitcoins.com\/de\/crypto\/bitcoin\/american-express\/\">Wie Man Bitcoin (BTC) Mit American Express Kauft<\/a><\/li>\n<li class=\"page_item page-item-22428\"><a href=\"https:\/\/allin1bitcoins.com\/de\/crypto\/bitcoin\/apple-pay\/\">Wie Man Bitcoin (BTC) Mit Apple Pay Kauft<\/a><\/li>\n<li class=\"page_item page-item-22436\"><a href=\"https:\/\/allin1bitcoins.com\/de\/crypto\/bitcoin\/bank-account\/\">Wie Man Bitcoin (BTC) Mit Einem Bankkonto Kauft<\/a><\/li>\n<li class=\"page_item page-item-22583\"><a href=\"https:\/\/allin1bitcoins.com\/de\/crypto\/bitcoin\/debit-card\/\">Wie Man Bitcoin (BTC) Mit Einer Debitkarte Kauft<\/a><\/li>\n<li class=\"page_item page-item-22396\"><a href=\"https:\/\/allin1bitcoins.com\/de\/crypto\/bitcoin\/credit-card\/\">Wie Man Bitcoin (BTC) Mit Einer Kreditkarte Kaufen Kann<\/a><\/li>\n<li class=\"page_item page-item-22453\"><a href=\"https:\/\/allin1bitcoins.com\/de\/crypto\/bitcoin\/google-pay\/\">Wie Man Bitcoin (BTC) Mit Google Pay Kauft<\/a><\/li>\n<li class=\"page_item page-item-22461\"><a href=\"https:\/\/allin1bitcoins.com\/de\/crypto\/bitcoin\/neteller\/\">Wie Man Bitcoin (BTC) Mit Neteller Kauft<\/a><\/li>\n<li class=\"page_item page-item-22403\"><a href=\"https:\/\/allin1bitcoins.com\/de\/crypto\/bitcoin\/paypal\/\">Wie Man Bitcoin (BTC) Mit Paypal Kauft<\/a><\/li>\n<li class=\"page_item page-item-22470\"><a href=\"https:\/\/allin1bitcoins.com\/de\/crypto\/bitcoin\/paysafecard\/\">Wie Man Bitcoin (BTC) Mit Paysafecard Kauft<\/a><\/li>\n<li class=\"page_item page-item-22478\"><a href=\"https:\/\/allin1bitcoins.com\/de\/crypto\/bitcoin\/skrill\/\">Wie Man Bitcoin (BTC) Mit Skrill Kauft<\/a><\/li>\n<li class=\"page_item page-item-22486\"><a href=\"https:\/\/allin1bitcoins.com\/de\/crypto\/bitcoin\/venmo\/\">Wie Man Bitcoin (BTC) Mit Venmo Kauft<\/a><\/li>\n\n<\/ul>\n","protected":false},"excerpt":{"rendered":"<p>Sie k\u00f6nnen die folgenden Schritte ausf\u00fchren, um Bitcoin mit Paypal zu erwerben: Suchen Sie nach einer vertrauensw\u00fcrdigen Kryptow\u00e4hrungs-Brokerage oder -B\u00f6rse, die Paypal-Zahlungen zul\u00e4sst. Erstellen Sie ein Konto und best\u00e4tigen Sie Ihre Identit\u00e4t. Verbinden Sie Ihr Brokerage- oder B\u00f6rsenkonto mit Ihrem Paypal-Konto. W\u00e4hlen Sie aus, wie viel Bitcoin Sie erwerben m\u00f6chten, und schlie\u00dfen Sie dann die&#8230;<\/p>\n","protected":false},"author":8,"featured_media":12618,"parent":22385,"menu_order":0,"comment_status":"closed","ping_status":"closed","template":"","meta":{"cybocfi_hide_featured_image":"","footnotes":""},"acf":[],"yoast_head":"<!-- This site is optimized with the Yoast SEO plugin v21.7 - https:\/\/yoast.com\/wordpress\/plugins\/seo\/ -->\n<title>Wie Man Bitcoin (BTC) Mit Paypal Kauft<\/title>\n<meta name=\"description\" content=\"PayPal-K\u00e4ufe von Bitcoin sind eine schnelle und praktische M\u00f6glichkeit, die Kryptow\u00e4hrung zu kaufen, um die Sicherheit Ihres Geldes zu gew\u00e4hrleisten.\" \/>\n<meta name=\"robots\" content=\"index, follow, max-snippet:-1, max-image-preview:large, max-video-preview:-1\" \/>\n<link rel=\"canonical\" href=\"https:\/\/allin1bitcoins.com\/de\/crypto\/bitcoin\/paypal\/\" \/>\n<meta property=\"og:locale\" content=\"de_DE\" \/>\n<meta property=\"og:type\" content=\"article\" \/>\n<meta property=\"og:title\" content=\"Wie Man Bitcoin (BTC) Mit Paypal Kauft\" \/>\n<meta property=\"og:description\" content=\"PayPal-K\u00e4ufe von Bitcoin sind eine schnelle und praktische M\u00f6glichkeit, die Kryptow\u00e4hrung zu kaufen, um die Sicherheit Ihres Geldes zu gew\u00e4hrleisten.\" \/>\n<meta property=\"og:url\" content=\"https:\/\/allin1bitcoins.com\/de\/crypto\/bitcoin\/paypal\/\" \/>\n<meta property=\"og:site_name\" content=\"Allin1Bitcoins\" \/>\n<meta property=\"article:modified_time\" content=\"2023-03-02T06:27:56+00:00\" \/>\n<meta property=\"og:image\" content=\"https:\/\/allin1bitcoins.com\/wp-content\/uploads\/2022\/12\/marques-thomas-gs9uci8JvGw-unsplash.jpg\" \/>\n\t<meta property=\"og:image:width\" content=\"1920\" \/>\n\t<meta property=\"og:image:height\" content=\"1172\" \/>\n\t<meta property=\"og:image:type\" content=\"image\/jpeg\" \/>\n<meta name=\"twitter:card\" content=\"summary_large_image\" \/>\n<meta name=\"twitter:label1\" content=\"Est. reading time\" \/>\n\t<meta name=\"twitter:data1\" content=\"4 minutes\" \/>\n<!-- \/ Yoast SEO plugin. -->","yoast_head_json":{"title":"Wie Man Bitcoin (BTC) Mit Paypal Kauft","description":"PayPal-K\u00e4ufe von Bitcoin sind eine schnelle und praktische M\u00f6glichkeit, die Kryptow\u00e4hrung zu kaufen, um die Sicherheit Ihres Geldes zu gew\u00e4hrleisten.","robots":{"index":"index","follow":"follow","max-snippet":"max-snippet:-1","max-image-preview":"max-image-preview:large","max-video-preview":"max-video-preview:-1"},"canonical":"https:\/\/allin1bitcoins.com\/de\/crypto\/bitcoin\/paypal\/","og_locale":"de_DE","og_type":"article","og_title":"Wie Man Bitcoin (BTC) Mit Paypal Kauft","og_description":"PayPal-K\u00e4ufe von Bitcoin sind eine schnelle und praktische M\u00f6glichkeit, die Kryptow\u00e4hrung zu kaufen, um die Sicherheit Ihres Geldes zu gew\u00e4hrleisten.","og_url":"https:\/\/allin1bitcoins.com\/de\/crypto\/bitcoin\/paypal\/","og_site_name":"Allin1Bitcoins","article_modified_time":"2023-03-02T06:27:56+00:00","og_image":[{"width":1920,"height":1172,"url":"https:\/\/allin1bitcoins.com\/wp-content\/uploads\/2022\/12\/marques-thomas-gs9uci8JvGw-unsplash.jpg","type":"image\/jpeg"}],"twitter_card":"summary_large_image","twitter_misc":{"Est. reading time":"4 minutes"},"schema":{"@context":"https:\/\/schema.org","@graph":[{"@type":"WebPage","@id":"https:\/\/allin1bitcoins.com\/de\/crypto\/bitcoin\/paypal\/","url":"https:\/\/allin1bitcoins.com\/de\/crypto\/bitcoin\/paypal\/","name":"Wie Man Bitcoin (BTC) Mit Paypal Kauft","isPartOf":{"@id":"https:\/\/allin1bitcoins.com\/de\/#website"},"datePublished":"2023-03-02T06:27:04+00:00","dateModified":"2023-03-02T06:27:56+00:00","description":"PayPal-K\u00e4ufe von Bitcoin sind eine schnelle und praktische M\u00f6glichkeit, die Kryptow\u00e4hrung zu kaufen, um die Sicherheit Ihres Geldes zu gew\u00e4hrleisten.","breadcrumb":{"@id":"https:\/\/allin1bitcoins.com\/de\/crypto\/bitcoin\/paypal\/#breadcrumb"},"inLanguage":"de","potentialAction":[{"@type":"ReadAction","target":["https:\/\/allin1bitcoins.com\/de\/crypto\/bitcoin\/paypal\/"]}]},{"@type":"BreadcrumbList","@id":"https:\/\/allin1bitcoins.com\/de\/crypto\/bitcoin\/paypal\/#breadcrumb","itemListElement":[{"@type":"ListItem","position":1,"name":"Home","item":"https:\/\/allin1bitcoins.com\/de\/"},{"@type":"ListItem","position":2,"name":"Krypto","item":"https:\/\/allin1bitcoins.com\/de\/crypto\/"},{"@type":"ListItem","position":3,"name":"Wie Man Bitcoin (BTC) Kauft","item":"https:\/\/allin1bitcoins.com\/de\/crypto\/bitcoin\/"},{"@type":"ListItem","position":4,"name":"Wie Man Bitcoin (BTC) Mit Paypal Kauft"}]},{"@type":"WebSite","@id":"https:\/\/allin1bitcoins.com\/de\/#website","url":"https:\/\/allin1bitcoins.com\/de\/","name":"Allin1Bitcoins","description":"","publisher":{"@id":"https:\/\/allin1bitcoins.com\/de\/#organization"},"potentialAction":[{"@type":"SearchAction","target":{"@type":"EntryPoint","urlTemplate":"https:\/\/allin1bitcoins.com\/de\/?s={search_term_string}"},"query-input":"required name=search_term_string"}],"inLanguage":"de"},{"@type":"Organization","@id":"https:\/\/allin1bitcoins.com\/de\/#organization","name":"allin1bitcoins","url":"https:\/\/allin1bitcoins.com\/de\/","logo":{"@type":"ImageObject","inLanguage":"de","@id":"https:\/\/allin1bitcoins.com\/de\/#\/schema\/logo\/image\/","url":"https:\/\/allin1bitcoins.com\/wp-content\/uploads\/2019\/01\/logo-new.png","contentUrl":"https:\/\/allin1bitcoins.com\/wp-content\/uploads\/2019\/01\/logo-new.png","width":178,"height":71,"caption":"allin1bitcoins"},"image":{"@id":"https:\/\/allin1bitcoins.com\/de\/#\/schema\/logo\/image\/"}}]}},"_links":{"self":[{"href":"https:\/\/allin1bitcoins.com\/de\/wp-json\/wp\/v2\/pages\/22403"}],"collection":[{"href":"https:\/\/allin1bitcoins.com\/de\/wp-json\/wp\/v2\/pages"}],"about":[{"href":"https:\/\/allin1bitcoins.com\/de\/wp-json\/wp\/v2\/types\/page"}],"author":[{"embeddable":true,"href":"https:\/\/allin1bitcoins.com\/de\/wp-json\/wp\/v2\/users\/8"}],"replies":[{"embeddable":true,"href":"https:\/\/allin1bitcoins.com\/de\/wp-json\/wp\/v2\/comments?post=22403"}],"version-history":[{"count":2,"href":"https:\/\/allin1bitcoins.com\/de\/wp-json\/wp\/v2\/pages\/22403\/revisions"}],"predecessor-version":[{"id":22408,"href":"https:\/\/allin1bitcoins.com\/de\/wp-json\/wp\/v2\/pages\/22403\/revisions\/22408"}],"up":[{"embeddable":true,"href":"https:\/\/allin1bitcoins.com\/de\/wp-json\/wp\/v2\/pages\/22385"}],"wp:featuredmedia":[{"embeddable":true,"href":"https:\/\/allin1bitcoins.com\/de\/wp-json\/wp\/v2\/media\/12618"}],"wp:attachment":[{"href":"https:\/\/allin1bitcoins.com\/de\/wp-json\/wp\/v2\/media?parent=22403"}],"curies":[{"name":"wp","href":"https:\/\/api.w.org\/{rel}","templated":true}]}}