{"id":22604,"date":"2023-03-05T17:01:05","date_gmt":"2023-03-05T17:01:05","guid":{"rendered":"https:\/\/allin1bitcoins.com\/?page_id=22604"},"modified":"2023-03-05T17:03:06","modified_gmt":"2023-03-05T17:03:06","slug":"credit-card","status":"publish","type":"page","link":"https:\/\/allin1bitcoins.com\/de\/crypto\/gala\/credit-card\/","title":{"rendered":"Wie Man Gala Coin (GALA) Mit Kreditkarte Kauft"},"content":{"rendered":"\n<h2 class=\"wp-block-heading\">Sie k\u00f6nnen Gala Coin mit einer Kreditkarte kaufen.<\/h2>\n\n\n\n<p>Wenn Sie Gala Coin mit einer Kreditkarte kaufen m\u00f6chten, m\u00fcssen Sie eine Kryptow\u00e4hrungsb\u00f6rse finden, die Kreditkartenzahlungen akzeptiert. Beliebte B\u00f6rsen wie Coinbase, Binance und CEX.io erm\u00f6glichen den Kauf von Gala Coin mit einer Kreditkarte. Um Ihre Kreditkarte mit Ihrem Konto zu verkn\u00fcpfen, m\u00fcssen Sie sich zuerst bei einer dieser B\u00f6rsen anmelden, Ihre Identit\u00e4t best\u00e4tigen und Gala Coin als gew\u00fcnschte W\u00e4hrung ausw\u00e4hlen und den gew\u00fcnschten Kaufbetrag eingeben, sobald Ihre Kreditkarte angeh\u00e4ngt wurde.<\/p>\n\n\n\n<h2 class=\"wp-block-heading\">Gala Coin Zusammenfassung<\/h2>\n\n\n\n<p>Die Kryptow\u00e4hrung Gala Coin wurde auf der dezentralen Plattform Gala Games entwickelt, die es Benutzern erm\u00f6glicht, Spiele zu erstellen, zu spielen und zu monetarisieren. Die Hauptzahlungsmethode auf der Website ist Gala Coin, die zum Kauf und Verkauf von Spielen, zum Bezahlen von In-Game-Inhalten und zur Teilnahme an einer Vielzahl von Website-Aktivit\u00e4ten verwendet werden kann. Das Angebot und die Nachfrage auf Kryptow\u00e4hrungsb\u00f6rsen bestimmen den Wert von Gala Coin, der gegen andere Kryptow\u00e4hrungen oder Fiat-Geld wie US-Dollar ausgetauscht werden kann.<\/p>\n\n\n\n<h2 class=\"wp-block-heading\">Warum Sie eine Kreditkarte verwenden m\u00f6chten, um Gala Coin zu kaufen<\/h2>\n\n\n\n<p>Es gibt einige Gr\u00fcnde, warum es sinnvoll sein kann, eine Kreditkarte zu verwenden, um Gala Coin zu kaufen. Eine M\u00f6glichkeit ist die Bequemlichkeit. Der Kauf von Gala Coin mit einer Kreditkarte ist in der Regel schneller und einfacher als alternative Methoden wie Bank\u00fcberweisungen oder die Verwendung einer Debitkarte. Die Transaktion kann online abgeschlossen werden, und Ihr B\u00f6rsenkonto erh\u00e4lt das Geld sofort. Wenn Sie Gala Coin zu einem guten Preis erhalten m\u00f6chten und nicht auf die Abwicklung einer Bank\u00fcberweisung warten m\u00f6chten, kann dies \u00e4u\u00dferst hilfreich sein.<\/p>\n\n\n\n<p>Gala Coin kann auch mit einer Kreditkarte gekauft werden, um von den Pr\u00e4mienprogrammen der Kreditkarten zu profitieren. F\u00fcr jeden Kauf bieten mehrere Kreditkarten Anreize wie Bargeld, Punkte oder Meilen. Diese Vorteile sind verf\u00fcgbar, wenn Sie Gala Coin mit einer Kreditkarte kaufen. Dies kann ein sehr effektiver Ansatz sein, um Kosten bei zuk\u00fcnftigen Eink\u00e4ufen oder Reisen zu sparen.<\/p>\n\n\n\n<figure class=\"wp-block-embed is-type-video is-provider-youtube wp-block-embed-youtube wp-embed-aspect-16-9 wp-has-aspect-ratio\"><div class=\"wp-block-embed__wrapper\">\n<iframe title=\"Why You Need To Buy At Least 500000 Gala Coins (NOW!)\" width=\"800\" height=\"450\" src=\"https:\/\/www.youtube.com\/embed\/0sTXYw1hp2M?feature=oembed\" frameborder=\"0\" allow=\"accelerometer; autoplay; clipboard-write; encrypted-media; gyroscope; picture-in-picture; web-share\" allowfullscreen><\/iframe>\n<\/div><\/figure>\n\n\n\n<h2 class=\"wp-block-heading\">Wie man Gala Coin detailliert mit einer Kreditkarte kaufen kann<\/h2>\n\n\n\n<p><strong>Hier ist eine detaillierte Anleitung, wie Sie Gala Coin mit einer Kreditkarte kaufen k\u00f6nnen:<\/strong><\/p>\n\n\n\n<ol><li>Eine Bitcoin-B\u00f6rse, die Kreditkartenzahlungen akzeptiert, ist die beste Option. Coinbase, Binance und CEX.io sind einige beliebte Optionen.<br><br><\/li><li>Er\u00f6ffnen Sie ein Profil auf der B\u00f6rse. Sie m\u00fcssen Ihre Identit\u00e4t best\u00e4tigen und einige pers\u00f6nliche Informationen angeben.<\/li><li>Verkn\u00fcpfen Sie Ihr Konto und Ihre Kreditkarte. Ihre Kreditkarteninformationen m\u00fcssen eingegeben werden, und Sie m\u00fcssen m\u00f6glicherweise auch einen Verifizierungsprozess durchlaufen.<br><br><\/li><li>W\u00e4hlen Sie Gala Coin als das Geld aus, das Sie kaufen m\u00f6chten. Dazu k\u00f6nnen Sie entweder eine Suche nach Gala Coin auf der B\u00f6rse durchf\u00fchren oder es aus einer Liste unterst\u00fctzter W\u00e4hrungen ausw\u00e4hlen.<br><br><\/li><li>Geben Sie an, wie viele Gala Coins Sie kaufen m\u00f6chten. Sie haben die M\u00f6glichkeit, einen Prozentsatz Ihres Kreditkartenlimits zu w\u00e4hlen oder einen bestimmten Betrag einzugeben.<br><br><\/li><li>\u00dcberpr\u00fcfen Sie die Details der Transaktion und best\u00e4tigen Sie dann Ihren Kauf. Stellen Sie sicher, dass die Kosten und Wechselkurse angemessen sind, bevor Sie die Transaktion best\u00e4tigen.<br><br><\/li><li>Warten Sie auf den Abschluss der Transaktion. Es kann einige Zeit dauern, bis das Geld auf Ihr B\u00f6rsenkonto \u00fcberwiesen und Gala Coin Ihrem Konto hinzugef\u00fcgt wird.<\/li><\/ol>\n\n\n\n<h2 class=\"wp-block-heading\">Nachteile der Verwendung einer Kreditkarte zum Kauf von Gala Coin<\/h2>\n\n\n\n<p>Die Verwendung einer Kreditkarte zum Kauf von Gala Coin hat bestimmte Nachteile. Ein m\u00f6glicher Nachteil ist, dass im Vergleich zu anderen Zahlungsoptionen ein h\u00f6herer Wechselkurs berechnet werden kann. Aufgrund h\u00f6herer Verarbeitungskosten und Betrugsrisiken erheben einige B\u00f6rsen h\u00f6here Geb\u00fchren f\u00fcr Kreditkartentransaktionen. Der Kauf von Gala Coin kann insgesamt teurer werden.<\/p>\n\n\n\n<p>Es k\u00f6nnen auch Geb\u00fchren und Zinsen auf Ihre Kreditkarte erhoben werden, was ein weiterer m\u00f6glicher Nachteil ist. Wenn Sie den gesamten Saldo Ihrer Kreditkarte nicht jeden Monat ausgleichen, wird Zinsen auf den ausstehenden Betrag erhoben. Dies kann den Preis Ihres Gala Coin-Kaufs insgesamt erh\u00f6hen und teurer machen als alternative Zahlungsoptionen.<\/p>\n\n\n\n<p>Schlie\u00dflich besteht beim Kauf von Gala Coin mit einer Kreditkarte die M\u00f6glichkeit von Betrug. Obwohl die meisten B\u00f6rsen Sicherheitsvorkehrungen zum Schutz gegen Betrug haben, besteht immer die M\u00f6glichkeit, dass Ihre Kreditkartendaten gehackt werden. Wenn dies geschieht, k\u00f6nnen Sie f\u00fcr alle betr\u00fcgerischen Geb\u00fchren, die auf Ihrer Karte gemacht werden, haftbar sein.<\/p>\n\n\n\n<h2 class=\"wp-block-heading\">Schlussfolgerung<\/h2>\n\n\n\n<p>Obwohl der Kauf von Gala Coin mit einer Kreditkarte eine schnelle und einfache M\u00f6glichkeit sein kann, Kryptow\u00e4hrung zu erhalten, ist es wichtig, \u00fcber die m\u00f6glichen Nachteile nachzudenken, bevor Sie sich entscheiden. Vergleichen Sie die Kosten und Wechselkurse verschiedener B\u00f6rsen und achten Sie auf m\u00f6gliche Kreditkartengeb\u00fchren und Zinsen. Bei Online-K\u00e4ufen ist es auch entscheidend, Ihre Kreditkartendaten zu sch\u00fctzen und auf die M\u00f6glichkeit von Diebstahl zu achten.<\/p>\n\n\n\n<!-- Page-list plugin v.5.9 wordpress.org\/plugins\/page-list\/ -->\n<ul class=\"page-list siblings-page-list \">\n<li class=\"page_item page-item-22860\"><a href=\"https:\/\/allin1bitcoins.com\/de\/crypto\/gala\/paypal\/\">Wie Man Gala (GALA) Mit Paypal Kauft<\/a><\/li>\n<li class=\"page_item page-item-22713\"><a href=\"https:\/\/allin1bitcoins.com\/de\/crypto\/gala\/crypto-anonymously\/\">Wie Man Gala Coin (GALA) Anonym Mit Kryptow\u00e4hrungen Kauft<\/a><\/li>\n<li class=\"page_item page-item-22851\"><a href=\"https:\/\/allin1bitcoins.com\/de\/crypto\/gala\/australia\/\">Wie Man Gala Coin (GALA) In Australien Kauft<\/a><\/li>\n<li class=\"page_item page-item-22743\"><a href=\"https:\/\/allin1bitcoins.com\/de\/crypto\/gala\/the-netherlands\/\">Wie Man Gala Coin (GALA) In Den Niederlanden Kauft<\/a><\/li>\n<li class=\"page_item page-item-22783\"><a href=\"https:\/\/allin1bitcoins.com\/de\/crypto\/gala\/germany\/\">Wie Man Gala Coin (GALA) In Deutschland Kauft<\/a><\/li>\n<li class=\"page_item page-item-22763\"><a href=\"https:\/\/allin1bitcoins.com\/de\/crypto\/gala\/finland\/\">Wie Man Gala Coin (GALA) In Finnland Kauft<\/a><\/li>\n<li class=\"page_item page-item-22774\"><a href=\"https:\/\/allin1bitcoins.com\/de\/crypto\/gala\/france\/\">Wie Man Gala Coin (GALA) In Frankreich Kauft<\/a><\/li>\n<li class=\"page_item page-item-20228\"><a href=\"https:\/\/allin1bitcoins.com\/de\/crypto\/gala\/united-kingdom\/\">Wie Man Gala Coin (GALA) In Gro\u00dfbritannien Kauft<\/a><\/li>\n<li class=\"page_item page-item-22792\"><a href=\"https:\/\/allin1bitcoins.com\/de\/crypto\/gala\/ireland\/\">Wie Man Gala Coin (GALA) In Irland Kauft<\/a><\/li>\n<li class=\"page_item page-item-22733\"><a href=\"https:\/\/allin1bitcoins.com\/de\/crypto\/gala\/canada\/\">Wie Man Gala Coin (GALA) In Kanada Kauft<\/a><\/li>\n<li class=\"page_item page-item-22802\"><a href=\"https:\/\/allin1bitcoins.com\/de\/crypto\/gala\/luxembourg\/\">Wie Man Gala Coin (GALA) In Luxemburg Kauft<\/a><\/li>\n<li class=\"page_item page-item-22812\"><a href=\"https:\/\/allin1bitcoins.com\/de\/crypto\/gala\/new-zealand\/\">Wie Man Gala Coin (GALA) In Neuseeland Kauft<\/a><\/li>\n<li class=\"page_item page-item-22847\"><a href=\"https:\/\/allin1bitcoins.com\/de\/crypto\/gala\/norway\/\">Wie Man Gala Coin (GALA) In Norwegen Kauft<\/a><\/li>\n<li class=\"page_item page-item-22832\"><a href=\"https:\/\/allin1bitcoins.com\/de\/crypto\/gala\/sweden\/\">Wie Man Gala Coin (GALA) In Schweden Kauft<\/a><\/li>\n<li class=\"page_item page-item-22632\"><a href=\"https:\/\/allin1bitcoins.com\/de\/crypto\/gala\/american-express\/\">Wie Man Gala Coin (GALA) Mit American Express Kauft<\/a><\/li>\n<li class=\"page_item page-item-22641\"><a href=\"https:\/\/allin1bitcoins.com\/de\/crypto\/gala\/apple-pay\/\">Wie Man Gala Coin (GALA) Mit Apple Pay Kauft<\/a><\/li>\n<li class=\"page_item page-item-22653\"><a href=\"https:\/\/allin1bitcoins.com\/de\/crypto\/gala\/bank-account\/\">Wie Man Gala Coin (GALA) Mit Einem Bankkonto Kauft<\/a><\/li>\n<li class=\"page_item page-item-22622\"><a href=\"https:\/\/allin1bitcoins.com\/de\/crypto\/gala\/debit-card\/\">Wie Man Gala Coin (GALA) Mit Einer Debitkarte Kauft<\/a><\/li>\n<li class=\"page_item page-item-22662\"><a href=\"https:\/\/allin1bitcoins.com\/de\/crypto\/gala\/google-pay\/\">Wie Man Gala Coin (GALA) Mit Google Pay Kauft<\/a><\/li>\n<li class=\"page_item page-item-22604\"><a href=\"https:\/\/allin1bitcoins.com\/de\/crypto\/gala\/credit-card\/\">Wie Man Gala Coin (GALA) Mit Kreditkarte Kauft<\/a><\/li>\n<li class=\"page_item page-item-22672\"><a href=\"https:\/\/allin1bitcoins.com\/de\/crypto\/gala\/neteller\/\">Wie Man Gala Coin (GALA) Mit Neteller Kaufen Kann<\/a><\/li>\n<li class=\"page_item page-item-22682\"><a href=\"https:\/\/allin1bitcoins.com\/de\/crypto\/gala\/paysafecard\/\">Wie Man Gala Coin (GALA) Mit Paysafecard Kauft<\/a><\/li>\n<li class=\"page_item page-item-22692\"><a href=\"https:\/\/allin1bitcoins.com\/de\/crypto\/gala\/skrill\/\">Wie Man Gala Coin (GALA) Mit Skrill Kauft<\/a><\/li>\n<li class=\"page_item page-item-22702\"><a href=\"https:\/\/allin1bitcoins.com\/de\/crypto\/gala\/venmo\/\">Wie Man Gala Coin (GALA) Mit Venmo Kauft<\/a><\/li>\n\n<\/ul>\n","protected":false},"excerpt":{"rendered":"<p>Sie k\u00f6nnen Gala Coin mit einer Kreditkarte kaufen. Wenn Sie Gala Coin mit einer Kreditkarte kaufen m\u00f6chten, m\u00fcssen Sie eine Kryptow\u00e4hrungsb\u00f6rse finden, die Kreditkartenzahlungen akzeptiert. Beliebte B\u00f6rsen wie Coinbase, Binance und CEX.io erm\u00f6glichen den Kauf von Gala Coin mit einer Kreditkarte. Um Ihre Kreditkarte mit Ihrem Konto zu verkn\u00fcpfen, m\u00fcssen Sie sich zuerst bei einer&#8230;<\/p>\n","protected":false},"author":8,"featured_media":22613,"parent":22593,"menu_order":0,"comment_status":"closed","ping_status":"closed","template":"","meta":{"cybocfi_hide_featured_image":"","footnotes":""},"acf":[],"yoast_head":"<!-- This site is optimized with the Yoast SEO plugin v21.7 - https:\/\/yoast.com\/wordpress\/plugins\/seo\/ -->\n<title>Wie Man Gala Coin (GALA) Mit Kreditkarte Kauft<\/title>\n<meta name=\"description\" content=\"Sie m\u00fcssen eine Kryptow\u00e4hrungsb\u00f6rse finden, die Kreditkartenzahlungen akzeptiert, wenn Sie Gala Coin kaufen m\u00f6chten\" \/>\n<meta name=\"robots\" content=\"index, follow, max-snippet:-1, max-image-preview:large, max-video-preview:-1\" \/>\n<link rel=\"canonical\" href=\"https:\/\/allin1bitcoins.com\/de\/crypto\/gala\/credit-card\/\" \/>\n<meta property=\"og:locale\" content=\"de_DE\" \/>\n<meta property=\"og:type\" content=\"article\" \/>\n<meta property=\"og:title\" content=\"Wie Man Gala Coin (GALA) Mit Kreditkarte Kauft\" \/>\n<meta property=\"og:description\" content=\"Sie m\u00fcssen eine Kryptow\u00e4hrungsb\u00f6rse finden, die Kreditkartenzahlungen akzeptiert, wenn Sie Gala Coin kaufen m\u00f6chten\" \/>\n<meta property=\"og:url\" content=\"https:\/\/allin1bitcoins.com\/de\/crypto\/gala\/credit-card\/\" \/>\n<meta property=\"og:site_name\" content=\"Allin1Bitcoins\" \/>\n<meta property=\"article:modified_time\" content=\"2023-03-05T17:03:06+00:00\" \/>\n<meta property=\"og:image\" content=\"https:\/\/allin1bitcoins.com\/wp-content\/uploads\/2023\/03\/1.jpg\" \/>\n\t<meta property=\"og:image:width\" content=\"1920\" \/>\n\t<meta property=\"og:image:height\" content=\"1080\" \/>\n\t<meta property=\"og:image:type\" content=\"image\/jpeg\" \/>\n<meta name=\"twitter:card\" content=\"summary_large_image\" \/>\n<meta name=\"twitter:label1\" content=\"Est. reading time\" \/>\n\t<meta name=\"twitter:data1\" content=\"4 minutes\" \/>\n<!-- \/ Yoast SEO plugin. -->","yoast_head_json":{"title":"Wie Man Gala Coin (GALA) Mit Kreditkarte Kauft","description":"Sie m\u00fcssen eine Kryptow\u00e4hrungsb\u00f6rse finden, die Kreditkartenzahlungen akzeptiert, wenn Sie Gala Coin kaufen m\u00f6chten","robots":{"index":"index","follow":"follow","max-snippet":"max-snippet:-1","max-image-preview":"max-image-preview:large","max-video-preview":"max-video-preview:-1"},"canonical":"https:\/\/allin1bitcoins.com\/de\/crypto\/gala\/credit-card\/","og_locale":"de_DE","og_type":"article","og_title":"Wie Man Gala Coin (GALA) Mit Kreditkarte Kauft","og_description":"Sie m\u00fcssen eine Kryptow\u00e4hrungsb\u00f6rse finden, die Kreditkartenzahlungen akzeptiert, wenn Sie Gala Coin kaufen m\u00f6chten","og_url":"https:\/\/allin1bitcoins.com\/de\/crypto\/gala\/credit-card\/","og_site_name":"Allin1Bitcoins","article_modified_time":"2023-03-05T17:03:06+00:00","og_image":[{"width":1920,"height":1080,"url":"https:\/\/allin1bitcoins.com\/wp-content\/uploads\/2023\/03\/1.jpg","type":"image\/jpeg"}],"twitter_card":"summary_large_image","twitter_misc":{"Est. reading time":"4 minutes"},"schema":{"@context":"https:\/\/schema.org","@graph":[{"@type":"WebPage","@id":"https:\/\/allin1bitcoins.com\/de\/crypto\/gala\/credit-card\/","url":"https:\/\/allin1bitcoins.com\/de\/crypto\/gala\/credit-card\/","name":"Wie Man Gala Coin (GALA) Mit Kreditkarte Kauft","isPartOf":{"@id":"https:\/\/allin1bitcoins.com\/de\/#website"},"datePublished":"2023-03-05T17:01:05+00:00","dateModified":"2023-03-05T17:03:06+00:00","description":"Sie m\u00fcssen eine Kryptow\u00e4hrungsb\u00f6rse finden, die Kreditkartenzahlungen akzeptiert, wenn Sie Gala Coin kaufen m\u00f6chten","breadcrumb":{"@id":"https:\/\/allin1bitcoins.com\/de\/crypto\/gala\/credit-card\/#breadcrumb"},"inLanguage":"de","potentialAction":[{"@type":"ReadAction","target":["https:\/\/allin1bitcoins.com\/de\/crypto\/gala\/credit-card\/"]}]},{"@type":"BreadcrumbList","@id":"https:\/\/allin1bitcoins.com\/de\/crypto\/gala\/credit-card\/#breadcrumb","itemListElement":[{"@type":"ListItem","position":1,"name":"Home","item":"https:\/\/allin1bitcoins.com\/de\/"},{"@type":"ListItem","position":2,"name":"Krypto","item":"https:\/\/allin1bitcoins.com\/de\/crypto\/"},{"@type":"ListItem","position":3,"name":"Wie Man Gala (GALA) Kauft &#8211; Schritt-f\u00fcr-Schritt-Anleitung 2023","item":"https:\/\/allin1bitcoins.com\/de\/crypto\/gala\/"},{"@type":"ListItem","position":4,"name":"Wie Man Gala Coin (GALA) Mit Kreditkarte Kauft"}]},{"@type":"WebSite","@id":"https:\/\/allin1bitcoins.com\/de\/#website","url":"https:\/\/allin1bitcoins.com\/de\/","name":"Allin1Bitcoins","description":"","publisher":{"@id":"https:\/\/allin1bitcoins.com\/de\/#organization"},"potentialAction":[{"@type":"SearchAction","target":{"@type":"EntryPoint","urlTemplate":"https:\/\/allin1bitcoins.com\/de\/?s={search_term_string}"},"query-input":"required name=search_term_string"}],"inLanguage":"de"},{"@type":"Organization","@id":"https:\/\/allin1bitcoins.com\/de\/#organization","name":"allin1bitcoins","url":"https:\/\/allin1bitcoins.com\/de\/","logo":{"@type":"ImageObject","inLanguage":"de","@id":"https:\/\/allin1bitcoins.com\/de\/#\/schema\/logo\/image\/","url":"https:\/\/allin1bitcoins.com\/wp-content\/uploads\/2019\/01\/logo-new.png","contentUrl":"https:\/\/allin1bitcoins.com\/wp-content\/uploads\/2019\/01\/logo-new.png","width":178,"height":71,"caption":"allin1bitcoins"},"image":{"@id":"https:\/\/allin1bitcoins.com\/de\/#\/schema\/logo\/image\/"}}]}},"_links":{"self":[{"href":"https:\/\/allin1bitcoins.com\/de\/wp-json\/wp\/v2\/pages\/22604"}],"collection":[{"href":"https:\/\/allin1bitcoins.com\/de\/wp-json\/wp\/v2\/pages"}],"about":[{"href":"https:\/\/allin1bitcoins.com\/de\/wp-json\/wp\/v2\/types\/page"}],"author":[{"embeddable":true,"href":"https:\/\/allin1bitcoins.com\/de\/wp-json\/wp\/v2\/users\/8"}],"replies":[{"embeddable":true,"href":"https:\/\/allin1bitcoins.com\/de\/wp-json\/wp\/v2\/comments?post=22604"}],"version-history":[{"count":1,"href":"https:\/\/allin1bitcoins.com\/de\/wp-json\/wp\/v2\/pages\/22604\/revisions"}],"predecessor-version":[{"id":22608,"href":"https:\/\/allin1bitcoins.com\/de\/wp-json\/wp\/v2\/pages\/22604\/revisions\/22608"}],"up":[{"embeddable":true,"href":"https:\/\/allin1bitcoins.com\/de\/wp-json\/wp\/v2\/pages\/22593"}],"wp:featuredmedia":[{"embeddable":true,"href":"https:\/\/allin1bitcoins.com\/de\/wp-json\/wp\/v2\/media\/22613"}],"wp:attachment":[{"href":"https:\/\/allin1bitcoins.com\/de\/wp-json\/wp\/v2\/media?parent=22604"}],"curies":[{"name":"wp","href":"https:\/\/api.w.org\/{rel}","templated":true}]}}