{"id":22622,"date":"2023-03-05T17:24:19","date_gmt":"2023-03-05T17:24:19","guid":{"rendered":"https:\/\/allin1bitcoins.com\/?page_id=22622"},"modified":"2023-03-05T17:24:22","modified_gmt":"2023-03-05T17:24:22","slug":"debit-card","status":"publish","type":"page","link":"https:\/\/allin1bitcoins.com\/de\/crypto\/gala\/debit-card\/","title":{"rendered":"Wie Man Gala Coin (GALA) Mit Einer Debitkarte Kauft"},"content":{"rendered":"\n<h2 class=\"wp-block-heading\">Sie k\u00f6nnen Gala Coin mit einer Debitkarte kaufen.<\/h2>\n\n\n\n<p>Finden Sie eine Kryptow\u00e4hrungsb\u00f6rse, die den Kauf von Gala Coin mit Debitkarten erm\u00f6glicht und akzeptiert. Erstellen Sie ein Konto auf der B\u00f6rse und gehen Sie dann durch die erforderlichen Identifikationsverifizierungsschritte. Verkn\u00fcpfen Sie Ihr Konto und Ihre Debitkarte. W\u00e4hlen Sie Gala Coin als Kryptow\u00e4hrung aus, die Sie erwerben m\u00f6chten, geben Sie dann den gew\u00fcnschten Kaufbetrag ein. \u00dcberpr\u00fcfen Sie die Details Ihrer Transaktion und verwenden Sie Ihre Debitkarte, um die Transaktion abzuschlie\u00dfen.<\/p>\n\n\n\n<h2 class=\"wp-block-heading\">Zusammenfassung von Gala Coin<\/h2>\n\n\n\n<p>Eine Kryptow\u00e4hrung namens Gala Coin wurde entwickelt, um als Austauschmedium im Gala-Netzwerk, einem dezentralisierten Gaming- und Unterhaltungsnetzwerk, verwendet zu werden. Mit dem Gala-Netzwerk haben Spieler und Content-Produzenten Zugang zu einer dezentralisierten, offenen Umgebung, die die Sicherheit und Effektivit\u00e4t ihrer Interaktionen verbessern wird.<\/p>\n\n\n\n<p>Gala Coin basiert auf der Ethereum-Blockchain und nutzt Smart Contracts, um den Austausch und die Kommunikation zwischen Benutzern zu beschleunigen. Die Kryptow\u00e4hrung soll minimale Transaktionskosten, hohe Durchsatzraten sowie schnelle, sichere und skalierbare Transaktionen erm\u00f6glichen.<\/p>\n\n\n\n<h2 class=\"wp-block-heading\">Warum Sie eine Debitkarte zum Kauf von Gala Coin verwenden m\u00f6chten<\/h2>\n\n\n\n<p><strong>Es gibt verschiedene Faktoren zu beachten, bevor Sie eine Debitkarte zum Kauf von Gala Coin verwenden:<\/strong><\/p>\n\n\n\n<ul><li><strong>Bequemlichkeit:<\/strong> Die Verwendung einer Debitkarte zum Kauf von Gala Coin ist genauso einfach und bequem wie die Verwendung einer Kreditkarte f\u00fcr Online-K\u00e4ufe. Ohne eine neue Zahlungsmethode einrichten oder Geld von einem Bankkonto \u00fcberweisen zu m\u00fcssen, k\u00f6nnen Sie schnell und bequem etwas kaufen.<br><br><\/li><li><strong>Sicherheit: <\/strong>Im Vergleich zur Verwendung einer Kreditkarte zum Kauf von Gala Coin kann die Verwendung einer Debitkarte eine zus\u00e4tzliche Schutzschicht bieten. Anstatt Geld von einem Kreditgeber zu leihen, erm\u00f6glicht Ihnen die Verwendung einer Debitkarte den Zugriff auf bereits auf Ihrem Bankkonto vorhandene Mittel. Betrugs- und Identit\u00e4tsdiebstahlrisiken k\u00f6nnen dadurch verringert werden.<br><br><\/li><li><strong>Anonymit\u00e4t:<\/strong> Da die Transaktion nicht mit Ihrer eigenen Kreditkarte oder Ihrem Bankkonto verbunden ist, k\u00f6nnen Sie beim Kauf von Gala Coin mit einer Debitkarte einen Teil Ihrer Privatsph\u00e4re wahren. Wenn Sie Wert auf Datenschutz legen und Ihre Bitcoin-K\u00e4ufe von Ihren pers\u00f6nlichen Finanzinformationen getrennt halten m\u00f6chten, kann dies von Vorteil sein.<\/li><\/ul>\n\n\n\n<figure class=\"wp-block-embed is-type-video is-provider-youtube wp-block-embed-youtube wp-embed-aspect-16-9 wp-has-aspect-ratio\"><div class=\"wp-block-embed__wrapper\">\n<iframe title=\"GALA Games Coin Price News Today - Technical Analysis Update, Elliott Wave Forecast!\" width=\"800\" height=\"450\" src=\"https:\/\/www.youtube.com\/embed\/KiI11HV-sCw?feature=oembed\" frameborder=\"0\" allow=\"accelerometer; autoplay; clipboard-write; encrypted-media; gyroscope; picture-in-picture; web-share\" allowfullscreen><\/iframe>\n<\/div><\/figure>\n\n\n\n<h2 class=\"wp-block-heading\">So kaufen Sie Gala Coin mit einer Debitkarte im Detail.<\/h2>\n\n\n\n<p><strong>Die folgenden Anweisungen zeigen Ihnen, wie Sie Gala Coin mit einer Debitkarte kaufen k\u00f6nnen:<\/strong><\/p>\n\n\n\n<ol><li>Finden Sie eine Kryptow\u00e4hrungsb\u00f6rse, die den Kauf von Gala Coin mit Debitkarten erm\u00f6glicht und akzeptiert. Beliebte B\u00f6rsen wie Coinbase, Binance und Kraken erf\u00fcllen diese Beschreibung.<br><br><\/li><li>Erstellen Sie ein Konto auf der B\u00f6rse und gehen Sie dann durch die erforderlichen Identifikationsverifizierungsschritte. Das Hochladen eines Ausweises der Regierung und eines Adressnach.<br><br><\/li><li>Verkn\u00fcpfen Sie Ihr Konto und Ihre Debitkarte. Normalerweise m\u00fcssen Sie Ihre Karteninformationen einreichen und diese mit einer geringen Geb\u00fchr oder einer Einzahlung best\u00e4tigen.<br><br><\/li><li>W\u00e4hlen Sie Gala Coin als die Kryptow\u00e4hrung aus, die Sie erwerben m\u00f6chten, und geben Sie dann den gew\u00fcnschten Kaufbetrag ein. Es kann auch die W\u00e4hrung, die Sie f\u00fcr den Kauf verwenden m\u00f6chten, sowie Ihre gew\u00fcnschte Zahlungsmethode (Debitkarte) ausgew\u00e4hlt werden (z.B. US-Dollar).<br><br><\/li><li>\u00dcberpr\u00fcfen Sie die Details Ihrer Transaktion und verwenden Sie dann Ihre Debitkarte, um die Transaktion abzuschlie\u00dfen. In der Regel werden Ihre Debitkarteninformationen, einschlie\u00dflich der Nummer, des Ablaufdatums und des Sicherheitscodes, von Ihnen angefordert.<br><br><\/li><li>Nach Abschluss der Transaktion wird Gala Coin Ihrem Austauschkonto hinzugef\u00fcgt. Der Bitcoin geh\u00f6rt dann Ihnen, Sie k\u00f6nnen ihn behalten, gegen andere Verm\u00f6genswerte handeln oder auf eine pers\u00f6nliche Brieftasche abheben.<\/li><\/ol>\n\n\n\n<h2 class=\"wp-block-heading\">Nachteile der Verwendung einer Debitkarte zum Kauf von Gala Coin<\/h2>\n\n\n\n<p><strong>Beim Kauf von Gala Coin mit einer Debitkarte gibt es einige Nachteile zu beachten:<\/strong><\/p>\n\n\n\n<ul><li><strong>Geb\u00fchren: <\/strong>Einige B\u00f6rsen erheben Geb\u00fchren f\u00fcr Debitkarteneink\u00e4ufe, die den Endpreis Ihres Kaufs erh\u00f6hen k\u00f6nnen. Um die kosteneffektivste B\u00f6rse zu finden, m\u00fcssen Sie die von jeder B\u00f6rse erhobenen Kosten vergleichen.<br><br><\/li><li><strong>Beschr\u00e4nkungen: <\/strong>Einige B\u00f6rsen k\u00f6nnen Beschr\u00e4nkungen hinsichtlich der Menge an Gala Coin auferlegen, die Sie mit einer Debitkarte erwerben k\u00f6nnen, insbesondere wenn Sie ein neuer Benutzer sind oder die erforderlichen Identifikationsverfahren noch nicht durchlaufen haben.<br><br><\/li><li><strong>Betrugsrisiko: <\/strong>Die Verwendung einer Debitkarte zum Kauf von Gala Coin birgt das gleiche Risiko wie jede andere Online-Transaktion. Verwenden Sie nur seri\u00f6se B\u00f6rsen und treffen Sie Vorsichtsma\u00dfnahmen, um Ihre pers\u00f6nlichen und finanziellen Daten zu sch\u00fctzen, indem Sie beispielsweise die Zwei-Faktor-Authentifizierung aktivieren und \u00fcber eine sichere Internetverbindung verbinden.<\/li><\/ul>\n\n\n\n<h2 class=\"wp-block-heading\">Schlussfolgerung<\/h2>\n\n\n\n<p>Gala Coin kann auf einfache und sichere Weise mit einer Debitkarte erworben werden. Sie k\u00f6nnen Gala Coin problemlos und selbstbewusst zu Ihrem Portfolio hinzuf\u00fcgen, indem Sie die oben genannten Verfahren befolgen und sich \u00fcber m\u00f6gliche Nachteile im Klaren sind. Bevor Sie jedoch Eink\u00e4ufe t\u00e4tigen, ist es entscheidend, Ihre eigene Recherche durchzuf\u00fchren und die mit der Investition in Kryptow\u00e4hrungen verbundenen Risiken zu verstehen.<\/p>\n\n\n\n<!-- Page-list plugin v.5.9 wordpress.org\/plugins\/page-list\/ -->\n<ul class=\"page-list siblings-page-list \">\n<li class=\"page_item page-item-22860\"><a href=\"https:\/\/allin1bitcoins.com\/de\/crypto\/gala\/paypal\/\">Wie Man Gala (GALA) Mit Paypal Kauft<\/a><\/li>\n<li class=\"page_item page-item-22713\"><a href=\"https:\/\/allin1bitcoins.com\/de\/crypto\/gala\/crypto-anonymously\/\">Wie Man Gala Coin (GALA) Anonym Mit Kryptow\u00e4hrungen Kauft<\/a><\/li>\n<li class=\"page_item page-item-22851\"><a href=\"https:\/\/allin1bitcoins.com\/de\/crypto\/gala\/australia\/\">Wie Man Gala Coin (GALA) In Australien Kauft<\/a><\/li>\n<li class=\"page_item page-item-22743\"><a href=\"https:\/\/allin1bitcoins.com\/de\/crypto\/gala\/the-netherlands\/\">Wie Man Gala Coin (GALA) In Den Niederlanden Kauft<\/a><\/li>\n<li class=\"page_item page-item-22783\"><a href=\"https:\/\/allin1bitcoins.com\/de\/crypto\/gala\/germany\/\">Wie Man Gala Coin (GALA) In Deutschland Kauft<\/a><\/li>\n<li class=\"page_item page-item-22763\"><a href=\"https:\/\/allin1bitcoins.com\/de\/crypto\/gala\/finland\/\">Wie Man Gala Coin (GALA) In Finnland Kauft<\/a><\/li>\n<li class=\"page_item page-item-22774\"><a href=\"https:\/\/allin1bitcoins.com\/de\/crypto\/gala\/france\/\">Wie Man Gala Coin (GALA) In Frankreich Kauft<\/a><\/li>\n<li class=\"page_item page-item-20228\"><a href=\"https:\/\/allin1bitcoins.com\/de\/crypto\/gala\/united-kingdom\/\">Wie Man Gala Coin (GALA) In Gro\u00dfbritannien Kauft<\/a><\/li>\n<li class=\"page_item page-item-22792\"><a href=\"https:\/\/allin1bitcoins.com\/de\/crypto\/gala\/ireland\/\">Wie Man Gala Coin (GALA) In Irland Kauft<\/a><\/li>\n<li class=\"page_item page-item-22733\"><a href=\"https:\/\/allin1bitcoins.com\/de\/crypto\/gala\/canada\/\">Wie Man Gala Coin (GALA) In Kanada Kauft<\/a><\/li>\n<li class=\"page_item page-item-22802\"><a href=\"https:\/\/allin1bitcoins.com\/de\/crypto\/gala\/luxembourg\/\">Wie Man Gala Coin (GALA) In Luxemburg Kauft<\/a><\/li>\n<li class=\"page_item page-item-22812\"><a href=\"https:\/\/allin1bitcoins.com\/de\/crypto\/gala\/new-zealand\/\">Wie Man Gala Coin (GALA) In Neuseeland Kauft<\/a><\/li>\n<li class=\"page_item page-item-22847\"><a href=\"https:\/\/allin1bitcoins.com\/de\/crypto\/gala\/norway\/\">Wie Man Gala Coin (GALA) In Norwegen Kauft<\/a><\/li>\n<li class=\"page_item page-item-22832\"><a href=\"https:\/\/allin1bitcoins.com\/de\/crypto\/gala\/sweden\/\">Wie Man Gala Coin (GALA) In Schweden Kauft<\/a><\/li>\n<li class=\"page_item page-item-22632\"><a href=\"https:\/\/allin1bitcoins.com\/de\/crypto\/gala\/american-express\/\">Wie Man Gala Coin (GALA) Mit American Express Kauft<\/a><\/li>\n<li class=\"page_item page-item-22641\"><a href=\"https:\/\/allin1bitcoins.com\/de\/crypto\/gala\/apple-pay\/\">Wie Man Gala Coin (GALA) Mit Apple Pay Kauft<\/a><\/li>\n<li class=\"page_item page-item-22653\"><a href=\"https:\/\/allin1bitcoins.com\/de\/crypto\/gala\/bank-account\/\">Wie Man Gala Coin (GALA) Mit Einem Bankkonto Kauft<\/a><\/li>\n<li class=\"page_item page-item-22622\"><a href=\"https:\/\/allin1bitcoins.com\/de\/crypto\/gala\/debit-card\/\">Wie Man Gala Coin (GALA) Mit Einer Debitkarte Kauft<\/a><\/li>\n<li class=\"page_item page-item-22662\"><a href=\"https:\/\/allin1bitcoins.com\/de\/crypto\/gala\/google-pay\/\">Wie Man Gala Coin (GALA) Mit Google Pay Kauft<\/a><\/li>\n<li class=\"page_item page-item-22604\"><a href=\"https:\/\/allin1bitcoins.com\/de\/crypto\/gala\/credit-card\/\">Wie Man Gala Coin (GALA) Mit Kreditkarte Kauft<\/a><\/li>\n<li class=\"page_item page-item-22672\"><a href=\"https:\/\/allin1bitcoins.com\/de\/crypto\/gala\/neteller\/\">Wie Man Gala Coin (GALA) Mit Neteller Kaufen Kann<\/a><\/li>\n<li class=\"page_item page-item-22682\"><a href=\"https:\/\/allin1bitcoins.com\/de\/crypto\/gala\/paysafecard\/\">Wie Man Gala Coin (GALA) Mit Paysafecard Kauft<\/a><\/li>\n<li class=\"page_item page-item-22692\"><a href=\"https:\/\/allin1bitcoins.com\/de\/crypto\/gala\/skrill\/\">Wie Man Gala Coin (GALA) Mit Skrill Kauft<\/a><\/li>\n<li class=\"page_item page-item-22702\"><a href=\"https:\/\/allin1bitcoins.com\/de\/crypto\/gala\/venmo\/\">Wie Man Gala Coin (GALA) Mit Venmo Kauft<\/a><\/li>\n\n<\/ul>\n","protected":false},"excerpt":{"rendered":"<p>Sie k\u00f6nnen Gala Coin mit einer Debitkarte kaufen. Finden Sie eine Kryptow\u00e4hrungsb\u00f6rse, die den Kauf von Gala Coin mit Debitkarten erm\u00f6glicht und akzeptiert. Erstellen Sie ein Konto auf der B\u00f6rse und gehen Sie dann durch die erforderlichen Identifikationsverifizierungsschritte. Verkn\u00fcpfen Sie Ihr Konto und Ihre Debitkarte. W\u00e4hlen Sie Gala Coin als Kryptow\u00e4hrung aus, die Sie erwerben&#8230;<\/p>\n","protected":false},"author":8,"featured_media":12321,"parent":22593,"menu_order":0,"comment_status":"closed","ping_status":"closed","template":"","meta":{"cybocfi_hide_featured_image":"","footnotes":""},"acf":[],"yoast_head":"<!-- This site is optimized with the Yoast SEO plugin v21.7 - https:\/\/yoast.com\/wordpress\/plugins\/seo\/ -->\n<title>Wie Man Gala Coin (GALA) Mit Einer Debitkarte Kauft<\/title>\n<meta name=\"description\" content=\"M\u00f6chten Sie Gala Coin mit einer Debitkarte kaufen? Stellen Sie sicher, dass Sie diese erstaunlichen Tipps zum Kauf von Gala Coin.\" \/>\n<meta name=\"robots\" content=\"index, follow, max-snippet:-1, max-image-preview:large, max-video-preview:-1\" \/>\n<link rel=\"canonical\" href=\"https:\/\/allin1bitcoins.com\/de\/crypto\/gala\/debit-card\/\" \/>\n<meta property=\"og:locale\" content=\"de_DE\" \/>\n<meta property=\"og:type\" content=\"article\" \/>\n<meta property=\"og:title\" content=\"Wie Man Gala Coin (GALA) Mit Einer Debitkarte Kauft\" \/>\n<meta property=\"og:description\" content=\"M\u00f6chten Sie Gala Coin mit einer Debitkarte kaufen? Stellen Sie sicher, dass Sie diese erstaunlichen Tipps zum Kauf von Gala Coin.\" \/>\n<meta property=\"og:url\" content=\"https:\/\/allin1bitcoins.com\/de\/crypto\/gala\/debit-card\/\" \/>\n<meta property=\"og:site_name\" content=\"Allin1Bitcoins\" \/>\n<meta property=\"article:modified_time\" content=\"2023-03-05T17:24:22+00:00\" \/>\n<meta property=\"og:image\" content=\"https:\/\/allin1bitcoins.com\/wp-content\/uploads\/2022\/12\/cardmapr-nl-9fByQORuvqM-unsplash-1.jpg\" \/>\n\t<meta property=\"og:image:width\" content=\"1920\" \/>\n\t<meta property=\"og:image:height\" content=\"1282\" \/>\n\t<meta property=\"og:image:type\" content=\"image\/jpeg\" \/>\n<meta name=\"twitter:card\" content=\"summary_large_image\" \/>\n<meta name=\"twitter:label1\" content=\"Est. reading time\" \/>\n\t<meta name=\"twitter:data1\" content=\"4 minutes\" \/>\n<!-- \/ Yoast SEO plugin. -->","yoast_head_json":{"title":"Wie Man Gala Coin (GALA) Mit Einer Debitkarte Kauft","description":"M\u00f6chten Sie Gala Coin mit einer Debitkarte kaufen? Stellen Sie sicher, dass Sie diese erstaunlichen Tipps zum Kauf von Gala Coin.","robots":{"index":"index","follow":"follow","max-snippet":"max-snippet:-1","max-image-preview":"max-image-preview:large","max-video-preview":"max-video-preview:-1"},"canonical":"https:\/\/allin1bitcoins.com\/de\/crypto\/gala\/debit-card\/","og_locale":"de_DE","og_type":"article","og_title":"Wie Man Gala Coin (GALA) Mit Einer Debitkarte Kauft","og_description":"M\u00f6chten Sie Gala Coin mit einer Debitkarte kaufen? Stellen Sie sicher, dass Sie diese erstaunlichen Tipps zum Kauf von Gala Coin.","og_url":"https:\/\/allin1bitcoins.com\/de\/crypto\/gala\/debit-card\/","og_site_name":"Allin1Bitcoins","article_modified_time":"2023-03-05T17:24:22+00:00","og_image":[{"width":1920,"height":1282,"url":"https:\/\/allin1bitcoins.com\/wp-content\/uploads\/2022\/12\/cardmapr-nl-9fByQORuvqM-unsplash-1.jpg","type":"image\/jpeg"}],"twitter_card":"summary_large_image","twitter_misc":{"Est. reading time":"4 minutes"},"schema":{"@context":"https:\/\/schema.org","@graph":[{"@type":"WebPage","@id":"https:\/\/allin1bitcoins.com\/de\/crypto\/gala\/debit-card\/","url":"https:\/\/allin1bitcoins.com\/de\/crypto\/gala\/debit-card\/","name":"Wie Man Gala Coin (GALA) Mit Einer Debitkarte Kauft","isPartOf":{"@id":"https:\/\/allin1bitcoins.com\/de\/#website"},"datePublished":"2023-03-05T17:24:19+00:00","dateModified":"2023-03-05T17:24:22+00:00","description":"M\u00f6chten Sie Gala Coin mit einer Debitkarte kaufen? Stellen Sie sicher, dass Sie diese erstaunlichen Tipps zum Kauf von Gala Coin.","breadcrumb":{"@id":"https:\/\/allin1bitcoins.com\/de\/crypto\/gala\/debit-card\/#breadcrumb"},"inLanguage":"de","potentialAction":[{"@type":"ReadAction","target":["https:\/\/allin1bitcoins.com\/de\/crypto\/gala\/debit-card\/"]}]},{"@type":"BreadcrumbList","@id":"https:\/\/allin1bitcoins.com\/de\/crypto\/gala\/debit-card\/#breadcrumb","itemListElement":[{"@type":"ListItem","position":1,"name":"Home","item":"https:\/\/allin1bitcoins.com\/de\/"},{"@type":"ListItem","position":2,"name":"Krypto","item":"https:\/\/allin1bitcoins.com\/de\/crypto\/"},{"@type":"ListItem","position":3,"name":"Wie Man Gala (GALA) Kauft &#8211; Schritt-f\u00fcr-Schritt-Anleitung 2023","item":"https:\/\/allin1bitcoins.com\/de\/crypto\/gala\/"},{"@type":"ListItem","position":4,"name":"Wie Man Gala Coin (GALA) Mit Einer Debitkarte Kauft"}]},{"@type":"WebSite","@id":"https:\/\/allin1bitcoins.com\/de\/#website","url":"https:\/\/allin1bitcoins.com\/de\/","name":"Allin1Bitcoins","description":"","publisher":{"@id":"https:\/\/allin1bitcoins.com\/de\/#organization"},"potentialAction":[{"@type":"SearchAction","target":{"@type":"EntryPoint","urlTemplate":"https:\/\/allin1bitcoins.com\/de\/?s={search_term_string}"},"query-input":"required name=search_term_string"}],"inLanguage":"de"},{"@type":"Organization","@id":"https:\/\/allin1bitcoins.com\/de\/#organization","name":"allin1bitcoins","url":"https:\/\/allin1bitcoins.com\/de\/","logo":{"@type":"ImageObject","inLanguage":"de","@id":"https:\/\/allin1bitcoins.com\/de\/#\/schema\/logo\/image\/","url":"https:\/\/allin1bitcoins.com\/wp-content\/uploads\/2019\/01\/logo-new.png","contentUrl":"https:\/\/allin1bitcoins.com\/wp-content\/uploads\/2019\/01\/logo-new.png","width":178,"height":71,"caption":"allin1bitcoins"},"image":{"@id":"https:\/\/allin1bitcoins.com\/de\/#\/schema\/logo\/image\/"}}]}},"_links":{"self":[{"href":"https:\/\/allin1bitcoins.com\/de\/wp-json\/wp\/v2\/pages\/22622"}],"collection":[{"href":"https:\/\/allin1bitcoins.com\/de\/wp-json\/wp\/v2\/pages"}],"about":[{"href":"https:\/\/allin1bitcoins.com\/de\/wp-json\/wp\/v2\/types\/page"}],"author":[{"embeddable":true,"href":"https:\/\/allin1bitcoins.com\/de\/wp-json\/wp\/v2\/users\/8"}],"replies":[{"embeddable":true,"href":"https:\/\/allin1bitcoins.com\/de\/wp-json\/wp\/v2\/comments?post=22622"}],"version-history":[{"count":1,"href":"https:\/\/allin1bitcoins.com\/de\/wp-json\/wp\/v2\/pages\/22622\/revisions"}],"predecessor-version":[{"id":22626,"href":"https:\/\/allin1bitcoins.com\/de\/wp-json\/wp\/v2\/pages\/22622\/revisions\/22626"}],"up":[{"embeddable":true,"href":"https:\/\/allin1bitcoins.com\/de\/wp-json\/wp\/v2\/pages\/22593"}],"wp:featuredmedia":[{"embeddable":true,"href":"https:\/\/allin1bitcoins.com\/de\/wp-json\/wp\/v2\/media\/12321"}],"wp:attachment":[{"href":"https:\/\/allin1bitcoins.com\/de\/wp-json\/wp\/v2\/media?parent=22622"}],"curies":[{"name":"wp","href":"https:\/\/api.w.org\/{rel}","templated":true}]}}