{"id":22702,"date":"2023-03-06T07:24:06","date_gmt":"2023-03-06T07:24:06","guid":{"rendered":"https:\/\/allin1bitcoins.com\/?page_id=22702"},"modified":"2023-03-06T07:24:09","modified_gmt":"2023-03-06T07:24:09","slug":"venmo","status":"publish","type":"page","link":"https:\/\/allin1bitcoins.com\/de\/crypto\/gala\/venmo\/","title":{"rendered":"Wie Man Gala Coin (GALA) Mit Venmo Kauft"},"content":{"rendered":"\n<h2 class=\"wp-block-heading\">Sie k\u00f6nnen Gala Coin mit Venmo kaufen.<\/h2>\n\n\n\n<p>Um Gala Coin mit Venmo zu kaufen, m\u00fcssen Sie zuerst eine Kryptow\u00e4hrungsb\u00f6rse oder einen Online-Shop finden, der Venmo als Zahlungsmethode akzeptiert. Um Gala Coin zu kaufen, m\u00fcssen Sie sich anschlie\u00dfend auf der B\u00f6rse registrieren, Ihr Venmo-Konto verkn\u00fcpfen und den Anweisungen der Plattform folgen.<\/p>\n\n\n\n<h2 class=\"wp-block-heading\">Zusammenfassung des Gala Coin<\/h2>\n\n\n\n<p>Das Gala-Netzwerk ist eine dezentrale Plattform zur Erstellung und Bereitstellung dezentraler Apps, die die dezentrale Kryptow\u00e4hrung Gala Coin (DApps) hervorgebracht hat. Aufgrund der von dem Gala-Netzwerk verwendeten Proof-of-Stake (PoS)-Konsens-Technik m\u00fcssen Benutzer ihre Gala Coins setzen, um am Netzwerk teilzunehmen und Transaktionen zu validieren.<\/p>\n\n\n\n<p>Die native W\u00e4hrung des Gala-Netzwerks ist Gala Coin, und sie kann verwendet werden, um auf eine Vielzahl von DApps zuzugreifen und sie zu nutzen, die auf dem System entwickelt wurden, sowie um Transaktionsgeb\u00fchren zu bezahlen. Gala Coin ist eine Kryptow\u00e4hrung, die potenziell als Anlageinstrument genutzt und auf Kryptow\u00e4hrungsb\u00f6rsen gehandelt werden kann.<\/p>\n\n\n\n<h2 class=\"wp-block-heading\">Warum Sie Gala Coin mit Venmo kaufen m\u00f6chten?<\/h2>\n\n\n\n<p>Es gibt einige Faktoren zu ber\u00fccksichtigen, wenn Sie Gala Coin mit Venmo kaufen m\u00f6chten. Bequemlichkeit ist ein Faktor. Kunden des bekannten Online-Zahlungsdienstes Venmo k\u00f6nnen mit ihren Desktops oder mobilen Ger\u00e4ten einfach Geld senden und empfangen. Wenn Sie bereits ein Konto haben und es gewohnt sind zu verwenden, kann Venmo eine bequeme Wahl sein, um Gala Coin zu kaufen.<\/p>\n\n\n\n<p>Ein weiterer Faktor ist die Sicherheit. Sie k\u00f6nnen sich beim Kauf von Gala Coin mit Venmo aufgrund der ausgefeilten Sicherheitsverfahren, die zur Sicherung von Benutzerdaten und Transaktionen verwendet werden, sicher f\u00fchlen. Dar\u00fcber hinaus kann die Verwendung von Venmo zum Kauf von Gala Coin eine sicherere Alternative sein als die Verwendung einer Kredit- oder Debitkarte, da Sie der B\u00f6rse oder Online-Plattform keinen Zugang zu Ihren Kartendaten geben m\u00fcssen.<\/p>\n\n\n\n<h2 class=\"wp-block-heading\">Ausf\u00fchrliche Anleitung zum Kauf von Gala Coins mit Venmo<\/h2>\n\n\n\n<ol><li>Finden Sie eine Kryptow\u00e4hrungsb\u00f6rse oder einen Online-Shop, wo Sie Gala Coin mit Venmo kaufen k\u00f6nnen. Coinbase, Binance und Kraken sind einige beliebte Optionen.<br><br><\/li><li>Erstellen Sie ein Profil auf der Plattform oder B\u00f6rse. In der Regel m\u00fcssen Sie einen Benutzernamen und ein Passwort erstellen und einige pers\u00f6nliche Informationen wie Ihren Namen, Ihre E-Mail-Adresse und Ihr Geburtsdatum angeben.<br><br><\/li><li>Verbinden Sie Ihr Venmo-Konto mit dem Marktplatz oder der Anwendung. In der Regel m\u00fcssen Sie sich dazu in Ihr Venmo-Konto einloggen und der B\u00f6rse oder Plattform Zugriff auf Ihr Konto gew\u00e4hren.<br><br><\/li><li>Um Gala Coin zu kaufen, folgen Sie den Anweisungen auf der Plattform. Dies beinhaltet in der Regel die Auswahl von Gala Coin als der Kryptow\u00e4hrung, die Sie kaufen m\u00f6chten, die Angabe der Menge und die Best\u00e4tigung der Transaktion.<br><br><\/li><li>Warten Sie auf Abschluss der Transaktion. Die B\u00f6rse oder Plattform, die Sie verwenden, sowie die aktuelle Nachfrage nach Gala Coin werden alle dazu beitragen, wie lange es dauert, bis die Transaktion abgeschlossen ist.<\/li><\/ol>\n\n\n\n<figure class=\"wp-block-embed is-type-video is-provider-youtube wp-block-embed-youtube wp-embed-aspect-16-9 wp-has-aspect-ratio\"><div class=\"wp-block-embed__wrapper\">\n<iframe title=\"How to Buy Bitcoin and Crypto with Venmo! - Fast Tutorial Venmo Buy Crypto\" width=\"800\" height=\"450\" src=\"https:\/\/www.youtube.com\/embed\/z664Q0vvj2A?feature=oembed\" frameborder=\"0\" allow=\"accelerometer; autoplay; clipboard-write; encrypted-media; gyroscope; picture-in-picture; web-share\" allowfullscreen><\/iframe>\n<\/div><\/figure>\n\n\n\n<h2 class=\"wp-block-heading\">Nachteile beim Kauf von Gala Coin mit Venmo<\/h2>\n\n\n\n<p>Es gibt einige m\u00f6gliche Nachteile zu ber\u00fccksichtigen, w\u00e4hrend Sie Gala Coin mit Venmo kaufen. Ein Nachteil ist der Kostenfaktor. F\u00fcr einige Arten von Transaktionen, wie dem Senden von Geld mit einer Kreditkarte oder dem Empfangen von Geld im Namen eines Unternehmens, erhebt Venmo eine Geb\u00fchr. Diese Kosten k\u00f6nnen sich schnell summieren, insbesondere wenn Sie eine gro\u00dfe Menge an Gala Coin kaufen.<\/p>\n\n\n\n<p>Ein weiterer Nachteil ist die M\u00f6glichkeit von Instabilit\u00e4t. Wie alle Kryptow\u00e4hrungen kann sich der Wert von Gala Coin im Laufe der Zeit stark ver\u00e4ndern. Dies bedeutet, dass je nach Marktsituation der Wert Ihrer Investition steigen oder fallen kann. Auch wenn der Kauf von Gala Coin mit Venmo praktisch sein kann, sollten Sie die Risiken sorgf\u00e4ltig abw\u00e4gen und nur Geld investieren, das Sie sich leisten k\u00f6nnen zu verlieren.<\/p>\n\n\n\n<h2 class=\"wp-block-heading\">Schlussfolgerung<\/h2>\n\n\n\n<p>Es ist ziemlich einfach, Gala Coin mit Venmo zu kaufen, aber um die Sicherheit Ihrer Transaktion zu gew\u00e4hrleisten, ist es entscheidend, Ihre Recherche durchzuf\u00fchren und eine zuverl\u00e4ssige B\u00f6rse oder Plattform auszuw\u00e4hlen. Obwohl Venmo ein schneller und sicherer Weg ist, um Geld zu senden, ist es wichtig, eventuell anfallende Geb\u00fchren und die potenziellen Risiken von Investitionen in Kryptow\u00e4hrungen zu verstehen. Bevor Sie eine Investition t\u00e4tigen, wie bei jeder anderen auch, ist es entscheidend, Ihre finanzielle Situation und Risikotoleranz sorgf\u00e4ltig zu bewerten. Alles in allem kann der Kauf von Gala Coin mit Venmo eine praktische und sichere Wahl f\u00fcr Menschen sein, die in Kryptow\u00e4hrungen investieren m\u00f6chten, aber es ist entscheidend, alle Vor- und Nachteile gr\u00fcndlich abzuw\u00e4gen, bevor Sie dies tun.<\/p>\n\n\n\n<!-- Page-list plugin v.5.9 wordpress.org\/plugins\/page-list\/ -->\n<ul class=\"page-list siblings-page-list \">\n<li class=\"page_item page-item-22860\"><a href=\"https:\/\/allin1bitcoins.com\/de\/crypto\/gala\/paypal\/\">Wie Man Gala (GALA) Mit Paypal Kauft<\/a><\/li>\n<li class=\"page_item page-item-22713\"><a href=\"https:\/\/allin1bitcoins.com\/de\/crypto\/gala\/crypto-anonymously\/\">Wie Man Gala Coin (GALA) Anonym Mit Kryptow\u00e4hrungen Kauft<\/a><\/li>\n<li class=\"page_item page-item-22851\"><a href=\"https:\/\/allin1bitcoins.com\/de\/crypto\/gala\/australia\/\">Wie Man Gala Coin (GALA) In Australien Kauft<\/a><\/li>\n<li class=\"page_item page-item-22743\"><a href=\"https:\/\/allin1bitcoins.com\/de\/crypto\/gala\/the-netherlands\/\">Wie Man Gala Coin (GALA) In Den Niederlanden Kauft<\/a><\/li>\n<li class=\"page_item page-item-22783\"><a href=\"https:\/\/allin1bitcoins.com\/de\/crypto\/gala\/germany\/\">Wie Man Gala Coin (GALA) In Deutschland Kauft<\/a><\/li>\n<li class=\"page_item page-item-22763\"><a href=\"https:\/\/allin1bitcoins.com\/de\/crypto\/gala\/finland\/\">Wie Man Gala Coin (GALA) In Finnland Kauft<\/a><\/li>\n<li class=\"page_item page-item-22774\"><a href=\"https:\/\/allin1bitcoins.com\/de\/crypto\/gala\/france\/\">Wie Man Gala Coin (GALA) In Frankreich Kauft<\/a><\/li>\n<li class=\"page_item page-item-20228\"><a href=\"https:\/\/allin1bitcoins.com\/de\/crypto\/gala\/united-kingdom\/\">Wie Man Gala Coin (GALA) In Gro\u00dfbritannien Kauft<\/a><\/li>\n<li class=\"page_item page-item-22792\"><a href=\"https:\/\/allin1bitcoins.com\/de\/crypto\/gala\/ireland\/\">Wie Man Gala Coin (GALA) In Irland Kauft<\/a><\/li>\n<li class=\"page_item page-item-22733\"><a href=\"https:\/\/allin1bitcoins.com\/de\/crypto\/gala\/canada\/\">Wie Man Gala Coin (GALA) In Kanada Kauft<\/a><\/li>\n<li class=\"page_item page-item-22802\"><a href=\"https:\/\/allin1bitcoins.com\/de\/crypto\/gala\/luxembourg\/\">Wie Man Gala Coin (GALA) In Luxemburg Kauft<\/a><\/li>\n<li class=\"page_item page-item-22812\"><a href=\"https:\/\/allin1bitcoins.com\/de\/crypto\/gala\/new-zealand\/\">Wie Man Gala Coin (GALA) In Neuseeland Kauft<\/a><\/li>\n<li class=\"page_item page-item-22847\"><a href=\"https:\/\/allin1bitcoins.com\/de\/crypto\/gala\/norway\/\">Wie Man Gala Coin (GALA) In Norwegen Kauft<\/a><\/li>\n<li class=\"page_item page-item-22832\"><a href=\"https:\/\/allin1bitcoins.com\/de\/crypto\/gala\/sweden\/\">Wie Man Gala Coin (GALA) In Schweden Kauft<\/a><\/li>\n<li class=\"page_item page-item-22632\"><a href=\"https:\/\/allin1bitcoins.com\/de\/crypto\/gala\/american-express\/\">Wie Man Gala Coin (GALA) Mit American Express Kauft<\/a><\/li>\n<li class=\"page_item page-item-22641\"><a href=\"https:\/\/allin1bitcoins.com\/de\/crypto\/gala\/apple-pay\/\">Wie Man Gala Coin (GALA) Mit Apple Pay Kauft<\/a><\/li>\n<li class=\"page_item page-item-22653\"><a href=\"https:\/\/allin1bitcoins.com\/de\/crypto\/gala\/bank-account\/\">Wie Man Gala Coin (GALA) Mit Einem Bankkonto Kauft<\/a><\/li>\n<li class=\"page_item page-item-22622\"><a href=\"https:\/\/allin1bitcoins.com\/de\/crypto\/gala\/debit-card\/\">Wie Man Gala Coin (GALA) Mit Einer Debitkarte Kauft<\/a><\/li>\n<li class=\"page_item page-item-22662\"><a href=\"https:\/\/allin1bitcoins.com\/de\/crypto\/gala\/google-pay\/\">Wie Man Gala Coin (GALA) Mit Google Pay Kauft<\/a><\/li>\n<li class=\"page_item page-item-22604\"><a href=\"https:\/\/allin1bitcoins.com\/de\/crypto\/gala\/credit-card\/\">Wie Man Gala Coin (GALA) Mit Kreditkarte Kauft<\/a><\/li>\n<li class=\"page_item page-item-22672\"><a href=\"https:\/\/allin1bitcoins.com\/de\/crypto\/gala\/neteller\/\">Wie Man Gala Coin (GALA) Mit Neteller Kaufen Kann<\/a><\/li>\n<li class=\"page_item page-item-22682\"><a href=\"https:\/\/allin1bitcoins.com\/de\/crypto\/gala\/paysafecard\/\">Wie Man Gala Coin (GALA) Mit Paysafecard Kauft<\/a><\/li>\n<li class=\"page_item page-item-22692\"><a href=\"https:\/\/allin1bitcoins.com\/de\/crypto\/gala\/skrill\/\">Wie Man Gala Coin (GALA) Mit Skrill Kauft<\/a><\/li>\n<li class=\"page_item page-item-22702\"><a href=\"https:\/\/allin1bitcoins.com\/de\/crypto\/gala\/venmo\/\">Wie Man Gala Coin (GALA) Mit Venmo Kauft<\/a><\/li>\n\n<\/ul>\n","protected":false},"excerpt":{"rendered":"<p>Sie k\u00f6nnen Gala Coin mit Venmo kaufen. Um Gala Coin mit Venmo zu kaufen, m\u00fcssen Sie zuerst eine Kryptow\u00e4hrungsb\u00f6rse oder einen Online-Shop finden, der Venmo als Zahlungsmethode akzeptiert. Um Gala Coin zu kaufen, m\u00fcssen Sie sich anschlie\u00dfend auf der B\u00f6rse registrieren, Ihr Venmo-Konto verkn\u00fcpfen und den Anweisungen der Plattform folgen. Zusammenfassung des Gala Coin Das&#8230;<\/p>\n","protected":false},"author":8,"featured_media":12420,"parent":22593,"menu_order":0,"comment_status":"closed","ping_status":"closed","template":"","meta":{"cybocfi_hide_featured_image":"","footnotes":""},"acf":[],"yoast_head":"<!-- This site is optimized with the Yoast SEO plugin v21.7 - https:\/\/yoast.com\/wordpress\/plugins\/seo\/ -->\n<title>Wie Man Gala Coin (GALA) Mit Venmo Kauft<\/title>\n<meta name=\"description\" content=\"Um Gala Coin mit Venmo zu kaufen, m\u00fcssen Sie zuerst eine Kryptow\u00e4hrungsb\u00f6rse oder einen Online-Shop finden, der Venmo.\" \/>\n<meta name=\"robots\" content=\"index, follow, max-snippet:-1, max-image-preview:large, max-video-preview:-1\" \/>\n<link rel=\"canonical\" href=\"https:\/\/allin1bitcoins.com\/de\/crypto\/gala\/venmo\/\" \/>\n<meta property=\"og:locale\" content=\"de_DE\" \/>\n<meta property=\"og:type\" content=\"article\" \/>\n<meta property=\"og:title\" content=\"Wie Man Gala Coin (GALA) Mit Venmo Kauft\" \/>\n<meta property=\"og:description\" content=\"Um Gala Coin mit Venmo zu kaufen, m\u00fcssen Sie zuerst eine Kryptow\u00e4hrungsb\u00f6rse oder einen Online-Shop finden, der Venmo.\" \/>\n<meta property=\"og:url\" content=\"https:\/\/allin1bitcoins.com\/de\/crypto\/gala\/venmo\/\" \/>\n<meta property=\"og:site_name\" content=\"Allin1Bitcoins\" \/>\n<meta property=\"article:modified_time\" content=\"2023-03-06T07:24:09+00:00\" \/>\n<meta property=\"og:image\" content=\"https:\/\/allin1bitcoins.com\/wp-content\/uploads\/2022\/12\/tech-daily-nExZ4CoZbR4-unsplash.jpg\" \/>\n\t<meta property=\"og:image:width\" content=\"1920\" \/>\n\t<meta property=\"og:image:height\" content=\"1280\" \/>\n\t<meta property=\"og:image:type\" content=\"image\/jpeg\" \/>\n<meta name=\"twitter:card\" content=\"summary_large_image\" \/>\n<meta name=\"twitter:label1\" content=\"Est. reading time\" \/>\n\t<meta name=\"twitter:data1\" content=\"4 minutes\" \/>\n<!-- \/ Yoast SEO plugin. -->","yoast_head_json":{"title":"Wie Man Gala Coin (GALA) Mit Venmo Kauft","description":"Um Gala Coin mit Venmo zu kaufen, m\u00fcssen Sie zuerst eine Kryptow\u00e4hrungsb\u00f6rse oder einen Online-Shop finden, der Venmo.","robots":{"index":"index","follow":"follow","max-snippet":"max-snippet:-1","max-image-preview":"max-image-preview:large","max-video-preview":"max-video-preview:-1"},"canonical":"https:\/\/allin1bitcoins.com\/de\/crypto\/gala\/venmo\/","og_locale":"de_DE","og_type":"article","og_title":"Wie Man Gala Coin (GALA) Mit Venmo Kauft","og_description":"Um Gala Coin mit Venmo zu kaufen, m\u00fcssen Sie zuerst eine Kryptow\u00e4hrungsb\u00f6rse oder einen Online-Shop finden, der Venmo.","og_url":"https:\/\/allin1bitcoins.com\/de\/crypto\/gala\/venmo\/","og_site_name":"Allin1Bitcoins","article_modified_time":"2023-03-06T07:24:09+00:00","og_image":[{"width":1920,"height":1280,"url":"https:\/\/allin1bitcoins.com\/wp-content\/uploads\/2022\/12\/tech-daily-nExZ4CoZbR4-unsplash.jpg","type":"image\/jpeg"}],"twitter_card":"summary_large_image","twitter_misc":{"Est. reading time":"4 minutes"},"schema":{"@context":"https:\/\/schema.org","@graph":[{"@type":"WebPage","@id":"https:\/\/allin1bitcoins.com\/de\/crypto\/gala\/venmo\/","url":"https:\/\/allin1bitcoins.com\/de\/crypto\/gala\/venmo\/","name":"Wie Man Gala Coin (GALA) Mit Venmo Kauft","isPartOf":{"@id":"https:\/\/allin1bitcoins.com\/de\/#website"},"datePublished":"2023-03-06T07:24:06+00:00","dateModified":"2023-03-06T07:24:09+00:00","description":"Um Gala Coin mit Venmo zu kaufen, m\u00fcssen Sie zuerst eine Kryptow\u00e4hrungsb\u00f6rse oder einen Online-Shop finden, der Venmo.","breadcrumb":{"@id":"https:\/\/allin1bitcoins.com\/de\/crypto\/gala\/venmo\/#breadcrumb"},"inLanguage":"de","potentialAction":[{"@type":"ReadAction","target":["https:\/\/allin1bitcoins.com\/de\/crypto\/gala\/venmo\/"]}]},{"@type":"BreadcrumbList","@id":"https:\/\/allin1bitcoins.com\/de\/crypto\/gala\/venmo\/#breadcrumb","itemListElement":[{"@type":"ListItem","position":1,"name":"Home","item":"https:\/\/allin1bitcoins.com\/de\/"},{"@type":"ListItem","position":2,"name":"Krypto","item":"https:\/\/allin1bitcoins.com\/de\/crypto\/"},{"@type":"ListItem","position":3,"name":"Wie Man Gala (GALA) Kauft &#8211; Schritt-f\u00fcr-Schritt-Anleitung 2023","item":"https:\/\/allin1bitcoins.com\/de\/crypto\/gala\/"},{"@type":"ListItem","position":4,"name":"Wie Man Gala Coin (GALA) Mit Venmo Kauft"}]},{"@type":"WebSite","@id":"https:\/\/allin1bitcoins.com\/de\/#website","url":"https:\/\/allin1bitcoins.com\/de\/","name":"Allin1Bitcoins","description":"","publisher":{"@id":"https:\/\/allin1bitcoins.com\/de\/#organization"},"potentialAction":[{"@type":"SearchAction","target":{"@type":"EntryPoint","urlTemplate":"https:\/\/allin1bitcoins.com\/de\/?s={search_term_string}"},"query-input":"required name=search_term_string"}],"inLanguage":"de"},{"@type":"Organization","@id":"https:\/\/allin1bitcoins.com\/de\/#organization","name":"allin1bitcoins","url":"https:\/\/allin1bitcoins.com\/de\/","logo":{"@type":"ImageObject","inLanguage":"de","@id":"https:\/\/allin1bitcoins.com\/de\/#\/schema\/logo\/image\/","url":"https:\/\/allin1bitcoins.com\/wp-content\/uploads\/2019\/01\/logo-new.png","contentUrl":"https:\/\/allin1bitcoins.com\/wp-content\/uploads\/2019\/01\/logo-new.png","width":178,"height":71,"caption":"allin1bitcoins"},"image":{"@id":"https:\/\/allin1bitcoins.com\/de\/#\/schema\/logo\/image\/"}}]}},"_links":{"self":[{"href":"https:\/\/allin1bitcoins.com\/de\/wp-json\/wp\/v2\/pages\/22702"}],"collection":[{"href":"https:\/\/allin1bitcoins.com\/de\/wp-json\/wp\/v2\/pages"}],"about":[{"href":"https:\/\/allin1bitcoins.com\/de\/wp-json\/wp\/v2\/types\/page"}],"author":[{"embeddable":true,"href":"https:\/\/allin1bitcoins.com\/de\/wp-json\/wp\/v2\/users\/8"}],"replies":[{"embeddable":true,"href":"https:\/\/allin1bitcoins.com\/de\/wp-json\/wp\/v2\/comments?post=22702"}],"version-history":[{"count":1,"href":"https:\/\/allin1bitcoins.com\/de\/wp-json\/wp\/v2\/pages\/22702\/revisions"}],"predecessor-version":[{"id":22706,"href":"https:\/\/allin1bitcoins.com\/de\/wp-json\/wp\/v2\/pages\/22702\/revisions\/22706"}],"up":[{"embeddable":true,"href":"https:\/\/allin1bitcoins.com\/de\/wp-json\/wp\/v2\/pages\/22593"}],"wp:featuredmedia":[{"embeddable":true,"href":"https:\/\/allin1bitcoins.com\/de\/wp-json\/wp\/v2\/media\/12420"}],"wp:attachment":[{"href":"https:\/\/allin1bitcoins.com\/de\/wp-json\/wp\/v2\/media?parent=22702"}],"curies":[{"name":"wp","href":"https:\/\/api.w.org\/{rel}","templated":true}]}}