{"id":22802,"date":"2023-03-08T17:21:10","date_gmt":"2023-03-08T17:21:10","guid":{"rendered":"https:\/\/allin1bitcoins.com\/?page_id=22802"},"modified":"2023-03-08T17:24:11","modified_gmt":"2023-03-08T17:24:11","slug":"luxembourg","status":"publish","type":"page","link":"https:\/\/allin1bitcoins.com\/de\/crypto\/gala\/luxembourg\/","title":{"rendered":"Wie Man Gala Coin (GALA) In Luxemburg Kauft"},"content":{"rendered":"\n<p>Die Suche nach einer Kryptow\u00e4hrungsb\u00f6rse, die Gala Coin unterst\u00fctzt, ist der erste Schritt, wenn Sie Gala Coin in Luxemburg kaufen m\u00f6chten. Gala Coin wird von mehreren bekannten B\u00f6rsen unterst\u00fctzt, darunter OKEx, Huobi und Binance. Sie m\u00fcssen sich f\u00fcr ein Konto registrieren, Ihre Identit\u00e4t nachweisen und dann Geld auf Ihr Konto \u00fcberweisen, wenn Sie eine B\u00f6rse gefunden haben, die Gala Coin akzeptiert. Sobald Ihr Konto finanziert ist, k\u00f6nnen Sie Ihre ausgew\u00e4hlte Zahlungsmethode verwenden, um eine Bestellung zum Kauf von Gala Coin aufzugeben.<\/p>\n\n\n\n<h2 class=\"wp-block-heading\">Zusammenfassung von Gala Coin<\/h2>\n\n\n\n<p>Eine dezentralisierte Kryptow\u00e4hrung namens Gala Coin ist als Tauschmittel und Wertspeicher gedacht. Sie basiert auf der Ethereum-Blockchain und nutzt Smart Contracts, um Transaktionen zu beschleunigen und Netzwerkrichtlinien durchzusetzen. Gala Coin ist benutzerfreundlich und zug\u00e4nglich konzipiert und soll schnell, sicher und skalierbar sein.<\/p>\n\n\n\n<p>Der Schwerpunkt von Gala Coin auf der lokalen Regierung ist eine ihrer herausragenden Eigenschaften. Die F\u00e4higkeit der Gala Coin-Community, Netzwerkupdates vorzuschlagen und dar\u00fcber abzustimmen, erm\u00f6glicht es dem Netzwerk, dezentralisiert und anpassungsf\u00e4hig an die Bed\u00fcrfnisse seiner Benutzer zu bleiben.<\/p>\n\n\n\n<h2 class=\"wp-block-heading\">Vorteile des Kaufs von Gala Coin<\/h2>\n\n\n\n<p><strong>Der Kauf von Gala Coin hat mehrere Vorteile, darunter:<\/strong><\/p>\n\n\n\n<ul><li><strong>Dezentralisiert: <\/strong>Gala Coin ist eine dezentralisierte Kryptow\u00e4hrung, was bedeutet, dass keine einzelne Entit\u00e4t wie eine Bank oder die Regierung die Kontrolle dar\u00fcber hat. Dadurch ist es weniger anf\u00e4llig f\u00fcr Zensur, Betrug und andere Arten von Manipulation.<br><br><\/li><li><strong>Sicher: <\/strong>Gala Coin verwendet modernste Kryptographie, um seine Transaktionen zu sch\u00fctzen und Betrug zu verhindern. Die M\u00f6glichkeit, Wert auf diese Weise zu speichern und zu \u00fcbertragen, ist sicher und gesch\u00fctzt.<br><br><\/li><li><strong>Niedrige Transaktionsgeb\u00fchren: <\/strong>Das Gala Coin-Netzwerk ist eine erschwingliche Option f\u00fcr sowohl kleine als auch gro\u00dfe Transaktionen, da die Transaktionsgeb\u00fchren in der Regel sehr gering sind.<br><br><\/li><li><strong>Gemeinschaftsregierung: <\/strong>Wie bereits erw\u00e4hnt, hat die Gala Coin-Community die M\u00f6glichkeit, Netzwerk\u00e4nderungen vorzuschlagen und zu entscheiden. Dies erleichtert die Aufrechterhaltung der Reaktionsf\u00e4higkeit des Netzwerks auf Benutzerbed\u00fcrfnisse. Gala Coin wurde geschaffen, um allen Benutzern zug\u00e4nglich zu sein, unabh\u00e4ngig von ihrem technischen Wissen oder finanziellen M\u00f6glichkeiten. Es ist benutzerfreundlich und von jedem Ort mit Internetverbindung aus zug\u00e4nglich.<\/li><\/ul>\n\n\n\n<h2 class=\"wp-block-heading\">Ausf\u00fchrliche Anweisungen zum Kauf von Gala Coin in Luxemburg<\/h2>\n\n\n\n<ol><li>Die Suche nach einer Kryptow\u00e4hrungsb\u00f6rse, die Gala Coin unterst\u00fctzt, ist der erste Schritt beim Kauf von Gala Coin in Luxemburg. Gala Coin wird von einer Reihe bekannter B\u00f6rsen unterst\u00fctzt, darunter OKEx, Huobi und Binance.<br><br><\/li><li>Sobald Sie eine B\u00f6rse gefunden haben, die Gala Coin akzeptiert, m\u00fcssen Sie auf dieser Plattform ein Konto registrieren. In der Regel m\u00fcssen Sie dazu einige pers\u00f6nliche Daten angeben und Ihre Identit\u00e4t nachweisen.<br><br><\/li><li>\u00dcberweisen Sie Geld auf Ihr Konto: Nachdem Sie Ihr Konto eingerichtet haben, m\u00fcssen Sie Geld darauf einzahlen, um Gala Coin zu kaufen. In der Regel kann daf\u00fcr eine Bank\u00fcberweisung, Kreditkarte oder eine andere Kryptow\u00e4hrung genutzt werden.<br><br><\/li><li>Sobald Ihr Konto aufgeladen ist, k\u00f6nnen Sie Ihre bevorzugte Zahlungsmethode nutzen, um eine Kauforder f\u00fcr Gala Coin aufzugeben. Dabei m\u00fcssen Sie angeben, wie viele Gala Coin Sie kaufen m\u00f6chten und in welchem Preisbereich.<br><br><\/li><li>Nachdem Ihre Bestellung erf\u00fcllt wurde, m\u00fcssen Sie Ihre Gala Coin in eine sichere Wallet \u00fcbertragen. Es ist wichtig, Ihre eigenen privaten Schl\u00fcssel verwalten zu k\u00f6nnen, da diese ben\u00f6tigt werden, um auf Ihre Gala Coin zugreifen zu k\u00f6nnen.<\/li><\/ol>\n\n\n\n<figure class=\"wp-block-embed is-type-video is-provider-youtube wp-block-embed-youtube wp-embed-aspect-16-9 wp-has-aspect-ratio\"><div class=\"wp-block-embed__wrapper\">\n<iframe title=\"GALA GAMES PRICE PREDICTION 2022\ud83c\udfaeGALA RETRACING TO THIS TARGET ZONE!? - WATCH FOR THIS\ud83d\udc51\" width=\"800\" height=\"450\" src=\"https:\/\/www.youtube.com\/embed\/7o00Pm0RFSM?feature=oembed\" frameborder=\"0\" allow=\"accelerometer; autoplay; clipboard-write; encrypted-media; gyroscope; picture-in-picture; web-share\" allowfullscreen><\/iframe>\n<\/div><\/figure>\n\n\n\n<h2 class=\"wp-block-heading\">Steuern beim Kauf von Gala Coin in Luxemburg<\/h2>\n\n\n\n<p>Obwohl die Besteuerung von Kryptow\u00e4hrungen in Luxemburg noch nicht vollst\u00e4ndig festgelegt wurde, werden sie in der Regel als Finanzanlagen behandelt und unterliegen daher der Einkommensteuer. Ihre individuelle Situation, einschlie\u00dflich Ihres Wohnsitzstatus und der Dauer, in der Sie Gala Coin halten, bestimmt die genauen steuerlichen Auswirkungen des Kaufs und des Haltens von Gala Coin.<\/p>\n\n\n\n<p>Es ist wichtig zu bedenken, dass das Steuerrecht in Bezug auf Kryptow\u00e4hrungen, einschlie\u00dflich Gala Coin, noch im Entwicklungsstadium ist. Daher wird empfohlen, einen zertifizierten Steuerberater zu konsultieren, bevor Sie Gala Coin in Luxemburg kaufen oder ver\u00e4u\u00dfern.<\/p>\n\n\n\n<h2 class=\"wp-block-heading\">Schlussfolgerung<\/h2>\n\n\n\n<p>Zusammenfassend l\u00e4sst sich sagen, dass es notwendig ist, eine Kryptow\u00e4hrungsplattform zu finden, die Gala Coin akzeptiert, ein Konto einzurichten, Geld zu \u00fcberweisen und eine Kauforder aufzugeben, um Gala Coin in Luxemburg zu kaufen. Die steuerlichen Auswirkungen des Kaufs und Besitzes von Gala Coin sollten sorgf\u00e4ltig gepr\u00fcft werden, und falls erforderlich, sollte ein zertifizierter Steuerberater konsultiert werden. Wenn Sie die richtigen Vorsichtsma\u00dfnahmen zum Schutz Ihrer Investition treffen, kann der Kauf von Gala Coin eine praktische und sichere M\u00f6glichkeit sein, Werte zu halten und zu \u00fcbertragen.<\/p>\n\n\n\n<!-- Page-list plugin v.5.9 wordpress.org\/plugins\/page-list\/ -->\n<ul class=\"page-list siblings-page-list \">\n<li class=\"page_item page-item-22860\"><a href=\"https:\/\/allin1bitcoins.com\/de\/crypto\/gala\/paypal\/\">Wie Man Gala (GALA) Mit Paypal Kauft<\/a><\/li>\n<li class=\"page_item page-item-22713\"><a href=\"https:\/\/allin1bitcoins.com\/de\/crypto\/gala\/crypto-anonymously\/\">Wie Man Gala Coin (GALA) Anonym Mit Kryptow\u00e4hrungen Kauft<\/a><\/li>\n<li class=\"page_item page-item-22851\"><a href=\"https:\/\/allin1bitcoins.com\/de\/crypto\/gala\/australia\/\">Wie Man Gala Coin (GALA) In Australien Kauft<\/a><\/li>\n<li class=\"page_item page-item-22743\"><a href=\"https:\/\/allin1bitcoins.com\/de\/crypto\/gala\/the-netherlands\/\">Wie Man Gala Coin (GALA) In Den Niederlanden Kauft<\/a><\/li>\n<li class=\"page_item page-item-22783\"><a href=\"https:\/\/allin1bitcoins.com\/de\/crypto\/gala\/germany\/\">Wie Man Gala Coin (GALA) In Deutschland Kauft<\/a><\/li>\n<li class=\"page_item page-item-22763\"><a href=\"https:\/\/allin1bitcoins.com\/de\/crypto\/gala\/finland\/\">Wie Man Gala Coin (GALA) In Finnland Kauft<\/a><\/li>\n<li class=\"page_item page-item-22774\"><a href=\"https:\/\/allin1bitcoins.com\/de\/crypto\/gala\/france\/\">Wie Man Gala Coin (GALA) In Frankreich Kauft<\/a><\/li>\n<li class=\"page_item page-item-20228\"><a href=\"https:\/\/allin1bitcoins.com\/de\/crypto\/gala\/united-kingdom\/\">Wie Man Gala Coin (GALA) In Gro\u00dfbritannien Kauft<\/a><\/li>\n<li class=\"page_item page-item-22792\"><a href=\"https:\/\/allin1bitcoins.com\/de\/crypto\/gala\/ireland\/\">Wie Man Gala Coin (GALA) In Irland Kauft<\/a><\/li>\n<li class=\"page_item page-item-22733\"><a href=\"https:\/\/allin1bitcoins.com\/de\/crypto\/gala\/canada\/\">Wie Man Gala Coin (GALA) In Kanada Kauft<\/a><\/li>\n<li class=\"page_item page-item-22802\"><a href=\"https:\/\/allin1bitcoins.com\/de\/crypto\/gala\/luxembourg\/\">Wie Man Gala Coin (GALA) In Luxemburg Kauft<\/a><\/li>\n<li class=\"page_item page-item-22812\"><a href=\"https:\/\/allin1bitcoins.com\/de\/crypto\/gala\/new-zealand\/\">Wie Man Gala Coin (GALA) In Neuseeland Kauft<\/a><\/li>\n<li class=\"page_item page-item-22847\"><a href=\"https:\/\/allin1bitcoins.com\/de\/crypto\/gala\/norway\/\">Wie Man Gala Coin (GALA) In Norwegen Kauft<\/a><\/li>\n<li class=\"page_item page-item-22832\"><a href=\"https:\/\/allin1bitcoins.com\/de\/crypto\/gala\/sweden\/\">Wie Man Gala Coin (GALA) In Schweden Kauft<\/a><\/li>\n<li class=\"page_item page-item-22632\"><a href=\"https:\/\/allin1bitcoins.com\/de\/crypto\/gala\/american-express\/\">Wie Man Gala Coin (GALA) Mit American Express Kauft<\/a><\/li>\n<li class=\"page_item page-item-22641\"><a href=\"https:\/\/allin1bitcoins.com\/de\/crypto\/gala\/apple-pay\/\">Wie Man Gala Coin (GALA) Mit Apple Pay Kauft<\/a><\/li>\n<li class=\"page_item page-item-22653\"><a href=\"https:\/\/allin1bitcoins.com\/de\/crypto\/gala\/bank-account\/\">Wie Man Gala Coin (GALA) Mit Einem Bankkonto Kauft<\/a><\/li>\n<li class=\"page_item page-item-22622\"><a href=\"https:\/\/allin1bitcoins.com\/de\/crypto\/gala\/debit-card\/\">Wie Man Gala Coin (GALA) Mit Einer Debitkarte Kauft<\/a><\/li>\n<li class=\"page_item page-item-22662\"><a href=\"https:\/\/allin1bitcoins.com\/de\/crypto\/gala\/google-pay\/\">Wie Man Gala Coin (GALA) Mit Google Pay Kauft<\/a><\/li>\n<li class=\"page_item page-item-22604\"><a href=\"https:\/\/allin1bitcoins.com\/de\/crypto\/gala\/credit-card\/\">Wie Man Gala Coin (GALA) Mit Kreditkarte Kauft<\/a><\/li>\n<li class=\"page_item page-item-22672\"><a href=\"https:\/\/allin1bitcoins.com\/de\/crypto\/gala\/neteller\/\">Wie Man Gala Coin (GALA) Mit Neteller Kaufen Kann<\/a><\/li>\n<li class=\"page_item page-item-22682\"><a href=\"https:\/\/allin1bitcoins.com\/de\/crypto\/gala\/paysafecard\/\">Wie Man Gala Coin (GALA) Mit Paysafecard Kauft<\/a><\/li>\n<li class=\"page_item page-item-22692\"><a href=\"https:\/\/allin1bitcoins.com\/de\/crypto\/gala\/skrill\/\">Wie Man Gala Coin (GALA) Mit Skrill Kauft<\/a><\/li>\n<li class=\"page_item page-item-22702\"><a href=\"https:\/\/allin1bitcoins.com\/de\/crypto\/gala\/venmo\/\">Wie Man Gala Coin (GALA) Mit Venmo Kauft<\/a><\/li>\n\n<\/ul>\n","protected":false},"excerpt":{"rendered":"<p>Die Suche nach einer Kryptow\u00e4hrungsb\u00f6rse, die Gala Coin unterst\u00fctzt, ist der erste Schritt, wenn Sie Gala Coin in Luxemburg kaufen m\u00f6chten. Gala Coin wird von mehreren bekannten B\u00f6rsen unterst\u00fctzt, darunter OKEx, Huobi und Binance. Sie m\u00fcssen sich f\u00fcr ein Konto registrieren, Ihre Identit\u00e4t nachweisen und dann Geld auf Ihr Konto \u00fcberweisen, wenn Sie eine B\u00f6rse&#8230;<\/p>\n","protected":false},"author":8,"featured_media":13387,"parent":22593,"menu_order":0,"comment_status":"closed","ping_status":"closed","template":"","meta":{"cybocfi_hide_featured_image":"","footnotes":""},"acf":[],"yoast_head":"<!-- This site is optimized with the Yoast SEO plugin v21.7 - https:\/\/yoast.com\/wordpress\/plugins\/seo\/ -->\n<title>Wie Man Gala Coin (GALA) In Luxemburg Kauft<\/title>\n<meta name=\"description\" content=\"Das Finden einer Kryptow\u00e4hrungsb\u00f6rse, die Gala Coin akzeptiert, ist der erste Schritt, wenn Sie Gala Coin in Luxemburg kaufen m\u00f6chten\" \/>\n<meta name=\"robots\" content=\"index, follow, max-snippet:-1, max-image-preview:large, max-video-preview:-1\" \/>\n<link rel=\"canonical\" href=\"https:\/\/allin1bitcoins.com\/de\/crypto\/gala\/luxembourg\/\" \/>\n<meta property=\"og:locale\" content=\"de_DE\" \/>\n<meta property=\"og:type\" content=\"article\" \/>\n<meta property=\"og:title\" content=\"Wie Man Gala Coin (GALA) In Luxemburg Kauft\" \/>\n<meta property=\"og:description\" content=\"Das Finden einer Kryptow\u00e4hrungsb\u00f6rse, die Gala Coin akzeptiert, ist der erste Schritt, wenn Sie Gala Coin in Luxemburg kaufen m\u00f6chten\" \/>\n<meta property=\"og:url\" content=\"https:\/\/allin1bitcoins.com\/de\/crypto\/gala\/luxembourg\/\" \/>\n<meta property=\"og:site_name\" content=\"Allin1Bitcoins\" \/>\n<meta property=\"article:modified_time\" content=\"2023-03-08T17:24:11+00:00\" \/>\n<meta property=\"og:image\" content=\"https:\/\/allin1bitcoins.com\/wp-content\/uploads\/2023\/01\/kanchanara-dVAW3YDHtSw-unsplash.jpg\" \/>\n\t<meta property=\"og:image:width\" content=\"1920\" \/>\n\t<meta property=\"og:image:height\" content=\"1277\" \/>\n\t<meta property=\"og:image:type\" content=\"image\/jpeg\" \/>\n<meta name=\"twitter:card\" content=\"summary_large_image\" \/>\n<meta name=\"twitter:label1\" content=\"Est. reading time\" \/>\n\t<meta name=\"twitter:data1\" content=\"4 minutes\" \/>\n<!-- \/ Yoast SEO plugin. -->","yoast_head_json":{"title":"Wie Man Gala Coin (GALA) In Luxemburg Kauft","description":"Das Finden einer Kryptow\u00e4hrungsb\u00f6rse, die Gala Coin akzeptiert, ist der erste Schritt, wenn Sie Gala Coin in Luxemburg kaufen m\u00f6chten","robots":{"index":"index","follow":"follow","max-snippet":"max-snippet:-1","max-image-preview":"max-image-preview:large","max-video-preview":"max-video-preview:-1"},"canonical":"https:\/\/allin1bitcoins.com\/de\/crypto\/gala\/luxembourg\/","og_locale":"de_DE","og_type":"article","og_title":"Wie Man Gala Coin (GALA) In Luxemburg Kauft","og_description":"Das Finden einer Kryptow\u00e4hrungsb\u00f6rse, die Gala Coin akzeptiert, ist der erste Schritt, wenn Sie Gala Coin in Luxemburg kaufen m\u00f6chten","og_url":"https:\/\/allin1bitcoins.com\/de\/crypto\/gala\/luxembourg\/","og_site_name":"Allin1Bitcoins","article_modified_time":"2023-03-08T17:24:11+00:00","og_image":[{"width":1920,"height":1277,"url":"https:\/\/allin1bitcoins.com\/wp-content\/uploads\/2023\/01\/kanchanara-dVAW3YDHtSw-unsplash.jpg","type":"image\/jpeg"}],"twitter_card":"summary_large_image","twitter_misc":{"Est. reading time":"4 minutes"},"schema":{"@context":"https:\/\/schema.org","@graph":[{"@type":"WebPage","@id":"https:\/\/allin1bitcoins.com\/de\/crypto\/gala\/luxembourg\/","url":"https:\/\/allin1bitcoins.com\/de\/crypto\/gala\/luxembourg\/","name":"Wie Man Gala Coin (GALA) In Luxemburg Kauft","isPartOf":{"@id":"https:\/\/allin1bitcoins.com\/de\/#website"},"datePublished":"2023-03-08T17:21:10+00:00","dateModified":"2023-03-08T17:24:11+00:00","description":"Das Finden einer Kryptow\u00e4hrungsb\u00f6rse, die Gala Coin akzeptiert, ist der erste Schritt, wenn Sie Gala Coin in Luxemburg kaufen m\u00f6chten","breadcrumb":{"@id":"https:\/\/allin1bitcoins.com\/de\/crypto\/gala\/luxembourg\/#breadcrumb"},"inLanguage":"de","potentialAction":[{"@type":"ReadAction","target":["https:\/\/allin1bitcoins.com\/de\/crypto\/gala\/luxembourg\/"]}]},{"@type":"BreadcrumbList","@id":"https:\/\/allin1bitcoins.com\/de\/crypto\/gala\/luxembourg\/#breadcrumb","itemListElement":[{"@type":"ListItem","position":1,"name":"Home","item":"https:\/\/allin1bitcoins.com\/de\/"},{"@type":"ListItem","position":2,"name":"Krypto","item":"https:\/\/allin1bitcoins.com\/de\/crypto\/"},{"@type":"ListItem","position":3,"name":"Wie Man Gala (GALA) Kauft &#8211; Schritt-f\u00fcr-Schritt-Anleitung 2023","item":"https:\/\/allin1bitcoins.com\/de\/crypto\/gala\/"},{"@type":"ListItem","position":4,"name":"Wie Man Gala Coin (GALA) In Luxemburg Kauft"}]},{"@type":"WebSite","@id":"https:\/\/allin1bitcoins.com\/de\/#website","url":"https:\/\/allin1bitcoins.com\/de\/","name":"Allin1Bitcoins","description":"","publisher":{"@id":"https:\/\/allin1bitcoins.com\/de\/#organization"},"potentialAction":[{"@type":"SearchAction","target":{"@type":"EntryPoint","urlTemplate":"https:\/\/allin1bitcoins.com\/de\/?s={search_term_string}"},"query-input":"required name=search_term_string"}],"inLanguage":"de"},{"@type":"Organization","@id":"https:\/\/allin1bitcoins.com\/de\/#organization","name":"allin1bitcoins","url":"https:\/\/allin1bitcoins.com\/de\/","logo":{"@type":"ImageObject","inLanguage":"de","@id":"https:\/\/allin1bitcoins.com\/de\/#\/schema\/logo\/image\/","url":"https:\/\/allin1bitcoins.com\/wp-content\/uploads\/2019\/01\/logo-new.png","contentUrl":"https:\/\/allin1bitcoins.com\/wp-content\/uploads\/2019\/01\/logo-new.png","width":178,"height":71,"caption":"allin1bitcoins"},"image":{"@id":"https:\/\/allin1bitcoins.com\/de\/#\/schema\/logo\/image\/"}}]}},"_links":{"self":[{"href":"https:\/\/allin1bitcoins.com\/de\/wp-json\/wp\/v2\/pages\/22802"}],"collection":[{"href":"https:\/\/allin1bitcoins.com\/de\/wp-json\/wp\/v2\/pages"}],"about":[{"href":"https:\/\/allin1bitcoins.com\/de\/wp-json\/wp\/v2\/types\/page"}],"author":[{"embeddable":true,"href":"https:\/\/allin1bitcoins.com\/de\/wp-json\/wp\/v2\/users\/8"}],"replies":[{"embeddable":true,"href":"https:\/\/allin1bitcoins.com\/de\/wp-json\/wp\/v2\/comments?post=22802"}],"version-history":[{"count":2,"href":"https:\/\/allin1bitcoins.com\/de\/wp-json\/wp\/v2\/pages\/22802\/revisions"}],"predecessor-version":[{"id":22808,"href":"https:\/\/allin1bitcoins.com\/de\/wp-json\/wp\/v2\/pages\/22802\/revisions\/22808"}],"up":[{"embeddable":true,"href":"https:\/\/allin1bitcoins.com\/de\/wp-json\/wp\/v2\/pages\/22593"}],"wp:featuredmedia":[{"embeddable":true,"href":"https:\/\/allin1bitcoins.com\/de\/wp-json\/wp\/v2\/media\/13387"}],"wp:attachment":[{"href":"https:\/\/allin1bitcoins.com\/de\/wp-json\/wp\/v2\/media?parent=22802"}],"curies":[{"name":"wp","href":"https:\/\/api.w.org\/{rel}","templated":true}]}}