{"id":22847,"date":"2023-03-09T15:17:58","date_gmt":"2023-03-09T15:17:58","guid":{"rendered":"https:\/\/allin1bitcoins.com\/?page_id=22847"},"modified":"2023-03-09T15:18:01","modified_gmt":"2023-03-09T15:18:01","slug":"norway","status":"publish","type":"page","link":"https:\/\/allin1bitcoins.com\/de\/crypto\/gala\/norway\/","title":{"rendered":"Wie Man Gala Coin (GALA) In Norwegen Kauft"},"content":{"rendered":"\n<h2 class=\"wp-block-heading\">Kurze Erkl\u00e4rung, wie man Gala Coin in Norwegen kauft:<\/h2>\n\n\n\n<p><strong>Um Gala Coin in Norwegen zu kaufen, m\u00fcssen Sie folgende Schritte ausf\u00fchren:<\/strong><\/p>\n\n\n\n<ul><li>Finden Sie eine vertrauensw\u00fcrdige Kryptow\u00e4hrungsb\u00f6rse, die Gala Coin akzeptiert.<\/li><li>Erstellen Sie ein Profil auf der B\u00f6rse, indem Sie sich anmelden und die Verifizierungsschritte abschlie\u00dfen.<\/li><li>Ihr Konto sollte mit norwegischen Kronen (NOK) oder einer anderen unterst\u00fctzten W\u00e4hrung aufgeladen werden.<\/li><li>Suchen Sie den Gala Coin-Markt und geben Sie eine Kauforder auf.<\/li><li>Heben Sie Ihre Gala Coins ab und speichern Sie sie an einem sicheren Ort.<\/li><\/ul>\n\n\n\n<h2 class=\"wp-block-heading\">Gala Coin Zusammenfassung<\/h2>\n\n\n\n<p>Die dezentrale Kryptow\u00e4hrung Gala Coin verwendet die Proof-of-Stake (PoS) Konsensmethode. Sie wurde geschaffen, um universelles digitales Geld zu sein, das auf allen digitalen Plattformen, einschlie\u00dflich Online-Spielen, verwendet werden kann. Gala Coin ist vollst\u00e4ndig kompatibel mit der Ethereum Virtual Machine und wird auf dem Ethereum-Netzwerk (EVM) entwickelt.<\/p>\n\n\n\n<h2 class=\"wp-block-heading\">Vorteile des Kaufs von Gala Coin<\/h2>\n\n\n\n<p><strong>Der Kauf von Gala Coin bietet folgende Vorteile:<\/strong><\/p>\n\n\n\n<ul><li><strong>Dezentralisiert: <\/strong>Gala Coin ist immun gegen Zensur und Manipulation, da es dezentralisiert ist und nicht von einer einzigen Entit\u00e4t kontrolliert wird.<br><br><\/li><li><strong>Sicherheit:<\/strong> Die Ethereum-Blockchain verwendet modernste Kryptographie, um Transaktionen zu sichern und es Dieben schwerer zu machen, Ihre W\u00e4hrung zu stehlen.<br><br><\/li><li><strong>Flexibilit\u00e4t: <\/strong>Gala Coin kann verwendet werden, um Eink\u00e4ufe auf einer Vielzahl von Online-M\u00e4rkten, Spielen und anderen Anwendungen zu t\u00e4tigen.<br><br><\/li><li><strong>M\u00f6glichkeit der Wertsteigerung: <\/strong>Wie alle Kryptow\u00e4hrungen ist der Wert von Gala Coin \u00e4u\u00dferst volatil und unterliegt gro\u00dfen Schwankungen. Gala Coin k\u00f6nnte jedoch im Laufe der Zeit an Wert gewinnen, wenn seine Akzeptanzrate steigt.<\/li><\/ul>\n\n\n\n<h2 class=\"wp-block-heading\">Ausf\u00fchrliche Anleitung zum Kauf von Gala Coin in Norwegen<\/h2>\n\n\n\n<ol><li>Suchen Sie nach einer vertrauensw\u00fcrdigen Kryptow\u00e4hrungsb\u00f6rse, die Gala Coin akzeptiert. Gala Coin wird von einer Reihe bekannter B\u00f6rsen unterst\u00fctzt, darunter OKEx, Huobi und Binance.<br><br><\/li><li>Erstellen Sie ein Konto auf der B\u00f6rse und beenden Sie dann die Verifizierungsschritte. M\u00f6glicherweise m\u00fcssen Sie Identifikationsdokumente und pers\u00f6nliche Informationen vorlegen, um dies zu erreichen.<br><br><\/li><li>Sie k\u00f6nnen Ihr Konto mit norwegischen Kronen (NOK) oder einer anderen akzeptierten W\u00e4hrung aufladen. Dies k\u00f6nnen Sie entweder per Kredit- oder Debitkarte oder durch \u00dcberweisung von Ihrem Bankkonto aus tun.<br><br><\/li><li>Finden Sie den Gala Coin-Markt und geben Sie eine Kauforder auf. Dazu suchen Sie nach Gala Coin an der B\u00f6rse und w\u00e4hlen die Kauf-Option. Sie m\u00fcssen genau angeben, wie viele Gala Coin Sie kaufen m\u00f6chten und in welchem Preissegment.<br><br><\/li><li>Lassen Sie sich Ihre Gala Coin auszahlen und speichern Sie sie an einem sicheren Ort. Es ist wichtig, Ihre Gala Coin nach dem Kauf in eine sichere Wallet zu \u00fcbertragen, wie z.B. eine Hardware-Wallet oder eine Software-Wallet, f\u00fcr die Sie die privaten Schl\u00fcssel kontrollieren. So sind Ihre Coins vor Hacks und anderen Sicherheitsrisiken gesch\u00fctzt.<\/li><\/ol>\n\n\n\n<figure class=\"wp-block-embed is-type-video is-provider-youtube wp-block-embed-youtube wp-embed-aspect-16-9 wp-has-aspect-ratio\"><div class=\"wp-block-embed__wrapper\">\n<iframe title=\"How to buy GALA coins and tokens using Coinbase [Full, easy to follow tutorial]\" width=\"800\" height=\"450\" src=\"https:\/\/www.youtube.com\/embed\/iOmqK4JiWPs?feature=oembed\" frameborder=\"0\" allow=\"accelerometer; autoplay; clipboard-write; encrypted-media; gyroscope; picture-in-picture; web-share\" allowfullscreen><\/iframe>\n<\/div><\/figure>\n\n\n\n<h2 class=\"wp-block-heading\">Steuern beim Kauf von Gala Coin in Norwegen<\/h2>\n\n\n\n<p>Die norwegische Steuerverwaltung entscheidet, wie Bitcoin-Transaktionen in dem Land besteuert werden. Die Verwaltung behauptet, dass auf Kryptow\u00e4hrungstransaktionen Kapitalertragssteuer anf\u00e4llt. Sie m\u00fcssen also eventuell Steuern auf etwaige Gewinne zahlen, die Sie beim Kauf und Verkauf von Gala Coin erzielen.<\/p>\n\n\n\n<p>F\u00fcr Transaktionen mit Gala Coin f\u00fcr den pers\u00f6nlichen Gebrauch, wie z.B. Kauf von Waren oder Dienstleistungen, fallen keine Steuern an. Wenn Sie jedoch Gala Coin als Investition erwerben und verkaufen, m\u00fcssen Sie jegliche Gewinne in Ihrer Steuererkl\u00e4rung vermerken. F\u00fcr weitere Informationen zur korrekten Meldung Ihrer Bitcoin-Transaktionen sollten Sie sich an einen Steuerexperten oder die norwegische Steuerverwaltung wenden.<\/p>\n\n\n\n<h2 class=\"wp-block-heading\">Schlussfolgerung<\/h2>\n\n\n\n<p>Obwohl der Kauf von Gala Coin in Norwegen ein relativ einfacher Prozess ist, ist es wichtig, Sorgfalt walten zu lassen und eine zuverl\u00e4ssige B\u00f6rse auszuw\u00e4hlen, um die Sicherheit Ihres Geldes zu gew\u00e4hrleisten. Die oben genannten Schritte erleichtern den Kauf von Gala Coin und das Speichern in einer sicheren Wallet, damit Sie von den potenziellen Vorteilen dieser Kryptow\u00e4hrung profitieren k\u00f6nnen. Denken Sie daran, auch \u00fcber die steuerlichen Auswirkungen Ihres Gala Coin-Kaufs nachzudenken und bei Bedarf Rat von einem Steuerexperten einzuholen. Zusammenfassend kann der Kauf von Gala Coin eine unterhaltsame M\u00f6glichkeit sein, sich mit der Welt der Kryptow\u00e4hrungen zu besch\u00e4ftigen und m\u00f6glicherweise von ihrem zuk\u00fcnftigen Wertwachstum zu profitieren.<\/p>\n\n\n\n<!-- Page-list plugin v.5.9 wordpress.org\/plugins\/page-list\/ -->\n<ul class=\"page-list siblings-page-list \">\n<li class=\"page_item page-item-22860\"><a href=\"https:\/\/allin1bitcoins.com\/de\/crypto\/gala\/paypal\/\">Wie Man Gala (GALA) Mit Paypal Kauft<\/a><\/li>\n<li class=\"page_item page-item-22713\"><a href=\"https:\/\/allin1bitcoins.com\/de\/crypto\/gala\/crypto-anonymously\/\">Wie Man Gala Coin (GALA) Anonym Mit Kryptow\u00e4hrungen Kauft<\/a><\/li>\n<li class=\"page_item page-item-22851\"><a href=\"https:\/\/allin1bitcoins.com\/de\/crypto\/gala\/australia\/\">Wie Man Gala Coin (GALA) In Australien Kauft<\/a><\/li>\n<li class=\"page_item page-item-22743\"><a href=\"https:\/\/allin1bitcoins.com\/de\/crypto\/gala\/the-netherlands\/\">Wie Man Gala Coin (GALA) In Den Niederlanden Kauft<\/a><\/li>\n<li class=\"page_item page-item-22783\"><a href=\"https:\/\/allin1bitcoins.com\/de\/crypto\/gala\/germany\/\">Wie Man Gala Coin (GALA) In Deutschland Kauft<\/a><\/li>\n<li class=\"page_item page-item-22763\"><a href=\"https:\/\/allin1bitcoins.com\/de\/crypto\/gala\/finland\/\">Wie Man Gala Coin (GALA) In Finnland Kauft<\/a><\/li>\n<li class=\"page_item page-item-22774\"><a href=\"https:\/\/allin1bitcoins.com\/de\/crypto\/gala\/france\/\">Wie Man Gala Coin (GALA) In Frankreich Kauft<\/a><\/li>\n<li class=\"page_item page-item-20228\"><a href=\"https:\/\/allin1bitcoins.com\/de\/crypto\/gala\/united-kingdom\/\">Wie Man Gala Coin (GALA) In Gro\u00dfbritannien Kauft<\/a><\/li>\n<li class=\"page_item page-item-22792\"><a href=\"https:\/\/allin1bitcoins.com\/de\/crypto\/gala\/ireland\/\">Wie Man Gala Coin (GALA) In Irland Kauft<\/a><\/li>\n<li class=\"page_item page-item-22733\"><a href=\"https:\/\/allin1bitcoins.com\/de\/crypto\/gala\/canada\/\">Wie Man Gala Coin (GALA) In Kanada Kauft<\/a><\/li>\n<li class=\"page_item page-item-22802\"><a href=\"https:\/\/allin1bitcoins.com\/de\/crypto\/gala\/luxembourg\/\">Wie Man Gala Coin (GALA) In Luxemburg Kauft<\/a><\/li>\n<li class=\"page_item page-item-22812\"><a href=\"https:\/\/allin1bitcoins.com\/de\/crypto\/gala\/new-zealand\/\">Wie Man Gala Coin (GALA) In Neuseeland Kauft<\/a><\/li>\n<li class=\"page_item page-item-22847\"><a href=\"https:\/\/allin1bitcoins.com\/de\/crypto\/gala\/norway\/\">Wie Man Gala Coin (GALA) In Norwegen Kauft<\/a><\/li>\n<li class=\"page_item page-item-22832\"><a href=\"https:\/\/allin1bitcoins.com\/de\/crypto\/gala\/sweden\/\">Wie Man Gala Coin (GALA) In Schweden Kauft<\/a><\/li>\n<li class=\"page_item page-item-22632\"><a href=\"https:\/\/allin1bitcoins.com\/de\/crypto\/gala\/american-express\/\">Wie Man Gala Coin (GALA) Mit American Express Kauft<\/a><\/li>\n<li class=\"page_item page-item-22641\"><a href=\"https:\/\/allin1bitcoins.com\/de\/crypto\/gala\/apple-pay\/\">Wie Man Gala Coin (GALA) Mit Apple Pay Kauft<\/a><\/li>\n<li class=\"page_item page-item-22653\"><a href=\"https:\/\/allin1bitcoins.com\/de\/crypto\/gala\/bank-account\/\">Wie Man Gala Coin (GALA) Mit Einem Bankkonto Kauft<\/a><\/li>\n<li class=\"page_item page-item-22622\"><a href=\"https:\/\/allin1bitcoins.com\/de\/crypto\/gala\/debit-card\/\">Wie Man Gala Coin (GALA) Mit Einer Debitkarte Kauft<\/a><\/li>\n<li class=\"page_item page-item-22662\"><a href=\"https:\/\/allin1bitcoins.com\/de\/crypto\/gala\/google-pay\/\">Wie Man Gala Coin (GALA) Mit Google Pay Kauft<\/a><\/li>\n<li class=\"page_item page-item-22604\"><a href=\"https:\/\/allin1bitcoins.com\/de\/crypto\/gala\/credit-card\/\">Wie Man Gala Coin (GALA) Mit Kreditkarte Kauft<\/a><\/li>\n<li class=\"page_item page-item-22672\"><a href=\"https:\/\/allin1bitcoins.com\/de\/crypto\/gala\/neteller\/\">Wie Man Gala Coin (GALA) Mit Neteller Kaufen Kann<\/a><\/li>\n<li class=\"page_item page-item-22682\"><a href=\"https:\/\/allin1bitcoins.com\/de\/crypto\/gala\/paysafecard\/\">Wie Man Gala Coin (GALA) Mit Paysafecard Kauft<\/a><\/li>\n<li class=\"page_item page-item-22692\"><a href=\"https:\/\/allin1bitcoins.com\/de\/crypto\/gala\/skrill\/\">Wie Man Gala Coin (GALA) Mit Skrill Kauft<\/a><\/li>\n<li class=\"page_item page-item-22702\"><a href=\"https:\/\/allin1bitcoins.com\/de\/crypto\/gala\/venmo\/\">Wie Man Gala Coin (GALA) Mit Venmo Kauft<\/a><\/li>\n\n<\/ul>\n","protected":false},"excerpt":{"rendered":"<p>Kurze Erkl\u00e4rung, wie man Gala Coin in Norwegen kauft: Um Gala Coin in Norwegen zu kaufen, m\u00fcssen Sie folgende Schritte ausf\u00fchren: Finden Sie eine vertrauensw\u00fcrdige Kryptow\u00e4hrungsb\u00f6rse, die Gala Coin akzeptiert. Erstellen Sie ein Profil auf der B\u00f6rse, indem Sie sich anmelden und die Verifizierungsschritte abschlie\u00dfen. Ihr Konto sollte mit norwegischen Kronen (NOK) oder einer anderen&#8230;<\/p>\n","protected":false},"author":8,"featured_media":13148,"parent":22593,"menu_order":0,"comment_status":"closed","ping_status":"closed","template":"","meta":{"cybocfi_hide_featured_image":"","footnotes":""},"acf":[],"yoast_head":"<!-- This site is optimized with the Yoast SEO plugin v21.7 - https:\/\/yoast.com\/wordpress\/plugins\/seo\/ -->\n<title>Wie Man Gala Coin (GALA) In Norwegen Kauft<\/title>\n<meta name=\"description\" content=\"Um Gala Coin in Norwegen zu kaufen, m\u00fcssen Sie die folgenden Schritte unternehmen. Erfahren Sie mehr im Detail \u00fcber den Prozess.\" \/>\n<meta name=\"robots\" content=\"index, follow, max-snippet:-1, max-image-preview:large, max-video-preview:-1\" \/>\n<link rel=\"canonical\" href=\"https:\/\/allin1bitcoins.com\/de\/crypto\/gala\/norway\/\" \/>\n<meta property=\"og:locale\" content=\"de_DE\" \/>\n<meta property=\"og:type\" content=\"article\" \/>\n<meta property=\"og:title\" content=\"Wie Man Gala Coin (GALA) In Norwegen Kauft\" \/>\n<meta property=\"og:description\" content=\"Um Gala Coin in Norwegen zu kaufen, m\u00fcssen Sie die folgenden Schritte unternehmen. Erfahren Sie mehr im Detail \u00fcber den Prozess.\" \/>\n<meta property=\"og:url\" content=\"https:\/\/allin1bitcoins.com\/de\/crypto\/gala\/norway\/\" \/>\n<meta property=\"og:site_name\" content=\"Allin1Bitcoins\" \/>\n<meta property=\"article:modified_time\" content=\"2023-03-09T15:18:01+00:00\" \/>\n<meta property=\"og:image\" content=\"https:\/\/allin1bitcoins.com\/wp-content\/uploads\/2023\/01\/kanchanara-fdFlqErCr1c-unsplash.jpg\" \/>\n\t<meta property=\"og:image:width\" content=\"1920\" \/>\n\t<meta property=\"og:image:height\" content=\"1277\" \/>\n\t<meta property=\"og:image:type\" content=\"image\/jpeg\" \/>\n<meta name=\"twitter:card\" content=\"summary_large_image\" \/>\n<meta name=\"twitter:label1\" content=\"Est. reading time\" \/>\n\t<meta name=\"twitter:data1\" content=\"3 minutes\" \/>\n<!-- \/ Yoast SEO plugin. -->","yoast_head_json":{"title":"Wie Man Gala Coin (GALA) In Norwegen Kauft","description":"Um Gala Coin in Norwegen zu kaufen, m\u00fcssen Sie die folgenden Schritte unternehmen. Erfahren Sie mehr im Detail \u00fcber den Prozess.","robots":{"index":"index","follow":"follow","max-snippet":"max-snippet:-1","max-image-preview":"max-image-preview:large","max-video-preview":"max-video-preview:-1"},"canonical":"https:\/\/allin1bitcoins.com\/de\/crypto\/gala\/norway\/","og_locale":"de_DE","og_type":"article","og_title":"Wie Man Gala Coin (GALA) In Norwegen Kauft","og_description":"Um Gala Coin in Norwegen zu kaufen, m\u00fcssen Sie die folgenden Schritte unternehmen. Erfahren Sie mehr im Detail \u00fcber den Prozess.","og_url":"https:\/\/allin1bitcoins.com\/de\/crypto\/gala\/norway\/","og_site_name":"Allin1Bitcoins","article_modified_time":"2023-03-09T15:18:01+00:00","og_image":[{"width":1920,"height":1277,"url":"https:\/\/allin1bitcoins.com\/wp-content\/uploads\/2023\/01\/kanchanara-fdFlqErCr1c-unsplash.jpg","type":"image\/jpeg"}],"twitter_card":"summary_large_image","twitter_misc":{"Est. reading time":"3 minutes"},"schema":{"@context":"https:\/\/schema.org","@graph":[{"@type":"WebPage","@id":"https:\/\/allin1bitcoins.com\/de\/crypto\/gala\/norway\/","url":"https:\/\/allin1bitcoins.com\/de\/crypto\/gala\/norway\/","name":"Wie Man Gala Coin (GALA) In Norwegen Kauft","isPartOf":{"@id":"https:\/\/allin1bitcoins.com\/de\/#website"},"datePublished":"2023-03-09T15:17:58+00:00","dateModified":"2023-03-09T15:18:01+00:00","description":"Um Gala Coin in Norwegen zu kaufen, m\u00fcssen Sie die folgenden Schritte unternehmen. Erfahren Sie mehr im Detail \u00fcber den Prozess.","breadcrumb":{"@id":"https:\/\/allin1bitcoins.com\/de\/crypto\/gala\/norway\/#breadcrumb"},"inLanguage":"de","potentialAction":[{"@type":"ReadAction","target":["https:\/\/allin1bitcoins.com\/de\/crypto\/gala\/norway\/"]}]},{"@type":"BreadcrumbList","@id":"https:\/\/allin1bitcoins.com\/de\/crypto\/gala\/norway\/#breadcrumb","itemListElement":[{"@type":"ListItem","position":1,"name":"Home","item":"https:\/\/allin1bitcoins.com\/de\/"},{"@type":"ListItem","position":2,"name":"Krypto","item":"https:\/\/allin1bitcoins.com\/de\/crypto\/"},{"@type":"ListItem","position":3,"name":"Wie Man Gala (GALA) Kauft &#8211; Schritt-f\u00fcr-Schritt-Anleitung 2023","item":"https:\/\/allin1bitcoins.com\/de\/crypto\/gala\/"},{"@type":"ListItem","position":4,"name":"Wie Man Gala Coin (GALA) In Norwegen Kauft"}]},{"@type":"WebSite","@id":"https:\/\/allin1bitcoins.com\/de\/#website","url":"https:\/\/allin1bitcoins.com\/de\/","name":"Allin1Bitcoins","description":"","publisher":{"@id":"https:\/\/allin1bitcoins.com\/de\/#organization"},"potentialAction":[{"@type":"SearchAction","target":{"@type":"EntryPoint","urlTemplate":"https:\/\/allin1bitcoins.com\/de\/?s={search_term_string}"},"query-input":"required name=search_term_string"}],"inLanguage":"de"},{"@type":"Organization","@id":"https:\/\/allin1bitcoins.com\/de\/#organization","name":"allin1bitcoins","url":"https:\/\/allin1bitcoins.com\/de\/","logo":{"@type":"ImageObject","inLanguage":"de","@id":"https:\/\/allin1bitcoins.com\/de\/#\/schema\/logo\/image\/","url":"https:\/\/allin1bitcoins.com\/wp-content\/uploads\/2019\/01\/logo-new.png","contentUrl":"https:\/\/allin1bitcoins.com\/wp-content\/uploads\/2019\/01\/logo-new.png","width":178,"height":71,"caption":"allin1bitcoins"},"image":{"@id":"https:\/\/allin1bitcoins.com\/de\/#\/schema\/logo\/image\/"}}]}},"_links":{"self":[{"href":"https:\/\/allin1bitcoins.com\/de\/wp-json\/wp\/v2\/pages\/22847"}],"collection":[{"href":"https:\/\/allin1bitcoins.com\/de\/wp-json\/wp\/v2\/pages"}],"about":[{"href":"https:\/\/allin1bitcoins.com\/de\/wp-json\/wp\/v2\/types\/page"}],"author":[{"embeddable":true,"href":"https:\/\/allin1bitcoins.com\/de\/wp-json\/wp\/v2\/users\/8"}],"replies":[{"embeddable":true,"href":"https:\/\/allin1bitcoins.com\/de\/wp-json\/wp\/v2\/comments?post=22847"}],"version-history":[{"count":1,"href":"https:\/\/allin1bitcoins.com\/de\/wp-json\/wp\/v2\/pages\/22847\/revisions"}],"predecessor-version":[{"id":22848,"href":"https:\/\/allin1bitcoins.com\/de\/wp-json\/wp\/v2\/pages\/22847\/revisions\/22848"}],"up":[{"embeddable":true,"href":"https:\/\/allin1bitcoins.com\/de\/wp-json\/wp\/v2\/pages\/22593"}],"wp:featuredmedia":[{"embeddable":true,"href":"https:\/\/allin1bitcoins.com\/de\/wp-json\/wp\/v2\/media\/13148"}],"wp:attachment":[{"href":"https:\/\/allin1bitcoins.com\/de\/wp-json\/wp\/v2\/media?parent=22847"}],"curies":[{"name":"wp","href":"https:\/\/api.w.org\/{rel}","templated":true}]}}