{"id":23014,"date":"2023-03-09T17:41:25","date_gmt":"2023-03-09T17:41:25","guid":{"rendered":"https:\/\/allin1bitcoins.com\/?page_id=23014"},"modified":"2023-03-09T17:41:27","modified_gmt":"2023-03-09T17:41:27","slug":"paypal","status":"publish","type":"page","link":"https:\/\/allin1bitcoins.com\/de\/crypto\/dogecoin\/paypal\/","title":{"rendered":"Wie Man Dogecoin (DOGE) Mit PayPal auft"},"content":{"rendered":"\n<h2 class=\"wp-block-heading\">Wie man Dogecoin mit PayPal kauft<\/h2>\n\n\n\n<p>Die kurze Antwort darauf, wie man Dogecoin mit PayPal kaufen kann, lautet, eine Kryptow\u00e4hrungsb\u00f6rse zu finden, die PayPal akzeptiert, und ihren Anweisungen zum Kauf von Dogecoin zu folgen. Beachten Sie, dass nicht alle B\u00f6rsen PayPal akzeptieren, so dass Sie m\u00f6glicherweise herumshoppen m\u00fcssen, um eine zu finden, die es tut. M\u00f6glicherweise m\u00fcssen Sie auch einige pers\u00f6nliche und finanzielle Informationen wie Ihren Namen, Ihre E-Mail-Adresse und Zahlungsinformationen angeben, um ein Konto einzurichten und den Kauf abzuschlie\u00dfen.<\/p>\n\n\n\n<h2 class=\"wp-block-heading\">Dogecoin-\u00dcberblick<\/h2>\n\n\n\n<p>Dogecoin ist eine Kryptow\u00e4hrung, die im Jahr 2013 als Scherz auf der Grundlage des beliebten &#8220;Doge&#8221;-Internet-Memes erstellt wurde. Trotz seiner Herkunft hat Dogecoin an Popularit\u00e4t gewonnen und eine starke Gemeinschaft von Benutzern und Unterst\u00fctzern. Es basiert auf derselben Technologie wie Bitcoin und arbeitet auf einem dezentralen Netzwerk, was bedeutet, dass es nicht von einer Regierung oder Finanzinstitution kontrolliert wird.<\/p>\n\n\n\n<p>Dogecoin kann f\u00fcr eine Vielzahl von Zwecken verwendet werden, einschlie\u00dflich Online-Transaktionen, Zahlungen und Fundraising. Es kann in einer digitalen Brieftasche gespeichert und an Kryptow\u00e4hrungsb\u00f6rsen gehandelt werden.<\/p>\n\n\n\n<h2 class=\"wp-block-heading\">Warum Sie Dogecoin mit PayPal kaufen m\u00f6chten<\/h2>\n\n\n\n<p>Es gibt mehrere Gr\u00fcnde, warum Sie Dogecoin mit PayPal kaufen m\u00f6chten. Einer davon ist, dass PayPal eine weit verbreitete und vertrauensw\u00fcrdige Zahlungsmethode ist, was es zu einer einfachen und bequemen M\u00f6glichkeit macht, Dogecoin zu kaufen. Dar\u00fcber hinaus kann die Verwendung von PayPal einen gewissen Schutz vor Betrug und unbefugten Transaktionen bieten.<\/p>\n\n\n\n<p>Ein weiterer Grund, Dogecoin mit PayPal zu kaufen, besteht darin, dass es Ihnen erm\u00f6glicht, die Kryptow\u00e4hrung ohne Bankkonto oder Kreditkarte zu kaufen. Dies kann besonders n\u00fctzlich f\u00fcr diejenigen sein, die kein Bankkonto oder eine Kreditkarte haben oder die diese Finanzinstrumente f\u00fcr Online-Transaktionen nicht verwenden m\u00f6chten.<\/p>\n\n\n\n<h2 class=\"wp-block-heading\">Schritt-f\u00fcr-Schritt-Anleitung zum Kauf von Dogecoin mit PayPal<\/h2>\n\n\n\n<p><strong>Hier ist eine Schritt-f\u00fcr-Schritt-Anleitung zum Kauf von Dogecoin mit PayPal:<\/strong><\/p>\n\n\n\n<ol><li>Finden Sie eine Kryptow\u00e4hrungsb\u00f6rse, die PayPal akzeptiert. Nicht alle B\u00f6rsen akzeptieren PayPal, so dass Sie m\u00f6glicherweise herumshoppen m\u00fcssen, um eine zu finden, die es tut. Einige beliebte B\u00f6rsen, die PayPal akzeptieren, sind Coinbase, Paxful und LocalBitcoins.<br><br><\/li><li>Richten Sie ein Konto bei der B\u00f6rse ein. Sie m\u00fcssen in der Regel einige pers\u00f6nliche und finanzielle Informationen wie Ihren Namen, Ihre E-Mail-Adresse und Zahlungsinformationen angeben.<br><br><\/li><li>Verifizieren Sie Ihr Konto. Viele B\u00f6rsen verlangen von Ihnen, dass Sie Ihre Identit\u00e4t verifizieren, bevor Sie einen Kauf t\u00e4tigen k\u00f6nnen. Dies kann das Hochladen einer Kopie Ihres Ausweises oder anderer Dokumente oder das Abschlie\u00dfen eines Telefon- oder E-Mail-Verifizierungsprozesses beinhalten.<br><br><\/li><li>W\u00e4hlen Sie Dogecoin als Kryptow\u00e4hrung aus, die Sie kaufen m\u00f6chten. Die meisten B\u00f6rsen erlauben es Ihnen, nach Dogecoin oder anderen Kryptow\u00e4hrungen zu suchen und sie Ihrem Warenkorb hinzuzuf\u00fcgen.<br><br><\/li><li>W\u00e4hlen Sie PayPal als Zahlungsmethode. W\u00e4hlen Sie PayPal als Methode, die Sie verwenden m\u00f6chten, um f\u00fcr den Dogecoin zu bezahlen.<br><br><\/li><li>Geben Sie die Menge an Dogecoin ein, die Sie kaufen m\u00f6chten, und best\u00e4tigen Sie die Transaktion. \u00dcberpr\u00fcfen Sie die Details der Transaktion, einschlie\u00dflich des Preises und der Geb\u00fchren, und best\u00e4tigen Sie den Kauf.<br><br><\/li><li>Warten Sie auf den Abschluss der Transaktion. Die Transaktion kann je nach B\u00f6rse und aktueller Nachfrage nach Dogecoin einige Minuten dauern. Sobald die Transaktion abgeschlossen ist, wird der Dogecoin Ihrem digitalen Wallet auf der B\u00f6rse hinzugef\u00fcgt.<\/li><\/ol>\n\n\n\n<figure class=\"wp-block-embed is-type-video is-provider-youtube wp-block-embed-youtube wp-embed-aspect-16-9 wp-has-aspect-ratio\"><div class=\"wp-block-embed__wrapper\">\n<iframe title=\"How to Buy Dogecoin on Coinbase App (with PayPal, debit card or bank account)\" width=\"800\" height=\"450\" src=\"https:\/\/www.youtube.com\/embed\/blTwIehElQg?feature=oembed\" frameborder=\"0\" allow=\"accelerometer; autoplay; clipboard-write; encrypted-media; gyroscope; picture-in-picture; web-share\" allowfullscreen><\/iframe>\n<\/div><\/figure>\n\n\n\n<h2 class=\"wp-block-heading\">Nachteile beim Kauf von Dogecoin mit PayPal<\/h2>\n\n\n\n<p>Es gibt einige Nachteile beim Kauf von Dogecoin mit PayPal zu beachten. Ein m\u00f6glicher Nachteil ist, dass nicht alle B\u00f6rsen PayPal akzeptieren. Sie m\u00fcssen also m\u00f6glicherweise herumst\u00f6bern, um eine zu finden, die es tut. Dar\u00fcber hinaus k\u00f6nnen bei der Verwendung von PayPal Geb\u00fchren f\u00fcr die Transaktion anfallen, die den Gesamtkosten des Kaufs hinzugef\u00fcgt werden k\u00f6nnen.<\/p>\n\n\n\n<p>Ein weiterer potenzieller Nachteil ist, dass Dogecoin wie andere Kryptow\u00e4hrungen stark volatil ist und der Wert signifikant schwanken kann. Dies bedeutet, dass der Preis von Dogecoin \u00fcber einen kurzen Zeitraum erheblich steigen oder fallen k\u00f6nnte, was sich auf Ihre Investition auswirken k\u00f6nnte. Dieses Risiko ist allen Kryptow\u00e4hrungsinvestitionen inh\u00e4rent und sollte sorgf\u00e4ltig vor einem Kauf erwogen werden.<\/p>\n\n\n\n<h2 class=\"wp-block-heading\">Schlussfolgerung<\/h2>\n\n\n\n<p>Zusammenfassend l\u00e4sst sich sagen, dass der Kauf von Dogecoin mit PayPal ein relativ einfacher Prozess ist, der \u00fcber eine Kryptow\u00e4hrungsb\u00f6rse durchgef\u00fchrt werden kann, die PayPal als Zahlungsmethode akzeptiert. Es ist jedoch wichtig, die B\u00f6rse und die Kryptow\u00e4hrung selbst sorgf\u00e4ltig zu recherchieren, bevor Sie einen Kauf t\u00e4tigen, da bei der Investition in Kryptow\u00e4hrung Risiken bestehen. Dar\u00fcber hinaus sollten Sie sich bewusst sein, welche Geb\u00fchren mit der Verwendung von PayPal als Zahlungsmethode verbunden sein k\u00f6nnen, und abw\u00e4gen, ob die Bequemlichkeit der Verwendung von PayPal den Kosten entspricht.<\/p>\n\n\n\n<!-- Page-list plugin v.5.9 wordpress.org\/plugins\/page-list\/ -->\n<ul class=\"page-list siblings-page-list \">\n<li class=\"page_item page-item-23034\"><a href=\"https:\/\/allin1bitcoins.com\/de\/crypto\/dogecoin\/american-express\/\">Wie Man Dogecoin (DOGE) Mit American Express Kauft<\/a><\/li>\n<li class=\"page_item page-item-23043\"><a href=\"https:\/\/allin1bitcoins.com\/de\/crypto\/dogecoin\/apple-pay\/\">Wie Man Dogecoin (DOGE) Mit Apple Pay Kauft<\/a><\/li>\n<li class=\"page_item page-item-23051\"><a href=\"https:\/\/allin1bitcoins.com\/de\/crypto\/dogecoin\/bank-account\/\">Wie Man Dogecoin (DOGE) Mit Einem Bankkonto Kauft<\/a><\/li>\n<li class=\"page_item page-item-23060\"><a href=\"https:\/\/allin1bitcoins.com\/de\/crypto\/dogecoin\/google-pay\/\">Wie Man Dogecoin (DOGE) Mit Google Pay Kauft<\/a><\/li>\n<li class=\"page_item page-item-23069\"><a href=\"https:\/\/allin1bitcoins.com\/de\/crypto\/dogecoin\/neteller\/\">Wie Man Dogecoin (DOGE) Mit Neteller Kauft<\/a><\/li>\n<li class=\"page_item page-item-23014\"><a href=\"https:\/\/allin1bitcoins.com\/de\/crypto\/dogecoin\/paypal\/\">Wie Man Dogecoin (DOGE) Mit PayPal auft<\/a><\/li>\n<li class=\"page_item page-item-23078\"><a href=\"https:\/\/allin1bitcoins.com\/de\/crypto\/dogecoin\/paysafecard\/\">Wie Man Dogecoin (DOGE) Mit Paysafecard Kauft<\/a><\/li>\n<li class=\"page_item page-item-23088\"><a href=\"https:\/\/allin1bitcoins.com\/de\/crypto\/dogecoin\/skrill\/\">Wie Man Dogecoin (DOGE) Mit Skrill Kauft<\/a><\/li>\n<li class=\"page_item page-item-23102\"><a href=\"https:\/\/allin1bitcoins.com\/de\/crypto\/dogecoin\/venmo\/\">Wie Man Dogecoin (DOGE) Mit Venmo Kauft<\/a><\/li>\n\n<\/ul>\n","protected":false},"excerpt":{"rendered":"<p>Wie man Dogecoin mit PayPal kauft Die kurze Antwort darauf, wie man Dogecoin mit PayPal kaufen kann, lautet, eine Kryptow\u00e4hrungsb\u00f6rse zu finden, die PayPal akzeptiert, und ihren Anweisungen zum Kauf von Dogecoin zu folgen. Beachten Sie, dass nicht alle B\u00f6rsen PayPal akzeptieren, so dass Sie m\u00f6glicherweise herumshoppen m\u00fcssen, um eine zu finden, die es tut&#8230;.<\/p>\n","protected":false},"author":8,"featured_media":12734,"parent":22872,"menu_order":0,"comment_status":"closed","ping_status":"closed","template":"","meta":{"cybocfi_hide_featured_image":"","footnotes":""},"acf":[],"yoast_head":"<!-- This site is optimized with the Yoast SEO plugin v21.7 - https:\/\/yoast.com\/wordpress\/plugins\/seo\/ -->\n<title>Wie Man Dogecoin (DOGE) Mit PayPal Kauft<\/title>\n<meta name=\"description\" content=\"Die kurze Antwort darauf, wie man Dogecoin mit PayPal kauft, besteht darin, eine Kryptow\u00e4hrungsb\u00f6rse zu finden, die PayPal akzeptiert, und ihren Anweisungen zu folgen.\" \/>\n<meta name=\"robots\" content=\"index, follow, max-snippet:-1, max-image-preview:large, max-video-preview:-1\" \/>\n<link rel=\"canonical\" href=\"https:\/\/allin1bitcoins.com\/de\/crypto\/dogecoin\/paypal\/\" \/>\n<meta property=\"og:locale\" content=\"de_DE\" \/>\n<meta property=\"og:type\" content=\"article\" \/>\n<meta property=\"og:title\" content=\"Wie Man Dogecoin (DOGE) Mit PayPal Kauft\" \/>\n<meta property=\"og:description\" content=\"Die kurze Antwort darauf, wie man Dogecoin mit PayPal kauft, besteht darin, eine Kryptow\u00e4hrungsb\u00f6rse zu finden, die PayPal akzeptiert, und ihren Anweisungen zu folgen.\" \/>\n<meta property=\"og:url\" content=\"https:\/\/allin1bitcoins.com\/de\/crypto\/dogecoin\/paypal\/\" \/>\n<meta property=\"og:site_name\" content=\"Allin1Bitcoins\" \/>\n<meta property=\"article:modified_time\" content=\"2023-03-09T17:41:27+00:00\" \/>\n<meta property=\"og:image\" content=\"https:\/\/allin1bitcoins.com\/wp-content\/uploads\/2022\/12\/mariia-shalabaieva-J4OV-PRhZ4o-unsplash.jpg\" \/>\n\t<meta property=\"og:image:width\" content=\"1920\" \/>\n\t<meta property=\"og:image:height\" content=\"1920\" \/>\n\t<meta property=\"og:image:type\" content=\"image\/jpeg\" \/>\n<meta name=\"twitter:card\" content=\"summary_large_image\" \/>\n<meta name=\"twitter:label1\" content=\"Est. reading time\" \/>\n\t<meta name=\"twitter:data1\" content=\"4 minutes\" \/>\n<!-- \/ Yoast SEO plugin. -->","yoast_head_json":{"title":"Wie Man Dogecoin (DOGE) Mit PayPal Kauft","description":"Die kurze Antwort darauf, wie man Dogecoin mit PayPal kauft, besteht darin, eine Kryptow\u00e4hrungsb\u00f6rse zu finden, die PayPal akzeptiert, und ihren Anweisungen zu folgen.","robots":{"index":"index","follow":"follow","max-snippet":"max-snippet:-1","max-image-preview":"max-image-preview:large","max-video-preview":"max-video-preview:-1"},"canonical":"https:\/\/allin1bitcoins.com\/de\/crypto\/dogecoin\/paypal\/","og_locale":"de_DE","og_type":"article","og_title":"Wie Man Dogecoin (DOGE) Mit PayPal Kauft","og_description":"Die kurze Antwort darauf, wie man Dogecoin mit PayPal kauft, besteht darin, eine Kryptow\u00e4hrungsb\u00f6rse zu finden, die PayPal akzeptiert, und ihren Anweisungen zu folgen.","og_url":"https:\/\/allin1bitcoins.com\/de\/crypto\/dogecoin\/paypal\/","og_site_name":"Allin1Bitcoins","article_modified_time":"2023-03-09T17:41:27+00:00","og_image":[{"width":1920,"height":1920,"url":"https:\/\/allin1bitcoins.com\/wp-content\/uploads\/2022\/12\/mariia-shalabaieva-J4OV-PRhZ4o-unsplash.jpg","type":"image\/jpeg"}],"twitter_card":"summary_large_image","twitter_misc":{"Est. reading time":"4 minutes"},"schema":{"@context":"https:\/\/schema.org","@graph":[{"@type":"WebPage","@id":"https:\/\/allin1bitcoins.com\/de\/crypto\/dogecoin\/paypal\/","url":"https:\/\/allin1bitcoins.com\/de\/crypto\/dogecoin\/paypal\/","name":"Wie Man Dogecoin (DOGE) Mit PayPal Kauft","isPartOf":{"@id":"https:\/\/allin1bitcoins.com\/de\/#website"},"datePublished":"2023-03-09T17:41:25+00:00","dateModified":"2023-03-09T17:41:27+00:00","description":"Die kurze Antwort darauf, wie man Dogecoin mit PayPal kauft, besteht darin, eine Kryptow\u00e4hrungsb\u00f6rse zu finden, die PayPal akzeptiert, und ihren Anweisungen zu folgen.","breadcrumb":{"@id":"https:\/\/allin1bitcoins.com\/de\/crypto\/dogecoin\/paypal\/#breadcrumb"},"inLanguage":"de","potentialAction":[{"@type":"ReadAction","target":["https:\/\/allin1bitcoins.com\/de\/crypto\/dogecoin\/paypal\/"]}]},{"@type":"BreadcrumbList","@id":"https:\/\/allin1bitcoins.com\/de\/crypto\/dogecoin\/paypal\/#breadcrumb","itemListElement":[{"@type":"ListItem","position":1,"name":"Home","item":"https:\/\/allin1bitcoins.com\/de\/"},{"@type":"ListItem","position":2,"name":"Krypto","item":"https:\/\/allin1bitcoins.com\/de\/crypto\/"},{"@type":"ListItem","position":3,"name":"Wie Man Dogecoin (DOGE) Kauft &#8211; Schritt-f\u00fcr-Schritt-Anleitung 2023","item":"https:\/\/allin1bitcoins.com\/de\/crypto\/dogecoin\/"},{"@type":"ListItem","position":4,"name":"Wie Man Dogecoin (DOGE) Mit PayPal auft"}]},{"@type":"WebSite","@id":"https:\/\/allin1bitcoins.com\/de\/#website","url":"https:\/\/allin1bitcoins.com\/de\/","name":"Allin1Bitcoins","description":"","publisher":{"@id":"https:\/\/allin1bitcoins.com\/de\/#organization"},"potentialAction":[{"@type":"SearchAction","target":{"@type":"EntryPoint","urlTemplate":"https:\/\/allin1bitcoins.com\/de\/?s={search_term_string}"},"query-input":"required name=search_term_string"}],"inLanguage":"de"},{"@type":"Organization","@id":"https:\/\/allin1bitcoins.com\/de\/#organization","name":"allin1bitcoins","url":"https:\/\/allin1bitcoins.com\/de\/","logo":{"@type":"ImageObject","inLanguage":"de","@id":"https:\/\/allin1bitcoins.com\/de\/#\/schema\/logo\/image\/","url":"https:\/\/allin1bitcoins.com\/wp-content\/uploads\/2019\/01\/logo-new.png","contentUrl":"https:\/\/allin1bitcoins.com\/wp-content\/uploads\/2019\/01\/logo-new.png","width":178,"height":71,"caption":"allin1bitcoins"},"image":{"@id":"https:\/\/allin1bitcoins.com\/de\/#\/schema\/logo\/image\/"}}]}},"_links":{"self":[{"href":"https:\/\/allin1bitcoins.com\/de\/wp-json\/wp\/v2\/pages\/23014"}],"collection":[{"href":"https:\/\/allin1bitcoins.com\/de\/wp-json\/wp\/v2\/pages"}],"about":[{"href":"https:\/\/allin1bitcoins.com\/de\/wp-json\/wp\/v2\/types\/page"}],"author":[{"embeddable":true,"href":"https:\/\/allin1bitcoins.com\/de\/wp-json\/wp\/v2\/users\/8"}],"replies":[{"embeddable":true,"href":"https:\/\/allin1bitcoins.com\/de\/wp-json\/wp\/v2\/comments?post=23014"}],"version-history":[{"count":1,"href":"https:\/\/allin1bitcoins.com\/de\/wp-json\/wp\/v2\/pages\/23014\/revisions"}],"predecessor-version":[{"id":23028,"href":"https:\/\/allin1bitcoins.com\/de\/wp-json\/wp\/v2\/pages\/23014\/revisions\/23028"}],"up":[{"embeddable":true,"href":"https:\/\/allin1bitcoins.com\/de\/wp-json\/wp\/v2\/pages\/22872"}],"wp:featuredmedia":[{"embeddable":true,"href":"https:\/\/allin1bitcoins.com\/de\/wp-json\/wp\/v2\/media\/12734"}],"wp:attachment":[{"href":"https:\/\/allin1bitcoins.com\/de\/wp-json\/wp\/v2\/media?parent=23014"}],"curies":[{"name":"wp","href":"https:\/\/api.w.org\/{rel}","templated":true}]}}