{"id":23043,"date":"2023-03-09T18:17:18","date_gmt":"2023-03-09T18:17:18","guid":{"rendered":"https:\/\/allin1bitcoins.com\/?page_id=23043"},"modified":"2023-03-09T18:17:20","modified_gmt":"2023-03-09T18:17:20","slug":"apple-pay","status":"publish","type":"page","link":"https:\/\/allin1bitcoins.com\/de\/crypto\/dogecoin\/apple-pay\/","title":{"rendered":"Wie Man Dogecoin (DOGE) Mit Apple Pay Kauft"},"content":{"rendered":"\n<h2 class=\"wp-block-heading\">Wie man Dogecoin mit Apple Pay kauft<\/h2>\n\n\n\n<p>Das Finden einer Kryptow\u00e4hrungsb\u00f6rse, die Apple Pay akzeptiert, und das Befolgen ihrer Anweisungen zum Kauf von Dogecoin sind die beiden einfachen Antworten auf die Frage, wie man Dogecoin mit Apple Pay kauft. Recherchieren Sie, um eine B\u00f6rse zu finden, die Apple Pay akzeptiert, da nicht alle dies tun. Zus\u00e4tzlich m\u00fcssen Sie m\u00f6glicherweise einige pers\u00f6nliche und finanzielle Daten preisgeben, einschlie\u00dflich Ihres Namens, Ihrer E-Mail-Adresse und Ihrer Zahlungsinformationen, um ein Konto zu erstellen und die Transaktion abzuschlie\u00dfen.<\/p>\n\n\n\n<h2 class=\"wp-block-heading\">Ansichten zu Dogecoin<\/h2>\n\n\n\n<p>Dogecoin ist eine Form von Kryptow\u00e4hrung, die urspr\u00fcnglich 2013 als Witz eingef\u00fchrt wurde. Sie basiert auf dem &#8220;Doge&#8221; -Internet-Meme, das um diese Zeit extrem ber\u00fchmt wurde. Trotz seiner bescheidenen Anf\u00e4nge hat Dogecoin an Popularit\u00e4t gewonnen und eine gro\u00dfe Benutzer- und Fan-Basis. Es nutzt dieselbe Technologie wie Bitcoin und l\u00e4uft auf einem dezentralen Netzwerk, was bedeutet, dass es von keiner Regierungsbeh\u00f6rde oder Finanzinstitution reguliert wird.<\/p>\n\n\n\n<p>Online-Transaktionen, Zahlungen und Fundraising sind nur einige der Verwendungsm\u00f6glichkeiten f\u00fcr Dogecoin. Es kann auf Kryptow\u00e4hrungsb\u00f6rsen gehandelt und in einer digitalen Brieftasche aufbewahrt werden.<\/p>\n\n\n\n<h2 class=\"wp-block-heading\">Warum Sie Dogecoin mit Apple Pay kaufen m\u00f6chten<\/h2>\n\n\n\n<p>Sie m\u00f6chten m\u00f6glicherweise aus verschiedenen Gr\u00fcnden Dogecoin mit Apple Pay kaufen. Eine Erkl\u00e4rung ist, dass der Kauf von Dogecoin mit Apple Pay einfach und bequem ist, da es eine Zahlungsoption ist, die weit verbreitet und vertrauensw\u00fcrdig ist. Dar\u00fcber hinaus kann die Verwendung von Apple Pay einen gewissen Schutz vor Betrug und unbefugten Transaktionen bieten.<\/p>\n\n\n\n<p>Ein weiterer Vorteil der Verwendung von Apple Pay zum Kauf von Dogecoin besteht darin, dass Sie dies ohne Kreditkarte oder Bankkonto tun k\u00f6nnen. Dies ist besonders hilfreich f\u00fcr Personen, die kein Bankkonto oder keine Kreditkarte haben oder diese Zahlungsmethoden f\u00fcr Online-Transaktionen nicht verwenden m\u00f6chten. Ein einfacher und sicherer Weg, um Dogecoin zu bezahlen, besteht darin, Apple Pay zu verwenden, mit dem Sie Eink\u00e4ufe mit der Debit- oder Kreditkarte t\u00e4tigen k\u00f6nnen, die mit Ihrem Apple-Konto verkn\u00fcpft ist.<\/p>\n\n\n\n<h2 class=\"wp-block-heading\">Wie man Dogecoin mit Apple Pay kauft: Ein Schritt-f\u00fcr-Schritt-Anleitung<\/h2>\n\n\n\n<p><strong>Folgend finden Sie eine Schritt-f\u00fcr-Schritt-Anleitung zum Kauf von Dogecoin mit Apple Pay:<\/strong><\/p>\n\n\n\n<ol><li>Finden Sie eine Kryptow\u00e4hrungsb\u00f6rse, die Apple Pay erm\u00f6glicht. Sie m\u00fcssen m\u00f6glicherweise suchen, um eine B\u00f6rse zu finden, die Apple Pay akzeptiert, da nicht alle dies tun. Coinbase, Paxful und LocalBitcoins sind einige bekannte B\u00f6rsen, die Apple Pay akzeptieren.<br><br><\/li><li>Erstellen Sie ein Profil bei der B\u00f6rse. In der Regel werden Sie nach pers\u00f6nlichen und finanziellen Daten wie Ihrem Namen, Ihrer E-Mail-Adresse und Zahlungsdetails gefragt.<br><br><\/li><li>Best\u00e4tigen Sie Ihr Konto. Bevor Sie auf vielen B\u00f6rsen einen Kauf t\u00e4tigen k\u00f6nnen, m\u00fcssen Sie h\u00e4ufig Ihre Identit\u00e4t nachweisen. Dies k\u00f6nnte die \u00dcbermittlung einer E-Mail- oder Telefonverifizierungsanfrage, das Hochladen einer Kopie Ihres Ausweises oder anderer unterst\u00fctzender Dokumente oder beides umfassen.<br><br><\/li><li>W\u00e4hlen Sie Dogecoin als die digitale W\u00e4hrung, die Sie kaufen m\u00f6chten. Die meisten B\u00f6rsen erlauben es Ihnen, nach Dogecoin oder anderen Kryptow\u00e4hrungen zu suchen und sie Ihrem Warenkorb f\u00fcr einen sp\u00e4teren Kauf hinzuzuf\u00fcgen.<br><br><\/li><li>W\u00e4hlen Sie Apple Pay als Zahlungsoption. W\u00e4hlen Sie Apple Pay als bevorzugte Zahlungsoption, um Dogecoin zu kaufen.<br><br><\/li><li>Um die Transaktion abzuschlie\u00dfen, geben Sie die Menge an Dogecoin ein, die Sie kaufen m\u00f6chten. Best\u00e4tigen Sie den Kauf, nachdem Sie die Details der Transaktion, wie den Preis und eventuelle Geb\u00fchren, \u00fcberpr\u00fcft haben.<br><br><\/li><li>Warten Sie auf das Ende der Transaktion. Abh\u00e4ngig von der B\u00f6rse und der aktuellen Nachfrage nach Dogecoin kann die Transaktion einige Minuten dauern. Sobald die Transaktion abgeschlossen ist, wird Dogecoin Ihrem digitalen Wallet auf der B\u00f6rse hinzugef\u00fcgt.<\/li><\/ol>\n\n\n\n<figure class=\"wp-block-embed is-type-video is-provider-youtube wp-block-embed-youtube wp-embed-aspect-16-9 wp-has-aspect-ratio\"><div class=\"wp-block-embed__wrapper\">\n<iframe title=\"Binance.US | Buy And Deposit With Apple Pay\" width=\"800\" height=\"450\" src=\"https:\/\/www.youtube.com\/embed\/ZM8aObf_Mlg?feature=oembed\" frameborder=\"0\" allow=\"accelerometer; autoplay; clipboard-write; encrypted-media; gyroscope; picture-in-picture; web-share\" allowfullscreen><\/iframe>\n<\/div><\/figure>\n\n\n\n<h2 class=\"wp-block-heading\">Nachteile der Verwendung von Apple Pay zum Kauf von Dogecoin<\/h2>\n\n\n\n<p>Beim Kauf von Dogecoin mit Apple Pay gibt es bestimmte Nachteile zu ber\u00fccksichtigen. Sie m\u00fcssen m\u00f6glicherweise herumfahren, um eine B\u00f6rse zu finden, die Apple Pay akzeptiert, da nicht alle dies tun. Dar\u00fcber hinaus k\u00f6nnen bei der Verwendung von Apple Pay Geb\u00fchren f\u00fcr die Transaktion anfallen, die den endg\u00fcltigen Preis des Kaufs erh\u00f6hen. Auch wenn die Kosten f\u00fcr Apple Pay in der Regel gering sind, ist es dennoch wichtig, sie vor Abschluss einer Transaktion sorgf\u00e4ltig zu analysieren.<\/p>\n\n\n\n<p>Ein weiterer Nachteil ist, dass Dogecoin wie andere Kryptow\u00e4hrungen extrem volatil ist und sein Wert sich dramatisch \u00e4ndern kann. Dies bedeutet, dass der Preis von Dogecoin \u00fcber einen kurzen Zeitraum dramatisch steigen oder fallen kann, was sich auf Ihre Investition auswirken kann. Alle Bitcoin-Investitionen tragen dieses Risiko, daher ist es wichtig, sorgf\u00e4ltig dar\u00fcber nachzudenken, bevor man investiert.<\/p>\n\n\n\n<h2 class=\"wp-block-heading\">Schlussfolgerung<\/h2>\n\n\n\n<p>Zusammenfassend ist der Kauf von Dogecoin mit Apple Pay ein recht einfacher Prozess, der \u00fcber eine Kryptow\u00e4hrungsb\u00f6rse durchgef\u00fchrt werden kann, die Apple Pay als Zahlungsmethode akzeptiert. Obwohl mit dem Investieren in Kryptow\u00e4hrungen Risiken verbunden sind, ist es wichtig, gr\u00fcndliche Recherchen sowohl \u00fcber die B\u00f6rse als auch \u00fcber die jeweilige W\u00e4hrung durchzuf\u00fchren, bevor man einen Kauf t\u00e4tigt. Es ist zu ber\u00fccksichtigen, ob die Bequemlichkeit der Nutzung von Apple Pay als Zahlungsoption eventuelle zus\u00e4tzliche Geb\u00fchren rechtfertigt, und man sollte sich dieser Kosten bewusst sein. Insgesamt kann Apple Pay, sofern die erforderlichen Sicherheitsma\u00dfnahmen getroffen werden, eine schnelle und sichere M\u00f6glichkeit bieten, Dogecoin zu kaufen.<\/p>\n\n\n\n<!-- Page-list plugin v.5.9 wordpress.org\/plugins\/page-list\/ -->\n<ul class=\"page-list siblings-page-list \">\n<li class=\"page_item page-item-23034\"><a href=\"https:\/\/allin1bitcoins.com\/de\/crypto\/dogecoin\/american-express\/\">Wie Man Dogecoin (DOGE) Mit American Express Kauft<\/a><\/li>\n<li class=\"page_item page-item-23043\"><a href=\"https:\/\/allin1bitcoins.com\/de\/crypto\/dogecoin\/apple-pay\/\">Wie Man Dogecoin (DOGE) Mit Apple Pay Kauft<\/a><\/li>\n<li class=\"page_item page-item-23051\"><a href=\"https:\/\/allin1bitcoins.com\/de\/crypto\/dogecoin\/bank-account\/\">Wie Man Dogecoin (DOGE) Mit Einem Bankkonto Kauft<\/a><\/li>\n<li class=\"page_item page-item-23060\"><a href=\"https:\/\/allin1bitcoins.com\/de\/crypto\/dogecoin\/google-pay\/\">Wie Man Dogecoin (DOGE) Mit Google Pay Kauft<\/a><\/li>\n<li class=\"page_item page-item-23069\"><a href=\"https:\/\/allin1bitcoins.com\/de\/crypto\/dogecoin\/neteller\/\">Wie Man Dogecoin (DOGE) Mit Neteller Kauft<\/a><\/li>\n<li class=\"page_item page-item-23014\"><a href=\"https:\/\/allin1bitcoins.com\/de\/crypto\/dogecoin\/paypal\/\">Wie Man Dogecoin (DOGE) Mit PayPal auft<\/a><\/li>\n<li class=\"page_item page-item-23078\"><a href=\"https:\/\/allin1bitcoins.com\/de\/crypto\/dogecoin\/paysafecard\/\">Wie Man Dogecoin (DOGE) Mit Paysafecard Kauft<\/a><\/li>\n<li class=\"page_item page-item-23088\"><a href=\"https:\/\/allin1bitcoins.com\/de\/crypto\/dogecoin\/skrill\/\">Wie Man Dogecoin (DOGE) Mit Skrill Kauft<\/a><\/li>\n<li class=\"page_item page-item-23102\"><a href=\"https:\/\/allin1bitcoins.com\/de\/crypto\/dogecoin\/venmo\/\">Wie Man Dogecoin (DOGE) Mit Venmo Kauft<\/a><\/li>\n\n<\/ul>\n","protected":false},"excerpt":{"rendered":"<p>Wie man Dogecoin mit Apple Pay kauft Das Finden einer Kryptow\u00e4hrungsb\u00f6rse, die Apple Pay akzeptiert, und das Befolgen ihrer Anweisungen zum Kauf von Dogecoin sind die beiden einfachen Antworten auf die Frage, wie man Dogecoin mit Apple Pay kauft. Recherchieren Sie, um eine B\u00f6rse zu finden, die Apple Pay akzeptiert, da nicht alle dies tun&#8230;.<\/p>\n","protected":false},"author":8,"featured_media":12861,"parent":22872,"menu_order":0,"comment_status":"closed","ping_status":"closed","template":"","meta":{"cybocfi_hide_featured_image":"","footnotes":""},"acf":[],"yoast_head":"<!-- This site is optimized with the Yoast SEO plugin v21.7 - https:\/\/yoast.com\/wordpress\/plugins\/seo\/ -->\n<title>Wie Man Dogecoin (DOGE) Mit Apple Pay Kauft<\/title>\n<meta name=\"description\" content=\"Finden Sie eine Kryptow\u00e4hrungsb\u00f6rse, die Apple Pay akzeptiert, und befolgen Sie deren Anweisungen zum Kauf von Dogecoin\" \/>\n<meta name=\"robots\" content=\"index, follow, max-snippet:-1, max-image-preview:large, max-video-preview:-1\" \/>\n<link rel=\"canonical\" href=\"https:\/\/allin1bitcoins.com\/de\/crypto\/dogecoin\/apple-pay\/\" \/>\n<meta property=\"og:locale\" content=\"de_DE\" \/>\n<meta property=\"og:type\" content=\"article\" \/>\n<meta property=\"og:title\" content=\"Wie Man Dogecoin (DOGE) Mit Apple Pay Kauft\" \/>\n<meta property=\"og:description\" content=\"Finden Sie eine Kryptow\u00e4hrungsb\u00f6rse, die Apple Pay akzeptiert, und befolgen Sie deren Anweisungen zum Kauf von Dogecoin\" \/>\n<meta property=\"og:url\" content=\"https:\/\/allin1bitcoins.com\/de\/crypto\/dogecoin\/apple-pay\/\" \/>\n<meta property=\"og:site_name\" content=\"Allin1Bitcoins\" \/>\n<meta property=\"article:modified_time\" content=\"2023-03-09T18:17:20+00:00\" \/>\n<meta property=\"og:image\" content=\"https:\/\/allin1bitcoins.com\/wp-content\/uploads\/2023\/01\/clay-banks-NPlMmVsC40I-unsplash.jpg\" \/>\n\t<meta property=\"og:image:width\" content=\"1920\" \/>\n\t<meta property=\"og:image:height\" content=\"2400\" \/>\n\t<meta property=\"og:image:type\" content=\"image\/jpeg\" \/>\n<meta name=\"twitter:card\" content=\"summary_large_image\" \/>\n<meta name=\"twitter:label1\" content=\"Est. reading time\" \/>\n\t<meta name=\"twitter:data1\" content=\"4 minutes\" \/>\n<!-- \/ Yoast SEO plugin. -->","yoast_head_json":{"title":"Wie Man Dogecoin (DOGE) Mit Apple Pay Kauft","description":"Finden Sie eine Kryptow\u00e4hrungsb\u00f6rse, die Apple Pay akzeptiert, und befolgen Sie deren Anweisungen zum Kauf von Dogecoin","robots":{"index":"index","follow":"follow","max-snippet":"max-snippet:-1","max-image-preview":"max-image-preview:large","max-video-preview":"max-video-preview:-1"},"canonical":"https:\/\/allin1bitcoins.com\/de\/crypto\/dogecoin\/apple-pay\/","og_locale":"de_DE","og_type":"article","og_title":"Wie Man Dogecoin (DOGE) Mit Apple Pay Kauft","og_description":"Finden Sie eine Kryptow\u00e4hrungsb\u00f6rse, die Apple Pay akzeptiert, und befolgen Sie deren Anweisungen zum Kauf von Dogecoin","og_url":"https:\/\/allin1bitcoins.com\/de\/crypto\/dogecoin\/apple-pay\/","og_site_name":"Allin1Bitcoins","article_modified_time":"2023-03-09T18:17:20+00:00","og_image":[{"width":1920,"height":2400,"url":"https:\/\/allin1bitcoins.com\/wp-content\/uploads\/2023\/01\/clay-banks-NPlMmVsC40I-unsplash.jpg","type":"image\/jpeg"}],"twitter_card":"summary_large_image","twitter_misc":{"Est. reading time":"4 minutes"},"schema":{"@context":"https:\/\/schema.org","@graph":[{"@type":"WebPage","@id":"https:\/\/allin1bitcoins.com\/de\/crypto\/dogecoin\/apple-pay\/","url":"https:\/\/allin1bitcoins.com\/de\/crypto\/dogecoin\/apple-pay\/","name":"Wie Man Dogecoin (DOGE) Mit Apple Pay Kauft","isPartOf":{"@id":"https:\/\/allin1bitcoins.com\/de\/#website"},"datePublished":"2023-03-09T18:17:18+00:00","dateModified":"2023-03-09T18:17:20+00:00","description":"Finden Sie eine Kryptow\u00e4hrungsb\u00f6rse, die Apple Pay akzeptiert, und befolgen Sie deren Anweisungen zum Kauf von Dogecoin","breadcrumb":{"@id":"https:\/\/allin1bitcoins.com\/de\/crypto\/dogecoin\/apple-pay\/#breadcrumb"},"inLanguage":"de","potentialAction":[{"@type":"ReadAction","target":["https:\/\/allin1bitcoins.com\/de\/crypto\/dogecoin\/apple-pay\/"]}]},{"@type":"BreadcrumbList","@id":"https:\/\/allin1bitcoins.com\/de\/crypto\/dogecoin\/apple-pay\/#breadcrumb","itemListElement":[{"@type":"ListItem","position":1,"name":"Home","item":"https:\/\/allin1bitcoins.com\/de\/"},{"@type":"ListItem","position":2,"name":"Krypto","item":"https:\/\/allin1bitcoins.com\/de\/crypto\/"},{"@type":"ListItem","position":3,"name":"Wie Man Dogecoin (DOGE) Kauft &#8211; Schritt-f\u00fcr-Schritt-Anleitung 2023","item":"https:\/\/allin1bitcoins.com\/de\/crypto\/dogecoin\/"},{"@type":"ListItem","position":4,"name":"Wie Man Dogecoin (DOGE) Mit Apple Pay Kauft"}]},{"@type":"WebSite","@id":"https:\/\/allin1bitcoins.com\/de\/#website","url":"https:\/\/allin1bitcoins.com\/de\/","name":"Allin1Bitcoins","description":"","publisher":{"@id":"https:\/\/allin1bitcoins.com\/de\/#organization"},"potentialAction":[{"@type":"SearchAction","target":{"@type":"EntryPoint","urlTemplate":"https:\/\/allin1bitcoins.com\/de\/?s={search_term_string}"},"query-input":"required name=search_term_string"}],"inLanguage":"de"},{"@type":"Organization","@id":"https:\/\/allin1bitcoins.com\/de\/#organization","name":"allin1bitcoins","url":"https:\/\/allin1bitcoins.com\/de\/","logo":{"@type":"ImageObject","inLanguage":"de","@id":"https:\/\/allin1bitcoins.com\/de\/#\/schema\/logo\/image\/","url":"https:\/\/allin1bitcoins.com\/wp-content\/uploads\/2019\/01\/logo-new.png","contentUrl":"https:\/\/allin1bitcoins.com\/wp-content\/uploads\/2019\/01\/logo-new.png","width":178,"height":71,"caption":"allin1bitcoins"},"image":{"@id":"https:\/\/allin1bitcoins.com\/de\/#\/schema\/logo\/image\/"}}]}},"_links":{"self":[{"href":"https:\/\/allin1bitcoins.com\/de\/wp-json\/wp\/v2\/pages\/23043"}],"collection":[{"href":"https:\/\/allin1bitcoins.com\/de\/wp-json\/wp\/v2\/pages"}],"about":[{"href":"https:\/\/allin1bitcoins.com\/de\/wp-json\/wp\/v2\/types\/page"}],"author":[{"embeddable":true,"href":"https:\/\/allin1bitcoins.com\/de\/wp-json\/wp\/v2\/users\/8"}],"replies":[{"embeddable":true,"href":"https:\/\/allin1bitcoins.com\/de\/wp-json\/wp\/v2\/comments?post=23043"}],"version-history":[{"count":1,"href":"https:\/\/allin1bitcoins.com\/de\/wp-json\/wp\/v2\/pages\/23043\/revisions"}],"predecessor-version":[{"id":23047,"href":"https:\/\/allin1bitcoins.com\/de\/wp-json\/wp\/v2\/pages\/23043\/revisions\/23047"}],"up":[{"embeddable":true,"href":"https:\/\/allin1bitcoins.com\/de\/wp-json\/wp\/v2\/pages\/22872"}],"wp:featuredmedia":[{"embeddable":true,"href":"https:\/\/allin1bitcoins.com\/de\/wp-json\/wp\/v2\/media\/12861"}],"wp:attachment":[{"href":"https:\/\/allin1bitcoins.com\/de\/wp-json\/wp\/v2\/media?parent=23043"}],"curies":[{"name":"wp","href":"https:\/\/api.w.org\/{rel}","templated":true}]}}