{"id":23167,"date":"2023-03-10T09:03:16","date_gmt":"2023-03-10T09:03:16","guid":{"rendered":"https:\/\/allin1bitcoins.com\/?page_id=23167"},"modified":"2023-03-10T09:03:17","modified_gmt":"2023-03-10T09:03:17","slug":"bank-account","status":"publish","type":"page","link":"https:\/\/allin1bitcoins.com\/de\/crypto\/babydogeking\/bank-account\/","title":{"rendered":"Wie Man BabyDogeKing Mit Einem Bankkonto Kauft"},"content":{"rendered":"\n<h2 class=\"wp-block-heading\">Um die BabyDogeKing-W\u00e4hrung mit einem Bankkonto zu kaufen, m\u00fcssen Sie die folgenden Schritte durchf\u00fchren:<\/h2>\n\n\n\n<ul><li>Suchen Sie nach einer Bitcoin-B\u00f6rse, die Bank\u00fcberweisungen als Zahlungsmethode akzeptiert.<\/li><li>Erstellen Sie ein Konto auf der B\u00f6rse, indem Sie sich registrieren und die erforderlichen Identit\u00e4tspr\u00fcfungsschritte abschlie\u00dfen.<\/li><li>Ihr Bankkonto sollte mit der B\u00f6rse verkn\u00fcpft sein.<\/li><li>Verwenden Sie eine Bank\u00fcberweisung, um Geld auf Ihr Konto zu \u00fcberweisen.<\/li><li>Suchen Sie auf der B\u00f6rse nach BabyDogeKing-M\u00fcnzen und t\u00e4tigen Sie dann eine Bestellung zum Kauf mit dem Geld auf Ihrem Konto.<\/li><li>Warten Sie auf die Bearbeitung der Bestellung und die \u00dcbertragung der BabyDogeKing-M\u00fcnzen auf Ihre B\u00f6rsen-Wallet.<\/li><\/ul>\n\n\n\n<h2 class=\"wp-block-heading\">\u00dcberpr\u00fcfung der BabyDogeKing-M\u00fcnze<\/h2>\n\n\n\n<p>Eine Abspaltung der bekannten Kryptow\u00e4hrung Dogecoin f\u00fchrte zur Entstehung der BabyDogeKing-M\u00fcnze im Jahr 2021. Wie Dogecoin basiert die BabyDogeKing-W\u00e4hrung auf der Scrypt-Mining-Technologie und hat eine betr\u00e4chtliche Online-Nutzerbasis. Einer der Hauptunterschiede zwischen der BabyDogeKing-W\u00e4hrung und Dogecoin besteht darin, dass Dogecoin kein oberes Limit hat, w\u00e4hrend BabyDogeKing-M\u00fcnzen eine begrenzte Menge an M\u00fcnzen haben, die jemals gepr\u00e4gt werden.<\/p>\n\n\n\n<h2 class=\"wp-block-heading\">Warum Sie ein Bankkonto verwenden m\u00f6chten, um BabyDogeKing-M\u00fcnzen zu kaufen<\/h2>\n\n\n\n<p>Sie m\u00f6chten m\u00f6glicherweise BabyDogeKing-M\u00fcnzen mit einem Bankkonto kaufen aus verschiedenen Gr\u00fcnden. Bank\u00fcberweisungen sind h\u00e4ufig eine der sichersten Zahlungsoptionen, was einer der Hauptgr\u00fcnde ist. Eine Bank\u00fcberweisung verringert das Risiko von Betrug oder Identit\u00e4tsdiebstahl, da das Geld direkt von Ihrem Bankkonto an den Empf\u00e4nger gesendet wird.<\/p>\n\n\n\n<p>Geringere Kosten sind ein weiterer Vorteil des Kaufs von BabyDogeKing-M\u00fcnzen mit einem Bankkonto. Im Vergleich zu K\u00e4ufen mit Kreditkarte oder PayPal haben Bank\u00fcberweisungen h\u00e4ufig niedrigere Geb\u00fchren. Wenn der Wert der BabyDogeKing-W\u00e4hrung steigt, kann dies dazu beitragen, Geld zu sparen und Ihre Gewinne zu steigern.<\/p>\n\n\n\n<h2 class=\"wp-block-heading\">Ausf\u00fchrliche Anweisungen zum Kauf von BabyDogeKing-M\u00fcnzen mit einem Bankkonto<\/h2>\n\n\n\n<ol><li>Suchen Sie nach einer Bitcoin-B\u00f6rse, die Bank\u00fcberweisungen als Zahlungsmethode akzeptiert. Das Finden einer B\u00f6rse, die Bank\u00fcberweisungen akzeptiert, ist entscheidend, da nicht alle dies tun. Coinbase und Kraken sind zwei g\u00e4ngige B\u00f6rsen, die Bank\u00fcberweisungen akzeptieren.<br><br><\/li><li>Erstellen Sie ein Konto auf der B\u00f6rse, indem Sie sich registrieren und die erforderlichen Identit\u00e4tspr\u00fcfungsschritte abschlie\u00dfen. Die meisten B\u00f6rsen verlangen pers\u00f6nliche Informationen und einen Identit\u00e4tsnachweis, um Anti-Geldw\u00e4sche-Gesetzen zu entsprechen.<br><br><\/li><li>Ihr Bankkonto sollte mit der B\u00f6rse verkn\u00fcpft sein. Sobald der Registrierungsprozess abgeschlossen ist, m\u00fcssen Sie Ihr Bankkonto mit der B\u00f6rse verbinden. In der Regel m\u00fcssen Sie die Verbindung autorisieren und der B\u00f6rse Ihre Bankkontoinformationen geben.<br><br><\/li><li>Verwenden Sie eine Bank\u00fcberweisung, um Geld auf Ihr Konto einzuzahlen. Sobald Ihr Bankkonto mit der B\u00f6rse verbunden ist, k\u00f6nnen Sie Einzahlungen auf Ihr B\u00f6rsenkonto \u00fcber eine Bank\u00fcberweisung vornehmen. \u00dcberpr\u00fcfen Sie die Geb\u00fchren, bevor Sie eine Einzahlung vornehmen, da bestimmte B\u00f6rsen f\u00fcr Bank\u00fcberweisungen Geb\u00fchren erheben k\u00f6nnen.<br><br><\/li><li>Suchen Sie auf der B\u00f6rse nach BabyDogeKing-M\u00fcnzen und t\u00e4tigen Sie dann eine Bestellung, um sie mit dem Geld in Ihrem Konto zu kaufen. Wenn Sie Geld auf Ihrem Konto haben, k\u00f6nnen Sie nach BabyDogeKing-M\u00fcnzen suchen und eine Bestellung auf der B\u00f6rse aufgeben. Stellen Sie sicher, dass Sie die Menge der BabyDogeKing-M\u00fcnzen angeben, die Sie kaufen m\u00f6chten, sowie den Preis, den Sie bereit sind zu zahlen.<br><br><\/li><li>Warten Sie auf die Bearbeitung der Bestellung und die \u00dcbertragung der BabyDogeKing-M\u00fcnzen auf Ihre B\u00f6rsen-Wallet. Die BabyDogeKing-M\u00fcnzen werden auf Ihre B\u00f6rsen-Wallet \u00fcbertragen, sobald Ihre Bestellung best\u00e4tigt wurde. Die M\u00fcnzen k\u00f6nnen entweder in Ihrer B\u00f6rsen-Wallet aufbewahrt oder in eine pers\u00f6nliche Wallet f\u00fcr sicherere Aufbewahrung verschoben werden.<\/li><\/ol>\n\n\n\n<figure class=\"wp-block-embed is-type-video is-provider-youtube wp-block-embed-youtube wp-embed-aspect-16-9 wp-has-aspect-ratio\"><div class=\"wp-block-embed__wrapper\">\n<iframe title=\"How to Buy Baby Dogecoin on Trust wallet Using Binance, Pancakeswap &amp; Bitmart: easy crypto tutorial!\" width=\"800\" height=\"450\" src=\"https:\/\/www.youtube.com\/embed\/5kkya4w11MM?feature=oembed\" frameborder=\"0\" allow=\"accelerometer; autoplay; clipboard-write; encrypted-media; gyroscope; picture-in-picture; web-share\" allowfullscreen><\/iframe>\n<\/div><\/figure>\n\n\n\n<h2 class=\"wp-block-heading\">Nachteile der Verwendung eines Bankkontos zum Kauf von BabyDogeKing-M\u00fcnzen<\/h2>\n\n\n\n<p>Die Verwendung eines Bankkontos zum Kauf von BabyDogeKing-M\u00fcnzen hat einige Nachteile. Bank\u00fcberweisungen k\u00f6nnen l\u00e4nger dauern als andere Zahlungsoptionen, was ein m\u00f6glicher Nachteil ist. Dies kann \u00e4rgerlich sein, wenn Sie in BabyDogeKing-M\u00fcnzen investieren m\u00f6chten, aber auf die Fertigstellung der Bank\u00fcberweisung warten m\u00fcssen.<\/p>\n\n\n\n<p>Ein weiterer Nachteil besteht darin, dass einige Banken aus Sicherheitsgr\u00fcnden den Gebrauch von Bankkonten f\u00fcr Kryptow\u00e4hrungsk\u00e4ufe verbieten oder einschr\u00e4nken k\u00f6nnten. Wenn Sie Ihr Bankkonto nicht verwenden k\u00f6nnen, um das Element zu bezahlen, kann es schwierig sein, eine andere Zahlungsmethode zu finden.<\/p>\n\n\n\n<h2 class=\"wp-block-heading\">Schlussfolgerung<\/h2>\n\n\n\n<p>Eine sichere und m\u00f6glicherweise wirtschaftliche Option zum Investieren in Kryptow\u00e4hrungen ist der Kauf von BabyDogeKing-M\u00fcnzen \u00fcber ein Bankkonto. Bei der Auswahl einer B\u00f6rse ist es wichtig, Ihre Recherche durchzuf\u00fchren und sich \u00fcber m\u00f6gliche Nachteile wie l\u00e4ngere Bearbeitungszeiten und die Wahrscheinlichkeit von Bankbeschr\u00e4nkungen im Klaren zu sein. Die Verwendung eines Bankkontos zum Kauf von BabyDogeKing-M\u00fcnzen k\u00f6nnte eine sichere und zuverl\u00e4ssige M\u00f6glichkeit sein, in eine interessante neue Assetklasse zu investieren.<\/p>\n\n\n\n<!-- Page-list plugin v.5.9 wordpress.org\/plugins\/page-list\/ -->\n<ul class=\"page-list siblings-page-list \">\n<li class=\"page_item page-item-23196\"><a href=\"https:\/\/allin1bitcoins.com\/de\/crypto\/babydogeking\/credit-card\/\">Wie Man BabDogeKing Mit Einer Kreditkarte kauft<\/a><\/li>\n<li class=\"page_item page-item-23121\"><a href=\"https:\/\/allin1bitcoins.com\/de\/crypto\/babydogeking\/united-kingdom\/\">Wie Man BabyDogeKing Im Vereinigten K\u00f6nigreich Kauft<\/a><\/li>\n<li class=\"page_item page-item-23155\"><a href=\"https:\/\/allin1bitcoins.com\/de\/crypto\/babydogeking\/australia\/\">Wie Man BabyDogeKing In Australien Kauft<\/a><\/li>\n<li class=\"page_item page-item-23131\"><a href=\"https:\/\/allin1bitcoins.com\/de\/crypto\/babydogeking\/united-states\/\">Wie Man BabyDogeKing In Den Vereinigten Staaten Kauft<\/a><\/li>\n<li class=\"page_item page-item-23204\"><a href=\"https:\/\/allin1bitcoins.com\/de\/crypto\/babydogeking\/canada\/\">Wie Man BabyDogeKing In Kanada Kaufen Kann<\/a><\/li>\n<li class=\"page_item page-item-23167\"><a href=\"https:\/\/allin1bitcoins.com\/de\/crypto\/babydogeking\/bank-account\/\">Wie Man BabyDogeKing Mit Einem Bankkonto Kauft<\/a><\/li>\n<li class=\"page_item page-item-23186\"><a href=\"https:\/\/allin1bitcoins.com\/de\/crypto\/babydogeking\/debit-card\/\">Wie Man BabyDogeKing Mit Einer Debitkarte Kauft<\/a><\/li>\n<li class=\"page_item page-item-23176\"><a href=\"https:\/\/allin1bitcoins.com\/de\/crypto\/babydogeking\/paypal\/\">Wie Man BabyDogeKing Mit PayPal Kauft.<\/a><\/li>\n\n<\/ul>\n","protected":false},"excerpt":{"rendered":"<p>Um die BabyDogeKing-W\u00e4hrung mit einem Bankkonto zu kaufen, m\u00fcssen Sie die folgenden Schritte durchf\u00fchren: Suchen Sie nach einer Bitcoin-B\u00f6rse, die Bank\u00fcberweisungen als Zahlungsmethode akzeptiert. Erstellen Sie ein Konto auf der B\u00f6rse, indem Sie sich registrieren und die erforderlichen Identit\u00e4tspr\u00fcfungsschritte abschlie\u00dfen. Ihr Bankkonto sollte mit der B\u00f6rse verkn\u00fcpft sein. Verwenden Sie eine Bank\u00fcberweisung, um Geld auf&#8230;<\/p>\n","protected":false},"author":8,"featured_media":15568,"parent":23109,"menu_order":0,"comment_status":"closed","ping_status":"closed","template":"","meta":{"cybocfi_hide_featured_image":"","footnotes":""},"acf":[],"yoast_head":"<!-- This site is optimized with the Yoast SEO plugin v21.7 - https:\/\/yoast.com\/wordpress\/plugins\/seo\/ -->\n<title>Wie Man BabyDogeKing Mit Einem Bankkonto Kauft<\/title>\n<meta name=\"description\" content=\"Um die W\u00e4hrung BabyDogeKing mit einem Bankkonto zu kaufen, m\u00fcssen Sie die folgenden Schritte ausf\u00fchren. Lesen Sie weiter.\" \/>\n<meta name=\"robots\" content=\"index, follow, max-snippet:-1, max-image-preview:large, max-video-preview:-1\" \/>\n<link rel=\"canonical\" href=\"https:\/\/allin1bitcoins.com\/de\/crypto\/babydogeking\/bank-account\/\" \/>\n<meta property=\"og:locale\" content=\"de_DE\" \/>\n<meta property=\"og:type\" content=\"article\" \/>\n<meta property=\"og:title\" content=\"Wie Man BabyDogeKing Mit Einem Bankkonto Kauft\" \/>\n<meta property=\"og:description\" content=\"Um die W\u00e4hrung BabyDogeKing mit einem Bankkonto zu kaufen, m\u00fcssen Sie die folgenden Schritte ausf\u00fchren. Lesen Sie weiter.\" \/>\n<meta property=\"og:url\" content=\"https:\/\/allin1bitcoins.com\/de\/crypto\/babydogeking\/bank-account\/\" \/>\n<meta property=\"og:site_name\" content=\"Allin1Bitcoins\" \/>\n<meta property=\"article:modified_time\" content=\"2023-03-10T09:03:17+00:00\" \/>\n<meta property=\"og:image\" content=\"https:\/\/allin1bitcoins.com\/wp-content\/uploads\/2023\/01\/pexels-pixabay-210574.jpg\" \/>\n\t<meta property=\"og:image:width\" content=\"1280\" \/>\n\t<meta property=\"og:image:height\" content=\"853\" \/>\n\t<meta property=\"og:image:type\" content=\"image\/jpeg\" \/>\n<meta name=\"twitter:card\" content=\"summary_large_image\" \/>\n<meta name=\"twitter:label1\" content=\"Est. reading time\" \/>\n\t<meta name=\"twitter:data1\" content=\"3 minutes\" \/>\n<!-- \/ Yoast SEO plugin. -->","yoast_head_json":{"title":"Wie Man BabyDogeKing Mit Einem Bankkonto Kauft","description":"Um die W\u00e4hrung BabyDogeKing mit einem Bankkonto zu kaufen, m\u00fcssen Sie die folgenden Schritte ausf\u00fchren. Lesen Sie weiter.","robots":{"index":"index","follow":"follow","max-snippet":"max-snippet:-1","max-image-preview":"max-image-preview:large","max-video-preview":"max-video-preview:-1"},"canonical":"https:\/\/allin1bitcoins.com\/de\/crypto\/babydogeking\/bank-account\/","og_locale":"de_DE","og_type":"article","og_title":"Wie Man BabyDogeKing Mit Einem Bankkonto Kauft","og_description":"Um die W\u00e4hrung BabyDogeKing mit einem Bankkonto zu kaufen, m\u00fcssen Sie die folgenden Schritte ausf\u00fchren. Lesen Sie weiter.","og_url":"https:\/\/allin1bitcoins.com\/de\/crypto\/babydogeking\/bank-account\/","og_site_name":"Allin1Bitcoins","article_modified_time":"2023-03-10T09:03:17+00:00","og_image":[{"width":1280,"height":853,"url":"https:\/\/allin1bitcoins.com\/wp-content\/uploads\/2023\/01\/pexels-pixabay-210574.jpg","type":"image\/jpeg"}],"twitter_card":"summary_large_image","twitter_misc":{"Est. reading time":"3 minutes"},"schema":{"@context":"https:\/\/schema.org","@graph":[{"@type":"WebPage","@id":"https:\/\/allin1bitcoins.com\/de\/crypto\/babydogeking\/bank-account\/","url":"https:\/\/allin1bitcoins.com\/de\/crypto\/babydogeking\/bank-account\/","name":"Wie Man BabyDogeKing Mit Einem Bankkonto Kauft","isPartOf":{"@id":"https:\/\/allin1bitcoins.com\/de\/#website"},"datePublished":"2023-03-10T09:03:16+00:00","dateModified":"2023-03-10T09:03:17+00:00","description":"Um die W\u00e4hrung BabyDogeKing mit einem Bankkonto zu kaufen, m\u00fcssen Sie die folgenden Schritte ausf\u00fchren. Lesen Sie weiter.","breadcrumb":{"@id":"https:\/\/allin1bitcoins.com\/de\/crypto\/babydogeking\/bank-account\/#breadcrumb"},"inLanguage":"de","potentialAction":[{"@type":"ReadAction","target":["https:\/\/allin1bitcoins.com\/de\/crypto\/babydogeking\/bank-account\/"]}]},{"@type":"BreadcrumbList","@id":"https:\/\/allin1bitcoins.com\/de\/crypto\/babydogeking\/bank-account\/#breadcrumb","itemListElement":[{"@type":"ListItem","position":1,"name":"Home","item":"https:\/\/allin1bitcoins.com\/de\/"},{"@type":"ListItem","position":2,"name":"Krypto","item":"https:\/\/allin1bitcoins.com\/de\/crypto\/"},{"@type":"ListItem","position":3,"name":"Wie Man BabyDogeKing Kauft &#8211; Schritt-f\u00fcr-Schritt-Anleitung 2023","item":"https:\/\/allin1bitcoins.com\/de\/crypto\/babydogeking\/"},{"@type":"ListItem","position":4,"name":"Wie Man BabyDogeKing Mit Einem Bankkonto Kauft"}]},{"@type":"WebSite","@id":"https:\/\/allin1bitcoins.com\/de\/#website","url":"https:\/\/allin1bitcoins.com\/de\/","name":"Allin1Bitcoins","description":"","publisher":{"@id":"https:\/\/allin1bitcoins.com\/de\/#organization"},"potentialAction":[{"@type":"SearchAction","target":{"@type":"EntryPoint","urlTemplate":"https:\/\/allin1bitcoins.com\/de\/?s={search_term_string}"},"query-input":"required name=search_term_string"}],"inLanguage":"de"},{"@type":"Organization","@id":"https:\/\/allin1bitcoins.com\/de\/#organization","name":"allin1bitcoins","url":"https:\/\/allin1bitcoins.com\/de\/","logo":{"@type":"ImageObject","inLanguage":"de","@id":"https:\/\/allin1bitcoins.com\/de\/#\/schema\/logo\/image\/","url":"https:\/\/allin1bitcoins.com\/wp-content\/uploads\/2019\/01\/logo-new.png","contentUrl":"https:\/\/allin1bitcoins.com\/wp-content\/uploads\/2019\/01\/logo-new.png","width":178,"height":71,"caption":"allin1bitcoins"},"image":{"@id":"https:\/\/allin1bitcoins.com\/de\/#\/schema\/logo\/image\/"}}]}},"_links":{"self":[{"href":"https:\/\/allin1bitcoins.com\/de\/wp-json\/wp\/v2\/pages\/23167"}],"collection":[{"href":"https:\/\/allin1bitcoins.com\/de\/wp-json\/wp\/v2\/pages"}],"about":[{"href":"https:\/\/allin1bitcoins.com\/de\/wp-json\/wp\/v2\/types\/page"}],"author":[{"embeddable":true,"href":"https:\/\/allin1bitcoins.com\/de\/wp-json\/wp\/v2\/users\/8"}],"replies":[{"embeddable":true,"href":"https:\/\/allin1bitcoins.com\/de\/wp-json\/wp\/v2\/comments?post=23167"}],"version-history":[{"count":1,"href":"https:\/\/allin1bitcoins.com\/de\/wp-json\/wp\/v2\/pages\/23167\/revisions"}],"predecessor-version":[{"id":23171,"href":"https:\/\/allin1bitcoins.com\/de\/wp-json\/wp\/v2\/pages\/23167\/revisions\/23171"}],"up":[{"embeddable":true,"href":"https:\/\/allin1bitcoins.com\/de\/wp-json\/wp\/v2\/pages\/23109"}],"wp:featuredmedia":[{"embeddable":true,"href":"https:\/\/allin1bitcoins.com\/de\/wp-json\/wp\/v2\/media\/15568"}],"wp:attachment":[{"href":"https:\/\/allin1bitcoins.com\/de\/wp-json\/wp\/v2\/media?parent=23167"}],"curies":[{"name":"wp","href":"https:\/\/api.w.org\/{rel}","templated":true}]}}