{"id":23317,"date":"2023-03-10T18:48:02","date_gmt":"2023-03-10T18:48:02","guid":{"rendered":"https:\/\/allin1bitcoins.com\/?page_id=23317"},"modified":"2023-03-10T18:48:34","modified_gmt":"2023-03-10T18:48:34","slug":"crypto-anonymously","status":"publish","type":"page","link":"https:\/\/allin1bitcoins.com\/de\/crypto\/shiba-inu\/crypto-anonymously\/","title":{"rendered":"Wie Man Shiba Inu (SHIBA) Anonym Mit Krypto Kauft"},"content":{"rendered":"\n<p>Verwenden Sie eine dezentralisierte B\u00f6rse (DEX), die Shiba Inu Coin (SHIB) unterst\u00fctzt und Kryptow\u00e4hrungszahlungen zul\u00e4sst, wenn Sie SHIB anonym erwerben m\u00f6chten. Sie k\u00f6nnen eine nicht-hinterlegte Wallet und ein virtuelles privates Netzwerk (VPN) verwenden, um Ihre IP-Adresse zu verbergen und so zu verhindern, dass Ihre pers\u00f6nlichen Informationen mit Ihren Kryptow\u00e4hrungstransaktionen in Verbindung gebracht werden. Sie k\u00f6nnen auch Ihre Zahlungen mit einer Kryptow\u00e4hrung t\u00e4tigen, die sich auf Anonymit\u00e4t konzentriert, wie zum Beispiel Monero (XMR) oder Zcash (ZEC).<\/p>\n\n\n\n<h2 class=\"wp-block-heading\">\u00dcberblick \u00fcber die Shiba Inu Coin<\/h2>\n\n\n\n<p>Eine Kryptow\u00e4hrung namens Shiba Inu Coin (SHIB) wurde im August 2020 eingef\u00fchrt; sie ist auf der Ethereum-Plattform aufgebaut. Sie wurde als Parodie auf Dogecoin entwickelt, eine bekannte Kryptow\u00e4hrung, die von der Hunderasse Shiba Inu inspiriert wurde. Aufgrund ihres niedrigen Preises und ihres reichlichen Angebots, das sie f\u00fcr eine Vielzahl von Benutzern leicht verf\u00fcgbar macht, ist SHIB in der Beliebtheit gewachsen.<\/p>\n\n\n\n<h2 class=\"wp-block-heading\">Warum Sie Shiba Inu Coin mit einer Kryptow\u00e4hrung anonym erwerben m\u00f6chten<\/h2>\n\n\n\n<p>Es gibt mehrere Gr\u00fcnde, warum Sie Shiba Inu Coin diskret mit einer Kryptow\u00e4hrung erwerben m\u00f6chten.<\/p>\n\n\n\n<p>Eine Rechtfertigung besteht darin, Ihre Privatsph\u00e4re zu wahren. Um Bitcoin \u00fcber eine regul\u00e4re B\u00f6rse zu kaufen, m\u00fcssen Sie oft finanzielle und pers\u00f6nliche Informationen angeben, die anf\u00e4llig f\u00fcr Identit\u00e4tsdiebstahl und Datenverletzungen sind.<\/p>\n\n\n\n<p>Sie k\u00f6nnen potenzielle Risiken daran hindern, auf Ihre pers\u00f6nlichen Informationen zuzugreifen, indem Sie SHIB anonym kaufen.<\/p>\n\n\n\n<p>Ein weiterer Vorteil des diskreten Kaufs von SHIB besteht darin, der Regierungs\u00fcberwachung zu entgehen. Der anonyme Kauf von SHIB kann Ihnen helfen, in einigen L\u00e4ndern, in denen die Regierung Kryptow\u00e4hrungstransaktionen \u00fcberwacht oder beschr\u00e4nkt, nicht identifiziert oder entdeckt zu werden.<\/p>\n\n\n\n<h2 class=\"wp-block-heading\">Wie man Shiba Inu Coin Schritt f\u00fcr Schritt mit einer Kryptow\u00e4hrung auf anonyme Weise erwirbt<\/h2>\n\n\n\n<p><strong>Eine Anleitung zum Kauf von Shiba Inu Coin auf geheime Weise mit einer Kryptow\u00e4hrung wird unten angegeben:<\/strong><\/p>\n\n\n\n<ol><li>Installieren Sie eine nicht-hinterlegte Wallet auf Ihrem Ger\u00e4t. Sie k\u00f6nnen Ihre Kryptow\u00e4hrungen mit einer nicht-hinterlegten Wallet verwalten und speichern, ohne dass ein Dritter Ihre privaten Schl\u00fcssel aufbewahren muss. Dies ist entscheidend, da es Ihnen die Kontrolle \u00fcber Ihre Kryptow\u00e4hrung gibt und Ihre Privatsph\u00e4re vor dem Wallet-Anbieter sch\u00fctzt. MyEtherWallet und Trust Wallet sind einige der beliebten nicht-hinterlegten Wallet-Optionen.<br><br><\/li><li>Besorgen Sie sich eine Kryptow\u00e4hrung, die einen starken Schwerpunkt auf Anonymit\u00e4t legt, wie zum Beispiel Zcash oder Monero. Indem Sie eine Zahlungsmethode wie eine Prepaid-Debitkarte oder Bargeld verwenden, k\u00f6nnen Sie diese Kryptow\u00e4hrungen auf einer zentralisierten B\u00f6rse kaufen.<br><br><\/li><li>Ein virtuelles privates Netzwerk (VPN) sollte genutzt werden. Ein VPN erschwert es jedem, Ihre Online-Aktivit\u00e4ten zu \u00fcberwachen, indem es Ihre Internetverbindung verschl\u00fcsselt und Ihre IP-Adresse verbirgt. Es gibt viele VPN-Service-Provider zur Auswahl, aber es ist entscheidend, einen zu w\u00e4hlen, der einen soliden Ruf hat und Ihr Online-Verhalten nicht aufzeichnet.<br><br><\/li><li>Suchen Sie eine dezentralisierte B\u00f6rse (DEX), die die auf Datenschutz ausgerichtete Kryptow\u00e4hrung akzeptiert, die Sie in Schritt 2 erworben haben und die SHIB unterst\u00fctzt. Uniswap, Binance DEX und Kyber Network sind einige beliebte DEX-Optionen.<br><br><\/li><li>Verbinden Sie sich mit der DEX \u00fcber Ihre nicht verwahrte Wallet, um einen Handel auszuf\u00fchren und SHIB mit der M\u00fcnze zu kaufen, die den Datenschutz priorisiert.<br><br><\/li><li>Legen Sie Ihre SHIB in Ihrer nicht verwahrten Wallet ab, damit sie sicher ist.<\/li><\/ol>\n\n\n\n<figure class=\"wp-block-embed is-type-video is-provider-youtube wp-block-embed-youtube wp-embed-aspect-16-9 wp-has-aspect-ratio\"><div class=\"wp-block-embed__wrapper\">\n<iframe title=\"IF YOU PUT $100 INTO SHIBA INU COIN TODAY - HOW MUCH PROFIT WOULD IT MAKE? SHIBA INU MILLIONAIRES\" width=\"800\" height=\"450\" src=\"https:\/\/www.youtube.com\/embed\/P6BeSbnHYC0?feature=oembed\" frameborder=\"0\" allow=\"accelerometer; autoplay; clipboard-write; encrypted-media; gyroscope; picture-in-picture; web-share\" allowfullscreen><\/iframe>\n<\/div><\/figure>\n\n\n\n<h2 class=\"wp-block-heading\">Nachteile eines anonymen Kryptow\u00e4hrungskaufs<\/h2>\n\n\n\n<p>Obwohl der anonyme Kauf von SHIB Vorteile hat, gibt es auch einige Nachteile zu ber\u00fccksichtigen. Die Tatsache, dass es schwieriger und zeitaufw\u00e4ndiger sein kann als der Kauf von SHIB \u00fcber eine herk\u00f6mmliche B\u00f6rse, ist ein Nachteil. Sie m\u00fcssen eine nicht verwahrte Wallet erstellen und eine M\u00fcnze kaufen, die den Datenschutz priorisiert, was zus\u00e4tzliche Prozesse und Kosten mit sich bringen kann.<\/p>\n\n\n\n<p>Ein weiterer Nachteil des anonymen Kaufs von SHIB ist, dass er m\u00f6glicherweise nicht so sicher ist wie der Kauf \u00fcber eine seri\u00f6se B\u00f6rse.<\/p>\n\n\n\n<p>DEXen sind m\u00f6glicherweise anf\u00e4lliger f\u00fcr Hacking oder Betrug, da sie nicht so eng reguliert sind wie regul\u00e4re B\u00f6rsen. Ein VPN und eine Kryptow\u00e4hrung, die den Datenschutz priorisiert, k\u00f6nnen auch genutzt werden, um eine zus\u00e4tzliche Sicherheitsebene zu bieten, sind jedoch nicht unfehlbar.<\/p>\n\n\n\n<h2 class=\"wp-block-heading\">Schlussfolgerung<\/h2>\n\n\n\n<p>Zusammenfassend k\u00f6nnen diejenigen, die ihre Privatsph\u00e4re wahren oder vermeiden m\u00f6chten, von den Beh\u00f6rden \u00fcberwacht zu werden, feststellen, dass der Kauf von Shiba Inu Coin heimlich \u00fcber eine Kryptow\u00e4hrung eine gute Option ist. Es kann ein Ma\u00df an Anonymit\u00e4t bieten, das trotz des m\u00f6glicherweise komplizierteren und weniger sicheren Verfahrens als bei einer Standardb\u00f6rse m\u00f6glicherweise den zus\u00e4tzlichen Aufwand wert ist. Denken Sie daran, Ihre Hausaufgaben zu machen, sichere Methoden und Verfahren zu verwenden und sich bewusst zu sein m\u00f6glicher Risiken, die mit dem anonymen Kauf von SHIB verbunden sind.<\/p>\n\n\n\n<!-- Page-list plugin v.5.9 wordpress.org\/plugins\/page-list\/ -->\n<ul class=\"page-list siblings-page-list \">\n<li class=\"page_item page-item-23283\"><a href=\"https:\/\/allin1bitcoins.com\/de\/crypto\/shiba-inu\/google-pay\/\">So Kaufen Sie Shiba Inu (SHIBA) Mit Google Pay<\/a><\/li>\n<li class=\"page_item page-item-23303\"><a href=\"https:\/\/allin1bitcoins.com\/de\/crypto\/shiba-inu\/apple-pay\/\">Wie Man Shiba Inu (SHIB) Mit Apple Pay Kauft<\/a><\/li>\n<li class=\"page_item page-item-23235\"><a href=\"https:\/\/allin1bitcoins.com\/de\/crypto\/shiba-inu\/debit-card\/\">Wie Man Shiba Inu (SHIB) Mit Einer Debitkarte Kauft<\/a><\/li>\n<li class=\"page_item page-item-23243\"><a href=\"https:\/\/allin1bitcoins.com\/de\/crypto\/shiba-inu\/venmo\/\">Wie Man Shiba Inu (SHIB) Mit Venmo Kauft<\/a><\/li>\n<li class=\"page_item page-item-23317\"><a href=\"https:\/\/allin1bitcoins.com\/de\/crypto\/shiba-inu\/crypto-anonymously\/\">Wie Man Shiba Inu (SHIBA) Anonym Mit Krypto Kauft<\/a><\/li>\n<li class=\"page_item page-item-23322\"><a href=\"https:\/\/allin1bitcoins.com\/de\/crypto\/shiba-inu\/american-express\/\">Wie Man Shiba Inu (SHIBA) Mit American Express Kauft<\/a><\/li>\n<li class=\"page_item page-item-23292\"><a href=\"https:\/\/allin1bitcoins.com\/de\/crypto\/shiba-inu\/bank-account\/\">Wie Man Shiba Inu (SHIBA) Mit Einem Bankkonto Kauft<\/a><\/li>\n<li class=\"page_item page-item-23252\"><a href=\"https:\/\/allin1bitcoins.com\/de\/crypto\/shiba-inu\/paysafecard\/\">Wie Man Shiba Inu (SHIBA) Mit Einer Paysafecard Kauft<\/a><\/li>\n<li class=\"page_item page-item-23273\"><a href=\"https:\/\/allin1bitcoins.com\/de\/crypto\/shiba-inu\/paypal\/\">Wie Man Shiba Inu (SHIBA) Mit Paypal Kauft<\/a><\/li>\n<li class=\"page_item page-item-23263\"><a href=\"https:\/\/allin1bitcoins.com\/de\/crypto\/shiba-inu\/skrill\/\">Wie Man Shiba Inu (SHIBA) Mit Skrill Kauft<\/a><\/li>\n\n<\/ul>\n","protected":false},"excerpt":{"rendered":"<p>Verwenden Sie eine dezentralisierte B\u00f6rse (DEX), die Shiba Inu Coin (SHIB) unterst\u00fctzt und Kryptow\u00e4hrungszahlungen zul\u00e4sst, wenn Sie SHIB anonym erwerben m\u00f6chten. Sie k\u00f6nnen eine nicht-hinterlegte Wallet und ein virtuelles privates Netzwerk (VPN) verwenden, um Ihre IP-Adresse zu verbergen und so zu verhindern, dass Ihre pers\u00f6nlichen Informationen mit Ihren Kryptow\u00e4hrungstransaktionen in Verbindung gebracht werden. Sie k\u00f6nnen&#8230;<\/p>\n","protected":false},"author":8,"featured_media":12972,"parent":23216,"menu_order":0,"comment_status":"closed","ping_status":"closed","template":"","meta":{"cybocfi_hide_featured_image":"","footnotes":""},"acf":[],"yoast_head":"<!-- This site is optimized with the Yoast SEO plugin v21.7 - https:\/\/yoast.com\/wordpress\/plugins\/seo\/ -->\n<title>Wie Man Shiba Inu (SHIBA) Anonym Mit Krypto Kauft<\/title>\n<meta name=\"description\" content=\"Verwenden Sie eine dezentralisierte B\u00f6rse (DEX), die Shiba Inu Coin (SHIB) unterst\u00fctzt und Kryptow\u00e4hrungszahlungen erm\u00f6glicht.\" \/>\n<meta name=\"robots\" content=\"index, follow, max-snippet:-1, max-image-preview:large, max-video-preview:-1\" \/>\n<link rel=\"canonical\" href=\"https:\/\/allin1bitcoins.com\/de\/crypto\/shiba-inu\/crypto-anonymously\/\" \/>\n<meta property=\"og:locale\" content=\"de_DE\" \/>\n<meta property=\"og:type\" content=\"article\" \/>\n<meta property=\"og:title\" content=\"Wie Man Shiba Inu (SHIBA) Anonym Mit Krypto Kauft\" \/>\n<meta property=\"og:description\" content=\"Verwenden Sie eine dezentralisierte B\u00f6rse (DEX), die Shiba Inu Coin (SHIB) unterst\u00fctzt und Kryptow\u00e4hrungszahlungen erm\u00f6glicht.\" \/>\n<meta property=\"og:url\" content=\"https:\/\/allin1bitcoins.com\/de\/crypto\/shiba-inu\/crypto-anonymously\/\" \/>\n<meta property=\"og:site_name\" content=\"Allin1Bitcoins\" \/>\n<meta property=\"article:modified_time\" content=\"2023-03-10T18:48:34+00:00\" \/>\n<meta property=\"og:image\" content=\"https:\/\/allin1bitcoins.com\/wp-content\/uploads\/2023\/01\/clint-patterson-dYEuFB8KQJk-unsplash.jpg\" \/>\n\t<meta property=\"og:image:width\" content=\"640\" \/>\n\t<meta property=\"og:image:height\" content=\"428\" \/>\n\t<meta property=\"og:image:type\" content=\"image\/jpeg\" \/>\n<meta name=\"twitter:card\" content=\"summary_large_image\" \/>\n<meta name=\"twitter:label1\" content=\"Est. reading time\" \/>\n\t<meta name=\"twitter:data1\" content=\"4 minutes\" \/>\n<!-- \/ Yoast SEO plugin. -->","yoast_head_json":{"title":"Wie Man Shiba Inu (SHIBA) Anonym Mit Krypto Kauft","description":"Verwenden Sie eine dezentralisierte B\u00f6rse (DEX), die Shiba Inu Coin (SHIB) unterst\u00fctzt und Kryptow\u00e4hrungszahlungen erm\u00f6glicht.","robots":{"index":"index","follow":"follow","max-snippet":"max-snippet:-1","max-image-preview":"max-image-preview:large","max-video-preview":"max-video-preview:-1"},"canonical":"https:\/\/allin1bitcoins.com\/de\/crypto\/shiba-inu\/crypto-anonymously\/","og_locale":"de_DE","og_type":"article","og_title":"Wie Man Shiba Inu (SHIBA) Anonym Mit Krypto Kauft","og_description":"Verwenden Sie eine dezentralisierte B\u00f6rse (DEX), die Shiba Inu Coin (SHIB) unterst\u00fctzt und Kryptow\u00e4hrungszahlungen erm\u00f6glicht.","og_url":"https:\/\/allin1bitcoins.com\/de\/crypto\/shiba-inu\/crypto-anonymously\/","og_site_name":"Allin1Bitcoins","article_modified_time":"2023-03-10T18:48:34+00:00","og_image":[{"width":640,"height":428,"url":"https:\/\/allin1bitcoins.com\/wp-content\/uploads\/2023\/01\/clint-patterson-dYEuFB8KQJk-unsplash.jpg","type":"image\/jpeg"}],"twitter_card":"summary_large_image","twitter_misc":{"Est. reading time":"4 minutes"},"schema":{"@context":"https:\/\/schema.org","@graph":[{"@type":"WebPage","@id":"https:\/\/allin1bitcoins.com\/de\/crypto\/shiba-inu\/crypto-anonymously\/","url":"https:\/\/allin1bitcoins.com\/de\/crypto\/shiba-inu\/crypto-anonymously\/","name":"Wie Man Shiba Inu (SHIBA) Anonym Mit Krypto Kauft","isPartOf":{"@id":"https:\/\/allin1bitcoins.com\/de\/#website"},"datePublished":"2023-03-10T18:48:02+00:00","dateModified":"2023-03-10T18:48:34+00:00","description":"Verwenden Sie eine dezentralisierte B\u00f6rse (DEX), die Shiba Inu Coin (SHIB) unterst\u00fctzt und Kryptow\u00e4hrungszahlungen erm\u00f6glicht.","breadcrumb":{"@id":"https:\/\/allin1bitcoins.com\/de\/crypto\/shiba-inu\/crypto-anonymously\/#breadcrumb"},"inLanguage":"de","potentialAction":[{"@type":"ReadAction","target":["https:\/\/allin1bitcoins.com\/de\/crypto\/shiba-inu\/crypto-anonymously\/"]}]},{"@type":"BreadcrumbList","@id":"https:\/\/allin1bitcoins.com\/de\/crypto\/shiba-inu\/crypto-anonymously\/#breadcrumb","itemListElement":[{"@type":"ListItem","position":1,"name":"Home","item":"https:\/\/allin1bitcoins.com\/de\/"},{"@type":"ListItem","position":2,"name":"Krypto","item":"https:\/\/allin1bitcoins.com\/de\/crypto\/"},{"@type":"ListItem","position":3,"name":"Wie Man Shiba Inu (SHIB) Kauft &#8211; Schritt-f\u00fcr-Schritt-Anleitung 2023","item":"https:\/\/allin1bitcoins.com\/de\/crypto\/shiba-inu\/"},{"@type":"ListItem","position":4,"name":"Wie Man Shiba Inu (SHIBA) Anonym Mit Krypto Kauft"}]},{"@type":"WebSite","@id":"https:\/\/allin1bitcoins.com\/de\/#website","url":"https:\/\/allin1bitcoins.com\/de\/","name":"Allin1Bitcoins","description":"","publisher":{"@id":"https:\/\/allin1bitcoins.com\/de\/#organization"},"potentialAction":[{"@type":"SearchAction","target":{"@type":"EntryPoint","urlTemplate":"https:\/\/allin1bitcoins.com\/de\/?s={search_term_string}"},"query-input":"required name=search_term_string"}],"inLanguage":"de"},{"@type":"Organization","@id":"https:\/\/allin1bitcoins.com\/de\/#organization","name":"allin1bitcoins","url":"https:\/\/allin1bitcoins.com\/de\/","logo":{"@type":"ImageObject","inLanguage":"de","@id":"https:\/\/allin1bitcoins.com\/de\/#\/schema\/logo\/image\/","url":"https:\/\/allin1bitcoins.com\/wp-content\/uploads\/2019\/01\/logo-new.png","contentUrl":"https:\/\/allin1bitcoins.com\/wp-content\/uploads\/2019\/01\/logo-new.png","width":178,"height":71,"caption":"allin1bitcoins"},"image":{"@id":"https:\/\/allin1bitcoins.com\/de\/#\/schema\/logo\/image\/"}}]}},"_links":{"self":[{"href":"https:\/\/allin1bitcoins.com\/de\/wp-json\/wp\/v2\/pages\/23317"}],"collection":[{"href":"https:\/\/allin1bitcoins.com\/de\/wp-json\/wp\/v2\/pages"}],"about":[{"href":"https:\/\/allin1bitcoins.com\/de\/wp-json\/wp\/v2\/types\/page"}],"author":[{"embeddable":true,"href":"https:\/\/allin1bitcoins.com\/de\/wp-json\/wp\/v2\/users\/8"}],"replies":[{"embeddable":true,"href":"https:\/\/allin1bitcoins.com\/de\/wp-json\/wp\/v2\/comments?post=23317"}],"version-history":[{"count":1,"href":"https:\/\/allin1bitcoins.com\/de\/wp-json\/wp\/v2\/pages\/23317\/revisions"}],"predecessor-version":[{"id":23318,"href":"https:\/\/allin1bitcoins.com\/de\/wp-json\/wp\/v2\/pages\/23317\/revisions\/23318"}],"up":[{"embeddable":true,"href":"https:\/\/allin1bitcoins.com\/de\/wp-json\/wp\/v2\/pages\/23216"}],"wp:featuredmedia":[{"embeddable":true,"href":"https:\/\/allin1bitcoins.com\/de\/wp-json\/wp\/v2\/media\/12972"}],"wp:attachment":[{"href":"https:\/\/allin1bitcoins.com\/de\/wp-json\/wp\/v2\/media?parent=23317"}],"curies":[{"name":"wp","href":"https:\/\/api.w.org\/{rel}","templated":true}]}}