{"id":5491,"date":"2022-01-14T10:53:18","date_gmt":"2022-01-14T10:53:18","guid":{"rendered":"https:\/\/allin1bitcoins.com\/why-allin1bitcoins\/"},"modified":"2022-01-14T15:59:46","modified_gmt":"2022-01-14T15:59:46","slug":"why-allin1bitcoins","status":"publish","type":"page","link":"https:\/\/allin1bitcoins.com\/de\/why-allin1bitcoins\/","title":{"rendered":"Warum Allin1Bitcoins"},"content":{"rendered":"\n<p><strong>Allin1Bitcoins strebt danach, sicherzustellen, dass Sie das Beste f\u00fcr Ihr Geld bekommen.<\/strong>\u00a0Deswegen haben wir diese L\u00f6sung geschaffen, in der wir Ihnen kostenlos alle n\u00f6tigen Informationen \u00fcber Online-Trading-L\u00f6sungen bieten. Wir sind davon \u00fcberzeugt, dass Wissen frei verf\u00fcgbar sein sollte, da wir nur dann, wenn Sie dar\u00fcber informiert sind, ob Sie Ihr Geld und Ihre Investitionen einer seri\u00f6sen Online-Trading-L\u00f6sung anvertrauen, Ihr v\u00f6lliges Vertrauen wirklich verdienen.<\/p>\n\n\n\n<p class=\"has-luminous-vivid-orange-color has-text-color\"><strong>UNSER ZIEL IST GANZ EINFACH: WIR WOLLEN IHNEN DIE BESTEN L\u00d6SUNGEN VORSTELLEN.<\/strong><\/p>\n\n\n\n<p>Unser Ziel ist ganz einfach: wir wollen Ihnen die besten L\u00f6sungen vorstellen. Allin1Bitcoins will, dass es in unserer Branche ehrlich zugeht, und wir wollen f\u00fcr mehr Transparenz f\u00fcr Sie sorgen. Beim Online-Traden brauchen Sie eine effiziente und gleichzeitig solide und verl\u00e4ssliche L\u00f6sung, die alle mitmacht und Ihnen nicht nur hilft, nennenswerte Gewinne mit Ihren Gesch\u00e4ften zu erzielen, sondern auch, dieses Geld sicher und unbeschadet zu halten. Deswegen m\u00fcssen Sie sich gut informieren und Nachforschungen anstellen, bevor Sie sich mit einer bestimmten Online-Trading-L\u00f6sung ins Vergn\u00fcgen st\u00fcrzen.<\/p>\n\n\n\n<p>Solche Nachforschungen sind nicht so einfach, da Sie sich erst durch mehrere Webseiten k\u00e4mpfen m\u00fcssen, bevor Sie auch nur ansatzweise verstehen, worum es da eigentlich geht. Wir wissen selbst, dass es so ist, weil wir wissen, wie kompliziert Wirtschaft und Finanzen sein k\u00f6nnen, und auch unsere Experten haben einige Zeit gebraucht, bevor sie imstande waren, nenneswerte Informationen liefern zu k\u00f6nnen.<\/p>\n\n\n\n<h2 class=\"wp-block-heading\">Eine zentrale Stelle f\u00fcr vollst\u00e4ndige, zuverl\u00e4ssige und unparteiische Informationen<\/h2>\n\n\n\n<p>Da wir diese Nachforschungen aber bereits angestellt haben, wollen wir Ihnen bei Ihrer Entscheidungsfindung behilflich sein und haben deshalb Allin1Bitcoins geschaffen, eine zentrale Stelle f\u00fcr vollst\u00e4ndige und verl\u00e4ssliche Informationen zu allen Online-Trading-Programmen. Wir nehmen Ihnen damit diese Arbeit ab. Sie brauchen sich nicht mehr darum zu k\u00fcmmern, jede Menge Nachforschungen \u00fcber die zahlreichen Online-Trading-L\u00f6sungen anzustellen, die auf dem Markt erh\u00e4ltlich sind. Alles, was Sie tun m\u00fcssen, ist die Informationen, die Sie brauchen, auf Allin1Bitcoin zu suchen.<\/p>\n\n\n\n<h3 class=\"wp-block-heading\">F\u00fcr sie stellen wir Nachforschungen an, studieren und bleiben auf dem Laufenden<\/h3>\n\n\n\n<ol><li>Jede Sekunde einer Minute gehen in der Finanzwelt tausende Dinge vor sich. Ob Sie ein Neuling oder ein erfahrener Trader sind, ist es gleicherma\u00dfen unglaublich schwer, st\u00e4ndig \u00fcber jedes noch so kleine Detail auf dem Laufenden zu bleiben. Auf dem Stand der neuesten Entwicklungen zu bleiben ist aber entscheidend, da jede noch so kleine Information Natur und Ergebnisse Ihrer Gesch\u00e4fte \u00e4ndern kann. Kleinste Fehlinformationen k\u00f6nnen daf\u00fcr Sorgen, dass Sie Unsummen in schlechten Gesch\u00e4ften verlieren.<\/li><li>Hier kommt Ihnen Allin1Bitcoins sehr zustatten. Wir studieren die j\u00fcngsten Entwicklungen, vor allem die neuesten Trading-L\u00f6sungen, sowohl technisch als auch im Hinblick auf ihr Angebot, und stellen sicher, dass die gelieferten Informationen aktuell und unparteiisch sind. Uns ist klar, wie wichtig es ist, die richtigen Informationen zu haben, um Ihr Verm\u00f6gen zu sch\u00fctzen. Deswegen gehen wir dadurch, dass wir die Informationen v\u00f6llig unparteiisch halten, keine Risiken ein. Sie brauchen keine Zeit mehr mit Beobachtungen und Nachforschungen zu verbringen. Wir nehmen Ihnen das alles ab und versorgen Sie mit regelm\u00e4\u00dfigen Neuigkeiten \u00fcber alle laufenden Entwicklungen.<\/li><li><\/li><\/ol>\n\n\n\n<h2 class=\"wp-block-heading\">Wir sind f\u00fcr Sie da &#8211; immer zur Stelle, wenn Sie Fragen haben<\/h2>\n\n\n\n<p>Da wir unserer Mission treu bleiben und Ihren Finanzen auf die Spr\u00fcnge helfen wollen, ist Allin1Bicoins auch zu sp\u00e4ter Stunde f\u00fcr Sie zur Stelle, wenn es von Tag zu Tag Anliegen, Anfragen oder Probleme gibt, mit denen Sie zu k\u00e4mpfen haben. Wir sind stolz auf unser Kundendienstteam, dass Tag ein Tag aus eifrig daran arbeitet, Ihre Fragen zu kl\u00e4ren. Sie brauchen sich also nicht weiter mit einem Problem herumzuschlagen, ohne eine Ahnung zu haben, wie es weitergehen soll. Alles, was Sie tun m\u00fcssen, ist, sich mit unserem Serviceteam in Verbundung zu setzen, und sobald wir Schwere und Art Ihres Anliegens genau verstanden haben, werden wir entsprechend antworten.<\/p>\n\n\n\n<p>Wir garantieren Ihnen eine hundertprozentige L\u00f6sung Ihrer Anfrage in der k\u00fcrztm\u00f6glichen Zeit. Unser Team ist mit praktischen Kenntnissen ger\u00fcstet, und in Kombination mit unserer schnellen Reaktionszeit wird keine Frage tagelang ungekl\u00e4rt bleiben. Es war noch nie so einfach, den Dingen auf den Grund zu gehen und Probleme l\u00f6sen zu lassen.<\/p>\n\n\n\n<h3 class=\"wp-block-heading\">Die besten Deals und Angebote &#8211; wir sind immer auf der Suche, um unseren Lesern die besten User-Boni, Sonder- und Bestpreisangebote zu liefern<\/h3>\n\n\n\n<p>Wir arbeiten ohne Rast und Ruhe daran, Ihnen die besten Boni, Sonder- und Preisangebote zu liefern. Manche unserer Online-Trading-L\u00f6sungen sind kostenlos in der Nutzung, w\u00e4hrend andere eine Abonnementgeb\u00fchr verlangen.- Deswegen achten wir darauf, Ihnen Informationen \u00fcber L\u00f6sungen zu liefern, die am besten f\u00fcr Ihr Budget und Ihre Bed\u00fcrfnisse geeignet sind. Uns ist klar, dass Geld ein sehr wichtiges soziales Konstrukt ist, und Sie m\u00fcssen auf Ihr Geld Acht geben und es sch\u00fctzen, sodass Sie kluge Investitionen t\u00e4tigen k\u00f6nnen. Allin1Bitcoins strebt danach, Ihnen die besten Angebote f\u00fcr Ihr Geld zu liefern, sodass Sie langfristig keine Entscheidung bereuen. Holen Sie sich die besten Deals und Angebote, und machen Sie sich keine Sorgen mehr darum, mehr f\u00fcr etwas bezahlt zu haben, dass Sie anderswo im Sonderangebot billiger bekommen h\u00e4tten.<\/p>\n\n\n\n<h3 class=\"wp-block-heading\">Inhaltliche Erkl\u00e4rung leicht gemacht<\/h3>\n\n\n\n<p>Angesichts der kombinierten Schwierigkeiten durch finanzielle und wirtschaftliche Fachausdr\u00fccke und die computertechnischen Funktionen, die auf Konzepten der Informatik basieren, wollen wir Ihnen die Dinge nicht unn\u00f6tig schwer machen, indem wir Ihnen noch obenedrein ein unglaublich benutzerunfreundliches Interface bieten, auf dem Sie sich infomieren k\u00f6nnen. Die Benutzerschnittstelle unserer Allin1Bitcoins-Webseite ist kinderleicht in der Anwendung und bringt alle komplexen und komplizierten Vorg\u00e4nge aus dem Spiel, die Ihnen den Zugang zu relevanten Informationen versperren k\u00f6nnten.<\/p>\n\n\n\n<p>Es ist auch nicht schwer, nach Ihrer gew\u00fcnschten Online-Trading-L\u00f6sung zu suchen und jede Funktion zu vergleichen. Sie k\u00f6nnen entweder nach der gew\u00fcnschten Trading-L\u00f6sung suchen, oder einfach die Liste durchgehen, die wir f\u00fcr Sie in \u00fcbersichtlicher Form zusammengestellt haben. Alles, was Sie tun m\u00fcssen, ist auf die Trading-L\u00f6sung zu klicken, an der Sie interessiert sind, um mehr zu erfahren, und Sie werden auf eine einzelne Webseite weitergeleitet, wo alle Informationen f\u00fcr Sie in \u00fcbersichtlicher und leicht lesbarer Form vorliegen. Regelm\u00e4\u00dfige \u00dcberschriften und Abs\u00e4tze gliedern die ganze Informationsflut, die wir jeweils \u00fcber eine bestimmte Online-Trading-Software haben, was es Ihnen sehr erleichtertn, jedes Detail in \u00fcbersichtlicher Form durchzugehen.<\/p>\n\n\n\n<h2 class=\"wp-block-heading\">Jede nur denkbare Online-Trading-L\u00f6sung entdecken<\/h2>\n\n\n\n<p>Das Problem an Online-Trading-L\u00f6sungen ist schlicht, dass es zu viele gibt, und es ist unglaublich schwer, kompliziert und zeitraubend, die Funktionen und Details jeder einzelnen durchzugehen. Deswegen hat Allin1Bitcoins alles unter einem Dach zusammengebraucht und gibt seinen Lesern die Macht, jede einzelne Online-Trading-L\u00f6sung zu erkunden, die es gibt. Unserer Liste f\u00e4ngt zwar mit den derzeit angesagtesten auf dem Markt befindlichen Online-Trading-L\u00f6sungen an, Sie k\u00f6nnen aber auch nach jeder anderen Trading-Software suchen, an der Sie interessiert sind.<\/p>\n\n\n\n<p>Wir inspirieren und ermutigen unsere Leser dazu, sich jede Trading-L\u00f6sung anzuschauen, die Ihnen zusagt, und m\u00f6glichst viele. Wenn Sie nicht wissen, wo Sie anfangen sollen und welche Online-Trading-L\u00f6sung Sie sich zuerst ansehen sollen, fangen Sie in der Bestenliste einfach ganz oben an.<\/p>\n\n\n\n<h3 class=\"wp-block-heading\">Wir haben uns zur Aufgabe gemacht, Ihnen zu besseren Entscheidungen zu verhelfen<\/h3>\n\n\n\n<p>Allin1Bitcoins wurde unter dem Leitbild erdacht und erschaffen, Menschen zu kl\u00fcgeren Entscheidungen zu Geld, Investitionen und Gesch\u00e4ften zu verhelfen, und wir streben danach, dieses Leitbild jeden Tag gerecht zu werden. Gro\u00dfe Menschen leisten Gro\u00dfes. Wir bringen Stunden und Tage damit zu, jede einzelne Online-Trading-L\u00f6sung zu untersuchen, an der Sie interessiert sein k\u00f6nnten und stellen Informationen \u00fcber sie in \u00fcbersichtlicher uns nachvollziehbarer Form zusammen. Wir zielen darauf ab, Ihnen Klarheit zu verschaffen, die Ihnen wiederum hilft, die f\u00fcr Sie relevanten Informationen zu finden, was uns wiederum erm\u00f6glicht, Ihnen gut und nachhaltig zu helfen. Letztendlich leisten wir alle Gro\u00dfes, indem wir diese Symbiose aus Zusammenarbeit und Informationsverbreitung erschaffen.<\/p>\n\n\n\n<h3 class=\"wp-block-heading\">Einfachere Dinge und kostenloses Wissen<\/h3>\n\n\n\n<p>Allin1Bitcoins ist eine zentralisierte Anlaufstelle, wo wir das Richtige tun. Wir machen mehrfach erforschte Informationen in einfachster Form dunn allgemein f\u00fcr jedermann verf\u00fcgbar. Wir blicken in die Zukunft und dar\u00fcber hinaus, wir bringen Ihnen die besten Online-Trading-L\u00f6sungen, die es gibt und achten darauf, dass wir Ihre Erwartungen jedes einzelne Mal \u00fcbertreffen.<\/p>\n\n\n\n<p>Wir sind davon \u00fcberzeugt, dass wir die Macht haben, die Art und Weise, wie seit mittlerweile mehreren Jahrzehnten Gesch\u00e4fte gemacht werden, zu ver\u00e4ndern. Vor allem angesichts des Aufkommens von Kryptow\u00e4hrungen, Bitcoin, um ganz genau zu sein, sind wir sicher, Ihnen Informationen \u00fcber Produkte zu liefern, die Ihnen helfen werden, ein Verm\u00f6gen mithilfe genau dieser Bitcoins aufzubauen, und auch mit anderen wie Ether, Ripple, Bitcoin Cash usw.<\/p>\n\n\n\n<p>\u00c4ndern Sie die Art und Weise, wie Sie traden, indem Sie uns gestatten, unsere Empfehlungen abzugeben und Ihnen Informationen \u00fcber alles zu liefern, was es gibt. Wir gehen immer direkt zur Sache und halten alles einfach und direkt.<\/p>\n","protected":false},"excerpt":{"rendered":"<p>Allin1Bitcoins strebt danach, sicherzustellen, dass Sie das Beste f\u00fcr Ihr Geld bekommen.\u00a0Deswegen haben wir diese L\u00f6sung geschaffen, in der wir Ihnen kostenlos alle n\u00f6tigen Informationen \u00fcber Online-Trading-L\u00f6sungen bieten. Wir sind davon \u00fcberzeugt, dass Wissen frei verf\u00fcgbar sein sollte, da wir nur dann, wenn Sie dar\u00fcber informiert sind, ob Sie Ihr Geld und Ihre Investitionen einer&#8230;<\/p>\n","protected":false},"author":1,"featured_media":0,"parent":0,"menu_order":0,"comment_status":"closed","ping_status":"closed","template":"","meta":{"cybocfi_hide_featured_image":"","footnotes":""},"acf":[],"yoast_head":"<!-- This site is optimized with the Yoast SEO plugin v21.7 - https:\/\/yoast.com\/wordpress\/plugins\/seo\/ -->\n<title>Warum Allin1Bitcoins - Allin1Bitcoins<\/title>\n<meta name=\"robots\" content=\"index, follow, max-snippet:-1, max-image-preview:large, max-video-preview:-1\" \/>\n<link rel=\"canonical\" href=\"https:\/\/allin1bitcoins.com\/de\/why-allin1bitcoins\/\" \/>\n<meta property=\"og:locale\" content=\"de_DE\" \/>\n<meta property=\"og:type\" content=\"article\" \/>\n<meta property=\"og:title\" content=\"Warum Allin1Bitcoins - Allin1Bitcoins\" \/>\n<meta property=\"og:description\" content=\"Allin1Bitcoins strebt danach, sicherzustellen, dass Sie das Beste f\u00fcr Ihr Geld bekommen.\u00a0Deswegen haben wir diese L\u00f6sung geschaffen, in der wir Ihnen kostenlos alle n\u00f6tigen Informationen \u00fcber Online-Trading-L\u00f6sungen bieten. Wir sind davon \u00fcberzeugt, dass Wissen frei verf\u00fcgbar sein sollte, da wir nur dann, wenn Sie dar\u00fcber informiert sind, ob Sie Ihr Geld und Ihre Investitionen einer...\" \/>\n<meta property=\"og:url\" content=\"https:\/\/allin1bitcoins.com\/de\/why-allin1bitcoins\/\" \/>\n<meta property=\"og:site_name\" content=\"Allin1Bitcoins\" \/>\n<meta property=\"article:modified_time\" content=\"2022-01-14T15:59:46+00:00\" \/>\n<meta name=\"twitter:card\" content=\"summary_large_image\" \/>\n<meta name=\"twitter:label1\" content=\"Est. reading time\" \/>\n\t<meta name=\"twitter:data1\" content=\"7 minutes\" \/>\n<!-- \/ Yoast SEO plugin. -->","yoast_head_json":{"title":"Warum Allin1Bitcoins - Allin1Bitcoins","robots":{"index":"index","follow":"follow","max-snippet":"max-snippet:-1","max-image-preview":"max-image-preview:large","max-video-preview":"max-video-preview:-1"},"canonical":"https:\/\/allin1bitcoins.com\/de\/why-allin1bitcoins\/","og_locale":"de_DE","og_type":"article","og_title":"Warum Allin1Bitcoins - Allin1Bitcoins","og_description":"Allin1Bitcoins strebt danach, sicherzustellen, dass Sie das Beste f\u00fcr Ihr Geld bekommen.\u00a0Deswegen haben wir diese L\u00f6sung geschaffen, in der wir Ihnen kostenlos alle n\u00f6tigen Informationen \u00fcber Online-Trading-L\u00f6sungen bieten. Wir sind davon \u00fcberzeugt, dass Wissen frei verf\u00fcgbar sein sollte, da wir nur dann, wenn Sie dar\u00fcber informiert sind, ob Sie Ihr Geld und Ihre Investitionen einer...","og_url":"https:\/\/allin1bitcoins.com\/de\/why-allin1bitcoins\/","og_site_name":"Allin1Bitcoins","article_modified_time":"2022-01-14T15:59:46+00:00","twitter_card":"summary_large_image","twitter_misc":{"Est. reading time":"7 minutes"},"schema":{"@context":"https:\/\/schema.org","@graph":[{"@type":"WebPage","@id":"https:\/\/allin1bitcoins.com\/de\/why-allin1bitcoins\/","url":"https:\/\/allin1bitcoins.com\/de\/why-allin1bitcoins\/","name":"Warum Allin1Bitcoins - Allin1Bitcoins","isPartOf":{"@id":"https:\/\/allin1bitcoins.com\/de\/#website"},"datePublished":"2022-01-14T10:53:18+00:00","dateModified":"2022-01-14T15:59:46+00:00","breadcrumb":{"@id":"https:\/\/allin1bitcoins.com\/de\/why-allin1bitcoins\/#breadcrumb"},"inLanguage":"de","potentialAction":[{"@type":"ReadAction","target":["https:\/\/allin1bitcoins.com\/de\/why-allin1bitcoins\/"]}]},{"@type":"BreadcrumbList","@id":"https:\/\/allin1bitcoins.com\/de\/why-allin1bitcoins\/#breadcrumb","itemListElement":[{"@type":"ListItem","position":1,"name":"Home","item":"https:\/\/allin1bitcoins.com\/de\/"},{"@type":"ListItem","position":2,"name":"Warum Allin1Bitcoins"}]},{"@type":"WebSite","@id":"https:\/\/allin1bitcoins.com\/de\/#website","url":"https:\/\/allin1bitcoins.com\/de\/","name":"Allin1Bitcoins","description":"","publisher":{"@id":"https:\/\/allin1bitcoins.com\/de\/#organization"},"potentialAction":[{"@type":"SearchAction","target":{"@type":"EntryPoint","urlTemplate":"https:\/\/allin1bitcoins.com\/de\/?s={search_term_string}"},"query-input":"required name=search_term_string"}],"inLanguage":"de"},{"@type":"Organization","@id":"https:\/\/allin1bitcoins.com\/de\/#organization","name":"allin1bitcoins","url":"https:\/\/allin1bitcoins.com\/de\/","logo":{"@type":"ImageObject","inLanguage":"de","@id":"https:\/\/allin1bitcoins.com\/de\/#\/schema\/logo\/image\/","url":"https:\/\/allin1bitcoins.com\/wp-content\/uploads\/2019\/01\/logo-new.png","contentUrl":"https:\/\/allin1bitcoins.com\/wp-content\/uploads\/2019\/01\/logo-new.png","width":178,"height":71,"caption":"allin1bitcoins"},"image":{"@id":"https:\/\/allin1bitcoins.com\/de\/#\/schema\/logo\/image\/"}}]}},"_links":{"self":[{"href":"https:\/\/allin1bitcoins.com\/de\/wp-json\/wp\/v2\/pages\/5491"}],"collection":[{"href":"https:\/\/allin1bitcoins.com\/de\/wp-json\/wp\/v2\/pages"}],"about":[{"href":"https:\/\/allin1bitcoins.com\/de\/wp-json\/wp\/v2\/types\/page"}],"author":[{"embeddable":true,"href":"https:\/\/allin1bitcoins.com\/de\/wp-json\/wp\/v2\/users\/1"}],"replies":[{"embeddable":true,"href":"https:\/\/allin1bitcoins.com\/de\/wp-json\/wp\/v2\/comments?post=5491"}],"version-history":[{"count":2,"href":"https:\/\/allin1bitcoins.com\/de\/wp-json\/wp\/v2\/pages\/5491\/revisions"}],"predecessor-version":[{"id":5912,"href":"https:\/\/allin1bitcoins.com\/de\/wp-json\/wp\/v2\/pages\/5491\/revisions\/5912"}],"wp:attachment":[{"href":"https:\/\/allin1bitcoins.com\/de\/wp-json\/wp\/v2\/media?parent=5491"}],"curies":[{"name":"wp","href":"https:\/\/api.w.org\/{rel}","templated":true}]}}