{"id":18412,"date":"2023-01-17T12:21:02","date_gmt":"2023-01-17T12:21:02","guid":{"rendered":"https:\/\/allin1bitcoins.com\/?page_id=18412"},"modified":"2023-01-17T12:23:11","modified_gmt":"2023-01-17T12:23:11","slug":"price-prediction","status":"publish","type":"page","link":"https:\/\/allin1bitcoins.com\/es\/price-prediction\/","title":{"rendered":"Predicciones de precios"},"content":{"rendered":"\n<p>Las predicciones de precios pueden desempe\u00f1ar un papel importante en el mundo de la criptomoneda. A medida que el mercado de las monedas digitales contin\u00faa evolucionando, entender el valor futuro potencial de diferentes monedas puede ayudar a los inversores a tomar decisiones m\u00e1s informadas sobre d\u00f3nde asignar sus recursos.<\/p>\n\n\n\n<p>Ya sea que sea un comerciante experimentado o nuevo en el juego, entender los factores que influyen en los precios de las criptomonedas y c\u00f3mo leer las tendencias del mercado puede ayudarlo a tomar decisiones de inversi\u00f3n estrat\u00e9gicas. En este art\u00edculo, exploraremos la importancia de las predicciones de precios en lo que se refiere a las monedas de criptomoneda, los factores que influyen en estas predicciones y c\u00f3mo los inversores pueden usar esta informaci\u00f3n para maximizar sus ganancias.<\/p>\n\n\n\n<p>Aqu\u00ed se encuentra una recopilaci\u00f3n de predicciones de precios de criptomonedas que se han hecho para ayudar en el an\u00e1lisis del mercado y tomar decisiones de inversi\u00f3n m\u00e1s informadas.<\/p>\n\n\n\n<!-- Page-list plugin v.5.9 wordpress.org\/plugins\/page-list\/ -->\n<ul class=\"page-list subpages-page-list \">\n<li class=\"page_item page-item-18498\"><a href=\"https:\/\/allin1bitcoins.com\/es\/price-prediction\/aax-token\/\">AAX Token (AAB) Predicci\u00f3n de Precio \u2013 2023, 2024, 2025, 2031<\/a><\/li>\n<li class=\"page_item page-item-18568\"><a href=\"https:\/\/allin1bitcoins.com\/es\/price-prediction\/acala\/\">Acala Token (ACA) Predicci\u00f3n de Precio \u2013 2023, 2024, 2025, 2031<\/a><\/li>\n<li class=\"page_item page-item-18555\"><a href=\"https:\/\/allin1bitcoins.com\/es\/price-prediction\/alpha-venture-dao\/\">Alpha Venture DAO (ALPHA) Predicci\u00f3n de Precio \u2013 2023, 2024, 2025, 2031<\/a><\/li>\n<li class=\"page_item page-item-18456\"><a href=\"https:\/\/allin1bitcoins.com\/es\/price-prediction\/ambire-adex\/\">Ambire AdEx (ADX) Predicci\u00f3n de Precio \u2013 2023, 2024, 2025, 2031<\/a><\/li>\n<li class=\"page_item page-item-18553\"><a href=\"https:\/\/allin1bitcoins.com\/es\/price-prediction\/apricot-finance\/\">Apricot Finance (APT) Predicci\u00f3n de Precio \u2013 2023, 2024, 2025, 2031<\/a><\/li>\n<li class=\"page_item page-item-18618\"><a href=\"https:\/\/allin1bitcoins.com\/es\/price-prediction\/babydogeking\/\">BabyDogeKing Predicci\u00f3n de Precio \u2013 2023, 2024, 2025, 2031<\/a><\/li>\n<li class=\"page_item page-item-19713\"><a href=\"https:\/\/allin1bitcoins.com\/es\/price-prediction\/bitcoin-btc\/\">Bitcoin (BTC) Predicci\u00f3n de Precio \u2013 2023, 2024, 2025, 2031<\/a><\/li>\n<li class=\"page_item page-item-18441\"><a href=\"https:\/\/allin1bitcoins.com\/es\/price-prediction\/bitrue-coin\/\">Bitrue Coin (BTR) Predicci\u00f3n de Precio \u2013 2023, 2024, 2025, 2031<\/a><\/li>\n<li class=\"page_item page-item-18671\"><a href=\"https:\/\/allin1bitcoins.com\/es\/price-prediction\/bittorrent-new\/\">BitTorrent-New (BTT) Predicci\u00f3n de Precio \u2013 2023, 2024, 2025, 2031<\/a><\/li>\n<li class=\"page_item page-item-18574\"><a href=\"https:\/\/allin1bitcoins.com\/es\/price-prediction\/boba-network\/\">Boba Network (BOBA) Predicci\u00f3n de Precio \u2013 2023, 2024, 2025, 2031<\/a><\/li>\n<li class=\"page_item page-item-18545\"><a href=\"https:\/\/allin1bitcoins.com\/es\/price-prediction\/bobcoin\/\">Bobcoin (BOBC) Predicci\u00f3n de Precio \u2013 2023, 2024, 2025, 2031<\/a><\/li>\n<li class=\"page_item page-item-18494\"><a href=\"https:\/\/allin1bitcoins.com\/es\/price-prediction\/calamari-network\/\">Calamari Network (KMA) Predicci\u00f3n de Precio \u2013 2023, 2024, 2025, 2031<\/a><\/li>\n<li class=\"page_item page-item-18597\"><a href=\"https:\/\/allin1bitcoins.com\/es\/price-prediction\/celo-dollar\/\">Celo Dollar (CUSD) Predicci\u00f3n de Precio \u2013 2023, 2024, 2025, 2031<\/a><\/li>\n<li class=\"page_item page-item-18578\"><a href=\"https:\/\/allin1bitcoins.com\/es\/price-prediction\/clearpool\/\">Clearpool (CPOOL) Predicci\u00f3n de Precio \u2013 2023, 2024, 2025, 2031<\/a><\/li>\n<li class=\"page_item page-item-18599\"><a href=\"https:\/\/allin1bitcoins.com\/es\/price-prediction\/deapcoin\/\">Deapcoin (DEP) Predicci\u00f3n de Precio \u2013 2023, 2024, 2025, 2031<\/a><\/li>\n<li class=\"page_item page-item-18524\"><a href=\"https:\/\/allin1bitcoins.com\/es\/price-prediction\/dfi-money\/\">DFI.MONEY (YFII) Predicci\u00f3n de Precio \u2013 2023, 2024, 2025, 2031<\/a><\/li>\n<li class=\"page_item page-item-18452\"><a href=\"https:\/\/allin1bitcoins.com\/es\/price-prediction\/dora-factory\/\">Dora Factory (DORA) Predicci\u00f3n de Precio \u2013 2023, 2024, 2025, 2031<\/a><\/li>\n<li class=\"page_item page-item-18539\"><a href=\"https:\/\/allin1bitcoins.com\/es\/price-prediction\/exmoc\/\">Exmoc (EXMOC) Predicci\u00f3n de Precio \u2013 2023, 2024, 2025, 2031<\/a><\/li>\n<li class=\"page_item page-item-18469\"><a href=\"https:\/\/allin1bitcoins.com\/es\/price-prediction\/frax-share\/\">Frax Share (FXS) Predicci\u00f3n de Precio \u2013 2023, 2024, 2025, 2031<\/a><\/li>\n<li class=\"page_item page-item-18439\"><a href=\"https:\/\/allin1bitcoins.com\/es\/price-prediction\/geeq\/\">Geeq (GEEQ) Predicci\u00f3n de Precio \u2013 2023, 2024, 2025, 2031<\/a><\/li>\n<li class=\"page_item page-item-18562\"><a href=\"https:\/\/allin1bitcoins.com\/es\/price-prediction\/goosefx\/\">GooseFX (GOFX) Predicci\u00f3n de Precio \u2013 2023, 2024, 2025, 2031<\/a><\/li>\n<li class=\"page_item page-item-18484\"><a href=\"https:\/\/allin1bitcoins.com\/es\/price-prediction\/guildfi\/\">GuildFi (GF) Predicci\u00f3n de Precio \u2013 2023, 2024, 2025, 2031<\/a><\/li>\n<li class=\"page_item page-item-18557\"><a href=\"https:\/\/allin1bitcoins.com\/es\/price-prediction\/gunstar\/\">Gunstar Metaverse (GSTS) Predicci\u00f3n de Precio \u2013 2023, 2024, 2025, 2031<\/a><\/li>\n<li class=\"page_item page-item-18590\"><a href=\"https:\/\/allin1bitcoins.com\/es\/price-prediction\/husd\/\">HUSD (HUSD) Predicci\u00f3n de Precio \u2013 2023, 2024, 2025, 2031<\/a><\/li>\n<li class=\"page_item page-item-18669\"><a href=\"https:\/\/allin1bitcoins.com\/es\/price-prediction\/infinity-angel\/\">Infinity Angel (ING)  Predicci\u00f3n de Precio \u2013 2023, 2024, 2025, 2031<\/a><\/li>\n<li class=\"page_item page-item-18576\"><a href=\"https:\/\/allin1bitcoins.com\/es\/price-prediction\/irisnet\/\">Irisnet (IRIS) Predicci\u00f3n de Precio \u2013 2023, 2024, 2025, 2031<\/a><\/li>\n<li class=\"page_item page-item-18623\"><a href=\"https:\/\/allin1bitcoins.com\/es\/price-prediction\/kirobo\/\">Kirobo (KIRO) Predicci\u00f3n de Precio \u2013 2023, 2024, 2025, 2031<\/a><\/li>\n<li class=\"page_item page-item-18488\"><a href=\"https:\/\/allin1bitcoins.com\/es\/price-prediction\/kyber-network-crystal-v2\/\">Kyber Network Crystal v2 (KNC) Predicci\u00f3n de Precio \u2013 2023, 2024, 2025, 2031<\/a><\/li>\n<li class=\"page_item page-item-18512\"><a href=\"https:\/\/allin1bitcoins.com\/es\/price-prediction\/lido-dao\/\">Lido DAO (LDO) Predicci\u00f3n de Precio \u2013 2023, 2024, 2025, 2031<\/a><\/li>\n<li class=\"page_item page-item-18621\"><a href=\"https:\/\/allin1bitcoins.com\/es\/price-prediction\/lingose\/\">Lingose (LING) Predicci\u00f3n de Precio \u2013 2023, 2024, 2025, 2031<\/a><\/li>\n<li class=\"page_item page-item-18560\"><a href=\"https:\/\/allin1bitcoins.com\/es\/price-prediction\/liq-protocol\/\">LIQ Protocol (LIQ) Predicci\u00f3n de Precio \u2013 2023, 2024, 2025, 2031<\/a><\/li>\n<li class=\"page_item page-item-18463\"><a href=\"https:\/\/allin1bitcoins.com\/es\/price-prediction\/lucretius\/\">Lucretius (LUC) Predicci\u00f3n de Precio \u2013 2023, 2024, 2025, 2031<\/a><\/li>\n<li class=\"page_item page-item-18496\"><a href=\"https:\/\/allin1bitcoins.com\/es\/price-prediction\/lumenswap\/\">Lumenswap (LSP) Predicci\u00f3n de Precio \u2013 2023, 2024, 2025, 2031<\/a><\/li>\n<li class=\"page_item page-item-18492\"><a href=\"https:\/\/allin1bitcoins.com\/es\/price-prediction\/meanfi\/\">Meanfi (MEAN) Predicci\u00f3n de Precio \u2013 2023, 2024, 2025, 2031<\/a><\/li>\n<li class=\"page_item page-item-18500\"><a href=\"https:\/\/allin1bitcoins.com\/es\/price-prediction\/moonlana\/\">Moonlana (MOLA) Predicci\u00f3n de Precio \u2013 2023, 2024, 2025, 2031<\/a><\/li>\n<li class=\"page_item page-item-18661\"><a href=\"https:\/\/allin1bitcoins.com\/es\/price-prediction\/move-network\/\">Move Network (MOVD) Predicci\u00f3n de Precio \u2013 2023, 2024, 2025, 2031<\/a><\/li>\n<li class=\"page_item page-item-18458\"><a href=\"https:\/\/allin1bitcoins.com\/es\/price-prediction\/myneighboralice\/\">MyNeighborAlice (ALICE) Predicci\u00f3n de Precio \u2013 2023, 2024, 2025, 2031<\/a><\/li>\n<li class=\"page_item page-item-18619\"><a href=\"https:\/\/allin1bitcoins.com\/es\/price-prediction\/nerian-network\/\">Nerian Network (Nerian) Predicci\u00f3n de Precio \u2013 2023, 2024, 2025, 2031<\/a><\/li>\n<li class=\"page_item page-item-18588\"><a href=\"https:\/\/allin1bitcoins.com\/es\/price-prediction\/neutrino-usd\/\">Neutrino USD (USDN) Predicci\u00f3n de Precio \u2013 2023, 2024, 2025, 2031<\/a><\/li>\n<li class=\"page_item page-item-18490\"><a href=\"https:\/\/allin1bitcoins.com\/es\/price-prediction\/olympus-v2\/\">Olympus v2 (OHM) Predicci\u00f3n de Precio \u2013 2023, 2024, 2025, 2031<\/a><\/li>\n<li class=\"page_item page-item-18450\"><a href=\"https:\/\/allin1bitcoins.com\/es\/price-prediction\/oneledger\/\">OneLedger (OLT) Predicci\u00f3n de Precio \u2013 2023, 2024, 2025, 2031<\/a><\/li>\n<li class=\"page_item page-item-18471\"><a href=\"https:\/\/allin1bitcoins.com\/es\/price-prediction\/ooki-protocol\/\">Ooki Protocol (OOKI) Predicci\u00f3n de Precio \u2013 2023, 2024, 2025, 2031<\/a><\/li>\n<li class=\"page_item page-item-18570\"><a href=\"https:\/\/allin1bitcoins.com\/es\/price-prediction\/pancake-games\/\">Pancake Games (GCAKE) Predicci\u00f3n de Precio \u2013 2023, 2024, 2025, 2031<\/a><\/li>\n<li class=\"page_item page-item-18445\"><a href=\"https:\/\/allin1bitcoins.com\/es\/price-prediction\/pnetwork\/\">pNetwork (PNT) Predicci\u00f3n de Precio \u2013 2023, 2024, 2025, 2031<\/a><\/li>\n<li class=\"page_item page-item-18608\"><a href=\"https:\/\/allin1bitcoins.com\/es\/price-prediction\/radiocaca\/\">Radiocaca (RACA) Predicci\u00f3n de Precio \u2013 2023, 2024, 2025, 2031<\/a><\/li>\n<li class=\"page_item page-item-18630\"><a href=\"https:\/\/allin1bitcoins.com\/es\/price-prediction\/red-token\/\">Red Token (RED) Predicci\u00f3n de Precio \u2013 2023, 2024, 2025, 2031<\/a><\/li>\n<li class=\"page_item page-item-18454\"><a href=\"https:\/\/allin1bitcoins.com\/es\/price-prediction\/rei-network\/\">REI Network (REI) Predicci\u00f3n de Precio \u2013 2023, 2024, 2025, 2031<\/a><\/li>\n<li class=\"page_item page-item-18667\"><a href=\"https:\/\/allin1bitcoins.com\/es\/price-prediction\/samoyed-coin\/\">Samoyed Coin (SAMO) Predicci\u00f3n de Precio \u2013 2023, 2024, 2025, 2031<\/a><\/li>\n<li class=\"page_item page-item-18627\"><a href=\"https:\/\/allin1bitcoins.com\/es\/price-prediction\/shentu\/\">Shentu (CTK) Predicci\u00f3n de Precio \u2013 2023, 2024, 2025, 2031<\/a><\/li>\n<li class=\"page_item page-item-18665\"><a href=\"https:\/\/allin1bitcoins.com\/es\/price-prediction\/signature-chain\/\">Signature Chain (SIGN) Predicci\u00f3n de Precio \u2013 2023, 2024, 2025, 2031<\/a><\/li>\n<li class=\"page_item page-item-18610\"><a href=\"https:\/\/allin1bitcoins.com\/es\/price-prediction\/smartlox\/\">SmartLox (SMARTLOX) Predicci\u00f3n de Precio \u2013 2023, 2024, 2025, 2031<\/a><\/li>\n<li class=\"page_item page-item-18577\"><a href=\"https:\/\/allin1bitcoins.com\/es\/price-prediction\/smartnft\/\">SmartNFT (SMARTNFT) Predicci\u00f3n de Precio \u2013 2023, 2024, 2025, 2031<\/a><\/li>\n<li class=\"page_item page-item-18606\"><a href=\"https:\/\/allin1bitcoins.com\/es\/price-prediction\/ssv-network\/\">SSV Network (SSV) Predicci\u00f3n de Precio \u2013 2023, 2024, 2025, 2031<\/a><\/li>\n<li class=\"page_item page-item-18443\"><a href=\"https:\/\/allin1bitcoins.com\/es\/price-prediction\/sweat-economy\/\">Sweat Economy (SWEAT) Predicci\u00f3n de Precio \u2013 2023, 2024, 2025, 2031<\/a><\/li>\n<li class=\"page_item page-item-18580\"><a href=\"https:\/\/allin1bitcoins.com\/es\/price-prediction\/terra-classic\/\">Terra Classic (LUNC) Predicci\u00f3n de Precio \u2013 2023, 2024, 2025, 2031<\/a><\/li>\n<li class=\"page_item page-item-18516\"><a href=\"https:\/\/allin1bitcoins.com\/es\/price-prediction\/terraclassicusd\/\">TerraClassicUSD (USTC) Predicci\u00f3n de Precio \u2013 2023, 2024, 2025, 2031<\/a><\/li>\n<li class=\"page_item page-item-18461\"><a href=\"https:\/\/allin1bitcoins.com\/es\/price-prediction\/tether-gold\/\">Tether Gold (XAUT) Predicci\u00f3n de Precio \u2013 2023, 2024, 2025, 2031<\/a><\/li>\n<li class=\"page_item page-item-18572\"><a href=\"https:\/\/allin1bitcoins.com\/es\/price-prediction\/thorenext\/\">ThoreNext (THX) Predicci\u00f3n de Precio \u2013 2023, 2024, 2025, 2031<\/a><\/li>\n<li class=\"page_item page-item-18593\"><a href=\"https:\/\/allin1bitcoins.com\/es\/price-prediction\/tokenclub\/\">TokenClub (TCT) Predicci\u00f3n de Precio \u2013 2023, 2024, 2025, 2031<\/a><\/li>\n<li class=\"page_item page-item-19785\"><a href=\"https:\/\/allin1bitcoins.com\/es\/price-prediction\/toobcoin\/\">Toobcoin (TOOB) Predicci\u00f3n de Precio \u2013 2023, 2024, 2025, 2031<\/a><\/li>\n<li class=\"page_item page-item-18601\"><a href=\"https:\/\/allin1bitcoins.com\/es\/price-prediction\/tranchess\/\">Tranchess (CHESS) Predicci\u00f3n de Precio \u2013 2023, 2024, 2025, 2031<\/a><\/li>\n<li class=\"page_item page-item-18616\"><a href=\"https:\/\/allin1bitcoins.com\/es\/price-prediction\/truechain\/\">TrueChain (TRUE) Predicci\u00f3n de Precio \u2013 2023, 2024, 2025, 2031<\/a><\/li>\n<li class=\"page_item page-item-18543\"><a href=\"https:\/\/allin1bitcoins.com\/es\/price-prediction\/truegbp\/\">TrueGBP (TGBP) Predicci\u00f3n de Precio \u2013 2023, 2024, 2025, 2031<\/a><\/li>\n<li class=\"page_item page-item-18663\"><a href=\"https:\/\/allin1bitcoins.com\/es\/price-prediction\/tune-fm\/\">Tune.fm (JAM) Predicci\u00f3n de Precio \u2013 2023, 2024, 2025, 2031<\/a><\/li>\n<li class=\"page_item page-item-18551\"><a href=\"https:\/\/allin1bitcoins.com\/es\/price-prediction\/unicorn-token\/\">Unicorn Token (UNI) Predicci\u00f3n de Precio \u2013 2023, 2024, 2025, 2031<\/a><\/li>\n<li class=\"page_item page-item-18473\"><a href=\"https:\/\/allin1bitcoins.com\/es\/price-prediction\/voxies\/\">Voxies (VOXEL) Predicci\u00f3n de Precio \u2013 2023, 2024, 2025, 2031<\/a><\/li>\n<li class=\"page_item page-item-18466\"><a href=\"https:\/\/allin1bitcoins.com\/es\/price-prediction\/vulcan-forged-pyr\/\">Vulcan Forged PYR (PYR) Predicci\u00f3n de Precio \u2013 2023, 2024, 2025, 2031<\/a><\/li>\n<li class=\"page_item page-item-18541\"><a href=\"https:\/\/allin1bitcoins.com\/es\/price-prediction\/wadzpay\/\">Wadzpay Token (WTK) Predicci\u00f3n de Precio \u2013 2023, 2024, 2025, 2031<\/a><\/li>\n<li class=\"page_item page-item-18400\"><a href=\"https:\/\/allin1bitcoins.com\/es\/price-prediction\/woo-network\/\">Woo Network (WOO) Predicci\u00f3n de Precio &#8211; 2023, 2024, 2025, 2031<\/a><\/li>\n<li class=\"page_item page-item-18625\"><a href=\"https:\/\/allin1bitcoins.com\/es\/price-prediction\/wrapped-ncg\/\">Wrapped NCG (WNCG) Predicci\u00f3n de Precio \u2013 2023, 2024, 2025, 2031<\/a><\/li>\n<li class=\"page_item page-item-18566\"><a href=\"https:\/\/allin1bitcoins.com\/es\/price-prediction\/wrapped-nxm\/\">Wrapped NXM (WNXM) Predicci\u00f3n de Precio \u2013 2023, 2024, 2025, 2031<\/a><\/li>\n<li class=\"page_item page-item-18514\"><a href=\"https:\/\/allin1bitcoins.com\/es\/price-prediction\/zebec-protocol\/\">Zebec Protocol (ZBC) Predicci\u00f3n de Precio \u2013 2023, 2024, 2025, 2031<\/a><\/li>\n<li class=\"page_item page-item-18603\"><a href=\"https:\/\/allin1bitcoins.com\/es\/price-prediction\/zedxion\/\">Zedxion (ZEDXION) Predicci\u00f3n de Precio \u2013 2023, 2024, 2025, 2031<\/a><\/li>\n<li class=\"page_item page-item-18526\"><a href=\"https:\/\/allin1bitcoins.com\/es\/price-prediction\/zusd\/\">ZUSD (ZUSD) Predicci\u00f3n de Precio \u2013 2023, 2024, 2025, 2031<\/a><\/li>\n\n<\/ul>\n","protected":false},"excerpt":{"rendered":"<p>Las predicciones de precios pueden desempe\u00f1ar un papel importante en el mundo de la criptomoneda. A medida que el mercado de las monedas digitales contin\u00faa evolucionando, entender el valor futuro potencial de diferentes monedas puede ayudar a los inversores a tomar decisiones m\u00e1s informadas sobre d\u00f3nde asignar sus recursos. Ya sea que sea un comerciante&#8230;<\/p>\n","protected":false},"author":1,"featured_media":0,"parent":0,"menu_order":0,"comment_status":"closed","ping_status":"closed","template":"","meta":{"cybocfi_hide_featured_image":"","footnotes":""},"acf":[],"yoast_head":"<!-- This site is optimized with the Yoast SEO plugin v21.7 - https:\/\/yoast.com\/wordpress\/plugins\/seo\/ -->\n<title>Predicciones de precios - Allin1Bitcoins<\/title>\n<meta name=\"description\" content=\"En esta p\u00e1gina, cubriremos todo sobre las predicciones de precios, pron\u00f3sticos y m\u00e1s, mantente atento para aprender sobre los \u00faltimos cambios en el mercado cripto.\" \/>\n<meta name=\"robots\" content=\"index, follow, max-snippet:-1, max-image-preview:large, max-video-preview:-1\" \/>\n<link rel=\"canonical\" href=\"https:\/\/allin1bitcoins.com\/es\/price-prediction\/\" \/>\n<meta property=\"og:locale\" content=\"es_ES\" \/>\n<meta property=\"og:type\" content=\"article\" \/>\n<meta property=\"og:title\" content=\"Predicciones de precios - Allin1Bitcoins\" \/>\n<meta property=\"og:description\" content=\"En esta p\u00e1gina, cubriremos todo sobre las predicciones de precios, pron\u00f3sticos y m\u00e1s, mantente atento para aprender sobre los \u00faltimos cambios en el mercado cripto.\" \/>\n<meta property=\"og:url\" content=\"https:\/\/allin1bitcoins.com\/es\/price-prediction\/\" \/>\n<meta property=\"og:site_name\" content=\"Allin1Bitcoins\" \/>\n<meta property=\"article:modified_time\" content=\"2023-01-17T12:23:11+00:00\" \/>\n<meta name=\"twitter:card\" content=\"summary_large_image\" \/>\n<meta name=\"twitter:label1\" content=\"Est. reading time\" \/>\n\t<meta name=\"twitter:data1\" content=\"1 minute\" \/>\n<!-- \/ Yoast SEO plugin. -->","yoast_head_json":{"title":"Predicciones de precios - Allin1Bitcoins","description":"En esta p\u00e1gina, cubriremos todo sobre las predicciones de precios, pron\u00f3sticos y m\u00e1s, mantente atento para aprender sobre los \u00faltimos cambios en el mercado cripto.","robots":{"index":"index","follow":"follow","max-snippet":"max-snippet:-1","max-image-preview":"max-image-preview:large","max-video-preview":"max-video-preview:-1"},"canonical":"https:\/\/allin1bitcoins.com\/es\/price-prediction\/","og_locale":"es_ES","og_type":"article","og_title":"Predicciones de precios - Allin1Bitcoins","og_description":"En esta p\u00e1gina, cubriremos todo sobre las predicciones de precios, pron\u00f3sticos y m\u00e1s, mantente atento para aprender sobre los \u00faltimos cambios en el mercado cripto.","og_url":"https:\/\/allin1bitcoins.com\/es\/price-prediction\/","og_site_name":"Allin1Bitcoins","article_modified_time":"2023-01-17T12:23:11+00:00","twitter_card":"summary_large_image","twitter_misc":{"Est. reading time":"1 minute"},"schema":{"@context":"https:\/\/schema.org","@graph":[{"@type":"WebPage","@id":"https:\/\/allin1bitcoins.com\/es\/price-prediction\/","url":"https:\/\/allin1bitcoins.com\/es\/price-prediction\/","name":"Predicciones de precios - Allin1Bitcoins","isPartOf":{"@id":"https:\/\/allin1bitcoins.com\/es\/#website"},"datePublished":"2023-01-17T12:21:02+00:00","dateModified":"2023-01-17T12:23:11+00:00","description":"En esta p\u00e1gina, cubriremos todo sobre las predicciones de precios, pron\u00f3sticos y m\u00e1s, mantente atento para aprender sobre los \u00faltimos cambios en el mercado cripto.","breadcrumb":{"@id":"https:\/\/allin1bitcoins.com\/es\/price-prediction\/#breadcrumb"},"inLanguage":"es","potentialAction":[{"@type":"ReadAction","target":["https:\/\/allin1bitcoins.com\/es\/price-prediction\/"]}]},{"@type":"BreadcrumbList","@id":"https:\/\/allin1bitcoins.com\/es\/price-prediction\/#breadcrumb","itemListElement":[{"@type":"ListItem","position":1,"name":"Home","item":"https:\/\/allin1bitcoins.com\/es\/"},{"@type":"ListItem","position":2,"name":"Predicciones de precios"}]},{"@type":"WebSite","@id":"https:\/\/allin1bitcoins.com\/es\/#website","url":"https:\/\/allin1bitcoins.com\/es\/","name":"Allin1Bitcoins","description":"","publisher":{"@id":"https:\/\/allin1bitcoins.com\/es\/#organization"},"potentialAction":[{"@type":"SearchAction","target":{"@type":"EntryPoint","urlTemplate":"https:\/\/allin1bitcoins.com\/es\/?s={search_term_string}"},"query-input":"required name=search_term_string"}],"inLanguage":"es"},{"@type":"Organization","@id":"https:\/\/allin1bitcoins.com\/es\/#organization","name":"allin1bitcoins","url":"https:\/\/allin1bitcoins.com\/es\/","logo":{"@type":"ImageObject","inLanguage":"es","@id":"https:\/\/allin1bitcoins.com\/es\/#\/schema\/logo\/image\/","url":"https:\/\/allin1bitcoins.com\/wp-content\/uploads\/2019\/01\/logo-new.png","contentUrl":"https:\/\/allin1bitcoins.com\/wp-content\/uploads\/2019\/01\/logo-new.png","width":178,"height":71,"caption":"allin1bitcoins"},"image":{"@id":"https:\/\/allin1bitcoins.com\/es\/#\/schema\/logo\/image\/"}}]}},"_links":{"self":[{"href":"https:\/\/allin1bitcoins.com\/es\/wp-json\/wp\/v2\/pages\/18412"}],"collection":[{"href":"https:\/\/allin1bitcoins.com\/es\/wp-json\/wp\/v2\/pages"}],"about":[{"href":"https:\/\/allin1bitcoins.com\/es\/wp-json\/wp\/v2\/types\/page"}],"author":[{"embeddable":true,"href":"https:\/\/allin1bitcoins.com\/es\/wp-json\/wp\/v2\/users\/1"}],"replies":[{"embeddable":true,"href":"https:\/\/allin1bitcoins.com\/es\/wp-json\/wp\/v2\/comments?post=18412"}],"version-history":[{"count":1,"href":"https:\/\/allin1bitcoins.com\/es\/wp-json\/wp\/v2\/pages\/18412\/revisions"}],"predecessor-version":[{"id":18413,"href":"https:\/\/allin1bitcoins.com\/es\/wp-json\/wp\/v2\/pages\/18412\/revisions\/18413"}],"wp:attachment":[{"href":"https:\/\/allin1bitcoins.com\/es\/wp-json\/wp\/v2\/media?parent=18412"}],"curies":[{"name":"wp","href":"https:\/\/api.w.org\/{rel}","templated":true}]}}