{"id":19974,"date":"2023-01-31T09:41:35","date_gmt":"2023-01-31T09:41:35","guid":{"rendered":"https:\/\/allin1bitcoins.com\/?page_id=19974"},"modified":"2023-02-02T06:56:31","modified_gmt":"2023-02-02T06:56:31","slug":"unicorn-token","status":"publish","type":"page","link":"https:\/\/allin1bitcoins.com\/es\/crypto\/unicorn-token\/","title":{"rendered":"Comprar Token Unicornio (UNI) &#8211; Gu\u00eda Paso a Paso"},"content":{"rendered":"\n<h2 class=\"wp-block-heading\">Comprar Token Unicornio<br><\/h2>\n\n\n\n<p>Una respuesta breve Encuentra primero un intercambio de criptomonedas que acepte Token Unicornio si est\u00e1s interesado en comprarlo. Una vez que hayas localizado un intercambio, debes registrarte y completar los pasos de verificaci\u00f3n. Despu\u00e9s de eso, puedes agregar dinero a tu cuenta y usarlo para comprar Token Unicornio.<br><\/p>\n\n\n\n<h2 class=\"wp-block-heading\">Introducci\u00f3n al token unicornio<br><\/h2>\n\n\n\n<p>La tecnolog\u00eda de blockchain es la base de la criptomoneda conocida como Token Unicornio. Puede usarse como un tipo de activo digital para inversiones, adem\u00e1s de utilizarse para acelerar las transacciones en la red de Token Unicornio. Debido a que est\u00e1 respaldado por un activo espec\u00edfico y brinda a los usuarios una variedad de usos, el Token Unicornio es excepcional en este sentido. Puedes investigar sobre Token Unicornio a trav\u00e9s de su sitio web oficial, libro blanco y otros recursos.<br><\/p>\n\n\n\n<h2 class=\"wp-block-heading\">Resumen del m\u00e9todo de compra de Token Unicornio<br><\/h2>\n\n\n\n<p>Aunque comprar Token Unicornio es un proceso bastante f\u00e1cil, hay algunos pasos que deber\u00e1s seguir para finalizar tu transacci\u00f3n. Encontrar un intercambio de criptomonedas que acepte Token Unicornio es el primer paso. Luego, debes crear una cuenta y completar el procedimiento de verificaci\u00f3n. Una vez creada la cuenta, puedes hacer dep\u00f3sitos. Finalmente, usar\u00e1s ese dinero para comprar la moneda Token Unicornio.<br><\/p>\n\n\n\n<h2 class=\"wp-block-heading\">C\u00f3mo comprar Token Unicornio<br><\/h2>\n\n\n\n<ol><li>Se debe encontrar una plataforma de criptomonedas que acepte el Token Unicornio. Las plataformas reconocidas incluyen Kucoin, Huobi y Binance.<br><br><\/li><li>Reg\u00edstrate en una cuenta de plataforma y completa el proceso de verificaci\u00f3n. Puede ser necesario proporcionar una copia de tu identificaci\u00f3n y otros datos personales.<br><br><\/li><li>Agrega dinero a tu cuenta. Normalmente, puedes hacerlo conectando una cuenta bancaria o tarjeta de cr\u00e9dito.<br><br><\/li><li>Una vez que tengas acceso a tus fondos, puedes comprar Token Unicornio. Elige la cantidad que deseas comprar despu\u00e9s de encontrar el par de comercio de Token Unicornio en la plataforma.<br><br><\/li><li>Despu\u00e9s de la compra, el Token Unicornio ser\u00e1 transferido a tu billetera en la plataforma. Transferir tus fondos a una billetera personal los mantendr\u00e1 seguros.<\/li><\/ol>\n\n\n\n<figure class=\"wp-block-embed is-type-video is-provider-youtube wp-block-embed-youtube wp-embed-aspect-16-9 wp-has-aspect-ratio\"><div class=\"wp-block-embed__wrapper\">\n<iframe title=\"Unicoin, a new-generation of cryptocurrency backed by assets\" width=\"800\" height=\"450\" src=\"https:\/\/www.youtube.com\/embed\/h9r6_LMdvdA?feature=oembed\" frameborder=\"0\" allow=\"accelerometer; autoplay; clipboard-write; encrypted-media; gyroscope; picture-in-picture; web-share\" allowfullscreen><\/iframe>\n<\/div><\/figure>\n\n\n\n<h2 class=\"wp-block-heading\">Ganancias de la compra de Unicorn Token<br><\/h2>\n\n\n\n<p>Hay algunas grandes ventajas de la compra de Unicorn Token. Una raz\u00f3n es que es una clase de activo relativamente nueva e interesante con espacio para una gran expansi\u00f3n. Adem\u00e1s, se considera t\u00edpicamente m\u00e1s seguro y transparente que las formas convencionales de moneda debido a que est\u00e1 construido en tecnolog\u00eda blockchain. Hay peligros involucrados con esta inversi\u00f3n, al igual que con cualquier otra. Antes de considerar una inversi\u00f3n, aseg\u00farese de comprender los peligros involucrados.<br><\/p>\n\n\n\n<h2 class=\"wp-block-heading\">Conclusi\u00f3n<\/h2>\n\n\n\n<p>En general, la compra de Unicorn Token es una transacci\u00f3n f\u00e1cil que cualquier persona puede completar. Puede localizar un intercambio, abrir una cuenta, financiarla con dinero y comprar Unicorn Token haciendo todas las cosas mencionadas anteriormente. Antes de hacer una inversi\u00f3n, siempre tenga cuidado y conciencia de los peligros. Siempre haga su propia investigaci\u00f3n para comprender los principios centrales del proyecto y tomar decisiones sabias. No olvide que invertir en criptomonedas y tokens es extremadamente arriesgado y especulativo.<\/p>\n\n\n\n<!-- Page-list plugin v.5.9 wordpress.org\/plugins\/page-list\/ -->\n<ul class=\"page-list subpages-page-list \">\n<li class=\"page_item page-item-20123\"><a href=\"https:\/\/allin1bitcoins.com\/es\/crypto\/unicorn-token\/credit-card\/\">C\u00f3mo Comprar El Token Unicornio (UNI) Con Una Tarjeta De Cr\u00e9dito<\/a><\/li>\n<li class=\"page_item page-item-19992\"><a href=\"https:\/\/allin1bitcoins.com\/es\/crypto\/unicorn-token\/united-kingdom\/\">C\u00f3mo Comprar El Token Unicornio (UNI) En El Reino Unido<\/a><\/li>\n<li class=\"page_item page-item-20104\"><a href=\"https:\/\/allin1bitcoins.com\/es\/crypto\/unicorn-token\/debit-card\/\">C\u00f3mo Comprar La Moneda Unicorn Token (UNI) Con Una Tarjeta De D\u00e9bito<\/a><\/li>\n<li class=\"page_item page-item-20018\"><a href=\"https:\/\/allin1bitcoins.com\/es\/crypto\/unicorn-token\/canada\/\">C\u00f3mo Comprar La moneda Unicorn Token (UNI) En Canad\u00e1<\/a><\/li>\n<li class=\"page_item page-item-20035\"><a href=\"https:\/\/allin1bitcoins.com\/es\/crypto\/unicorn-token\/american-express\/\">C\u00f3mo comprar Unicorn Token (UNI) Con American Express<\/a><\/li>\n<li class=\"page_item page-item-20116\"><a href=\"https:\/\/allin1bitcoins.com\/es\/crypto\/unicorn-token\/paypal\/\">C\u00f3mo Comprar Unicorn Token (UNI) Con PayPal<\/a><\/li>\n<li class=\"page_item page-item-20027\"><a href=\"https:\/\/allin1bitcoins.com\/es\/crypto\/unicorn-token\/united-states\/\">C\u00f3mo Comprar Unicorn Token (UNI) En Los Estados Unidos<\/a><\/li>\n<li class=\"page_item page-item-20009\"><a href=\"https:\/\/allin1bitcoins.com\/es\/crypto\/unicorn-token\/switzerland\/\">C\u00f3mo Comprar Unicorn Token (UNI) En Suiza<\/a><\/li>\n\n<\/ul>\n","protected":false},"excerpt":{"rendered":"<p>Comprar Token Unicornio Una respuesta breve Encuentra primero un intercambio de criptomonedas que acepte Token Unicornio si est\u00e1s interesado en comprarlo. Una vez que hayas localizado un intercambio, debes registrarte y completar los pasos de verificaci\u00f3n. Despu\u00e9s de eso, puedes agregar dinero a tu cuenta y usarlo para comprar Token Unicornio. Introducci\u00f3n al token unicornio&#8230;<\/p>\n","protected":false},"author":3,"featured_media":16662,"parent":18924,"menu_order":0,"comment_status":"closed","ping_status":"closed","template":"","meta":{"cybocfi_hide_featured_image":"","footnotes":""},"acf":[],"yoast_head":"<!-- This site is optimized with the Yoast SEO plugin v21.7 - https:\/\/yoast.com\/wordpress\/plugins\/seo\/ -->\n<title>Comprar Token Unicornio (UNI) - Gu\u00eda paso a paso<\/title>\n<meta name=\"description\" content=\"Comprar la moneda Token Unicornio es un proceso relativamente f\u00e1cil, pero debes seguir algunos pasos para completar la transacci\u00f3n.\" \/>\n<meta name=\"robots\" content=\"index, follow, max-snippet:-1, max-image-preview:large, max-video-preview:-1\" \/>\n<link rel=\"canonical\" href=\"https:\/\/allin1bitcoins.com\/es\/crypto\/unicorn-token\/\" \/>\n<meta property=\"og:locale\" content=\"es_ES\" \/>\n<meta property=\"og:type\" content=\"article\" \/>\n<meta property=\"og:title\" content=\"Comprar Token Unicornio (UNI) - Gu\u00eda paso a paso\" \/>\n<meta property=\"og:description\" content=\"Comprar la moneda Token Unicornio es un proceso relativamente f\u00e1cil, pero debes seguir algunos pasos para completar la transacci\u00f3n.\" \/>\n<meta property=\"og:url\" content=\"https:\/\/allin1bitcoins.com\/es\/crypto\/unicorn-token\/\" \/>\n<meta property=\"og:site_name\" content=\"Allin1Bitcoins\" \/>\n<meta property=\"article:modified_time\" content=\"2023-02-02T06:56:31+00:00\" \/>\n<meta property=\"og:image\" content=\"https:\/\/allin1bitcoins.com\/wp-content\/uploads\/2023\/01\/pexels-tima-miroshnichenko-5198284.jpg\" \/>\n\t<meta property=\"og:image:width\" content=\"1280\" \/>\n\t<meta property=\"og:image:height\" content=\"853\" \/>\n\t<meta property=\"og:image:type\" content=\"image\/jpeg\" \/>\n<meta name=\"twitter:card\" content=\"summary_large_image\" \/>\n<meta name=\"twitter:label1\" content=\"Est. reading time\" \/>\n\t<meta name=\"twitter:data1\" content=\"3 minutes\" \/>\n<!-- \/ Yoast SEO plugin. -->","yoast_head_json":{"title":"Comprar Token Unicornio (UNI) - Gu\u00eda paso a paso","description":"Comprar la moneda Token Unicornio es un proceso relativamente f\u00e1cil, pero debes seguir algunos pasos para completar la transacci\u00f3n.","robots":{"index":"index","follow":"follow","max-snippet":"max-snippet:-1","max-image-preview":"max-image-preview:large","max-video-preview":"max-video-preview:-1"},"canonical":"https:\/\/allin1bitcoins.com\/es\/crypto\/unicorn-token\/","og_locale":"es_ES","og_type":"article","og_title":"Comprar Token Unicornio (UNI) - Gu\u00eda paso a paso","og_description":"Comprar la moneda Token Unicornio es un proceso relativamente f\u00e1cil, pero debes seguir algunos pasos para completar la transacci\u00f3n.","og_url":"https:\/\/allin1bitcoins.com\/es\/crypto\/unicorn-token\/","og_site_name":"Allin1Bitcoins","article_modified_time":"2023-02-02T06:56:31+00:00","og_image":[{"width":1280,"height":853,"url":"https:\/\/allin1bitcoins.com\/wp-content\/uploads\/2023\/01\/pexels-tima-miroshnichenko-5198284.jpg","type":"image\/jpeg"}],"twitter_card":"summary_large_image","twitter_misc":{"Est. reading time":"3 minutes"},"schema":{"@context":"https:\/\/schema.org","@graph":[{"@type":"WebPage","@id":"https:\/\/allin1bitcoins.com\/es\/crypto\/unicorn-token\/","url":"https:\/\/allin1bitcoins.com\/es\/crypto\/unicorn-token\/","name":"Comprar Token Unicornio (UNI) - Gu\u00eda paso a paso","isPartOf":{"@id":"https:\/\/allin1bitcoins.com\/es\/#website"},"datePublished":"2023-01-31T09:41:35+00:00","dateModified":"2023-02-02T06:56:31+00:00","description":"Comprar la moneda Token Unicornio es un proceso relativamente f\u00e1cil, pero debes seguir algunos pasos para completar la transacci\u00f3n.","breadcrumb":{"@id":"https:\/\/allin1bitcoins.com\/es\/crypto\/unicorn-token\/#breadcrumb"},"inLanguage":"es","potentialAction":[{"@type":"ReadAction","target":["https:\/\/allin1bitcoins.com\/es\/crypto\/unicorn-token\/"]}]},{"@type":"BreadcrumbList","@id":"https:\/\/allin1bitcoins.com\/es\/crypto\/unicorn-token\/#breadcrumb","itemListElement":[{"@type":"ListItem","position":1,"name":"Home","item":"https:\/\/allin1bitcoins.com\/es\/"},{"@type":"ListItem","position":2,"name":"Cripto","item":"https:\/\/allin1bitcoins.com\/es\/crypto\/"},{"@type":"ListItem","position":3,"name":"Comprar Token Unicornio (UNI) &#8211; Gu\u00eda Paso a Paso"}]},{"@type":"WebSite","@id":"https:\/\/allin1bitcoins.com\/es\/#website","url":"https:\/\/allin1bitcoins.com\/es\/","name":"Allin1Bitcoins","description":"","publisher":{"@id":"https:\/\/allin1bitcoins.com\/es\/#organization"},"potentialAction":[{"@type":"SearchAction","target":{"@type":"EntryPoint","urlTemplate":"https:\/\/allin1bitcoins.com\/es\/?s={search_term_string}"},"query-input":"required name=search_term_string"}],"inLanguage":"es"},{"@type":"Organization","@id":"https:\/\/allin1bitcoins.com\/es\/#organization","name":"allin1bitcoins","url":"https:\/\/allin1bitcoins.com\/es\/","logo":{"@type":"ImageObject","inLanguage":"es","@id":"https:\/\/allin1bitcoins.com\/es\/#\/schema\/logo\/image\/","url":"https:\/\/allin1bitcoins.com\/wp-content\/uploads\/2019\/01\/logo-new.png","contentUrl":"https:\/\/allin1bitcoins.com\/wp-content\/uploads\/2019\/01\/logo-new.png","width":178,"height":71,"caption":"allin1bitcoins"},"image":{"@id":"https:\/\/allin1bitcoins.com\/es\/#\/schema\/logo\/image\/"}}]}},"_links":{"self":[{"href":"https:\/\/allin1bitcoins.com\/es\/wp-json\/wp\/v2\/pages\/19974"}],"collection":[{"href":"https:\/\/allin1bitcoins.com\/es\/wp-json\/wp\/v2\/pages"}],"about":[{"href":"https:\/\/allin1bitcoins.com\/es\/wp-json\/wp\/v2\/types\/page"}],"author":[{"embeddable":true,"href":"https:\/\/allin1bitcoins.com\/es\/wp-json\/wp\/v2\/users\/3"}],"replies":[{"embeddable":true,"href":"https:\/\/allin1bitcoins.com\/es\/wp-json\/wp\/v2\/comments?post=19974"}],"version-history":[{"count":5,"href":"https:\/\/allin1bitcoins.com\/es\/wp-json\/wp\/v2\/pages\/19974\/revisions"}],"predecessor-version":[{"id":20199,"href":"https:\/\/allin1bitcoins.com\/es\/wp-json\/wp\/v2\/pages\/19974\/revisions\/20199"}],"up":[{"embeddable":true,"href":"https:\/\/allin1bitcoins.com\/es\/wp-json\/wp\/v2\/pages\/18924"}],"wp:featuredmedia":[{"embeddable":true,"href":"https:\/\/allin1bitcoins.com\/es\/wp-json\/wp\/v2\/media\/16662"}],"wp:attachment":[{"href":"https:\/\/allin1bitcoins.com\/es\/wp-json\/wp\/v2\/media?parent=19974"}],"curies":[{"name":"wp","href":"https:\/\/api.w.org\/{rel}","templated":true}]}}