{"id":19992,"date":"2023-01-31T17:08:40","date_gmt":"2023-01-31T17:08:40","guid":{"rendered":"https:\/\/allin1bitcoins.com\/?page_id=19992"},"modified":"2023-02-02T06:47:03","modified_gmt":"2023-02-02T06:47:03","slug":"united-kingdom","status":"publish","type":"page","link":"https:\/\/allin1bitcoins.com\/es\/crypto\/unicorn-token\/united-kingdom\/","title":{"rendered":"C\u00f3mo Comprar El Token Unicornio (UNI) En El Reino Unido"},"content":{"rendered":"\n<h2 class=\"wp-block-heading\">Respuesta corta: Puedes comprar el token unicornio en el Reino Unido<br><\/h2>\n\n\n\n<p>Debes primero encontrar una bolsa de criptomonedas que acepte el Token Unicornio si deseas comprarlos en el Reino Unido. Una vez que hayas encontrado una bolsa, debes registrarte y completar los pasos de verificaci\u00f3n. Luego, puedes agregar dinero a tu cuenta usando libras esterlinas y usar ese dinero para comprar Token Unicornio.<br><\/p>\n\n\n\n<h2 class=\"wp-block-heading\">Rese\u00f1a del token unicornio<br><\/h2>\n\n\n\n<p>Un token de criptomoneda construido en tecnolog\u00eda de blockchain se llama Token Unicornio. Se utiliza para acelerar las transacciones en la red de Token Unicornio y tiene potencial de inversi\u00f3n como una especie de activo digital. El token unicornio es distintivo ya que ofrece a los usuarios una variedad de usos y est\u00e1 respaldado por un activo en particular. Puedes realizar investigaciones en el sitio web oficial, el libro blanco y otras fuentes para obtener m\u00e1s informaci\u00f3n sobre el Token Unicornio.<br><\/p>\n\n\n\n<h2 class=\"wp-block-heading\">Ventajas de comprar Token Unicornio<br><\/h2>\n\n\n\n<p>Comprar Token Unicornio en el Reino Unido tiene una serie de ventajas. Una raz\u00f3n es que es una clase de activos relativamente nueva e interesante con espacio para una gran expansi\u00f3n. Adem\u00e1s, se considera t\u00edpicamente m\u00e1s seguro y transparente que las formas convencionales de moneda debido a que est\u00e1 construido en tecnolog\u00eda de blockchain. Adem\u00e1s, comprar monedas de Token Unicornio en el Reino Unido te permite diversificar tu cartera de inversi\u00f3n al incorporar activos digitales.<br><\/p>\n\n\n\n<h2 class=\"wp-block-heading\">C\u00f3mo comprar Token Unicornio en el Reino Unido: Una gu\u00eda paso a paso<br><\/h2>\n\n\n\n<ol><li>Deber\u00edas buscar una bolsa de criptomonedas que admita el Token Unicornio y que acepte libras esterlinas. Las bolsas populares en el Reino Unido incluyen CEX.io, Coinfloor y Binance UK.<br><br><\/li><li>Reg\u00edstrate para una cuenta en la bolsa, luego completa el proceso de verificaci\u00f3n. Puede ser necesario proporcionar una copia de tu ID y otros datos personales.<br><br><\/li><li>Usa libras esterlinas para hacer un dep\u00f3sito en tu cuenta. Normalmente, puedes hacer esto conectando una cuenta bancaria o tarjeta de cr\u00e9dito.<br><br><\/li><li>Una vez que tus fondos est\u00e9n disponibles en tu cuenta, puedes comprar Token Unicornio. Encuentra el par de negociaci\u00f3n de Token Unicornio en la bolsa, luego elige cu\u00e1ntas monedas deseas comprar.<br><br><\/li><li>El Token Unicornio se agregar\u00e1 a tu billetera de la bolsa despu\u00e9s de la compra. Transferir tus fondos a una billetera personal los mantendr\u00e1 seguros.<\/li><\/ol>\n\n\n\n<figure class=\"wp-block-embed is-type-video is-provider-youtube wp-block-embed-youtube wp-embed-aspect-16-9 wp-has-aspect-ratio\"><div class=\"wp-block-embed__wrapper\">\n<iframe title=\"Unicoin Crypto Token | The People&#039;s Coin To Challenge Bitcoin From Unicorn Hunters\" width=\"800\" height=\"450\" src=\"https:\/\/www.youtube.com\/embed\/zxn9_r1nuaE?feature=oembed\" frameborder=\"0\" allow=\"accelerometer; autoplay; clipboard-write; encrypted-media; gyroscope; picture-in-picture; web-share\" allowfullscreen><\/iframe>\n<\/div><\/figure>\n\n\n\n<h2 class=\"wp-block-heading\">Impuestos asociados con la compra de Token Unicornio en el Reino Unido<br><\/h2>\n\n\n\n<p>Al comprar Token Unicornio en el Reino Unido, es cr\u00edtico comprender las implicaciones fiscales. Seg\u00fan HM Revenue &amp; Customs (HMRC), las ganancias obtenidas de la compra y venta de criptomonedas est\u00e1n sujetas a impuestos sobre ganancias de capital (CGT). Debes incluir una declaraci\u00f3n de ganancias en tu declaraci\u00f3n de impuestos si obtienes ingresos al comprar y vender monedas de Token Unicornio. Adem\u00e1s, se aplicar\u00e1 el IVA si usas Token Unicornio para transacciones regulares como la compra de bienes y servicios. Para asegurarte de estar en conformidad con las normas fiscales del Reino Unido, siempre se recomienda hablar con un experto fiscal.<br><\/p>\n\n\n\n<h2 class=\"wp-block-heading\">Conclusi\u00f3n<br><\/h2>\n\n\n\n<p>En general, comprar Token Unicornio en el Reino Unido es un proceso bastante sencillo que cualquiera puede completar. Los m\u00e9todos mencionados anteriormente te permitir\u00e1n encontrar una bolsa de valores, establecer una cuenta, hacer un dep\u00f3sito y comprar Token Unicornio. No olvides que invertir en criptomonedas y tokens es extremadamente arriesgado y especulativo. Antes de realizar una inversi\u00f3n, siempre ten cuidado y conoce los peligros. Al comprar Token Unicornio en el Reino Unido, tambi\u00e9n es crucial estar consciente de las consecuencias fiscales y hablar con un experto fiscal para asegurar la conformidad. Siempre realiza tu propia investigaci\u00f3n para comprender los principios centrales del proyecto y tomar decisiones sabias.<\/p>\n\n\n\n<!-- Page-list plugin v.5.9 wordpress.org\/plugins\/page-list\/ -->\n<ul class=\"page-list siblings-page-list \">\n<li class=\"page_item page-item-20123\"><a href=\"https:\/\/allin1bitcoins.com\/es\/crypto\/unicorn-token\/credit-card\/\">C\u00f3mo Comprar El Token Unicornio (UNI) Con Una Tarjeta De Cr\u00e9dito<\/a><\/li>\n<li class=\"page_item page-item-19992\"><a href=\"https:\/\/allin1bitcoins.com\/es\/crypto\/unicorn-token\/united-kingdom\/\">C\u00f3mo Comprar El Token Unicornio (UNI) En El Reino Unido<\/a><\/li>\n<li class=\"page_item page-item-20104\"><a href=\"https:\/\/allin1bitcoins.com\/es\/crypto\/unicorn-token\/debit-card\/\">C\u00f3mo Comprar La Moneda Unicorn Token (UNI) Con Una Tarjeta De D\u00e9bito<\/a><\/li>\n<li class=\"page_item page-item-20018\"><a href=\"https:\/\/allin1bitcoins.com\/es\/crypto\/unicorn-token\/canada\/\">C\u00f3mo Comprar La moneda Unicorn Token (UNI) En Canad\u00e1<\/a><\/li>\n<li class=\"page_item page-item-20035\"><a href=\"https:\/\/allin1bitcoins.com\/es\/crypto\/unicorn-token\/american-express\/\">C\u00f3mo comprar Unicorn Token (UNI) Con American Express<\/a><\/li>\n<li class=\"page_item page-item-20116\"><a href=\"https:\/\/allin1bitcoins.com\/es\/crypto\/unicorn-token\/paypal\/\">C\u00f3mo Comprar Unicorn Token (UNI) Con PayPal<\/a><\/li>\n<li class=\"page_item page-item-20027\"><a href=\"https:\/\/allin1bitcoins.com\/es\/crypto\/unicorn-token\/united-states\/\">C\u00f3mo Comprar Unicorn Token (UNI) En Los Estados Unidos<\/a><\/li>\n<li class=\"page_item page-item-20009\"><a href=\"https:\/\/allin1bitcoins.com\/es\/crypto\/unicorn-token\/switzerland\/\">C\u00f3mo Comprar Unicorn Token (UNI) En Suiza<\/a><\/li>\n\n<\/ul>\n","protected":false},"excerpt":{"rendered":"<p>Respuesta corta: Puedes comprar el token unicornio en el Reino Unido Debes primero encontrar una bolsa de criptomonedas que acepte el Token Unicornio si deseas comprarlos en el Reino Unido. Una vez que hayas encontrado una bolsa, debes registrarte y completar los pasos de verificaci\u00f3n. Luego, puedes agregar dinero a tu cuenta usando libras esterlinas&#8230;<\/p>\n","protected":false},"author":5,"featured_media":16677,"parent":19974,"menu_order":0,"comment_status":"closed","ping_status":"closed","template":"","meta":{"cybocfi_hide_featured_image":"","footnotes":""},"acf":[],"yoast_head":"<!-- This site is optimized with the Yoast SEO plugin v21.7 - https:\/\/yoast.com\/wordpress\/plugins\/seo\/ -->\n<title>C\u00f3mo Comprar El Token Unicornio (UNI) En El Reino Unido<\/title>\n<meta name=\"description\" content=\"Primero debes encontrar una plataforma de criptomonedas que acepte el Token Unicornio si deseas comprarlo en el Reino Unido.\" \/>\n<meta name=\"robots\" content=\"index, follow, max-snippet:-1, max-image-preview:large, max-video-preview:-1\" \/>\n<link rel=\"canonical\" href=\"https:\/\/allin1bitcoins.com\/es\/crypto\/unicorn-token\/united-kingdom\/\" \/>\n<meta property=\"og:locale\" content=\"es_ES\" \/>\n<meta property=\"og:type\" content=\"article\" \/>\n<meta property=\"og:title\" content=\"C\u00f3mo Comprar El Token Unicornio (UNI) En El Reino Unido\" \/>\n<meta property=\"og:description\" content=\"Primero debes encontrar una plataforma de criptomonedas que acepte el Token Unicornio si deseas comprarlo en el Reino Unido.\" \/>\n<meta property=\"og:url\" content=\"https:\/\/allin1bitcoins.com\/es\/crypto\/unicorn-token\/united-kingdom\/\" \/>\n<meta property=\"og:site_name\" content=\"Allin1Bitcoins\" \/>\n<meta property=\"article:modified_time\" content=\"2023-02-02T06:47:03+00:00\" \/>\n<meta property=\"og:image\" content=\"https:\/\/allin1bitcoins.com\/wp-content\/uploads\/2023\/01\/markus-spiske-jgOkEjVw-KM-unsplash.jpg\" \/>\n\t<meta property=\"og:image:width\" content=\"1920\" \/>\n\t<meta property=\"og:image:height\" content=\"1280\" \/>\n\t<meta property=\"og:image:type\" content=\"image\/jpeg\" \/>\n<meta name=\"twitter:card\" content=\"summary_large_image\" \/>\n<meta name=\"twitter:label1\" content=\"Est. reading time\" \/>\n\t<meta name=\"twitter:data1\" content=\"3 minutes\" \/>\n<!-- \/ Yoast SEO plugin. -->","yoast_head_json":{"title":"C\u00f3mo Comprar El Token Unicornio (UNI) En El Reino Unido","description":"Primero debes encontrar una plataforma de criptomonedas que acepte el Token Unicornio si deseas comprarlo en el Reino Unido.","robots":{"index":"index","follow":"follow","max-snippet":"max-snippet:-1","max-image-preview":"max-image-preview:large","max-video-preview":"max-video-preview:-1"},"canonical":"https:\/\/allin1bitcoins.com\/es\/crypto\/unicorn-token\/united-kingdom\/","og_locale":"es_ES","og_type":"article","og_title":"C\u00f3mo Comprar El Token Unicornio (UNI) En El Reino Unido","og_description":"Primero debes encontrar una plataforma de criptomonedas que acepte el Token Unicornio si deseas comprarlo en el Reino Unido.","og_url":"https:\/\/allin1bitcoins.com\/es\/crypto\/unicorn-token\/united-kingdom\/","og_site_name":"Allin1Bitcoins","article_modified_time":"2023-02-02T06:47:03+00:00","og_image":[{"width":1920,"height":1280,"url":"https:\/\/allin1bitcoins.com\/wp-content\/uploads\/2023\/01\/markus-spiske-jgOkEjVw-KM-unsplash.jpg","type":"image\/jpeg"}],"twitter_card":"summary_large_image","twitter_misc":{"Est. reading time":"3 minutes"},"schema":{"@context":"https:\/\/schema.org","@graph":[{"@type":"WebPage","@id":"https:\/\/allin1bitcoins.com\/es\/crypto\/unicorn-token\/united-kingdom\/","url":"https:\/\/allin1bitcoins.com\/es\/crypto\/unicorn-token\/united-kingdom\/","name":"C\u00f3mo Comprar El Token Unicornio (UNI) En El Reino Unido","isPartOf":{"@id":"https:\/\/allin1bitcoins.com\/es\/#website"},"datePublished":"2023-01-31T17:08:40+00:00","dateModified":"2023-02-02T06:47:03+00:00","description":"Primero debes encontrar una plataforma de criptomonedas que acepte el Token Unicornio si deseas comprarlo en el Reino Unido.","breadcrumb":{"@id":"https:\/\/allin1bitcoins.com\/es\/crypto\/unicorn-token\/united-kingdom\/#breadcrumb"},"inLanguage":"es","potentialAction":[{"@type":"ReadAction","target":["https:\/\/allin1bitcoins.com\/es\/crypto\/unicorn-token\/united-kingdom\/"]}]},{"@type":"BreadcrumbList","@id":"https:\/\/allin1bitcoins.com\/es\/crypto\/unicorn-token\/united-kingdom\/#breadcrumb","itemListElement":[{"@type":"ListItem","position":1,"name":"Home","item":"https:\/\/allin1bitcoins.com\/es\/"},{"@type":"ListItem","position":2,"name":"Cripto","item":"https:\/\/allin1bitcoins.com\/es\/crypto\/"},{"@type":"ListItem","position":3,"name":"Comprar Token Unicornio (UNI) &#8211; Gu\u00eda Paso a Paso","item":"https:\/\/allin1bitcoins.com\/es\/crypto\/unicorn-token\/"},{"@type":"ListItem","position":4,"name":"C\u00f3mo Comprar El Token Unicornio (UNI) En El Reino Unido"}]},{"@type":"WebSite","@id":"https:\/\/allin1bitcoins.com\/es\/#website","url":"https:\/\/allin1bitcoins.com\/es\/","name":"Allin1Bitcoins","description":"","publisher":{"@id":"https:\/\/allin1bitcoins.com\/es\/#organization"},"potentialAction":[{"@type":"SearchAction","target":{"@type":"EntryPoint","urlTemplate":"https:\/\/allin1bitcoins.com\/es\/?s={search_term_string}"},"query-input":"required name=search_term_string"}],"inLanguage":"es"},{"@type":"Organization","@id":"https:\/\/allin1bitcoins.com\/es\/#organization","name":"allin1bitcoins","url":"https:\/\/allin1bitcoins.com\/es\/","logo":{"@type":"ImageObject","inLanguage":"es","@id":"https:\/\/allin1bitcoins.com\/es\/#\/schema\/logo\/image\/","url":"https:\/\/allin1bitcoins.com\/wp-content\/uploads\/2019\/01\/logo-new.png","contentUrl":"https:\/\/allin1bitcoins.com\/wp-content\/uploads\/2019\/01\/logo-new.png","width":178,"height":71,"caption":"allin1bitcoins"},"image":{"@id":"https:\/\/allin1bitcoins.com\/es\/#\/schema\/logo\/image\/"}}]}},"_links":{"self":[{"href":"https:\/\/allin1bitcoins.com\/es\/wp-json\/wp\/v2\/pages\/19992"}],"collection":[{"href":"https:\/\/allin1bitcoins.com\/es\/wp-json\/wp\/v2\/pages"}],"about":[{"href":"https:\/\/allin1bitcoins.com\/es\/wp-json\/wp\/v2\/types\/page"}],"author":[{"embeddable":true,"href":"https:\/\/allin1bitcoins.com\/es\/wp-json\/wp\/v2\/users\/5"}],"replies":[{"embeddable":true,"href":"https:\/\/allin1bitcoins.com\/es\/wp-json\/wp\/v2\/comments?post=19992"}],"version-history":[{"count":3,"href":"https:\/\/allin1bitcoins.com\/es\/wp-json\/wp\/v2\/pages\/19992\/revisions"}],"predecessor-version":[{"id":20177,"href":"https:\/\/allin1bitcoins.com\/es\/wp-json\/wp\/v2\/pages\/19992\/revisions\/20177"}],"up":[{"embeddable":true,"href":"https:\/\/allin1bitcoins.com\/es\/wp-json\/wp\/v2\/pages\/19974"}],"wp:featuredmedia":[{"embeddable":true,"href":"https:\/\/allin1bitcoins.com\/es\/wp-json\/wp\/v2\/media\/16677"}],"wp:attachment":[{"href":"https:\/\/allin1bitcoins.com\/es\/wp-json\/wp\/v2\/media?parent=19992"}],"curies":[{"name":"wp","href":"https:\/\/api.w.org\/{rel}","templated":true}]}}