{"id":20116,"date":"2023-02-01T16:57:56","date_gmt":"2023-02-01T16:57:56","guid":{"rendered":"https:\/\/allin1bitcoins.com\/?page_id=20116"},"modified":"2023-02-02T06:42:29","modified_gmt":"2023-02-02T06:42:29","slug":"paypal","status":"publish","type":"page","link":"https:\/\/allin1bitcoins.com\/es\/crypto\/unicorn-token\/paypal\/","title":{"rendered":"C\u00f3mo Comprar Unicorn Token (UNI) Con PayPal"},"content":{"rendered":"\n<h2 class=\"wp-block-heading\">Respuesta corta: Puedes comprar monedas Unicorn Token con PayPal.<br><\/h2>\n\n\n\n<p>Comprar Unicorn Tokens con PayPal es un proceso sencillo que solo requiere algunos pasos b\u00e1sicos. Primero, debes registrarte en una plataforma de criptomonedas que acepte PayPal como opci\u00f3n de pago. La plataforma ahora debe estar conectada a tu cuenta de PayPal. Despu\u00e9s de hacer esto, puedes buscar y ordenar la moneda Unicorn Token. La transacci\u00f3n debe ser confirmada y luego debes esperar la entrega de las monedas a tu billetera en la plataforma.<br><\/p>\n\n\n\n<h2 class=\"wp-block-heading\">Moneda: Resumen de Unicorn Token<br><\/h2>\n\n\n\n<p>Las criptomonedas, que son un tipo de moneda digital o virtual que utiliza cifrado para la seguridad, incluyen tokens unicornios. Debido a su naturaleza descentralizada y uso de tecnolog\u00eda blockchain, las criptomonedas permiten transacciones seguras y abiertas. Como un token ERC-20 basado en la cadena de bloques Ethereum, el Unicorn Token cumple con un conjunto de pautas y est\u00e1ndares para los tokens creados en la plataforma Ethereum.<br><\/p>\n\n\n\n<p>El sector de los videojuegos y las iniciativas de crowdfunding son solo dos ejemplos de las muchas aplicaciones y usos del token unicornio. Tambi\u00e9n puede utilizarse como un medio de inversi\u00f3n, pero es extremadamente vol\u00e1til, al igual que todas las criptomonedas. Por lo tanto, es crucial hacer su propia investigaci\u00f3n y solo invertir dinero que pueda perder.<br><\/p>\n\n\n\n<h2 class=\"wp-block-heading\">Por qu\u00e9 quieres comprar una moneda Unicorn Token con PayPal<br><\/h2>\n\n\n\n<p>Una de las opciones de pago en l\u00ednea m\u00e1s ampliamente utilizadas y confiables en todo el mundo es PayPal. Puedes aprovechar la facilidad y seguridad de una plataforma de pago confiable al usar PayPal para comprar monedas Unicorn Token sin tener que lidiar con el problema de transferir dinero desde tu cuenta bancaria o usar una tarjeta de cr\u00e9dito.<br><\/p>\n\n\n\n<p>Adem\u00e1s, puedes obtener una mayor protecci\u00f3n de comprador al utilizar PayPal, ya que puedes desafiar cualquier transacci\u00f3n problem\u00e1tica y solicitar un reembolso, si es necesario. Aquellos que son nuevos en el mundo de las criptomonedas pueden sentirse m\u00e1s seguros gracias a esta seguridad adicional.<br><\/p>\n\n\n\n<figure class=\"wp-block-embed is-type-video is-provider-youtube wp-block-embed-youtube wp-embed-aspect-16-9 wp-has-aspect-ratio\"><div class=\"wp-block-embed__wrapper\">\n<iframe title=\"UNI COIN LATEST ENTRY &amp; EXIT UPDATES ! UNI COIN CHART UPDATES ! UNI COIN PRICE PREDICTION !\" width=\"800\" height=\"450\" src=\"https:\/\/www.youtube.com\/embed\/Rrp3SL7tZ2U?feature=oembed\" frameborder=\"0\" allow=\"accelerometer; autoplay; clipboard-write; encrypted-media; gyroscope; picture-in-picture; web-share\" allowfullscreen><\/iframe>\n<\/div><\/figure>\n\n\n\n<h2 class=\"wp-block-heading\">Instrucciones detalladas sobre c\u00f3mo comprar Unicorn Tokens utilizando PayPal<br><\/h2>\n\n\n\n<ol><li>\u00danase a una plataforma de cambio de criptomonedas que acepte PayPal.<br><br><\/li><li>Conecte su cuenta de PayPal a la transacci\u00f3n. Esto se hace normalmente visitando la secci\u00f3n &#8220;opciones&#8221; o &#8220;m\u00e9todos de pago&#8221; de la plataforma y eligiendo PayPal como m\u00e9todo de pago.<br><br><\/li><li>Haga un pedido para comprar la moneda Unicorn Token busc\u00e1ndola en la plataforma. Antes de hacer su pedido, aseg\u00farese de revisar el s\u00edmbolo y la tasa de cambio.<br><br><\/li><li>Espere a que las monedas lleguen a su billetera de la plataforma despu\u00e9s de confirmar la transacci\u00f3n. Dependiendo de la plataforma, el proceso de entrega puede tomar unos minutos o algunos d\u00edas.<br><br><\/li><li>Revisa tus transacciones para asegurarte de que los montos y detalles sean precisos. Recuerda que cada plataforma tiene un proceso diferente para comprar y almacenar criptomonedas, por lo que debes leer y seguir las directrices de la plataforma.<br><\/li><\/ol>\n\n\n\n<h2 class=\"wp-block-heading\">Desventajas de usar PayPal para comprar la moneda Unicorn Token<br><\/h2>\n\n\n\n<p>Las comisiones de transacci\u00f3n pueden ser bastante altas al comprar monedas Unicorn Token con PayPal, lo cual es un inconveniente. Si compras muchas monedas, las tarifas de transacci\u00f3n cobradas por PayPal pueden acumularse r\u00e1pidamente. Adem\u00e1s, ciertas plataformas que aceptan PayPal pueden imponer sus propias tarifas, lo que podr\u00eda aumentar significativamente el precio de tu compra.<br><\/p>\n\n\n\n<p>Encontrar una plataforma de confianza y confiable que acepte PayPal puede ser un desaf\u00edo, lo cual es otro inconveniente al comprar la moneda Unicorn Token con PayPal. Esto se debe a que muchas plataformas tienen reticencias a aceptar PayPal debido a sus costos elevados y problemas regulatorios.<br><\/p>\n\n\n\n<h2 class=\"wp-block-heading\">Conclusi\u00f3n<br><\/h2>\n\n\n\n<p>En conclusi\u00f3n, comprar la criptomoneda Unicorn Token con PayPal puede ser una forma simple y segura de hacerlo. Sin embargo, es importante recordar que el uso de PayPal tiene desventajas, como costosas comisiones de transacci\u00f3n y el desaf\u00edo de encontrar una plataforma confiable que lo acepte. Es crucial hacer su propia investigaci\u00f3n y considerar cuidadosamente las ventajas e inconvenientes de utilizar PayPal para comprar la moneda Unicorn Token antes de tomar una decisi\u00f3n. Al igual que con cualquier inversi\u00f3n en criptomonedas, es importante monitorear los movimientos del mercado y solo invertir dinero que pueda perder. Adem\u00e1s, aseg\u00farese de proteger sus claves privadas y verifique detenidamente los detalles de la transacci\u00f3n antes de dar su aprobaci\u00f3n final.<\/p>\n\n\n\n<!-- Page-list plugin v.5.9 wordpress.org\/plugins\/page-list\/ -->\n<ul class=\"page-list siblings-page-list \">\n<li class=\"page_item page-item-20123\"><a href=\"https:\/\/allin1bitcoins.com\/es\/crypto\/unicorn-token\/credit-card\/\">C\u00f3mo Comprar El Token Unicornio (UNI) Con Una Tarjeta De Cr\u00e9dito<\/a><\/li>\n<li class=\"page_item page-item-19992\"><a href=\"https:\/\/allin1bitcoins.com\/es\/crypto\/unicorn-token\/united-kingdom\/\">C\u00f3mo Comprar El Token Unicornio (UNI) En El Reino Unido<\/a><\/li>\n<li class=\"page_item page-item-20104\"><a href=\"https:\/\/allin1bitcoins.com\/es\/crypto\/unicorn-token\/debit-card\/\">C\u00f3mo Comprar La Moneda Unicorn Token (UNI) Con Una Tarjeta De D\u00e9bito<\/a><\/li>\n<li class=\"page_item page-item-20018\"><a href=\"https:\/\/allin1bitcoins.com\/es\/crypto\/unicorn-token\/canada\/\">C\u00f3mo Comprar La moneda Unicorn Token (UNI) En Canad\u00e1<\/a><\/li>\n<li class=\"page_item page-item-20035\"><a href=\"https:\/\/allin1bitcoins.com\/es\/crypto\/unicorn-token\/american-express\/\">C\u00f3mo comprar Unicorn Token (UNI) Con American Express<\/a><\/li>\n<li class=\"page_item page-item-20116\"><a href=\"https:\/\/allin1bitcoins.com\/es\/crypto\/unicorn-token\/paypal\/\">C\u00f3mo Comprar Unicorn Token (UNI) Con PayPal<\/a><\/li>\n<li class=\"page_item page-item-20027\"><a href=\"https:\/\/allin1bitcoins.com\/es\/crypto\/unicorn-token\/united-states\/\">C\u00f3mo Comprar Unicorn Token (UNI) En Los Estados Unidos<\/a><\/li>\n<li class=\"page_item page-item-20009\"><a href=\"https:\/\/allin1bitcoins.com\/es\/crypto\/unicorn-token\/switzerland\/\">C\u00f3mo Comprar Unicorn Token (UNI) En Suiza<\/a><\/li>\n\n<\/ul>\n","protected":false},"excerpt":{"rendered":"<p>Respuesta corta: Puedes comprar monedas Unicorn Token con PayPal. Comprar Unicorn Tokens con PayPal es un proceso sencillo que solo requiere algunos pasos b\u00e1sicos. Primero, debes registrarte en una plataforma de criptomonedas que acepte PayPal como opci\u00f3n de pago. La plataforma ahora debe estar conectada a tu cuenta de PayPal. Despu\u00e9s de hacer esto, puedes&#8230;<\/p>\n","protected":false},"author":5,"featured_media":17203,"parent":19974,"menu_order":0,"comment_status":"closed","ping_status":"closed","template":"","meta":{"cybocfi_hide_featured_image":"","footnotes":""},"acf":[],"yoast_head":"<!-- This site is optimized with the Yoast SEO plugin v21.7 - https:\/\/yoast.com\/wordpress\/plugins\/seo\/ -->\n<title>C\u00f3mo Comprar Unicorn Token (UNI) Con PayPal<\/title>\n<meta name=\"description\" content=\"Comprar tokens de Unicornio con PayPal es un proceso sencillo que solo requiere unos pocos pasos b\u00e1sicos. Siga leyendo.\" \/>\n<meta name=\"robots\" content=\"index, follow, max-snippet:-1, max-image-preview:large, max-video-preview:-1\" \/>\n<link rel=\"canonical\" href=\"https:\/\/allin1bitcoins.com\/es\/crypto\/unicorn-token\/paypal\/\" \/>\n<meta property=\"og:locale\" content=\"es_ES\" \/>\n<meta property=\"og:type\" content=\"article\" \/>\n<meta property=\"og:title\" content=\"C\u00f3mo Comprar Unicorn Token (UNI) Con PayPal\" \/>\n<meta property=\"og:description\" content=\"Comprar tokens de Unicornio con PayPal es un proceso sencillo que solo requiere unos pocos pasos b\u00e1sicos. Siga leyendo.\" \/>\n<meta property=\"og:url\" content=\"https:\/\/allin1bitcoins.com\/es\/crypto\/unicorn-token\/paypal\/\" \/>\n<meta property=\"og:site_name\" content=\"Allin1Bitcoins\" \/>\n<meta property=\"article:modified_time\" content=\"2023-02-02T06:42:29+00:00\" \/>\n<meta property=\"og:image\" content=\"https:\/\/allin1bitcoins.com\/wp-content\/uploads\/2023\/01\/tech-daily-lKYV7FaUMzA-unsplash.jpg\" \/>\n\t<meta property=\"og:image:width\" content=\"1920\" \/>\n\t<meta property=\"og:image:height\" content=\"1280\" \/>\n\t<meta property=\"og:image:type\" content=\"image\/jpeg\" \/>\n<meta name=\"twitter:card\" content=\"summary_large_image\" \/>\n<meta name=\"twitter:label1\" content=\"Est. reading time\" \/>\n\t<meta name=\"twitter:data1\" content=\"4 minutes\" \/>\n<!-- \/ Yoast SEO plugin. -->","yoast_head_json":{"title":"C\u00f3mo Comprar Unicorn Token (UNI) Con PayPal","description":"Comprar tokens de Unicornio con PayPal es un proceso sencillo que solo requiere unos pocos pasos b\u00e1sicos. Siga leyendo.","robots":{"index":"index","follow":"follow","max-snippet":"max-snippet:-1","max-image-preview":"max-image-preview:large","max-video-preview":"max-video-preview:-1"},"canonical":"https:\/\/allin1bitcoins.com\/es\/crypto\/unicorn-token\/paypal\/","og_locale":"es_ES","og_type":"article","og_title":"C\u00f3mo Comprar Unicorn Token (UNI) Con PayPal","og_description":"Comprar tokens de Unicornio con PayPal es un proceso sencillo que solo requiere unos pocos pasos b\u00e1sicos. Siga leyendo.","og_url":"https:\/\/allin1bitcoins.com\/es\/crypto\/unicorn-token\/paypal\/","og_site_name":"Allin1Bitcoins","article_modified_time":"2023-02-02T06:42:29+00:00","og_image":[{"width":1920,"height":1280,"url":"https:\/\/allin1bitcoins.com\/wp-content\/uploads\/2023\/01\/tech-daily-lKYV7FaUMzA-unsplash.jpg","type":"image\/jpeg"}],"twitter_card":"summary_large_image","twitter_misc":{"Est. reading time":"4 minutes"},"schema":{"@context":"https:\/\/schema.org","@graph":[{"@type":"WebPage","@id":"https:\/\/allin1bitcoins.com\/es\/crypto\/unicorn-token\/paypal\/","url":"https:\/\/allin1bitcoins.com\/es\/crypto\/unicorn-token\/paypal\/","name":"C\u00f3mo Comprar Unicorn Token (UNI) Con PayPal","isPartOf":{"@id":"https:\/\/allin1bitcoins.com\/es\/#website"},"datePublished":"2023-02-01T16:57:56+00:00","dateModified":"2023-02-02T06:42:29+00:00","description":"Comprar tokens de Unicornio con PayPal es un proceso sencillo que solo requiere unos pocos pasos b\u00e1sicos. Siga leyendo.","breadcrumb":{"@id":"https:\/\/allin1bitcoins.com\/es\/crypto\/unicorn-token\/paypal\/#breadcrumb"},"inLanguage":"es","potentialAction":[{"@type":"ReadAction","target":["https:\/\/allin1bitcoins.com\/es\/crypto\/unicorn-token\/paypal\/"]}]},{"@type":"BreadcrumbList","@id":"https:\/\/allin1bitcoins.com\/es\/crypto\/unicorn-token\/paypal\/#breadcrumb","itemListElement":[{"@type":"ListItem","position":1,"name":"Home","item":"https:\/\/allin1bitcoins.com\/es\/"},{"@type":"ListItem","position":2,"name":"Cripto","item":"https:\/\/allin1bitcoins.com\/es\/crypto\/"},{"@type":"ListItem","position":3,"name":"Comprar Token Unicornio (UNI) &#8211; Gu\u00eda Paso a Paso","item":"https:\/\/allin1bitcoins.com\/es\/crypto\/unicorn-token\/"},{"@type":"ListItem","position":4,"name":"C\u00f3mo Comprar Unicorn Token (UNI) Con PayPal"}]},{"@type":"WebSite","@id":"https:\/\/allin1bitcoins.com\/es\/#website","url":"https:\/\/allin1bitcoins.com\/es\/","name":"Allin1Bitcoins","description":"","publisher":{"@id":"https:\/\/allin1bitcoins.com\/es\/#organization"},"potentialAction":[{"@type":"SearchAction","target":{"@type":"EntryPoint","urlTemplate":"https:\/\/allin1bitcoins.com\/es\/?s={search_term_string}"},"query-input":"required name=search_term_string"}],"inLanguage":"es"},{"@type":"Organization","@id":"https:\/\/allin1bitcoins.com\/es\/#organization","name":"allin1bitcoins","url":"https:\/\/allin1bitcoins.com\/es\/","logo":{"@type":"ImageObject","inLanguage":"es","@id":"https:\/\/allin1bitcoins.com\/es\/#\/schema\/logo\/image\/","url":"https:\/\/allin1bitcoins.com\/wp-content\/uploads\/2019\/01\/logo-new.png","contentUrl":"https:\/\/allin1bitcoins.com\/wp-content\/uploads\/2019\/01\/logo-new.png","width":178,"height":71,"caption":"allin1bitcoins"},"image":{"@id":"https:\/\/allin1bitcoins.com\/es\/#\/schema\/logo\/image\/"}}]}},"_links":{"self":[{"href":"https:\/\/allin1bitcoins.com\/es\/wp-json\/wp\/v2\/pages\/20116"}],"collection":[{"href":"https:\/\/allin1bitcoins.com\/es\/wp-json\/wp\/v2\/pages"}],"about":[{"href":"https:\/\/allin1bitcoins.com\/es\/wp-json\/wp\/v2\/types\/page"}],"author":[{"embeddable":true,"href":"https:\/\/allin1bitcoins.com\/es\/wp-json\/wp\/v2\/users\/5"}],"replies":[{"embeddable":true,"href":"https:\/\/allin1bitcoins.com\/es\/wp-json\/wp\/v2\/comments?post=20116"}],"version-history":[{"count":4,"href":"https:\/\/allin1bitcoins.com\/es\/wp-json\/wp\/v2\/pages\/20116\/revisions"}],"predecessor-version":[{"id":20171,"href":"https:\/\/allin1bitcoins.com\/es\/wp-json\/wp\/v2\/pages\/20116\/revisions\/20171"}],"up":[{"embeddable":true,"href":"https:\/\/allin1bitcoins.com\/es\/wp-json\/wp\/v2\/pages\/19974"}],"wp:featuredmedia":[{"embeddable":true,"href":"https:\/\/allin1bitcoins.com\/es\/wp-json\/wp\/v2\/media\/17203"}],"wp:attachment":[{"href":"https:\/\/allin1bitcoins.com\/es\/wp-json\/wp\/v2\/media?parent=20116"}],"curies":[{"name":"wp","href":"https:\/\/api.w.org\/{rel}","templated":true}]}}