{"id":20287,"date":"2023-02-04T11:32:01","date_gmt":"2023-02-04T11:32:01","guid":{"rendered":"https:\/\/allin1bitcoins.com\/?page_id=20287"},"modified":"2023-02-04T11:34:40","modified_gmt":"2023-02-04T11:34:40","slug":"credit-card","status":"publish","type":"page","link":"https:\/\/allin1bitcoins.com\/es\/crypto\/kirobo\/credit-card\/","title":{"rendered":"C\u00f3mo Comprar Kirobo (KIRO) Con Una Tarjeta De Cr\u00e9dito"},"content":{"rendered":"\n<p>El proceso de compra de Kirobo Coin con una tarjeta de cr\u00e9dito y una cuenta bancaria son comparables. El primer paso es abrir una cuenta con un intercambio confiable, como Coinbase o Bitstamp, que admita Kirobo Coin y acepte pagos con tarjeta de cr\u00e9dito. Una vez que tengas un perfil, puedes adjuntar tu tarjeta de cr\u00e9dito y comprar Kirobo Coin con ese m\u00e9todo. Antes de seleccionar un intercambio, es crucial realizar su propia investigaci\u00f3n y diligencia debida. Hay varias cosas que tener en cuenta, como costos, seguridad y reputaci\u00f3n del intercambio<\/p>\n\n\n\n<h2 class=\"wp-block-heading\">Resumen de Kirobo Coin<\/h2>\n\n\n\n<p>Una criptomoneda llamada Kirobo Coin fue creada en Jap\u00f3n en 2017. Recibi\u00f3 el nombre de Kirobo en honor al peque\u00f1o robot humanoide que fue entregado en 2013 a la Estaci\u00f3n Espacial Internacional. Basada en la blockchain de Ethereum, Kirobo Coin hace uso de contratos inteligentes para agilizar las transacciones y permitir una amplia gama de aplicaciones. Se pretenden usar como tanto un valor refugio como medio de intercambio.<\/p>\n\n\n\n<h2 class=\"wp-block-heading\">Por qu\u00e9 quieres usar una tarjeta de cr\u00e9dito para comprar Kirobo Coin<\/h2>\n\n\n\n<p><strong>Podr\u00edas querer usar una tarjeta de cr\u00e9dito para comprar Kirobo Coin por varias razones, como:<\/strong><\/p>\n\n\n\n<ul><li><strong>Comodidad:<\/strong> Usar una tarjeta de cr\u00e9dito para comprar Kirobo Coin suele ser m\u00e1s r\u00e1pido y pr\u00e1ctico que hacerlo a trav\u00e9s de una cuenta bancaria. Mientras que las transferencias bancarias pueden tardar varios d\u00edas en liquidarse, la mayor\u00eda de las compras con tarjeta de cr\u00e9dito son aprobadas de inmediato.<br><br><\/li><li><strong>Recompensas: <\/strong>Algunas tarjetas de cr\u00e9dito te brindan reembolsos en efectivo o puntos a cambio de usarlas para realizar compras. Usar una tarjeta de cr\u00e9dito para comprar Kirobo Coin podr\u00eda ser un m\u00e9todo fant\u00e1stico de ganar recompensas si tu tarjeta de cr\u00e9dito ofrece beneficuentos por comprar criptomonedas.<br><br><\/li><li><strong>Puntuaci\u00f3n de cr\u00e9dito:<\/strong> Usar una tarjeta de cr\u00e9dito para comprar Kirobo Coin podr\u00eda ayudarte a establecer cr\u00e9dito y mejorar tu puntuaci\u00f3n si tienes buen cr\u00e9dito y pagas la factura de tu tarjeta de cr\u00e9dito por completo cada mes.<\/li><\/ul>\n\n\n\n<h2 class=\"wp-block-heading\">C\u00f3mo comprar Kirobo Coin con una tarjeta de cr\u00e9dito en detalle<\/h2>\n\n\n\n<ol><li><strong>Seleccione una bolsa de valores: <\/strong>El primer paso para comprar Kirobo Coin con una tarjeta de cr\u00e9dito es seleccionar una bolsa de valores confiable que admita la criptomoneda y permita pagos con tarjetas de cr\u00e9dito. Coinbase y Bitstamp son algunas opciones populares. Antes de tomar una decisi\u00f3n, es crucial realizar su propia investigaci\u00f3n y evaluar los costos, seguridad y reputaci\u00f3n de diferentes bolsas de valores.<br><br><\/li><li><strong>Crear una cuenta:<\/strong> Despu\u00e9s de decidir en una bolsa de valores, debe hacerlo ingresando algunos datos personales, como su nombre, direcci\u00f3n de correo electr\u00f3nico y n\u00famero de tel\u00e9fono. Tambi\u00e9n puede ser necesario una copia de su identificaci\u00f3n emitida por el gobierno para demostrar su identificaci\u00f3n.<br><br><\/li><li><strong>Agregar Fondos: <\/strong>Despu\u00e9s de crear su cuenta, debe vincular su tarjeta de cr\u00e9dito ingresando la informaci\u00f3n de la tarjeta, incluido el n\u00famero de tarjeta, fecha de vencimiento y c\u00f3digo de seguridad. Dependiendo de la bolsa de valores que est\u00e9 utilizando, pueden ser necesarios diferentes pasos para adjuntar una tarjeta de cr\u00e9dito.<br><br><\/li><li><strong>Comprar Kirobo Coin:<\/strong> Utilizando la plataforma de negociaci\u00f3n de la bolsa de valores, puede comprar Kirobo Coin despu\u00e9s de vincular su tarjeta de cr\u00e9dito. Puede indicar cu\u00e1nto Kirobo Coin desea comprar y su rango de precios. Una vez que su orden haya sido asignada a un vendedor, ser\u00e1 procesada.<br><br><\/li><li><strong>Guardar la moneda: <\/strong>Despu\u00e9s de comprar Kirobo Coin, debe mantenerlo seguro coloc\u00e1ndolo en una billetera segura. Las billeteras vienen en una variedad de formas, como billeteras de software, billeteras de hardware y billeteras de papel. Es crucial elegir una billetera que cumpla con sus demandas mientras sea segura&#8221;.<\/li><\/ol>\n\n\n\n<figure class=\"wp-block-embed is-type-video is-provider-youtube wp-block-embed-youtube wp-embed-aspect-16-9 wp-has-aspect-ratio\"><div class=\"wp-block-embed__wrapper\">\n<iframe title=\"Kiro Tokenomics Explained!\" width=\"800\" height=\"450\" src=\"https:\/\/www.youtube.com\/embed\/2EAMFp40PDk?feature=oembed\" frameborder=\"0\" allow=\"accelerometer; autoplay; clipboard-write; encrypted-media; gyroscope; picture-in-picture; web-share\" allowfullscreen><\/iframe>\n<\/div><\/figure>\n\n\n\n<h2 class=\"wp-block-heading\">Desventajas de usar una tarjeta de cr\u00e9dito para comprar Kirobo Coin<\/h2>\n\n\n\n<p><strong>Mientras que comprar Kirobo Coin con una tarjeta de cr\u00e9dito tiene una serie de ventajas, tambi\u00e9n hay algunos inconvenientes a tener en cuenta:<\/strong><\/p>\n\n\n\n<ul><li><strong>Tarifas:<\/strong> En comparaci\u00f3n con las transferencias bancarias, algunos intercambios cobran m\u00e1s tarifas por las transacciones con tarjeta de cr\u00e9dito. Es crucial evaluar los costos asociados con varios intercambios y tenerlos en cuenta al tomar una decisi\u00f3n.<br><br><\/li><li><strong>Intereses:<\/strong> Si no pagas el saldo completo de tu tarjeta de cr\u00e9dito cada mes, se agregar\u00e1 inter\u00e9s al saldo. Esto puede acumularse con el tiempo y aumentar el precio de tu compra de Kirobo Coin.<br><br><\/li><li><strong>Riesgo de fraude: <\/strong>Usar una tarjeta de cr\u00e9dito para comprar Kirobo Coin conlleva el mismo riesgo que usar una tarjeta de cr\u00e9dito para realizar otras compras. Para reducir el peligro de fraude, es fundamental seleccionar un intercambio confiable y proteger su informaci\u00f3n personal y financiera.<\/li><\/ul>\n\n\n\n<h2 class=\"wp-block-heading\">Conclusi\u00f3n<\/h2>\n\n\n\n<p>A trav\u00e9s de una serie de intercambios en l\u00ednea, comprar Kirobo Coin con una tarjeta de cr\u00e9dito es un proceso bastante f\u00e1cil. Si pagas tu factura por completo cada mes, es pr\u00e1ctico, te da la oportunidad de recibir recompensas y puede ayudarte a establecer cr\u00e9dito. Sin embargo, al determinar si comprar Kirobo Coin con una tarjeta de cr\u00e9dito, es fundamental tener en cuenta los costos, los intereses potenciales y la posibilidad de fraude. Es crucial realizar su propia investigaci\u00f3n y diligencia antes de tomar una decisi\u00f3n, como con cualquier transacci\u00f3n financiera.<\/p>\n\n\n\n<!-- Page-list plugin v.5.9 wordpress.org\/plugins\/page-list\/ -->\n<ul class=\"page-list siblings-page-list \">\n<li class=\"page_item page-item-20208\"><a href=\"https:\/\/allin1bitcoins.com\/es\/crypto\/kirobo\/united-kingdom\/\">C\u00f3mo Comprar Kirobo (KIBO) En El Reino Unido<\/a><\/li>\n<li class=\"page_item page-item-20308\"><a href=\"https:\/\/allin1bitcoins.com\/es\/crypto\/kirobo\/paypal\/\">C\u00f3mo Comprar Kirobo (KIRO) Con PayPal<\/a><\/li>\n<li class=\"page_item page-item-20328\"><a href=\"https:\/\/allin1bitcoins.com\/es\/crypto\/kirobo\/skrill\/\">C\u00f3mo Comprar Kirobo (KIRO) Con Skrill<\/a><\/li>\n<li class=\"page_item page-item-20287\"><a href=\"https:\/\/allin1bitcoins.com\/es\/crypto\/kirobo\/credit-card\/\">C\u00f3mo Comprar Kirobo (KIRO) Con Una Tarjeta De Cr\u00e9dito<\/a><\/li>\n<li class=\"page_item page-item-20298\"><a href=\"https:\/\/allin1bitcoins.com\/es\/crypto\/kirobo\/debit-card\/\">C\u00f3mo Comprar Kirobo (KIRO) Con Una Tarjeta De D\u00e9bito<\/a><\/li>\n<li class=\"page_item page-item-20279\"><a href=\"https:\/\/allin1bitcoins.com\/es\/crypto\/kirobo\/australia\/\">C\u00f3mo Comprar Kirobo (KIRO) En Australia<\/a><\/li>\n<li class=\"page_item page-item-20256\"><a href=\"https:\/\/allin1bitcoins.com\/es\/crypto\/kirobo\/canada\/\">C\u00f3mo Comprar Kirobo (KIRO) En Canad\u00e1<\/a><\/li>\n<li class=\"page_item page-item-20246\"><a href=\"https:\/\/allin1bitcoins.com\/es\/crypto\/kirobo\/united-states\/\">C\u00f3mo Comprar Kirobo (KIRO) En Los Estados Unidos<\/a><\/li>\n\n<\/ul>\n","protected":false},"excerpt":{"rendered":"<p>El proceso de compra de Kirobo Coin con una tarjeta de cr\u00e9dito y una cuenta bancaria son comparables. El primer paso es abrir una cuenta con un intercambio confiable, como Coinbase o Bitstamp, que admita Kirobo Coin y acepte pagos con tarjeta de cr\u00e9dito. Una vez que tengas un perfil, puedes adjuntar tu tarjeta de&#8230;<\/p>\n","protected":false},"author":5,"featured_media":16074,"parent":20244,"menu_order":0,"comment_status":"closed","ping_status":"closed","template":"","meta":{"cybocfi_hide_featured_image":"","footnotes":""},"acf":[],"yoast_head":"<!-- This site is optimized with the Yoast SEO plugin v21.7 - https:\/\/yoast.com\/wordpress\/plugins\/seo\/ -->\n<title>C\u00f3mo Comprar Kirobo (KIRO) Con Una Tarjeta De Cr\u00e9dito<\/title>\n<meta name=\"description\" content=\"El primer paso es abrir una cuenta en un intercambio, como Coinbase o Bitstamp, que admita Kirobo Coin y pagos con tarjeta de cr\u00e9dito.\" \/>\n<meta name=\"robots\" content=\"index, follow, max-snippet:-1, max-image-preview:large, max-video-preview:-1\" \/>\n<link rel=\"canonical\" href=\"https:\/\/allin1bitcoins.com\/es\/crypto\/kirobo\/credit-card\/\" \/>\n<meta property=\"og:locale\" content=\"es_ES\" \/>\n<meta property=\"og:type\" content=\"article\" \/>\n<meta property=\"og:title\" content=\"C\u00f3mo Comprar Kirobo (KIRO) Con Una Tarjeta De Cr\u00e9dito\" \/>\n<meta property=\"og:description\" content=\"El primer paso es abrir una cuenta en un intercambio, como Coinbase o Bitstamp, que admita Kirobo Coin y pagos con tarjeta de cr\u00e9dito.\" \/>\n<meta property=\"og:url\" content=\"https:\/\/allin1bitcoins.com\/es\/crypto\/kirobo\/credit-card\/\" \/>\n<meta property=\"og:site_name\" content=\"Allin1Bitcoins\" \/>\n<meta property=\"article:modified_time\" content=\"2023-02-04T11:34:40+00:00\" \/>\n<meta property=\"og:image\" content=\"https:\/\/allin1bitcoins.com\/wp-content\/uploads\/2023\/01\/credit-4.jpg\" \/>\n\t<meta property=\"og:image:width\" content=\"1920\" \/>\n\t<meta property=\"og:image:height\" content=\"1280\" \/>\n\t<meta property=\"og:image:type\" content=\"image\/jpeg\" \/>\n<meta name=\"twitter:card\" content=\"summary_large_image\" \/>\n<meta name=\"twitter:label1\" content=\"Est. reading time\" \/>\n\t<meta name=\"twitter:data1\" content=\"4 minutes\" \/>\n<!-- \/ Yoast SEO plugin. -->","yoast_head_json":{"title":"C\u00f3mo Comprar Kirobo (KIRO) Con Una Tarjeta De Cr\u00e9dito","description":"El primer paso es abrir una cuenta en un intercambio, como Coinbase o Bitstamp, que admita Kirobo Coin y pagos con tarjeta de cr\u00e9dito.","robots":{"index":"index","follow":"follow","max-snippet":"max-snippet:-1","max-image-preview":"max-image-preview:large","max-video-preview":"max-video-preview:-1"},"canonical":"https:\/\/allin1bitcoins.com\/es\/crypto\/kirobo\/credit-card\/","og_locale":"es_ES","og_type":"article","og_title":"C\u00f3mo Comprar Kirobo (KIRO) Con Una Tarjeta De Cr\u00e9dito","og_description":"El primer paso es abrir una cuenta en un intercambio, como Coinbase o Bitstamp, que admita Kirobo Coin y pagos con tarjeta de cr\u00e9dito.","og_url":"https:\/\/allin1bitcoins.com\/es\/crypto\/kirobo\/credit-card\/","og_site_name":"Allin1Bitcoins","article_modified_time":"2023-02-04T11:34:40+00:00","og_image":[{"width":1920,"height":1280,"url":"https:\/\/allin1bitcoins.com\/wp-content\/uploads\/2023\/01\/credit-4.jpg","type":"image\/jpeg"}],"twitter_card":"summary_large_image","twitter_misc":{"Est. reading time":"4 minutes"},"schema":{"@context":"https:\/\/schema.org","@graph":[{"@type":"WebPage","@id":"https:\/\/allin1bitcoins.com\/es\/crypto\/kirobo\/credit-card\/","url":"https:\/\/allin1bitcoins.com\/es\/crypto\/kirobo\/credit-card\/","name":"C\u00f3mo Comprar Kirobo (KIRO) Con Una Tarjeta De Cr\u00e9dito","isPartOf":{"@id":"https:\/\/allin1bitcoins.com\/es\/#website"},"datePublished":"2023-02-04T11:32:01+00:00","dateModified":"2023-02-04T11:34:40+00:00","description":"El primer paso es abrir una cuenta en un intercambio, como Coinbase o Bitstamp, que admita Kirobo Coin y pagos con tarjeta de cr\u00e9dito.","breadcrumb":{"@id":"https:\/\/allin1bitcoins.com\/es\/crypto\/kirobo\/credit-card\/#breadcrumb"},"inLanguage":"es","potentialAction":[{"@type":"ReadAction","target":["https:\/\/allin1bitcoins.com\/es\/crypto\/kirobo\/credit-card\/"]}]},{"@type":"BreadcrumbList","@id":"https:\/\/allin1bitcoins.com\/es\/crypto\/kirobo\/credit-card\/#breadcrumb","itemListElement":[{"@type":"ListItem","position":1,"name":"Home","item":"https:\/\/allin1bitcoins.com\/es\/"},{"@type":"ListItem","position":2,"name":"Cripto","item":"https:\/\/allin1bitcoins.com\/es\/crypto\/"},{"@type":"ListItem","position":3,"name":"C\u00f3mo Comprar Kirobo (KIRO) &#8211; Gu\u00eda Paso a Paso (2023)","item":"https:\/\/allin1bitcoins.com\/es\/crypto\/kirobo\/"},{"@type":"ListItem","position":4,"name":"C\u00f3mo Comprar Kirobo (KIRO) Con Una Tarjeta De Cr\u00e9dito"}]},{"@type":"WebSite","@id":"https:\/\/allin1bitcoins.com\/es\/#website","url":"https:\/\/allin1bitcoins.com\/es\/","name":"Allin1Bitcoins","description":"","publisher":{"@id":"https:\/\/allin1bitcoins.com\/es\/#organization"},"potentialAction":[{"@type":"SearchAction","target":{"@type":"EntryPoint","urlTemplate":"https:\/\/allin1bitcoins.com\/es\/?s={search_term_string}"},"query-input":"required name=search_term_string"}],"inLanguage":"es"},{"@type":"Organization","@id":"https:\/\/allin1bitcoins.com\/es\/#organization","name":"allin1bitcoins","url":"https:\/\/allin1bitcoins.com\/es\/","logo":{"@type":"ImageObject","inLanguage":"es","@id":"https:\/\/allin1bitcoins.com\/es\/#\/schema\/logo\/image\/","url":"https:\/\/allin1bitcoins.com\/wp-content\/uploads\/2019\/01\/logo-new.png","contentUrl":"https:\/\/allin1bitcoins.com\/wp-content\/uploads\/2019\/01\/logo-new.png","width":178,"height":71,"caption":"allin1bitcoins"},"image":{"@id":"https:\/\/allin1bitcoins.com\/es\/#\/schema\/logo\/image\/"}}]}},"_links":{"self":[{"href":"https:\/\/allin1bitcoins.com\/es\/wp-json\/wp\/v2\/pages\/20287"}],"collection":[{"href":"https:\/\/allin1bitcoins.com\/es\/wp-json\/wp\/v2\/pages"}],"about":[{"href":"https:\/\/allin1bitcoins.com\/es\/wp-json\/wp\/v2\/types\/page"}],"author":[{"embeddable":true,"href":"https:\/\/allin1bitcoins.com\/es\/wp-json\/wp\/v2\/users\/5"}],"replies":[{"embeddable":true,"href":"https:\/\/allin1bitcoins.com\/es\/wp-json\/wp\/v2\/comments?post=20287"}],"version-history":[{"count":2,"href":"https:\/\/allin1bitcoins.com\/es\/wp-json\/wp\/v2\/pages\/20287\/revisions"}],"predecessor-version":[{"id":20296,"href":"https:\/\/allin1bitcoins.com\/es\/wp-json\/wp\/v2\/pages\/20287\/revisions\/20296"}],"up":[{"embeddable":true,"href":"https:\/\/allin1bitcoins.com\/es\/wp-json\/wp\/v2\/pages\/20244"}],"wp:featuredmedia":[{"embeddable":true,"href":"https:\/\/allin1bitcoins.com\/es\/wp-json\/wp\/v2\/media\/16074"}],"wp:attachment":[{"href":"https:\/\/allin1bitcoins.com\/es\/wp-json\/wp\/v2\/media?parent=20287"}],"curies":[{"name":"wp","href":"https:\/\/api.w.org\/{rel}","templated":true}]}}