{"id":20298,"date":"2023-02-04T13:15:50","date_gmt":"2023-02-04T13:15:50","guid":{"rendered":"https:\/\/allin1bitcoins.com\/?page_id=20298"},"modified":"2023-02-04T13:18:27","modified_gmt":"2023-02-04T13:18:27","slug":"debit-card","status":"publish","type":"page","link":"https:\/\/allin1bitcoins.com\/es\/crypto\/kirobo\/debit-card\/","title":{"rendered":"C\u00f3mo Comprar Kirobo (KIRO) Con Una Tarjeta De D\u00e9bito"},"content":{"rendered":"\n<p>El proceso para comprar Kirobo Coin con una tarjeta de d\u00e9bito es comparable al de una tarjeta de cr\u00e9dito. El primer paso es abrir una cuenta con una exchange confiable, como Coinbase o Bitstamp, que admita Kirobo Coin y acepte pagos con tarjeta de d\u00e9bito. Despu\u00e9s de crear una cuenta, puedes vincular tu tarjeta de d\u00e9bito y comprar Kirobo Coin con ella. Antes de seleccionar una exchange, es crucial hacer tu propia investigaci\u00f3n y due diligence. Hay varias cosas a tener en cuenta, como los costos, la seguridad y la reputaci\u00f3n de la exchange.<\/p>\n\n\n\n<h2 class=\"wp-block-heading\">Resumen de Kirobo Coin<\/h2>\n\n\n\n<p>Una criptomoneda llamada Kirobo Coin fue creada en Jap\u00f3n en 2017. Se le dio el nombre de Kirobo en honor al peque\u00f1o robot humanoide que fue entregado en 2013 a la Estaci\u00f3n Espacial Internacional. Basada en la cadena de bloques Ethereum, Kirobo Coin hace uso de contratos inteligentes para optimizar las transacciones y habilitar una amplia gama de aplicaciones. Tanto un valor de reserva como un medio de intercambio son usos previstos para ella.<\/p>\n\n\n\n<h2 class=\"wp-block-heading\">\u00bfPor qu\u00e9 deseas utilizar una tarjeta de d\u00e9bito para comprar Kirobo Coin.<\/h2>\n\n\n\n<p><strong>Podr\u00edas querer comprar Kirobo Coin con una tarjeta de d\u00e9bito por varias razones, como:<\/strong><\/p>\n\n\n\n<ul><li><strong>Comodidad: <\/strong>Utilizar una tarjeta de d\u00e9bito para comprar Kirobo Coin suele ser m\u00e1s r\u00e1pido y conveniente que hacerlo a trav\u00e9s de una cuenta bancaria. Mientras que las transferencias bancarias pueden tardar varios d\u00edas en ser procesadas, las compras con tarjeta de d\u00e9bito suelen ser procesadas de manera instant\u00e1nea.<br><br><\/li><li><strong>Sin revisi\u00f3n de cr\u00e9dito:<\/strong> Ya que las tarjetas de d\u00e9bito est\u00e1n conectadas a tu cuenta bancaria, pueden ser utilizadas sin una revisi\u00f3n de cr\u00e9dito. Esto implica que independientemente de tu historial de cr\u00e9dito o tu puntaje de cr\u00e9dito, puedes comprar Kirobo Coin con una tarjeta de d\u00e9bito.<br><br><\/li><li>Utilizar una tarjeta de d\u00e9bito para comprar Kirobo Coin te ayudar\u00e1 a seguir tu plan de gastos ya que solo podr\u00e1s utilizar los fondos disponibles en tu cuenta. Si deseas evitar la deuda de tarjeta de cr\u00e9dito o tienes un presupuesto ajustado, esta puede ser una alternativa adecuada.<\/li><\/ul>\n\n\n\n<h2 class=\"wp-block-heading\">Instrucciones detalladas sobre c\u00f3mo comprar Kirobo Coin usando una tarjeta de d\u00e9bito<\/h2>\n\n\n\n<ol><li><strong>Seleccionar una casa de cambio:<\/strong> El primer paso en la compra de Kirobo Coin con una tarjeta de d\u00e9bito es seleccionar una casa de cambio confiable que admita la criptomoneda y permita pagos con tarjetas de d\u00e9bito. Coinbase y Bitstamp son algunas de las opciones populares. Antes de tomar una decisi\u00f3n, es crucial realizar su propia investigaci\u00f3n y evaluar los costos, la seguridad y la reputaci\u00f3n de varias casas de cambio.<br><br><\/li><li><strong>Crear una cuenta: <\/strong>Despu\u00e9s de decidir en una casa de cambio, debe hacerlo ingresando algunos datos personales, como su nombre, direcci\u00f3n de correo electr\u00f3nico y n\u00famero de tel\u00e9fono. Tambi\u00e9n puede ser necesario una copia de su identificaci\u00f3n emitida por el gobierno para probar su identificaci\u00f3n.<br><br><\/li><li><strong>Vincular su tarjeta de d\u00e9bito: <\/strong>Despu\u00e9s de la creaci\u00f3n de su cuenta, debe vincular su tarjeta de d\u00e9bito ingresando la informaci\u00f3n de la tarjeta, incluyendo el n\u00famero, fecha de vencimiento y c\u00f3digo de seguridad. Dependiendo de la casa de cambio que est\u00e9 utilizando, hay varios pasos para adjuntar una tarjeta de d\u00e9bito.<br><br><\/li><li><strong>Comprar Kirobo Coin: <\/strong>Usando la plataforma de comercio de la casa de cambio, puede comprar Kirobo Coin despu\u00e9s de vincular su tarjeta de d\u00e9bito. Puede indicar cu\u00e1nto Kirobo Coin desea comprar y su rango de precios. Una vez que su orden haya sido coincidente con un vendedor, se procesar\u00e1.<br><br><\/li><li><strong>Transferir a su billetera: <\/strong>Despu\u00e9s de comprar Kirobo Coin, debe mantenerlo seguro coloc\u00e1ndolo en una billetera segura. Las billeteras vienen en varias formas, como billeteras de software, billeteras de hardware y billeteras de papel. Es crucial elegir una billetera que cumpla con sus demandas y sea segura.<\/li><\/ol>\n\n\n\n<figure class=\"wp-block-embed is-type-video is-provider-youtube wp-block-embed-youtube wp-embed-aspect-16-9 wp-has-aspect-ratio\"><div class=\"wp-block-embed__wrapper\">\n<iframe title=\"SlateCast #11: The wallet that lets you retrieve lost crypto - Kirobo\" width=\"800\" height=\"450\" src=\"https:\/\/www.youtube.com\/embed\/8MzuMIFi6uQ?feature=oembed\" frameborder=\"0\" allow=\"accelerometer; autoplay; clipboard-write; encrypted-media; gyroscope; picture-in-picture; web-share\" allowfullscreen><\/iframe>\n<\/div><\/figure>\n\n\n\n<h2 class=\"wp-block-heading\">Desventajas de usar una tarjeta de d\u00e9bito para comprar Kirobo Coin<\/h2>\n\n\n\n<p><strong>Aunque comprar Kirobo Coin con una tarjeta de d\u00e9bito tiene una serie de ventajas, tambi\u00e9n hay algunos inconvenientes que deben tenerse en cuenta:<\/strong><\/p>\n\n\n\n<ul><li><strong>Costos:<\/strong> En comparaci\u00f3n con las transferencias bancarias, ciertos intercambios cobran m\u00e1s tarifas por las transacciones con tarjeta de d\u00e9bito. Es crucial evaluar los costos asociados con varios intercambios y tenerlos en cuenta al tomar una decisi\u00f3n.<br><br><\/li><li><strong>Saldo de la cuenta bancaria:<\/strong> Para comprar Kirobo Coin con una tarjeta de d\u00e9bito, debe tener suficiente dinero en su cuenta para cubrir la transacci\u00f3n. La transacci\u00f3n puede no completarse si no tiene suficiente dinero en su cuenta.<br><br><\/li><li><strong>Riesgo de fraude:<\/strong> Usar una tarjeta de d\u00e9bito para comprar Kirobo Coin tiene el mismo riesgo de fraude con tarjeta de d\u00e9bito que preocupa a muchas personas. Para reducir el peligro de fraude, es crucial seleccionar un intercambio confiable y proteger sus informaci\u00f3n personal y financiera.<\/li><\/ul>\n\n\n\n<h2 class=\"wp-block-heading\">Conclusi\u00f3n<\/h2>\n\n\n\n<p>Es relativamente f\u00e1cil comprar Kirobo Coin con una tarjeta de d\u00e9bito a trav\u00e9s de varios intercambios en l\u00ednea. Es pr\u00e1ctico, no requiere una verificaci\u00f3n de cr\u00e9dito y puede ayudar en la planificaci\u00f3n presupuestaria. Pero antes de usar una tarjeta de d\u00e9bito para comprar Kirobo Coin, debe considerar los costos, la posibilidad de fraude y el requisito de que tenga suficiente dinero en su cuenta bancaria. Es crucial realizar su propia investigaci\u00f3n y diligencia debida antes de tomar una decisi\u00f3n, como con cualquier transacci\u00f3n financiera. Adem\u00e1s, es una buena idea consultar con su banco o instituci\u00f3n financiera para ver si hay alg\u00fan costo involucrado y asegurarse de que su tarjeta de d\u00e9bito sea aceptada por el intercambio que ha seleccionado.<\/p>\n\n\n\n<!-- Page-list plugin v.5.9 wordpress.org\/plugins\/page-list\/ -->\n<ul class=\"page-list siblings-page-list \">\n<li class=\"page_item page-item-20208\"><a href=\"https:\/\/allin1bitcoins.com\/es\/crypto\/kirobo\/united-kingdom\/\">C\u00f3mo Comprar Kirobo (KIBO) En El Reino Unido<\/a><\/li>\n<li class=\"page_item page-item-20308\"><a href=\"https:\/\/allin1bitcoins.com\/es\/crypto\/kirobo\/paypal\/\">C\u00f3mo Comprar Kirobo (KIRO) Con PayPal<\/a><\/li>\n<li class=\"page_item page-item-20328\"><a href=\"https:\/\/allin1bitcoins.com\/es\/crypto\/kirobo\/skrill\/\">C\u00f3mo Comprar Kirobo (KIRO) Con Skrill<\/a><\/li>\n<li class=\"page_item page-item-20287\"><a href=\"https:\/\/allin1bitcoins.com\/es\/crypto\/kirobo\/credit-card\/\">C\u00f3mo Comprar Kirobo (KIRO) Con Una Tarjeta De Cr\u00e9dito<\/a><\/li>\n<li class=\"page_item page-item-20298\"><a href=\"https:\/\/allin1bitcoins.com\/es\/crypto\/kirobo\/debit-card\/\">C\u00f3mo Comprar Kirobo (KIRO) Con Una Tarjeta De D\u00e9bito<\/a><\/li>\n<li class=\"page_item page-item-20279\"><a href=\"https:\/\/allin1bitcoins.com\/es\/crypto\/kirobo\/australia\/\">C\u00f3mo Comprar Kirobo (KIRO) En Australia<\/a><\/li>\n<li class=\"page_item page-item-20256\"><a href=\"https:\/\/allin1bitcoins.com\/es\/crypto\/kirobo\/canada\/\">C\u00f3mo Comprar Kirobo (KIRO) En Canad\u00e1<\/a><\/li>\n<li class=\"page_item page-item-20246\"><a href=\"https:\/\/allin1bitcoins.com\/es\/crypto\/kirobo\/united-states\/\">C\u00f3mo Comprar Kirobo (KIRO) En Los Estados Unidos<\/a><\/li>\n\n<\/ul>\n","protected":false},"excerpt":{"rendered":"<p>El proceso para comprar Kirobo Coin con una tarjeta de d\u00e9bito es comparable al de una tarjeta de cr\u00e9dito. El primer paso es abrir una cuenta con una exchange confiable, como Coinbase o Bitstamp, que admita Kirobo Coin y acepte pagos con tarjeta de d\u00e9bito. Despu\u00e9s de crear una cuenta, puedes vincular tu tarjeta de&#8230;<\/p>\n","protected":false},"author":5,"featured_media":16087,"parent":20244,"menu_order":0,"comment_status":"closed","ping_status":"closed","template":"","meta":{"cybocfi_hide_featured_image":"","footnotes":""},"acf":[],"yoast_head":"<!-- This site is optimized with the Yoast SEO plugin v21.7 - https:\/\/yoast.com\/wordpress\/plugins\/seo\/ -->\n<title>C\u00f3mo Comprar Kirobo (KIRO) Con Una Tarjeta De D\u00e9bito<\/title>\n<meta name=\"description\" content=\"Es es f\u00e1cil de comprar KIRO con una tarjeta de d\u00e9bito a trav\u00e9s de un n\u00famero de bolsas en l\u00ednea. Siga leyendo para obtener m\u00e1s informaci\u00f3n.\" \/>\n<meta name=\"robots\" content=\"index, follow, max-snippet:-1, max-image-preview:large, max-video-preview:-1\" \/>\n<link rel=\"canonical\" href=\"https:\/\/allin1bitcoins.com\/es\/crypto\/kirobo\/debit-card\/\" \/>\n<meta property=\"og:locale\" content=\"es_ES\" \/>\n<meta property=\"og:type\" content=\"article\" \/>\n<meta property=\"og:title\" content=\"C\u00f3mo Comprar Kirobo (KIRO) Con Una Tarjeta De D\u00e9bito\" \/>\n<meta property=\"og:description\" content=\"Es es f\u00e1cil de comprar KIRO con una tarjeta de d\u00e9bito a trav\u00e9s de un n\u00famero de bolsas en l\u00ednea. Siga leyendo para obtener m\u00e1s informaci\u00f3n.\" \/>\n<meta property=\"og:url\" content=\"https:\/\/allin1bitcoins.com\/es\/crypto\/kirobo\/debit-card\/\" \/>\n<meta property=\"og:site_name\" content=\"Allin1Bitcoins\" \/>\n<meta property=\"article:modified_time\" content=\"2023-02-04T13:18:27+00:00\" \/>\n<meta property=\"og:image\" content=\"https:\/\/allin1bitcoins.com\/wp-content\/uploads\/2023\/01\/debit-1-1.jpg\" \/>\n\t<meta property=\"og:image:width\" content=\"1920\" \/>\n\t<meta property=\"og:image:height\" content=\"1277\" \/>\n\t<meta property=\"og:image:type\" content=\"image\/jpeg\" \/>\n<meta name=\"twitter:card\" content=\"summary_large_image\" \/>\n<meta name=\"twitter:label1\" content=\"Est. reading time\" \/>\n\t<meta name=\"twitter:data1\" content=\"4 minutes\" \/>\n<!-- \/ Yoast SEO plugin. -->","yoast_head_json":{"title":"C\u00f3mo Comprar Kirobo (KIRO) Con Una Tarjeta De D\u00e9bito","description":"Es es f\u00e1cil de comprar KIRO con una tarjeta de d\u00e9bito a trav\u00e9s de un n\u00famero de bolsas en l\u00ednea. Siga leyendo para obtener m\u00e1s informaci\u00f3n.","robots":{"index":"index","follow":"follow","max-snippet":"max-snippet:-1","max-image-preview":"max-image-preview:large","max-video-preview":"max-video-preview:-1"},"canonical":"https:\/\/allin1bitcoins.com\/es\/crypto\/kirobo\/debit-card\/","og_locale":"es_ES","og_type":"article","og_title":"C\u00f3mo Comprar Kirobo (KIRO) Con Una Tarjeta De D\u00e9bito","og_description":"Es es f\u00e1cil de comprar KIRO con una tarjeta de d\u00e9bito a trav\u00e9s de un n\u00famero de bolsas en l\u00ednea. Siga leyendo para obtener m\u00e1s informaci\u00f3n.","og_url":"https:\/\/allin1bitcoins.com\/es\/crypto\/kirobo\/debit-card\/","og_site_name":"Allin1Bitcoins","article_modified_time":"2023-02-04T13:18:27+00:00","og_image":[{"width":1920,"height":1277,"url":"https:\/\/allin1bitcoins.com\/wp-content\/uploads\/2023\/01\/debit-1-1.jpg","type":"image\/jpeg"}],"twitter_card":"summary_large_image","twitter_misc":{"Est. reading time":"4 minutes"},"schema":{"@context":"https:\/\/schema.org","@graph":[{"@type":"WebPage","@id":"https:\/\/allin1bitcoins.com\/es\/crypto\/kirobo\/debit-card\/","url":"https:\/\/allin1bitcoins.com\/es\/crypto\/kirobo\/debit-card\/","name":"C\u00f3mo Comprar Kirobo (KIRO) Con Una Tarjeta De D\u00e9bito","isPartOf":{"@id":"https:\/\/allin1bitcoins.com\/es\/#website"},"datePublished":"2023-02-04T13:15:50+00:00","dateModified":"2023-02-04T13:18:27+00:00","description":"Es es f\u00e1cil de comprar KIRO con una tarjeta de d\u00e9bito a trav\u00e9s de un n\u00famero de bolsas en l\u00ednea. Siga leyendo para obtener m\u00e1s informaci\u00f3n.","breadcrumb":{"@id":"https:\/\/allin1bitcoins.com\/es\/crypto\/kirobo\/debit-card\/#breadcrumb"},"inLanguage":"es","potentialAction":[{"@type":"ReadAction","target":["https:\/\/allin1bitcoins.com\/es\/crypto\/kirobo\/debit-card\/"]}]},{"@type":"BreadcrumbList","@id":"https:\/\/allin1bitcoins.com\/es\/crypto\/kirobo\/debit-card\/#breadcrumb","itemListElement":[{"@type":"ListItem","position":1,"name":"Home","item":"https:\/\/allin1bitcoins.com\/es\/"},{"@type":"ListItem","position":2,"name":"Cripto","item":"https:\/\/allin1bitcoins.com\/es\/crypto\/"},{"@type":"ListItem","position":3,"name":"C\u00f3mo Comprar Kirobo (KIRO) &#8211; Gu\u00eda Paso a Paso (2023)","item":"https:\/\/allin1bitcoins.com\/es\/crypto\/kirobo\/"},{"@type":"ListItem","position":4,"name":"C\u00f3mo Comprar Kirobo (KIRO) Con Una Tarjeta De D\u00e9bito"}]},{"@type":"WebSite","@id":"https:\/\/allin1bitcoins.com\/es\/#website","url":"https:\/\/allin1bitcoins.com\/es\/","name":"Allin1Bitcoins","description":"","publisher":{"@id":"https:\/\/allin1bitcoins.com\/es\/#organization"},"potentialAction":[{"@type":"SearchAction","target":{"@type":"EntryPoint","urlTemplate":"https:\/\/allin1bitcoins.com\/es\/?s={search_term_string}"},"query-input":"required name=search_term_string"}],"inLanguage":"es"},{"@type":"Organization","@id":"https:\/\/allin1bitcoins.com\/es\/#organization","name":"allin1bitcoins","url":"https:\/\/allin1bitcoins.com\/es\/","logo":{"@type":"ImageObject","inLanguage":"es","@id":"https:\/\/allin1bitcoins.com\/es\/#\/schema\/logo\/image\/","url":"https:\/\/allin1bitcoins.com\/wp-content\/uploads\/2019\/01\/logo-new.png","contentUrl":"https:\/\/allin1bitcoins.com\/wp-content\/uploads\/2019\/01\/logo-new.png","width":178,"height":71,"caption":"allin1bitcoins"},"image":{"@id":"https:\/\/allin1bitcoins.com\/es\/#\/schema\/logo\/image\/"}}]}},"_links":{"self":[{"href":"https:\/\/allin1bitcoins.com\/es\/wp-json\/wp\/v2\/pages\/20298"}],"collection":[{"href":"https:\/\/allin1bitcoins.com\/es\/wp-json\/wp\/v2\/pages"}],"about":[{"href":"https:\/\/allin1bitcoins.com\/es\/wp-json\/wp\/v2\/types\/page"}],"author":[{"embeddable":true,"href":"https:\/\/allin1bitcoins.com\/es\/wp-json\/wp\/v2\/users\/5"}],"replies":[{"embeddable":true,"href":"https:\/\/allin1bitcoins.com\/es\/wp-json\/wp\/v2\/comments?post=20298"}],"version-history":[{"count":2,"href":"https:\/\/allin1bitcoins.com\/es\/wp-json\/wp\/v2\/pages\/20298\/revisions"}],"predecessor-version":[{"id":20304,"href":"https:\/\/allin1bitcoins.com\/es\/wp-json\/wp\/v2\/pages\/20298\/revisions\/20304"}],"up":[{"embeddable":true,"href":"https:\/\/allin1bitcoins.com\/es\/wp-json\/wp\/v2\/pages\/20244"}],"wp:featuredmedia":[{"embeddable":true,"href":"https:\/\/allin1bitcoins.com\/es\/wp-json\/wp\/v2\/media\/16087"}],"wp:attachment":[{"href":"https:\/\/allin1bitcoins.com\/es\/wp-json\/wp\/v2\/media?parent=20298"}],"curies":[{"name":"wp","href":"https:\/\/api.w.org\/{rel}","templated":true}]}}