{"id":20328,"date":"2023-02-04T17:41:12","date_gmt":"2023-02-04T17:41:12","guid":{"rendered":"https:\/\/allin1bitcoins.com\/?page_id=20328"},"modified":"2023-02-04T17:44:45","modified_gmt":"2023-02-04T17:44:45","slug":"skrill","status":"publish","type":"page","link":"https:\/\/allin1bitcoins.com\/es\/crypto\/kirobo\/skrill\/","title":{"rendered":"C\u00f3mo Comprar Kirobo (KIRO) Con Skrill"},"content":{"rendered":"\n<p>Similar a la compra con tarjeta de cr\u00e9dito o d\u00e9bito, la compra de Kirobo Coin con Skrill sigue los mismos pasos. El primer paso es abrir una cuenta con una plataforma de exchange confiable, como Coinbase o Bitstamp, que admita Kirobo Coin y acepte pagos de Skrill. Si ya tienes una cuenta, puedes vincularla a tu cuenta de Skrill y usarla para comprar Kirobo Coin. Antes de seleccionar una plataforma de exchange, es crucial realizar tu propia investigaci\u00f3n y due diligence. Hay varias cosas a tener en cuenta, como costos, seguridad y la reputaci\u00f3n de la plataforma de exchange.<\/p>\n\n\n\n<h2 class=\"wp-block-heading\">Visi\u00f3n general de Kirobo Coin<\/h2>\n\n\n\n<p>Una criptomoneda llamada Kirobo Coin fue creada en Jap\u00f3n en 2017. Recibi\u00f3 el nombre Kirobo en honor al peque\u00f1o robot humanoide que fue enviado en 2013 a la Estaci\u00f3n Espacial Internacional. Basada en la cadena de bloques Ethereum, Kirobo Coin utiliza contratos inteligentes para simplificar las transacciones y habilitar una variedad de aplicaciones. Tanto su uso como un almac\u00e9n de valor como un medio de intercambio est\u00e1n previstos.<\/p>\n\n\n\n<h2 class=\"wp-block-heading\">Por qu\u00e9 elegir usar Skrill para comprar Kirobo Coin<\/h2>\n\n\n\n<p><strong>Puede que quieras comprar Kirobo Coin usando Skrill por varias razones, incluyendo:<\/strong><\/p>\n\n\n\n<ul><li><strong>Comodidad: <\/strong>en comparaci\u00f3n con el uso de una cuenta bancaria o tarjeta de cr\u00e9dito, la compra de Kirobo Coin con Skrill es t\u00edpicamente m\u00e1s r\u00e1pida y c\u00f3moda. Mientras que las transferencias bancarias y las transacciones de tarjeta de cr\u00e9dito pueden tardar varios d\u00edas en completarse, las transacciones de Skrill se realizan t\u00edpicamente de manera instant\u00e1nea.<br><br><\/li><li><strong>Seguridad: <\/strong>Skrill es un sistema de pago seguro que brinda protecci\u00f3n a compradores y vendedores. Usar Skrill para comprar Kirobo Coin podr\u00eda brindarle m\u00e1s seguridad si est\u00e1 preocupado por la seguridad de sus datos financieros.<br><br><\/li><li><strong>Sin verificaci\u00f3n de cr\u00e9dito: <\/strong>Skrill no requiere una verificaci\u00f3n de cr\u00e9dito porque no es una tarjeta de cr\u00e9dito. Esto implica que independientemente de su historial crediticio o puntaje de cr\u00e9dito, puede comprar Kirobo Coin usando Skrill.<\/li><\/ul>\n\n\n\n<h2 class=\"wp-block-heading\">Instrucciones detalladas sobre c\u00f3mo comprar Kirobo Coin con Skrill<\/h2>\n\n\n\n<ol><li>El primer paso en la compra de Kirobo Coin con Skrill es seleccionar una plataforma de intercambio confiable que respalde la criptomoneda y acepte pagos con Skrill. Coinbase y Bitstamp son algunas de las opciones populares. Antes de tomar una decisi\u00f3n, es crucial realizar su propia investigaci\u00f3n y evaluar los costos, la seguridad y la reputaci\u00f3n de varias plataformas de intercambio.<br><br><\/li><li>Despu\u00e9s de elegir una plataforma de intercambio, debe hacerlo ingresando algunos datos personales, como su nombre, direcci\u00f3n de correo electr\u00f3nico y n\u00famero de tel\u00e9fono. Tambi\u00e9n puede ser necesario una copia de su identificaci\u00f3n emitida por el gobierno para demostrar su identificaci\u00f3n.<br><br><\/li><li>Despu\u00e9s de crear su cuenta, debe vincular su cuenta de Skrill proporcionando su informaci\u00f3n de inicio de sesi\u00f3n de Skrill. Dependiendo de la plataforma de intercambio que est\u00e9 utilizando, puede haber varios pasos para vincular una cuenta de Skrill.<br><br><\/li><li>Despu\u00e9s de vincular su cuenta de Skrill, puede comprar Kirobo Coin realizando un pedido en el sitio de trading de la plataforma de intercambio. Puede indicar cu\u00e1nto Kirobo Coin desea comprar y su rango de precios. Una vez que su pedido haya sido coincidente con un vendedor, ser\u00e1 procesado.<br><br><\/li><li>Despu\u00e9s de comprar Kirobo Coin, debe mantenerlo seguro al colocarlo en una billetera segura. Las billeteras vienen en una variedad de formas, como billeteras de software, billeteras de hardware y billeteras de papel. Es crucial elegir una billetera que cumpla con sus necesidades y sea segura.<\/li><\/ol>\n\n\n\n<figure class=\"wp-block-embed is-type-video is-provider-youtube wp-block-embed-youtube wp-embed-aspect-16-9 wp-has-aspect-ratio\"><div class=\"wp-block-embed__wrapper\">\n<iframe title=\"What is (Kirobo)? | The Safety Net For DeFI\" width=\"800\" height=\"450\" src=\"https:\/\/www.youtube.com\/embed\/PVRvScq9dRg?feature=oembed\" frameborder=\"0\" allow=\"accelerometer; autoplay; clipboard-write; encrypted-media; gyroscope; picture-in-picture; web-share\" allowfullscreen><\/iframe>\n<\/div><\/figure>\n\n\n\n<h2 class=\"wp-block-heading\">Desventajas de usar Skrill para comprar Kirobo Coin<\/h2>\n\n\n\n<p><strong>Aunque comprar Kirobo Coin con Skrill tiene muchas ventajas, tambi\u00e9n hay algunos inconvenientes que deben tenerse en cuenta:<\/strong><\/p>\n\n\n\n<ul><li><strong>Tarifas:<\/strong> en comparaci\u00f3n con otras opciones de pago, ciertos intercambios cobran tarifas m\u00e1s altas por las transacciones de Skrill. Es crucial evaluar los costos asociados con varios intercambios y tenerlos en cuenta al tomar una decisi\u00f3n.<br><br><\/li><li><strong>Disponibilidad: <\/strong>Skrill no opera en todos los pa\u00edses y ciertos intercambios pueden no aceptarlo como forma de pago. Si vives en un pa\u00eds donde esto est\u00e1 prohibido, puede ser dif\u00edcil o imposible comprar Kirobo Coin usando Skrill.<br><br><\/li><li><strong>Riesgo de fraude: <\/strong>comprar Kirobo Coin con Skrill conlleva el mismo riesgo que el fraude de Skrill, lo que es una preocupaci\u00f3n para muchas personas. Para reducir el peligro de fraude, es cr\u00edtico seleccionar un intercambio confiable y proteger su informaci\u00f3n personal y financiera.<\/li><\/ul>\n\n\n\n<h2 class=\"wp-block-heading\">Conclusi\u00f3n<\/h2>\n\n\n\n<p>Es comparativamente f\u00e1cil comprar Kirobo Coin usando Skrill a trav\u00e9s de varios intercambios en l\u00ednea. No se requiere verificaci\u00f3n de cr\u00e9dito y es conveniente y seguro. Al elegir si comprar Kirobo Coin con Skrill, es crucial tener en cuenta las tarifas, el riesgo de fraude y cualquier restricci\u00f3n de pa\u00eds aplicable. Es crucial realizar su propia investigaci\u00f3n y diligencia debida antes de tomar una decisi\u00f3n, como con cualquier transacci\u00f3n financiera.<\/p>\n\n\n\n<!-- Page-list plugin v.5.9 wordpress.org\/plugins\/page-list\/ -->\n<ul class=\"page-list siblings-page-list \">\n<li class=\"page_item page-item-20208\"><a href=\"https:\/\/allin1bitcoins.com\/es\/crypto\/kirobo\/united-kingdom\/\">C\u00f3mo Comprar Kirobo (KIBO) En El Reino Unido<\/a><\/li>\n<li class=\"page_item page-item-20308\"><a href=\"https:\/\/allin1bitcoins.com\/es\/crypto\/kirobo\/paypal\/\">C\u00f3mo Comprar Kirobo (KIRO) Con PayPal<\/a><\/li>\n<li class=\"page_item page-item-20328\"><a href=\"https:\/\/allin1bitcoins.com\/es\/crypto\/kirobo\/skrill\/\">C\u00f3mo Comprar Kirobo (KIRO) Con Skrill<\/a><\/li>\n<li class=\"page_item page-item-20287\"><a href=\"https:\/\/allin1bitcoins.com\/es\/crypto\/kirobo\/credit-card\/\">C\u00f3mo Comprar Kirobo (KIRO) Con Una Tarjeta De Cr\u00e9dito<\/a><\/li>\n<li class=\"page_item page-item-20298\"><a href=\"https:\/\/allin1bitcoins.com\/es\/crypto\/kirobo\/debit-card\/\">C\u00f3mo Comprar Kirobo (KIRO) Con Una Tarjeta De D\u00e9bito<\/a><\/li>\n<li class=\"page_item page-item-20279\"><a href=\"https:\/\/allin1bitcoins.com\/es\/crypto\/kirobo\/australia\/\">C\u00f3mo Comprar Kirobo (KIRO) En Australia<\/a><\/li>\n<li class=\"page_item page-item-20256\"><a href=\"https:\/\/allin1bitcoins.com\/es\/crypto\/kirobo\/canada\/\">C\u00f3mo Comprar Kirobo (KIRO) En Canad\u00e1<\/a><\/li>\n<li class=\"page_item page-item-20246\"><a href=\"https:\/\/allin1bitcoins.com\/es\/crypto\/kirobo\/united-states\/\">C\u00f3mo Comprar Kirobo (KIRO) En Los Estados Unidos<\/a><\/li>\n\n<\/ul>\n","protected":false},"excerpt":{"rendered":"<p>Similar a la compra con tarjeta de cr\u00e9dito o d\u00e9bito, la compra de Kirobo Coin con Skrill sigue los mismos pasos. El primer paso es abrir una cuenta con una plataforma de exchange confiable, como Coinbase o Bitstamp, que admita Kirobo Coin y acepte pagos de Skrill. Si ya tienes una cuenta, puedes vincularla a&#8230;<\/p>\n","protected":false},"author":5,"featured_media":16021,"parent":20244,"menu_order":0,"comment_status":"closed","ping_status":"closed","template":"","meta":{"cybocfi_hide_featured_image":"","footnotes":""},"acf":[],"yoast_head":"<!-- This site is optimized with the Yoast SEO plugin v21.7 - https:\/\/yoast.com\/wordpress\/plugins\/seo\/ -->\n<title>C\u00f3mo Comprar Kirobo (KIRO) Con Skrill<\/title>\n<meta name=\"description\" content=\"El primer paso es abrir una cuenta en una plataforma de intercambio confiable, como Coinbase o Bitstamp, que admita Kirobo.\" \/>\n<meta name=\"robots\" content=\"index, follow, max-snippet:-1, max-image-preview:large, max-video-preview:-1\" \/>\n<link rel=\"canonical\" href=\"https:\/\/allin1bitcoins.com\/es\/crypto\/kirobo\/skrill\/\" \/>\n<meta property=\"og:locale\" content=\"es_ES\" \/>\n<meta property=\"og:type\" content=\"article\" \/>\n<meta property=\"og:title\" content=\"C\u00f3mo Comprar Kirobo (KIRO) Con Skrill\" \/>\n<meta property=\"og:description\" content=\"El primer paso es abrir una cuenta en una plataforma de intercambio confiable, como Coinbase o Bitstamp, que admita Kirobo.\" \/>\n<meta property=\"og:url\" content=\"https:\/\/allin1bitcoins.com\/es\/crypto\/kirobo\/skrill\/\" \/>\n<meta property=\"og:site_name\" content=\"Allin1Bitcoins\" \/>\n<meta property=\"article:modified_time\" content=\"2023-02-04T17:44:45+00:00\" \/>\n<meta property=\"og:image\" content=\"https:\/\/allin1bitcoins.com\/wp-content\/uploads\/2023\/01\/wance-paleri-s7gyjnH7Ulk-unsplash.jpg\" \/>\n\t<meta property=\"og:image:width\" content=\"1920\" \/>\n\t<meta property=\"og:image:height\" content=\"1078\" \/>\n\t<meta property=\"og:image:type\" content=\"image\/jpeg\" \/>\n<meta name=\"twitter:card\" content=\"summary_large_image\" \/>\n<meta name=\"twitter:label1\" content=\"Est. reading time\" \/>\n\t<meta name=\"twitter:data1\" content=\"4 minutes\" \/>\n<!-- \/ Yoast SEO plugin. -->","yoast_head_json":{"title":"C\u00f3mo Comprar Kirobo (KIRO) Con Skrill","description":"El primer paso es abrir una cuenta en una plataforma de intercambio confiable, como Coinbase o Bitstamp, que admita Kirobo.","robots":{"index":"index","follow":"follow","max-snippet":"max-snippet:-1","max-image-preview":"max-image-preview:large","max-video-preview":"max-video-preview:-1"},"canonical":"https:\/\/allin1bitcoins.com\/es\/crypto\/kirobo\/skrill\/","og_locale":"es_ES","og_type":"article","og_title":"C\u00f3mo Comprar Kirobo (KIRO) Con Skrill","og_description":"El primer paso es abrir una cuenta en una plataforma de intercambio confiable, como Coinbase o Bitstamp, que admita Kirobo.","og_url":"https:\/\/allin1bitcoins.com\/es\/crypto\/kirobo\/skrill\/","og_site_name":"Allin1Bitcoins","article_modified_time":"2023-02-04T17:44:45+00:00","og_image":[{"width":1920,"height":1078,"url":"https:\/\/allin1bitcoins.com\/wp-content\/uploads\/2023\/01\/wance-paleri-s7gyjnH7Ulk-unsplash.jpg","type":"image\/jpeg"}],"twitter_card":"summary_large_image","twitter_misc":{"Est. reading time":"4 minutes"},"schema":{"@context":"https:\/\/schema.org","@graph":[{"@type":"WebPage","@id":"https:\/\/allin1bitcoins.com\/es\/crypto\/kirobo\/skrill\/","url":"https:\/\/allin1bitcoins.com\/es\/crypto\/kirobo\/skrill\/","name":"C\u00f3mo Comprar Kirobo (KIRO) Con Skrill","isPartOf":{"@id":"https:\/\/allin1bitcoins.com\/es\/#website"},"datePublished":"2023-02-04T17:41:12+00:00","dateModified":"2023-02-04T17:44:45+00:00","description":"El primer paso es abrir una cuenta en una plataforma de intercambio confiable, como Coinbase o Bitstamp, que admita Kirobo.","breadcrumb":{"@id":"https:\/\/allin1bitcoins.com\/es\/crypto\/kirobo\/skrill\/#breadcrumb"},"inLanguage":"es","potentialAction":[{"@type":"ReadAction","target":["https:\/\/allin1bitcoins.com\/es\/crypto\/kirobo\/skrill\/"]}]},{"@type":"BreadcrumbList","@id":"https:\/\/allin1bitcoins.com\/es\/crypto\/kirobo\/skrill\/#breadcrumb","itemListElement":[{"@type":"ListItem","position":1,"name":"Home","item":"https:\/\/allin1bitcoins.com\/es\/"},{"@type":"ListItem","position":2,"name":"Cripto","item":"https:\/\/allin1bitcoins.com\/es\/crypto\/"},{"@type":"ListItem","position":3,"name":"C\u00f3mo Comprar Kirobo (KIRO) &#8211; Gu\u00eda Paso a Paso (2023)","item":"https:\/\/allin1bitcoins.com\/es\/crypto\/kirobo\/"},{"@type":"ListItem","position":4,"name":"C\u00f3mo Comprar Kirobo (KIRO) Con Skrill"}]},{"@type":"WebSite","@id":"https:\/\/allin1bitcoins.com\/es\/#website","url":"https:\/\/allin1bitcoins.com\/es\/","name":"Allin1Bitcoins","description":"","publisher":{"@id":"https:\/\/allin1bitcoins.com\/es\/#organization"},"potentialAction":[{"@type":"SearchAction","target":{"@type":"EntryPoint","urlTemplate":"https:\/\/allin1bitcoins.com\/es\/?s={search_term_string}"},"query-input":"required name=search_term_string"}],"inLanguage":"es"},{"@type":"Organization","@id":"https:\/\/allin1bitcoins.com\/es\/#organization","name":"allin1bitcoins","url":"https:\/\/allin1bitcoins.com\/es\/","logo":{"@type":"ImageObject","inLanguage":"es","@id":"https:\/\/allin1bitcoins.com\/es\/#\/schema\/logo\/image\/","url":"https:\/\/allin1bitcoins.com\/wp-content\/uploads\/2019\/01\/logo-new.png","contentUrl":"https:\/\/allin1bitcoins.com\/wp-content\/uploads\/2019\/01\/logo-new.png","width":178,"height":71,"caption":"allin1bitcoins"},"image":{"@id":"https:\/\/allin1bitcoins.com\/es\/#\/schema\/logo\/image\/"}}]}},"_links":{"self":[{"href":"https:\/\/allin1bitcoins.com\/es\/wp-json\/wp\/v2\/pages\/20328"}],"collection":[{"href":"https:\/\/allin1bitcoins.com\/es\/wp-json\/wp\/v2\/pages"}],"about":[{"href":"https:\/\/allin1bitcoins.com\/es\/wp-json\/wp\/v2\/types\/page"}],"author":[{"embeddable":true,"href":"https:\/\/allin1bitcoins.com\/es\/wp-json\/wp\/v2\/users\/5"}],"replies":[{"embeddable":true,"href":"https:\/\/allin1bitcoins.com\/es\/wp-json\/wp\/v2\/comments?post=20328"}],"version-history":[{"count":3,"href":"https:\/\/allin1bitcoins.com\/es\/wp-json\/wp\/v2\/pages\/20328\/revisions"}],"predecessor-version":[{"id":20337,"href":"https:\/\/allin1bitcoins.com\/es\/wp-json\/wp\/v2\/pages\/20328\/revisions\/20337"}],"up":[{"embeddable":true,"href":"https:\/\/allin1bitcoins.com\/es\/wp-json\/wp\/v2\/pages\/20244"}],"wp:featuredmedia":[{"embeddable":true,"href":"https:\/\/allin1bitcoins.com\/es\/wp-json\/wp\/v2\/media\/16021"}],"wp:attachment":[{"href":"https:\/\/allin1bitcoins.com\/es\/wp-json\/wp\/v2\/media?parent=20328"}],"curies":[{"name":"wp","href":"https:\/\/api.w.org\/{rel}","templated":true}]}}