{"id":20394,"date":"2023-02-05T07:15:49","date_gmt":"2023-02-05T07:15:49","guid":{"rendered":"https:\/\/allin1bitcoins.com\/?page_id=20394"},"modified":"2023-02-05T07:16:34","modified_gmt":"2023-02-05T07:16:34","slug":"google-pay","status":"publish","type":"page","link":"https:\/\/allin1bitcoins.com\/es\/crypto\/signature-chain\/google-pay\/","title":{"rendered":"C\u00f3mo Comprar Signature Chain (SIGN) Con Google Pay"},"content":{"rendered":"\n<h2 class=\"wp-block-heading\">Puede comprar monedas Signature Chain con Google Pay.<\/h2>\n\n\n\n<ul><li>Encuentre una plataforma de criptomonedas o corredor que admita la moneda Signature Chain y acepte pagos con Google Pay si desea comprarla con Google Pay.<br><br><\/li><li>Coinbase, Bitpanda y eToro son algunas de las plataformas conocidas que le permiten comprar la moneda Signature Chain utilizando Google Pay.<br><br><\/li><li>Una vez que haya encontrado una plataforma que admita la moneda Signature Chain y acepte pagos con Google Pay, puede registrar una cuenta, confirmar su identidad y vincular su cuenta de Google Pay a su cuenta.<br><br><\/li><li>Despu\u00e9s de crear su cuenta, puede buscar la moneda Signature Chain y realizar una compra utilizando los fondos en su cuenta bancaria vinculada o en su saldo de Google Pay.<\/li><\/ul>\n\n\n\n<h2 class=\"wp-block-heading\">Resumen de la moneda Signature Chain<\/h2>\n\n\n\n<p>Los usuarios pueden producir y validar firmas digitales en la cadena de bloques utilizando la plataforma descentralizada conocida como Signature Chain. Est\u00e1 dise\u00f1ado para brindar a los usuarios un medio seguro, transparente e inmutable para firmar y validar documentos esenciales, contratos y otros papeles. La criptomoneda nativa SIGN, que se destina a fomentar y recompensar a los usuarios que contribuyen a la red, impulsa la red de Signature Chain.<\/p>\n\n\n\n<h2 class=\"wp-block-heading\">Beneficios de utilizar Google Pay para comprar monedas Signature Chain<\/h2>\n\n\n\n<p>Puede que desee comprar monedas Signature Chain con Google Pay por varias razones. En primer lugar, es pr\u00e1ctico. Con solo unos pocos clics desde la comodidad de su hogar, puede comprar SIGN utilizando Google Pay, un sistema de pago en l\u00ednea com\u00fan y confiable.<\/p>\n\n\n\n<p>En segundo lugar, la compra de SIGN a trav\u00e9s de Google Pay le permite unirse a la red de Signature Chain y contribuir a su expansi\u00f3n. Al poseer SIGN, puede participar en la red como accionista y posiblemente obtener beneficuentos por sus contribuciones.<\/p>\n\n\n\n<h2 class=\"wp-block-heading\">C\u00f3mo comprar monedas Signature Chain con Google Pay con detalle<\/h2>\n\n\n\n<p><strong>Los siguientes pasos le mostrar\u00e1n c\u00f3mo comprar monedas Signature Chain usando Google Pay:<\/strong><\/p>\n\n\n\n<ol><li><strong>Encuentra un corredor o intercambio de bitcoin que respalde SIGN y Google Pay.<\/strong> <br>Coinbase, Bitpanda y eToro son algunos sitios conocidos que permiten comprar SIGN usando Google Pay, como se mencion\u00f3 anteriormente. Antes de seleccionar una plataforma, haga su investigaci\u00f3n y analice los costos, la reputaci\u00f3n y la seguridad de varias opciones.<br><br><\/li><li><strong>Reg\u00edstrate para un perfil en la plataforma. <\/strong><br>Para registrarte en la plataforma y verificar tu identidad, sigue las instrucciones del sitio web. Durante este proceso, a menudo deber\u00e1 subir una identificaci\u00f3n emitida por el gobierno junto con cierta informaci\u00f3n personal.<br><br><\/li><li><strong>\u00danete a tu cuenta con tu cuenta de Google Pay. <\/strong><br>Antes de poder comprar SIGN, debe vincular su cuenta de Google Pay a su cuenta verificada. La mayor\u00eda de las plataformas incluyen un sitio web o una aplicaci\u00f3n m\u00f3vil donde puede hacer esto.<br><br><\/li><li><strong>Ordena SIGN haciendo una b\u00fasqueda. <\/strong><br>Una vez que su cuenta de Google Pay est\u00e9 conectada a su cuenta, puede buscar SIGN en la plataforma de comercio. Luego, puede comprar SIGN usando los fondos en su cuenta bancaria asociada o el saldo de Google Pay.<br><br><\/li><li><strong>Retire su SIG y p\u00f3ngalo en un monedero seguro. <\/strong><br>Su SIGN se acreditar\u00e1 en su cuenta despu\u00e9s de que se complete su pedido. Para proteger su SIGN contra ataques de hackers y otros peligros, se recomienda que retire su dinero a un monedero seguro, como un monedero de hardware.<\/li><\/ol>\n\n\n\n<figure class=\"wp-block-embed is-type-video is-provider-youtube wp-block-embed-youtube wp-embed-aspect-16-9 wp-has-aspect-ratio\"><div class=\"wp-block-embed__wrapper\">\n<iframe title=\"SIGNATURE CHAIN \/\/ NOVEMBER CRYPTO GEM!!\" width=\"800\" height=\"450\" src=\"https:\/\/www.youtube.com\/embed\/xHg4y760ZOs?feature=oembed\" frameborder=\"0\" allow=\"accelerometer; autoplay; clipboard-write; encrypted-media; gyroscope; picture-in-picture; web-share\" allowfullscreen><\/iframe>\n<\/div><\/figure>\n\n\n\n<h2 class=\"wp-block-heading\">Desventajas de usar Google Pay para comprar monedas de Signature Chain<\/h2>\n\n\n\n<p>Deber\u00edas conocer algunos inconvenientes al usar Google Pay para comprar monedas de Signature Chain. En primer lugar, no todos los sistemas pueden admitir compras de SIGN con Google Pay. Es posible que algunos intercambios y corredores no acepten pagos de Google Pay o solo los ofrezcan a veces. Encontrar una plataforma que se ajuste a tus demandas puede ser m\u00e1s dif\u00edcil debido a la limitaci\u00f3n en tus selecciones.<\/p>\n\n\n\n<p>En segundo lugar, en comparaci\u00f3n con otras opciones de pago como transferencias bancarias, la compra de SIGN mediante Google Pay puede estar sujeta a mayores tarifas. Esto se debe a que Google Pay cobra a los comerciantes una tarifa por procesar pagos igual a un porcentaje del valor de la transacci\u00f3n. Es posible que t\u00fa, como cliente, se te cobren estos costos en forma de tarifas m\u00e1s altas u otros impuestos.<\/p>\n\n\n\n<p>Por \u00faltimo, si la privacidad es una preocupaci\u00f3n, la compra de SIGN mediante Google Pay puede no ser la mejor opci\u00f3n.<br>La mayor\u00eda de las transacciones de Google Pay son identificables para ti personalmente y pueden rastrearse hasta ti. Si valoras tu privacidad y quieres comprar SIGN con un alto grado de anonimato, es posible que quieras considerar usar efectivo o una tarjeta de d\u00e9bito como forma de pago en su lugar.<\/p>\n\n\n\n<h2 class=\"wp-block-heading\">Conclusi\u00f3n<\/h2>\n\n\n\n<p>En conclusi\u00f3n, usar Google Pay para comprar la moneda de Signature Chain es una forma r\u00e1pida y f\u00e1cil de comenzar a usar la moneda, pero tambi\u00e9n conlleva algunos peligros y inconvenientes. Es esencial realizar una investigaci\u00f3n exhaustiva, evaluar los costos y comprender los riesgos y restricciones de utilizar la plataforma antes de elegir comprar SIGN con Google Pay. Con la investigaci\u00f3n adecuada, la compra de SIGN con Google Pay puede ser un m\u00e9todo pr\u00e1ctico y tal vez rentable para unirse a la red de Signature Chain.<\/p>\n\n\n\n<!-- Page-list plugin v.5.9 wordpress.org\/plugins\/page-list\/ -->\n<ul class=\"page-list siblings-page-list \">\n<li class=\"page_item page-item-20374\"><a href=\"https:\/\/allin1bitcoins.com\/es\/crypto\/signature-chain\/paypal\/\">C\u00f3mo Comprar La Moneda Signature Chain (SIGN) Con PayPal<\/a><\/li>\n<li class=\"page_item page-item-20407\"><a href=\"https:\/\/allin1bitcoins.com\/es\/crypto\/signature-chain\/venmo\/\">C\u00f3mo Comprar La Moneda Signature Chain (SIGN) Con Venmo<\/a><\/li>\n<li class=\"page_item page-item-20483\"><a href=\"https:\/\/allin1bitcoins.com\/es\/crypto\/signature-chain\/ireland\/\">C\u00f3mo Comprar La Moneda Signature Chain (SIGN) En Irlanda<\/a><\/li>\n<li class=\"page_item page-item-20430\"><a href=\"https:\/\/allin1bitcoins.com\/es\/crypto\/signature-chain\/netherlands\/\">C\u00f3mo Comprar La Moneda Signature Chain (SIGN) En Los Pa\u00edses Bajos<\/a><\/li>\n<li class=\"page_item page-item-20394\"><a href=\"https:\/\/allin1bitcoins.com\/es\/crypto\/signature-chain\/google-pay\/\">C\u00f3mo Comprar Signature Chain (SIGN) Con Google Pay<\/a><\/li>\n<li class=\"page_item page-item-20364\"><a href=\"https:\/\/allin1bitcoins.com\/es\/crypto\/signature-chain\/credit-card\/\">C\u00f3mo Comprar Signature Chain (SIGN) Con Una Tarjeta De Cr\u00e9dito<\/a><\/li>\n<li class=\"page_item page-item-20415\"><a href=\"https:\/\/allin1bitcoins.com\/es\/crypto\/signature-chain\/germany\/\">C\u00f3mo Comprar Signature Chain (SIGN) En Alemania<\/a><\/li>\n<li class=\"page_item page-item-20491\"><a href=\"https:\/\/allin1bitcoins.com\/es\/crypto\/signature-chain\/denmark\/\">C\u00f3mo comprar Signature Chain (SIGN) en Dinamarca<\/a><\/li>\n\n<\/ul>\n","protected":false},"excerpt":{"rendered":"<p>Puede comprar monedas Signature Chain con Google Pay. Encuentre una plataforma de criptomonedas o corredor que admita la moneda Signature Chain y acepte pagos con Google Pay si desea comprarla con Google Pay. Coinbase, Bitpanda y eToro son algunas de las plataformas conocidas que le permiten comprar la moneda Signature Chain utilizando Google Pay. Una&#8230;<\/p>\n","protected":false},"author":5,"featured_media":14437,"parent":20230,"menu_order":0,"comment_status":"closed","ping_status":"closed","template":"","meta":{"cybocfi_hide_featured_image":"","footnotes":""},"acf":[],"yoast_head":"<!-- This site is optimized with the Yoast SEO plugin v21.7 - https:\/\/yoast.com\/wordpress\/plugins\/seo\/ -->\n<title>C\u00f3mo Comprar Signature Chain (SIGN) Con Google Pay<\/title>\n<meta name=\"description\" content=\"Encuentra una casa de cambio de criptomonedas que admita la moneda SIGN y los pagos con Google Pay si desea comprarla con Google Pay\" \/>\n<meta name=\"robots\" content=\"index, follow, max-snippet:-1, max-image-preview:large, max-video-preview:-1\" \/>\n<link rel=\"canonical\" href=\"https:\/\/allin1bitcoins.com\/es\/crypto\/signature-chain\/google-pay\/\" \/>\n<meta property=\"og:locale\" content=\"es_ES\" \/>\n<meta property=\"og:type\" content=\"article\" \/>\n<meta property=\"og:title\" content=\"C\u00f3mo Comprar Signature Chain (SIGN) Con Google Pay\" \/>\n<meta property=\"og:description\" content=\"Encuentra una casa de cambio de criptomonedas que admita la moneda SIGN y los pagos con Google Pay si desea comprarla con Google Pay\" \/>\n<meta property=\"og:url\" content=\"https:\/\/allin1bitcoins.com\/es\/crypto\/signature-chain\/google-pay\/\" \/>\n<meta property=\"og:site_name\" content=\"Allin1Bitcoins\" \/>\n<meta property=\"article:modified_time\" content=\"2023-02-05T07:16:34+00:00\" \/>\n<meta property=\"og:image\" content=\"https:\/\/allin1bitcoins.com\/wp-content\/uploads\/2023\/01\/pexels-freemockupsorg-833337.jpg\" \/>\n\t<meta property=\"og:image:width\" content=\"1280\" \/>\n\t<meta property=\"og:image:height\" content=\"960\" \/>\n\t<meta property=\"og:image:type\" content=\"image\/jpeg\" \/>\n<meta name=\"twitter:card\" content=\"summary_large_image\" \/>\n<meta name=\"twitter:label1\" content=\"Est. reading time\" \/>\n\t<meta name=\"twitter:data1\" content=\"4 minutes\" \/>\n<!-- \/ Yoast SEO plugin. -->","yoast_head_json":{"title":"C\u00f3mo Comprar Signature Chain (SIGN) Con Google Pay","description":"Encuentra una casa de cambio de criptomonedas que admita la moneda SIGN y los pagos con Google Pay si desea comprarla con Google Pay","robots":{"index":"index","follow":"follow","max-snippet":"max-snippet:-1","max-image-preview":"max-image-preview:large","max-video-preview":"max-video-preview:-1"},"canonical":"https:\/\/allin1bitcoins.com\/es\/crypto\/signature-chain\/google-pay\/","og_locale":"es_ES","og_type":"article","og_title":"C\u00f3mo Comprar Signature Chain (SIGN) Con Google Pay","og_description":"Encuentra una casa de cambio de criptomonedas que admita la moneda SIGN y los pagos con Google Pay si desea comprarla con Google Pay","og_url":"https:\/\/allin1bitcoins.com\/es\/crypto\/signature-chain\/google-pay\/","og_site_name":"Allin1Bitcoins","article_modified_time":"2023-02-05T07:16:34+00:00","og_image":[{"width":1280,"height":960,"url":"https:\/\/allin1bitcoins.com\/wp-content\/uploads\/2023\/01\/pexels-freemockupsorg-833337.jpg","type":"image\/jpeg"}],"twitter_card":"summary_large_image","twitter_misc":{"Est. reading time":"4 minutes"},"schema":{"@context":"https:\/\/schema.org","@graph":[{"@type":"WebPage","@id":"https:\/\/allin1bitcoins.com\/es\/crypto\/signature-chain\/google-pay\/","url":"https:\/\/allin1bitcoins.com\/es\/crypto\/signature-chain\/google-pay\/","name":"C\u00f3mo Comprar Signature Chain (SIGN) Con Google Pay","isPartOf":{"@id":"https:\/\/allin1bitcoins.com\/es\/#website"},"datePublished":"2023-02-05T07:15:49+00:00","dateModified":"2023-02-05T07:16:34+00:00","description":"Encuentra una casa de cambio de criptomonedas que admita la moneda SIGN y los pagos con Google Pay si desea comprarla con Google Pay","breadcrumb":{"@id":"https:\/\/allin1bitcoins.com\/es\/crypto\/signature-chain\/google-pay\/#breadcrumb"},"inLanguage":"es","potentialAction":[{"@type":"ReadAction","target":["https:\/\/allin1bitcoins.com\/es\/crypto\/signature-chain\/google-pay\/"]}]},{"@type":"BreadcrumbList","@id":"https:\/\/allin1bitcoins.com\/es\/crypto\/signature-chain\/google-pay\/#breadcrumb","itemListElement":[{"@type":"ListItem","position":1,"name":"Home","item":"https:\/\/allin1bitcoins.com\/es\/"},{"@type":"ListItem","position":2,"name":"Cripto","item":"https:\/\/allin1bitcoins.com\/es\/crypto\/"},{"@type":"ListItem","position":3,"name":"C\u00f3mo Comprar Signature Chain (SIGN) | Gu\u00eda Detallada (2023)","item":"https:\/\/allin1bitcoins.com\/es\/crypto\/signature-chain\/"},{"@type":"ListItem","position":4,"name":"C\u00f3mo Comprar Signature Chain (SIGN) Con Google Pay"}]},{"@type":"WebSite","@id":"https:\/\/allin1bitcoins.com\/es\/#website","url":"https:\/\/allin1bitcoins.com\/es\/","name":"Allin1Bitcoins","description":"","publisher":{"@id":"https:\/\/allin1bitcoins.com\/es\/#organization"},"potentialAction":[{"@type":"SearchAction","target":{"@type":"EntryPoint","urlTemplate":"https:\/\/allin1bitcoins.com\/es\/?s={search_term_string}"},"query-input":"required name=search_term_string"}],"inLanguage":"es"},{"@type":"Organization","@id":"https:\/\/allin1bitcoins.com\/es\/#organization","name":"allin1bitcoins","url":"https:\/\/allin1bitcoins.com\/es\/","logo":{"@type":"ImageObject","inLanguage":"es","@id":"https:\/\/allin1bitcoins.com\/es\/#\/schema\/logo\/image\/","url":"https:\/\/allin1bitcoins.com\/wp-content\/uploads\/2019\/01\/logo-new.png","contentUrl":"https:\/\/allin1bitcoins.com\/wp-content\/uploads\/2019\/01\/logo-new.png","width":178,"height":71,"caption":"allin1bitcoins"},"image":{"@id":"https:\/\/allin1bitcoins.com\/es\/#\/schema\/logo\/image\/"}}]}},"_links":{"self":[{"href":"https:\/\/allin1bitcoins.com\/es\/wp-json\/wp\/v2\/pages\/20394"}],"collection":[{"href":"https:\/\/allin1bitcoins.com\/es\/wp-json\/wp\/v2\/pages"}],"about":[{"href":"https:\/\/allin1bitcoins.com\/es\/wp-json\/wp\/v2\/types\/page"}],"author":[{"embeddable":true,"href":"https:\/\/allin1bitcoins.com\/es\/wp-json\/wp\/v2\/users\/5"}],"replies":[{"embeddable":true,"href":"https:\/\/allin1bitcoins.com\/es\/wp-json\/wp\/v2\/comments?post=20394"}],"version-history":[{"count":2,"href":"https:\/\/allin1bitcoins.com\/es\/wp-json\/wp\/v2\/pages\/20394\/revisions"}],"predecessor-version":[{"id":20397,"href":"https:\/\/allin1bitcoins.com\/es\/wp-json\/wp\/v2\/pages\/20394\/revisions\/20397"}],"up":[{"embeddable":true,"href":"https:\/\/allin1bitcoins.com\/es\/wp-json\/wp\/v2\/pages\/20230"}],"wp:featuredmedia":[{"embeddable":true,"href":"https:\/\/allin1bitcoins.com\/es\/wp-json\/wp\/v2\/media\/14437"}],"wp:attachment":[{"href":"https:\/\/allin1bitcoins.com\/es\/wp-json\/wp\/v2\/media?parent=20394"}],"curies":[{"name":"wp","href":"https:\/\/api.w.org\/{rel}","templated":true}]}}