{"id":20407,"date":"2023-02-05T08:20:10","date_gmt":"2023-02-05T08:20:10","guid":{"rendered":"https:\/\/allin1bitcoins.com\/?page_id=20407"},"modified":"2023-02-05T10:53:31","modified_gmt":"2023-02-05T10:53:31","slug":"venmo","status":"publish","type":"page","link":"https:\/\/allin1bitcoins.com\/es\/crypto\/signature-chain\/venmo\/","title":{"rendered":"C\u00f3mo Comprar La Moneda Signature Chain (SIGN) Con Venmo"},"content":{"rendered":"\n<p>Si desea comprar la moneda Signature Chain con Venmo, lo primero que debe hacer es encontrar una plataforma de intercambio o corredor de criptomonedas que admita la moneda y permita pagos con Venmo. Algunas plataformas populares que permiten comprar la moneda Signature Chain con Venmo incluyen Coinbase, Paxful y eToro. Una vez que haya encontrado una plataforma que admita la moneda Signature Chain y acepte Venmo, puede crear una cuenta, verificar su identidad y vincular su cuenta de Venmo a su cuenta. Despu\u00e9s de establecer su cuenta, puede buscar la moneda Signature Chain y realizar una orden para comprarla usando su saldo de Venmo o su cuenta bancaria vinculada.<\/p>\n\n\n\n<h2 class=\"wp-block-heading\">Resumen de la moneda Signature Chain<\/h2>\n\n\n\n<p>Signature Chain es una plataforma descentralizada que permite a los usuarios crear y verificar firmas digitales en la blockchain. Est\u00e1 dise\u00f1ada para proporcionar una forma segura, transparente e inmutable de firmar y verificar documentos, contratos y otra informaci\u00f3n importante. La red de Signature Chain est\u00e1 alimentada por una criptomoneda nativa llamada SIGN, que se utiliza para incentivar y recompensar a los usuarios que contribuyen a la red.<\/p>\n\n\n\n<h2 class=\"wp-block-heading\">Por qu\u00e9 le gustar\u00eda comprar la moneda Signature Chain con Venmo<\/h2>\n\n\n\n<p>Hay varias razones por las que puede querer comprar la moneda Signature Chain con Venmo. En primer lugar, es conveniente. Venmo es una plataforma de pago en l\u00ednea ampliamente aceptada y confiable, y puede comprar SIGN con solo unos pocos clics desde la comodidad de su hogar.<\/p>\n\n\n\n<p>En segundo lugar, comprar SIGN con Venmo le brinda una forma de participar en la red Signature Chain y apoyar su crecimiento y desarrollo. Al tener SIGN, puede convertirse en un accionista de la red y potencialmente obtener recompensas por su contribuci\u00f3n a la red.<\/p>\n\n\n\n<h2 class=\"wp-block-heading\">Tutorial paso a paso sobre c\u00f3mo comprar la moneda Signature Chain con Venmo<\/h2>\n\n\n\n<p><strong>Aqu\u00ed hay un tutorial paso a paso sobre c\u00f3mo comprar la moneda Signature Chain con Venmo:<\/strong><\/p>\n\n\n\n<ol><li>Encuentra una plataforma de criptomonedas o corredor que respalde SIGN y acepte pagos de Venmo. Como se mencion\u00f3 anteriormente, algunas plataformas populares que permiten comprar SIGN con Venmo incluyen Coinbase, Paxful y eToro. Haz tus investigaciones y compara las tarifas, la reputaci\u00f3n y la seguridad de las diferentes plataformas antes de elegir una.<br><br><\/li><li>Crea una cuenta en la plataforma. Siga las instrucciones en el sitio web de la plataforma para crear una cuenta y verificar su identidad. Este proceso suele involucrar proporcionar alguna informaci\u00f3n personal y cargar una identificaci\u00f3n emitida por el gobierno.<br><br><\/li><li>Vincula tu cuenta de Venmo a tu cuenta. Despu\u00e9s de que su cuenta sea verificada, necesitar\u00e1 vincular su cuenta de Venmo para poder comprar SIGN. La mayor\u00eda de las plataformas permiten hacer esto a trav\u00e9s de su sitio web o aplicaci\u00f3n m\u00f3vil.<br><br><\/li><li>Busca SIGN y haz una orden. Una vez que su cuenta de Venmo est\u00e9 vinculada a su cuenta, puede buscar SIGN en la plataforma de trading de la plataforma. Luego, puede hacer una orden para comprar SIGN usando su saldo de Venmo o cuenta bancaria vinculada.<br><br><\/li><li>Retira tus SIGN a una billetera segura. Despu\u00e9s de que se complete su orden, su SIGN ser\u00e1 acreditado a su cuenta. Se recomienda retirar su SIGN a una billetera segura, como una billetera de hardware, para proteger sus monedas de ataques cibern\u00e9ticos y otros peligros.<\/li><\/ol>\n\n\n\n<figure class=\"wp-block-embed is-type-video is-provider-youtube wp-block-embed-youtube wp-embed-aspect-16-9 wp-has-aspect-ratio\"><div class=\"wp-block-embed__wrapper\">\n<iframe title=\"How to Buy Crypto on Venmo\" width=\"800\" height=\"450\" src=\"https:\/\/www.youtube.com\/embed\/PAMZgoY1eu4?feature=oembed\" frameborder=\"0\" allow=\"accelerometer; autoplay; clipboard-write; encrypted-media; gyroscope; picture-in-picture; web-share\" allowfullscreen><\/iframe>\n<\/div><\/figure>\n\n\n\n<h2 class=\"wp-block-heading\">Desventajas de comprar Signature Chain (SIGN) con Venmo<\/h2>\n\n\n\n<p>Hay algunas desventajas en la compra de la moneda Signature Chain con Venmo que debes conocer. Primero, la compra de SIGN con Venmo puede no estar disponible en todas las plataformas. Algunas exchanges y corredores pueden no aceptar pagos con Venmo, o solo ofrecerlo como una promoci\u00f3n por tiempo limitado. Esto puede limitar tus opciones y hacer m\u00e1s dif\u00edcil encontrar una plataforma que se adapte a tus necesidades.<\/p>\n\n\n\n<p>En segundo lugar, la compra de SIGN con Venmo puede estar sujeta a tarifas m\u00e1s altas en comparaci\u00f3n con otros m\u00e9todos de pago, como transferencias bancarias. Esto se debe a que Venmo cobra a los comerciantes un porcentaje del valor de la transacci\u00f3n como tarifa por procesar el pago. Estas tarifas pueden ser trasladadas a ti como comprador en forma de precios m\u00e1s altos o tarifas adicionales.<\/p>\n\n\n\n<p>Finalmente, la compra de SIGN con Venmo puede no ser una buena opci\u00f3n si tienes preocupaciones sobre la privacidad. Las transacciones de Venmo suelen estar vinculadas a tu identidad personal y pueden rastrearse hasta ti. Si valoras tu privacidad y deseas mantener un alto nivel de anonimato al comprar SIGN, es posible que desees considerar otro m\u00e9todo de pago, como efectivo o una tarjeta de d\u00e9bito.<\/p>\n\n\n\n<h2 class=\"wp-block-heading\">Conclusi\u00f3n<\/h2>\n\n\n\n<p>En conclusi\u00f3n, la compra de Signature Chain con Venmo es una forma conveniente y r\u00e1pida de comenzar con la moneda, pero tambi\u00e9n tiene algunos riesgos y desventajas. Si decides comprar SIGN con Venmo, es importante hacer tu investigaci\u00f3n, comparar tarifas y entender los riesgos y limitaciones de usar la plataforma. Con una debida diligencia adecuada, la compra de SIGN con Venmo puede ser una forma conveniente y potencialmente gratificante de participar en la red de Signature Chain.<\/p>\n\n\n\n<!-- Page-list plugin v.5.9 wordpress.org\/plugins\/page-list\/ -->\n<ul class=\"page-list siblings-page-list \">\n<li class=\"page_item page-item-20374\"><a href=\"https:\/\/allin1bitcoins.com\/es\/crypto\/signature-chain\/paypal\/\">C\u00f3mo Comprar La Moneda Signature Chain (SIGN) Con PayPal<\/a><\/li>\n<li class=\"page_item page-item-20407\"><a href=\"https:\/\/allin1bitcoins.com\/es\/crypto\/signature-chain\/venmo\/\">C\u00f3mo Comprar La Moneda Signature Chain (SIGN) Con Venmo<\/a><\/li>\n<li class=\"page_item page-item-20483\"><a href=\"https:\/\/allin1bitcoins.com\/es\/crypto\/signature-chain\/ireland\/\">C\u00f3mo Comprar La Moneda Signature Chain (SIGN) En Irlanda<\/a><\/li>\n<li class=\"page_item page-item-20430\"><a href=\"https:\/\/allin1bitcoins.com\/es\/crypto\/signature-chain\/netherlands\/\">C\u00f3mo Comprar La Moneda Signature Chain (SIGN) En Los Pa\u00edses Bajos<\/a><\/li>\n<li class=\"page_item page-item-20394\"><a href=\"https:\/\/allin1bitcoins.com\/es\/crypto\/signature-chain\/google-pay\/\">C\u00f3mo Comprar Signature Chain (SIGN) Con Google Pay<\/a><\/li>\n<li class=\"page_item page-item-20364\"><a href=\"https:\/\/allin1bitcoins.com\/es\/crypto\/signature-chain\/credit-card\/\">C\u00f3mo Comprar Signature Chain (SIGN) Con Una Tarjeta De Cr\u00e9dito<\/a><\/li>\n<li class=\"page_item page-item-20415\"><a href=\"https:\/\/allin1bitcoins.com\/es\/crypto\/signature-chain\/germany\/\">C\u00f3mo Comprar Signature Chain (SIGN) En Alemania<\/a><\/li>\n<li class=\"page_item page-item-20491\"><a href=\"https:\/\/allin1bitcoins.com\/es\/crypto\/signature-chain\/denmark\/\">C\u00f3mo comprar Signature Chain (SIGN) en Dinamarca<\/a><\/li>\n\n<\/ul>\n","protected":false},"excerpt":{"rendered":"<p>Si desea comprar la moneda Signature Chain con Venmo, lo primero que debe hacer es encontrar una plataforma de intercambio o corredor de criptomonedas que admita la moneda y permita pagos con Venmo. Algunas plataformas populares que permiten comprar la moneda Signature Chain con Venmo incluyen Coinbase, Paxful y eToro. Una vez que haya encontrado&#8230;<\/p>\n","protected":false},"author":5,"featured_media":12424,"parent":20230,"menu_order":0,"comment_status":"closed","ping_status":"closed","template":"","meta":{"cybocfi_hide_featured_image":"","footnotes":""},"acf":[],"yoast_head":"<!-- This site is optimized with the Yoast SEO plugin v21.7 - https:\/\/yoast.com\/wordpress\/plugins\/seo\/ -->\n<title>C\u00f3mo Comprar La Moneda Signature Chain (SIGN) Con Venmo<\/title>\n<meta name=\"description\" content=\"Lo primero que necesitas hacer es encontrar una casa de cambio o corredor de criptomonedas que admita la moneda y permita pagos con Venmo.\" \/>\n<meta name=\"robots\" content=\"index, follow, max-snippet:-1, max-image-preview:large, max-video-preview:-1\" \/>\n<link rel=\"canonical\" href=\"https:\/\/allin1bitcoins.com\/es\/crypto\/signature-chain\/venmo\/\" \/>\n<meta property=\"og:locale\" content=\"es_ES\" \/>\n<meta property=\"og:type\" content=\"article\" \/>\n<meta property=\"og:title\" content=\"C\u00f3mo Comprar La Moneda Signature Chain (SIGN) Con Venmo\" \/>\n<meta property=\"og:description\" content=\"Lo primero que necesitas hacer es encontrar una casa de cambio o corredor de criptomonedas que admita la moneda y permita pagos con Venmo.\" \/>\n<meta property=\"og:url\" content=\"https:\/\/allin1bitcoins.com\/es\/crypto\/signature-chain\/venmo\/\" \/>\n<meta property=\"og:site_name\" content=\"Allin1Bitcoins\" \/>\n<meta property=\"article:modified_time\" content=\"2023-02-05T10:53:31+00:00\" \/>\n<meta property=\"og:image\" content=\"https:\/\/allin1bitcoins.com\/wp-content\/uploads\/2022\/12\/tech-daily-nExZ4CoZbR4-unsplash.jpg\" \/>\n\t<meta property=\"og:image:width\" content=\"1920\" \/>\n\t<meta property=\"og:image:height\" content=\"1280\" \/>\n\t<meta property=\"og:image:type\" content=\"image\/jpeg\" \/>\n<meta name=\"twitter:card\" content=\"summary_large_image\" \/>\n<meta name=\"twitter:label1\" content=\"Est. reading time\" \/>\n\t<meta name=\"twitter:data1\" content=\"4 minutes\" \/>\n<!-- \/ Yoast SEO plugin. -->","yoast_head_json":{"title":"C\u00f3mo Comprar La Moneda Signature Chain (SIGN) Con Venmo","description":"Lo primero que necesitas hacer es encontrar una casa de cambio o corredor de criptomonedas que admita la moneda y permita pagos con Venmo.","robots":{"index":"index","follow":"follow","max-snippet":"max-snippet:-1","max-image-preview":"max-image-preview:large","max-video-preview":"max-video-preview:-1"},"canonical":"https:\/\/allin1bitcoins.com\/es\/crypto\/signature-chain\/venmo\/","og_locale":"es_ES","og_type":"article","og_title":"C\u00f3mo Comprar La Moneda Signature Chain (SIGN) Con Venmo","og_description":"Lo primero que necesitas hacer es encontrar una casa de cambio o corredor de criptomonedas que admita la moneda y permita pagos con Venmo.","og_url":"https:\/\/allin1bitcoins.com\/es\/crypto\/signature-chain\/venmo\/","og_site_name":"Allin1Bitcoins","article_modified_time":"2023-02-05T10:53:31+00:00","og_image":[{"width":1920,"height":1280,"url":"https:\/\/allin1bitcoins.com\/wp-content\/uploads\/2022\/12\/tech-daily-nExZ4CoZbR4-unsplash.jpg","type":"image\/jpeg"}],"twitter_card":"summary_large_image","twitter_misc":{"Est. reading time":"4 minutes"},"schema":{"@context":"https:\/\/schema.org","@graph":[{"@type":"WebPage","@id":"https:\/\/allin1bitcoins.com\/es\/crypto\/signature-chain\/venmo\/","url":"https:\/\/allin1bitcoins.com\/es\/crypto\/signature-chain\/venmo\/","name":"C\u00f3mo Comprar La Moneda Signature Chain (SIGN) Con Venmo","isPartOf":{"@id":"https:\/\/allin1bitcoins.com\/es\/#website"},"datePublished":"2023-02-05T08:20:10+00:00","dateModified":"2023-02-05T10:53:31+00:00","description":"Lo primero que necesitas hacer es encontrar una casa de cambio o corredor de criptomonedas que admita la moneda y permita pagos con Venmo.","breadcrumb":{"@id":"https:\/\/allin1bitcoins.com\/es\/crypto\/signature-chain\/venmo\/#breadcrumb"},"inLanguage":"es","potentialAction":[{"@type":"ReadAction","target":["https:\/\/allin1bitcoins.com\/es\/crypto\/signature-chain\/venmo\/"]}]},{"@type":"BreadcrumbList","@id":"https:\/\/allin1bitcoins.com\/es\/crypto\/signature-chain\/venmo\/#breadcrumb","itemListElement":[{"@type":"ListItem","position":1,"name":"Home","item":"https:\/\/allin1bitcoins.com\/es\/"},{"@type":"ListItem","position":2,"name":"Cripto","item":"https:\/\/allin1bitcoins.com\/es\/crypto\/"},{"@type":"ListItem","position":3,"name":"C\u00f3mo Comprar Signature Chain (SIGN) | Gu\u00eda Detallada (2023)","item":"https:\/\/allin1bitcoins.com\/es\/crypto\/signature-chain\/"},{"@type":"ListItem","position":4,"name":"C\u00f3mo Comprar La Moneda Signature Chain (SIGN) Con Venmo"}]},{"@type":"WebSite","@id":"https:\/\/allin1bitcoins.com\/es\/#website","url":"https:\/\/allin1bitcoins.com\/es\/","name":"Allin1Bitcoins","description":"","publisher":{"@id":"https:\/\/allin1bitcoins.com\/es\/#organization"},"potentialAction":[{"@type":"SearchAction","target":{"@type":"EntryPoint","urlTemplate":"https:\/\/allin1bitcoins.com\/es\/?s={search_term_string}"},"query-input":"required name=search_term_string"}],"inLanguage":"es"},{"@type":"Organization","@id":"https:\/\/allin1bitcoins.com\/es\/#organization","name":"allin1bitcoins","url":"https:\/\/allin1bitcoins.com\/es\/","logo":{"@type":"ImageObject","inLanguage":"es","@id":"https:\/\/allin1bitcoins.com\/es\/#\/schema\/logo\/image\/","url":"https:\/\/allin1bitcoins.com\/wp-content\/uploads\/2019\/01\/logo-new.png","contentUrl":"https:\/\/allin1bitcoins.com\/wp-content\/uploads\/2019\/01\/logo-new.png","width":178,"height":71,"caption":"allin1bitcoins"},"image":{"@id":"https:\/\/allin1bitcoins.com\/es\/#\/schema\/logo\/image\/"}}]}},"_links":{"self":[{"href":"https:\/\/allin1bitcoins.com\/es\/wp-json\/wp\/v2\/pages\/20407"}],"collection":[{"href":"https:\/\/allin1bitcoins.com\/es\/wp-json\/wp\/v2\/pages"}],"about":[{"href":"https:\/\/allin1bitcoins.com\/es\/wp-json\/wp\/v2\/types\/page"}],"author":[{"embeddable":true,"href":"https:\/\/allin1bitcoins.com\/es\/wp-json\/wp\/v2\/users\/5"}],"replies":[{"embeddable":true,"href":"https:\/\/allin1bitcoins.com\/es\/wp-json\/wp\/v2\/comments?post=20407"}],"version-history":[{"count":2,"href":"https:\/\/allin1bitcoins.com\/es\/wp-json\/wp\/v2\/pages\/20407\/revisions"}],"predecessor-version":[{"id":20456,"href":"https:\/\/allin1bitcoins.com\/es\/wp-json\/wp\/v2\/pages\/20407\/revisions\/20456"}],"up":[{"embeddable":true,"href":"https:\/\/allin1bitcoins.com\/es\/wp-json\/wp\/v2\/pages\/20230"}],"wp:featuredmedia":[{"embeddable":true,"href":"https:\/\/allin1bitcoins.com\/es\/wp-json\/wp\/v2\/media\/12424"}],"wp:attachment":[{"href":"https:\/\/allin1bitcoins.com\/es\/wp-json\/wp\/v2\/media?parent=20407"}],"curies":[{"name":"wp","href":"https:\/\/api.w.org\/{rel}","templated":true}]}}