{"id":20509,"date":"2023-02-06T06:42:14","date_gmt":"2023-02-06T06:42:14","guid":{"rendered":"https:\/\/allin1bitcoins.com\/?page_id=20509"},"modified":"2023-02-06T06:42:16","modified_gmt":"2023-02-06T06:42:16","slug":"wrapped-ncg","status":"publish","type":"page","link":"https:\/\/allin1bitcoins.com\/es\/crypto\/wrapped-ncg\/","title":{"rendered":"C\u00f3mo Comprar Wrapped NCG (WNCG) &#8211; Gu\u00eda Paso a Paso 2023"},"content":{"rendered":"\n<h2 class=\"wp-block-heading\">Comprando Wrapped NCG Coin<\/h2>\n\n\n\n<p>La compra de Wrapped NCG Coin es un proceso bastante sencillo e incomplicado. Debes crear una cuenta en un intercambio de criptomonedas que permita el comercio de Wrapped NCG Coin para poder comprar Wrapped NCG Coin. Despu\u00e9s de crear una cuenta, puedes agregar dinero de varias maneras, incluyendo transferencia bancaria, tarjeta de cr\u00e9dito o tarjeta de d\u00e9bito. Luego, puedes buscar Wrapped NCG Coin en el intercambio y realizar una orden para comprarlo a la tasa vigente despu\u00e9s de que se haya pagado tu cuenta.<\/p>\n\n\n\n<h2 class=\"wp-block-heading\">Presentado NCG Coin en envoltorio<\/h2>\n\n\n\n<p>Una especie de criptomoneda basada en la cadena de bloques Ethereum se llama Wrapped NCG Coin. Fue desarrollado para permitir que NGC Coin, una criptomoneda conocida en el sector de los juegos, funcione en la cadena de bloques Ethereum. Wrapped NCG Coin permite a los usuarios usar NGC Coin en aplicaciones descentralizadas (DApps) en la red Ethereum y mover valor entre ambas plataformas sin problemas.<\/p>\n\n\n\n<h2 class=\"wp-block-heading\">Visi\u00f3n general del procedimiento de compra para monedas NCG en envoltorios<\/h2>\n\n\n\n<p><strong>Los pasos involucrados en la compra de Wrapped NCG Coin son los mismos que los involucrados en la compra de cualquier otra criptomoneda. Las acciones que debes tomar se resumen a continuaci\u00f3n:<\/strong><\/p>\n\n\n\n<ul><li>Crea una cuenta de comercio en una plataforma de criptomonedas que acepte Wrapped NCG Coin. Las principales plataformas Binance, Kraken y Bitfinex todas soportan Wrapped NCG Coin.<br><br><\/li><li>Usa un medio como una transferencia bancaria, tarjeta de cr\u00e9dito o tarjeta de d\u00e9bito para agregar dinero a tu cuenta.<br><br><\/li><li>En la plataforma, busca Wrapped NCG Coin y haz una orden para comprarlo a la tasa actual.<br><br><\/li><li>Espera la cumplimiento de tu orden y la acreditaci\u00f3n de Wrapped NCG Coin a tu cuenta.<\/li><\/ul>\n\n\n\n<h2 class=\"wp-block-heading\">C\u00f3mo comprar un Wrapped NCG Coin<\/h2>\n\n\n\n<p><strong>Lo siguiente es una gu\u00eda paso a paso m\u00e1s detallada sobre c\u00f3mo comprar wrapped NCG coin:<\/strong><\/p>\n\n\n\n<ol><li>Crea una cuenta de comercio en una exchange de criptomonedas que acepte Wrapped NCG Coin. Tendr\u00e1s que completar alguna informaci\u00f3n personal y pasar por un proceso de verificaci\u00f3n para lograrlo y demostrar que eres un usuario autorizado. Debes agregar dinero a tu cuenta despu\u00e9s de ser creada para poder comprar Wrapped NCG Coin.<br><br><\/li><li>Para hacer esto, debes navegar a la secci\u00f3n &#8220;Dep\u00f3sito&#8221; o &#8220;Fondos&#8221; de la exchange y elegir el m\u00e9todo de financiamiento de tu cuenta. Es posible que puedas hacerlo a trav\u00e9s de una transferencia bancaria, una tarjeta de cr\u00e9dito o una tarjeta de d\u00e9bito.<br><br><\/li><li>Luego, puedes buscar Wrapped NCG Coin en la exchange despu\u00e9s de que tu cuenta est\u00e9 financiada. Normalmente, puedes encontrar Wrapped NCG Coin listado entre las criptomonedas disponibles ingresando &#8220;Wrapped NCG Coin&#8221; en la caja de b\u00fasqueda o visitando la secci\u00f3n &#8220;Mercados&#8221; o &#8220;Intercambio&#8221; de la exchange.<br><br><\/li><li>Luego, puedes realizar un pedido para comprar Wrapped NCG Coin a la tasa actual despu\u00e9s de haberlo descubierto en la exchange. Para lograr esto, navega a la secci\u00f3n &#8220;Comprar&#8221; o &#8220;Comercio&#8221; de la exchange e ingresa la cantidad de Wrapped NCG Coin que deseas comprar junto con el precio de compra deseado.<br><br><\/li><li>Puedes colocar un pedido de &#8220;l\u00edmite&#8221;, que solo comprar\u00e1 Wrapped NCG Coin si el precio baja por debajo de un nivel espec\u00edfico, o un pedido de &#8220;mercado&#8221;, que comprar\u00e1 Wrapped NCG Coin a la tasa del mercado actual.<br><br><\/li><li>Tendr\u00e1s que esperar que se complete tu pedido despu\u00e9s de realizarlo. Dependiendo de la demanda de Wrapped NCG Coin en el momento en que hiciste tu pedido, esto puede llevar un corto tiempo o m\u00e1s.<br><br><\/li><li>Wrapped NCG Coin ser\u00e1 acreditado en tu cuenta de exchange una vez que se haya cumplido tu pedido. Ahora puedes elegir retirar Wrapped NCG Coin a una billetera personal para mayor seguridad o mantenerlo en tu cuenta de exchange como inversi\u00f3n.<\/li><\/ol>\n\n\n\n<figure class=\"wp-block-embed is-type-video is-provider-youtube wp-block-embed-youtube wp-embed-aspect-16-9 wp-has-aspect-ratio\"><div class=\"wp-block-embed__wrapper\">\n<iframe title=\"Wrapped NCG (WNCG)\" width=\"800\" height=\"450\" src=\"https:\/\/www.youtube.com\/embed\/MwLY1xeV2i8?feature=oembed\" frameborder=\"0\" allow=\"accelerometer; autoplay; clipboard-write; encrypted-media; gyroscope; picture-in-picture; web-share\" allowfullscreen><\/iframe>\n<\/div><\/figure>\n\n\n\n<h2 class=\"wp-block-heading\">Beneficios de Comprar Monedas NGC en Wraps<\/h2>\n\n\n\n<p><strong>La compra de Wrapped NCG Coin tiene las siguientes ventajas:<\/strong><\/p>\n\n\n\n<p>Los usuarios pueden mover f\u00e1cilmente el dinero entre la cadena de bloques Ethereum y la plataforma NGC Coin gracias a Wrapped NCG Coin. Para los usuarios que quieren utilizar NGC Coin en aplicaciones descentralizadas en la red Ethereum, esto lo hace la criptomoneda perfecta.<\/p>\n\n\n\n<p>Como stablecoin anclada al valor de otro activo, Wrapped NGC Coin. En este caso, Wrapped NGC Coin est\u00e1 emparejada con el valor de NGC Coin. Debido a esto, Wrapped NCG Coin puede ser menos vol\u00e1til que otras criptomonedas, lo que puede ser atractivo para los inversores que evitan los riesgos.<\/p>\n\n\n\n<p>Wrapped NCG Coin tiene aplicaciones pr\u00e1cticas en el sector de los juegos, lo que puede hacerlo una inversi\u00f3n deseable para los jugadores o aquellos interesados en el sector.<\/p>\n\n\n\n<h2 class=\"wp-block-heading\">Conclusi\u00f3n<\/h2>\n\n\n\n<p>En resumen, la compra de Wrapped NCG Coin es un proceso bastante f\u00e1cil que implica la creaci\u00f3n de una cuenta en un intercambio de criptomonedas, su financiaci\u00f3n con dinero y luego la colocaci\u00f3n de una orden para comprar Wrapped NCG Coin a la tasa actual. Wrapped NCG Coin tiene una serie de ventajas, incluyendo su aplicaci\u00f3n en la industria de los juegos y la capacidad para transferir valor entre la plataforma NGC Coin y la red Ethereum. Si est\u00e1 interesado en comprar Wrapped NCG Coin, aseg\u00farese de realizar una investigaci\u00f3n exhaustiva tanto en el intercambio como en la criptomoneda.<\/p>\n\n\n\n<!-- Page-list plugin v.5.9 wordpress.org\/plugins\/page-list\/ -->\n<ul class=\"page-list subpages-page-list \">\n<li class=\"page_item page-item-20717\"><a href=\"https:\/\/allin1bitcoins.com\/es\/crypto\/wrapped-ncg\/debit-card\/\">C\u00f3mo Comprar Wrapped NCG (WNCG) Con Una Tarjeta De D\u00e9bito<\/a><\/li>\n<li class=\"page_item page-item-20573\"><a href=\"https:\/\/allin1bitcoins.com\/es\/crypto\/wrapped-ncg\/australia\/\">C\u00f3mo Comprar Wrapped NCG (WNCG) En Australia<\/a><\/li>\n<li class=\"page_item page-item-20562\"><a href=\"https:\/\/allin1bitcoins.com\/es\/crypto\/wrapped-ncg\/canada\/\">C\u00f3mo Comprar Wrapped NCG (WNCG) En Canad\u00e1<\/a><\/li>\n<li class=\"page_item page-item-20552\"><a href=\"https:\/\/allin1bitcoins.com\/es\/crypto\/wrapped-ncg\/united-kingdom\/\">C\u00f3mo Comprar Wrapped NCG (WNCG) En El Reino Unido<\/a><\/li>\n<li class=\"page_item page-item-20596\"><a href=\"https:\/\/allin1bitcoins.com\/es\/crypto\/wrapped-ncg\/united-states\/\">C\u00f3mo Comprar Wrapped NCG (WNCG) En Los Estados Unidos<\/a><\/li>\n<li class=\"page_item page-item-20608\"><a href=\"https:\/\/allin1bitcoins.com\/es\/crypto\/wrapped-ncg\/paypal\/\">C\u00f3mo Comprar Wrapped-NCG (WNCG) Con PayPal<\/a><\/li>\n<li class=\"page_item page-item-20735\"><a href=\"https:\/\/allin1bitcoins.com\/es\/crypto\/wrapped-ncg\/bank-account\/\">C\u00f3mo Comprar Wrapped-NCG (WNCG) Con Una Cuenta Bancaria<\/a><\/li>\n<li class=\"page_item page-item-20684\"><a href=\"https:\/\/allin1bitcoins.com\/es\/crypto\/wrapped-ncg\/credit-card\/\">C\u00f3mo Comprar Wrapped-NCG (WNCG) Con Una Tarjeta De Cr\u00e9dito<\/a><\/li>\n\n<\/ul>\n","protected":false},"excerpt":{"rendered":"<p>Comprando Wrapped NCG Coin La compra de Wrapped NCG Coin es un proceso bastante sencillo e incomplicado. Debes crear una cuenta en un intercambio de criptomonedas que permita el comercio de Wrapped NCG Coin para poder comprar Wrapped NCG Coin. Despu\u00e9s de crear una cuenta, puedes agregar dinero de varias maneras, incluyendo transferencia bancaria, tarjeta&#8230;<\/p>\n","protected":false},"author":5,"featured_media":15661,"parent":18924,"menu_order":0,"comment_status":"closed","ping_status":"closed","template":"","meta":{"cybocfi_hide_featured_image":"","footnotes":""},"acf":[],"yoast_head":"<!-- This site is optimized with the Yoast SEO plugin v21.7 - https:\/\/yoast.com\/wordpress\/plugins\/seo\/ -->\n<title>C\u00f3mo Comprar Wrapped NCG (WNCG) - Gu\u00eda Paso a Paso 2023 - Allin1Bitcoins<\/title>\n<meta name=\"description\" content=\"En resumen, comprar la moneda Wrapped NCG es un proceso bastante sencillo que implica crear una cuenta en una plataforma de criptomonedas.\" \/>\n<meta name=\"robots\" content=\"index, follow, max-snippet:-1, max-image-preview:large, max-video-preview:-1\" \/>\n<link rel=\"canonical\" href=\"https:\/\/allin1bitcoins.com\/es\/crypto\/wrapped-ncg\/\" \/>\n<meta property=\"og:locale\" content=\"es_ES\" \/>\n<meta property=\"og:type\" content=\"article\" \/>\n<meta property=\"og:title\" content=\"C\u00f3mo Comprar Wrapped NCG (WNCG) - Gu\u00eda Paso a Paso 2023 - Allin1Bitcoins\" \/>\n<meta property=\"og:description\" content=\"En resumen, comprar la moneda Wrapped NCG es un proceso bastante sencillo que implica crear una cuenta en una plataforma de criptomonedas.\" \/>\n<meta property=\"og:url\" content=\"https:\/\/allin1bitcoins.com\/es\/crypto\/wrapped-ncg\/\" \/>\n<meta property=\"og:site_name\" content=\"Allin1Bitcoins\" \/>\n<meta property=\"article:modified_time\" content=\"2023-02-06T06:42:16+00:00\" \/>\n<meta property=\"og:image\" content=\"https:\/\/allin1bitcoins.com\/wp-content\/uploads\/2023\/01\/marga-santoso-OmPqCwX422Y-unsplash.jpg\" \/>\n\t<meta property=\"og:image:width\" content=\"1920\" \/>\n\t<meta property=\"og:image:height\" content=\"1280\" \/>\n\t<meta property=\"og:image:type\" content=\"image\/jpeg\" \/>\n<meta name=\"twitter:card\" content=\"summary_large_image\" \/>\n<meta name=\"twitter:label1\" content=\"Est. reading time\" \/>\n\t<meta name=\"twitter:data1\" content=\"4 minutes\" \/>\n<!-- \/ Yoast SEO plugin. -->","yoast_head_json":{"title":"C\u00f3mo Comprar Wrapped NCG (WNCG) - Gu\u00eda Paso a Paso 2023 - Allin1Bitcoins","description":"En resumen, comprar la moneda Wrapped NCG es un proceso bastante sencillo que implica crear una cuenta en una plataforma de criptomonedas.","robots":{"index":"index","follow":"follow","max-snippet":"max-snippet:-1","max-image-preview":"max-image-preview:large","max-video-preview":"max-video-preview:-1"},"canonical":"https:\/\/allin1bitcoins.com\/es\/crypto\/wrapped-ncg\/","og_locale":"es_ES","og_type":"article","og_title":"C\u00f3mo Comprar Wrapped NCG (WNCG) - Gu\u00eda Paso a Paso 2023 - Allin1Bitcoins","og_description":"En resumen, comprar la moneda Wrapped NCG es un proceso bastante sencillo que implica crear una cuenta en una plataforma de criptomonedas.","og_url":"https:\/\/allin1bitcoins.com\/es\/crypto\/wrapped-ncg\/","og_site_name":"Allin1Bitcoins","article_modified_time":"2023-02-06T06:42:16+00:00","og_image":[{"width":1920,"height":1280,"url":"https:\/\/allin1bitcoins.com\/wp-content\/uploads\/2023\/01\/marga-santoso-OmPqCwX422Y-unsplash.jpg","type":"image\/jpeg"}],"twitter_card":"summary_large_image","twitter_misc":{"Est. reading time":"4 minutes"},"schema":{"@context":"https:\/\/schema.org","@graph":[{"@type":"WebPage","@id":"https:\/\/allin1bitcoins.com\/es\/crypto\/wrapped-ncg\/","url":"https:\/\/allin1bitcoins.com\/es\/crypto\/wrapped-ncg\/","name":"C\u00f3mo Comprar Wrapped NCG (WNCG) - Gu\u00eda Paso a Paso 2023 - Allin1Bitcoins","isPartOf":{"@id":"https:\/\/allin1bitcoins.com\/es\/#website"},"datePublished":"2023-02-06T06:42:14+00:00","dateModified":"2023-02-06T06:42:16+00:00","description":"En resumen, comprar la moneda Wrapped NCG es un proceso bastante sencillo que implica crear una cuenta en una plataforma de criptomonedas.","breadcrumb":{"@id":"https:\/\/allin1bitcoins.com\/es\/crypto\/wrapped-ncg\/#breadcrumb"},"inLanguage":"es","potentialAction":[{"@type":"ReadAction","target":["https:\/\/allin1bitcoins.com\/es\/crypto\/wrapped-ncg\/"]}]},{"@type":"BreadcrumbList","@id":"https:\/\/allin1bitcoins.com\/es\/crypto\/wrapped-ncg\/#breadcrumb","itemListElement":[{"@type":"ListItem","position":1,"name":"Home","item":"https:\/\/allin1bitcoins.com\/es\/"},{"@type":"ListItem","position":2,"name":"Cripto","item":"https:\/\/allin1bitcoins.com\/es\/crypto\/"},{"@type":"ListItem","position":3,"name":"C\u00f3mo Comprar Wrapped NCG (WNCG) &#8211; Gu\u00eda Paso a Paso 2023"}]},{"@type":"WebSite","@id":"https:\/\/allin1bitcoins.com\/es\/#website","url":"https:\/\/allin1bitcoins.com\/es\/","name":"Allin1Bitcoins","description":"","publisher":{"@id":"https:\/\/allin1bitcoins.com\/es\/#organization"},"potentialAction":[{"@type":"SearchAction","target":{"@type":"EntryPoint","urlTemplate":"https:\/\/allin1bitcoins.com\/es\/?s={search_term_string}"},"query-input":"required name=search_term_string"}],"inLanguage":"es"},{"@type":"Organization","@id":"https:\/\/allin1bitcoins.com\/es\/#organization","name":"allin1bitcoins","url":"https:\/\/allin1bitcoins.com\/es\/","logo":{"@type":"ImageObject","inLanguage":"es","@id":"https:\/\/allin1bitcoins.com\/es\/#\/schema\/logo\/image\/","url":"https:\/\/allin1bitcoins.com\/wp-content\/uploads\/2019\/01\/logo-new.png","contentUrl":"https:\/\/allin1bitcoins.com\/wp-content\/uploads\/2019\/01\/logo-new.png","width":178,"height":71,"caption":"allin1bitcoins"},"image":{"@id":"https:\/\/allin1bitcoins.com\/es\/#\/schema\/logo\/image\/"}}]}},"_links":{"self":[{"href":"https:\/\/allin1bitcoins.com\/es\/wp-json\/wp\/v2\/pages\/20509"}],"collection":[{"href":"https:\/\/allin1bitcoins.com\/es\/wp-json\/wp\/v2\/pages"}],"about":[{"href":"https:\/\/allin1bitcoins.com\/es\/wp-json\/wp\/v2\/types\/page"}],"author":[{"embeddable":true,"href":"https:\/\/allin1bitcoins.com\/es\/wp-json\/wp\/v2\/users\/5"}],"replies":[{"embeddable":true,"href":"https:\/\/allin1bitcoins.com\/es\/wp-json\/wp\/v2\/comments?post=20509"}],"version-history":[{"count":1,"href":"https:\/\/allin1bitcoins.com\/es\/wp-json\/wp\/v2\/pages\/20509\/revisions"}],"predecessor-version":[{"id":20511,"href":"https:\/\/allin1bitcoins.com\/es\/wp-json\/wp\/v2\/pages\/20509\/revisions\/20511"}],"up":[{"embeddable":true,"href":"https:\/\/allin1bitcoins.com\/es\/wp-json\/wp\/v2\/pages\/18924"}],"wp:featuredmedia":[{"embeddable":true,"href":"https:\/\/allin1bitcoins.com\/es\/wp-json\/wp\/v2\/media\/15661"}],"wp:attachment":[{"href":"https:\/\/allin1bitcoins.com\/es\/wp-json\/wp\/v2\/media?parent=20509"}],"curies":[{"name":"wp","href":"https:\/\/api.w.org\/{rel}","templated":true}]}}