{"id":20552,"date":"2023-02-06T10:36:55","date_gmt":"2023-02-06T10:36:55","guid":{"rendered":"https:\/\/allin1bitcoins.com\/?page_id=20552"},"modified":"2023-02-06T10:37:00","modified_gmt":"2023-02-06T10:37:00","slug":"united-kingdom","status":"publish","type":"page","link":"https:\/\/allin1bitcoins.com\/es\/crypto\/wrapped-ncg\/united-kingdom\/","title":{"rendered":"C\u00f3mo Comprar Wrapped NCG (WNCG) En El Reino Unido"},"content":{"rendered":"\n<h2 class=\"wp-block-heading\">Ventajas de la compra de monedas NCG en Wraps<\/h2>\n\n\n\n<p>Estabilidad de valor: Wrapped ncg Coin es una stablecoin, lo que significa que su valor en relaci\u00f3n al d\u00f3lar estadounidense debe permanecer constante. Dado que es menos vol\u00e1til que otras criptomonedas, puede ser una opci\u00f3n viable para los inversores. Transacciones r\u00e1pidas y asequibles: Wrapped ncg Coin puede aprovechar las transacciones r\u00e1pidas y asequibles que son compatibles con la cadena de bloques Ethereum, ya que est\u00e1 desarrollado en la plataforma. Como resultado, es una opci\u00f3n viable para pagos, remesas y otras aplicaciones donde la eficiencia y la accesibilidad son cruciales. Aceptaci\u00f3n amplia: Wrapped ncg Coin es f\u00e1cilmente utilizable para muchos prop\u00f3sitos diferentes porque es ampliamente aceptado por una variedad de minoristas y servicios. Los titulares de Wrapped ncg Coins pueden experimentar una mayor tranquilidad gracias a la bien conocida seguridad de la cadena de bloques Ethereum.<\/p>\n\n\n\n<h2 class=\"wp-block-heading\">Gu\u00eda paso a paso para la compra de Wrapped NCG Coin en el Reino Unido<\/h2>\n\n\n\n<p><strong>El procedimiento es razonablemente sencillo si se encuentra en el Reino Unido y desea comprar Wrapped ncg coin. A continuaci\u00f3n se proporciona una explicaci\u00f3n detallada de c\u00f3mo hacerlo:<\/strong><\/p>\n\n\n\n<ol><li>Encuentra una plataforma de criptomonedas establecida que admita Wrapped NCG Coin y est\u00e9 basada en el Reino Unido. Coinbase, Binance y Kraken son tres opciones populares.<br><br><\/li><li>En la plataforma, reg\u00edstrate en una cuenta. Por lo general, esto requerir\u00e1 que confirmes tu identidad y proporciones alguna informaci\u00f3n personal.<br><br><\/li><li>Tu cuenta debe estar financiada. Puedes hacer esto transfiriendo dinero desde tu cuenta bancaria o obteniendo otra criptomoneda y intercambi\u00e1ndola por Wrapped NCG Coin.<br><br><\/li><li>En la plataforma, realiza una b\u00fasqueda de Wrapped NCG Coin y luego haz un pedido para comprarlo usando el dinero en tu cuenta. Debes especificar la cantidad y el precio de Wrapped ncg Coin que deseas comprar.<br><br><\/li><li>Tu Wrapped ncg Coin se agregar\u00e1 a tu cuenta de la plataforma despu\u00e9s de que se complete tu pedido. Luego, si deseas m\u00e1s seguridad, puedes decidir mantenerlo all\u00ed o trasladarlo a una billetera personal.<br><br><\/li><li>Dado que el valor de las criptomonedas est\u00e1 sujeto a fluctuaciones considerables, es crucial tener esto en cuenta y realizar tus propias investigaciones antes de realizar cualquier compra.<\/li><\/ol>\n\n\n\n<figure class=\"wp-block-embed is-type-video is-provider-youtube wp-block-embed-youtube wp-embed-aspect-16-9 wp-has-aspect-ratio\"><div class=\"wp-block-embed__wrapper\">\n<iframe title=\"Nine Chronicles Chapter 3 --- $WNCG &amp; $NCG --- Sustainable Economy And Enhanced Gaming Experience\" width=\"800\" height=\"450\" src=\"https:\/\/www.youtube.com\/embed\/tUE_JFcOmmY?feature=oembed\" frameborder=\"0\" allow=\"accelerometer; autoplay; clipboard-write; encrypted-media; gyroscope; picture-in-picture; web-share\" allowfullscreen><\/iframe>\n<\/div><\/figure>\n\n\n\n<h2 class=\"wp-block-heading\">Impuestos sobre la compra de monedas Wrapped NCG en el Reino Unido<\/h2>\n\n\n\n<p>Es crucial conocer las consecuencias fiscales de la compra de Wrapped ncg Coin en el Reino Unido, al igual que con cualquier otra inversi\u00f3n. En el Reino Unido, la tributaci\u00f3n sobre ganancias de capital se aplica com\u00fanmente a los ingresos de la venta de criptomonedas. Por lo tanto, es posible que tengas que pagar impuestos sobre cualquier ganancia obtenida de la venta de Wrapped ncg Coin si obtienes una ganancia. Tu tasa fiscal personal y el tiempo que tengas Wrapped ncg Coin son solo dos de las variables que determinar\u00e1n la cantidad exacta de impuestos que tendr\u00e1s que pagar. Para comprender completamente tus requisitos fiscales individuales, es crucial hablar con un experto fiscal o verificar las instrucciones del gobierno del Reino Unido sobre la tributaci\u00f3n sobre ganancias de capital.<\/p>\n\n\n\n<h2 class=\"wp-block-heading\">Conclusi\u00f3n<\/h2>\n\n\n\n<p>A trav\u00e9s de una plataforma de criptomonedas confiable, la compra de monedas NCG envolventes en el Reino Unido es un proceso sencillo. La moneda NCG envolvente, una stablecoin creada en la red Ethereum, est\u00e1 destinada a mantener un valor constante en relaci\u00f3n con el d\u00f3lar estadounidense. Es ampliamente reconocida, conocida por su seguridad y permite transacciones r\u00e1pidas y asequibles. Al comprar la moneda NCG envolvente en el Reino Unido, es crucial entender las implicaciones fiscales y, si es necesario, obtener consejo de un experto fiscal.<\/p>\n\n\n\n<!-- Page-list plugin v.5.9 wordpress.org\/plugins\/page-list\/ -->\n<ul class=\"page-list siblings-page-list \">\n<li class=\"page_item page-item-20717\"><a href=\"https:\/\/allin1bitcoins.com\/es\/crypto\/wrapped-ncg\/debit-card\/\">C\u00f3mo Comprar Wrapped NCG (WNCG) Con Una Tarjeta De D\u00e9bito<\/a><\/li>\n<li class=\"page_item page-item-20573\"><a href=\"https:\/\/allin1bitcoins.com\/es\/crypto\/wrapped-ncg\/australia\/\">C\u00f3mo Comprar Wrapped NCG (WNCG) En Australia<\/a><\/li>\n<li class=\"page_item page-item-20562\"><a href=\"https:\/\/allin1bitcoins.com\/es\/crypto\/wrapped-ncg\/canada\/\">C\u00f3mo Comprar Wrapped NCG (WNCG) En Canad\u00e1<\/a><\/li>\n<li class=\"page_item page-item-20552\"><a href=\"https:\/\/allin1bitcoins.com\/es\/crypto\/wrapped-ncg\/united-kingdom\/\">C\u00f3mo Comprar Wrapped NCG (WNCG) En El Reino Unido<\/a><\/li>\n<li class=\"page_item page-item-20596\"><a href=\"https:\/\/allin1bitcoins.com\/es\/crypto\/wrapped-ncg\/united-states\/\">C\u00f3mo Comprar Wrapped NCG (WNCG) En Los Estados Unidos<\/a><\/li>\n<li class=\"page_item page-item-20608\"><a href=\"https:\/\/allin1bitcoins.com\/es\/crypto\/wrapped-ncg\/paypal\/\">C\u00f3mo Comprar Wrapped-NCG (WNCG) Con PayPal<\/a><\/li>\n<li class=\"page_item page-item-20735\"><a href=\"https:\/\/allin1bitcoins.com\/es\/crypto\/wrapped-ncg\/bank-account\/\">C\u00f3mo Comprar Wrapped-NCG (WNCG) Con Una Cuenta Bancaria<\/a><\/li>\n<li class=\"page_item page-item-20684\"><a href=\"https:\/\/allin1bitcoins.com\/es\/crypto\/wrapped-ncg\/credit-card\/\">C\u00f3mo Comprar Wrapped-NCG (WNCG) Con Una Tarjeta De Cr\u00e9dito<\/a><\/li>\n\n<\/ul>\n","protected":false},"excerpt":{"rendered":"<p>Ventajas de la compra de monedas NCG en Wraps Estabilidad de valor: Wrapped ncg Coin es una stablecoin, lo que significa que su valor en relaci\u00f3n al d\u00f3lar estadounidense debe permanecer constante. Dado que es menos vol\u00e1til que otras criptomonedas, puede ser una opci\u00f3n viable para los inversores. Transacciones r\u00e1pidas y asequibles: Wrapped ncg Coin&#8230;<\/p>\n","protected":false},"author":5,"featured_media":15824,"parent":20509,"menu_order":0,"comment_status":"closed","ping_status":"closed","template":"","meta":{"cybocfi_hide_featured_image":"","footnotes":""},"acf":[],"yoast_head":"<!-- This site is optimized with the Yoast SEO plugin v21.7 - https:\/\/yoast.com\/wordpress\/plugins\/seo\/ -->\n<title>C\u00f3mo Comprar Wrapped NCG (WNCG) En El Reino Unido<\/title>\n<meta name=\"description\" content=\"A trav\u00e9s de una exchange de criptomonedas confiable, comprar monedas NCG envueltas en el Reino Unido es un proceso sencillo.\" \/>\n<meta name=\"robots\" content=\"index, follow, max-snippet:-1, max-image-preview:large, max-video-preview:-1\" \/>\n<link rel=\"canonical\" href=\"https:\/\/allin1bitcoins.com\/es\/crypto\/wrapped-ncg\/united-kingdom\/\" \/>\n<meta property=\"og:locale\" content=\"es_ES\" \/>\n<meta property=\"og:type\" content=\"article\" \/>\n<meta property=\"og:title\" content=\"C\u00f3mo Comprar Wrapped NCG (WNCG) En El Reino Unido\" \/>\n<meta property=\"og:description\" content=\"A trav\u00e9s de una exchange de criptomonedas confiable, comprar monedas NCG envueltas en el Reino Unido es un proceso sencillo.\" \/>\n<meta property=\"og:url\" content=\"https:\/\/allin1bitcoins.com\/es\/crypto\/wrapped-ncg\/united-kingdom\/\" \/>\n<meta property=\"og:site_name\" content=\"Allin1Bitcoins\" \/>\n<meta property=\"article:modified_time\" content=\"2023-02-06T10:37:00+00:00\" \/>\n<meta property=\"og:image\" content=\"https:\/\/allin1bitcoins.com\/wp-content\/uploads\/2023\/01\/chris-robert-xybVWMjNNYU-unsplash-1.jpg\" \/>\n\t<meta property=\"og:image:width\" content=\"1920\" \/>\n\t<meta property=\"og:image:height\" content=\"1280\" \/>\n\t<meta property=\"og:image:type\" content=\"image\/jpeg\" \/>\n<meta name=\"twitter:card\" content=\"summary_large_image\" \/>\n<meta name=\"twitter:label1\" content=\"Est. reading time\" \/>\n\t<meta name=\"twitter:data1\" content=\"3 minutes\" \/>\n<!-- \/ Yoast SEO plugin. -->","yoast_head_json":{"title":"C\u00f3mo Comprar Wrapped NCG (WNCG) En El Reino Unido","description":"A trav\u00e9s de una exchange de criptomonedas confiable, comprar monedas NCG envueltas en el Reino Unido es un proceso sencillo.","robots":{"index":"index","follow":"follow","max-snippet":"max-snippet:-1","max-image-preview":"max-image-preview:large","max-video-preview":"max-video-preview:-1"},"canonical":"https:\/\/allin1bitcoins.com\/es\/crypto\/wrapped-ncg\/united-kingdom\/","og_locale":"es_ES","og_type":"article","og_title":"C\u00f3mo Comprar Wrapped NCG (WNCG) En El Reino Unido","og_description":"A trav\u00e9s de una exchange de criptomonedas confiable, comprar monedas NCG envueltas en el Reino Unido es un proceso sencillo.","og_url":"https:\/\/allin1bitcoins.com\/es\/crypto\/wrapped-ncg\/united-kingdom\/","og_site_name":"Allin1Bitcoins","article_modified_time":"2023-02-06T10:37:00+00:00","og_image":[{"width":1920,"height":1280,"url":"https:\/\/allin1bitcoins.com\/wp-content\/uploads\/2023\/01\/chris-robert-xybVWMjNNYU-unsplash-1.jpg","type":"image\/jpeg"}],"twitter_card":"summary_large_image","twitter_misc":{"Est. reading time":"3 minutes"},"schema":{"@context":"https:\/\/schema.org","@graph":[{"@type":"WebPage","@id":"https:\/\/allin1bitcoins.com\/es\/crypto\/wrapped-ncg\/united-kingdom\/","url":"https:\/\/allin1bitcoins.com\/es\/crypto\/wrapped-ncg\/united-kingdom\/","name":"C\u00f3mo Comprar Wrapped NCG (WNCG) En El Reino Unido","isPartOf":{"@id":"https:\/\/allin1bitcoins.com\/es\/#website"},"datePublished":"2023-02-06T10:36:55+00:00","dateModified":"2023-02-06T10:37:00+00:00","description":"A trav\u00e9s de una exchange de criptomonedas confiable, comprar monedas NCG envueltas en el Reino Unido es un proceso sencillo.","breadcrumb":{"@id":"https:\/\/allin1bitcoins.com\/es\/crypto\/wrapped-ncg\/united-kingdom\/#breadcrumb"},"inLanguage":"es","potentialAction":[{"@type":"ReadAction","target":["https:\/\/allin1bitcoins.com\/es\/crypto\/wrapped-ncg\/united-kingdom\/"]}]},{"@type":"BreadcrumbList","@id":"https:\/\/allin1bitcoins.com\/es\/crypto\/wrapped-ncg\/united-kingdom\/#breadcrumb","itemListElement":[{"@type":"ListItem","position":1,"name":"Home","item":"https:\/\/allin1bitcoins.com\/es\/"},{"@type":"ListItem","position":2,"name":"Cripto","item":"https:\/\/allin1bitcoins.com\/es\/crypto\/"},{"@type":"ListItem","position":3,"name":"C\u00f3mo Comprar Wrapped NCG (WNCG) &#8211; Gu\u00eda Paso a Paso 2023","item":"https:\/\/allin1bitcoins.com\/es\/crypto\/wrapped-ncg\/"},{"@type":"ListItem","position":4,"name":"C\u00f3mo Comprar Wrapped NCG (WNCG) En El Reino Unido"}]},{"@type":"WebSite","@id":"https:\/\/allin1bitcoins.com\/es\/#website","url":"https:\/\/allin1bitcoins.com\/es\/","name":"Allin1Bitcoins","description":"","publisher":{"@id":"https:\/\/allin1bitcoins.com\/es\/#organization"},"potentialAction":[{"@type":"SearchAction","target":{"@type":"EntryPoint","urlTemplate":"https:\/\/allin1bitcoins.com\/es\/?s={search_term_string}"},"query-input":"required name=search_term_string"}],"inLanguage":"es"},{"@type":"Organization","@id":"https:\/\/allin1bitcoins.com\/es\/#organization","name":"allin1bitcoins","url":"https:\/\/allin1bitcoins.com\/es\/","logo":{"@type":"ImageObject","inLanguage":"es","@id":"https:\/\/allin1bitcoins.com\/es\/#\/schema\/logo\/image\/","url":"https:\/\/allin1bitcoins.com\/wp-content\/uploads\/2019\/01\/logo-new.png","contentUrl":"https:\/\/allin1bitcoins.com\/wp-content\/uploads\/2019\/01\/logo-new.png","width":178,"height":71,"caption":"allin1bitcoins"},"image":{"@id":"https:\/\/allin1bitcoins.com\/es\/#\/schema\/logo\/image\/"}}]}},"_links":{"self":[{"href":"https:\/\/allin1bitcoins.com\/es\/wp-json\/wp\/v2\/pages\/20552"}],"collection":[{"href":"https:\/\/allin1bitcoins.com\/es\/wp-json\/wp\/v2\/pages"}],"about":[{"href":"https:\/\/allin1bitcoins.com\/es\/wp-json\/wp\/v2\/types\/page"}],"author":[{"embeddable":true,"href":"https:\/\/allin1bitcoins.com\/es\/wp-json\/wp\/v2\/users\/5"}],"replies":[{"embeddable":true,"href":"https:\/\/allin1bitcoins.com\/es\/wp-json\/wp\/v2\/comments?post=20552"}],"version-history":[{"count":1,"href":"https:\/\/allin1bitcoins.com\/es\/wp-json\/wp\/v2\/pages\/20552\/revisions"}],"predecessor-version":[{"id":20553,"href":"https:\/\/allin1bitcoins.com\/es\/wp-json\/wp\/v2\/pages\/20552\/revisions\/20553"}],"up":[{"embeddable":true,"href":"https:\/\/allin1bitcoins.com\/es\/wp-json\/wp\/v2\/pages\/20509"}],"wp:featuredmedia":[{"embeddable":true,"href":"https:\/\/allin1bitcoins.com\/es\/wp-json\/wp\/v2\/media\/15824"}],"wp:attachment":[{"href":"https:\/\/allin1bitcoins.com\/es\/wp-json\/wp\/v2\/media?parent=20552"}],"curies":[{"name":"wp","href":"https:\/\/api.w.org\/{rel}","templated":true}]}}