{"id":20562,"date":"2023-02-06T11:16:17","date_gmt":"2023-02-06T11:16:17","guid":{"rendered":"https:\/\/allin1bitcoins.com\/?page_id=20562"},"modified":"2023-02-06T11:16:21","modified_gmt":"2023-02-06T11:16:21","slug":"canada","status":"publish","type":"page","link":"https:\/\/allin1bitcoins.com\/es\/crypto\/wrapped-ncg\/canada\/","title":{"rendered":"C\u00f3mo Comprar Wrapped NCG (WNCG) En Canad\u00e1"},"content":{"rendered":"\n<h2 class=\"wp-block-heading\">En Canad\u00e1, puedes comprar monedas Wrapped NCG siguiendo estos sencillos pasos:<\/h2>\n\n\n\n<ul><li>Busca una plataforma de criptomonedas confiable que acepte Wrapped NCG. Abre un perfil en la plataforma.<br><br><\/li><li>Al proporcionar los detalles financieros y personales requeridos, puedes confirmar tu identificaci\u00f3n.<br><br><\/li><li>Deposita en tu cuenta con una tarjeta de cr\u00e9dito\/d\u00e9bito o una transferencia bancaria en d\u00f3lares canadienses y haz un pedido para comprar Wrapped NCG.<br><br><\/li><li>Retira la moneda Wrapped NCG y col\u00f3cala en tu propia billetera de criptomonedas.<\/li><\/ul>\n\n\n\n<h2 class=\"wp-block-heading\">Resumen de Moneda en un Envoltorio<\/h2>\n\n\n\n<p>Un activo digital llamado Wrapped ncg Coin est\u00e1 basado en la blockchain de Ethereum. Es un tipo de token que representa una unidad de valor y se puede vender en sitios web que negocian en criptomonedas. Al estar &#8220;envuelta&#8221; en torno a otra criptomoneda, en particular ncg Coin, hace que Wrapped ncg Coin sea especial. Por lo tanto, el valor de Wrapped ncg Coin depende del valor de ncg Coin y est\u00e1 respaldado por una cantidad espec\u00edfica de ncg Coin.<\/p>\n\n\n\n<p>Dado que ncg Coin no es nativo de la plataforma Ethereum, se desarroll\u00f3 Wrapped ncg Coin para permitir que ncg Coin se utilice en la red Ethereum. Ahora los usuarios pueden utilizar ncg Coin en plataformas basadas en Ethereum, incluyendo intercambios descentralizados (DEX) y aplicaciones de contratos inteligentes, ya que ha sido envuelta en una forma que es interoperable con Ethereum.<\/p>\n\n\n\n<h2 class=\"wp-block-heading\">Ventajas de comprar monedas Wrapped ncg<\/h2>\n\n\n\n<p><strong>Podr\u00edas estar interesado en comprar Wrapped ncg Coin por las siguientes razones:<\/strong><\/p>\n\n\n\n<ul><li><strong>Portabilidad: <\/strong>Wrapped ncg Coin es m\u00e1s portable que ncg Coin, que no es un token nativo de Ethereum, ya que se puede mover y negociar con facilidad en plataformas basadas en Ethereum.<br><br><\/li><li><strong>Flexibilidad: <\/strong>Wrapped ncg Coin se puede usar de muchas maneras en Ethereum, incluyendo participar en protocolos de finanzas descentralizadas (DeFi) y votar para decisiones administrativas. Wrapped ncg Coin es m\u00e1s l\u00edquido que ncg Coin ya que es f\u00e1cil de comprar y vender en plataformas de criptomonedas.<\/li><\/ul>\n\n\n\n<h2 class=\"wp-block-heading\">Instrucciones detalladas sobre c\u00f3mo envolver una moneda NCG en Canada<\/h2>\n\n\n\n<p><strong>Una gu\u00eda paso a paso sobre c\u00f3mo comprar monedas NCG envolvidas en Canada se proporciona a continuaci\u00f3n:<\/strong><\/p>\n\n\n\n<ol><li>Busca un intercambio de criptomonedas confiable que acepte la moneda NCG envolvida. Coinbase, Binance y Kraken son algunas opciones populares.<br><br><\/li><li>Abre un perfil en el intercambio. Proporcionar algunos detalles personales y financieros, como tu nombre, direcci\u00f3n de correo electr\u00f3nico e identificaci\u00f3n emitida por el gobierno, suele ser necesario.<br><br><\/li><li>Establece tu identidad. La mayor\u00eda de los intercambios exigen verificaci\u00f3n de identidad antes de permitirte comprar monedas NCG envolvidas. Subir una copia de tu identificaci\u00f3n y una prueba de direcci\u00f3n es a menudo la forma de hacerlo.<br><br><\/li><li>Haz un dep\u00f3sito en tu cuenta en d\u00f3lares canadienses. Una transferencia bancaria o una tarjeta de cr\u00e9dito \/ d\u00e9bito podr\u00edan utilizarse para esto.<br><br><\/li><li>Usa tus d\u00f3lares canadienses para buscar monedas NCG envolvidas y realiza una orden de compra. Tu transacci\u00f3n ser\u00e1 facilitada por el intercambio, que te emparejar\u00e1 instant\u00e1neamente con un vendedor.<br><br><\/li><li>Toma la moneda NCG envolvida y col\u00f3cala en tu propia billetera de criptomonedas. Dado que los intercambios son susceptibles a hackeos, suele ser una buena idea almacenar tus activos digitales en una billetera personal en lugar de en una.<\/li><\/ol>\n\n\n\n<figure class=\"wp-block-embed is-type-video is-provider-youtube wp-block-embed-youtube wp-embed-aspect-16-9 wp-has-aspect-ratio\"><div class=\"wp-block-embed__wrapper\">\n<iframe title=\"$WNCG - Wrapped NCG TOKEN - WNCG ALTCOIN - NINE CHRONICLES ETH BRIDGE GOLD - 9 CHRONICLE CRYPTO APP\" width=\"800\" height=\"450\" src=\"https:\/\/www.youtube.com\/embed\/hPpFWXjoPW0?feature=oembed\" frameborder=\"0\" allow=\"accelerometer; autoplay; clipboard-write; encrypted-media; gyroscope; picture-in-picture; web-share\" allowfullscreen><\/iframe>\n<\/div><\/figure>\n\n\n\n<h2 class=\"wp-block-heading\">Comprar monedas NCG envolvidas en el impuesto de Canad\u00e1<\/h2>\n\n\n\n<p>Dependiendo de c\u00f3mo lo uses, la compra de monedas NCG envolvidas en Canad\u00e1 puede tener implicaciones fiscales. Podr\u00edas tener que pagar impuestos sobre ganancias de capital si compras monedas NCG envolvidas como una inversi\u00f3n y las mantienes durante mucho tiempo antes de venderlas. La ganancia que obtienes cuando vendes un activo por m\u00e1s de lo que lo compraste est\u00e1 sujeta a impuestos sobre ganancias de capital. En Canad\u00e1, se aplica un impuesto sobre ganancias de capital del 50%.<\/p>\n\n\n\n<p>Sin embargo, se te puede cobrar el Impuesto sobre Bienes y Servicios (GST) o el Impuesto de Venta Harmonizado (HST) si compras la Moneda NCG envuelta con la intenci\u00f3n de usarla como forma de pago, como para bienes y servicios. Esto se debe a que las transacciones de bitcoin son vistas por la Agencia de Ingresos del Canad\u00e1 (CRA) como suministros sujetos a impuestos. Es importante tener en cuenta que el tratamiento fiscal de las monedas NCG envueltas est\u00e1 en constante evoluci\u00f3n y puede cambiar dependiendo de su situaci\u00f3n individual. Para obtener m\u00e1s informaci\u00f3n, siempre es una buena idea hablar con un experto en impuestos o con la CRA.<\/p>\n\n\n\n<h2 class=\"wp-block-heading\">Conclusi\u00f3n<\/h2>\n\n\n\n<p>Si sigues las instrucciones en este post, la compra de monedas NCG envueltas en Canad\u00e1 es bastante sencilla. Puedes comprar y poseer con seguridad la Moneda NCG envuelta en Canad\u00e1 utilizando una plataforma de criptomonedas confiable, confirmando tu identidad y manteniendo tus monedas en una billetera personal. Sin embargo, es crucial estar consciente de cualquier posible implicaci\u00f3n fiscal asociada con la compra y uso de la Moneda NCG envuelta en Canad\u00e1.<\/p>\n\n\n\n<!-- Page-list plugin v.5.9 wordpress.org\/plugins\/page-list\/ -->\n<ul class=\"page-list siblings-page-list \">\n<li class=\"page_item page-item-20717\"><a href=\"https:\/\/allin1bitcoins.com\/es\/crypto\/wrapped-ncg\/debit-card\/\">C\u00f3mo Comprar Wrapped NCG (WNCG) Con Una Tarjeta De D\u00e9bito<\/a><\/li>\n<li class=\"page_item page-item-20573\"><a href=\"https:\/\/allin1bitcoins.com\/es\/crypto\/wrapped-ncg\/australia\/\">C\u00f3mo Comprar Wrapped NCG (WNCG) En Australia<\/a><\/li>\n<li class=\"page_item page-item-20562\"><a href=\"https:\/\/allin1bitcoins.com\/es\/crypto\/wrapped-ncg\/canada\/\">C\u00f3mo Comprar Wrapped NCG (WNCG) En Canad\u00e1<\/a><\/li>\n<li class=\"page_item page-item-20552\"><a href=\"https:\/\/allin1bitcoins.com\/es\/crypto\/wrapped-ncg\/united-kingdom\/\">C\u00f3mo Comprar Wrapped NCG (WNCG) En El Reino Unido<\/a><\/li>\n<li class=\"page_item page-item-20596\"><a href=\"https:\/\/allin1bitcoins.com\/es\/crypto\/wrapped-ncg\/united-states\/\">C\u00f3mo Comprar Wrapped NCG (WNCG) En Los Estados Unidos<\/a><\/li>\n<li class=\"page_item page-item-20608\"><a href=\"https:\/\/allin1bitcoins.com\/es\/crypto\/wrapped-ncg\/paypal\/\">C\u00f3mo Comprar Wrapped-NCG (WNCG) Con PayPal<\/a><\/li>\n<li class=\"page_item page-item-20735\"><a href=\"https:\/\/allin1bitcoins.com\/es\/crypto\/wrapped-ncg\/bank-account\/\">C\u00f3mo Comprar Wrapped-NCG (WNCG) Con Una Cuenta Bancaria<\/a><\/li>\n<li class=\"page_item page-item-20684\"><a href=\"https:\/\/allin1bitcoins.com\/es\/crypto\/wrapped-ncg\/credit-card\/\">C\u00f3mo Comprar Wrapped-NCG (WNCG) Con Una Tarjeta De Cr\u00e9dito<\/a><\/li>\n\n<\/ul>\n","protected":false},"excerpt":{"rendered":"<p>En Canad\u00e1, puedes comprar monedas Wrapped NCG siguiendo estos sencillos pasos: Busca una plataforma de criptomonedas confiable que acepte Wrapped NCG. Abre un perfil en la plataforma. Al proporcionar los detalles financieros y personales requeridos, puedes confirmar tu identificaci\u00f3n. Deposita en tu cuenta con una tarjeta de cr\u00e9dito\/d\u00e9bito o una transferencia bancaria en d\u00f3lares canadienses&#8230;<\/p>\n","protected":false},"author":5,"featured_media":15671,"parent":20509,"menu_order":0,"comment_status":"closed","ping_status":"closed","template":"","meta":{"cybocfi_hide_featured_image":"","footnotes":""},"acf":[],"yoast_head":"<!-- This site is optimized with the Yoast SEO plugin v21.7 - https:\/\/yoast.com\/wordpress\/plugins\/seo\/ -->\n<title>C\u00f3mo Comprar Wrapped NCG (WNCG) En Canad\u00e1<\/title>\n<meta name=\"description\" content=\"Si sigues las instrucciones en este post, la compra de monedas NCG envueltas en Canad\u00e1 es bastante sencilla.\" \/>\n<meta name=\"robots\" content=\"index, follow, max-snippet:-1, max-image-preview:large, max-video-preview:-1\" \/>\n<link rel=\"canonical\" href=\"https:\/\/allin1bitcoins.com\/es\/crypto\/wrapped-ncg\/canada\/\" \/>\n<meta property=\"og:locale\" content=\"es_ES\" \/>\n<meta property=\"og:type\" content=\"article\" \/>\n<meta property=\"og:title\" content=\"C\u00f3mo Comprar Wrapped NCG (WNCG) En Canad\u00e1\" \/>\n<meta property=\"og:description\" content=\"Si sigues las instrucciones en este post, la compra de monedas NCG envueltas en Canad\u00e1 es bastante sencilla.\" \/>\n<meta property=\"og:url\" content=\"https:\/\/allin1bitcoins.com\/es\/crypto\/wrapped-ncg\/canada\/\" \/>\n<meta property=\"og:site_name\" content=\"Allin1Bitcoins\" \/>\n<meta property=\"article:modified_time\" content=\"2023-02-06T11:16:21+00:00\" \/>\n<meta property=\"og:image\" content=\"https:\/\/allin1bitcoins.com\/wp-content\/uploads\/2023\/01\/behnam-norouzi-r3WlSS57plg-unsplash-scaled.jpg\" \/>\n\t<meta property=\"og:image:width\" content=\"1684\" \/>\n\t<meta property=\"og:image:height\" content=\"2560\" \/>\n\t<meta property=\"og:image:type\" content=\"image\/jpeg\" \/>\n<meta name=\"twitter:card\" content=\"summary_large_image\" \/>\n<meta name=\"twitter:label1\" content=\"Est. reading time\" \/>\n\t<meta name=\"twitter:data1\" content=\"4 minutes\" \/>\n<!-- \/ Yoast SEO plugin. -->","yoast_head_json":{"title":"C\u00f3mo Comprar Wrapped NCG (WNCG) En Canad\u00e1","description":"Si sigues las instrucciones en este post, la compra de monedas NCG envueltas en Canad\u00e1 es bastante sencilla.","robots":{"index":"index","follow":"follow","max-snippet":"max-snippet:-1","max-image-preview":"max-image-preview:large","max-video-preview":"max-video-preview:-1"},"canonical":"https:\/\/allin1bitcoins.com\/es\/crypto\/wrapped-ncg\/canada\/","og_locale":"es_ES","og_type":"article","og_title":"C\u00f3mo Comprar Wrapped NCG (WNCG) En Canad\u00e1","og_description":"Si sigues las instrucciones en este post, la compra de monedas NCG envueltas en Canad\u00e1 es bastante sencilla.","og_url":"https:\/\/allin1bitcoins.com\/es\/crypto\/wrapped-ncg\/canada\/","og_site_name":"Allin1Bitcoins","article_modified_time":"2023-02-06T11:16:21+00:00","og_image":[{"width":1684,"height":2560,"url":"https:\/\/allin1bitcoins.com\/wp-content\/uploads\/2023\/01\/behnam-norouzi-r3WlSS57plg-unsplash-scaled.jpg","type":"image\/jpeg"}],"twitter_card":"summary_large_image","twitter_misc":{"Est. reading time":"4 minutes"},"schema":{"@context":"https:\/\/schema.org","@graph":[{"@type":"WebPage","@id":"https:\/\/allin1bitcoins.com\/es\/crypto\/wrapped-ncg\/canada\/","url":"https:\/\/allin1bitcoins.com\/es\/crypto\/wrapped-ncg\/canada\/","name":"C\u00f3mo Comprar Wrapped NCG (WNCG) En Canad\u00e1","isPartOf":{"@id":"https:\/\/allin1bitcoins.com\/es\/#website"},"datePublished":"2023-02-06T11:16:17+00:00","dateModified":"2023-02-06T11:16:21+00:00","description":"Si sigues las instrucciones en este post, la compra de monedas NCG envueltas en Canad\u00e1 es bastante sencilla.","breadcrumb":{"@id":"https:\/\/allin1bitcoins.com\/es\/crypto\/wrapped-ncg\/canada\/#breadcrumb"},"inLanguage":"es","potentialAction":[{"@type":"ReadAction","target":["https:\/\/allin1bitcoins.com\/es\/crypto\/wrapped-ncg\/canada\/"]}]},{"@type":"BreadcrumbList","@id":"https:\/\/allin1bitcoins.com\/es\/crypto\/wrapped-ncg\/canada\/#breadcrumb","itemListElement":[{"@type":"ListItem","position":1,"name":"Home","item":"https:\/\/allin1bitcoins.com\/es\/"},{"@type":"ListItem","position":2,"name":"Cripto","item":"https:\/\/allin1bitcoins.com\/es\/crypto\/"},{"@type":"ListItem","position":3,"name":"C\u00f3mo Comprar Wrapped NCG (WNCG) &#8211; Gu\u00eda Paso a Paso 2023","item":"https:\/\/allin1bitcoins.com\/es\/crypto\/wrapped-ncg\/"},{"@type":"ListItem","position":4,"name":"C\u00f3mo Comprar Wrapped NCG (WNCG) En Canad\u00e1"}]},{"@type":"WebSite","@id":"https:\/\/allin1bitcoins.com\/es\/#website","url":"https:\/\/allin1bitcoins.com\/es\/","name":"Allin1Bitcoins","description":"","publisher":{"@id":"https:\/\/allin1bitcoins.com\/es\/#organization"},"potentialAction":[{"@type":"SearchAction","target":{"@type":"EntryPoint","urlTemplate":"https:\/\/allin1bitcoins.com\/es\/?s={search_term_string}"},"query-input":"required name=search_term_string"}],"inLanguage":"es"},{"@type":"Organization","@id":"https:\/\/allin1bitcoins.com\/es\/#organization","name":"allin1bitcoins","url":"https:\/\/allin1bitcoins.com\/es\/","logo":{"@type":"ImageObject","inLanguage":"es","@id":"https:\/\/allin1bitcoins.com\/es\/#\/schema\/logo\/image\/","url":"https:\/\/allin1bitcoins.com\/wp-content\/uploads\/2019\/01\/logo-new.png","contentUrl":"https:\/\/allin1bitcoins.com\/wp-content\/uploads\/2019\/01\/logo-new.png","width":178,"height":71,"caption":"allin1bitcoins"},"image":{"@id":"https:\/\/allin1bitcoins.com\/es\/#\/schema\/logo\/image\/"}}]}},"_links":{"self":[{"href":"https:\/\/allin1bitcoins.com\/es\/wp-json\/wp\/v2\/pages\/20562"}],"collection":[{"href":"https:\/\/allin1bitcoins.com\/es\/wp-json\/wp\/v2\/pages"}],"about":[{"href":"https:\/\/allin1bitcoins.com\/es\/wp-json\/wp\/v2\/types\/page"}],"author":[{"embeddable":true,"href":"https:\/\/allin1bitcoins.com\/es\/wp-json\/wp\/v2\/users\/5"}],"replies":[{"embeddable":true,"href":"https:\/\/allin1bitcoins.com\/es\/wp-json\/wp\/v2\/comments?post=20562"}],"version-history":[{"count":1,"href":"https:\/\/allin1bitcoins.com\/es\/wp-json\/wp\/v2\/pages\/20562\/revisions"}],"predecessor-version":[{"id":20564,"href":"https:\/\/allin1bitcoins.com\/es\/wp-json\/wp\/v2\/pages\/20562\/revisions\/20564"}],"up":[{"embeddable":true,"href":"https:\/\/allin1bitcoins.com\/es\/wp-json\/wp\/v2\/pages\/20509"}],"wp:featuredmedia":[{"embeddable":true,"href":"https:\/\/allin1bitcoins.com\/es\/wp-json\/wp\/v2\/media\/15671"}],"wp:attachment":[{"href":"https:\/\/allin1bitcoins.com\/es\/wp-json\/wp\/v2\/media?parent=20562"}],"curies":[{"name":"wp","href":"https:\/\/api.w.org\/{rel}","templated":true}]}}